{"id":5505,"date":"2024-11-28T14:51:15","date_gmt":"2024-11-28T06:51:15","guid":{"rendered":"https:\/\/www.hnhlcrane.com\/?post_type=product&#038;p=5505"},"modified":"2025-09-10T10:52:52","modified_gmt":"2025-09-10T02:52:52","slug":"wjk-kiskoklipsit","status":"publish","type":"product","link":"https:\/\/www.hnhlcrane.com\/fi\/tuote\/wjk-kiskoklipsit\/","title":{"rendered":"WJK Rail Clips"},"content":{"rendered":"<h6><strong><span style=\"font-family: arial, helvetica, sans-serif; font-size: 18pt;\">WJK Rail Clipsin ominaisuudet<\/span><\/strong><\/h6>\n<p>WJK-kiskokiinnikkeet on suunniteltu ter\u00e4spalkkeihin, ja niiden nostokapasiteetti on 350 tonnia sarjaa kohti, ja ne koostuvat yhteens\u00e4 seitsem\u00e4st\u00e4 osasta.<\/p>\n<ol>\n<li><span style=\"font-size: 14pt;\"><strong>Pohjalevyn hitsaus<\/strong>:<\/span><br \/>\nWJK-peruslevy hitsataan ter\u00e4snosturipalkin laippaan joko kolmen puolen ymp\u00e4r\u00f6ivill\u00e4 hitseill\u00e4 tai kahden puolen sivuhitseill\u00e4. T\u00e4ll\u00e4 kokoonpanolla varmistetaan, ett\u00e4 nosturin vaakasuora sivuttaisvoima siirtyy tasaisesti nosturipalkkiin. Lis\u00e4ksi se eliminoi laipan liiallisesta porauksesta johtuvan rakenteellisen heikkenemisen ja parantaa siten merkitt\u00e4v\u00e4sti nosturipalkin poikkileikkauksen kantavuutta.<\/li>\n<li><span style=\"font-size: 14pt;\"><strong>Pallonivelen liit\u00e4nt\u00e4<\/strong>:<\/span><br \/>\nPohjalevy liitet\u00e4\u00e4n T-pultin alap\u00e4\u00e4h\u00e4n pallonivelen kautta. N\u00e4in ollen T-pultti pysyy kohtisuorassa ylemp\u00e4\u00e4n kanteen n\u00e4hden sivuttaisen voiman k\u00e4yt\u00f6n aikana ja sallii pienen kallistuksen. T\u00e4m\u00e4 rakenne lievent\u00e4\u00e4 tehokkaasti nosturin sivuttaisvaikutuksia kiskoon, nosturipalkkiin ja jarruj\u00e4rjestelm\u00e4\u00e4n, mik\u00e4 viime k\u00e4dess\u00e4 pident\u00e4\u00e4 rakenteen k\u00e4ytt\u00f6ik\u00e4\u00e4.<\/li>\n<li><span style=\"font-size: 14pt;\"><strong>Mittarin s\u00e4\u00e4t\u00f6levy<\/strong>:<\/span><br \/>\nWJK-klipseiss\u00e4 on s\u00e4\u00e4t\u00f6levy, jolla voidaan hienos\u00e4\u00e4t\u00e4\u00e4 kiskon ulottumaa. T\u00e4m\u00e4 ominaisuus parantaa asennustarkkuutta, v\u00e4hent\u00e4\u00e4 poikkeamia kiskon keskilinjassa ja sis\u00e4lt\u00e4\u00e4 kaksinkertaisen itselukittuvan mekanismin, joka est\u00e4\u00e4 irtoamisen k\u00e4yt\u00f6n aikana.<\/li>\n<li><span style=\"font-family: arial, helvetica, sans-serif; font-size: 14pt;\"><strong>Asennuksen ja huollon helppous<\/strong>:<\/span><br \/>\nT-pultit ja ylemm\u00e4t suojalevyt ovat <a href=\"https:\/\/www.hnhlcrane.com\/fi\/tuotteet\/nosturikiskon-kiinnikkeet\/\" target=\"_blank\" rel=\"noopener\">WJK-leikkeet<\/a> voidaan helposti koota ja purkaa, mik\u00e4 on eritt\u00e4in k\u00e4tev\u00e4\u00e4 rakennus- ja huoltotoimien aikana.<\/li>\n<li><span style=\"font-size: 14pt;\"><strong>Yhteensopivuus kiskon kaarevuuden kanssa<\/strong>:<\/span><br \/>\nYlempi peitelevy mukautuu kiskon poikkileikkauksen kaarevuuteen, jolloin se kiinnitt\u00e4\u00e4 kiskon tiukasti est\u00e4m\u00e4tt\u00e4 sen v\u00e4h\u00e4ist\u00e4 pituussuuntaista liikett\u00e4. T\u00e4m\u00e4 ominaisuus helpottaa my\u00f6s t\u00e4yspitkien kiskojen hitsaamista.<\/li>\n<li><span style=\"font-size: 14pt;\"><strong>Kiinte\u00e4 komponenttiv\u00e4li<\/strong>:<\/span><br \/>\nKiinteiden osien et\u00e4isyys toisistaan m\u00e4\u00e4r\u00e4ytyy nosturin nostokapasiteetin mukaan. Kuormilla \u2264275t v\u00e4li on 600 mm; kuormilla &gt;275t v\u00e4li pienenee 500 mm:iin.<\/li>\n<li><span style=\"font-size: 14pt;\"><strong>Hitsausmateriaalien yhteensopivuus<\/strong>:<\/span><br \/>\nKiinte\u00e4n osan pohja hitsataan nosturipalkkiin k\u00e4ytt\u00e4m\u00e4ll\u00e4 liitososien materiaalin kanssa yhteensopivia elektrodimalleja. Esimerkiksi Q235-ter\u00e4kselle k\u00e4ytet\u00e4\u00e4n E4303-elektrodeja ja Q345-ter\u00e4kselle E5015-elektrodeja.<\/li>\n<li><span style=\"font-size: 14pt;\"><strong>Nosturivelvollisuuteen perustuvat hitsaustyypit<\/strong>:<\/span><br \/>\nKeskiraskaissa nostureissa k\u00e4ytet\u00e4\u00e4n kahden puolen hitsaussaumoja, kun taas raskaissa (tai eritt\u00e4in raskaissa) nostureissa tarvitaan kolmen puolen ymp\u00e4r\u00f6ivi\u00e4 hitsaussaumoja.<\/li>\n<li><span style=\"font-size: 14pt;\"><strong>Pultin kiristysmomentti<\/strong>:<\/span><br \/>\nKeskiraskaiden nostureiden (Q \u2264 275t) pulttien suurin kiristysmomentti on 150 N-m. Raskaiden nostureiden osalta se on 220 N-m.<\/li>\n<li><span style=\"font-size: 14pt;\"><strong>Suurin sivuttaisvoima<\/strong>:<\/span><br \/>\nSuurin sallittu sivuttaisvoima kiskon kiinnikkeille on 45 kN.<\/li>\n<\/ol>\n<p><img fetchpriority=\"high\" decoding=\"async\" class=\"alignnone wp-image-5508\" src=\"https:\/\/www.hnhlcrane.com\/wp-content\/uploads\/2024\/11\/WJK-Rail-Clips-3-300x95.jpg\" alt=\"\" width=\"802\" height=\"254\" srcset=\"https:\/\/www.hnhlcrane.com\/wp-content\/uploads\/2024\/11\/WJK-Rail-Clips-3-300x95.jpg 300w, https:\/\/www.hnhlcrane.com\/wp-content\/uploads\/2024\/11\/WJK-Rail-Clips-3-768x242.jpg 768w, https:\/\/www.hnhlcrane.com\/wp-content\/uploads\/2024\/11\/WJK-Rail-Clips-3-600x189.jpg 600w, https:\/\/www.hnhlcrane.com\/wp-content\/uploads\/2024\/11\/WJK-Rail-Clips-3.jpg 800w\" sizes=\"(max-width: 802px) 100vw, 802px\" \/><\/p>","protected":false},"excerpt":{"rendered":"<h6><strong><span style=\"font-family: arial, helvetica, sans-serif; font-size: 14pt;\">WJK Rail Clipsin tekniset tiedot<\/span><\/strong><\/h6>\n<ul>\n<li><strong>Mallit<\/strong>: WJK-TG38, WJK-TG43, WJK-TG50, WJK-TG60, WJK-QU70, WJK-QU80, WJK-QU100, WJK-QU120.<\/li>\n<li><strong>Kiinnitysmenetelm\u00e4<\/strong>: Hitsattu pohjalevy<\/li>\n<\/ul>","protected":false},"featured_media":5506,"template":"","meta":{"_kad_post_transparent":"default","_kad_post_title":"","_kad_post_layout":"default","_kad_post_sidebar_id":"","_kad_post_content_style":"default","_kad_post_vertical_padding":"show","_kad_post_feature":"","_kad_post_feature_position":"","_kad_post_header":false,"_kad_post_footer":false},"product_brand":[],"product_cat":[83],"product_tag":[224,223,222,221,218,214,217,225,228,216,226,219,227,215,220],"class_list":{"0":"post-5505","1":"product","2":"type-product","3":"status-publish","4":"has-post-thumbnail","6":"product_cat-crane-rail-clips","7":"product_tag-05g525-rail-clips","8":"product_tag-cgbk-rail-clips","9":"product_tag-cgek-rail-clips","10":"product_tag-cgwk-rail-clips","11":"product_tag-crane-rail-clamp","12":"product_tag-crane-rail-clips","13":"product_tag-crane-rail-fixing-device","14":"product_tag-hdgy-rail-clips","15":"product_tag-rail-connection-splint","16":"product_tag-rail-fixing-device","17":"product_tag-rail-joints","18":"product_tag-swjk-rail-clips","19":"product_tag-tracks-jointing-plates","20":"product_tag-wjk-rail-clips","21":"product_tag-wjkc-rail-clips","23":"first","24":"instock","25":"shipping-taxable","26":"product-type-simple","27":"entry","28":"content-bg","29":"loop-entry"},"yoast_head":"<!-- This site is optimized with the Yoast SEO plugin v25.6 - https:\/\/yoast.com\/wordpress\/plugins\/seo\/ -->\n<title>WJK Rail Clips Manufacturer \u2013 Expert Crane Rail Fastening Solutions<\/title>\n<meta name=\"description\" content=\"WJK rail clips designed for secure crane rail attachment, vibration resistance, and long-lasting performance in overhead crane systems.\" \/>\n<meta name=\"robots\" content=\"index, follow, max-snippet:-1, max-image-preview:large, max-video-preview:-1\" \/>\n<link rel=\"canonical\" href=\"https:\/\/www.hnhlcrane.com\/fi\/tuote\/wjk-kiskoklipsit\/\" \/>\n<meta property=\"og:locale\" content=\"fi_FI\" \/>\n<meta property=\"og:type\" content=\"article\" \/>\n<meta property=\"og:title\" content=\"WJK Rail Clips Manufacturer \u2013 Expert Crane Rail Fastening Solutions\" \/>\n<meta property=\"og:description\" content=\"WJK rail clips designed for secure crane rail attachment, vibration resistance, and long-lasting performance in overhead crane systems.\" \/>\n<meta property=\"og:url\" content=\"https:\/\/www.hnhlcrane.com\/fi\/tuote\/wjk-kiskoklipsit\/\" \/>\n<meta property=\"og:site_name\" content=\"Crane Parts Supplier-HL Crame\" \/>\n<meta property=\"article:modified_time\" content=\"2025-09-10T02:52:52+00:00\" \/>\n<meta property=\"og:image\" content=\"https:\/\/www.hnhlcrane.com\/wp-content\/uploads\/2024\/11\/WJK-Rail-Clips-1.jpg\" \/>\n\t<meta property=\"og:image:width\" content=\"600\" \/>\n\t<meta property=\"og:image:height\" content=\"600\" \/>\n\t<meta property=\"og:image:type\" content=\"image\/jpeg\" \/>\n<meta name=\"twitter:card\" content=\"summary_large_image\" \/>\n<meta name=\"twitter:label1\" content=\"Arvioitu lukuaika\" \/>\n\t<meta name=\"twitter:data1\" content=\"3 minuuttia\" \/>\n<script type=\"application\/ld+json\" class=\"yoast-schema-graph\">{\"@context\":\"https:\/\/schema.org\",\"@graph\":[{\"@type\":\"WebPage\",\"@id\":\"https:\/\/www.hnhlcrane.com\/product\/wjk-rail-clips\/\",\"url\":\"https:\/\/www.hnhlcrane.com\/product\/wjk-rail-clips\/\",\"name\":\"WJK Rail Clips Manufacturer \u2013 Expert Crane Rail Fastening Solutions\",\"isPartOf\":{\"@id\":\"https:\/\/www.hnhlcrane.com\/#website\"},\"primaryImageOfPage\":{\"@id\":\"https:\/\/www.hnhlcrane.com\/product\/wjk-rail-clips\/#primaryimage\"},\"image\":{\"@id\":\"https:\/\/www.hnhlcrane.com\/product\/wjk-rail-clips\/#primaryimage\"},\"thumbnailUrl\":\"https:\/\/www.hnhlcrane.com\/wp-content\/uploads\/2024\/11\/WJK-Rail-Clips-1.jpg\",\"datePublished\":\"2024-11-28T06:51:15+00:00\",\"dateModified\":\"2025-09-10T02:52:52+00:00\",\"description\":\"WJK rail clips designed for secure crane rail attachment, vibration resistance, and long-lasting performance in overhead crane systems.\",\"breadcrumb\":{\"@id\":\"https:\/\/www.hnhlcrane.com\/product\/wjk-rail-clips\/#breadcrumb\"},\"inLanguage\":\"fi\",\"potentialAction\":[{\"@type\":\"ReadAction\",\"target\":[\"https:\/\/www.hnhlcrane.com\/product\/wjk-rail-clips\/\"]}]},{\"@type\":\"ImageObject\",\"inLanguage\":\"fi\",\"@id\":\"https:\/\/www.hnhlcrane.com\/product\/wjk-rail-clips\/#primaryimage\",\"url\":\"https:\/\/www.hnhlcrane.com\/wp-content\/uploads\/2024\/11\/WJK-Rail-Clips-1.jpg\",\"contentUrl\":\"https:\/\/www.hnhlcrane.com\/wp-content\/uploads\/2024\/11\/WJK-Rail-Clips-1.jpg\",\"width\":600,\"height\":600},{\"@type\":\"BreadcrumbList\",\"@id\":\"https:\/\/www.hnhlcrane.com\/product\/wjk-rail-clips\/#breadcrumb\",\"itemListElement\":[{\"@type\":\"ListItem\",\"position\":1,\"name\":\"home\",\"item\":\"https:\/\/www.hnhlcrane.com\/\"},{\"@type\":\"ListItem\",\"position\":2,\"name\":\"products\",\"item\":\"https:\/\/www.hnhlcrane.com\/products\/\"},{\"@type\":\"ListItem\",\"position\":3,\"name\":\"WJK Rail Clips\"}]},{\"@type\":\"WebSite\",\"@id\":\"https:\/\/www.hnhlcrane.com\/#website\",\"url\":\"https:\/\/www.hnhlcrane.com\/\",\"name\":\"Crane Parts Supplier-HL Crame\",\"description\":\"One-stop solution for all your  crane parts needs,Crane Hook,Crane Drum,Crane Wheel,Crane Coupling,Crane Gearbox,Crane Motor,Crane Brake,Special Crane Spreader,Crane grab,Container spreader,Billet crane clamps,Crane C-type spreader,Lifting Electromagnet,Crane Rail Clips,Electric Hoist,FEM Standard Crane End Carriages,Light Crane Parts,Workstation Crane Parts,Crane Electrical Parts,I-beam cable trolley,Crane remote controller,Crane electrical control cabinet,Crane limit switch,Crane sound and light alarm,Heavy Duty Aviation Connector,Crane overload limiter,China Crane Parts Supplier,Crane hooks,Gantry crane hook,Crane accessories,Forged hook,hook processing,Hook manufacturer,China standard crane hook,electric hoist hook,Crane pulley,Hook pulley,Rolled pulley,Crane Pulley Supplier\uff0cEuropean hook pulley,Gantry crane hook pulley,WZL type crane drum,European style reel set,Crane reel,crane parts,Drum processing,crane drum manufacturer,Cast steel drum,Electric hoist drum,Crane drum assembly,DRS Wheel Blocks,European crane wheel,Forged wheels,Active wheel set,Driving wheel set,Driven wheel group,crane wheels manufacturer,Demag crane wheels,Konecranes Crane Wheels,Overhead crane Wheel,Shaft couplings,Power Transmission Couplings,Disc Couplings,Fluid couplings,Coupling manufacturer\uff0cCardan coupling,Crane Reducer,Crane Decelerators,Reducer gearbox,Reducer for crane,Gear Reducer For Crane,Hard tooth surface reducerCrane and hoist reducer,Flender reducer,Reducer manufacturer,ZQ reducer,QJ reducer,QJY reducer,Gear Motors,Konecranes reducer,F series three-in-one reducer,K series three-in-one reducer,travelling machinery,Travelling Motor With Gear,Gear Motor for Crane Traveling,Travelling machinery Frequency inverter motors,FEM standard Gear Motors,Crane motors,Inverter motors,Hoist motors,motorCrane duty motors,Special motor for crane,YZR YZP YZ series motors,Crane and hoist motor,Frequency conversion motor,Electro hydraulic drum brakes,Electro-hydraulic disc brakes,Brake,Overhead Crane Brakes,Disc brakes,Electromagnetic disk brake,Crane hydraulic disc brake,Brakes manufacturer,crane Safety brakes,Singlr rope grab,Four rope grab,Electro-hydraulic multi-flap grab,Orange peel grab,Electric motor grab,Electro-Hydraulicclamshell grab,grab manufacturers,Container spreader manufacturers,20ft Container Spreader,Semi Automatic container spreader,40ft Container Lifting Frame,TEC container Spreader,Billet lifting clamp,Billet Clamps,Billet crane clamps manufacturer,billet lifting clamps china supplier,Coil C-Type Hook,coil hook,Overhead Crane Steel Coil C-Type Hook,Crane C-hook,C-type spreader,C-type hook,Crane magnets,Rail fixing device,Crane Rail fixing device,crane Rail Clamp,CD\/MD Wire Rope Electric Hoist,Wire Rope Electric Hoist China Manufacturer,Single Girder Wire Rope Electric Hoist,Double Girder Wire Rope Electric Hoist,Chain Hoist,Electric chain hoist manufacturer,Electric chain hoist China distributor,European wire rope electric hoist\uff0cEuropean double beam wire rope electric hoist,European Style Single Beam Crane End Carriage,FEN\/DIN European Style Single Beam Crane End Carriage,Crane end beam manufacturers,European style hoist double beam crane end beam,Suspension crane end beam,European style suspended single beam crane end beam,FEN\/DIN Suspension crane end beam,crane cable trolley,Wireless remote control,remote controller,Crane control handle,Crane Controls,electrical control cabinet,crane control cabinet,Limit switch,Sound and light alarm,Aviation plug,quick connector,Crane aviation plug,Overload limiter\",\"publisher\":{\"@id\":\"https:\/\/www.hnhlcrane.com\/#organization\"},\"potentialAction\":[{\"@type\":\"SearchAction\",\"target\":{\"@type\":\"EntryPoint\",\"urlTemplate\":\"https:\/\/www.hnhlcrane.com\/?s={search_term_string}\"},\"query-input\":{\"@type\":\"PropertyValueSpecification\",\"valueRequired\":true,\"valueName\":\"search_term_string\"}}],\"inLanguage\":\"fi\"},{\"@type\":\"Organization\",\"@id\":\"https:\/\/www.hnhlcrane.com\/#organization\",\"name\":\"Crane Parts Supplier-HL Crame\",\"url\":\"https:\/\/www.hnhlcrane.com\/\",\"logo\":{\"@type\":\"ImageObject\",\"inLanguage\":\"fi\",\"@id\":\"https:\/\/www.hnhlcrane.com\/#\/schema\/logo\/image\/\",\"url\":\"https:\/\/www.hnhlcrane.com\/wp-content\/uploads\/2024\/09\/logo6-1-e1733899395598.png\",\"contentUrl\":\"https:\/\/www.hnhlcrane.com\/wp-content\/uploads\/2024\/09\/logo6-1-e1733899395598.png\",\"width\":1000,\"height\":282,\"caption\":\"Crane Parts Supplier-HL Crame\"},\"image\":{\"@id\":\"https:\/\/www.hnhlcrane.com\/#\/schema\/logo\/image\/\"}}]}<\/script>\n<!-- \/ Yoast SEO plugin. -->","yoast_head_json":{"title":"WJK Rail Clips Valmistaja - Asiantuntija Nosturikiskon kiinnitysratkaisut","description":"WJK-kiskokiinnikkeet, jotka on suunniteltu nosturikiskon turvalliseen kiinnitt\u00e4miseen, t\u00e4rin\u00e4nkest\u00e4vyyteen ja pitk\u00e4aikaiseen toimintaan nosturij\u00e4rjestelmiss\u00e4.","robots":{"index":"index","follow":"follow","max-snippet":"max-snippet:-1","max-image-preview":"max-image-preview:large","max-video-preview":"max-video-preview:-1"},"canonical":"https:\/\/www.hnhlcrane.com\/fi\/tuote\/wjk-kiskoklipsit\/","og_locale":"fi_FI","og_type":"article","og_title":"WJK Rail Clips Manufacturer \u2013 Expert Crane Rail Fastening Solutions","og_description":"WJK rail clips designed for secure crane rail attachment, vibration resistance, and long-lasting performance in overhead crane systems.","og_url":"https:\/\/www.hnhlcrane.com\/fi\/tuote\/wjk-kiskoklipsit\/","og_site_name":"Crane Parts Supplier-HL Crame","article_modified_time":"2025-09-10T02:52:52+00:00","og_image":[{"width":600,"height":600,"url":"https:\/\/www.hnhlcrane.com\/wp-content\/uploads\/2024\/11\/WJK-Rail-Clips-1.jpg","type":"image\/jpeg"}],"twitter_card":"summary_large_image","twitter_misc":{"Arvioitu lukuaika":"3 minuuttia"},"schema":{"@context":"https:\/\/schema.org","@graph":[{"@type":"WebPage","@id":"https:\/\/www.hnhlcrane.com\/product\/wjk-rail-clips\/","url":"https:\/\/www.hnhlcrane.com\/product\/wjk-rail-clips\/","name":"WJK Rail Clips Valmistaja - Asiantuntija Nosturikiskon kiinnitysratkaisut","isPartOf":{"@id":"https:\/\/www.hnhlcrane.com\/#website"},"primaryImageOfPage":{"@id":"https:\/\/www.hnhlcrane.com\/product\/wjk-rail-clips\/#primaryimage"},"image":{"@id":"https:\/\/www.hnhlcrane.com\/product\/wjk-rail-clips\/#primaryimage"},"thumbnailUrl":"https:\/\/www.hnhlcrane.com\/wp-content\/uploads\/2024\/11\/WJK-Rail-Clips-1.jpg","datePublished":"2024-11-28T06:51:15+00:00","dateModified":"2025-09-10T02:52:52+00:00","description":"WJK-kiskokiinnikkeet, jotka on suunniteltu nosturikiskon turvalliseen kiinnitt\u00e4miseen, t\u00e4rin\u00e4nkest\u00e4vyyteen ja pitk\u00e4aikaiseen toimintaan nosturij\u00e4rjestelmiss\u00e4.","breadcrumb":{"@id":"https:\/\/www.hnhlcrane.com\/product\/wjk-rail-clips\/#breadcrumb"},"inLanguage":"fi","potentialAction":[{"@type":"ReadAction","target":["https:\/\/www.hnhlcrane.com\/product\/wjk-rail-clips\/"]}]},{"@type":"ImageObject","inLanguage":"fi","@id":"https:\/\/www.hnhlcrane.com\/product\/wjk-rail-clips\/#primaryimage","url":"https:\/\/www.hnhlcrane.com\/wp-content\/uploads\/2024\/11\/WJK-Rail-Clips-1.jpg","contentUrl":"https:\/\/www.hnhlcrane.com\/wp-content\/uploads\/2024\/11\/WJK-Rail-Clips-1.jpg","width":600,"height":600},{"@type":"BreadcrumbList","@id":"https:\/\/www.hnhlcrane.com\/product\/wjk-rail-clips\/#breadcrumb","itemListElement":[{"@type":"ListItem","position":1,"name":"home","item":"https:\/\/www.hnhlcrane.com\/"},{"@type":"ListItem","position":2,"name":"products","item":"https:\/\/www.hnhlcrane.com\/products\/"},{"@type":"ListItem","position":3,"name":"WJK Rail Clips"}]},{"@type":"WebSite","@id":"https:\/\/www.hnhlcrane.com\/#website","url":"https:\/\/www.hnhlcrane.com\/","name":"Nosturin osien toimittaja-HL Crame","description":"Yhden luukun ratkaisu kaikkiin nosturin osien tarpeisiin, nosturin koukku, nosturirumpu, nosturipy\u00f6r\u00e4, nosturikytkin, nosturivaihteisto, nosturimoottori, nosturijarru, erikoisnosturin levitin, nosturin koura, kontin levitin, Billet-nosturin kiinnittimet, nosturin C-tyypin levitin,Nostos\u00e4hk\u00f6magneetti,Nosturin kiskoklipsit,S\u00e4hk\u00f6inen nostin,FEM-standardin mukaiset nosturin p\u00e4\u00e4tyvaunut,Kevytnosturin osat,Ty\u00f6asemanosturin osat,Nosturin s\u00e4hk\u00f6osat,I-palkkikaapelivaunu,Nosturin kauko-ohjain,Nosturin s\u00e4hk\u00f6inen ohjauskaappi,Nosturin rajakytkin,Nosturin \u00e4\u00e4ni- ja valoh\u00e4lytys,Heavy Duty Aviation Connector,Nosturin ylikuormituksen rajoitin,Kiina Nosturin osien toimittaja,Nosturin koukut,Gantry nosturin koukku,Nosturin tarvikkeet,Taottu koukku,koukun k\u00e4sittely,koukun valmistaja,Kiina standardi nosturin koukku,s\u00e4hk\u00f6inen nosturin koukku,Nosturin hihnapy\u00f6r\u00e4,Koukku hihnapy\u00f6r\u00e4,Valssattu hihnapy\u00f6r\u00e4,Nosturin hihnapy\u00f6r\u00e4n toimittaja\uff0cEuroopan koukku hihnapy\u00f6r\u00e4,Gantry nosturin koukku hihnapy\u00f6r\u00e4,WZL-tyypin nosturin rumpu,Euroopan tyylinen kela setti,nosturin kela,nosturin osat,Rumpujen k\u00e4sittely,nosturirumpujen valmistaja,Valuter\u00e4srumpu,S\u00e4hk\u00f6k\u00e4ytt\u00f6inen nosturirumpu,Nosturirumpujen kokoonpano,DRS-py\u00f6r\u00e4lohkot,Eurooppalainen nosturipy\u00f6r\u00e4,Taotut py\u00f6r\u00e4t,Aktiivinen py\u00f6r\u00e4sarja,Ajopy\u00f6r\u00e4sarja,Ajopy\u00f6r\u00e4ryhm\u00e4,Nosturipy\u00f6rien valmistaja,Demag-nosturipy\u00f6r\u00e4t,Konecranes-nosturipy\u00f6r\u00e4t,Akseliliit\u00e4nn\u00e4t,Voimansiirtokytkimet,Kiekkoliit\u00e4nn\u00e4t,Nesteen liit\u00e4nn\u00e4t,Kytkent\u00e4valmistaja\uff0cKardaanikytkent\u00e4,Nosturin v\u00e4hennys,Nosturin hidastimet,Reducer gearbox,Reducer for crane,Gear Reducer For Crane,Hard tooth surface reducerCrane and hoist reducer,Flender reducer,Reducer valmistaja,ZQ reducer,QJ reducer,QJY reducer,Gear Motors,Konecranes reducer,F-sarjan kolme-in-one-reduktori,K-sarjan kolme-in-one-reduktori,kulkukoneet,kulkumoottori hammaspy\u00f6r\u00e4ll\u00e4,hammaspy\u00f6r\u00e4moottori nosturin kuljettamiseen,kulkukoneet Taajuusmuuttajamoottorit,FEM-standardin mukaiset hammaspy\u00f6r\u00e4moottorit,nosturimoottorit,Invertterimoottorit,Nostomoottorit,moottoriNosturin k\u00e4ytt\u00f6moottorit,Erikoismoottori nosturiin,YZR YZP YZ-sarjan moottorit,Nosturin ja nostimen moottori,Taajuusmuuttajamoottori,S\u00e4hk\u00f6hydrauliset rumpujarrut,S\u00e4hk\u00f6hydrauliset levyjarrut,Jarrut,Nosturin jarrut,Levyjarrut,S\u00e4hk\u00f6magneettinen levyjarru,Nosturin hydraulinen levyjarru,Jarrujenvalmistaja,Nosturin turvajarrut,Singlr-k\u00f6ysikoura,Nelosk\u00f6ysikoura,S\u00e4hk\u00f6hydraulinen monilaippakoura,Oranssinkuori-kourakoura,S\u00e4hk\u00f6moottorikoura,Electro-Hydraulicclamshell grab,grab valmistajat,Container spreader manufacturers,20ft Container Spreader,Semi Automatic container spreader,40ft Container Lifting Frame,TEC container Spreader,Billet lifting clamp,Billet Clamps,Billet crane clamps manufacturer,billet lifting clamps china supplier,Coil C-Type Hook,coil hook,Overhead Crane Steel Coil C-Type Hook,Crane C-hook,C-type spreader,C-type hook,C-type hook,Crane magneetit,Rail kiinnityslaite,Crane Rail fixing device,crane Rail Clamp,CD\/MD Wire Rope Electric Hoist,Wire Rope Electric Hoist China Manufacturer,Single Girder Wire Rope Electric Hoist,Double Girder Wire Rope Electric Hoist,Chain Hoist,Electric chain hoist valmistaja,Electric chain hoist China distributor,European wire rope electric hoist\uff0cEuropean double beam wire rope electric hoist,European Style Single Beam Crane End Carriage,FEN\/DIN European Style Single Beam Crane End Carriage,Nosturin p\u00e4\u00e4typalkin valmistajat,eurooppalaistyylinen nosturin kaksoispalkkisen nosturin p\u00e4\u00e4typalkki,ripustusnosturin p\u00e4\u00e4typalkki,eurooppalaistyylinen ripustettu yksipalkkinen nosturin p\u00e4\u00e4typalkki,FEN\/DIN ripustusnosturin p\u00e4\u00e4typalkki,nosturin vaijerivaunu,langaton kaukos\u00e4\u00e4din,kaukos\u00e4\u00e4din,nosturin ohjauskahva,nosturin ohjauskahva,nosturin ohjauskahva,s\u00e4hk\u00f6inen ohjauskotelo,nosturin ohjauskotelo,rajakatkaisin,\u00e4\u00e4ni ja valoh\u00e4lytys,ilmailupistoke,pikalukitusliit\u00e4nt\u00e4,nosturin ilmailupistoke,ylikuormanrajoitus","publisher":{"@id":"https:\/\/www.hnhlcrane.com\/#organization"},"potentialAction":[{"@type":"SearchAction","target":{"@type":"EntryPoint","urlTemplate":"https:\/\/www.hnhlcrane.com\/?s={search_term_string}"},"query-input":{"@type":"PropertyValueSpecification","valueRequired":true,"valueName":"search_term_string"}}],"inLanguage":"fi"},{"@type":"Organization","@id":"https:\/\/www.hnhlcrane.com\/#organization","name":"Nosturin osien toimittaja-HL Crame","url":"https:\/\/www.hnhlcrane.com\/","logo":{"@type":"ImageObject","inLanguage":"fi","@id":"https:\/\/www.hnhlcrane.com\/#\/schema\/logo\/image\/","url":"https:\/\/www.hnhlcrane.com\/wp-content\/uploads\/2024\/09\/logo6-1-e1733899395598.png","contentUrl":"https:\/\/www.hnhlcrane.com\/wp-content\/uploads\/2024\/09\/logo6-1-e1733899395598.png","width":1000,"height":282,"caption":"Crane Parts Supplier-HL Crame"},"image":{"@id":"https:\/\/www.hnhlcrane.com\/#\/schema\/logo\/image\/"}}]}},"_links":{"self":[{"href":"https:\/\/www.hnhlcrane.com\/fi\/wp-json\/wp\/v2\/product\/5505","targetHints":{"allow":["GET"]}}],"collection":[{"href":"https:\/\/www.hnhlcrane.com\/fi\/wp-json\/wp\/v2\/product"}],"about":[{"href":"https:\/\/www.hnhlcrane.com\/fi\/wp-json\/wp\/v2\/types\/product"}],"version-history":[{"count":1,"href":"https:\/\/www.hnhlcrane.com\/fi\/wp-json\/wp\/v2\/product\/5505\/revisions"}],"predecessor-version":[{"id":6958,"href":"https:\/\/www.hnhlcrane.com\/fi\/wp-json\/wp\/v2\/product\/5505\/revisions\/6958"}],"wp:featuredmedia":[{"embeddable":true,"href":"https:\/\/www.hnhlcrane.com\/fi\/wp-json\/wp\/v2\/media\/5506"}],"wp:attachment":[{"href":"https:\/\/www.hnhlcrane.com\/fi\/wp-json\/wp\/v2\/media?parent=5505"}],"wp:term":[{"taxonomy":"product_brand","embeddable":true,"href":"https:\/\/www.hnhlcrane.com\/fi\/wp-json\/wp\/v2\/product_brand?post=5505"},{"taxonomy":"product_cat","embeddable":true,"href":"https:\/\/www.hnhlcrane.com\/fi\/wp-json\/wp\/v2\/product_cat?post=5505"},{"taxonomy":"product_tag","embeddable":true,"href":"https:\/\/www.hnhlcrane.com\/fi\/wp-json\/wp\/v2\/product_tag?post=5505"}],"curies":[{"name":"wp","href":"https:\/\/api.w.org\/{rel}","templated":true}]}}