{"id":5472,"date":"2024-11-26T00:45:41","date_gmt":"2024-11-25T16:45:41","guid":{"rendered":"https:\/\/www.hnhlcrane.com\/?post_type=product&#038;p=5472"},"modified":"2025-09-10T10:45:04","modified_gmt":"2025-09-10T02:45:04","slug":"billet-nosturikiinnikkeet-kopio","status":"publish","type":"product","link":"https:\/\/www.hnhlcrane.com\/fi\/tuote\/billet-nosturikiinnikkeet-kopio\/","title":{"rendered":"Nosturi C-tyypin levitin"},"content":{"rendered":"<h6><span style=\"font-family: arial, helvetica, sans-serif; font-size: 18pt;\"><strong>Nosturi C-tyypin levittimen yleiskatsaus<\/strong><\/span><\/h6>\n<p>C-tyypin C-levitin on erikoislaite, joka on suunniteltu kelojen vaakasuoraan nostamiseen ja kuljettamiseen. Levitin on saanut nimens\u00e4 C-kirjainta muistuttavan muotonsa vuoksi, ja sit\u00e4 k\u00e4ytet\u00e4\u00e4n yleisesti ter\u00e4stehtailla, kylm\u00e4valssattujen levyjen tuotanto- ja k\u00e4sittelylaitoksissa, varastoissa ja muissa vaakasuoria ter\u00e4skeloja k\u00e4sitteleviss\u00e4 ty\u00f6pisteiss\u00e4.<\/p>\n<h6><span style=\"font-family: arial, helvetica, sans-serif; font-size: 18pt;\"><strong>Nosturin rakenteelliset ominaisuudet <a href=\"https:\/\/www.hnhlcrane.com\/fi\/tuotteet\/erikoisnosturin-levitin\/\" target=\"_blank\" rel=\"noopener\">C-tyyppinen levitin<\/a><\/strong><\/span><\/h6>\n<ul>\n<li><strong>P\u00e4\u00e4runko ja vastapaino<\/strong>:\n<ul>\n<li><strong>P\u00e4\u00e4runko<\/strong>: Rakennettu ter\u00e4slevyist\u00e4 ja ter\u00e4sputkista, jotka takaavat erinomaisen taivutus- ja v\u00e4\u00e4nt\u00f6kest\u00e4vyyden. Kevyt rakenne parantaa k\u00e4ytt\u00f6mukavuutta ja pident\u00e4\u00e4 k\u00e4ytt\u00f6ik\u00e4\u00e4.<\/li>\n<li><strong>Vastapaino<\/strong>: Tasapainottaa levittimen ja kohdistaa sen painopisteen nostettavan kohteen painopisteeseen, mik\u00e4 takaa turvallisen ja luotettavan toiminnan.<\/li>\n<\/ul>\n<\/li>\n<li><strong>Suojaavat suunnitteluvaihtoehdot<\/strong>:\n<ul>\n<li>K\u00e4ytt\u00e4j\u00e4n vaatimusten mukaan kosketuskohtiin voidaan lis\u00e4t\u00e4 suojatoimenpiteit\u00e4, kuten kumi- tai nailonlevyj\u00e4, nostettavien materiaalien vaurioitumisen est\u00e4miseksi.<\/li>\n<\/ul>\n<\/li>\n<\/ul>\n<h6><span style=\"font-family: arial, helvetica, sans-serif; font-size: 18pt;\"><strong>Sovellukset<\/strong><\/span><\/h6>\n<p>C-tyypin levitin soveltuu erilaisten kelattujen materiaalien k\u00e4sittelyyn, mukaan lukien:<\/p>\n<ul>\n<li><strong>Ter\u00e4skelat<\/strong><\/li>\n<li><strong>Alumiinikelat<\/strong><\/li>\n<li><strong>Kuparik\u00e4\u00e4mit<\/strong><\/li>\n<li><strong>Valssilangat<\/strong><\/li>\n<\/ul>\n<p>Se on erityisen tehokas ymp\u00e4rist\u00f6iss\u00e4, jotka vaativat vaakakelojen huolellista k\u00e4sittely\u00e4 ja tehokasta kuljetusta.<\/p>\n<h6><span style=\"font-family: arial, helvetica, sans-serif; font-size: 18pt;\"><strong>Edut<\/strong><\/span><\/h6>\n<ul>\n<li><strong>Rationaalinen suunnittelu<\/strong>:<span style=\"font-family: var(--global-body-font-family);\">Levittimen rakenne takaa vakauden, tasapainon ja tarkkuuden toiminnan aikana.<\/span><\/li>\n<li><strong>Joustavuus ja mukavuus<\/strong>:<span style=\"font-family: var(--global-body-font-family);\">Sujuvat liikkeet ja yksinkertainen k\u00e4sittely parantavat toiminnan tehokkuutta.<\/span><\/li>\n<li><strong>Kest\u00e4vyys<\/strong>:<span style=\"font-family: var(--global-body-font-family);\">Vankka rakenne kest\u00e4\u00e4 kulumista ja takaa pitk\u00e4ik\u00e4isyyden ja luotettavuuden.<\/span><\/li>\n<\/ul>\n<h6><span style=\"font-family: arial, helvetica, sans-serif; font-size: 18pt;\"><strong>Huolto- ja k\u00e4ytt\u00f6ohjeet<\/strong><\/span><\/h6>\n<ul>\n<li><strong>Varastointivaatimukset<\/strong>:<span style=\"font-family: var(--global-body-font-family);\">S\u00e4ilyt\u00e4 <\/span><strong style=\"font-family: var(--global-body-font-family);\">tuuletettu, kuiva ja puhdas ymp\u00e4rist\u00f6<\/strong><span style=\"font-family: var(--global-body-font-family);\">. V\u00e4lt\u00e4 altistumista <\/span><strong style=\"font-family: var(--global-body-font-family);\">hapot, em\u00e4kset, suolat, kemialliset kaasut tai kosteat olosuhteet.<\/strong><span style=\"font-family: var(--global-body-font-family);\"> korroosion est\u00e4miseksi.<\/span><\/li>\n<li><strong>Pinnan suojaus<\/strong>:<span style=\"font-family: var(--global-body-font-family);\">Levit\u00e4 ruostesuojapinnoitteita s\u00e4\u00e4nn\u00f6llisesti pinnan suojaamiseksi ja sen ulkon\u00e4\u00f6n ja kest\u00e4vyyden s\u00e4ilytt\u00e4miseksi.<\/span><\/li>\n<li><strong>Voitelu ja puhdistus<\/strong>:<span style=\"font-family: var(--global-body-font-family);\">Puhdista ja voitele liikkuvat osat s\u00e4\u00e4nn\u00f6llisesti kuivakitkan ja jumiutumisen v\u00e4ltt\u00e4miseksi, mik\u00e4 takaa h\u00e4iri\u00f6tt\u00f6m\u00e4n toiminnan.<\/span><\/li>\n<li><strong>Tarkastus<\/strong>:<span style=\"font-family: var(--global-body-font-family);\">Suorita s\u00e4\u00e4nn\u00f6llisi\u00e4 tarkastuksia kriittisten komponenttien kulumisen tai vaurioiden tunnistamiseksi ja puutu ongelmiin nopeasti turvallisuuden ja toimivuuden yll\u00e4pit\u00e4miseksi.<\/span><\/li>\n<\/ul>\n<p>C-tyyppisen C-levittimen asianmukainen k\u00e4ytt\u00f6 ja huolto pident\u00e4v\u00e4t merkitt\u00e4v\u00e4sti sen k\u00e4ytt\u00f6ik\u00e4\u00e4 ja takaavat vakaan suorituskyvyn ja k\u00e4ytt\u00f6turvallisuuden. T\u00e4m\u00e4 ty\u00f6kalu on v\u00e4ltt\u00e4m\u00e4t\u00f6n ratkaisu teollisuudenaloille, jotka vaativat turvallista ja tehokasta kelank\u00e4sittely\u00e4.<\/p>\n<h6><strong><span style=\"font-family: arial, helvetica, sans-serif; font-size: 18pt;\">Mitat ja parametrit<\/span><\/strong><\/h6>\n<p><img fetchpriority=\"high\" decoding=\"async\" class=\"alignnone wp-image-5483\" src=\"https:\/\/www.hnhlcrane.com\/wp-content\/uploads\/2024\/11\/Crane-C-type-spreader-a-245x300.jpg\" alt=\"\" width=\"799\" height=\"978\" srcset=\"https:\/\/www.hnhlcrane.com\/wp-content\/uploads\/2024\/11\/Crane-C-type-spreader-a-245x300.jpg 245w, https:\/\/www.hnhlcrane.com\/wp-content\/uploads\/2024\/11\/Crane-C-type-spreader-a-768x939.jpg 768w, https:\/\/www.hnhlcrane.com\/wp-content\/uploads\/2024\/11\/Crane-C-type-spreader-a-600x734.jpg 600w, https:\/\/www.hnhlcrane.com\/wp-content\/uploads\/2024\/11\/Crane-C-type-spreader-a.jpg 800w\" sizes=\"(max-width: 799px) 100vw, 799px\" \/><\/p>","protected":false},"excerpt":{"rendered":"<p>Kelan C-tyypin koukku,kelan koukku,Overhead Crane Steel Coil C-tyypin koukku,C-nosturi C-koukku,C-tyypin levitin,C-tyypin koukku,Crane C-tyypin levitin,Special Crane Spreader<\/p>","protected":false},"featured_media":5473,"template":"","meta":{"_kad_post_transparent":"default","_kad_post_title":"","_kad_post_layout":"default","_kad_post_sidebar_id":"","_kad_post_content_style":"default","_kad_post_vertical_padding":"show","_kad_post_feature":"","_kad_post_feature_position":"","_kad_post_header":false,"_kad_post_footer":false},"product_brand":[],"product_cat":[59],"product_tag":[211,210,206,207,209,205,208,185],"class_list":{"0":"post-5472","1":"product","2":"type-product","3":"status-publish","4":"has-post-thumbnail","6":"product_cat-special-crane-spreader","7":"product_tag-c-type-hook","8":"product_tag-c-type-spreader","9":"product_tag-coil-c-type-hook","10":"product_tag-coil-hook","11":"product_tag-crane-c-hook","12":"product_tag-crane-c-type-spreader","13":"product_tag-overhead-crane-steel-coil-c-type-hook","14":"product_tag-special-crane-spreader","16":"first","17":"instock","18":"featured","19":"shipping-taxable","20":"product-type-simple","21":"entry","22":"content-bg","23":"loop-entry"},"yoast_head":"<!-- This site is optimized with the Yoast SEO plugin v25.6 - https:\/\/yoast.com\/wordpress\/plugins\/seo\/ -->\n<title>Crane C-type spreader \u2013 Heavy-Duty Lifting &amp; Container Handling Solution<\/title>\n<meta name=\"description\" content=\"High-quality crane C-type spreader for safe and efficient container and cargo handling. Ideal for overhead cranes, gantry cranes, and port operations.\" \/>\n<meta name=\"robots\" content=\"index, follow, max-snippet:-1, max-image-preview:large, max-video-preview:-1\" \/>\n<link rel=\"canonical\" href=\"https:\/\/www.hnhlcrane.com\/fi\/tuote\/billet-nosturikiinnikkeet-kopio\/\" \/>\n<meta property=\"og:locale\" content=\"fi_FI\" \/>\n<meta property=\"og:type\" content=\"article\" \/>\n<meta property=\"og:title\" content=\"Crane C-type spreader \u2013 Heavy-Duty Lifting &amp; Container Handling Solution\" \/>\n<meta property=\"og:description\" content=\"High-quality crane C-type spreader for safe and efficient container and cargo handling. Ideal for overhead cranes, gantry cranes, and port operations.\" \/>\n<meta property=\"og:url\" content=\"https:\/\/www.hnhlcrane.com\/fi\/tuote\/billet-nosturikiinnikkeet-kopio\/\" \/>\n<meta property=\"og:site_name\" content=\"Crane Parts Supplier-HL Crame\" \/>\n<meta property=\"article:modified_time\" content=\"2025-09-10T02:45:04+00:00\" \/>\n<meta property=\"og:image\" content=\"https:\/\/www.hnhlcrane.com\/wp-content\/uploads\/2024\/11\/Crane-C-type-spreader-1.jpg\" \/>\n\t<meta property=\"og:image:width\" content=\"600\" \/>\n\t<meta property=\"og:image:height\" content=\"600\" \/>\n\t<meta property=\"og:image:type\" content=\"image\/jpeg\" \/>\n<meta name=\"twitter:card\" content=\"summary_large_image\" \/>\n<meta name=\"twitter:label1\" content=\"Arvioitu lukuaika\" \/>\n\t<meta name=\"twitter:data1\" content=\"2 minuuttia\" \/>\n<script type=\"application\/ld+json\" class=\"yoast-schema-graph\">{\"@context\":\"https:\/\/schema.org\",\"@graph\":[{\"@type\":\"WebPage\",\"@id\":\"https:\/\/www.hnhlcrane.com\/product\/billet-crane-clamps-copy\/\",\"url\":\"https:\/\/www.hnhlcrane.com\/product\/billet-crane-clamps-copy\/\",\"name\":\"Crane C-type spreader \u2013 Heavy-Duty Lifting & Container Handling Solution\",\"isPartOf\":{\"@id\":\"https:\/\/www.hnhlcrane.com\/#website\"},\"primaryImageOfPage\":{\"@id\":\"https:\/\/www.hnhlcrane.com\/product\/billet-crane-clamps-copy\/#primaryimage\"},\"image\":{\"@id\":\"https:\/\/www.hnhlcrane.com\/product\/billet-crane-clamps-copy\/#primaryimage\"},\"thumbnailUrl\":\"https:\/\/www.hnhlcrane.com\/wp-content\/uploads\/2024\/11\/Crane-C-type-spreader-1.jpg\",\"datePublished\":\"2024-11-25T16:45:41+00:00\",\"dateModified\":\"2025-09-10T02:45:04+00:00\",\"description\":\"High-quality crane C-type spreader for safe and efficient container and cargo handling. Ideal for overhead cranes, gantry cranes, and port operations.\",\"breadcrumb\":{\"@id\":\"https:\/\/www.hnhlcrane.com\/product\/billet-crane-clamps-copy\/#breadcrumb\"},\"inLanguage\":\"fi\",\"potentialAction\":[{\"@type\":\"ReadAction\",\"target\":[\"https:\/\/www.hnhlcrane.com\/product\/billet-crane-clamps-copy\/\"]}]},{\"@type\":\"ImageObject\",\"inLanguage\":\"fi\",\"@id\":\"https:\/\/www.hnhlcrane.com\/product\/billet-crane-clamps-copy\/#primaryimage\",\"url\":\"https:\/\/www.hnhlcrane.com\/wp-content\/uploads\/2024\/11\/Crane-C-type-spreader-1.jpg\",\"contentUrl\":\"https:\/\/www.hnhlcrane.com\/wp-content\/uploads\/2024\/11\/Crane-C-type-spreader-1.jpg\",\"width\":600,\"height\":600},{\"@type\":\"BreadcrumbList\",\"@id\":\"https:\/\/www.hnhlcrane.com\/product\/billet-crane-clamps-copy\/#breadcrumb\",\"itemListElement\":[{\"@type\":\"ListItem\",\"position\":1,\"name\":\"home\",\"item\":\"https:\/\/www.hnhlcrane.com\/\"},{\"@type\":\"ListItem\",\"position\":2,\"name\":\"products\",\"item\":\"https:\/\/www.hnhlcrane.com\/products\/\"},{\"@type\":\"ListItem\",\"position\":3,\"name\":\"Crane C-type spreader\"}]},{\"@type\":\"WebSite\",\"@id\":\"https:\/\/www.hnhlcrane.com\/#website\",\"url\":\"https:\/\/www.hnhlcrane.com\/\",\"name\":\"Crane Parts Supplier-HL Crame\",\"description\":\"One-stop solution for all your  crane parts needs,Crane Hook,Crane Drum,Crane Wheel,Crane Coupling,Crane Gearbox,Crane Motor,Crane Brake,Special Crane Spreader,Crane grab,Container spreader,Billet crane clamps,Crane C-type spreader,Lifting Electromagnet,Crane Rail Clips,Electric Hoist,FEM Standard Crane End Carriages,Light Crane Parts,Workstation Crane Parts,Crane Electrical Parts,I-beam cable trolley,Crane remote controller,Crane electrical control cabinet,Crane limit switch,Crane sound and light alarm,Heavy Duty Aviation Connector,Crane overload limiter,China Crane Parts Supplier,Crane hooks,Gantry crane hook,Crane accessories,Forged hook,hook processing,Hook manufacturer,China standard crane hook,electric hoist hook,Crane pulley,Hook pulley,Rolled pulley,Crane Pulley Supplier\uff0cEuropean hook pulley,Gantry crane hook pulley,WZL type crane drum,European style reel set,Crane reel,crane parts,Drum processing,crane drum manufacturer,Cast steel drum,Electric hoist drum,Crane drum assembly,DRS Wheel Blocks,European crane wheel,Forged wheels,Active wheel set,Driving wheel set,Driven wheel group,crane wheels manufacturer,Demag crane wheels,Konecranes Crane Wheels,Overhead crane Wheel,Shaft couplings,Power Transmission Couplings,Disc Couplings,Fluid couplings,Coupling manufacturer\uff0cCardan coupling,Crane Reducer,Crane Decelerators,Reducer gearbox,Reducer for crane,Gear Reducer For Crane,Hard tooth surface reducerCrane and hoist reducer,Flender reducer,Reducer manufacturer,ZQ reducer,QJ reducer,QJY reducer,Gear Motors,Konecranes reducer,F series three-in-one reducer,K series three-in-one reducer,travelling machinery,Travelling Motor With Gear,Gear Motor for Crane Traveling,Travelling machinery Frequency inverter motors,FEM standard Gear Motors,Crane motors,Inverter motors,Hoist motors,motorCrane duty motors,Special motor for crane,YZR YZP YZ series motors,Crane and hoist motor,Frequency conversion motor,Electro hydraulic drum brakes,Electro-hydraulic disc brakes,Brake,Overhead Crane Brakes,Disc brakes,Electromagnetic disk brake,Crane hydraulic disc brake,Brakes manufacturer,crane Safety brakes,Singlr rope grab,Four rope grab,Electro-hydraulic multi-flap grab,Orange peel grab,Electric motor grab,Electro-Hydraulicclamshell grab,grab manufacturers,Container spreader manufacturers,20ft Container Spreader,Semi Automatic container spreader,40ft Container Lifting Frame,TEC container Spreader,Billet lifting clamp,Billet Clamps,Billet crane clamps manufacturer,billet lifting clamps china supplier,Coil C-Type Hook,coil hook,Overhead Crane Steel Coil C-Type Hook,Crane C-hook,C-type spreader,C-type hook,Crane magnets,Rail fixing device,Crane Rail fixing device,crane Rail Clamp,CD\/MD Wire Rope Electric Hoist,Wire Rope Electric Hoist China Manufacturer,Single Girder Wire Rope Electric Hoist,Double Girder Wire Rope Electric Hoist,Chain Hoist,Electric chain hoist manufacturer,Electric chain hoist China distributor,European wire rope electric hoist\uff0cEuropean double beam wire rope electric hoist,European Style Single Beam Crane End Carriage,FEN\/DIN European Style Single Beam Crane End Carriage,Crane end beam manufacturers,European style hoist double beam crane end beam,Suspension crane end beam,European style suspended single beam crane end beam,FEN\/DIN Suspension crane end beam,crane cable trolley,Wireless remote control,remote controller,Crane control handle,Crane Controls,electrical control cabinet,crane control cabinet,Limit switch,Sound and light alarm,Aviation plug,quick connector,Crane aviation plug,Overload limiter\",\"publisher\":{\"@id\":\"https:\/\/www.hnhlcrane.com\/#organization\"},\"potentialAction\":[{\"@type\":\"SearchAction\",\"target\":{\"@type\":\"EntryPoint\",\"urlTemplate\":\"https:\/\/www.hnhlcrane.com\/?s={search_term_string}\"},\"query-input\":{\"@type\":\"PropertyValueSpecification\",\"valueRequired\":true,\"valueName\":\"search_term_string\"}}],\"inLanguage\":\"fi\"},{\"@type\":\"Organization\",\"@id\":\"https:\/\/www.hnhlcrane.com\/#organization\",\"name\":\"Crane Parts Supplier-HL Crame\",\"url\":\"https:\/\/www.hnhlcrane.com\/\",\"logo\":{\"@type\":\"ImageObject\",\"inLanguage\":\"fi\",\"@id\":\"https:\/\/www.hnhlcrane.com\/#\/schema\/logo\/image\/\",\"url\":\"https:\/\/www.hnhlcrane.com\/wp-content\/uploads\/2024\/09\/logo6-1-e1733899395598.png\",\"contentUrl\":\"https:\/\/www.hnhlcrane.com\/wp-content\/uploads\/2024\/09\/logo6-1-e1733899395598.png\",\"width\":1000,\"height\":282,\"caption\":\"Crane Parts Supplier-HL Crame\"},\"image\":{\"@id\":\"https:\/\/www.hnhlcrane.com\/#\/schema\/logo\/image\/\"}}]}<\/script>\n<!-- \/ Yoast SEO plugin. -->","yoast_head_json":{"title":"C-tyypin C-levitin - Raskaan kaluston nosto- ja kontink\u00e4sittelyratkaisu - Crane C-type spreader - Heavy-Duty Lifting &amp; Container Handling Solution","description":"Laadukas nosturi C-tyypin levitin konttien ja lastin turvalliseen ja tehokkaaseen k\u00e4sittelyyn. Ihanteellinen siltanostureihin, porttanostureihin ja satamatoimintoihin.","robots":{"index":"index","follow":"follow","max-snippet":"max-snippet:-1","max-image-preview":"max-image-preview:large","max-video-preview":"max-video-preview:-1"},"canonical":"https:\/\/www.hnhlcrane.com\/fi\/tuote\/billet-nosturikiinnikkeet-kopio\/","og_locale":"fi_FI","og_type":"article","og_title":"Crane C-type spreader \u2013 Heavy-Duty Lifting & Container Handling Solution","og_description":"High-quality crane C-type spreader for safe and efficient container and cargo handling. Ideal for overhead cranes, gantry cranes, and port operations.","og_url":"https:\/\/www.hnhlcrane.com\/fi\/tuote\/billet-nosturikiinnikkeet-kopio\/","og_site_name":"Crane Parts Supplier-HL Crame","article_modified_time":"2025-09-10T02:45:04+00:00","og_image":[{"width":600,"height":600,"url":"https:\/\/www.hnhlcrane.com\/wp-content\/uploads\/2024\/11\/Crane-C-type-spreader-1.jpg","type":"image\/jpeg"}],"twitter_card":"summary_large_image","twitter_misc":{"Arvioitu lukuaika":"2 minuuttia"},"schema":{"@context":"https:\/\/schema.org","@graph":[{"@type":"WebPage","@id":"https:\/\/www.hnhlcrane.com\/product\/billet-crane-clamps-copy\/","url":"https:\/\/www.hnhlcrane.com\/product\/billet-crane-clamps-copy\/","name":"C-tyypin C-levitin - Raskaan kaluston nosto- ja kontink\u00e4sittelyratkaisu - Crane C-type spreader - Heavy-Duty Lifting &amp; Container Handling Solution","isPartOf":{"@id":"https:\/\/www.hnhlcrane.com\/#website"},"primaryImageOfPage":{"@id":"https:\/\/www.hnhlcrane.com\/product\/billet-crane-clamps-copy\/#primaryimage"},"image":{"@id":"https:\/\/www.hnhlcrane.com\/product\/billet-crane-clamps-copy\/#primaryimage"},"thumbnailUrl":"https:\/\/www.hnhlcrane.com\/wp-content\/uploads\/2024\/11\/Crane-C-type-spreader-1.jpg","datePublished":"2024-11-25T16:45:41+00:00","dateModified":"2025-09-10T02:45:04+00:00","description":"Laadukas nosturi C-tyypin levitin konttien ja lastin turvalliseen ja tehokkaaseen k\u00e4sittelyyn. Ihanteellinen siltanostureihin, porttanostureihin ja satamatoimintoihin.","breadcrumb":{"@id":"https:\/\/www.hnhlcrane.com\/product\/billet-crane-clamps-copy\/#breadcrumb"},"inLanguage":"fi","potentialAction":[{"@type":"ReadAction","target":["https:\/\/www.hnhlcrane.com\/product\/billet-crane-clamps-copy\/"]}]},{"@type":"ImageObject","inLanguage":"fi","@id":"https:\/\/www.hnhlcrane.com\/product\/billet-crane-clamps-copy\/#primaryimage","url":"https:\/\/www.hnhlcrane.com\/wp-content\/uploads\/2024\/11\/Crane-C-type-spreader-1.jpg","contentUrl":"https:\/\/www.hnhlcrane.com\/wp-content\/uploads\/2024\/11\/Crane-C-type-spreader-1.jpg","width":600,"height":600},{"@type":"BreadcrumbList","@id":"https:\/\/www.hnhlcrane.com\/product\/billet-crane-clamps-copy\/#breadcrumb","itemListElement":[{"@type":"ListItem","position":1,"name":"home","item":"https:\/\/www.hnhlcrane.com\/"},{"@type":"ListItem","position":2,"name":"products","item":"https:\/\/www.hnhlcrane.com\/products\/"},{"@type":"ListItem","position":3,"name":"Crane C-type spreader"}]},{"@type":"WebSite","@id":"https:\/\/www.hnhlcrane.com\/#website","url":"https:\/\/www.hnhlcrane.com\/","name":"Nosturin osien toimittaja-HL Crame","description":"Yhden luukun ratkaisu kaikkiin nosturin osien tarpeisiin, nosturin koukku, nosturirumpu, nosturipy\u00f6r\u00e4, nosturikytkin, nosturivaihteisto, nosturimoottori, nosturijarru, erikoisnosturin levitin, nosturin koura, kontin levitin, Billet-nosturin kiinnittimet, nosturin C-tyypin levitin,Nostos\u00e4hk\u00f6magneetti,Nosturin kiskoklipsit,S\u00e4hk\u00f6inen nostin,FEM-standardin mukaiset nosturin p\u00e4\u00e4tyvaunut,Kevytnosturin osat,Ty\u00f6asemanosturin osat,Nosturin s\u00e4hk\u00f6osat,I-palkkikaapelivaunu,Nosturin kauko-ohjain,Nosturin s\u00e4hk\u00f6inen ohjauskaappi,Nosturin rajakytkin,Nosturin \u00e4\u00e4ni- ja valoh\u00e4lytys,Heavy Duty Aviation Connector,Nosturin ylikuormituksen rajoitin,Kiina Nosturin osien toimittaja,Nosturin koukut,Gantry nosturin koukku,Nosturin tarvikkeet,Taottu koukku,koukun k\u00e4sittely,koukun valmistaja,Kiina standardi nosturin koukku,s\u00e4hk\u00f6inen nosturin koukku,Nosturin hihnapy\u00f6r\u00e4,Koukku hihnapy\u00f6r\u00e4,Valssattu hihnapy\u00f6r\u00e4,Nosturin hihnapy\u00f6r\u00e4n toimittaja\uff0cEuroopan koukku hihnapy\u00f6r\u00e4,Gantry nosturin koukku hihnapy\u00f6r\u00e4,WZL-tyypin nosturin rumpu,Euroopan tyylinen kela setti,nosturin kela,nosturin osat,Rumpujen k\u00e4sittely,nosturirumpujen valmistaja,Valuter\u00e4srumpu,S\u00e4hk\u00f6k\u00e4ytt\u00f6inen nosturirumpu,Nosturirumpujen kokoonpano,DRS-py\u00f6r\u00e4lohkot,Eurooppalainen nosturipy\u00f6r\u00e4,Taotut py\u00f6r\u00e4t,Aktiivinen py\u00f6r\u00e4sarja,Ajopy\u00f6r\u00e4sarja,Ajopy\u00f6r\u00e4ryhm\u00e4,Nosturipy\u00f6rien valmistaja,Demag-nosturipy\u00f6r\u00e4t,Konecranes-nosturipy\u00f6r\u00e4t,Akseliliit\u00e4nn\u00e4t,Voimansiirtokytkimet,Kiekkoliit\u00e4nn\u00e4t,Nesteen liit\u00e4nn\u00e4t,Kytkent\u00e4valmistaja\uff0cKardaanikytkent\u00e4,Nosturin v\u00e4hennys,Nosturin hidastimet,Reducer gearbox,Reducer for crane,Gear Reducer For Crane,Hard tooth surface reducerCrane and hoist reducer,Flender reducer,Reducer valmistaja,ZQ reducer,QJ reducer,QJY reducer,Gear Motors,Konecranes reducer,F-sarjan kolme-in-one-reduktori,K-sarjan kolme-in-one-reduktori,kulkukoneet,kulkumoottori hammaspy\u00f6r\u00e4ll\u00e4,hammaspy\u00f6r\u00e4moottori nosturin kuljettamiseen,kulkukoneet Taajuusmuuttajamoottorit,FEM-standardin mukaiset hammaspy\u00f6r\u00e4moottorit,nosturimoottorit,Invertterimoottorit,Nostomoottorit,moottoriNosturin k\u00e4ytt\u00f6moottorit,Erikoismoottori nosturiin,YZR YZP YZ-sarjan moottorit,Nosturin ja nostimen moottori,Taajuusmuuttajamoottori,S\u00e4hk\u00f6hydrauliset rumpujarrut,S\u00e4hk\u00f6hydrauliset levyjarrut,Jarrut,Nosturin jarrut,Levyjarrut,S\u00e4hk\u00f6magneettinen levyjarru,Nosturin hydraulinen levyjarru,Jarrujenvalmistaja,Nosturin turvajarrut,Singlr-k\u00f6ysikoura,Nelosk\u00f6ysikoura,S\u00e4hk\u00f6hydraulinen monilaippakoura,Oranssinkuori-kourakoura,S\u00e4hk\u00f6moottorikoura,Electro-Hydraulicclamshell grab,grab valmistajat,Container spreader manufacturers,20ft Container Spreader,Semi Automatic container spreader,40ft Container Lifting Frame,TEC container Spreader,Billet lifting clamp,Billet Clamps,Billet crane clamps manufacturer,billet lifting clamps china supplier,Coil C-Type Hook,coil hook,Overhead Crane Steel Coil C-Type Hook,Crane C-hook,C-type spreader,C-type hook,C-type hook,Crane magneetit,Rail kiinnityslaite,Crane Rail fixing device,crane Rail Clamp,CD\/MD Wire Rope Electric Hoist,Wire Rope Electric Hoist China Manufacturer,Single Girder Wire Rope Electric Hoist,Double Girder Wire Rope Electric Hoist,Chain Hoist,Electric chain hoist valmistaja,Electric chain hoist China distributor,European wire rope electric hoist\uff0cEuropean double beam wire rope electric hoist,European Style Single Beam Crane End Carriage,FEN\/DIN European Style Single Beam Crane End Carriage,Nosturin p\u00e4\u00e4typalkin valmistajat,eurooppalaistyylinen nosturin kaksoispalkkisen nosturin p\u00e4\u00e4typalkki,ripustusnosturin p\u00e4\u00e4typalkki,eurooppalaistyylinen ripustettu yksipalkkinen nosturin p\u00e4\u00e4typalkki,FEN\/DIN ripustusnosturin p\u00e4\u00e4typalkki,nosturin vaijerivaunu,langaton kaukos\u00e4\u00e4din,kaukos\u00e4\u00e4din,nosturin ohjauskahva,nosturin ohjauskahva,nosturin ohjauskahva,s\u00e4hk\u00f6inen ohjauskotelo,nosturin ohjauskotelo,rajakatkaisin,\u00e4\u00e4ni ja valoh\u00e4lytys,ilmailupistoke,pikalukitusliit\u00e4nt\u00e4,nosturin ilmailupistoke,ylikuormanrajoitus","publisher":{"@id":"https:\/\/www.hnhlcrane.com\/#organization"},"potentialAction":[{"@type":"SearchAction","target":{"@type":"EntryPoint","urlTemplate":"https:\/\/www.hnhlcrane.com\/?s={search_term_string}"},"query-input":{"@type":"PropertyValueSpecification","valueRequired":true,"valueName":"search_term_string"}}],"inLanguage":"fi"},{"@type":"Organization","@id":"https:\/\/www.hnhlcrane.com\/#organization","name":"Nosturin osien toimittaja-HL Crame","url":"https:\/\/www.hnhlcrane.com\/","logo":{"@type":"ImageObject","inLanguage":"fi","@id":"https:\/\/www.hnhlcrane.com\/#\/schema\/logo\/image\/","url":"https:\/\/www.hnhlcrane.com\/wp-content\/uploads\/2024\/09\/logo6-1-e1733899395598.png","contentUrl":"https:\/\/www.hnhlcrane.com\/wp-content\/uploads\/2024\/09\/logo6-1-e1733899395598.png","width":1000,"height":282,"caption":"Crane Parts Supplier-HL Crame"},"image":{"@id":"https:\/\/www.hnhlcrane.com\/#\/schema\/logo\/image\/"}}]}},"_links":{"self":[{"href":"https:\/\/www.hnhlcrane.com\/fi\/wp-json\/wp\/v2\/product\/5472","targetHints":{"allow":["GET"]}}],"collection":[{"href":"https:\/\/www.hnhlcrane.com\/fi\/wp-json\/wp\/v2\/product"}],"about":[{"href":"https:\/\/www.hnhlcrane.com\/fi\/wp-json\/wp\/v2\/types\/product"}],"version-history":[{"count":2,"href":"https:\/\/www.hnhlcrane.com\/fi\/wp-json\/wp\/v2\/product\/5472\/revisions"}],"predecessor-version":[{"id":6955,"href":"https:\/\/www.hnhlcrane.com\/fi\/wp-json\/wp\/v2\/product\/5472\/revisions\/6955"}],"wp:featuredmedia":[{"embeddable":true,"href":"https:\/\/www.hnhlcrane.com\/fi\/wp-json\/wp\/v2\/media\/5473"}],"wp:attachment":[{"href":"https:\/\/www.hnhlcrane.com\/fi\/wp-json\/wp\/v2\/media?parent=5472"}],"wp:term":[{"taxonomy":"product_brand","embeddable":true,"href":"https:\/\/www.hnhlcrane.com\/fi\/wp-json\/wp\/v2\/product_brand?post=5472"},{"taxonomy":"product_cat","embeddable":true,"href":"https:\/\/www.hnhlcrane.com\/fi\/wp-json\/wp\/v2\/product_cat?post=5472"},{"taxonomy":"product_tag","embeddable":true,"href":"https:\/\/www.hnhlcrane.com\/fi\/wp-json\/wp\/v2\/product_tag?post=5472"}],"curies":[{"name":"wp","href":"https:\/\/api.w.org\/{rel}","templated":true}]}}