{"id":5740,"date":"2024-12-05T22:42:34","date_gmt":"2024-12-05T14:42:34","guid":{"rendered":"https:\/\/www.hnhlcrane.com\/?post_type=product&#038;p=5740"},"modified":"2025-09-14T23:11:45","modified_gmt":"2025-09-14T15:11:45","slug":"kraana-kaugjuhtimispult","status":"publish","type":"product","link":"https:\/\/www.hnhlcrane.com\/et\/toode\/kraana-kaugjuhtimispult\/","title":{"rendered":"Kraana kaugjuhtimispult"},"content":{"rendered":"<div class=\"flex max-w-full flex-col flex-grow\">\n<div class=\"min-h-8 text-message flex w-full flex-col items-end gap-2 whitespace-normal break-words [.text-message+&amp;]:mt-5\" dir=\"auto\" data-message-author-role=\"assistant\" data-message-id=\"d22886da-3fb2-45fa-876a-33dd54db9fd5\" data-message-model-slug=\"gpt-4o\">\n<div class=\"flex w-full flex-col gap-1 empty:hidden first:pt-[3px]\">\n<div class=\"markdown prose w-full break-words dark:prose-invert light\">\n<h6><strong><span style=\"font-family: arial, helvetica, sans-serif; font-size: 18pt;\">Kraana kaugjuhtimispuldi tutvustus<\/span><\/strong><\/h6>\n<p>The <strong>kraana kaugjuhtimispult<\/strong> on seade, mis v\u00f5imaldab kraanade kaugjuhtimist juhtmevabade signaalide kaudu, parandades seel\u00e4bi t\u00f6\u00f6 t\u00f5husust, ohutust ja mugavust. Et tagada sujuv funktsionaalsus, koosneb kraana kaugjuhtimispult tavaliselt kahest p\u00f5hikomponendist: saatjast ja vastuv\u00f5tjast. Saatja, mis on sageli k\u00e4eshoitav kaugjuhtimispult, v\u00f5imaldab operaatoritel anda k\u00e4ske nuppude v\u00f5i joystickide abil. Samal ajal t\u00f6\u00f6tleb kraanale paigaldatud vastuv\u00f5tja neid k\u00e4ske ja juhib vastavaid mehhanisme, et teha erinevaid kraana toiminguid.<\/p>\n<p>Et paremini m\u00f5ista selle v\u00f5imalusi, tutvustame kraana kaugjuhtimispuldi peamisi omadusi, p\u00f5hifunktsioone ja olulisi ettevaatusabin\u00f5usid.<\/p>\n<h6><strong><span style=\"font-family: arial, helvetica, sans-serif; font-size: 18pt;\">Kraana kaugjuhtimispuldi peamised omadused<\/span><\/strong><\/h6>\n<ol>\n<li><strong>Juhtmevaba t\u00f6\u00f6<\/strong>:<br \/>\nIlma otsese kontakti vajaduseta v\u00f5imaldab kontroller operaatoritel juhtida kraanasid turvalisest kaugusest, tagades nii ohutuse kui ka mugavuse.<\/li>\n<li><strong>Kasutamise lihtsus<\/strong>:<br \/>\nT\u00e4nu ergonoomilisele disainile on kontrolleri kasutamine intuitiivne ja lihtne.<\/li>\n<li><strong>K\u00f5rge stabiilsus<\/strong>:<br \/>\nRangelt testitud, et tagada usaldusv\u00e4\u00e4rne toimimine erinevates t\u00f6\u00f6keskkondades.<\/li>\n<li><strong>T\u00f5hustatud ohutus<\/strong>:<br \/>\nVarustatud mitmete ohutusmeetmetega, et v\u00e4ltida t\u00f6\u00f6vigu.<\/li>\n<li><strong>Mitmetasandiline kontroll<\/strong>:<br \/>\nToetab reguleeritavat liikumiskiirust ja j\u00f5udu vastavalt erin\u00f5uetele.<\/li>\n<li><strong>T\u00e4ppisjuhtimine<\/strong>:<br \/>\nT\u00e4iustatud anduritehnoloogia tagab v\u00e4ga t\u00e4pse t\u00f6\u00f6.<\/li>\n<li><strong>Kaasaskantavus<\/strong>:<br \/>\nT\u00e4nu kompaktsele ja kergele disainile on kontrollerit lihtne kaasas kanda ja kasutada.<\/li>\n<\/ol>\n<h6><strong><span style=\"font-family: arial, helvetica, sans-serif; font-size: 18pt;\">Kraana kaugjuhtimispuldi peamised funktsioonid<\/span><\/strong><\/h6>\n<ol>\n<li><strong>T\u00f5stmise kontroll<\/strong>:<br \/>\nOperaatorid saavad kraana t\u00f5stmist ja langetamist juhtida, vajutades selleks etten\u00e4htud nuppe kaugjuhtimispuldil.<\/li>\n<li><strong>Teleskoopiline juhtimine<\/strong>:<br \/>\nReguleerib kraana poomi pikkust h\u00f5lpsasti juhtnuppude abil.<\/li>\n<li><strong>Rotatsiooniline kontroll<\/strong>:<br \/>\nV\u00f5imaldab kraana sujuvat p\u00f6\u00f6rlemist, kasutades selleks etten\u00e4htud p\u00f6\u00f6ramisseadmeid.<\/li>\n<li><strong>Lisafunktsioonid<\/strong>:<br \/>\nSisaldab selliseid funktsioone nagu valguse juhtimine ja helisignaalid, et t\u00f5hustada t\u00f6\u00f6d \u00f6\u00f6sel v\u00f5i keerulises keskkonnas.<\/li>\n<\/ol>\n<h6><strong><span style=\"font-family: arial, helvetica, sans-serif; font-size: 18pt;\">Kraana kaugjuhtimispuldi kasutamise ettevaatusabin\u00f5ud<\/span><\/strong><\/h6>\n<p>Ohutuse ja pikaealisuse tagamiseks peaksid kasutajad j\u00e4rgima j\u00e4rgmisi ettevaatusabin\u00f5usid:<\/p>\n<ol>\n<li><strong>Ettevalmistus enne operatsiooni<\/strong>:<br \/>\nKontrollige, et aku oleks piisavalt laetud, ning tutvuge kontrolleri funktsioonide ja nuppude paigutusega.<\/li>\n<li><strong>Ohutu t\u00f6\u00f6<\/strong>:<br \/>\nJ\u00e4rgige ohutusprotokolle, olge t\u00e4helepanelik ja v\u00e4ltige tegutsemist ohualadel.<\/li>\n<li><strong>Veekindlus<\/strong>:<br \/>\n\u00c4rge kasutage kontrollerit niiskes v\u00f5i m\u00e4rjas keskkonnas.<\/li>\n<li><strong>L\u00f6\u00f6gikindlus<\/strong>:<br \/>\nK\u00e4sitsege ettevaatlikult, et v\u00e4ltida kukkumisi v\u00f5i tugevaid p\u00f5rutusi.<\/li>\n<li><strong>Signaali h\u00e4ired<\/strong>:<br \/>\nV\u00e4ltige kontrolleri kasutamist tugevate elektromagnetv\u00e4ljade l\u00e4heduses.<\/li>\n<li><strong>Rutiinne kontroll<\/strong>:<br \/>\nKontrollige regulaarselt kontrollerit, et tagada k\u00f5igi funktsioonide n\u00f5uetekohane toimimine.<\/li>\n<\/ol>\n<h6><strong><span style=\"font-family: arial, helvetica, sans-serif; font-size: 18pt;\">Kraana kaugjuhtimispuldi rakendused<\/span><\/strong><\/h6>\n<p>See mitmek\u00fclgne seade sobib paljude tehniliste stsenaariumide, sealhulgas kaasaegsete ehitus- ja logistikat\u00f6\u00f6de jaoks. Mugavust, ohutust ja t\u00f5husust m\u00e4rkimisv\u00e4\u00e4rselt suurendades on kraana kaugjuhtimispult muutunud t\u00e4nap\u00e4eva t\u00f6\u00f6stusharudes asendamatuks t\u00f6\u00f6vahendiks.<\/p>\n<\/div>\n<\/div>\n<\/div>\n<\/div>\n<p>&nbsp;<\/p>","protected":false},"excerpt":{"rendered":"<h6><strong><span style=\"font-family: arial, helvetica, sans-serif; font-size: 14pt;\">Kraana kaugjuhtimispuldi spetsifikatsioonid<\/span><\/strong><\/h6>\n<ul>\n<li><strong>Mudeli valikud<\/strong>: F24-6D, F24-8D, F24-10D, F24-12D, F24-60<\/li>\n<li><strong>Nupu valikud<\/strong>: 6, 8, 10, 12 nuppu v\u00f5i joystick-juhtimine<\/li>\n<li><strong>Kaitseklass<\/strong>: IP65<\/li>\n<li><strong>Sagedusvahemik<\/strong>: VHF: 310-331 MHz; UHF: 425-446 MHz.<\/li>\n<li><strong>Vastuv\u00f5tja v\u00f5imsuse valikud<\/strong>: 24V, 36V, 220V, 380V (valikuline)<\/li>\n<li><strong>T\u00f6\u00f6temperatuur<\/strong>: -40\u00b0C kuni +85\u00b0C<\/li>\n<li><strong>Kontrollimise kaugus<\/strong>: Kuni 100m avatud keskkonnas<\/li>\n<\/ul>","protected":false},"featured_media":5741,"template":"","meta":{"_kad_post_transparent":"default","_kad_post_title":"","_kad_post_layout":"default","_kad_post_sidebar_id":"","_kad_post_content_style":"default","_kad_post_vertical_padding":"show","_kad_post_feature":"","_kad_post_feature_position":"","_kad_post_header":false,"_kad_post_footer":false},"product_brand":[],"product_cat":[65],"product_tag":[284,288,290,289],"class_list":{"0":"post-5740","1":"product","2":"type-product","3":"status-publish","4":"has-post-thumbnail","6":"product_cat-crane-electrical-parts","7":"product_tag-crane-electrical-parts","8":"product_tag-crane-remote-controller","9":"product_tag-remote-controller","10":"product_tag-wireless-remote-control","12":"first","13":"instock","14":"shipping-taxable","15":"product-type-simple","16":"entry","17":"content-bg","18":"loop-entry"},"yoast_head":"<!-- This site is optimized with the Yoast SEO plugin v25.6 - https:\/\/yoast.com\/wordpress\/plugins\/seo\/ -->\n<title>Crane remote controller -Wireless remote control,remote controller<\/title>\n<meta name=\"description\" content=\"Our Crane Remote Controllers deliver dependable performance for safe and efficient crane operations, widely used in factories, ports, and warehouses.\" \/>\n<meta name=\"robots\" content=\"index, follow, max-snippet:-1, max-image-preview:large, max-video-preview:-1\" \/>\n<link rel=\"canonical\" href=\"https:\/\/www.hnhlcrane.com\/et\/toode\/kraana-kaugjuhtimispult\/\" \/>\n<meta property=\"og:locale\" content=\"et_EE\" \/>\n<meta property=\"og:type\" content=\"article\" \/>\n<meta property=\"og:title\" content=\"Crane remote controller -Wireless remote control,remote controller\" \/>\n<meta property=\"og:description\" content=\"Our Crane Remote Controllers deliver dependable performance for safe and efficient crane operations, widely used in factories, ports, and warehouses.\" \/>\n<meta property=\"og:url\" content=\"https:\/\/www.hnhlcrane.com\/et\/toode\/kraana-kaugjuhtimispult\/\" \/>\n<meta property=\"og:site_name\" content=\"Crane Parts Supplier-HL Crame\" \/>\n<meta property=\"article:modified_time\" content=\"2025-09-14T15:11:45+00:00\" \/>\n<meta property=\"og:image\" content=\"https:\/\/www.hnhlcrane.com\/wp-content\/uploads\/2024\/12\/Crane-remote-controller-1.jpg\" \/>\n\t<meta property=\"og:image:width\" content=\"600\" \/>\n\t<meta property=\"og:image:height\" content=\"600\" \/>\n\t<meta property=\"og:image:type\" content=\"image\/jpeg\" \/>\n<meta name=\"twitter:card\" content=\"summary_large_image\" \/>\n<meta name=\"twitter:label1\" content=\"Est. reading time\" \/>\n\t<meta name=\"twitter:data1\" content=\"3 minutit\" \/>\n<script type=\"application\/ld+json\" class=\"yoast-schema-graph\">{\"@context\":\"https:\/\/schema.org\",\"@graph\":[{\"@type\":\"WebPage\",\"@id\":\"https:\/\/www.hnhlcrane.com\/product\/crane-remote-controller\/\",\"url\":\"https:\/\/www.hnhlcrane.com\/product\/crane-remote-controller\/\",\"name\":\"Crane remote controller -Wireless remote control,remote controller\",\"isPartOf\":{\"@id\":\"https:\/\/www.hnhlcrane.com\/#website\"},\"primaryImageOfPage\":{\"@id\":\"https:\/\/www.hnhlcrane.com\/product\/crane-remote-controller\/#primaryimage\"},\"image\":{\"@id\":\"https:\/\/www.hnhlcrane.com\/product\/crane-remote-controller\/#primaryimage\"},\"thumbnailUrl\":\"https:\/\/www.hnhlcrane.com\/wp-content\/uploads\/2024\/12\/Crane-remote-controller-1.jpg\",\"datePublished\":\"2024-12-05T14:42:34+00:00\",\"dateModified\":\"2025-09-14T15:11:45+00:00\",\"description\":\"Our Crane Remote Controllers deliver dependable performance for safe and efficient crane operations, widely used in factories, ports, and warehouses.\",\"breadcrumb\":{\"@id\":\"https:\/\/www.hnhlcrane.com\/product\/crane-remote-controller\/#breadcrumb\"},\"inLanguage\":\"et\",\"potentialAction\":[{\"@type\":\"ReadAction\",\"target\":[\"https:\/\/www.hnhlcrane.com\/product\/crane-remote-controller\/\"]}]},{\"@type\":\"ImageObject\",\"inLanguage\":\"et\",\"@id\":\"https:\/\/www.hnhlcrane.com\/product\/crane-remote-controller\/#primaryimage\",\"url\":\"https:\/\/www.hnhlcrane.com\/wp-content\/uploads\/2024\/12\/Crane-remote-controller-1.jpg\",\"contentUrl\":\"https:\/\/www.hnhlcrane.com\/wp-content\/uploads\/2024\/12\/Crane-remote-controller-1.jpg\",\"width\":600,\"height\":600},{\"@type\":\"BreadcrumbList\",\"@id\":\"https:\/\/www.hnhlcrane.com\/product\/crane-remote-controller\/#breadcrumb\",\"itemListElement\":[{\"@type\":\"ListItem\",\"position\":1,\"name\":\"home\",\"item\":\"https:\/\/www.hnhlcrane.com\/\"},{\"@type\":\"ListItem\",\"position\":2,\"name\":\"products\",\"item\":\"https:\/\/www.hnhlcrane.com\/products\/\"},{\"@type\":\"ListItem\",\"position\":3,\"name\":\"Crane remote controller\"}]},{\"@type\":\"WebSite\",\"@id\":\"https:\/\/www.hnhlcrane.com\/#website\",\"url\":\"https:\/\/www.hnhlcrane.com\/\",\"name\":\"Crane Parts Supplier-HL Crame\",\"description\":\"One-stop solution for all your  crane parts needs,Crane Hook,Crane Drum,Crane Wheel,Crane Coupling,Crane Gearbox,Crane Motor,Crane Brake,Special Crane Spreader,Crane grab,Container spreader,Billet crane clamps,Crane C-type spreader,Lifting Electromagnet,Crane Rail Clips,Electric Hoist,FEM Standard Crane End Carriages,Light Crane Parts,Workstation Crane Parts,Crane Electrical Parts,I-beam cable trolley,Crane remote controller,Crane electrical control cabinet,Crane limit switch,Crane sound and light alarm,Heavy Duty Aviation Connector,Crane overload limiter,China Crane Parts Supplier,Crane hooks,Gantry crane hook,Crane accessories,Forged hook,hook processing,Hook manufacturer,China standard crane hook,electric hoist hook,Crane pulley,Hook pulley,Rolled pulley,Crane Pulley Supplier\uff0cEuropean hook pulley,Gantry crane hook pulley,WZL type crane drum,European style reel set,Crane reel,crane parts,Drum processing,crane drum manufacturer,Cast steel drum,Electric hoist drum,Crane drum assembly,DRS Wheel Blocks,European crane wheel,Forged wheels,Active wheel set,Driving wheel set,Driven wheel group,crane wheels manufacturer,Demag crane wheels,Konecranes Crane Wheels,Overhead crane Wheel,Shaft couplings,Power Transmission Couplings,Disc Couplings,Fluid couplings,Coupling manufacturer\uff0cCardan coupling,Crane Reducer,Crane Decelerators,Reducer gearbox,Reducer for crane,Gear Reducer For Crane,Hard tooth surface reducerCrane and hoist reducer,Flender reducer,Reducer manufacturer,ZQ reducer,QJ reducer,QJY reducer,Gear Motors,Konecranes reducer,F series three-in-one reducer,K series three-in-one reducer,travelling machinery,Travelling Motor With Gear,Gear Motor for Crane Traveling,Travelling machinery Frequency inverter motors,FEM standard Gear Motors,Crane motors,Inverter motors,Hoist motors,motorCrane duty motors,Special motor for crane,YZR YZP YZ series motors,Crane and hoist motor,Frequency conversion motor,Electro hydraulic drum brakes,Electro-hydraulic disc brakes,Brake,Overhead Crane Brakes,Disc brakes,Electromagnetic disk brake,Crane hydraulic disc brake,Brakes manufacturer,crane Safety brakes,Singlr rope grab,Four rope grab,Electro-hydraulic multi-flap grab,Orange peel grab,Electric motor grab,Electro-Hydraulicclamshell grab,grab manufacturers,Container spreader manufacturers,20ft Container Spreader,Semi Automatic container spreader,40ft Container Lifting Frame,TEC container Spreader,Billet lifting clamp,Billet Clamps,Billet crane clamps manufacturer,billet lifting clamps china supplier,Coil C-Type Hook,coil hook,Overhead Crane Steel Coil C-Type Hook,Crane C-hook,C-type spreader,C-type hook,Crane magnets,Rail fixing device,Crane Rail fixing device,crane Rail Clamp,CD\/MD Wire Rope Electric Hoist,Wire Rope Electric Hoist China Manufacturer,Single Girder Wire Rope Electric Hoist,Double Girder Wire Rope Electric Hoist,Chain Hoist,Electric chain hoist manufacturer,Electric chain hoist China distributor,European wire rope electric hoist\uff0cEuropean double beam wire rope electric hoist,European Style Single Beam Crane End Carriage,FEN\/DIN European Style Single Beam Crane End Carriage,Crane end beam manufacturers,European style hoist double beam crane end beam,Suspension crane end beam,European style suspended single beam crane end beam,FEN\/DIN Suspension crane end beam,crane cable trolley,Wireless remote control,remote controller,Crane control handle,Crane Controls,electrical control cabinet,crane control cabinet,Limit switch,Sound and light alarm,Aviation plug,quick connector,Crane aviation plug,Overload limiter\",\"publisher\":{\"@id\":\"https:\/\/www.hnhlcrane.com\/#organization\"},\"potentialAction\":[{\"@type\":\"SearchAction\",\"target\":{\"@type\":\"EntryPoint\",\"urlTemplate\":\"https:\/\/www.hnhlcrane.com\/?s={search_term_string}\"},\"query-input\":{\"@type\":\"PropertyValueSpecification\",\"valueRequired\":true,\"valueName\":\"search_term_string\"}}],\"inLanguage\":\"et\"},{\"@type\":\"Organization\",\"@id\":\"https:\/\/www.hnhlcrane.com\/#organization\",\"name\":\"Crane Parts Supplier-HL Crame\",\"url\":\"https:\/\/www.hnhlcrane.com\/\",\"logo\":{\"@type\":\"ImageObject\",\"inLanguage\":\"et\",\"@id\":\"https:\/\/www.hnhlcrane.com\/#\/schema\/logo\/image\/\",\"url\":\"https:\/\/www.hnhlcrane.com\/wp-content\/uploads\/2024\/09\/logo6-1-e1733899395598.png\",\"contentUrl\":\"https:\/\/www.hnhlcrane.com\/wp-content\/uploads\/2024\/09\/logo6-1-e1733899395598.png\",\"width\":1000,\"height\":282,\"caption\":\"Crane Parts Supplier-HL Crame\"},\"image\":{\"@id\":\"https:\/\/www.hnhlcrane.com\/#\/schema\/logo\/image\/\"}}]}<\/script>\n<!-- \/ Yoast SEO plugin. -->","yoast_head_json":{"title":"Kraana kaugjuhtimispult - Juhtmeta kaugjuhtimispult, kaugjuhtimispult","description":"Meie kraanade kaugjuhtimispuldid tagavad usaldusv\u00e4\u00e4rse j\u00f5udluse kraanade ohutuks ja t\u00f5husaks t\u00f6\u00f6ks, mida kasutatakse laialdaselt tehastes, sadamates ja ladudes.","robots":{"index":"index","follow":"follow","max-snippet":"max-snippet:-1","max-image-preview":"max-image-preview:large","max-video-preview":"max-video-preview:-1"},"canonical":"https:\/\/www.hnhlcrane.com\/et\/toode\/kraana-kaugjuhtimispult\/","og_locale":"et_EE","og_type":"article","og_title":"Crane remote controller -Wireless remote control,remote controller","og_description":"Our Crane Remote Controllers deliver dependable performance for safe and efficient crane operations, widely used in factories, ports, and warehouses.","og_url":"https:\/\/www.hnhlcrane.com\/et\/toode\/kraana-kaugjuhtimispult\/","og_site_name":"Crane Parts Supplier-HL Crame","article_modified_time":"2025-09-14T15:11:45+00:00","og_image":[{"width":600,"height":600,"url":"https:\/\/www.hnhlcrane.com\/wp-content\/uploads\/2024\/12\/Crane-remote-controller-1.jpg","type":"image\/jpeg"}],"twitter_card":"summary_large_image","twitter_misc":{"Est. reading time":"3 minutit"},"schema":{"@context":"https:\/\/schema.org","@graph":[{"@type":"WebPage","@id":"https:\/\/www.hnhlcrane.com\/product\/crane-remote-controller\/","url":"https:\/\/www.hnhlcrane.com\/product\/crane-remote-controller\/","name":"Kraana kaugjuhtimispult - Juhtmeta kaugjuhtimispult, kaugjuhtimispult","isPartOf":{"@id":"https:\/\/www.hnhlcrane.com\/#website"},"primaryImageOfPage":{"@id":"https:\/\/www.hnhlcrane.com\/product\/crane-remote-controller\/#primaryimage"},"image":{"@id":"https:\/\/www.hnhlcrane.com\/product\/crane-remote-controller\/#primaryimage"},"thumbnailUrl":"https:\/\/www.hnhlcrane.com\/wp-content\/uploads\/2024\/12\/Crane-remote-controller-1.jpg","datePublished":"2024-12-05T14:42:34+00:00","dateModified":"2025-09-14T15:11:45+00:00","description":"Meie kraanade kaugjuhtimispuldid tagavad usaldusv\u00e4\u00e4rse j\u00f5udluse kraanade ohutuks ja t\u00f5husaks t\u00f6\u00f6ks, mida kasutatakse laialdaselt tehastes, sadamates ja ladudes.","breadcrumb":{"@id":"https:\/\/www.hnhlcrane.com\/product\/crane-remote-controller\/#breadcrumb"},"inLanguage":"et","potentialAction":[{"@type":"ReadAction","target":["https:\/\/www.hnhlcrane.com\/product\/crane-remote-controller\/"]}]},{"@type":"ImageObject","inLanguage":"et","@id":"https:\/\/www.hnhlcrane.com\/product\/crane-remote-controller\/#primaryimage","url":"https:\/\/www.hnhlcrane.com\/wp-content\/uploads\/2024\/12\/Crane-remote-controller-1.jpg","contentUrl":"https:\/\/www.hnhlcrane.com\/wp-content\/uploads\/2024\/12\/Crane-remote-controller-1.jpg","width":600,"height":600},{"@type":"BreadcrumbList","@id":"https:\/\/www.hnhlcrane.com\/product\/crane-remote-controller\/#breadcrumb","itemListElement":[{"@type":"ListItem","position":1,"name":"home","item":"https:\/\/www.hnhlcrane.com\/"},{"@type":"ListItem","position":2,"name":"products","item":"https:\/\/www.hnhlcrane.com\/products\/"},{"@type":"ListItem","position":3,"name":"Crane remote controller"}]},{"@type":"WebSite","@id":"https:\/\/www.hnhlcrane.com\/#website","url":"https:\/\/www.hnhlcrane.com\/","name":"Kraana osade tarnija-HL Crame","description":"\u00dcks lahendus k\u00f5igile teie kraanaosade vajadustele, kraana konks, kraana trummel, kraana ratas, kraana haakeseadeldis, kraana k\u00e4igukast, kraana mootor, kraanapidur, spetsiaalne kraana levitaja, kraana haarats, konteinerite levitaja, kraanaklambrid, kraana C-t\u00fc\u00fcpi levitaja,T\u00f5stmise elektromagnet,Kraana r\u00f6\u00f6bastee klambrid,elektriline t\u00f5stuk,FEM standardne kraana l\u00f5ppvankrid,kerge kraana osad,t\u00f6\u00f6koha kraana osad,kraana elektrilised osad,I-tala kaablik\u00e4ru,kraana kaugjuhtimispult,kraana elektriline juhtimiskapp,Kraana l\u00f5ppl\u00fcliti,Kraana heli- ja valgush\u00e4ire,Raske lennundus\u00fchendus,Kraana \u00fclekoormuse piiraja,Hiina kraanaosade tarnija,Kraana konksud,Gantry kraana konks,Kraana tarvikud,Sepistatud konks,konksu t\u00f6\u00f6tlemine,konksu tootja,Hiina standard kraana konks,elektriline t\u00f5stuk konks,Kraana rihmaratas,konksu rihmaratas,valtsitud rihmaratas,kraana rihmaratas tarnija\uff0cEuroopa konksu rihmaratas,Gantry kraana konksu rihmaratas,WZL t\u00fc\u00fcpi kraana trummel,Euroopa stiilis rullikomplekt,kraana rullik,kraana osad,Trumli t\u00f6\u00f6tlemine,kraanatrumli tootja,Valatud terastrumli,Elektrit\u00f5stuki trummel,Kraanatrumli koost,DRS rattaplokid,Euroopa kraanaratas,Sepistatud rattad,Aktiivrataste komplekt,Ajamisrataste komplekt,Ajamisrataste grupp,Kraanarattade tootja,Demag kraanarattad,Konecranes kraanarattad,\u00d5hukorraldusn\u00f5uratas,V\u00f5lli\u00fchendused,j\u00f5u\u00fclekande\u00fchendused,ketas\u00fchendused,vedeliku\u00fchendused,Haakeseadiste tootja\uff0cCardan coupling,Kraana reduktor,Kraana aeglustid,Reduktori k\u00e4igukast,Reduktor kraanale,Hammasrataste reduktor kraanale,K\u00f5vahambaline pind reduktor,Kraana ja t\u00f5stukite reduktor,Flender reduktor,Reduktori tootja,ZQ reduktor,QJ reduktor,QJY reduktor,Hammasrataste mootorid,Konecranes reduktor.Konecranes reduktor,F-seeria kolme-\u00fches reduktor,K-seeria kolme-\u00fches reduktor,liikuvad masinad,liikuv mootor hammasratastega,hammasrataste mootor kraana liikumiseks,liikuvate masinate sagedusinverter mootorid,FEM standard hammasrataste mootorid,kraanamootorid,Invertermootorid,T\u00f5stukimootorid,mootorKraana t\u00f6\u00f6mootorid,Erimootor kraanale,YZR YZP YZ seeria mootorid,Kraana ja t\u00f5stukimootor,Sagedusmuundusmootor,Elektroh\u00fcdraulilised trummelpidurid,Elektroh\u00fcdraulilised ketaspidurid,Pidurid,Kraanapidurid,Ketaspidurid,Elektromagnetiline ketaspidur,Kraana h\u00fcdrauliline ketaspidur,Pidurite tootja,Kraana ohutuspidurid,Singlr trossikrabi,Neli trossikrabi,Elektroh\u00fcdrauliline mitmeklapp-krabi,Oran\u017e koorekrabi,Elektrimootor-krabi,Electro-Hydraulicclamshell grab,grab tootjad,Container spreader manufacturers,20ft Container Spreader,Semi Automatic container spreader,40ft Container Lifting Frame,TEC container Spreader,Billet lifting clamp,Billet Clamps,Billet crane clamps manufacturer,billet lifting clamps china supplier,Coil C-Type Hook,coil hook,Coil hook,Overhead Crane Steel Coil C-Type Hook,C-hraan C-hook,C-type spreader,C-type hook,C-type hook,Crane magnets,Rail fixing device,Crane Rail fixing device,crane Rail Clamp,CD\/MD Wire Rope Electric Hoist,Wire Rope Electric Hoist China Manufacturer,Single Girder Wire Rope Electric Hoist,Double Girder Wire Rope Electric Hoist,Chain Hoist,Electric chain hoist manufacturer,Electric chain hoist China distributor,European wire rope electric hoist\uff0cEuropean double beam wire rope electric hoist,European Style Single Beam Crane End Carriage,FEN\/DIN European Style Single Beam Crane End Carriage,Kraana l\u00f5pptala tootjad,Euroopa stiilis t\u00f5stuk kahetala kraana l\u00f5pptala,Rippkraana l\u00f5pptala,Euroopa stiilis riputatud \u00fchepalkkraana l\u00f5pptala,FEN\/DIN Rippkraana l\u00f5pptala,kraana trossik\u00e4ru,traadita kaugjuhtimispult,kaugjuhtimispult,kraana juhtk\u00e4epide,kraana juhtimispuldid,elektriline juhtimiskapp,kraana juhtimiskapp,l\u00f5ppl\u00fcliti,heli ja valgush\u00e4ire,lennunduspistik,kiir\u00fchendus,kraana lennunduspistik,\u00fclekoormuse piiraja.","publisher":{"@id":"https:\/\/www.hnhlcrane.com\/#organization"},"potentialAction":[{"@type":"SearchAction","target":{"@type":"EntryPoint","urlTemplate":"https:\/\/www.hnhlcrane.com\/?s={search_term_string}"},"query-input":{"@type":"PropertyValueSpecification","valueRequired":true,"valueName":"search_term_string"}}],"inLanguage":"et"},{"@type":"Organization","@id":"https:\/\/www.hnhlcrane.com\/#organization","name":"Kraana osade tarnija-HL Crame","url":"https:\/\/www.hnhlcrane.com\/","logo":{"@type":"ImageObject","inLanguage":"et","@id":"https:\/\/www.hnhlcrane.com\/#\/schema\/logo\/image\/","url":"https:\/\/www.hnhlcrane.com\/wp-content\/uploads\/2024\/09\/logo6-1-e1733899395598.png","contentUrl":"https:\/\/www.hnhlcrane.com\/wp-content\/uploads\/2024\/09\/logo6-1-e1733899395598.png","width":1000,"height":282,"caption":"Crane Parts Supplier-HL Crame"},"image":{"@id":"https:\/\/www.hnhlcrane.com\/#\/schema\/logo\/image\/"}}]}},"_links":{"self":[{"href":"https:\/\/www.hnhlcrane.com\/et\/wp-json\/wp\/v2\/product\/5740","targetHints":{"allow":["GET"]}}],"collection":[{"href":"https:\/\/www.hnhlcrane.com\/et\/wp-json\/wp\/v2\/product"}],"about":[{"href":"https:\/\/www.hnhlcrane.com\/et\/wp-json\/wp\/v2\/types\/product"}],"version-history":[{"count":1,"href":"https:\/\/www.hnhlcrane.com\/et\/wp-json\/wp\/v2\/product\/5740\/revisions"}],"predecessor-version":[{"id":6979,"href":"https:\/\/www.hnhlcrane.com\/et\/wp-json\/wp\/v2\/product\/5740\/revisions\/6979"}],"wp:featuredmedia":[{"embeddable":true,"href":"https:\/\/www.hnhlcrane.com\/et\/wp-json\/wp\/v2\/media\/5741"}],"wp:attachment":[{"href":"https:\/\/www.hnhlcrane.com\/et\/wp-json\/wp\/v2\/media?parent=5740"}],"wp:term":[{"taxonomy":"product_brand","embeddable":true,"href":"https:\/\/www.hnhlcrane.com\/et\/wp-json\/wp\/v2\/product_brand?post=5740"},{"taxonomy":"product_cat","embeddable":true,"href":"https:\/\/www.hnhlcrane.com\/et\/wp-json\/wp\/v2\/product_cat?post=5740"},{"taxonomy":"product_tag","embeddable":true,"href":"https:\/\/www.hnhlcrane.com\/et\/wp-json\/wp\/v2\/product_tag?post=5740"}],"curies":[{"name":"wp","href":"https:\/\/api.w.org\/{rel}","templated":true}]}}