{"id":5659,"date":"2024-12-03T17:07:45","date_gmt":"2024-12-03T09:07:45","guid":{"rendered":"https:\/\/www.hnhlcrane.com\/?post_type=product&#038;p=5659"},"modified":"2026-04-20T23:34:00","modified_gmt":"2026-04-20T15:34:00","slug":"fem-vedrustuse-kraana-otsakandurid","status":"publish","type":"product","link":"https:\/\/www.hnhlcrane.com\/et\/toode\/fem-vedrustuse-kraana-otsakandurid\/","title":{"rendered":"FEM Rippkraana l\u00f5ppvankrid"},"content":{"rendered":"<h6><strong><span style=\"font-family: arial, helvetica, sans-serif; font-size: 18pt;\">FEM Suspensioni kraanade l\u00f5ppvagunite peamised omadused on j\u00e4rgmised:<\/span><\/strong><\/h6>\n<ul>\n<li><strong>Kompaktne struktuur<\/strong>: FEM Suspensioni kraana otsakandurite konstruktsioon on v\u00e4ga kompaktne. See disain ei anna mitte ainult \u00fcldkonstruktsioonile puhta ja lihtsa v\u00e4limuse, vaid h\u00f5lbustab ka lihtsat laadimist, mahalaadimist ja hooldust.<\/li>\n<li><strong>Kerge disain<\/strong>: T\u00e4nu t\u00e4iustatud tootmistehnoloogiatele ja kergetele materjalidele on Euroopa vedrustuse l\u00f5ppvankri kaal oluliselt v\u00e4henenud. See mitte ainult ei tee seda kergemini liigutatavaks ja paigaldatavaks, vaid v\u00e4hendab ka energiatarbimist ja suurendab keskkonnaalast kasu.<\/li>\n<li><strong>K\u00f5rge tugevus<\/strong>: Otsakandurid on valmistatud \u00fclitugevatest materjalidest ja optimeeritud konstruktsioonikonstruktsioonidest, mis v\u00f5imaldavad neil kanda suuri koormusi ja taluda ootamatuid p\u00f5rutusi, tagades konstruktsiooni tugevuse ja stabiilsuse.<\/li>\n<li><strong>Ohutuskaitse<\/strong>: S\u00fcsteem on varustatud ulatusliku ohutuskaitses\u00fcsteemiga, mis h\u00f5lmab r\u00f6\u00f6bastelt mahajooksu kaitseseadmeid ja puhvreid ning tagab seadme ohutu t\u00f6\u00f6.<\/li>\n<li><strong>K\u00f5rge t\u00e4psusega tootmine<\/strong>: L\u00f5puvankrid on valmistatud suure t\u00e4psusega, n\u00e4iteks CNC-puurimise ja suure tugevusega poltide \u00fchendamise abil, mis tagab seadme t\u00e4psuse ja t\u00f5rgeteta t\u00f6\u00f6.<\/li>\n<\/ul>\n<h6><strong><span style=\"font-family: arial, helvetica, sans-serif; font-size: 18pt;\">FEM Suspensioni kraanade l\u00f5ppvankrite konkreetsed eelised on j\u00e4rgmised:<\/span><\/strong><\/h6>\n<ul>\n<li><strong>Energiat\u00f5husus<\/strong>: T\u00e4nu oma kergele ja t\u00f5husale konstruktsioonile on Euroopa vedruvedrude energiatarbimine suurep\u00e4rane, mis on koosk\u00f5las keskkonnas\u00e4\u00e4stliku disaini p\u00f5him\u00f5tetega.<\/li>\n<li><strong>Kasutamise lihtsus<\/strong>: L\u00f5puvagunite konstruktsioonis on arvestatud kasutaja mugavust. Lisav\u00f5imalused, n\u00e4iteks juhtmevaba kaugjuhtimiss\u00fcsteem, suurendavad t\u00f6\u00f6 paindlikkust ja kasutusmugavust.<\/li>\n<li><strong>K\u00f5rge ohutus<\/strong>: Seadmed on varustatud mitmete kaitsemeetmetega, nagu \u00fclekuumenemiskaitse ja \u00fclekoormuskaitse, mis tagavad ohutu t\u00f6\u00f6.<\/li>\n<li><strong>Laialdane kohaldatavus<\/strong>: T\u00e4nu oma kergele ja kompaktsele suurusele sobivad Euroopa vedruvedrud paljudesse t\u00f6\u00f6keskkondadesse, s\u00e4\u00e4stes ehituskulusid.<\/li>\n<\/ul>\n<p>FEM-riputusega kraanade l\u00f5ppvagunite rakendusskeemid on v\u00e4ga laiad. T\u00e4nu oma kergusele, suurele tugevusele ja turvaomadustele kasutatakse neid l\u00f5ppvankreid laialdaselt kaasaegsetes t\u00f6\u00f6stuskeskkondades, n\u00e4iteks tehastes ja ladudes, kus t\u00f5hus ja ohutu materjalik\u00e4itlus on h\u00e4davajalik. T\u00e4nu nende kompaktsele konstruktsioonile ja k\u00f5rgele t\u00f5hususele on need ideaalsed piiratud ruumides maksimaalse j\u00f5udluse saavutamiseks, mist\u00f5ttu sobivad need erinevateks t\u00f6\u00f6stuslikeks rakendusteks.<\/p>\n<h6><strong><span style=\"font-family: arial, helvetica, sans-serif; font-size: 18pt;\">1.DU10 3.2t Rippkraana l\u00f5ppvagunid<\/span><\/strong><\/h6>\n<p><img fetchpriority=\"high\" decoding=\"async\" class=\"alignnone wp-image-5673\" src=\"https:\/\/www.hnhlcrane.com\/wp-content\/uploads\/2024\/12\/FEM-Suspension-crane-end-carriages-3.2t-300x211.jpg\" alt=\"\" width=\"800\" height=\"563\" srcset=\"https:\/\/www.hnhlcrane.com\/wp-content\/uploads\/2024\/12\/FEM-Suspension-crane-end-carriages-3.2t-300x211.jpg 300w, https:\/\/www.hnhlcrane.com\/wp-content\/uploads\/2024\/12\/FEM-Suspension-crane-end-carriages-3.2t-768x540.jpg 768w, https:\/\/www.hnhlcrane.com\/wp-content\/uploads\/2024\/12\/FEM-Suspension-crane-end-carriages-3.2t-600x422.jpg 600w, https:\/\/www.hnhlcrane.com\/wp-content\/uploads\/2024\/12\/FEM-Suspension-crane-end-carriages-3.2t.jpg 1000w\" sizes=\"(max-width: 800px) 100vw, 800px\" \/><\/p>\n<p>\u2460 puhver<i>\uff1b<\/i>\u2461Endtuled<i>\uff1b<\/i>\u2462Rattad<i>(drive)<\/i><i>\uff1b<\/i>\u2463Rattad<i>(t\u00fchik\u00e4igul)<\/i><i>\uff1b<\/i>\u2464Rattad<i>(t\u00fchik\u00e4ik v\u00f5i s\u00f5it)<\/i><\/p>\n<h6><strong><span style=\"font-family: arial, helvetica, sans-serif; font-size: 18pt;\">2.DU13 5t Kandekraana l\u00f5ppvagunid<\/span><\/strong><\/h6>\n<p><img decoding=\"async\" class=\"alignnone wp-image-5674\" src=\"https:\/\/www.hnhlcrane.com\/wp-content\/uploads\/2024\/12\/FEM-Suspension-crane-end-carriages-5t-300x226.jpg\" alt=\"\" width=\"799\" height=\"602\" srcset=\"https:\/\/www.hnhlcrane.com\/wp-content\/uploads\/2024\/12\/FEM-Suspension-crane-end-carriages-5t-300x226.jpg 300w, https:\/\/www.hnhlcrane.com\/wp-content\/uploads\/2024\/12\/FEM-Suspension-crane-end-carriages-5t-768x578.jpg 768w, https:\/\/www.hnhlcrane.com\/wp-content\/uploads\/2024\/12\/FEM-Suspension-crane-end-carriages-5t-600x451.jpg 600w, https:\/\/www.hnhlcrane.com\/wp-content\/uploads\/2024\/12\/FEM-Suspension-crane-end-carriages-5t.jpg 1000w\" sizes=\"(max-width: 799px) 100vw, 799px\" \/><\/p>\n<p>\u2460 puhver<i>\uff1b<\/i>\u2461Endtuled<i>\uff1b<\/i>\u2462Rattad<i>(drive)\uff1b<\/i>\u2463Rattad<i>(t\u00fchik\u00e4igul)\uff1b<\/i>\u2464Rattad<i>(t\u00fchik\u00e4ik v\u00f5i s\u00f5it)<\/i><\/p>\n<h6><strong><span style=\"font-family: arial, helvetica, sans-serif; font-size: 18pt;\">3.DU16 10t Kandekraani otsavagunid 3.DU16 10t Kandekraanide otsavagunid<\/span><\/strong><\/h6>\n<p><img decoding=\"async\" class=\"alignnone wp-image-5675\" src=\"https:\/\/www.hnhlcrane.com\/wp-content\/uploads\/2024\/12\/FEM-Suspension-crane-end-carriages-10t-300x216.jpg\" alt=\"\" width=\"800\" height=\"576\" srcset=\"https:\/\/www.hnhlcrane.com\/wp-content\/uploads\/2024\/12\/FEM-Suspension-crane-end-carriages-10t-300x216.jpg 300w, https:\/\/www.hnhlcrane.com\/wp-content\/uploads\/2024\/12\/FEM-Suspension-crane-end-carriages-10t-768x553.jpg 768w, https:\/\/www.hnhlcrane.com\/wp-content\/uploads\/2024\/12\/FEM-Suspension-crane-end-carriages-10t-600x432.jpg 600w, https:\/\/www.hnhlcrane.com\/wp-content\/uploads\/2024\/12\/FEM-Suspension-crane-end-carriages-10t.jpg 1000w\" sizes=\"(max-width: 800px) 100vw, 800px\" \/><\/p>\n<p>\u2460 puhver<i>\uff1b<\/i>\u2461Endtuled<i>\uff1b<\/i>\u2462Rattad<i>(drive)\uff1b<\/i>\u2463Rattad<i>(t\u00fchik\u00e4igul)\uff1b<\/i>\u2464Rattad<i>(t\u00fchik\u00e4ik v\u00f5i s\u00f5it)<\/i><\/p>","protected":false},"excerpt":{"rendered":"<h6><strong><span style=\"font-family: arial, helvetica, sans-serif; font-size: 14pt;\">Spetsifikatsioonid <\/span><span style=\"font-family: arial, helvetica, sans-serif; font-size: 14pt;\">FEM Rippkraana l\u00f5ppvankrid<\/span><\/strong><\/h6>\n<ul>\n<li><strong>Mudelid<\/strong>:DU10,DU13,DU16<\/li>\n<li><strong>Velje materjal<\/strong>: 40Cr<\/li>\n<li><strong>Ratta\u00fchenduse t\u00fc\u00fcbid<\/strong>: gear<\/li>\n<li><strong>Sobiv r\u00f6\u00f6bastee vorm:<\/strong> I-tala, H-tala<\/li>\n<\/ul>","protected":false},"featured_media":5660,"template":"","meta":{"_kad_post_transparent":"default","_kad_post_title":"","_kad_post_layout":"default","_kad_post_sidebar_id":"","_kad_post_content_style":"default","_kad_post_vertical_padding":"show","_kad_post_feature":"","_kad_post_feature_position":"","_kad_post_header":false,"_kad_post_footer":false},"product_brand":[],"product_cat":[62,61],"product_tag":[253,255,252,256,251,258,249,248,247,250,254,259,257],"class_list":{"0":"post-5659","1":"product","2":"type-product","3":"status-publish","4":"has-post-thumbnail","6":"product_cat-fem-standard-crane-end-carriages","7":"product_cat-fem-standard-crane-parts","8":"product_tag-crane-end-beam","9":"product_tag-crane-end-beam-manufacturers","10":"product_tag-end-carriages","11":"product_tag-european-style-hoist-double-beam-crane-end-beam","12":"product_tag-european-style-single-beam-crane-end-carriage","13":"product_tag-european-style-suspended-single-beam-crane-end-beam","14":"product_tag-fem-double-girder-crane-end-carriages","15":"product_tag-fem-single-girder-crane-end-carriages","16":"product_tag-fem-standard-crane-end-carriages","17":"product_tag-fem-suspension-crane-end-carriages","18":"product_tag-fen-din-european-style-single-beam-crane-end-carriage","19":"product_tag-fen-din-suspension-crane-end-beam","20":"product_tag-suspension-crane-end-beam","22":"first","23":"instock","24":"featured","25":"shipping-taxable","26":"product-type-simple","27":"entry","28":"content-bg","29":"loop-entry"},"yoast_head":"<!-- This site is optimized with the Yoast SEO plugin v25.6 - https:\/\/yoast.com\/wordpress\/plugins\/seo\/ -->\n<title>FEM Suspension crane end carriages | Motorized Travel<\/title>\n<meta name=\"description\" content=\"FEM standard suspension crane end carriages with motorized travel. Reliable performance for overhead cranes. Custom design available.\" \/>\n<meta name=\"robots\" content=\"index, follow, max-snippet:-1, max-image-preview:large, max-video-preview:-1\" \/>\n<link rel=\"canonical\" href=\"https:\/\/www.hnhlcrane.com\/et\/toode\/fem-vedrustuse-kraana-otsakandurid\/\" \/>\n<meta property=\"og:locale\" content=\"et_EE\" \/>\n<meta property=\"og:type\" content=\"article\" \/>\n<meta property=\"og:title\" content=\"FEM Suspension crane end carriages | Motorized Travel\" \/>\n<meta property=\"og:description\" content=\"FEM standard suspension crane end carriages with motorized travel. Reliable performance for overhead cranes. Custom design available.\" \/>\n<meta property=\"og:url\" content=\"https:\/\/www.hnhlcrane.com\/et\/toode\/fem-vedrustuse-kraana-otsakandurid\/\" \/>\n<meta property=\"og:site_name\" content=\"Crane Parts Supplier-HL Crame\" \/>\n<meta property=\"article:modified_time\" content=\"2026-04-20T15:34:00+00:00\" \/>\n<meta property=\"og:image\" content=\"https:\/\/www.hnhlcrane.com\/wp-content\/uploads\/2024\/12\/FEM-Suspension-crane-end-carriages.jpg\" \/>\n\t<meta property=\"og:image:width\" content=\"600\" \/>\n\t<meta property=\"og:image:height\" content=\"600\" \/>\n\t<meta property=\"og:image:type\" content=\"image\/jpeg\" \/>\n<meta name=\"twitter:card\" content=\"summary_large_image\" \/>\n<meta name=\"twitter:label1\" content=\"Est. reading time\" \/>\n\t<meta name=\"twitter:data1\" content=\"3 minutit\" \/>\n<script type=\"application\/ld+json\" class=\"yoast-schema-graph\">{\"@context\":\"https:\/\/schema.org\",\"@graph\":[{\"@type\":\"WebPage\",\"@id\":\"https:\/\/www.hnhlcrane.com\/product\/fem-suspension-crane-end-carriages\/\",\"url\":\"https:\/\/www.hnhlcrane.com\/product\/fem-suspension-crane-end-carriages\/\",\"name\":\"FEM Suspension crane end carriages | Motorized Travel\",\"isPartOf\":{\"@id\":\"https:\/\/www.hnhlcrane.com\/#website\"},\"primaryImageOfPage\":{\"@id\":\"https:\/\/www.hnhlcrane.com\/product\/fem-suspension-crane-end-carriages\/#primaryimage\"},\"image\":{\"@id\":\"https:\/\/www.hnhlcrane.com\/product\/fem-suspension-crane-end-carriages\/#primaryimage\"},\"thumbnailUrl\":\"https:\/\/www.hnhlcrane.com\/wp-content\/uploads\/2024\/12\/FEM-Suspension-crane-end-carriages.jpg\",\"datePublished\":\"2024-12-03T09:07:45+00:00\",\"dateModified\":\"2026-04-20T15:34:00+00:00\",\"description\":\"FEM standard suspension crane end carriages with motorized travel. Reliable performance for overhead cranes. Custom design available.\",\"breadcrumb\":{\"@id\":\"https:\/\/www.hnhlcrane.com\/product\/fem-suspension-crane-end-carriages\/#breadcrumb\"},\"inLanguage\":\"et\",\"potentialAction\":[{\"@type\":\"ReadAction\",\"target\":[\"https:\/\/www.hnhlcrane.com\/product\/fem-suspension-crane-end-carriages\/\"]}]},{\"@type\":\"ImageObject\",\"inLanguage\":\"et\",\"@id\":\"https:\/\/www.hnhlcrane.com\/product\/fem-suspension-crane-end-carriages\/#primaryimage\",\"url\":\"https:\/\/www.hnhlcrane.com\/wp-content\/uploads\/2024\/12\/FEM-Suspension-crane-end-carriages.jpg\",\"contentUrl\":\"https:\/\/www.hnhlcrane.com\/wp-content\/uploads\/2024\/12\/FEM-Suspension-crane-end-carriages.jpg\",\"width\":600,\"height\":600},{\"@type\":\"BreadcrumbList\",\"@id\":\"https:\/\/www.hnhlcrane.com\/product\/fem-suspension-crane-end-carriages\/#breadcrumb\",\"itemListElement\":[{\"@type\":\"ListItem\",\"position\":1,\"name\":\"home\",\"item\":\"https:\/\/www.hnhlcrane.com\/\"},{\"@type\":\"ListItem\",\"position\":2,\"name\":\"products\",\"item\":\"https:\/\/www.hnhlcrane.com\/products\/\"},{\"@type\":\"ListItem\",\"position\":3,\"name\":\"FEM Suspension crane end carriages\"}]},{\"@type\":\"WebSite\",\"@id\":\"https:\/\/www.hnhlcrane.com\/#website\",\"url\":\"https:\/\/www.hnhlcrane.com\/\",\"name\":\"Crane Parts Supplier-HL Crame\",\"description\":\"One-stop solution for all your  crane parts needs,Crane Hook,Crane Drum,Crane Wheel,Crane Coupling,Crane Gearbox,Crane Motor,Crane Brake,Special Crane Spreader,Crane grab,Container spreader,Billet crane clamps,Crane C-type spreader,Lifting Electromagnet,Crane Rail Clips,Electric Hoist,FEM Standard Crane End Carriages,Light Crane Parts,Workstation Crane Parts,Crane Electrical Parts,I-beam cable trolley,Crane remote controller,Crane electrical control cabinet,Crane limit switch,Crane sound and light alarm,Heavy Duty Aviation Connector,Crane overload limiter,China Crane Parts Supplier,Crane hooks,Gantry crane hook,Crane accessories,Forged hook,hook processing,Hook manufacturer,China standard crane hook,electric hoist hook,Crane pulley,Hook pulley,Rolled pulley,Crane Pulley Supplier\uff0cEuropean hook pulley,Gantry crane hook pulley,WZL type crane drum,European style reel set,Crane reel,crane parts,Drum processing,crane drum manufacturer,Cast steel drum,Electric hoist drum,Crane drum assembly,DRS Wheel Blocks,European crane wheel,Forged wheels,Active wheel set,Driving wheel set,Driven wheel group,crane wheels manufacturer,Demag crane wheels,Konecranes Crane Wheels,Overhead crane Wheel,Shaft couplings,Power Transmission Couplings,Disc Couplings,Fluid couplings,Coupling manufacturer\uff0cCardan coupling,Crane Reducer,Crane Decelerators,Reducer gearbox,Reducer for crane,Gear Reducer For Crane,Hard tooth surface reducerCrane and hoist reducer,Flender reducer,Reducer manufacturer,ZQ reducer,QJ reducer,QJY reducer,Gear Motors,Konecranes reducer,F series three-in-one reducer,K series three-in-one reducer,travelling machinery,Travelling Motor With Gear,Gear Motor for Crane Traveling,Travelling machinery Frequency inverter motors,FEM standard Gear Motors,Crane motors,Inverter motors,Hoist motors,motorCrane duty motors,Special motor for crane,YZR YZP YZ series motors,Crane and hoist motor,Frequency conversion motor,Electro hydraulic drum brakes,Electro-hydraulic disc brakes,Brake,Overhead Crane Brakes,Disc brakes,Electromagnetic disk brake,Crane hydraulic disc brake,Brakes manufacturer,crane Safety brakes,Singlr rope grab,Four rope grab,Electro-hydraulic multi-flap grab,Orange peel grab,Electric motor grab,Electro-Hydraulicclamshell grab,grab manufacturers,Container spreader manufacturers,20ft Container Spreader,Semi Automatic container spreader,40ft Container Lifting Frame,TEC container Spreader,Billet lifting clamp,Billet Clamps,Billet crane clamps manufacturer,billet lifting clamps china supplier,Coil C-Type Hook,coil hook,Overhead Crane Steel Coil C-Type Hook,Crane C-hook,C-type spreader,C-type hook,Crane magnets,Rail fixing device,Crane Rail fixing device,crane Rail Clamp,CD\/MD Wire Rope Electric Hoist,Wire Rope Electric Hoist China Manufacturer,Single Girder Wire Rope Electric Hoist,Double Girder Wire Rope Electric Hoist,Chain Hoist,Electric chain hoist manufacturer,Electric chain hoist China distributor,European wire rope electric hoist\uff0cEuropean double beam wire rope electric hoist,European Style Single Beam Crane End Carriage,FEN\/DIN European Style Single Beam Crane End Carriage,Crane end beam manufacturers,European style hoist double beam crane end beam,Suspension crane end beam,European style suspended single beam crane end beam,FEN\/DIN Suspension crane end beam,crane cable trolley,Wireless remote control,remote controller,Crane control handle,Crane Controls,electrical control cabinet,crane control cabinet,Limit switch,Sound and light alarm,Aviation plug,quick connector,Crane aviation plug,Overload limiter\",\"publisher\":{\"@id\":\"https:\/\/www.hnhlcrane.com\/#organization\"},\"potentialAction\":[{\"@type\":\"SearchAction\",\"target\":{\"@type\":\"EntryPoint\",\"urlTemplate\":\"https:\/\/www.hnhlcrane.com\/?s={search_term_string}\"},\"query-input\":{\"@type\":\"PropertyValueSpecification\",\"valueRequired\":true,\"valueName\":\"search_term_string\"}}],\"inLanguage\":\"et\"},{\"@type\":\"Organization\",\"@id\":\"https:\/\/www.hnhlcrane.com\/#organization\",\"name\":\"Crane Parts Supplier-HL Crame\",\"url\":\"https:\/\/www.hnhlcrane.com\/\",\"logo\":{\"@type\":\"ImageObject\",\"inLanguage\":\"et\",\"@id\":\"https:\/\/www.hnhlcrane.com\/#\/schema\/logo\/image\/\",\"url\":\"https:\/\/www.hnhlcrane.com\/wp-content\/uploads\/2024\/09\/logo6-1-e1733899395598.png\",\"contentUrl\":\"https:\/\/www.hnhlcrane.com\/wp-content\/uploads\/2024\/09\/logo6-1-e1733899395598.png\",\"width\":1000,\"height\":282,\"caption\":\"Crane Parts Supplier-HL Crame\"},\"image\":{\"@id\":\"https:\/\/www.hnhlcrane.com\/#\/schema\/logo\/image\/\"}}]}<\/script>\n<!-- \/ Yoast SEO plugin. -->","yoast_head_json":{"title":"FEM Suspension crane end carriages | Motorized Travel","description":"FEM standard suspension crane end carriages with motorized travel. Reliable performance for overhead cranes. Custom design available.","robots":{"index":"index","follow":"follow","max-snippet":"max-snippet:-1","max-image-preview":"max-image-preview:large","max-video-preview":"max-video-preview:-1"},"canonical":"https:\/\/www.hnhlcrane.com\/et\/toode\/fem-vedrustuse-kraana-otsakandurid\/","og_locale":"et_EE","og_type":"article","og_title":"FEM Suspension crane end carriages | Motorized Travel","og_description":"FEM standard suspension crane end carriages with motorized travel. Reliable performance for overhead cranes. Custom design available.","og_url":"https:\/\/www.hnhlcrane.com\/et\/toode\/fem-vedrustuse-kraana-otsakandurid\/","og_site_name":"Crane Parts Supplier-HL Crame","article_modified_time":"2026-04-20T15:34:00+00:00","og_image":[{"width":600,"height":600,"url":"https:\/\/www.hnhlcrane.com\/wp-content\/uploads\/2024\/12\/FEM-Suspension-crane-end-carriages.jpg","type":"image\/jpeg"}],"twitter_card":"summary_large_image","twitter_misc":{"Est. reading time":"3 minutit"},"schema":{"@context":"https:\/\/schema.org","@graph":[{"@type":"WebPage","@id":"https:\/\/www.hnhlcrane.com\/product\/fem-suspension-crane-end-carriages\/","url":"https:\/\/www.hnhlcrane.com\/product\/fem-suspension-crane-end-carriages\/","name":"FEM Suspension crane end carriages | Motorized Travel","isPartOf":{"@id":"https:\/\/www.hnhlcrane.com\/#website"},"primaryImageOfPage":{"@id":"https:\/\/www.hnhlcrane.com\/product\/fem-suspension-crane-end-carriages\/#primaryimage"},"image":{"@id":"https:\/\/www.hnhlcrane.com\/product\/fem-suspension-crane-end-carriages\/#primaryimage"},"thumbnailUrl":"https:\/\/www.hnhlcrane.com\/wp-content\/uploads\/2024\/12\/FEM-Suspension-crane-end-carriages.jpg","datePublished":"2024-12-03T09:07:45+00:00","dateModified":"2026-04-20T15:34:00+00:00","description":"FEM standard suspension crane end carriages with motorized travel. Reliable performance for overhead cranes. Custom design available.","breadcrumb":{"@id":"https:\/\/www.hnhlcrane.com\/product\/fem-suspension-crane-end-carriages\/#breadcrumb"},"inLanguage":"et","potentialAction":[{"@type":"ReadAction","target":["https:\/\/www.hnhlcrane.com\/product\/fem-suspension-crane-end-carriages\/"]}]},{"@type":"ImageObject","inLanguage":"et","@id":"https:\/\/www.hnhlcrane.com\/product\/fem-suspension-crane-end-carriages\/#primaryimage","url":"https:\/\/www.hnhlcrane.com\/wp-content\/uploads\/2024\/12\/FEM-Suspension-crane-end-carriages.jpg","contentUrl":"https:\/\/www.hnhlcrane.com\/wp-content\/uploads\/2024\/12\/FEM-Suspension-crane-end-carriages.jpg","width":600,"height":600},{"@type":"BreadcrumbList","@id":"https:\/\/www.hnhlcrane.com\/product\/fem-suspension-crane-end-carriages\/#breadcrumb","itemListElement":[{"@type":"ListItem","position":1,"name":"home","item":"https:\/\/www.hnhlcrane.com\/"},{"@type":"ListItem","position":2,"name":"products","item":"https:\/\/www.hnhlcrane.com\/products\/"},{"@type":"ListItem","position":3,"name":"FEM Suspension crane end carriages"}]},{"@type":"WebSite","@id":"https:\/\/www.hnhlcrane.com\/#website","url":"https:\/\/www.hnhlcrane.com\/","name":"Kraana osade tarnija-HL Crame","description":"\u00dcks lahendus k\u00f5igile teie kraanaosade vajadustele, kraana konks, kraana trummel, kraana ratas, kraana haakeseadeldis, kraana k\u00e4igukast, kraana mootor, kraanapidur, spetsiaalne kraana levitaja, kraana haarats, konteinerite levitaja, kraanaklambrid, kraana C-t\u00fc\u00fcpi levitaja,T\u00f5stmise elektromagnet,Kraana r\u00f6\u00f6bastee klambrid,elektriline t\u00f5stuk,FEM standardne kraana l\u00f5ppvankrid,kerge kraana osad,t\u00f6\u00f6koha kraana osad,kraana elektrilised osad,I-tala kaablik\u00e4ru,kraana kaugjuhtimispult,kraana elektriline juhtimiskapp,Kraana l\u00f5ppl\u00fcliti,Kraana heli- ja valgush\u00e4ire,Raske lennundus\u00fchendus,Kraana \u00fclekoormuse piiraja,Hiina kraanaosade tarnija,Kraana konksud,Gantry kraana konks,Kraana tarvikud,Sepistatud konks,konksu t\u00f6\u00f6tlemine,konksu tootja,Hiina standard kraana konks,elektriline t\u00f5stuk konks,Kraana rihmaratas,konksu rihmaratas,valtsitud rihmaratas,kraana rihmaratas tarnija\uff0cEuroopa konksu rihmaratas,Gantry kraana konksu rihmaratas,WZL t\u00fc\u00fcpi kraana trummel,Euroopa stiilis rullikomplekt,kraana rullik,kraana osad,Trumli t\u00f6\u00f6tlemine,kraanatrumli tootja,Valatud terastrumli,Elektrit\u00f5stuki trummel,Kraanatrumli koost,DRS rattaplokid,Euroopa kraanaratas,Sepistatud rattad,Aktiivrataste komplekt,Ajamisrataste komplekt,Ajamisrataste grupp,Kraanarattade tootja,Demag kraanarattad,Konecranes kraanarattad,\u00d5hukorraldusn\u00f5uratas,V\u00f5lli\u00fchendused,j\u00f5u\u00fclekande\u00fchendused,ketas\u00fchendused,vedeliku\u00fchendused,Haakeseadiste tootja\uff0cCardan coupling,Kraana reduktor,Kraana aeglustid,Reduktori k\u00e4igukast,Reduktor kraanale,Hammasrataste reduktor kraanale,K\u00f5vahambaline pind reduktor,Kraana ja t\u00f5stukite reduktor,Flender reduktor,Reduktori tootja,ZQ reduktor,QJ reduktor,QJY reduktor,Hammasrataste mootorid,Konecranes reduktor.Konecranes reduktor,F-seeria kolme-\u00fches reduktor,K-seeria kolme-\u00fches reduktor,liikuvad masinad,liikuv mootor hammasratastega,hammasrataste mootor kraana liikumiseks,liikuvate masinate sagedusinverter mootorid,FEM standard hammasrataste mootorid,kraanamootorid,Invertermootorid,T\u00f5stukimootorid,mootorKraana t\u00f6\u00f6mootorid,Erimootor kraanale,YZR YZP YZ seeria mootorid,Kraana ja t\u00f5stukimootor,Sagedusmuundusmootor,Elektroh\u00fcdraulilised trummelpidurid,Elektroh\u00fcdraulilised ketaspidurid,Pidurid,Kraanapidurid,Ketaspidurid,Elektromagnetiline ketaspidur,Kraana h\u00fcdrauliline ketaspidur,Pidurite tootja,Kraana ohutuspidurid,Singlr trossikrabi,Neli trossikrabi,Elektroh\u00fcdrauliline mitmeklapp-krabi,Oran\u017e koorekrabi,Elektrimootor-krabi,Electro-Hydraulicclamshell grab,grab tootjad,Container spreader manufacturers,20ft Container Spreader,Semi Automatic container spreader,40ft Container Lifting Frame,TEC container Spreader,Billet lifting clamp,Billet Clamps,Billet crane clamps manufacturer,billet lifting clamps china supplier,Coil C-Type Hook,coil hook,Coil hook,Overhead Crane Steel Coil C-Type Hook,C-hraan C-hook,C-type spreader,C-type hook,C-type hook,Crane magnets,Rail fixing device,Crane Rail fixing device,crane Rail Clamp,CD\/MD Wire Rope Electric Hoist,Wire Rope Electric Hoist China Manufacturer,Single Girder Wire Rope Electric Hoist,Double Girder Wire Rope Electric Hoist,Chain Hoist,Electric chain hoist manufacturer,Electric chain hoist China distributor,European wire rope electric hoist\uff0cEuropean double beam wire rope electric hoist,European Style Single Beam Crane End Carriage,FEN\/DIN European Style Single Beam Crane End Carriage,Kraana l\u00f5pptala tootjad,Euroopa stiilis t\u00f5stuk kahetala kraana l\u00f5pptala,Rippkraana l\u00f5pptala,Euroopa stiilis riputatud \u00fchepalkkraana l\u00f5pptala,FEN\/DIN Rippkraana l\u00f5pptala,kraana trossik\u00e4ru,traadita kaugjuhtimispult,kaugjuhtimispult,kraana juhtk\u00e4epide,kraana juhtimispuldid,elektriline juhtimiskapp,kraana juhtimiskapp,l\u00f5ppl\u00fcliti,heli ja valgush\u00e4ire,lennunduspistik,kiir\u00fchendus,kraana lennunduspistik,\u00fclekoormuse piiraja.","publisher":{"@id":"https:\/\/www.hnhlcrane.com\/#organization"},"potentialAction":[{"@type":"SearchAction","target":{"@type":"EntryPoint","urlTemplate":"https:\/\/www.hnhlcrane.com\/?s={search_term_string}"},"query-input":{"@type":"PropertyValueSpecification","valueRequired":true,"valueName":"search_term_string"}}],"inLanguage":"et"},{"@type":"Organization","@id":"https:\/\/www.hnhlcrane.com\/#organization","name":"Kraana osade tarnija-HL Crame","url":"https:\/\/www.hnhlcrane.com\/","logo":{"@type":"ImageObject","inLanguage":"et","@id":"https:\/\/www.hnhlcrane.com\/#\/schema\/logo\/image\/","url":"https:\/\/www.hnhlcrane.com\/wp-content\/uploads\/2024\/09\/logo6-1-e1733899395598.png","contentUrl":"https:\/\/www.hnhlcrane.com\/wp-content\/uploads\/2024\/09\/logo6-1-e1733899395598.png","width":1000,"height":282,"caption":"Crane Parts Supplier-HL Crame"},"image":{"@id":"https:\/\/www.hnhlcrane.com\/#\/schema\/logo\/image\/"}}]}},"_links":{"self":[{"href":"https:\/\/www.hnhlcrane.com\/et\/wp-json\/wp\/v2\/product\/5659","targetHints":{"allow":["GET"]}}],"collection":[{"href":"https:\/\/www.hnhlcrane.com\/et\/wp-json\/wp\/v2\/product"}],"about":[{"href":"https:\/\/www.hnhlcrane.com\/et\/wp-json\/wp\/v2\/types\/product"}],"version-history":[{"count":1,"href":"https:\/\/www.hnhlcrane.com\/et\/wp-json\/wp\/v2\/product\/5659\/revisions"}],"predecessor-version":[{"id":7497,"href":"https:\/\/www.hnhlcrane.com\/et\/wp-json\/wp\/v2\/product\/5659\/revisions\/7497"}],"wp:featuredmedia":[{"embeddable":true,"href":"https:\/\/www.hnhlcrane.com\/et\/wp-json\/wp\/v2\/media\/5660"}],"wp:attachment":[{"href":"https:\/\/www.hnhlcrane.com\/et\/wp-json\/wp\/v2\/media?parent=5659"}],"wp:term":[{"taxonomy":"product_brand","embeddable":true,"href":"https:\/\/www.hnhlcrane.com\/et\/wp-json\/wp\/v2\/product_brand?post=5659"},{"taxonomy":"product_cat","embeddable":true,"href":"https:\/\/www.hnhlcrane.com\/et\/wp-json\/wp\/v2\/product_cat?post=5659"},{"taxonomy":"product_tag","embeddable":true,"href":"https:\/\/www.hnhlcrane.com\/et\/wp-json\/wp\/v2\/product_tag?post=5659"}],"curies":[{"name":"wp","href":"https:\/\/api.w.org\/{rel}","templated":true}]}}