{"id":5524,"date":"2024-11-29T21:45:30","date_gmt":"2024-11-29T13:45:30","guid":{"rendered":"https:\/\/www.hnhlcrane.com\/?post_type=product&#038;p=5524"},"modified":"2025-09-14T22:47:54","modified_gmt":"2025-09-14T14:47:54","slug":"cgwk-roobastee-klambrid","status":"publish","type":"product","link":"https:\/\/www.hnhlcrane.com\/et\/toode\/cgwk-roobastee-klambrid\/","title":{"rendered":"CGWK r\u00f6\u00f6bastee klambrid"},"content":{"rendered":"<h6><span style=\"font-family: arial, helvetica, sans-serif; font-size: 18pt;\"><strong>CGWK Rail Clips'i omadused<\/strong><\/span><\/h6>\n<ol>\n<li><strong>Alusplaadi keevitamine<\/strong>:<br \/>\nCGWK alusplaat keevitatakse terasest kraanatala \u00fclemise \u00e4\u00e4riku k\u00fclge, kasutades kas kahepoolseid keevis\u00f5mblusi v\u00f5i kolmepoolseid keevis\u00f5mblusi. See tagab, et kraanast l\u00e4htuvad horisontaalsed k\u00fclgmised j\u00f5ud kantakse kraanapalkidele \u00fchtlaselt \u00fcle, v\u00e4ltides konstruktsioonilisi n\u00f5rkusi, mida p\u00f5hjustab ulatuslik puurimine palgi \u00e4\u00e4rikusse.<\/li>\n<li><strong>Sf\u00e4\u00e4riline hingedega \u00fchendus<\/strong>:<br \/>\nAlusplaat ja \u00fclemine kinnitusplaat on \u00fchendatud sf\u00e4\u00e4rilise liigendiga. Selline konstruktsioon v\u00f5imaldab k\u00fclgmiste j\u00f5udude m\u00f5jul kerget kallutamist, v\u00e4hendades t\u00f5husalt horisontaalsete j\u00f5udude m\u00f5ju kraanatala ja piduris\u00fcsteemidele.<\/li>\n<li><strong>Positsioneerimise l\u00e4hedus<\/strong>:<br \/>\nCGWK alusplaat on paigutatud ligikaudu <strong>1mm<\/strong> allpool r\u00f6\u00f6pa alumist serva, mis piirab t\u00f5husalt r\u00f6\u00f6pa k\u00fclgsuunalist liikumist.<\/li>\n<li><strong>Spetsiaalsed poldid stabiilsuse tagamiseks<\/strong>:<br \/>\nKinnitusdetailide koormuse optimaalseks jaotamiseks kasutatakse spetsiaalseid poldid ning \u00fclemist kinnitusplaati saab h\u00f5lpsasti eemaldada, mis lihtsustab oluliselt paigaldamist ja hooldust.<\/li>\n<li><strong>Materjal ja tugevus<\/strong>:<br \/>\nK\u00f5ik kinnituskomponendid on valmistatud madala legeeriga k\u00f5rge tugevusega terasest. Veebileht <strong>M20 Klass 8.8<\/strong> tugevus poldid pingutatakse p\u00f6\u00f6rdemomendiga <strong>220N-m<\/strong>ja s\u00fcsteem peab vastu maksimaalsele k\u00fclgmisele j\u00f5ule, mille suurus on <strong>65kN<\/strong> igas ratta koormuspunktis.<\/li>\n<\/ol>\n<h6><span style=\"font-family: arial, helvetica, sans-serif; font-size: 18pt;\"><strong>CGWK paigaldusjuhised<a href=\"https:\/\/www.hnhlcrane.com\/et\/tooted\/kraanaraudtee-klambrid\/\" target=\"_blank\" rel=\"noopener\"> Raudtee klambrid<\/a><\/strong><\/span><\/h6>\n<ol>\n<li><strong>Raudtee joondamine<\/strong>:<br \/>\nEnne paigaldamise alustamist joondage r\u00f6\u00f6bas vastavalt projektile.<\/li>\n<li><strong>Alusplaadi paigutus<\/strong>:\n<ul>\n<li>Asetage alusplaadid piki r\u00f6\u00f6bastee suunda intervalliga <strong>500mm<\/strong>.<\/li>\n<li>Veenduge, et poldi keskkoha ja r\u00f6\u00f6pme keskkoha vaheline risti kaugus (v\u00e4\u00e4rtus <strong>a<\/strong>) on \u00f5igesti paigutatud.<\/li>\n<\/ul>\n<\/li>\n<li><strong>Alusplaadi keevitamine<\/strong>:<br \/>\nKeevitage alusplaat kraanatala k\u00fclge, kasutades selleks etten\u00e4htud meetodit (kahe- v\u00f5i kolmepoolne keevitus).<\/li>\n<li><strong>Komponentide kokkupanek<\/strong>:<br \/>\nPange klambrid kokku j\u00e4rgmises j\u00e4rjekorras:<\/p>\n<ul>\n<li>Paigutage poldid<\/li>\n<li>Asetage \u00fclemine kinnitusplaat<\/li>\n<li>Lisage lamedad seibid, vedruseibid ja mutrid.<\/li>\n<li>Pingutage mutreid p\u00f6\u00f6rdemomendini <strong>220N-m<\/strong>.<\/li>\n<\/ul>\n<\/li>\n<\/ol>\n<p><img fetchpriority=\"high\" decoding=\"async\" class=\"alignnone wp-image-5526\" src=\"https:\/\/www.hnhlcrane.com\/wp-content\/uploads\/2024\/11\/CGWK-Rail-Clips-1-300x103.jpg\" alt=\"\" width=\"804\" height=\"276\" srcset=\"https:\/\/www.hnhlcrane.com\/wp-content\/uploads\/2024\/11\/CGWK-Rail-Clips-1-300x103.jpg 300w, https:\/\/www.hnhlcrane.com\/wp-content\/uploads\/2024\/11\/CGWK-Rail-Clips-1-768x263.jpg 768w, https:\/\/www.hnhlcrane.com\/wp-content\/uploads\/2024\/11\/CGWK-Rail-Clips-1-600x205.jpg 600w, https:\/\/www.hnhlcrane.com\/wp-content\/uploads\/2024\/11\/CGWK-Rail-Clips-1.jpg 1000w\" sizes=\"(max-width: 804px) 100vw, 804px\" \/><\/p>","protected":false},"excerpt":{"rendered":"<h6><span style=\"font-family: arial, helvetica, sans-serif; font-size: 14pt;\"><strong>CGWK raudtee klambrite spetsifikatsioonid<\/strong><\/span><\/h6>\n<ul>\n<li><strong>Mudelid<\/strong>: CGWK38, CGWK43, CGWK50, CGWK60, CGWK70, CGWK80, CGWK100, CGWK120<\/li>\n<li><strong>Kinnitusmeetod<\/strong>: Keevitatud alusplaat<\/li>\n<\/ul>","protected":false},"featured_media":5525,"template":"","meta":{"_kad_post_transparent":"default","_kad_post_title":"","_kad_post_layout":"default","_kad_post_sidebar_id":"","_kad_post_content_style":"default","_kad_post_vertical_padding":"show","_kad_post_feature":"","_kad_post_feature_position":"","_kad_post_header":false,"_kad_post_footer":false},"product_brand":[],"product_cat":[83],"product_tag":[224,223,222,221,218,214,217,225,228,216,226,219,227,215,220],"class_list":{"0":"post-5524","1":"product","2":"type-product","3":"status-publish","4":"has-post-thumbnail","6":"product_cat-crane-rail-clips","7":"product_tag-05g525-rail-clips","8":"product_tag-cgbk-rail-clips","9":"product_tag-cgek-rail-clips","10":"product_tag-cgwk-rail-clips","11":"product_tag-crane-rail-clamp","12":"product_tag-crane-rail-clips","13":"product_tag-crane-rail-fixing-device","14":"product_tag-hdgy-rail-clips","15":"product_tag-rail-connection-splint","16":"product_tag-rail-fixing-device","17":"product_tag-rail-joints","18":"product_tag-swjk-rail-clips","19":"product_tag-tracks-jointing-plates","20":"product_tag-wjk-rail-clips","21":"product_tag-wjkc-rail-clips","23":"first","24":"instock","25":"shipping-taxable","26":"product-type-simple","27":"entry","28":"content-bg","29":"loop-entry"},"yoast_head":"<!-- This site is optimized with the Yoast SEO plugin v25.6 - https:\/\/yoast.com\/wordpress\/plugins\/seo\/ -->\n<title>CGWK Rail Clips \u2013 Durable &amp; Reliable Rail Fastening Solution<\/title>\n<meta name=\"description\" content=\"High-quality CGWK Rail Clips for secure and long-lasting rail connections. Ideal for railways, industrial tracks, and heavy-duty applications.\" \/>\n<meta name=\"robots\" content=\"index, follow, max-snippet:-1, max-image-preview:large, max-video-preview:-1\" \/>\n<link rel=\"canonical\" href=\"https:\/\/www.hnhlcrane.com\/et\/toode\/cgwk-roobastee-klambrid\/\" \/>\n<meta property=\"og:locale\" content=\"et_EE\" \/>\n<meta property=\"og:type\" content=\"article\" \/>\n<meta property=\"og:title\" content=\"CGWK Rail Clips \u2013 Durable &amp; Reliable Rail Fastening Solution\" \/>\n<meta property=\"og:description\" content=\"High-quality CGWK Rail Clips for secure and long-lasting rail connections. Ideal for railways, industrial tracks, and heavy-duty applications.\" \/>\n<meta property=\"og:url\" content=\"https:\/\/www.hnhlcrane.com\/et\/toode\/cgwk-roobastee-klambrid\/\" \/>\n<meta property=\"og:site_name\" content=\"Crane Parts Supplier-HL Crame\" \/>\n<meta property=\"article:modified_time\" content=\"2025-09-14T14:47:54+00:00\" \/>\n<meta property=\"og:image\" content=\"https:\/\/www.hnhlcrane.com\/wp-content\/uploads\/2024\/11\/CGWK-Rail-Clips.jpg\" \/>\n\t<meta property=\"og:image:width\" content=\"600\" \/>\n\t<meta property=\"og:image:height\" content=\"600\" \/>\n\t<meta property=\"og:image:type\" content=\"image\/jpeg\" \/>\n<meta name=\"twitter:card\" content=\"summary_large_image\" \/>\n<meta name=\"twitter:label1\" content=\"Est. reading time\" \/>\n\t<meta name=\"twitter:data1\" content=\"2 minutit\" \/>\n<script type=\"application\/ld+json\" class=\"yoast-schema-graph\">{\"@context\":\"https:\/\/schema.org\",\"@graph\":[{\"@type\":\"WebPage\",\"@id\":\"https:\/\/www.hnhlcrane.com\/product\/cgwk-rail-clips\/\",\"url\":\"https:\/\/www.hnhlcrane.com\/product\/cgwk-rail-clips\/\",\"name\":\"CGWK Rail Clips \u2013 Durable & Reliable Rail Fastening Solution\",\"isPartOf\":{\"@id\":\"https:\/\/www.hnhlcrane.com\/#website\"},\"primaryImageOfPage\":{\"@id\":\"https:\/\/www.hnhlcrane.com\/product\/cgwk-rail-clips\/#primaryimage\"},\"image\":{\"@id\":\"https:\/\/www.hnhlcrane.com\/product\/cgwk-rail-clips\/#primaryimage\"},\"thumbnailUrl\":\"https:\/\/www.hnhlcrane.com\/wp-content\/uploads\/2024\/11\/CGWK-Rail-Clips.jpg\",\"datePublished\":\"2024-11-29T13:45:30+00:00\",\"dateModified\":\"2025-09-14T14:47:54+00:00\",\"description\":\"High-quality CGWK Rail Clips for secure and long-lasting rail connections. Ideal for railways, industrial tracks, and heavy-duty applications.\",\"breadcrumb\":{\"@id\":\"https:\/\/www.hnhlcrane.com\/product\/cgwk-rail-clips\/#breadcrumb\"},\"inLanguage\":\"et\",\"potentialAction\":[{\"@type\":\"ReadAction\",\"target\":[\"https:\/\/www.hnhlcrane.com\/product\/cgwk-rail-clips\/\"]}]},{\"@type\":\"ImageObject\",\"inLanguage\":\"et\",\"@id\":\"https:\/\/www.hnhlcrane.com\/product\/cgwk-rail-clips\/#primaryimage\",\"url\":\"https:\/\/www.hnhlcrane.com\/wp-content\/uploads\/2024\/11\/CGWK-Rail-Clips.jpg\",\"contentUrl\":\"https:\/\/www.hnhlcrane.com\/wp-content\/uploads\/2024\/11\/CGWK-Rail-Clips.jpg\",\"width\":600,\"height\":600},{\"@type\":\"BreadcrumbList\",\"@id\":\"https:\/\/www.hnhlcrane.com\/product\/cgwk-rail-clips\/#breadcrumb\",\"itemListElement\":[{\"@type\":\"ListItem\",\"position\":1,\"name\":\"home\",\"item\":\"https:\/\/www.hnhlcrane.com\/\"},{\"@type\":\"ListItem\",\"position\":2,\"name\":\"products\",\"item\":\"https:\/\/www.hnhlcrane.com\/products\/\"},{\"@type\":\"ListItem\",\"position\":3,\"name\":\"CGWK Rail Clips\"}]},{\"@type\":\"WebSite\",\"@id\":\"https:\/\/www.hnhlcrane.com\/#website\",\"url\":\"https:\/\/www.hnhlcrane.com\/\",\"name\":\"Crane Parts Supplier-HL Crame\",\"description\":\"One-stop solution for all your  crane parts needs,Crane Hook,Crane Drum,Crane Wheel,Crane Coupling,Crane Gearbox,Crane Motor,Crane Brake,Special Crane Spreader,Crane grab,Container spreader,Billet crane clamps,Crane C-type spreader,Lifting Electromagnet,Crane Rail Clips,Electric Hoist,FEM Standard Crane End Carriages,Light Crane Parts,Workstation Crane Parts,Crane Electrical Parts,I-beam cable trolley,Crane remote controller,Crane electrical control cabinet,Crane limit switch,Crane sound and light alarm,Heavy Duty Aviation Connector,Crane overload limiter,China Crane Parts Supplier,Crane hooks,Gantry crane hook,Crane accessories,Forged hook,hook processing,Hook manufacturer,China standard crane hook,electric hoist hook,Crane pulley,Hook pulley,Rolled pulley,Crane Pulley Supplier\uff0cEuropean hook pulley,Gantry crane hook pulley,WZL type crane drum,European style reel set,Crane reel,crane parts,Drum processing,crane drum manufacturer,Cast steel drum,Electric hoist drum,Crane drum assembly,DRS Wheel Blocks,European crane wheel,Forged wheels,Active wheel set,Driving wheel set,Driven wheel group,crane wheels manufacturer,Demag crane wheels,Konecranes Crane Wheels,Overhead crane Wheel,Shaft couplings,Power Transmission Couplings,Disc Couplings,Fluid couplings,Coupling manufacturer\uff0cCardan coupling,Crane Reducer,Crane Decelerators,Reducer gearbox,Reducer for crane,Gear Reducer For Crane,Hard tooth surface reducerCrane and hoist reducer,Flender reducer,Reducer manufacturer,ZQ reducer,QJ reducer,QJY reducer,Gear Motors,Konecranes reducer,F series three-in-one reducer,K series three-in-one reducer,travelling machinery,Travelling Motor With Gear,Gear Motor for Crane Traveling,Travelling machinery Frequency inverter motors,FEM standard Gear Motors,Crane motors,Inverter motors,Hoist motors,motorCrane duty motors,Special motor for crane,YZR YZP YZ series motors,Crane and hoist motor,Frequency conversion motor,Electro hydraulic drum brakes,Electro-hydraulic disc brakes,Brake,Overhead Crane Brakes,Disc brakes,Electromagnetic disk brake,Crane hydraulic disc brake,Brakes manufacturer,crane Safety brakes,Singlr rope grab,Four rope grab,Electro-hydraulic multi-flap grab,Orange peel grab,Electric motor grab,Electro-Hydraulicclamshell grab,grab manufacturers,Container spreader manufacturers,20ft Container Spreader,Semi Automatic container spreader,40ft Container Lifting Frame,TEC container Spreader,Billet lifting clamp,Billet Clamps,Billet crane clamps manufacturer,billet lifting clamps china supplier,Coil C-Type Hook,coil hook,Overhead Crane Steel Coil C-Type Hook,Crane C-hook,C-type spreader,C-type hook,Crane magnets,Rail fixing device,Crane Rail fixing device,crane Rail Clamp,CD\/MD Wire Rope Electric Hoist,Wire Rope Electric Hoist China Manufacturer,Single Girder Wire Rope Electric Hoist,Double Girder Wire Rope Electric Hoist,Chain Hoist,Electric chain hoist manufacturer,Electric chain hoist China distributor,European wire rope electric hoist\uff0cEuropean double beam wire rope electric hoist,European Style Single Beam Crane End Carriage,FEN\/DIN European Style Single Beam Crane End Carriage,Crane end beam manufacturers,European style hoist double beam crane end beam,Suspension crane end beam,European style suspended single beam crane end beam,FEN\/DIN Suspension crane end beam,crane cable trolley,Wireless remote control,remote controller,Crane control handle,Crane Controls,electrical control cabinet,crane control cabinet,Limit switch,Sound and light alarm,Aviation plug,quick connector,Crane aviation plug,Overload limiter\",\"publisher\":{\"@id\":\"https:\/\/www.hnhlcrane.com\/#organization\"},\"potentialAction\":[{\"@type\":\"SearchAction\",\"target\":{\"@type\":\"EntryPoint\",\"urlTemplate\":\"https:\/\/www.hnhlcrane.com\/?s={search_term_string}\"},\"query-input\":{\"@type\":\"PropertyValueSpecification\",\"valueRequired\":true,\"valueName\":\"search_term_string\"}}],\"inLanguage\":\"et\"},{\"@type\":\"Organization\",\"@id\":\"https:\/\/www.hnhlcrane.com\/#organization\",\"name\":\"Crane Parts Supplier-HL Crame\",\"url\":\"https:\/\/www.hnhlcrane.com\/\",\"logo\":{\"@type\":\"ImageObject\",\"inLanguage\":\"et\",\"@id\":\"https:\/\/www.hnhlcrane.com\/#\/schema\/logo\/image\/\",\"url\":\"https:\/\/www.hnhlcrane.com\/wp-content\/uploads\/2024\/09\/logo6-1-e1733899395598.png\",\"contentUrl\":\"https:\/\/www.hnhlcrane.com\/wp-content\/uploads\/2024\/09\/logo6-1-e1733899395598.png\",\"width\":1000,\"height\":282,\"caption\":\"Crane Parts Supplier-HL Crame\"},\"image\":{\"@id\":\"https:\/\/www.hnhlcrane.com\/#\/schema\/logo\/image\/\"}}]}<\/script>\n<!-- \/ Yoast SEO plugin. -->","yoast_head_json":{"title":"CGWK Rail Clips - vastupidav ja usaldusv\u00e4\u00e4rne r\u00f6\u00f6bastee kinnituslahendus","description":"Kvaliteetsed CGWK r\u00f6\u00f6basklambrid turvaliste ja kauakestvate r\u00f6\u00f6baste \u00fchenduste jaoks. Ideaalsed raudteedele, t\u00f6\u00f6stusrajadele ja raskeveokitele.","robots":{"index":"index","follow":"follow","max-snippet":"max-snippet:-1","max-image-preview":"max-image-preview:large","max-video-preview":"max-video-preview:-1"},"canonical":"https:\/\/www.hnhlcrane.com\/et\/toode\/cgwk-roobastee-klambrid\/","og_locale":"et_EE","og_type":"article","og_title":"CGWK Rail Clips \u2013 Durable & Reliable Rail Fastening Solution","og_description":"High-quality CGWK Rail Clips for secure and long-lasting rail connections. Ideal for railways, industrial tracks, and heavy-duty applications.","og_url":"https:\/\/www.hnhlcrane.com\/et\/toode\/cgwk-roobastee-klambrid\/","og_site_name":"Crane Parts Supplier-HL Crame","article_modified_time":"2025-09-14T14:47:54+00:00","og_image":[{"width":600,"height":600,"url":"https:\/\/www.hnhlcrane.com\/wp-content\/uploads\/2024\/11\/CGWK-Rail-Clips.jpg","type":"image\/jpeg"}],"twitter_card":"summary_large_image","twitter_misc":{"Est. reading time":"2 minutit"},"schema":{"@context":"https:\/\/schema.org","@graph":[{"@type":"WebPage","@id":"https:\/\/www.hnhlcrane.com\/product\/cgwk-rail-clips\/","url":"https:\/\/www.hnhlcrane.com\/product\/cgwk-rail-clips\/","name":"CGWK Rail Clips - vastupidav ja usaldusv\u00e4\u00e4rne r\u00f6\u00f6bastee kinnituslahendus","isPartOf":{"@id":"https:\/\/www.hnhlcrane.com\/#website"},"primaryImageOfPage":{"@id":"https:\/\/www.hnhlcrane.com\/product\/cgwk-rail-clips\/#primaryimage"},"image":{"@id":"https:\/\/www.hnhlcrane.com\/product\/cgwk-rail-clips\/#primaryimage"},"thumbnailUrl":"https:\/\/www.hnhlcrane.com\/wp-content\/uploads\/2024\/11\/CGWK-Rail-Clips.jpg","datePublished":"2024-11-29T13:45:30+00:00","dateModified":"2025-09-14T14:47:54+00:00","description":"Kvaliteetsed CGWK r\u00f6\u00f6basklambrid turvaliste ja kauakestvate r\u00f6\u00f6baste \u00fchenduste jaoks. Ideaalsed raudteedele, t\u00f6\u00f6stusrajadele ja raskeveokitele.","breadcrumb":{"@id":"https:\/\/www.hnhlcrane.com\/product\/cgwk-rail-clips\/#breadcrumb"},"inLanguage":"et","potentialAction":[{"@type":"ReadAction","target":["https:\/\/www.hnhlcrane.com\/product\/cgwk-rail-clips\/"]}]},{"@type":"ImageObject","inLanguage":"et","@id":"https:\/\/www.hnhlcrane.com\/product\/cgwk-rail-clips\/#primaryimage","url":"https:\/\/www.hnhlcrane.com\/wp-content\/uploads\/2024\/11\/CGWK-Rail-Clips.jpg","contentUrl":"https:\/\/www.hnhlcrane.com\/wp-content\/uploads\/2024\/11\/CGWK-Rail-Clips.jpg","width":600,"height":600},{"@type":"BreadcrumbList","@id":"https:\/\/www.hnhlcrane.com\/product\/cgwk-rail-clips\/#breadcrumb","itemListElement":[{"@type":"ListItem","position":1,"name":"home","item":"https:\/\/www.hnhlcrane.com\/"},{"@type":"ListItem","position":2,"name":"products","item":"https:\/\/www.hnhlcrane.com\/products\/"},{"@type":"ListItem","position":3,"name":"CGWK Rail Clips"}]},{"@type":"WebSite","@id":"https:\/\/www.hnhlcrane.com\/#website","url":"https:\/\/www.hnhlcrane.com\/","name":"Kraana osade tarnija-HL Crame","description":"\u00dcks lahendus k\u00f5igile teie kraanaosade vajadustele, kraana konks, kraana trummel, kraana ratas, kraana haakeseadeldis, kraana k\u00e4igukast, kraana mootor, kraanapidur, spetsiaalne kraana levitaja, kraana haarats, konteinerite levitaja, kraanaklambrid, kraana C-t\u00fc\u00fcpi levitaja,T\u00f5stmise elektromagnet,Kraana r\u00f6\u00f6bastee klambrid,elektriline t\u00f5stuk,FEM standardne kraana l\u00f5ppvankrid,kerge kraana osad,t\u00f6\u00f6koha kraana osad,kraana elektrilised osad,I-tala kaablik\u00e4ru,kraana kaugjuhtimispult,kraana elektriline juhtimiskapp,Kraana l\u00f5ppl\u00fcliti,Kraana heli- ja valgush\u00e4ire,Raske lennundus\u00fchendus,Kraana \u00fclekoormuse piiraja,Hiina kraanaosade tarnija,Kraana konksud,Gantry kraana konks,Kraana tarvikud,Sepistatud konks,konksu t\u00f6\u00f6tlemine,konksu tootja,Hiina standard kraana konks,elektriline t\u00f5stuk konks,Kraana rihmaratas,konksu rihmaratas,valtsitud rihmaratas,kraana rihmaratas tarnija\uff0cEuroopa konksu rihmaratas,Gantry kraana konksu rihmaratas,WZL t\u00fc\u00fcpi kraana trummel,Euroopa stiilis rullikomplekt,kraana rullik,kraana osad,Trumli t\u00f6\u00f6tlemine,kraanatrumli tootja,Valatud terastrumli,Elektrit\u00f5stuki trummel,Kraanatrumli koost,DRS rattaplokid,Euroopa kraanaratas,Sepistatud rattad,Aktiivrataste komplekt,Ajamisrataste komplekt,Ajamisrataste grupp,Kraanarattade tootja,Demag kraanarattad,Konecranes kraanarattad,\u00d5hukorraldusn\u00f5uratas,V\u00f5lli\u00fchendused,j\u00f5u\u00fclekande\u00fchendused,ketas\u00fchendused,vedeliku\u00fchendused,Haakeseadiste tootja\uff0cCardan coupling,Kraana reduktor,Kraana aeglustid,Reduktori k\u00e4igukast,Reduktor kraanale,Hammasrataste reduktor kraanale,K\u00f5vahambaline pind reduktor,Kraana ja t\u00f5stukite reduktor,Flender reduktor,Reduktori tootja,ZQ reduktor,QJ reduktor,QJY reduktor,Hammasrataste mootorid,Konecranes reduktor.Konecranes reduktor,F-seeria kolme-\u00fches reduktor,K-seeria kolme-\u00fches reduktor,liikuvad masinad,liikuv mootor hammasratastega,hammasrataste mootor kraana liikumiseks,liikuvate masinate sagedusinverter mootorid,FEM standard hammasrataste mootorid,kraanamootorid,Invertermootorid,T\u00f5stukimootorid,mootorKraana t\u00f6\u00f6mootorid,Erimootor kraanale,YZR YZP YZ seeria mootorid,Kraana ja t\u00f5stukimootor,Sagedusmuundusmootor,Elektroh\u00fcdraulilised trummelpidurid,Elektroh\u00fcdraulilised ketaspidurid,Pidurid,Kraanapidurid,Ketaspidurid,Elektromagnetiline ketaspidur,Kraana h\u00fcdrauliline ketaspidur,Pidurite tootja,Kraana ohutuspidurid,Singlr trossikrabi,Neli trossikrabi,Elektroh\u00fcdrauliline mitmeklapp-krabi,Oran\u017e koorekrabi,Elektrimootor-krabi,Electro-Hydraulicclamshell grab,grab tootjad,Container spreader manufacturers,20ft Container Spreader,Semi Automatic container spreader,40ft Container Lifting Frame,TEC container Spreader,Billet lifting clamp,Billet Clamps,Billet crane clamps manufacturer,billet lifting clamps china supplier,Coil C-Type Hook,coil hook,Coil hook,Overhead Crane Steel Coil C-Type Hook,C-hraan C-hook,C-type spreader,C-type hook,C-type hook,Crane magnets,Rail fixing device,Crane Rail fixing device,crane Rail Clamp,CD\/MD Wire Rope Electric Hoist,Wire Rope Electric Hoist China Manufacturer,Single Girder Wire Rope Electric Hoist,Double Girder Wire Rope Electric Hoist,Chain Hoist,Electric chain hoist manufacturer,Electric chain hoist China distributor,European wire rope electric hoist\uff0cEuropean double beam wire rope electric hoist,European Style Single Beam Crane End Carriage,FEN\/DIN European Style Single Beam Crane End Carriage,Kraana l\u00f5pptala tootjad,Euroopa stiilis t\u00f5stuk kahetala kraana l\u00f5pptala,Rippkraana l\u00f5pptala,Euroopa stiilis riputatud \u00fchepalkkraana l\u00f5pptala,FEN\/DIN Rippkraana l\u00f5pptala,kraana trossik\u00e4ru,traadita kaugjuhtimispult,kaugjuhtimispult,kraana juhtk\u00e4epide,kraana juhtimispuldid,elektriline juhtimiskapp,kraana juhtimiskapp,l\u00f5ppl\u00fcliti,heli ja valgush\u00e4ire,lennunduspistik,kiir\u00fchendus,kraana lennunduspistik,\u00fclekoormuse piiraja.","publisher":{"@id":"https:\/\/www.hnhlcrane.com\/#organization"},"potentialAction":[{"@type":"SearchAction","target":{"@type":"EntryPoint","urlTemplate":"https:\/\/www.hnhlcrane.com\/?s={search_term_string}"},"query-input":{"@type":"PropertyValueSpecification","valueRequired":true,"valueName":"search_term_string"}}],"inLanguage":"et"},{"@type":"Organization","@id":"https:\/\/www.hnhlcrane.com\/#organization","name":"Kraana osade tarnija-HL Crame","url":"https:\/\/www.hnhlcrane.com\/","logo":{"@type":"ImageObject","inLanguage":"et","@id":"https:\/\/www.hnhlcrane.com\/#\/schema\/logo\/image\/","url":"https:\/\/www.hnhlcrane.com\/wp-content\/uploads\/2024\/09\/logo6-1-e1733899395598.png","contentUrl":"https:\/\/www.hnhlcrane.com\/wp-content\/uploads\/2024\/09\/logo6-1-e1733899395598.png","width":1000,"height":282,"caption":"Crane Parts Supplier-HL Crame"},"image":{"@id":"https:\/\/www.hnhlcrane.com\/#\/schema\/logo\/image\/"}}]}},"_links":{"self":[{"href":"https:\/\/www.hnhlcrane.com\/et\/wp-json\/wp\/v2\/product\/5524","targetHints":{"allow":["GET"]}}],"collection":[{"href":"https:\/\/www.hnhlcrane.com\/et\/wp-json\/wp\/v2\/product"}],"about":[{"href":"https:\/\/www.hnhlcrane.com\/et\/wp-json\/wp\/v2\/types\/product"}],"version-history":[{"count":1,"href":"https:\/\/www.hnhlcrane.com\/et\/wp-json\/wp\/v2\/product\/5524\/revisions"}],"predecessor-version":[{"id":6970,"href":"https:\/\/www.hnhlcrane.com\/et\/wp-json\/wp\/v2\/product\/5524\/revisions\/6970"}],"wp:featuredmedia":[{"embeddable":true,"href":"https:\/\/www.hnhlcrane.com\/et\/wp-json\/wp\/v2\/media\/5525"}],"wp:attachment":[{"href":"https:\/\/www.hnhlcrane.com\/et\/wp-json\/wp\/v2\/media?parent=5524"}],"wp:term":[{"taxonomy":"product_brand","embeddable":true,"href":"https:\/\/www.hnhlcrane.com\/et\/wp-json\/wp\/v2\/product_brand?post=5524"},{"taxonomy":"product_cat","embeddable":true,"href":"https:\/\/www.hnhlcrane.com\/et\/wp-json\/wp\/v2\/product_cat?post=5524"},{"taxonomy":"product_tag","embeddable":true,"href":"https:\/\/www.hnhlcrane.com\/et\/wp-json\/wp\/v2\/product_tag?post=5524"}],"curies":[{"name":"wp","href":"https:\/\/api.w.org\/{rel}","templated":true}]}}