{"id":5505,"date":"2024-11-28T14:51:15","date_gmt":"2024-11-28T06:51:15","guid":{"rendered":"https:\/\/www.hnhlcrane.com\/?post_type=product&#038;p=5505"},"modified":"2025-09-10T10:52:52","modified_gmt":"2025-09-10T02:52:52","slug":"wjk-roobastee-klambrid","status":"publish","type":"product","link":"https:\/\/www.hnhlcrane.com\/et\/toode\/wjk-roobastee-klambrid\/","title":{"rendered":"WJK r\u00f6\u00f6bastee klambrid"},"content":{"rendered":"<h6><strong><span style=\"font-family: arial, helvetica, sans-serif; font-size: 18pt;\">WJK Rail Clips'i omadused<\/span><\/strong><\/h6>\n<p>WJK r\u00f6\u00f6bastee klambrid on m\u00f5eldud terastalade jaoks, mille t\u00f5stev\u00f5ime on 350 tonni komplekti kohta ja mis koosneb kokku seitsmest komponendist.<\/p>\n<ol>\n<li><span style=\"font-size: 14pt;\"><strong>Alusplaadi keevitamine<\/strong>:<\/span><br \/>\nWJK alusplaat keevitatakse terasest kraanatala \u00e4\u00e4riku k\u00fclge kas kolmepoolsete \u00fcmbritsevate keevis\u00f5mbluste v\u00f5i kahepoolsete k\u00fclgmiste keevis\u00f5mblustega. Selline konfiguratsioon tagab, et kraana horisontaalne k\u00fclgmine j\u00f5ud kantakse sujuvalt \u00fcle kraanatala palgile. Lisaks sellele v\u00e4listab see \u00e4\u00e4riku liigsest puurimisest tingitud konstruktsiooni n\u00f5rgenemise, suurendades seel\u00e4bi oluliselt kraanatala ristl\u00f5ike kandev\u00f5imet.<\/li>\n<li><span style=\"font-size: 14pt;\"><strong>Ball Joint \u00fchendus<\/strong>:<\/span><br \/>\nAlusplaat \u00fchendub T-poldi alumise otsaga l\u00e4bi kuulliigendi. Seet\u00f5ttu j\u00e4\u00e4b T-polt k\u00fclgmise j\u00f5u rakendamise ajal \u00fclemise katte suhtes risti ja v\u00f5imaldab kerget kallutamist. Selline konstruktsioon leevendab t\u00f5husalt kraana k\u00fclgmist m\u00f5ju r\u00f6\u00f6pale, kraanapalgile ja piduris\u00fcsteemile, pikendades l\u00f5ppkokkuv\u00f5ttes konstruktsiooni kasutusiga.<\/li>\n<li><span style=\"font-size: 14pt;\"><strong>M\u00f5\u00f5turi reguleerimisplaat<\/strong>:<\/span><br \/>\nWJK klambritega on kaasas r\u00f6\u00f6pme reguleerimisplaat r\u00f6\u00f6pme peenh\u00e4\u00e4lestamiseks. See funktsioon suurendab paigaldamise t\u00e4psust, v\u00e4hendab k\u00f5rvalekaldeid r\u00f6\u00f6pmelkeskjoonel ja sisaldab kahekordset iselukustuvat mehhanismi, mis takistab kasutamise ajal l\u00f5dvenemist.<\/li>\n<li><span style=\"font-family: arial, helvetica, sans-serif; font-size: 14pt;\"><strong>Paigaldamise ja hoolduse lihtsus<\/strong>:<\/span><br \/>\nT-poldid ja \u00fclemised katteplaadid on <a href=\"https:\/\/www.hnhlcrane.com\/et\/tooted\/kraanaraudtee-klambrid\/\" target=\"_blank\" rel=\"noopener\">WJK klipid<\/a> saab h\u00f5lpsasti kokku- ja lahti v\u00f5tta, mis pakub suurt mugavust ehitus- ja hooldust\u00f6\u00f6del.<\/li>\n<li><span style=\"font-size: 14pt;\"><strong>\u00dchilduvus r\u00f6\u00f6bastee kumerusega<\/strong>:<\/span><br \/>\n\u00dclemine katteplaat vastab r\u00f6\u00f6bastee ristl\u00f5ike kumerusele, mis v\u00f5imaldab r\u00f6\u00f6bastee tihedalt kinnitada, ilma et see takistaks selle kerget pikisuunalist liikumist. See omadus h\u00f5lbustab ka t\u00e4ispikkuses r\u00f6\u00f6baste keevitamist.<\/li>\n<li><span style=\"font-size: 14pt;\"><strong>Fikseeritud komponentide vahekaugus<\/strong>:<\/span><br \/>\nFikseeritud osade vahekaugus m\u00e4\u00e4ratakse kindlaks kraana t\u00f5stev\u00f5ime j\u00e4rgi. Koormuse \u2264275t puhul on vahekaugus 600 mm; koormuse &gt;275t puhul v\u00e4hendatakse vahekaugust 500 mm-ni.<\/li>\n<li><span style=\"font-size: 14pt;\"><strong>Keevitusmaterjalide kokkusobivus<\/strong>:<\/span><br \/>\nFikseeritud osa alus keevitatakse kraanatala k\u00fclge, kasutades \u00fchenduskomponentide materjaliga sobivaid elektroodimudeleid. N\u00e4iteks Q235 terase puhul kasutatakse elektroode E4303 ja Q345 terase puhul elektroode E5015.<\/li>\n<li><span style=\"font-size: 14pt;\"><strong>Keevitust\u00fc\u00fcbid kraanakohustuse alusel<\/strong>:<\/span><br \/>\nKeskmise koormusega kraanad kasutavad kahepoolseid keevis\u00f5mblusi, samas kui raskekaalulised (v\u00f5i \u00fcliraskekaalulised) kraanad vajavad kolmepoolseid \u00fcmbritsevaid keevis\u00f5mblusi.<\/li>\n<li><span style=\"font-size: 14pt;\"><strong>Poltide pingutamise p\u00f6\u00f6rdemoment<\/strong>:<\/span><br \/>\nKeskmise koormusega kraanade (Q \u2264 275t) puhul on maksimaalne poldi pingutamise p\u00f6\u00f6rdemoment 150 N-m. Raskeveokite kraanade puhul suureneb see 220 N-m-ni.<\/li>\n<li><span style=\"font-size: 14pt;\"><strong>Maksimaalne k\u00fclgmine j\u00f5ud<\/strong>:<\/span><br \/>\nMaksimaalne lubatud k\u00fclgj\u00f5ud r\u00f6\u00f6bastee klambrite puhul on 45 kN.<\/li>\n<\/ol>\n<p><img fetchpriority=\"high\" decoding=\"async\" class=\"alignnone wp-image-5508\" src=\"https:\/\/www.hnhlcrane.com\/wp-content\/uploads\/2024\/11\/WJK-Rail-Clips-3-300x95.jpg\" alt=\"\" width=\"802\" height=\"254\" srcset=\"https:\/\/www.hnhlcrane.com\/wp-content\/uploads\/2024\/11\/WJK-Rail-Clips-3-300x95.jpg 300w, https:\/\/www.hnhlcrane.com\/wp-content\/uploads\/2024\/11\/WJK-Rail-Clips-3-768x242.jpg 768w, https:\/\/www.hnhlcrane.com\/wp-content\/uploads\/2024\/11\/WJK-Rail-Clips-3-600x189.jpg 600w, https:\/\/www.hnhlcrane.com\/wp-content\/uploads\/2024\/11\/WJK-Rail-Clips-3.jpg 800w\" sizes=\"(max-width: 802px) 100vw, 802px\" \/><\/p>","protected":false},"excerpt":{"rendered":"<h6><strong><span style=\"font-family: arial, helvetica, sans-serif; font-size: 14pt;\">WJK r\u00f6\u00f6bastee klambrite spetsifikatsioonid<\/span><\/strong><\/h6>\n<ul>\n<li><strong>Mudelid<\/strong>: WJK-TG38, WJK-TG43, WJK-TG50, WJK-TG60, WJK-QU70, WJK-QU80, WJK-QU100, WJK-QU120<\/li>\n<li><strong>Kinnitusmeetod<\/strong>: Keevitatud alusplaat<\/li>\n<\/ul>","protected":false},"featured_media":5506,"template":"","meta":{"_kad_post_transparent":"default","_kad_post_title":"","_kad_post_layout":"default","_kad_post_sidebar_id":"","_kad_post_content_style":"default","_kad_post_vertical_padding":"show","_kad_post_feature":"","_kad_post_feature_position":"","_kad_post_header":false,"_kad_post_footer":false},"product_brand":[],"product_cat":[83],"product_tag":[224,223,222,221,218,214,217,225,228,216,226,219,227,215,220],"class_list":{"0":"post-5505","1":"product","2":"type-product","3":"status-publish","4":"has-post-thumbnail","6":"product_cat-crane-rail-clips","7":"product_tag-05g525-rail-clips","8":"product_tag-cgbk-rail-clips","9":"product_tag-cgek-rail-clips","10":"product_tag-cgwk-rail-clips","11":"product_tag-crane-rail-clamp","12":"product_tag-crane-rail-clips","13":"product_tag-crane-rail-fixing-device","14":"product_tag-hdgy-rail-clips","15":"product_tag-rail-connection-splint","16":"product_tag-rail-fixing-device","17":"product_tag-rail-joints","18":"product_tag-swjk-rail-clips","19":"product_tag-tracks-jointing-plates","20":"product_tag-wjk-rail-clips","21":"product_tag-wjkc-rail-clips","23":"first","24":"instock","25":"shipping-taxable","26":"product-type-simple","27":"entry","28":"content-bg","29":"loop-entry"},"yoast_head":"<!-- This site is optimized with the Yoast SEO plugin v25.6 - https:\/\/yoast.com\/wordpress\/plugins\/seo\/ -->\n<title>WJK Rail Clips Manufacturer \u2013 Expert Crane Rail Fastening Solutions<\/title>\n<meta name=\"description\" content=\"WJK rail clips designed for secure crane rail attachment, vibration resistance, and long-lasting performance in overhead crane systems.\" \/>\n<meta name=\"robots\" content=\"index, follow, max-snippet:-1, max-image-preview:large, max-video-preview:-1\" \/>\n<link rel=\"canonical\" href=\"https:\/\/www.hnhlcrane.com\/et\/toode\/wjk-roobastee-klambrid\/\" \/>\n<meta property=\"og:locale\" content=\"et_EE\" \/>\n<meta property=\"og:type\" content=\"article\" \/>\n<meta property=\"og:title\" content=\"WJK Rail Clips Manufacturer \u2013 Expert Crane Rail Fastening Solutions\" \/>\n<meta property=\"og:description\" content=\"WJK rail clips designed for secure crane rail attachment, vibration resistance, and long-lasting performance in overhead crane systems.\" \/>\n<meta property=\"og:url\" content=\"https:\/\/www.hnhlcrane.com\/et\/toode\/wjk-roobastee-klambrid\/\" \/>\n<meta property=\"og:site_name\" content=\"Crane Parts Supplier-HL Crame\" \/>\n<meta property=\"article:modified_time\" content=\"2025-09-10T02:52:52+00:00\" \/>\n<meta property=\"og:image\" content=\"https:\/\/www.hnhlcrane.com\/wp-content\/uploads\/2024\/11\/WJK-Rail-Clips-1.jpg\" \/>\n\t<meta property=\"og:image:width\" content=\"600\" \/>\n\t<meta property=\"og:image:height\" content=\"600\" \/>\n\t<meta property=\"og:image:type\" content=\"image\/jpeg\" \/>\n<meta name=\"twitter:card\" content=\"summary_large_image\" \/>\n<meta name=\"twitter:label1\" content=\"Est. reading time\" \/>\n\t<meta name=\"twitter:data1\" content=\"3 minutit\" \/>\n<script type=\"application\/ld+json\" class=\"yoast-schema-graph\">{\"@context\":\"https:\/\/schema.org\",\"@graph\":[{\"@type\":\"WebPage\",\"@id\":\"https:\/\/www.hnhlcrane.com\/product\/wjk-rail-clips\/\",\"url\":\"https:\/\/www.hnhlcrane.com\/product\/wjk-rail-clips\/\",\"name\":\"WJK Rail Clips Manufacturer \u2013 Expert Crane Rail Fastening Solutions\",\"isPartOf\":{\"@id\":\"https:\/\/www.hnhlcrane.com\/#website\"},\"primaryImageOfPage\":{\"@id\":\"https:\/\/www.hnhlcrane.com\/product\/wjk-rail-clips\/#primaryimage\"},\"image\":{\"@id\":\"https:\/\/www.hnhlcrane.com\/product\/wjk-rail-clips\/#primaryimage\"},\"thumbnailUrl\":\"https:\/\/www.hnhlcrane.com\/wp-content\/uploads\/2024\/11\/WJK-Rail-Clips-1.jpg\",\"datePublished\":\"2024-11-28T06:51:15+00:00\",\"dateModified\":\"2025-09-10T02:52:52+00:00\",\"description\":\"WJK rail clips designed for secure crane rail attachment, vibration resistance, and long-lasting performance in overhead crane systems.\",\"breadcrumb\":{\"@id\":\"https:\/\/www.hnhlcrane.com\/product\/wjk-rail-clips\/#breadcrumb\"},\"inLanguage\":\"et\",\"potentialAction\":[{\"@type\":\"ReadAction\",\"target\":[\"https:\/\/www.hnhlcrane.com\/product\/wjk-rail-clips\/\"]}]},{\"@type\":\"ImageObject\",\"inLanguage\":\"et\",\"@id\":\"https:\/\/www.hnhlcrane.com\/product\/wjk-rail-clips\/#primaryimage\",\"url\":\"https:\/\/www.hnhlcrane.com\/wp-content\/uploads\/2024\/11\/WJK-Rail-Clips-1.jpg\",\"contentUrl\":\"https:\/\/www.hnhlcrane.com\/wp-content\/uploads\/2024\/11\/WJK-Rail-Clips-1.jpg\",\"width\":600,\"height\":600},{\"@type\":\"BreadcrumbList\",\"@id\":\"https:\/\/www.hnhlcrane.com\/product\/wjk-rail-clips\/#breadcrumb\",\"itemListElement\":[{\"@type\":\"ListItem\",\"position\":1,\"name\":\"home\",\"item\":\"https:\/\/www.hnhlcrane.com\/\"},{\"@type\":\"ListItem\",\"position\":2,\"name\":\"products\",\"item\":\"https:\/\/www.hnhlcrane.com\/products\/\"},{\"@type\":\"ListItem\",\"position\":3,\"name\":\"WJK Rail Clips\"}]},{\"@type\":\"WebSite\",\"@id\":\"https:\/\/www.hnhlcrane.com\/#website\",\"url\":\"https:\/\/www.hnhlcrane.com\/\",\"name\":\"Crane Parts Supplier-HL Crame\",\"description\":\"One-stop solution for all your  crane parts needs,Crane Hook,Crane Drum,Crane Wheel,Crane Coupling,Crane Gearbox,Crane Motor,Crane Brake,Special Crane Spreader,Crane grab,Container spreader,Billet crane clamps,Crane C-type spreader,Lifting Electromagnet,Crane Rail Clips,Electric Hoist,FEM Standard Crane End Carriages,Light Crane Parts,Workstation Crane Parts,Crane Electrical Parts,I-beam cable trolley,Crane remote controller,Crane electrical control cabinet,Crane limit switch,Crane sound and light alarm,Heavy Duty Aviation Connector,Crane overload limiter,China Crane Parts Supplier,Crane hooks,Gantry crane hook,Crane accessories,Forged hook,hook processing,Hook manufacturer,China standard crane hook,electric hoist hook,Crane pulley,Hook pulley,Rolled pulley,Crane Pulley Supplier\uff0cEuropean hook pulley,Gantry crane hook pulley,WZL type crane drum,European style reel set,Crane reel,crane parts,Drum processing,crane drum manufacturer,Cast steel drum,Electric hoist drum,Crane drum assembly,DRS Wheel Blocks,European crane wheel,Forged wheels,Active wheel set,Driving wheel set,Driven wheel group,crane wheels manufacturer,Demag crane wheels,Konecranes Crane Wheels,Overhead crane Wheel,Shaft couplings,Power Transmission Couplings,Disc Couplings,Fluid couplings,Coupling manufacturer\uff0cCardan coupling,Crane Reducer,Crane Decelerators,Reducer gearbox,Reducer for crane,Gear Reducer For Crane,Hard tooth surface reducerCrane and hoist reducer,Flender reducer,Reducer manufacturer,ZQ reducer,QJ reducer,QJY reducer,Gear Motors,Konecranes reducer,F series three-in-one reducer,K series three-in-one reducer,travelling machinery,Travelling Motor With Gear,Gear Motor for Crane Traveling,Travelling machinery Frequency inverter motors,FEM standard Gear Motors,Crane motors,Inverter motors,Hoist motors,motorCrane duty motors,Special motor for crane,YZR YZP YZ series motors,Crane and hoist motor,Frequency conversion motor,Electro hydraulic drum brakes,Electro-hydraulic disc brakes,Brake,Overhead Crane Brakes,Disc brakes,Electromagnetic disk brake,Crane hydraulic disc brake,Brakes manufacturer,crane Safety brakes,Singlr rope grab,Four rope grab,Electro-hydraulic multi-flap grab,Orange peel grab,Electric motor grab,Electro-Hydraulicclamshell grab,grab manufacturers,Container spreader manufacturers,20ft Container Spreader,Semi Automatic container spreader,40ft Container Lifting Frame,TEC container Spreader,Billet lifting clamp,Billet Clamps,Billet crane clamps manufacturer,billet lifting clamps china supplier,Coil C-Type Hook,coil hook,Overhead Crane Steel Coil C-Type Hook,Crane C-hook,C-type spreader,C-type hook,Crane magnets,Rail fixing device,Crane Rail fixing device,crane Rail Clamp,CD\/MD Wire Rope Electric Hoist,Wire Rope Electric Hoist China Manufacturer,Single Girder Wire Rope Electric Hoist,Double Girder Wire Rope Electric Hoist,Chain Hoist,Electric chain hoist manufacturer,Electric chain hoist China distributor,European wire rope electric hoist\uff0cEuropean double beam wire rope electric hoist,European Style Single Beam Crane End Carriage,FEN\/DIN European Style Single Beam Crane End Carriage,Crane end beam manufacturers,European style hoist double beam crane end beam,Suspension crane end beam,European style suspended single beam crane end beam,FEN\/DIN Suspension crane end beam,crane cable trolley,Wireless remote control,remote controller,Crane control handle,Crane Controls,electrical control cabinet,crane control cabinet,Limit switch,Sound and light alarm,Aviation plug,quick connector,Crane aviation plug,Overload limiter\",\"publisher\":{\"@id\":\"https:\/\/www.hnhlcrane.com\/#organization\"},\"potentialAction\":[{\"@type\":\"SearchAction\",\"target\":{\"@type\":\"EntryPoint\",\"urlTemplate\":\"https:\/\/www.hnhlcrane.com\/?s={search_term_string}\"},\"query-input\":{\"@type\":\"PropertyValueSpecification\",\"valueRequired\":true,\"valueName\":\"search_term_string\"}}],\"inLanguage\":\"et\"},{\"@type\":\"Organization\",\"@id\":\"https:\/\/www.hnhlcrane.com\/#organization\",\"name\":\"Crane Parts Supplier-HL Crame\",\"url\":\"https:\/\/www.hnhlcrane.com\/\",\"logo\":{\"@type\":\"ImageObject\",\"inLanguage\":\"et\",\"@id\":\"https:\/\/www.hnhlcrane.com\/#\/schema\/logo\/image\/\",\"url\":\"https:\/\/www.hnhlcrane.com\/wp-content\/uploads\/2024\/09\/logo6-1-e1733899395598.png\",\"contentUrl\":\"https:\/\/www.hnhlcrane.com\/wp-content\/uploads\/2024\/09\/logo6-1-e1733899395598.png\",\"width\":1000,\"height\":282,\"caption\":\"Crane Parts Supplier-HL Crame\"},\"image\":{\"@id\":\"https:\/\/www.hnhlcrane.com\/#\/schema\/logo\/image\/\"}}]}<\/script>\n<!-- \/ Yoast SEO plugin. -->","yoast_head_json":{"title":"WJK Rail Clips Tootja - Expert Crane Rail Kinnituslahendused","description":"WJK r\u00f6\u00f6bastee klambrid, mis on m\u00f5eldud kraanar\u00f6\u00f6pmete turvaliseks kinnitamiseks, vibratsioonikindluseks ja pikaajaliseks toimimiseks kraanis\u00fcsteemides.","robots":{"index":"index","follow":"follow","max-snippet":"max-snippet:-1","max-image-preview":"max-image-preview:large","max-video-preview":"max-video-preview:-1"},"canonical":"https:\/\/www.hnhlcrane.com\/et\/toode\/wjk-roobastee-klambrid\/","og_locale":"et_EE","og_type":"article","og_title":"WJK Rail Clips Manufacturer \u2013 Expert Crane Rail Fastening Solutions","og_description":"WJK rail clips designed for secure crane rail attachment, vibration resistance, and long-lasting performance in overhead crane systems.","og_url":"https:\/\/www.hnhlcrane.com\/et\/toode\/wjk-roobastee-klambrid\/","og_site_name":"Crane Parts Supplier-HL Crame","article_modified_time":"2025-09-10T02:52:52+00:00","og_image":[{"width":600,"height":600,"url":"https:\/\/www.hnhlcrane.com\/wp-content\/uploads\/2024\/11\/WJK-Rail-Clips-1.jpg","type":"image\/jpeg"}],"twitter_card":"summary_large_image","twitter_misc":{"Est. reading time":"3 minutit"},"schema":{"@context":"https:\/\/schema.org","@graph":[{"@type":"WebPage","@id":"https:\/\/www.hnhlcrane.com\/product\/wjk-rail-clips\/","url":"https:\/\/www.hnhlcrane.com\/product\/wjk-rail-clips\/","name":"WJK Rail Clips Tootja - Expert Crane Rail Kinnituslahendused","isPartOf":{"@id":"https:\/\/www.hnhlcrane.com\/#website"},"primaryImageOfPage":{"@id":"https:\/\/www.hnhlcrane.com\/product\/wjk-rail-clips\/#primaryimage"},"image":{"@id":"https:\/\/www.hnhlcrane.com\/product\/wjk-rail-clips\/#primaryimage"},"thumbnailUrl":"https:\/\/www.hnhlcrane.com\/wp-content\/uploads\/2024\/11\/WJK-Rail-Clips-1.jpg","datePublished":"2024-11-28T06:51:15+00:00","dateModified":"2025-09-10T02:52:52+00:00","description":"WJK r\u00f6\u00f6bastee klambrid, mis on m\u00f5eldud kraanar\u00f6\u00f6pmete turvaliseks kinnitamiseks, vibratsioonikindluseks ja pikaajaliseks toimimiseks kraanis\u00fcsteemides.","breadcrumb":{"@id":"https:\/\/www.hnhlcrane.com\/product\/wjk-rail-clips\/#breadcrumb"},"inLanguage":"et","potentialAction":[{"@type":"ReadAction","target":["https:\/\/www.hnhlcrane.com\/product\/wjk-rail-clips\/"]}]},{"@type":"ImageObject","inLanguage":"et","@id":"https:\/\/www.hnhlcrane.com\/product\/wjk-rail-clips\/#primaryimage","url":"https:\/\/www.hnhlcrane.com\/wp-content\/uploads\/2024\/11\/WJK-Rail-Clips-1.jpg","contentUrl":"https:\/\/www.hnhlcrane.com\/wp-content\/uploads\/2024\/11\/WJK-Rail-Clips-1.jpg","width":600,"height":600},{"@type":"BreadcrumbList","@id":"https:\/\/www.hnhlcrane.com\/product\/wjk-rail-clips\/#breadcrumb","itemListElement":[{"@type":"ListItem","position":1,"name":"home","item":"https:\/\/www.hnhlcrane.com\/"},{"@type":"ListItem","position":2,"name":"products","item":"https:\/\/www.hnhlcrane.com\/products\/"},{"@type":"ListItem","position":3,"name":"WJK Rail Clips"}]},{"@type":"WebSite","@id":"https:\/\/www.hnhlcrane.com\/#website","url":"https:\/\/www.hnhlcrane.com\/","name":"Kraana osade tarnija-HL Crame","description":"\u00dcks lahendus k\u00f5igile teie kraanaosade vajadustele, kraana konks, kraana trummel, kraana ratas, kraana haakeseadeldis, kraana k\u00e4igukast, kraana mootor, kraanapidur, spetsiaalne kraana levitaja, kraana haarats, konteinerite levitaja, kraanaklambrid, kraana C-t\u00fc\u00fcpi levitaja,T\u00f5stmise elektromagnet,Kraana r\u00f6\u00f6bastee klambrid,elektriline t\u00f5stuk,FEM standardne kraana l\u00f5ppvankrid,kerge kraana osad,t\u00f6\u00f6koha kraana osad,kraana elektrilised osad,I-tala kaablik\u00e4ru,kraana kaugjuhtimispult,kraana elektriline juhtimiskapp,Kraana l\u00f5ppl\u00fcliti,Kraana heli- ja valgush\u00e4ire,Raske lennundus\u00fchendus,Kraana \u00fclekoormuse piiraja,Hiina kraanaosade tarnija,Kraana konksud,Gantry kraana konks,Kraana tarvikud,Sepistatud konks,konksu t\u00f6\u00f6tlemine,konksu tootja,Hiina standard kraana konks,elektriline t\u00f5stuk konks,Kraana rihmaratas,konksu rihmaratas,valtsitud rihmaratas,kraana rihmaratas tarnija\uff0cEuroopa konksu rihmaratas,Gantry kraana konksu rihmaratas,WZL t\u00fc\u00fcpi kraana trummel,Euroopa stiilis rullikomplekt,kraana rullik,kraana osad,Trumli t\u00f6\u00f6tlemine,kraanatrumli tootja,Valatud terastrumli,Elektrit\u00f5stuki trummel,Kraanatrumli koost,DRS rattaplokid,Euroopa kraanaratas,Sepistatud rattad,Aktiivrataste komplekt,Ajamisrataste komplekt,Ajamisrataste grupp,Kraanarattade tootja,Demag kraanarattad,Konecranes kraanarattad,\u00d5hukorraldusn\u00f5uratas,V\u00f5lli\u00fchendused,j\u00f5u\u00fclekande\u00fchendused,ketas\u00fchendused,vedeliku\u00fchendused,Haakeseadiste tootja\uff0cCardan coupling,Kraana reduktor,Kraana aeglustid,Reduktori k\u00e4igukast,Reduktor kraanale,Hammasrataste reduktor kraanale,K\u00f5vahambaline pind reduktor,Kraana ja t\u00f5stukite reduktor,Flender reduktor,Reduktori tootja,ZQ reduktor,QJ reduktor,QJY reduktor,Hammasrataste mootorid,Konecranes reduktor.Konecranes reduktor,F-seeria kolme-\u00fches reduktor,K-seeria kolme-\u00fches reduktor,liikuvad masinad,liikuv mootor hammasratastega,hammasrataste mootor kraana liikumiseks,liikuvate masinate sagedusinverter mootorid,FEM standard hammasrataste mootorid,kraanamootorid,Invertermootorid,T\u00f5stukimootorid,mootorKraana t\u00f6\u00f6mootorid,Erimootor kraanale,YZR YZP YZ seeria mootorid,Kraana ja t\u00f5stukimootor,Sagedusmuundusmootor,Elektroh\u00fcdraulilised trummelpidurid,Elektroh\u00fcdraulilised ketaspidurid,Pidurid,Kraanapidurid,Ketaspidurid,Elektromagnetiline ketaspidur,Kraana h\u00fcdrauliline ketaspidur,Pidurite tootja,Kraana ohutuspidurid,Singlr trossikrabi,Neli trossikrabi,Elektroh\u00fcdrauliline mitmeklapp-krabi,Oran\u017e koorekrabi,Elektrimootor-krabi,Electro-Hydraulicclamshell grab,grab tootjad,Container spreader manufacturers,20ft Container Spreader,Semi Automatic container spreader,40ft Container Lifting Frame,TEC container Spreader,Billet lifting clamp,Billet Clamps,Billet crane clamps manufacturer,billet lifting clamps china supplier,Coil C-Type Hook,coil hook,Coil hook,Overhead Crane Steel Coil C-Type Hook,C-hraan C-hook,C-type spreader,C-type hook,C-type hook,Crane magnets,Rail fixing device,Crane Rail fixing device,crane Rail Clamp,CD\/MD Wire Rope Electric Hoist,Wire Rope Electric Hoist China Manufacturer,Single Girder Wire Rope Electric Hoist,Double Girder Wire Rope Electric Hoist,Chain Hoist,Electric chain hoist manufacturer,Electric chain hoist China distributor,European wire rope electric hoist\uff0cEuropean double beam wire rope electric hoist,European Style Single Beam Crane End Carriage,FEN\/DIN European Style Single Beam Crane End Carriage,Kraana l\u00f5pptala tootjad,Euroopa stiilis t\u00f5stuk kahetala kraana l\u00f5pptala,Rippkraana l\u00f5pptala,Euroopa stiilis riputatud \u00fchepalkkraana l\u00f5pptala,FEN\/DIN Rippkraana l\u00f5pptala,kraana trossik\u00e4ru,traadita kaugjuhtimispult,kaugjuhtimispult,kraana juhtk\u00e4epide,kraana juhtimispuldid,elektriline juhtimiskapp,kraana juhtimiskapp,l\u00f5ppl\u00fcliti,heli ja valgush\u00e4ire,lennunduspistik,kiir\u00fchendus,kraana lennunduspistik,\u00fclekoormuse piiraja.","publisher":{"@id":"https:\/\/www.hnhlcrane.com\/#organization"},"potentialAction":[{"@type":"SearchAction","target":{"@type":"EntryPoint","urlTemplate":"https:\/\/www.hnhlcrane.com\/?s={search_term_string}"},"query-input":{"@type":"PropertyValueSpecification","valueRequired":true,"valueName":"search_term_string"}}],"inLanguage":"et"},{"@type":"Organization","@id":"https:\/\/www.hnhlcrane.com\/#organization","name":"Kraana osade tarnija-HL Crame","url":"https:\/\/www.hnhlcrane.com\/","logo":{"@type":"ImageObject","inLanguage":"et","@id":"https:\/\/www.hnhlcrane.com\/#\/schema\/logo\/image\/","url":"https:\/\/www.hnhlcrane.com\/wp-content\/uploads\/2024\/09\/logo6-1-e1733899395598.png","contentUrl":"https:\/\/www.hnhlcrane.com\/wp-content\/uploads\/2024\/09\/logo6-1-e1733899395598.png","width":1000,"height":282,"caption":"Crane Parts Supplier-HL Crame"},"image":{"@id":"https:\/\/www.hnhlcrane.com\/#\/schema\/logo\/image\/"}}]}},"_links":{"self":[{"href":"https:\/\/www.hnhlcrane.com\/et\/wp-json\/wp\/v2\/product\/5505","targetHints":{"allow":["GET"]}}],"collection":[{"href":"https:\/\/www.hnhlcrane.com\/et\/wp-json\/wp\/v2\/product"}],"about":[{"href":"https:\/\/www.hnhlcrane.com\/et\/wp-json\/wp\/v2\/types\/product"}],"version-history":[{"count":1,"href":"https:\/\/www.hnhlcrane.com\/et\/wp-json\/wp\/v2\/product\/5505\/revisions"}],"predecessor-version":[{"id":6958,"href":"https:\/\/www.hnhlcrane.com\/et\/wp-json\/wp\/v2\/product\/5505\/revisions\/6958"}],"wp:featuredmedia":[{"embeddable":true,"href":"https:\/\/www.hnhlcrane.com\/et\/wp-json\/wp\/v2\/media\/5506"}],"wp:attachment":[{"href":"https:\/\/www.hnhlcrane.com\/et\/wp-json\/wp\/v2\/media?parent=5505"}],"wp:term":[{"taxonomy":"product_brand","embeddable":true,"href":"https:\/\/www.hnhlcrane.com\/et\/wp-json\/wp\/v2\/product_brand?post=5505"},{"taxonomy":"product_cat","embeddable":true,"href":"https:\/\/www.hnhlcrane.com\/et\/wp-json\/wp\/v2\/product_cat?post=5505"},{"taxonomy":"product_tag","embeddable":true,"href":"https:\/\/www.hnhlcrane.com\/et\/wp-json\/wp\/v2\/product_tag?post=5505"}],"curies":[{"name":"wp","href":"https:\/\/api.w.org\/{rel}","templated":true}]}}