{"id":5487,"date":"2024-11-26T01:03:18","date_gmt":"2024-11-25T17:03:18","guid":{"rendered":"https:\/\/www.hnhlcrane.com\/?post_type=product&#038;p=5487"},"modified":"2025-09-10T10:47:44","modified_gmt":"2025-09-10T02:47:44","slug":"tostev-elektromagnet","status":"publish","type":"product","link":"https:\/\/www.hnhlcrane.com\/et\/toode\/tostev-elektromagnet\/","title":{"rendered":"T\u00f5stev elektromagnet"},"content":{"rendered":"<h6><strong><span style=\"font-family: arial, helvetica, sans-serif; font-size: 18pt;\">\u00dclevaade t\u00f5stvast elektromagnetist<\/span><\/strong><\/h6>\n<p>A <strong>T\u00f5stev elektromagnet<\/strong> on seade, mis kasutab m\u00e4hist l\u00e4bivat elektrivoolu magnetismi tekitamiseks, mis kaob, kui vool v\u00e4lja l\u00fclitatakse. T\u00f6\u00f6stuses laialdaselt kasutatav seade on tavaliselt valmistatud pehmest rauast v\u00f5i r\u00e4niterasest ning sellel on t\u00e4ielikult suletud, niiskuskindel konstruktsioon. Need magnetid on optimeeritud kerge kaalu, suure imemisj\u00f5u ja madala energiatarbimise jaoks. Magnetilisi omadusi saab mugavalt reguleerida elektrivoolu reguleerimise teel, mis muudab need mitmek\u00fclgseks ja t\u00f5husaks.<\/p>\n<h6><span style=\"font-family: arial, helvetica, sans-serif; font-size: 18pt;\"><strong>Peamised eelised<\/strong><\/span><\/h6>\n<ul>\n<li><strong>Lihtne kontroll<\/strong>:\n<ul>\n<li>Magnetism aktiveeritakse v\u00f5i deaktiveeritakse lihtsalt voolu sisse- v\u00f5i v\u00e4ljal\u00fclitamisega.<\/li>\n<\/ul>\n<\/li>\n<li><strong>Paindlik reguleerimine<\/strong>:\n<ul>\n<li>Magnetv\u00e4lja tugevust ja polaarsust saab muuta, reguleerides voolu intensiivsust ja suunda.<\/li>\n<\/ul>\n<\/li>\n<li><strong>Laialdased rakendused<\/strong>:\n<ul>\n<li>Sobib selliste t\u00f6\u00f6stusharude jaoks nagu metallurgia, kaevandamine, masinad ja transport, et t\u00f5sta ferromagnetilisi materjale, nagu teras.<\/li>\n<\/ul>\n<\/li>\n<\/ul>\n<h6><span style=\"font-family: arial, helvetica, sans-serif; font-size: 18pt;\"><strong>Rakendused<\/strong><\/span><\/h6>\n<ul>\n<li><strong>Metallurgia, kaevandamine ja masinad<\/strong>:\n<ul>\n<li>Terase, malmi ja muude magnetiliste materjalide t\u00f5stmiseks.<\/li>\n<\/ul>\n<\/li>\n<li><strong>Transport<\/strong>:\n<ul>\n<li>Kasutatakse laialdaselt raudteelogistikas, sadamates ja laevaehituses raskete koormate k\u00e4sitsi teisaldamise asendamiseks.<\/li>\n<\/ul>\n<\/li>\n<li><strong>Erilised keskkonnad<\/strong>:\n<ul>\n<li>V\u00f5ivad t\u00f6\u00f6tada \u00e4\u00e4rmuslikes tingimustes, sealhulgas k\u00f5rgetel temperatuuridel, vee all, tolmuses, m\u00fcrgises v\u00f5i k\u00fclmas keskkonnas.<\/li>\n<\/ul>\n<\/li>\n<\/ul>\n<h6><span style=\"font-family: arial, helvetica, sans-serif; font-size: 18pt;\"><strong>Spetsiaalsed mudelid<\/strong><\/span><\/h6>\n<h6><span style=\"font-family: arial, helvetica, sans-serif; font-size: 14pt;\"><strong>MW5 seeria - vanaterase t\u00f5stev elektromagnet<\/strong><\/span><\/h6>\n<ul>\n<li>M\u00f5eldud malmist valuplokkide, teraskuulide ja erinevate terasj\u00e4\u00e4tmete t\u00f5stmiseks.<\/li>\n<\/ul>\n<h6><span style=\"font-family: arial, helvetica, sans-serif; font-size: 14pt;\"><strong>MW12-seeria - ristk\u00fclikukujuline elektromagnetiline pingutuspesa komplekteeritud betoonvarraste jaoks<\/strong><\/span><\/h6>\n<ul>\n<li>Omab suure l\u00e4bilaskvusega magnetahela konstruktsiooni, mis on v\u00f5imeline l\u00e4bima mitmeid \u00f5hul\u00f5ike.<\/li>\n<li>Sobib kimpude t\u00f5stmiseks; kasutatakse sageli mitme tooriku kombinatsioonina.<\/li>\n<\/ul>\n<h6><span style=\"font-family: arial, helvetica, sans-serif; font-size: 14pt;\"><strong>MW22-seeria - terasvaluplokid ja suured plommid<\/strong><\/span><\/h6>\n<ul>\n<li>Optimeeritud terasest valuplokkide, suurte esialgsete plokkide ja konstruktsiooniterase komponentide t\u00f5stmiseks.<\/li>\n<\/ul>\n<h6><span style=\"font-family: arial, helvetica, sans-serif; font-size: 14pt;\"><strong>MW84 seeria - Elektromagnet keskmise paksusega ja paksude terasplaatide jaoks<\/strong><\/span><\/h6>\n<ul>\n<li>Spetsiaalselt m\u00f5eldud keskmise paksusega terasplaatide (6-32 mm) t\u00f5stmiseks.<\/li>\n<li>Tagab ohutu, t\u00e4pse ja t\u00f5husa t\u00f6\u00f6.<\/li>\n<li>Pikemate terasplaatide puhul tuleks kasutada mitut elektromagnetit koos.<\/li>\n<li>Saadaval kahte t\u00fc\u00fcpi:\n<ul style=\"list-style-type: circle;\">\n<li><strong>T\u00fc\u00fcp 350<\/strong> ja <strong>T\u00fc\u00fcp 400<\/strong> erinevate t\u00f5stev\u00f5imete jaoks.<\/li>\n<li><strong>Normaalne temperatuur<\/strong> ja <strong>K\u00f5rge temperatuuriga<\/strong> mudelid (kuni 700 \u00b0C).<\/li>\n<\/ul>\n<\/li>\n<\/ul>\n<h6><span style=\"font-family: arial, helvetica, sans-serif; font-size: 18pt;\"><strong>Miks valida t\u00f5stev elektromagnetid?<\/strong><\/span><\/h6>\n<p>T\u00f5stemagnetid on olulised vahendid t\u00f5husaks materjalik\u00e4itluseks t\u00f6\u00f6stusharudes, mis n\u00f5uavad sagedasi ja raskeid t\u00f5stet\u00f6id. Nende v\u00f5ime toimida erinevates keskkondades koos kohandatava tugevuse ja t\u00f6\u00f6alase paindlikkusega muudab need hindamatuks nii standard- kui ka spetsiaalsetes t\u00f6\u00f6stusrakendustes.<\/p>","protected":false},"excerpt":{"rendered":"<p>Kraanamagnetid, t\u00f5stev elektromagnet<\/p>\n<ul>\n<li><span style=\"font-family: arial, helvetica, sans-serif; font-size: 12pt;\"><strong>MW5 seeria - vanaterase t\u00f5stev elektromagnet<\/strong><\/span><\/li>\n<li><span style=\"font-family: arial, helvetica, sans-serif; font-size: 12pt;\"><strong>MW12-seeria - ristk\u00fclikukujuline elektromagnetiline pingutuspesa komplekteeritud betoonvarraste jaoks<\/strong><\/span><\/li>\n<li><span style=\"font-family: arial, helvetica, sans-serif; font-size: 12pt;\"><strong>MW22-seeria - terasvaluplokid ja suured plommid<\/strong><\/span><\/li>\n<li><span style=\"font-family: arial, helvetica, sans-serif; font-size: 12pt;\"><strong>MW84 seeria - Elektromagnet keskmise paksusega ja paksude terasplaatide jaoks<\/strong><\/span><\/li>\n<\/ul>","protected":false},"featured_media":5488,"template":"","meta":{"_kad_post_transparent":"default","_kad_post_title":"","_kad_post_layout":"default","_kad_post_sidebar_id":"","_kad_post_content_style":"default","_kad_post_vertical_padding":"show","_kad_post_feature":"","_kad_post_feature_position":"","_kad_post_header":false,"_kad_post_footer":false},"product_brand":[],"product_cat":[59],"product_tag":[213,212,185],"class_list":{"0":"post-5487","1":"product","2":"type-product","3":"status-publish","4":"has-post-thumbnail","6":"product_cat-special-crane-spreader","7":"product_tag-crane-magnets","8":"product_tag-lifting-electromagnet","9":"product_tag-special-crane-spreader","11":"first","12":"instock","13":"shipping-taxable","14":"product-type-simple","15":"entry","16":"content-bg","17":"loop-entry"},"yoast_head":"<!-- This site is optimized with the Yoast SEO plugin v25.6 - https:\/\/yoast.com\/wordpress\/plugins\/seo\/ -->\n<title>Lifting Electromagnet \u2013 Efficient Crane &amp; Industrial Lifting Magnet<\/title>\n<meta name=\"description\" content=\"Lifting electromagnets designed for maximum magnetic force, energy efficiency, and reliable performance in heavy-duty crane and industrial applications.\" \/>\n<meta name=\"robots\" content=\"index, follow, max-snippet:-1, max-image-preview:large, max-video-preview:-1\" \/>\n<link rel=\"canonical\" href=\"https:\/\/www.hnhlcrane.com\/et\/toode\/tostev-elektromagnet\/\" \/>\n<meta property=\"og:locale\" content=\"et_EE\" \/>\n<meta property=\"og:type\" content=\"article\" \/>\n<meta property=\"og:title\" content=\"Lifting Electromagnet \u2013 Efficient Crane &amp; Industrial Lifting Magnet\" \/>\n<meta property=\"og:description\" content=\"Lifting electromagnets designed for maximum magnetic force, energy efficiency, and reliable performance in heavy-duty crane and industrial applications.\" \/>\n<meta property=\"og:url\" content=\"https:\/\/www.hnhlcrane.com\/et\/toode\/tostev-elektromagnet\/\" \/>\n<meta property=\"og:site_name\" content=\"Crane Parts Supplier-HL Crame\" \/>\n<meta property=\"article:modified_time\" content=\"2025-09-10T02:47:44+00:00\" \/>\n<meta property=\"og:image\" content=\"https:\/\/www.hnhlcrane.com\/wp-content\/uploads\/2024\/11\/Lifting-Electromagnet-1.jpg\" \/>\n\t<meta property=\"og:image:width\" content=\"600\" \/>\n\t<meta property=\"og:image:height\" content=\"600\" \/>\n\t<meta property=\"og:image:type\" content=\"image\/jpeg\" \/>\n<meta name=\"twitter:card\" content=\"summary_large_image\" \/>\n<meta name=\"twitter:label1\" content=\"Est. reading time\" \/>\n\t<meta name=\"twitter:data1\" content=\"2 minutit\" \/>\n<script type=\"application\/ld+json\" class=\"yoast-schema-graph\">{\"@context\":\"https:\/\/schema.org\",\"@graph\":[{\"@type\":\"WebPage\",\"@id\":\"https:\/\/www.hnhlcrane.com\/product\/lifting-electromagnet\/\",\"url\":\"https:\/\/www.hnhlcrane.com\/product\/lifting-electromagnet\/\",\"name\":\"Lifting Electromagnet \u2013 Efficient Crane & Industrial Lifting Magnet\",\"isPartOf\":{\"@id\":\"https:\/\/www.hnhlcrane.com\/#website\"},\"primaryImageOfPage\":{\"@id\":\"https:\/\/www.hnhlcrane.com\/product\/lifting-electromagnet\/#primaryimage\"},\"image\":{\"@id\":\"https:\/\/www.hnhlcrane.com\/product\/lifting-electromagnet\/#primaryimage\"},\"thumbnailUrl\":\"https:\/\/www.hnhlcrane.com\/wp-content\/uploads\/2024\/11\/Lifting-Electromagnet-1.jpg\",\"datePublished\":\"2024-11-25T17:03:18+00:00\",\"dateModified\":\"2025-09-10T02:47:44+00:00\",\"description\":\"Lifting electromagnets designed for maximum magnetic force, energy efficiency, and reliable performance in heavy-duty crane and industrial applications.\",\"breadcrumb\":{\"@id\":\"https:\/\/www.hnhlcrane.com\/product\/lifting-electromagnet\/#breadcrumb\"},\"inLanguage\":\"et\",\"potentialAction\":[{\"@type\":\"ReadAction\",\"target\":[\"https:\/\/www.hnhlcrane.com\/product\/lifting-electromagnet\/\"]}]},{\"@type\":\"ImageObject\",\"inLanguage\":\"et\",\"@id\":\"https:\/\/www.hnhlcrane.com\/product\/lifting-electromagnet\/#primaryimage\",\"url\":\"https:\/\/www.hnhlcrane.com\/wp-content\/uploads\/2024\/11\/Lifting-Electromagnet-1.jpg\",\"contentUrl\":\"https:\/\/www.hnhlcrane.com\/wp-content\/uploads\/2024\/11\/Lifting-Electromagnet-1.jpg\",\"width\":600,\"height\":600},{\"@type\":\"BreadcrumbList\",\"@id\":\"https:\/\/www.hnhlcrane.com\/product\/lifting-electromagnet\/#breadcrumb\",\"itemListElement\":[{\"@type\":\"ListItem\",\"position\":1,\"name\":\"home\",\"item\":\"https:\/\/www.hnhlcrane.com\/\"},{\"@type\":\"ListItem\",\"position\":2,\"name\":\"products\",\"item\":\"https:\/\/www.hnhlcrane.com\/products\/\"},{\"@type\":\"ListItem\",\"position\":3,\"name\":\"Lifting Electromagnet\"}]},{\"@type\":\"WebSite\",\"@id\":\"https:\/\/www.hnhlcrane.com\/#website\",\"url\":\"https:\/\/www.hnhlcrane.com\/\",\"name\":\"Crane Parts Supplier-HL Crame\",\"description\":\"One-stop solution for all your  crane parts needs,Crane Hook,Crane Drum,Crane Wheel,Crane Coupling,Crane Gearbox,Crane Motor,Crane Brake,Special Crane Spreader,Crane grab,Container spreader,Billet crane clamps,Crane C-type spreader,Lifting Electromagnet,Crane Rail Clips,Electric Hoist,FEM Standard Crane End Carriages,Light Crane Parts,Workstation Crane Parts,Crane Electrical Parts,I-beam cable trolley,Crane remote controller,Crane electrical control cabinet,Crane limit switch,Crane sound and light alarm,Heavy Duty Aviation Connector,Crane overload limiter,China Crane Parts Supplier,Crane hooks,Gantry crane hook,Crane accessories,Forged hook,hook processing,Hook manufacturer,China standard crane hook,electric hoist hook,Crane pulley,Hook pulley,Rolled pulley,Crane Pulley Supplier\uff0cEuropean hook pulley,Gantry crane hook pulley,WZL type crane drum,European style reel set,Crane reel,crane parts,Drum processing,crane drum manufacturer,Cast steel drum,Electric hoist drum,Crane drum assembly,DRS Wheel Blocks,European crane wheel,Forged wheels,Active wheel set,Driving wheel set,Driven wheel group,crane wheels manufacturer,Demag crane wheels,Konecranes Crane Wheels,Overhead crane Wheel,Shaft couplings,Power Transmission Couplings,Disc Couplings,Fluid couplings,Coupling manufacturer\uff0cCardan coupling,Crane Reducer,Crane Decelerators,Reducer gearbox,Reducer for crane,Gear Reducer For Crane,Hard tooth surface reducerCrane and hoist reducer,Flender reducer,Reducer manufacturer,ZQ reducer,QJ reducer,QJY reducer,Gear Motors,Konecranes reducer,F series three-in-one reducer,K series three-in-one reducer,travelling machinery,Travelling Motor With Gear,Gear Motor for Crane Traveling,Travelling machinery Frequency inverter motors,FEM standard Gear Motors,Crane motors,Inverter motors,Hoist motors,motorCrane duty motors,Special motor for crane,YZR YZP YZ series motors,Crane and hoist motor,Frequency conversion motor,Electro hydraulic drum brakes,Electro-hydraulic disc brakes,Brake,Overhead Crane Brakes,Disc brakes,Electromagnetic disk brake,Crane hydraulic disc brake,Brakes manufacturer,crane Safety brakes,Singlr rope grab,Four rope grab,Electro-hydraulic multi-flap grab,Orange peel grab,Electric motor grab,Electro-Hydraulicclamshell grab,grab manufacturers,Container spreader manufacturers,20ft Container Spreader,Semi Automatic container spreader,40ft Container Lifting Frame,TEC container Spreader,Billet lifting clamp,Billet Clamps,Billet crane clamps manufacturer,billet lifting clamps china supplier,Coil C-Type Hook,coil hook,Overhead Crane Steel Coil C-Type Hook,Crane C-hook,C-type spreader,C-type hook,Crane magnets,Rail fixing device,Crane Rail fixing device,crane Rail Clamp,CD\/MD Wire Rope Electric Hoist,Wire Rope Electric Hoist China Manufacturer,Single Girder Wire Rope Electric Hoist,Double Girder Wire Rope Electric Hoist,Chain Hoist,Electric chain hoist manufacturer,Electric chain hoist China distributor,European wire rope electric hoist\uff0cEuropean double beam wire rope electric hoist,European Style Single Beam Crane End Carriage,FEN\/DIN European Style Single Beam Crane End Carriage,Crane end beam manufacturers,European style hoist double beam crane end beam,Suspension crane end beam,European style suspended single beam crane end beam,FEN\/DIN Suspension crane end beam,crane cable trolley,Wireless remote control,remote controller,Crane control handle,Crane Controls,electrical control cabinet,crane control cabinet,Limit switch,Sound and light alarm,Aviation plug,quick connector,Crane aviation plug,Overload limiter\",\"publisher\":{\"@id\":\"https:\/\/www.hnhlcrane.com\/#organization\"},\"potentialAction\":[{\"@type\":\"SearchAction\",\"target\":{\"@type\":\"EntryPoint\",\"urlTemplate\":\"https:\/\/www.hnhlcrane.com\/?s={search_term_string}\"},\"query-input\":{\"@type\":\"PropertyValueSpecification\",\"valueRequired\":true,\"valueName\":\"search_term_string\"}}],\"inLanguage\":\"et\"},{\"@type\":\"Organization\",\"@id\":\"https:\/\/www.hnhlcrane.com\/#organization\",\"name\":\"Crane Parts Supplier-HL Crame\",\"url\":\"https:\/\/www.hnhlcrane.com\/\",\"logo\":{\"@type\":\"ImageObject\",\"inLanguage\":\"et\",\"@id\":\"https:\/\/www.hnhlcrane.com\/#\/schema\/logo\/image\/\",\"url\":\"https:\/\/www.hnhlcrane.com\/wp-content\/uploads\/2024\/09\/logo6-1-e1733899395598.png\",\"contentUrl\":\"https:\/\/www.hnhlcrane.com\/wp-content\/uploads\/2024\/09\/logo6-1-e1733899395598.png\",\"width\":1000,\"height\":282,\"caption\":\"Crane Parts Supplier-HL Crame\"},\"image\":{\"@id\":\"https:\/\/www.hnhlcrane.com\/#\/schema\/logo\/image\/\"}}]}<\/script>\n<!-- \/ Yoast SEO plugin. -->","yoast_head_json":{"title":"T\u00f5stev elektromagnet - T\u00f5hus kraana &amp; t\u00f6\u00f6stuslik t\u00f5stemagnet","description":"T\u00f5stemagnetid, mis on kavandatud maksimaalse magnetj\u00f5u, energiat\u00f5hususe ja usaldusv\u00e4\u00e4rse t\u00f6\u00f6 tagamiseks raskekaaluliste kraanade ja t\u00f6\u00f6stuslike rakenduste puhul.","robots":{"index":"index","follow":"follow","max-snippet":"max-snippet:-1","max-image-preview":"max-image-preview:large","max-video-preview":"max-video-preview:-1"},"canonical":"https:\/\/www.hnhlcrane.com\/et\/toode\/tostev-elektromagnet\/","og_locale":"et_EE","og_type":"article","og_title":"Lifting Electromagnet \u2013 Efficient Crane & Industrial Lifting Magnet","og_description":"Lifting electromagnets designed for maximum magnetic force, energy efficiency, and reliable performance in heavy-duty crane and industrial applications.","og_url":"https:\/\/www.hnhlcrane.com\/et\/toode\/tostev-elektromagnet\/","og_site_name":"Crane Parts Supplier-HL Crame","article_modified_time":"2025-09-10T02:47:44+00:00","og_image":[{"width":600,"height":600,"url":"https:\/\/www.hnhlcrane.com\/wp-content\/uploads\/2024\/11\/Lifting-Electromagnet-1.jpg","type":"image\/jpeg"}],"twitter_card":"summary_large_image","twitter_misc":{"Est. reading time":"2 minutit"},"schema":{"@context":"https:\/\/schema.org","@graph":[{"@type":"WebPage","@id":"https:\/\/www.hnhlcrane.com\/product\/lifting-electromagnet\/","url":"https:\/\/www.hnhlcrane.com\/product\/lifting-electromagnet\/","name":"T\u00f5stev elektromagnet - T\u00f5hus kraana &amp; t\u00f6\u00f6stuslik t\u00f5stemagnet","isPartOf":{"@id":"https:\/\/www.hnhlcrane.com\/#website"},"primaryImageOfPage":{"@id":"https:\/\/www.hnhlcrane.com\/product\/lifting-electromagnet\/#primaryimage"},"image":{"@id":"https:\/\/www.hnhlcrane.com\/product\/lifting-electromagnet\/#primaryimage"},"thumbnailUrl":"https:\/\/www.hnhlcrane.com\/wp-content\/uploads\/2024\/11\/Lifting-Electromagnet-1.jpg","datePublished":"2024-11-25T17:03:18+00:00","dateModified":"2025-09-10T02:47:44+00:00","description":"T\u00f5stemagnetid, mis on kavandatud maksimaalse magnetj\u00f5u, energiat\u00f5hususe ja usaldusv\u00e4\u00e4rse t\u00f6\u00f6 tagamiseks raskekaaluliste kraanade ja t\u00f6\u00f6stuslike rakenduste puhul.","breadcrumb":{"@id":"https:\/\/www.hnhlcrane.com\/product\/lifting-electromagnet\/#breadcrumb"},"inLanguage":"et","potentialAction":[{"@type":"ReadAction","target":["https:\/\/www.hnhlcrane.com\/product\/lifting-electromagnet\/"]}]},{"@type":"ImageObject","inLanguage":"et","@id":"https:\/\/www.hnhlcrane.com\/product\/lifting-electromagnet\/#primaryimage","url":"https:\/\/www.hnhlcrane.com\/wp-content\/uploads\/2024\/11\/Lifting-Electromagnet-1.jpg","contentUrl":"https:\/\/www.hnhlcrane.com\/wp-content\/uploads\/2024\/11\/Lifting-Electromagnet-1.jpg","width":600,"height":600},{"@type":"BreadcrumbList","@id":"https:\/\/www.hnhlcrane.com\/product\/lifting-electromagnet\/#breadcrumb","itemListElement":[{"@type":"ListItem","position":1,"name":"home","item":"https:\/\/www.hnhlcrane.com\/"},{"@type":"ListItem","position":2,"name":"products","item":"https:\/\/www.hnhlcrane.com\/products\/"},{"@type":"ListItem","position":3,"name":"Lifting Electromagnet"}]},{"@type":"WebSite","@id":"https:\/\/www.hnhlcrane.com\/#website","url":"https:\/\/www.hnhlcrane.com\/","name":"Kraana osade tarnija-HL Crame","description":"\u00dcks lahendus k\u00f5igile teie kraanaosade vajadustele, kraana konks, kraana trummel, kraana ratas, kraana haakeseadeldis, kraana k\u00e4igukast, kraana mootor, kraanapidur, spetsiaalne kraana levitaja, kraana haarats, konteinerite levitaja, kraanaklambrid, kraana C-t\u00fc\u00fcpi levitaja,T\u00f5stmise elektromagnet,Kraana r\u00f6\u00f6bastee klambrid,elektriline t\u00f5stuk,FEM standardne kraana l\u00f5ppvankrid,kerge kraana osad,t\u00f6\u00f6koha kraana osad,kraana elektrilised osad,I-tala kaablik\u00e4ru,kraana kaugjuhtimispult,kraana elektriline juhtimiskapp,Kraana l\u00f5ppl\u00fcliti,Kraana heli- ja valgush\u00e4ire,Raske lennundus\u00fchendus,Kraana \u00fclekoormuse piiraja,Hiina kraanaosade tarnija,Kraana konksud,Gantry kraana konks,Kraana tarvikud,Sepistatud konks,konksu t\u00f6\u00f6tlemine,konksu tootja,Hiina standard kraana konks,elektriline t\u00f5stuk konks,Kraana rihmaratas,konksu rihmaratas,valtsitud rihmaratas,kraana rihmaratas tarnija\uff0cEuroopa konksu rihmaratas,Gantry kraana konksu rihmaratas,WZL t\u00fc\u00fcpi kraana trummel,Euroopa stiilis rullikomplekt,kraana rullik,kraana osad,Trumli t\u00f6\u00f6tlemine,kraanatrumli tootja,Valatud terastrumli,Elektrit\u00f5stuki trummel,Kraanatrumli koost,DRS rattaplokid,Euroopa kraanaratas,Sepistatud rattad,Aktiivrataste komplekt,Ajamisrataste komplekt,Ajamisrataste grupp,Kraanarattade tootja,Demag kraanarattad,Konecranes kraanarattad,\u00d5hukorraldusn\u00f5uratas,V\u00f5lli\u00fchendused,j\u00f5u\u00fclekande\u00fchendused,ketas\u00fchendused,vedeliku\u00fchendused,Haakeseadiste tootja\uff0cCardan coupling,Kraana reduktor,Kraana aeglustid,Reduktori k\u00e4igukast,Reduktor kraanale,Hammasrataste reduktor kraanale,K\u00f5vahambaline pind reduktor,Kraana ja t\u00f5stukite reduktor,Flender reduktor,Reduktori tootja,ZQ reduktor,QJ reduktor,QJY reduktor,Hammasrataste mootorid,Konecranes reduktor.Konecranes reduktor,F-seeria kolme-\u00fches reduktor,K-seeria kolme-\u00fches reduktor,liikuvad masinad,liikuv mootor hammasratastega,hammasrataste mootor kraana liikumiseks,liikuvate masinate sagedusinverter mootorid,FEM standard hammasrataste mootorid,kraanamootorid,Invertermootorid,T\u00f5stukimootorid,mootorKraana t\u00f6\u00f6mootorid,Erimootor kraanale,YZR YZP YZ seeria mootorid,Kraana ja t\u00f5stukimootor,Sagedusmuundusmootor,Elektroh\u00fcdraulilised trummelpidurid,Elektroh\u00fcdraulilised ketaspidurid,Pidurid,Kraanapidurid,Ketaspidurid,Elektromagnetiline ketaspidur,Kraana h\u00fcdrauliline ketaspidur,Pidurite tootja,Kraana ohutuspidurid,Singlr trossikrabi,Neli trossikrabi,Elektroh\u00fcdrauliline mitmeklapp-krabi,Oran\u017e koorekrabi,Elektrimootor-krabi,Electro-Hydraulicclamshell grab,grab tootjad,Container spreader manufacturers,20ft Container Spreader,Semi Automatic container spreader,40ft Container Lifting Frame,TEC container Spreader,Billet lifting clamp,Billet Clamps,Billet crane clamps manufacturer,billet lifting clamps china supplier,Coil C-Type Hook,coil hook,Coil hook,Overhead Crane Steel Coil C-Type Hook,C-hraan C-hook,C-type spreader,C-type hook,C-type hook,Crane magnets,Rail fixing device,Crane Rail fixing device,crane Rail Clamp,CD\/MD Wire Rope Electric Hoist,Wire Rope Electric Hoist China Manufacturer,Single Girder Wire Rope Electric Hoist,Double Girder Wire Rope Electric Hoist,Chain Hoist,Electric chain hoist manufacturer,Electric chain hoist China distributor,European wire rope electric hoist\uff0cEuropean double beam wire rope electric hoist,European Style Single Beam Crane End Carriage,FEN\/DIN European Style Single Beam Crane End Carriage,Kraana l\u00f5pptala tootjad,Euroopa stiilis t\u00f5stuk kahetala kraana l\u00f5pptala,Rippkraana l\u00f5pptala,Euroopa stiilis riputatud \u00fchepalkkraana l\u00f5pptala,FEN\/DIN Rippkraana l\u00f5pptala,kraana trossik\u00e4ru,traadita kaugjuhtimispult,kaugjuhtimispult,kraana juhtk\u00e4epide,kraana juhtimispuldid,elektriline juhtimiskapp,kraana juhtimiskapp,l\u00f5ppl\u00fcliti,heli ja valgush\u00e4ire,lennunduspistik,kiir\u00fchendus,kraana lennunduspistik,\u00fclekoormuse piiraja.","publisher":{"@id":"https:\/\/www.hnhlcrane.com\/#organization"},"potentialAction":[{"@type":"SearchAction","target":{"@type":"EntryPoint","urlTemplate":"https:\/\/www.hnhlcrane.com\/?s={search_term_string}"},"query-input":{"@type":"PropertyValueSpecification","valueRequired":true,"valueName":"search_term_string"}}],"inLanguage":"et"},{"@type":"Organization","@id":"https:\/\/www.hnhlcrane.com\/#organization","name":"Kraana osade tarnija-HL Crame","url":"https:\/\/www.hnhlcrane.com\/","logo":{"@type":"ImageObject","inLanguage":"et","@id":"https:\/\/www.hnhlcrane.com\/#\/schema\/logo\/image\/","url":"https:\/\/www.hnhlcrane.com\/wp-content\/uploads\/2024\/09\/logo6-1-e1733899395598.png","contentUrl":"https:\/\/www.hnhlcrane.com\/wp-content\/uploads\/2024\/09\/logo6-1-e1733899395598.png","width":1000,"height":282,"caption":"Crane Parts Supplier-HL Crame"},"image":{"@id":"https:\/\/www.hnhlcrane.com\/#\/schema\/logo\/image\/"}}]}},"_links":{"self":[{"href":"https:\/\/www.hnhlcrane.com\/et\/wp-json\/wp\/v2\/product\/5487","targetHints":{"allow":["GET"]}}],"collection":[{"href":"https:\/\/www.hnhlcrane.com\/et\/wp-json\/wp\/v2\/product"}],"about":[{"href":"https:\/\/www.hnhlcrane.com\/et\/wp-json\/wp\/v2\/types\/product"}],"version-history":[{"count":2,"href":"https:\/\/www.hnhlcrane.com\/et\/wp-json\/wp\/v2\/product\/5487\/revisions"}],"predecessor-version":[{"id":6957,"href":"https:\/\/www.hnhlcrane.com\/et\/wp-json\/wp\/v2\/product\/5487\/revisions\/6957"}],"wp:featuredmedia":[{"embeddable":true,"href":"https:\/\/www.hnhlcrane.com\/et\/wp-json\/wp\/v2\/media\/5488"}],"wp:attachment":[{"href":"https:\/\/www.hnhlcrane.com\/et\/wp-json\/wp\/v2\/media?parent=5487"}],"wp:term":[{"taxonomy":"product_brand","embeddable":true,"href":"https:\/\/www.hnhlcrane.com\/et\/wp-json\/wp\/v2\/product_brand?post=5487"},{"taxonomy":"product_cat","embeddable":true,"href":"https:\/\/www.hnhlcrane.com\/et\/wp-json\/wp\/v2\/product_cat?post=5487"},{"taxonomy":"product_tag","embeddable":true,"href":"https:\/\/www.hnhlcrane.com\/et\/wp-json\/wp\/v2\/product_tag?post=5487"}],"curies":[{"name":"wp","href":"https:\/\/api.w.org\/{rel}","templated":true}]}}