{"id":5472,"date":"2024-11-26T00:45:41","date_gmt":"2024-11-25T16:45:41","guid":{"rendered":"https:\/\/www.hnhlcrane.com\/?post_type=product&#038;p=5472"},"modified":"2025-09-10T10:45:04","modified_gmt":"2025-09-10T02:45:04","slug":"kangaklambrite-koopia","status":"publish","type":"product","link":"https:\/\/www.hnhlcrane.com\/et\/toode\/kangaklambrite-koopia\/","title":{"rendered":"Kraana C-t\u00fc\u00fcpi laotur"},"content":{"rendered":"<h6><span style=\"font-family: arial, helvetica, sans-serif; font-size: 18pt;\"><strong>C-t\u00fc\u00fcpi kraana laialilaotur \u00dclevaade C-t\u00fc\u00fcpi laialilaotur<\/strong><\/span><\/h6>\n<p>C-t\u00fc\u00fcpi kraana laialilaotur on spetsiaalne seade, mis on ette n\u00e4htud rullide horisontaalseks t\u00f5stmiseks ja transportimiseks. See laialija, mis on nime saanud oma sarnasuse t\u00f5ttu C-t\u00e4hega, kasutatakse tavaliselt terasetehastes, k\u00fclmvaltsitud lehtede tootmis- ja t\u00f6\u00f6tlemisrajatistes, laoruumides ja muudes t\u00f6\u00f6kohtades, kus k\u00e4ideldakse horisontaalseid terasrulle.<\/p>\n<h6><span style=\"font-family: arial, helvetica, sans-serif; font-size: 18pt;\"><strong>Kraana struktuurilised omadused <a href=\"https:\/\/www.hnhlcrane.com\/et\/tooted\/spetsiaalne-kraanalaotur\/\" target=\"_blank\" rel=\"noopener\">C-t\u00fc\u00fcpi hajuti<\/a><\/strong><\/span><\/h6>\n<ul>\n<li><strong>P\u00f5hikorpus ja vastukaal<\/strong>:\n<ul>\n<li><strong>Peamine keha<\/strong>: Valmistatud terasplaatidest ja terastorudest, mis tagavad suurep\u00e4rase paindumis- ja v\u00e4\u00e4ndekindluse. Kerge konstruktsioon suurendab kasutusmugavust ja pikendab kasutusiga.<\/li>\n<li><strong>Vastukaalu<\/strong>: Tasakaalustab levitaja ja joondab selle raskuskeskme t\u00f5stetava objekti keskmega, tagades ohutu ja usaldusv\u00e4\u00e4rse t\u00f6\u00f6.<\/li>\n<\/ul>\n<\/li>\n<li><strong>Kaitsekujunduse valikud<\/strong>:\n<ul>\n<li>Vastavalt kasutaja n\u00f5udmistele v\u00f5ib kontaktpunktidesse lisada kaitsemeetmeid, n\u00e4iteks kummist v\u00f5i nailonist plaate, et v\u00e4ltida t\u00f5stetavate materjalide kahjustamist.<\/li>\n<\/ul>\n<\/li>\n<\/ul>\n<h6><span style=\"font-family: arial, helvetica, sans-serif; font-size: 18pt;\"><strong>Rakendused<\/strong><\/span><\/h6>\n<p>C-t\u00fc\u00fcpi laotur sobib erinevate m\u00e4hitud materjalide k\u00e4itlemiseks, sealhulgas:<\/p>\n<ul>\n<li><strong>Terasrullid<\/strong><\/li>\n<li><strong>Alumiiniumspiraalid<\/strong><\/li>\n<li><strong>Vaskspiraalid<\/strong><\/li>\n<li><strong>Traatvardad<\/strong><\/li>\n<\/ul>\n<p>See on eriti t\u00f5hus keskkonnas, mis n\u00f5uab horisontaalsete rullide hoolikat k\u00e4itlemist ja t\u00f5husat transportimist.<\/p>\n<h6><span style=\"font-family: arial, helvetica, sans-serif; font-size: 18pt;\"><strong>Eelised<\/strong><\/span><\/h6>\n<ul>\n<li><strong>Ratsionaalne disain<\/strong>:<span style=\"font-family: var(--global-body-font-family);\">Laoturi konstruktsioon tagab stabiilsuse, tasakaalu ja t\u00e4psuse t\u00f6\u00f6de ajal.<\/span><\/li>\n<li><strong>Paindlikkus ja mugavus<\/strong>:<span style=\"font-family: var(--global-body-font-family);\">Sujuv liikumine ja lihtne k\u00e4sitsemine suurendavad t\u00f6\u00f6 t\u00f5husust.<\/span><\/li>\n<li><strong>Vastupidavus<\/strong>:<span style=\"font-family: var(--global-body-font-family);\">Vastupidav konstruktsioon on vastupidav kulumisele, tagades pikaealisuse ja t\u00f6\u00f6kindluse.<\/span><\/li>\n<\/ul>\n<h6><span style=\"font-family: arial, helvetica, sans-serif; font-size: 18pt;\"><strong>Hooldus- ja kasutusjuhised<\/strong><\/span><\/h6>\n<ul>\n<li><strong>N\u00f5uded ladustamisele<\/strong>:<span style=\"font-family: var(--global-body-font-family);\">S\u00e4ilitada <\/span><strong style=\"font-family: var(--global-body-font-family);\">ventileeritud, kuiv ja puhas keskkond<\/strong><span style=\"font-family: var(--global-body-font-family);\">. V\u00e4ltida kokkupuudet <\/span><strong style=\"font-family: var(--global-body-font-family);\">happed, leelised, soolad, keemilised gaasid v\u00f5i niisked tingimused<\/strong><span style=\"font-family: var(--global-body-font-family);\"> korrosiooni v\u00e4ltimiseks.<\/span><\/li>\n<li><strong>Pinnakaitse<\/strong>:<span style=\"font-family: var(--global-body-font-family);\">Pinna kaitsmiseks ning selle v\u00e4limuse ja vastupidavuse s\u00e4ilitamiseks kandke regulaarselt roostekindlaid katteid.<\/span><\/li>\n<li><strong>M\u00e4\u00e4rimine ja puhastamine<\/strong>:<span style=\"font-family: var(--global-body-font-family);\">Puhastage ja m\u00e4\u00e4rige regulaarselt liikuvaid osi, et v\u00e4ltida kuiva h\u00f5\u00f5rdumist ja ummistumist, tagades t\u00f5rgeteta t\u00f6\u00f6.<\/span><\/li>\n<li><strong>Kontrollimine<\/strong>:<span style=\"font-family: var(--global-body-font-family);\">Viige l\u00e4bi regulaarseid kontrolle, et tuvastada kriitiliste komponentide kulumist v\u00f5i kahjustusi, ning lahendage probleemid viivitamata, et s\u00e4ilitada ohutus ja funktsionaalsus.<\/span><\/li>\n<\/ul>\n<p>C-t\u00fc\u00fcpi kraana laoturi n\u00f5uetekohane kasutamine ja hooldamine pikendab oluliselt selle kasutusiga, tagades stabiilse t\u00f6\u00f6 ja t\u00f6\u00f6ohutuse. See t\u00f6\u00f6riist on asendamatu lahendus t\u00f6\u00f6stusharudes, kus on vaja ohutut ja t\u00f5husat m\u00e4histe k\u00e4itlemist.<\/p>\n<h6><strong><span style=\"font-family: arial, helvetica, sans-serif; font-size: 18pt;\">M\u00f5\u00f5tmed ja parameetrid<\/span><\/strong><\/h6>\n<p><img fetchpriority=\"high\" decoding=\"async\" class=\"alignnone wp-image-5483\" src=\"https:\/\/www.hnhlcrane.com\/wp-content\/uploads\/2024\/11\/Crane-C-type-spreader-a-245x300.jpg\" alt=\"\" width=\"799\" height=\"978\" srcset=\"https:\/\/www.hnhlcrane.com\/wp-content\/uploads\/2024\/11\/Crane-C-type-spreader-a-245x300.jpg 245w, https:\/\/www.hnhlcrane.com\/wp-content\/uploads\/2024\/11\/Crane-C-type-spreader-a-768x939.jpg 768w, https:\/\/www.hnhlcrane.com\/wp-content\/uploads\/2024\/11\/Crane-C-type-spreader-a-600x734.jpg 600w, https:\/\/www.hnhlcrane.com\/wp-content\/uploads\/2024\/11\/Crane-C-type-spreader-a.jpg 800w\" sizes=\"(max-width: 799px) 100vw, 799px\" \/><\/p>","protected":false},"excerpt":{"rendered":"<p>Coil C-t\u00fc\u00fcpi konks,coil konks,Coil C-t\u00fc\u00fcpi konks,C-t\u00fc\u00fcpi konks,C-t\u00fc\u00fcpi laialija,C-t\u00fc\u00fcpi konks,C-t\u00fc\u00fcpi laialija,C-t\u00fc\u00fcpi kraana C-t\u00fc\u00fcpi laialija,Special Crane Spreader<\/p>","protected":false},"featured_media":5473,"template":"","meta":{"_kad_post_transparent":"default","_kad_post_title":"","_kad_post_layout":"default","_kad_post_sidebar_id":"","_kad_post_content_style":"default","_kad_post_vertical_padding":"show","_kad_post_feature":"","_kad_post_feature_position":"","_kad_post_header":false,"_kad_post_footer":false},"product_brand":[],"product_cat":[59],"product_tag":[211,210,206,207,209,205,208,185],"class_list":{"0":"post-5472","1":"product","2":"type-product","3":"status-publish","4":"has-post-thumbnail","6":"product_cat-special-crane-spreader","7":"product_tag-c-type-hook","8":"product_tag-c-type-spreader","9":"product_tag-coil-c-type-hook","10":"product_tag-coil-hook","11":"product_tag-crane-c-hook","12":"product_tag-crane-c-type-spreader","13":"product_tag-overhead-crane-steel-coil-c-type-hook","14":"product_tag-special-crane-spreader","16":"first","17":"instock","18":"featured","19":"shipping-taxable","20":"product-type-simple","21":"entry","22":"content-bg","23":"loop-entry"},"yoast_head":"<!-- This site is optimized with the Yoast SEO plugin v25.6 - https:\/\/yoast.com\/wordpress\/plugins\/seo\/ -->\n<title>Crane C-type spreader \u2013 Heavy-Duty Lifting &amp; Container Handling Solution<\/title>\n<meta name=\"description\" content=\"High-quality crane C-type spreader for safe and efficient container and cargo handling. Ideal for overhead cranes, gantry cranes, and port operations.\" \/>\n<meta name=\"robots\" content=\"index, follow, max-snippet:-1, max-image-preview:large, max-video-preview:-1\" \/>\n<link rel=\"canonical\" href=\"https:\/\/www.hnhlcrane.com\/et\/toode\/kangaklambrite-koopia\/\" \/>\n<meta property=\"og:locale\" content=\"et_EE\" \/>\n<meta property=\"og:type\" content=\"article\" \/>\n<meta property=\"og:title\" content=\"Crane C-type spreader \u2013 Heavy-Duty Lifting &amp; Container Handling Solution\" \/>\n<meta property=\"og:description\" content=\"High-quality crane C-type spreader for safe and efficient container and cargo handling. Ideal for overhead cranes, gantry cranes, and port operations.\" \/>\n<meta property=\"og:url\" content=\"https:\/\/www.hnhlcrane.com\/et\/toode\/kangaklambrite-koopia\/\" \/>\n<meta property=\"og:site_name\" content=\"Crane Parts Supplier-HL Crame\" \/>\n<meta property=\"article:modified_time\" content=\"2025-09-10T02:45:04+00:00\" \/>\n<meta property=\"og:image\" content=\"https:\/\/www.hnhlcrane.com\/wp-content\/uploads\/2024\/11\/Crane-C-type-spreader-1.jpg\" \/>\n\t<meta property=\"og:image:width\" content=\"600\" \/>\n\t<meta property=\"og:image:height\" content=\"600\" \/>\n\t<meta property=\"og:image:type\" content=\"image\/jpeg\" \/>\n<meta name=\"twitter:card\" content=\"summary_large_image\" \/>\n<meta name=\"twitter:label1\" content=\"Est. reading time\" \/>\n\t<meta name=\"twitter:data1\" content=\"2 minutit\" \/>\n<script type=\"application\/ld+json\" class=\"yoast-schema-graph\">{\"@context\":\"https:\/\/schema.org\",\"@graph\":[{\"@type\":\"WebPage\",\"@id\":\"https:\/\/www.hnhlcrane.com\/product\/billet-crane-clamps-copy\/\",\"url\":\"https:\/\/www.hnhlcrane.com\/product\/billet-crane-clamps-copy\/\",\"name\":\"Crane C-type spreader \u2013 Heavy-Duty Lifting & Container Handling Solution\",\"isPartOf\":{\"@id\":\"https:\/\/www.hnhlcrane.com\/#website\"},\"primaryImageOfPage\":{\"@id\":\"https:\/\/www.hnhlcrane.com\/product\/billet-crane-clamps-copy\/#primaryimage\"},\"image\":{\"@id\":\"https:\/\/www.hnhlcrane.com\/product\/billet-crane-clamps-copy\/#primaryimage\"},\"thumbnailUrl\":\"https:\/\/www.hnhlcrane.com\/wp-content\/uploads\/2024\/11\/Crane-C-type-spreader-1.jpg\",\"datePublished\":\"2024-11-25T16:45:41+00:00\",\"dateModified\":\"2025-09-10T02:45:04+00:00\",\"description\":\"High-quality crane C-type spreader for safe and efficient container and cargo handling. Ideal for overhead cranes, gantry cranes, and port operations.\",\"breadcrumb\":{\"@id\":\"https:\/\/www.hnhlcrane.com\/product\/billet-crane-clamps-copy\/#breadcrumb\"},\"inLanguage\":\"et\",\"potentialAction\":[{\"@type\":\"ReadAction\",\"target\":[\"https:\/\/www.hnhlcrane.com\/product\/billet-crane-clamps-copy\/\"]}]},{\"@type\":\"ImageObject\",\"inLanguage\":\"et\",\"@id\":\"https:\/\/www.hnhlcrane.com\/product\/billet-crane-clamps-copy\/#primaryimage\",\"url\":\"https:\/\/www.hnhlcrane.com\/wp-content\/uploads\/2024\/11\/Crane-C-type-spreader-1.jpg\",\"contentUrl\":\"https:\/\/www.hnhlcrane.com\/wp-content\/uploads\/2024\/11\/Crane-C-type-spreader-1.jpg\",\"width\":600,\"height\":600},{\"@type\":\"BreadcrumbList\",\"@id\":\"https:\/\/www.hnhlcrane.com\/product\/billet-crane-clamps-copy\/#breadcrumb\",\"itemListElement\":[{\"@type\":\"ListItem\",\"position\":1,\"name\":\"home\",\"item\":\"https:\/\/www.hnhlcrane.com\/\"},{\"@type\":\"ListItem\",\"position\":2,\"name\":\"products\",\"item\":\"https:\/\/www.hnhlcrane.com\/products\/\"},{\"@type\":\"ListItem\",\"position\":3,\"name\":\"Crane C-type spreader\"}]},{\"@type\":\"WebSite\",\"@id\":\"https:\/\/www.hnhlcrane.com\/#website\",\"url\":\"https:\/\/www.hnhlcrane.com\/\",\"name\":\"Crane Parts Supplier-HL Crame\",\"description\":\"One-stop solution for all your  crane parts needs,Crane Hook,Crane Drum,Crane Wheel,Crane Coupling,Crane Gearbox,Crane Motor,Crane Brake,Special Crane Spreader,Crane grab,Container spreader,Billet crane clamps,Crane C-type spreader,Lifting Electromagnet,Crane Rail Clips,Electric Hoist,FEM Standard Crane End Carriages,Light Crane Parts,Workstation Crane Parts,Crane Electrical Parts,I-beam cable trolley,Crane remote controller,Crane electrical control cabinet,Crane limit switch,Crane sound and light alarm,Heavy Duty Aviation Connector,Crane overload limiter,China Crane Parts Supplier,Crane hooks,Gantry crane hook,Crane accessories,Forged hook,hook processing,Hook manufacturer,China standard crane hook,electric hoist hook,Crane pulley,Hook pulley,Rolled pulley,Crane Pulley Supplier\uff0cEuropean hook pulley,Gantry crane hook pulley,WZL type crane drum,European style reel set,Crane reel,crane parts,Drum processing,crane drum manufacturer,Cast steel drum,Electric hoist drum,Crane drum assembly,DRS Wheel Blocks,European crane wheel,Forged wheels,Active wheel set,Driving wheel set,Driven wheel group,crane wheels manufacturer,Demag crane wheels,Konecranes Crane Wheels,Overhead crane Wheel,Shaft couplings,Power Transmission Couplings,Disc Couplings,Fluid couplings,Coupling manufacturer\uff0cCardan coupling,Crane Reducer,Crane Decelerators,Reducer gearbox,Reducer for crane,Gear Reducer For Crane,Hard tooth surface reducerCrane and hoist reducer,Flender reducer,Reducer manufacturer,ZQ reducer,QJ reducer,QJY reducer,Gear Motors,Konecranes reducer,F series three-in-one reducer,K series three-in-one reducer,travelling machinery,Travelling Motor With Gear,Gear Motor for Crane Traveling,Travelling machinery Frequency inverter motors,FEM standard Gear Motors,Crane motors,Inverter motors,Hoist motors,motorCrane duty motors,Special motor for crane,YZR YZP YZ series motors,Crane and hoist motor,Frequency conversion motor,Electro hydraulic drum brakes,Electro-hydraulic disc brakes,Brake,Overhead Crane Brakes,Disc brakes,Electromagnetic disk brake,Crane hydraulic disc brake,Brakes manufacturer,crane Safety brakes,Singlr rope grab,Four rope grab,Electro-hydraulic multi-flap grab,Orange peel grab,Electric motor grab,Electro-Hydraulicclamshell grab,grab manufacturers,Container spreader manufacturers,20ft Container Spreader,Semi Automatic container spreader,40ft Container Lifting Frame,TEC container Spreader,Billet lifting clamp,Billet Clamps,Billet crane clamps manufacturer,billet lifting clamps china supplier,Coil C-Type Hook,coil hook,Overhead Crane Steel Coil C-Type Hook,Crane C-hook,C-type spreader,C-type hook,Crane magnets,Rail fixing device,Crane Rail fixing device,crane Rail Clamp,CD\/MD Wire Rope Electric Hoist,Wire Rope Electric Hoist China Manufacturer,Single Girder Wire Rope Electric Hoist,Double Girder Wire Rope Electric Hoist,Chain Hoist,Electric chain hoist manufacturer,Electric chain hoist China distributor,European wire rope electric hoist\uff0cEuropean double beam wire rope electric hoist,European Style Single Beam Crane End Carriage,FEN\/DIN European Style Single Beam Crane End Carriage,Crane end beam manufacturers,European style hoist double beam crane end beam,Suspension crane end beam,European style suspended single beam crane end beam,FEN\/DIN Suspension crane end beam,crane cable trolley,Wireless remote control,remote controller,Crane control handle,Crane Controls,electrical control cabinet,crane control cabinet,Limit switch,Sound and light alarm,Aviation plug,quick connector,Crane aviation plug,Overload limiter\",\"publisher\":{\"@id\":\"https:\/\/www.hnhlcrane.com\/#organization\"},\"potentialAction\":[{\"@type\":\"SearchAction\",\"target\":{\"@type\":\"EntryPoint\",\"urlTemplate\":\"https:\/\/www.hnhlcrane.com\/?s={search_term_string}\"},\"query-input\":{\"@type\":\"PropertyValueSpecification\",\"valueRequired\":true,\"valueName\":\"search_term_string\"}}],\"inLanguage\":\"et\"},{\"@type\":\"Organization\",\"@id\":\"https:\/\/www.hnhlcrane.com\/#organization\",\"name\":\"Crane Parts Supplier-HL Crame\",\"url\":\"https:\/\/www.hnhlcrane.com\/\",\"logo\":{\"@type\":\"ImageObject\",\"inLanguage\":\"et\",\"@id\":\"https:\/\/www.hnhlcrane.com\/#\/schema\/logo\/image\/\",\"url\":\"https:\/\/www.hnhlcrane.com\/wp-content\/uploads\/2024\/09\/logo6-1-e1733899395598.png\",\"contentUrl\":\"https:\/\/www.hnhlcrane.com\/wp-content\/uploads\/2024\/09\/logo6-1-e1733899395598.png\",\"width\":1000,\"height\":282,\"caption\":\"Crane Parts Supplier-HL Crame\"},\"image\":{\"@id\":\"https:\/\/www.hnhlcrane.com\/#\/schema\/logo\/image\/\"}}]}<\/script>\n<!-- \/ Yoast SEO plugin. -->","yoast_head_json":{"title":"C-t\u00fc\u00fcpi kraanalaotur - Raske t\u00f5stmise ja konteinerite k\u00e4itlemise lahendus","description":"Kvaliteetne C-t\u00fc\u00fcpi kraana laialijaotur konteinerite ja lasti ohutuks ja t\u00f5husaks k\u00e4itlemiseks. Sobib ideaalselt sildkraanade, p\u00fcstkraanade ja sadamaoperatsioonide jaoks.","robots":{"index":"index","follow":"follow","max-snippet":"max-snippet:-1","max-image-preview":"max-image-preview:large","max-video-preview":"max-video-preview:-1"},"canonical":"https:\/\/www.hnhlcrane.com\/et\/toode\/kangaklambrite-koopia\/","og_locale":"et_EE","og_type":"article","og_title":"Crane C-type spreader \u2013 Heavy-Duty Lifting & Container Handling Solution","og_description":"High-quality crane C-type spreader for safe and efficient container and cargo handling. Ideal for overhead cranes, gantry cranes, and port operations.","og_url":"https:\/\/www.hnhlcrane.com\/et\/toode\/kangaklambrite-koopia\/","og_site_name":"Crane Parts Supplier-HL Crame","article_modified_time":"2025-09-10T02:45:04+00:00","og_image":[{"width":600,"height":600,"url":"https:\/\/www.hnhlcrane.com\/wp-content\/uploads\/2024\/11\/Crane-C-type-spreader-1.jpg","type":"image\/jpeg"}],"twitter_card":"summary_large_image","twitter_misc":{"Est. reading time":"2 minutit"},"schema":{"@context":"https:\/\/schema.org","@graph":[{"@type":"WebPage","@id":"https:\/\/www.hnhlcrane.com\/product\/billet-crane-clamps-copy\/","url":"https:\/\/www.hnhlcrane.com\/product\/billet-crane-clamps-copy\/","name":"C-t\u00fc\u00fcpi kraanalaotur - Raske t\u00f5stmise ja konteinerite k\u00e4itlemise lahendus","isPartOf":{"@id":"https:\/\/www.hnhlcrane.com\/#website"},"primaryImageOfPage":{"@id":"https:\/\/www.hnhlcrane.com\/product\/billet-crane-clamps-copy\/#primaryimage"},"image":{"@id":"https:\/\/www.hnhlcrane.com\/product\/billet-crane-clamps-copy\/#primaryimage"},"thumbnailUrl":"https:\/\/www.hnhlcrane.com\/wp-content\/uploads\/2024\/11\/Crane-C-type-spreader-1.jpg","datePublished":"2024-11-25T16:45:41+00:00","dateModified":"2025-09-10T02:45:04+00:00","description":"Kvaliteetne C-t\u00fc\u00fcpi kraana laialijaotur konteinerite ja lasti ohutuks ja t\u00f5husaks k\u00e4itlemiseks. Sobib ideaalselt sildkraanade, p\u00fcstkraanade ja sadamaoperatsioonide jaoks.","breadcrumb":{"@id":"https:\/\/www.hnhlcrane.com\/product\/billet-crane-clamps-copy\/#breadcrumb"},"inLanguage":"et","potentialAction":[{"@type":"ReadAction","target":["https:\/\/www.hnhlcrane.com\/product\/billet-crane-clamps-copy\/"]}]},{"@type":"ImageObject","inLanguage":"et","@id":"https:\/\/www.hnhlcrane.com\/product\/billet-crane-clamps-copy\/#primaryimage","url":"https:\/\/www.hnhlcrane.com\/wp-content\/uploads\/2024\/11\/Crane-C-type-spreader-1.jpg","contentUrl":"https:\/\/www.hnhlcrane.com\/wp-content\/uploads\/2024\/11\/Crane-C-type-spreader-1.jpg","width":600,"height":600},{"@type":"BreadcrumbList","@id":"https:\/\/www.hnhlcrane.com\/product\/billet-crane-clamps-copy\/#breadcrumb","itemListElement":[{"@type":"ListItem","position":1,"name":"home","item":"https:\/\/www.hnhlcrane.com\/"},{"@type":"ListItem","position":2,"name":"products","item":"https:\/\/www.hnhlcrane.com\/products\/"},{"@type":"ListItem","position":3,"name":"Crane C-type spreader"}]},{"@type":"WebSite","@id":"https:\/\/www.hnhlcrane.com\/#website","url":"https:\/\/www.hnhlcrane.com\/","name":"Kraana osade tarnija-HL Crame","description":"\u00dcks lahendus k\u00f5igile teie kraanaosade vajadustele, kraana konks, kraana trummel, kraana ratas, kraana haakeseadeldis, kraana k\u00e4igukast, kraana mootor, kraanapidur, spetsiaalne kraana levitaja, kraana haarats, konteinerite levitaja, kraanaklambrid, kraana C-t\u00fc\u00fcpi levitaja,T\u00f5stmise elektromagnet,Kraana r\u00f6\u00f6bastee klambrid,elektriline t\u00f5stuk,FEM standardne kraana l\u00f5ppvankrid,kerge kraana osad,t\u00f6\u00f6koha kraana osad,kraana elektrilised osad,I-tala kaablik\u00e4ru,kraana kaugjuhtimispult,kraana elektriline juhtimiskapp,Kraana l\u00f5ppl\u00fcliti,Kraana heli- ja valgush\u00e4ire,Raske lennundus\u00fchendus,Kraana \u00fclekoormuse piiraja,Hiina kraanaosade tarnija,Kraana konksud,Gantry kraana konks,Kraana tarvikud,Sepistatud konks,konksu t\u00f6\u00f6tlemine,konksu tootja,Hiina standard kraana konks,elektriline t\u00f5stuk konks,Kraana rihmaratas,konksu rihmaratas,valtsitud rihmaratas,kraana rihmaratas tarnija\uff0cEuroopa konksu rihmaratas,Gantry kraana konksu rihmaratas,WZL t\u00fc\u00fcpi kraana trummel,Euroopa stiilis rullikomplekt,kraana rullik,kraana osad,Trumli t\u00f6\u00f6tlemine,kraanatrumli tootja,Valatud terastrumli,Elektrit\u00f5stuki trummel,Kraanatrumli koost,DRS rattaplokid,Euroopa kraanaratas,Sepistatud rattad,Aktiivrataste komplekt,Ajamisrataste komplekt,Ajamisrataste grupp,Kraanarattade tootja,Demag kraanarattad,Konecranes kraanarattad,\u00d5hukorraldusn\u00f5uratas,V\u00f5lli\u00fchendused,j\u00f5u\u00fclekande\u00fchendused,ketas\u00fchendused,vedeliku\u00fchendused,Haakeseadiste tootja\uff0cCardan coupling,Kraana reduktor,Kraana aeglustid,Reduktori k\u00e4igukast,Reduktor kraanale,Hammasrataste reduktor kraanale,K\u00f5vahambaline pind reduktor,Kraana ja t\u00f5stukite reduktor,Flender reduktor,Reduktori tootja,ZQ reduktor,QJ reduktor,QJY reduktor,Hammasrataste mootorid,Konecranes reduktor.Konecranes reduktor,F-seeria kolme-\u00fches reduktor,K-seeria kolme-\u00fches reduktor,liikuvad masinad,liikuv mootor hammasratastega,hammasrataste mootor kraana liikumiseks,liikuvate masinate sagedusinverter mootorid,FEM standard hammasrataste mootorid,kraanamootorid,Invertermootorid,T\u00f5stukimootorid,mootorKraana t\u00f6\u00f6mootorid,Erimootor kraanale,YZR YZP YZ seeria mootorid,Kraana ja t\u00f5stukimootor,Sagedusmuundusmootor,Elektroh\u00fcdraulilised trummelpidurid,Elektroh\u00fcdraulilised ketaspidurid,Pidurid,Kraanapidurid,Ketaspidurid,Elektromagnetiline ketaspidur,Kraana h\u00fcdrauliline ketaspidur,Pidurite tootja,Kraana ohutuspidurid,Singlr trossikrabi,Neli trossikrabi,Elektroh\u00fcdrauliline mitmeklapp-krabi,Oran\u017e koorekrabi,Elektrimootor-krabi,Electro-Hydraulicclamshell grab,grab tootjad,Container spreader manufacturers,20ft Container Spreader,Semi Automatic container spreader,40ft Container Lifting Frame,TEC container Spreader,Billet lifting clamp,Billet Clamps,Billet crane clamps manufacturer,billet lifting clamps china supplier,Coil C-Type Hook,coil hook,Coil hook,Overhead Crane Steel Coil C-Type Hook,C-hraan C-hook,C-type spreader,C-type hook,C-type hook,Crane magnets,Rail fixing device,Crane Rail fixing device,crane Rail Clamp,CD\/MD Wire Rope Electric Hoist,Wire Rope Electric Hoist China Manufacturer,Single Girder Wire Rope Electric Hoist,Double Girder Wire Rope Electric Hoist,Chain Hoist,Electric chain hoist manufacturer,Electric chain hoist China distributor,European wire rope electric hoist\uff0cEuropean double beam wire rope electric hoist,European Style Single Beam Crane End Carriage,FEN\/DIN European Style Single Beam Crane End Carriage,Kraana l\u00f5pptala tootjad,Euroopa stiilis t\u00f5stuk kahetala kraana l\u00f5pptala,Rippkraana l\u00f5pptala,Euroopa stiilis riputatud \u00fchepalkkraana l\u00f5pptala,FEN\/DIN Rippkraana l\u00f5pptala,kraana trossik\u00e4ru,traadita kaugjuhtimispult,kaugjuhtimispult,kraana juhtk\u00e4epide,kraana juhtimispuldid,elektriline juhtimiskapp,kraana juhtimiskapp,l\u00f5ppl\u00fcliti,heli ja valgush\u00e4ire,lennunduspistik,kiir\u00fchendus,kraana lennunduspistik,\u00fclekoormuse piiraja.","publisher":{"@id":"https:\/\/www.hnhlcrane.com\/#organization"},"potentialAction":[{"@type":"SearchAction","target":{"@type":"EntryPoint","urlTemplate":"https:\/\/www.hnhlcrane.com\/?s={search_term_string}"},"query-input":{"@type":"PropertyValueSpecification","valueRequired":true,"valueName":"search_term_string"}}],"inLanguage":"et"},{"@type":"Organization","@id":"https:\/\/www.hnhlcrane.com\/#organization","name":"Kraana osade tarnija-HL Crame","url":"https:\/\/www.hnhlcrane.com\/","logo":{"@type":"ImageObject","inLanguage":"et","@id":"https:\/\/www.hnhlcrane.com\/#\/schema\/logo\/image\/","url":"https:\/\/www.hnhlcrane.com\/wp-content\/uploads\/2024\/09\/logo6-1-e1733899395598.png","contentUrl":"https:\/\/www.hnhlcrane.com\/wp-content\/uploads\/2024\/09\/logo6-1-e1733899395598.png","width":1000,"height":282,"caption":"Crane Parts Supplier-HL Crame"},"image":{"@id":"https:\/\/www.hnhlcrane.com\/#\/schema\/logo\/image\/"}}]}},"_links":{"self":[{"href":"https:\/\/www.hnhlcrane.com\/et\/wp-json\/wp\/v2\/product\/5472","targetHints":{"allow":["GET"]}}],"collection":[{"href":"https:\/\/www.hnhlcrane.com\/et\/wp-json\/wp\/v2\/product"}],"about":[{"href":"https:\/\/www.hnhlcrane.com\/et\/wp-json\/wp\/v2\/types\/product"}],"version-history":[{"count":2,"href":"https:\/\/www.hnhlcrane.com\/et\/wp-json\/wp\/v2\/product\/5472\/revisions"}],"predecessor-version":[{"id":6955,"href":"https:\/\/www.hnhlcrane.com\/et\/wp-json\/wp\/v2\/product\/5472\/revisions\/6955"}],"wp:featuredmedia":[{"embeddable":true,"href":"https:\/\/www.hnhlcrane.com\/et\/wp-json\/wp\/v2\/media\/5473"}],"wp:attachment":[{"href":"https:\/\/www.hnhlcrane.com\/et\/wp-json\/wp\/v2\/media?parent=5472"}],"wp:term":[{"taxonomy":"product_brand","embeddable":true,"href":"https:\/\/www.hnhlcrane.com\/et\/wp-json\/wp\/v2\/product_brand?post=5472"},{"taxonomy":"product_cat","embeddable":true,"href":"https:\/\/www.hnhlcrane.com\/et\/wp-json\/wp\/v2\/product_cat?post=5472"},{"taxonomy":"product_tag","embeddable":true,"href":"https:\/\/www.hnhlcrane.com\/et\/wp-json\/wp\/v2\/product_tag?post=5472"}],"curies":[{"name":"wp","href":"https:\/\/api.w.org\/{rel}","templated":true}]}}