{"id":5444,"date":"2024-11-25T23:42:41","date_gmt":"2024-11-25T15:42:41","guid":{"rendered":"https:\/\/www.hnhlcrane.com\/?post_type=product&#038;p=5444"},"modified":"2025-09-14T22:22:06","modified_gmt":"2025-09-14T14:22:06","slug":"konteineri-laialilaotur","status":"publish","type":"product","link":"https:\/\/www.hnhlcrane.com\/et\/toode\/konteineri-laialilaotur\/","title":{"rendered":"Konteinerite laialilaotur"},"content":{"rendered":"<h6><span style=\"font-family: arial, helvetica, sans-serif; font-size: 18pt;\"><strong>Konteinerite laialilaotamise \u00fclevaade<\/strong><\/span><\/h6>\n<p>A <strong>konteineri laialilaotur<\/strong> on suur spetsiaalne t\u00f6\u00f6riist, mis on m\u00f5eldud konteinerite laadimiseks, mahalaadimiseks ja \u00fcmberlaadimiseks. Seda kasutatakse laialdaselt kaubalaos, veesadamates ja terminalides ning seda iseloomustab suur t\u00f6\u00f6kindlus, sujuv t\u00f6\u00f6 ja suurep\u00e4rane t\u00f5husus, mis teeb sellest olulise abivahendi j\u00e4rgmistel eesm\u00e4rkidel. <a href=\"https:\/\/www.hnhlcrane.com\/et\/tooted\/spetsiaalne-kraanalaotur\/\" target=\"_blank\" rel=\"noopener\">t\u00f5steseadmed<\/a>.<\/p>\n<h6><span style=\"font-family: arial, helvetica, sans-serif; font-size: 18pt;\"><strong>Konteineri laialilaoturite t\u00fc\u00fcbid<\/strong><\/span><\/h6>\n<ul style=\"list-style-type: disc;\">\n<li><strong>Fikseeritud levitaja<\/strong>:\n<ul style=\"list-style-type: circle;\">\n<li><strong>Omadused<\/strong>: Lihtne struktuur ja kerge kaal.<\/li>\n<li><strong>Piirangud<\/strong>: Sobib ainult \u00fche konkreetse mahuti suuruse jaoks.<\/li>\n<li><strong>Rakendused<\/strong>: Kasutatakse tavaliselt mitmeotstarbeliste ja \u00fcldiste p\u00fcstkraanade puhul.<\/li>\n<\/ul>\n<\/li>\n<li><strong>Master-Slave laialilaotur (kombineeritud laialilaotur)<\/strong>:\n<ul style=\"list-style-type: circle;\">\n<li><strong>Struktuur<\/strong>: Koosneb kahest (\u00fclemisest ja alumisest) kombineeritult t\u00f6\u00f6tavast levitusseadmest.<\/li>\n<li><strong>Eelised<\/strong>: Mugav kasutada.<\/li>\n<li><strong>Piirangud<\/strong>: Suhteliselt raske kaal.<\/li>\n<\/ul>\n<\/li>\n<li><strong>Ema-t\u00fctar laiali (teisaldatav laiali)<\/strong>:\n<ul style=\"list-style-type: circle;\">\n<li><strong>Omadused<\/strong>: Varustatud spetsiaalsele t\u00fcvele p\u00fchendatud elektris\u00fcsteemiga.<\/li>\n<li><strong>Eelised<\/strong>: Kergekaaluline disain.<\/li>\n<li><strong>Piirangud<\/strong>: N\u00f5uab rohkem aega levitaja vahetamiseks.<\/li>\n<\/ul>\n<\/li>\n<li><strong>Teleskoopiline hajuti<\/strong>:\n<ul style=\"list-style-type: circle;\">\n<li><strong>Mehhanism<\/strong>: Kasutab h\u00fcdraulilist \u00fclekannet teleskoopkettide v\u00f5i silindrite ajamiseks.<\/li>\n<li><strong>Eelised<\/strong>: Lihtne pikkuse reguleerimine, paindlik t\u00f6\u00f6, tugev mitmek\u00fclgsus ja k\u00f5rge tootlikkus.<\/li>\n<\/ul>\n<\/li>\n<li><strong>P\u00f6\u00f6rlev levitaja<\/strong>:\n<ul style=\"list-style-type: circle;\">\n<li><strong>Omadused<\/strong>: V\u00f5imaldab tasapinnalist p\u00f6\u00f6rlemist.<\/li>\n<li><strong>Rakendused<\/strong>: Sobib konteinerite k\u00e4itlemiseks, mis n\u00f5uavad p\u00f6\u00f6rlemisv\u00f5imet.<\/li>\n<\/ul>\n<\/li>\n<\/ul>\n<h6><span style=\"font-family: arial, helvetica, sans-serif; font-size: 18pt;\"><strong>Konteineri laialilaoturite struktuurilised omadused<\/strong><\/span><\/h6>\n<ul style=\"list-style-type: disc;\">\n<li><strong>Suure tugevusega raam<\/strong>:\n<ul style=\"list-style-type: circle;\">\n<li>P\u00f5hiraam on valmistatud I-taladest, millel on tugevdatud kriitilised kohad, mis suurendavad kandev\u00f5imet ja j\u00e4ikust, s\u00e4ilitades samas kerge konstruktsiooni.<\/li>\n<\/ul>\n<\/li>\n<li><strong>Twistlockide topeltpositsiooniline lukustus<\/strong>:\n<ul style=\"list-style-type: circle;\">\n<li>Tagab, et konteiner p\u00fcsib t\u00f5stmise ajal turvaliselt, suurendades ohutust.<\/li>\n<\/ul>\n<\/li>\n<li><strong>Nelilinkmehhanism k\u00fclgmise ajami jaoks<\/strong>:\n<ul style=\"list-style-type: circle;\">\n<li>Tagab sujuvama ja t\u00e4psema keeratava lukustuse p\u00f6\u00f6rlemise, parandades ohutust ja t\u00f6\u00f6 t\u00e4psust.<\/li>\n<\/ul>\n<\/li>\n<li><strong>\u00dcmarate nurkade disain<\/strong>:\n<ul style=\"list-style-type: circle;\">\n<li>Hoiab \u00e4ra mahutite kahjustused t\u00f6\u00f6 ajal.<\/li>\n<\/ul>\n<\/li>\n<li><strong>Lukustuse\/avamise n\u00e4idikupaneelid<\/strong>:\n<ul style=\"list-style-type: circle;\">\n<li>V\u00f5imaldab operaatoritel h\u00f5lpsasti tuvastada lukustuse\/avamise olekut, et suurendada t\u00f6\u00f6ohutust.<\/li>\n<\/ul>\n<\/li>\n<\/ul>\n<h6><span style=\"font-family: arial, helvetica, sans-serif; font-size: 18pt;\"><strong>Konteinerite laialilaoturite rakendused<\/strong><\/span><\/h6>\n<p>Konteinerite laialilaoturid on spetsiaalselt konstrueeritud konteinerite t\u00f5husa ja ohutu k\u00e4itlemise n\u00f5uete t\u00e4itmiseks. Neid saab integreerida erinevat t\u00fc\u00fcpi kraanadega, n\u00e4iteks:<\/p>\n<ul>\n<li>Kaidekraanad,<\/li>\n<li>Kaut\u0161ukiga varustatud p\u00fcstkraanad (RTG),<\/li>\n<li>Raudteel liikuvad p\u00fcstkraanad (RMG),<\/li>\n<li>Kraanad ja<\/li>\n<li>Portaalkraanad.<\/li>\n<\/ul>\n<p>Selline mitmek\u00fclgsus v\u00f5imaldab konteinerite laialilaoturitel kohaneda erinevate t\u00f6\u00f6stsenaariumide ja -n\u00f5uete puhul.<\/p>","protected":false},"excerpt":{"rendered":"<p>Konteinerite laialilaotur tootjad,20ft konteineri laialilaotur,Poolautomaatne konteineri laialilaotur,40ft konteineri t\u00f5steraam,Konteineri laialilaotur<\/p>","protected":false},"featured_media":5445,"template":"","meta":{"_kad_post_transparent":"default","_kad_post_title":"","_kad_post_layout":"default","_kad_post_sidebar_id":"","_kad_post_content_style":"default","_kad_post_vertical_padding":"show","_kad_post_feature":"","_kad_post_feature_position":"","_kad_post_header":false,"_kad_post_footer":false},"product_brand":[],"product_cat":[59],"product_tag":[196,198,194,195,197,185,199],"class_list":{"0":"post-5444","1":"product","2":"type-product","3":"status-publish","4":"has-post-thumbnail","6":"product_cat-special-crane-spreader","7":"product_tag-20ft-container-spreader","8":"product_tag-40ft-container-lifting-frame","9":"product_tag-container-spreader","10":"product_tag-container-spreader-manufacturers","11":"product_tag-semi-automatic-container-spreader","12":"product_tag-special-crane-spreader","13":"product_tag-tec-container-spreader","15":"first","16":"instock","17":"shipping-taxable","18":"product-type-simple","19":"entry","20":"content-bg","21":"loop-entry"},"yoast_head":"<!-- This site is optimized with the Yoast SEO plugin v25.6 - https:\/\/yoast.com\/wordpress\/plugins\/seo\/ -->\n<title>Container Spreader \u2013 Heavy-Duty Port &amp; Shipping Equipment<\/title>\n<meta name=\"description\" content=\"Top-quality Container Spreader for fast, safe, and efficient container handling in ports and shipping yards. Boost your cargo operations today.Container spreader manufacturers\" \/>\n<meta name=\"robots\" content=\"index, follow, max-snippet:-1, max-image-preview:large, max-video-preview:-1\" \/>\n<link rel=\"canonical\" href=\"https:\/\/www.hnhlcrane.com\/et\/toode\/konteineri-laialilaotur\/\" \/>\n<meta property=\"og:locale\" content=\"et_EE\" \/>\n<meta property=\"og:type\" content=\"article\" \/>\n<meta property=\"og:title\" content=\"Container Spreader \u2013 Heavy-Duty Port &amp; Shipping Equipment\" \/>\n<meta property=\"og:description\" content=\"Top-quality Container Spreader for fast, safe, and efficient container handling in ports and shipping yards. Boost your cargo operations today.Container spreader manufacturers\" \/>\n<meta property=\"og:url\" content=\"https:\/\/www.hnhlcrane.com\/et\/toode\/konteineri-laialilaotur\/\" \/>\n<meta property=\"og:site_name\" content=\"Crane Parts Supplier-HL Crame\" \/>\n<meta property=\"article:modified_time\" content=\"2025-09-14T14:22:06+00:00\" \/>\n<meta property=\"og:image\" content=\"https:\/\/www.hnhlcrane.com\/wp-content\/uploads\/2024\/11\/Container-spreader-1.jpg\" \/>\n\t<meta property=\"og:image:width\" content=\"600\" \/>\n\t<meta property=\"og:image:height\" content=\"600\" \/>\n\t<meta property=\"og:image:type\" content=\"image\/jpeg\" \/>\n<meta name=\"twitter:card\" content=\"summary_large_image\" \/>\n<meta name=\"twitter:label1\" content=\"Est. reading time\" \/>\n\t<meta name=\"twitter:data1\" content=\"2 minutit\" \/>\n<script type=\"application\/ld+json\" class=\"yoast-schema-graph\">{\"@context\":\"https:\/\/schema.org\",\"@graph\":[{\"@type\":\"WebPage\",\"@id\":\"https:\/\/www.hnhlcrane.com\/product\/container-spreader\/\",\"url\":\"https:\/\/www.hnhlcrane.com\/product\/container-spreader\/\",\"name\":\"Container Spreader \u2013 Heavy-Duty Port & Shipping Equipment\",\"isPartOf\":{\"@id\":\"https:\/\/www.hnhlcrane.com\/#website\"},\"primaryImageOfPage\":{\"@id\":\"https:\/\/www.hnhlcrane.com\/product\/container-spreader\/#primaryimage\"},\"image\":{\"@id\":\"https:\/\/www.hnhlcrane.com\/product\/container-spreader\/#primaryimage\"},\"thumbnailUrl\":\"https:\/\/www.hnhlcrane.com\/wp-content\/uploads\/2024\/11\/Container-spreader-1.jpg\",\"datePublished\":\"2024-11-25T15:42:41+00:00\",\"dateModified\":\"2025-09-14T14:22:06+00:00\",\"description\":\"Top-quality Container Spreader for fast, safe, and efficient container handling in ports and shipping yards. Boost your cargo operations today.Container spreader manufacturers\",\"breadcrumb\":{\"@id\":\"https:\/\/www.hnhlcrane.com\/product\/container-spreader\/#breadcrumb\"},\"inLanguage\":\"et\",\"potentialAction\":[{\"@type\":\"ReadAction\",\"target\":[\"https:\/\/www.hnhlcrane.com\/product\/container-spreader\/\"]}]},{\"@type\":\"ImageObject\",\"inLanguage\":\"et\",\"@id\":\"https:\/\/www.hnhlcrane.com\/product\/container-spreader\/#primaryimage\",\"url\":\"https:\/\/www.hnhlcrane.com\/wp-content\/uploads\/2024\/11\/Container-spreader-1.jpg\",\"contentUrl\":\"https:\/\/www.hnhlcrane.com\/wp-content\/uploads\/2024\/11\/Container-spreader-1.jpg\",\"width\":600,\"height\":600},{\"@type\":\"BreadcrumbList\",\"@id\":\"https:\/\/www.hnhlcrane.com\/product\/container-spreader\/#breadcrumb\",\"itemListElement\":[{\"@type\":\"ListItem\",\"position\":1,\"name\":\"home\",\"item\":\"https:\/\/www.hnhlcrane.com\/\"},{\"@type\":\"ListItem\",\"position\":2,\"name\":\"products\",\"item\":\"https:\/\/www.hnhlcrane.com\/products\/\"},{\"@type\":\"ListItem\",\"position\":3,\"name\":\"Container spreader\"}]},{\"@type\":\"WebSite\",\"@id\":\"https:\/\/www.hnhlcrane.com\/#website\",\"url\":\"https:\/\/www.hnhlcrane.com\/\",\"name\":\"Crane Parts Supplier-HL Crame\",\"description\":\"One-stop solution for all your  crane parts needs,Crane Hook,Crane Drum,Crane Wheel,Crane Coupling,Crane Gearbox,Crane Motor,Crane Brake,Special Crane Spreader,Crane grab,Container spreader,Billet crane clamps,Crane C-type spreader,Lifting Electromagnet,Crane Rail Clips,Electric Hoist,FEM Standard Crane End Carriages,Light Crane Parts,Workstation Crane Parts,Crane Electrical Parts,I-beam cable trolley,Crane remote controller,Crane electrical control cabinet,Crane limit switch,Crane sound and light alarm,Heavy Duty Aviation Connector,Crane overload limiter,China Crane Parts Supplier,Crane hooks,Gantry crane hook,Crane accessories,Forged hook,hook processing,Hook manufacturer,China standard crane hook,electric hoist hook,Crane pulley,Hook pulley,Rolled pulley,Crane Pulley Supplier\uff0cEuropean hook pulley,Gantry crane hook pulley,WZL type crane drum,European style reel set,Crane reel,crane parts,Drum processing,crane drum manufacturer,Cast steel drum,Electric hoist drum,Crane drum assembly,DRS Wheel Blocks,European crane wheel,Forged wheels,Active wheel set,Driving wheel set,Driven wheel group,crane wheels manufacturer,Demag crane wheels,Konecranes Crane Wheels,Overhead crane Wheel,Shaft couplings,Power Transmission Couplings,Disc Couplings,Fluid couplings,Coupling manufacturer\uff0cCardan coupling,Crane Reducer,Crane Decelerators,Reducer gearbox,Reducer for crane,Gear Reducer For Crane,Hard tooth surface reducerCrane and hoist reducer,Flender reducer,Reducer manufacturer,ZQ reducer,QJ reducer,QJY reducer,Gear Motors,Konecranes reducer,F series three-in-one reducer,K series three-in-one reducer,travelling machinery,Travelling Motor With Gear,Gear Motor for Crane Traveling,Travelling machinery Frequency inverter motors,FEM standard Gear Motors,Crane motors,Inverter motors,Hoist motors,motorCrane duty motors,Special motor for crane,YZR YZP YZ series motors,Crane and hoist motor,Frequency conversion motor,Electro hydraulic drum brakes,Electro-hydraulic disc brakes,Brake,Overhead Crane Brakes,Disc brakes,Electromagnetic disk brake,Crane hydraulic disc brake,Brakes manufacturer,crane Safety brakes,Singlr rope grab,Four rope grab,Electro-hydraulic multi-flap grab,Orange peel grab,Electric motor grab,Electro-Hydraulicclamshell grab,grab manufacturers,Container spreader manufacturers,20ft Container Spreader,Semi Automatic container spreader,40ft Container Lifting Frame,TEC container Spreader,Billet lifting clamp,Billet Clamps,Billet crane clamps manufacturer,billet lifting clamps china supplier,Coil C-Type Hook,coil hook,Overhead Crane Steel Coil C-Type Hook,Crane C-hook,C-type spreader,C-type hook,Crane magnets,Rail fixing device,Crane Rail fixing device,crane Rail Clamp,CD\/MD Wire Rope Electric Hoist,Wire Rope Electric Hoist China Manufacturer,Single Girder Wire Rope Electric Hoist,Double Girder Wire Rope Electric Hoist,Chain Hoist,Electric chain hoist manufacturer,Electric chain hoist China distributor,European wire rope electric hoist\uff0cEuropean double beam wire rope electric hoist,European Style Single Beam Crane End Carriage,FEN\/DIN European Style Single Beam Crane End Carriage,Crane end beam manufacturers,European style hoist double beam crane end beam,Suspension crane end beam,European style suspended single beam crane end beam,FEN\/DIN Suspension crane end beam,crane cable trolley,Wireless remote control,remote controller,Crane control handle,Crane Controls,electrical control cabinet,crane control cabinet,Limit switch,Sound and light alarm,Aviation plug,quick connector,Crane aviation plug,Overload limiter\",\"publisher\":{\"@id\":\"https:\/\/www.hnhlcrane.com\/#organization\"},\"potentialAction\":[{\"@type\":\"SearchAction\",\"target\":{\"@type\":\"EntryPoint\",\"urlTemplate\":\"https:\/\/www.hnhlcrane.com\/?s={search_term_string}\"},\"query-input\":{\"@type\":\"PropertyValueSpecification\",\"valueRequired\":true,\"valueName\":\"search_term_string\"}}],\"inLanguage\":\"et\"},{\"@type\":\"Organization\",\"@id\":\"https:\/\/www.hnhlcrane.com\/#organization\",\"name\":\"Crane Parts Supplier-HL Crame\",\"url\":\"https:\/\/www.hnhlcrane.com\/\",\"logo\":{\"@type\":\"ImageObject\",\"inLanguage\":\"et\",\"@id\":\"https:\/\/www.hnhlcrane.com\/#\/schema\/logo\/image\/\",\"url\":\"https:\/\/www.hnhlcrane.com\/wp-content\/uploads\/2024\/09\/logo6-1-e1733899395598.png\",\"contentUrl\":\"https:\/\/www.hnhlcrane.com\/wp-content\/uploads\/2024\/09\/logo6-1-e1733899395598.png\",\"width\":1000,\"height\":282,\"caption\":\"Crane Parts Supplier-HL Crame\"},\"image\":{\"@id\":\"https:\/\/www.hnhlcrane.com\/#\/schema\/logo\/image\/\"}}]}<\/script>\n<!-- \/ Yoast SEO plugin. -->","yoast_head_json":{"title":"Konteinerite laialilaotur - raskeveokite sadama- ja laevandusseadmed","description":"Tippkvaliteediga konteinerite laialilaotur kiireks, ohutuks ja t\u00f5husaks konteinerite k\u00e4itlemiseks sadamates ja laevatehastes. Suurendage oma lastioperatsioone juba t\u00e4na.","robots":{"index":"index","follow":"follow","max-snippet":"max-snippet:-1","max-image-preview":"max-image-preview:large","max-video-preview":"max-video-preview:-1"},"canonical":"https:\/\/www.hnhlcrane.com\/et\/toode\/konteineri-laialilaotur\/","og_locale":"et_EE","og_type":"article","og_title":"Container Spreader \u2013 Heavy-Duty Port & Shipping Equipment","og_description":"Top-quality Container Spreader for fast, safe, and efficient container handling in ports and shipping yards. Boost your cargo operations today.Container spreader manufacturers","og_url":"https:\/\/www.hnhlcrane.com\/et\/toode\/konteineri-laialilaotur\/","og_site_name":"Crane Parts Supplier-HL Crame","article_modified_time":"2025-09-14T14:22:06+00:00","og_image":[{"width":600,"height":600,"url":"https:\/\/www.hnhlcrane.com\/wp-content\/uploads\/2024\/11\/Container-spreader-1.jpg","type":"image\/jpeg"}],"twitter_card":"summary_large_image","twitter_misc":{"Est. reading time":"2 minutit"},"schema":{"@context":"https:\/\/schema.org","@graph":[{"@type":"WebPage","@id":"https:\/\/www.hnhlcrane.com\/product\/container-spreader\/","url":"https:\/\/www.hnhlcrane.com\/product\/container-spreader\/","name":"Konteinerite laialilaotur - raskeveokite sadama- ja laevandusseadmed","isPartOf":{"@id":"https:\/\/www.hnhlcrane.com\/#website"},"primaryImageOfPage":{"@id":"https:\/\/www.hnhlcrane.com\/product\/container-spreader\/#primaryimage"},"image":{"@id":"https:\/\/www.hnhlcrane.com\/product\/container-spreader\/#primaryimage"},"thumbnailUrl":"https:\/\/www.hnhlcrane.com\/wp-content\/uploads\/2024\/11\/Container-spreader-1.jpg","datePublished":"2024-11-25T15:42:41+00:00","dateModified":"2025-09-14T14:22:06+00:00","description":"Tippkvaliteediga konteinerite laialilaotur kiireks, ohutuks ja t\u00f5husaks konteinerite k\u00e4itlemiseks sadamates ja laevatehastes. Suurendage oma lastioperatsioone juba t\u00e4na.","breadcrumb":{"@id":"https:\/\/www.hnhlcrane.com\/product\/container-spreader\/#breadcrumb"},"inLanguage":"et","potentialAction":[{"@type":"ReadAction","target":["https:\/\/www.hnhlcrane.com\/product\/container-spreader\/"]}]},{"@type":"ImageObject","inLanguage":"et","@id":"https:\/\/www.hnhlcrane.com\/product\/container-spreader\/#primaryimage","url":"https:\/\/www.hnhlcrane.com\/wp-content\/uploads\/2024\/11\/Container-spreader-1.jpg","contentUrl":"https:\/\/www.hnhlcrane.com\/wp-content\/uploads\/2024\/11\/Container-spreader-1.jpg","width":600,"height":600},{"@type":"BreadcrumbList","@id":"https:\/\/www.hnhlcrane.com\/product\/container-spreader\/#breadcrumb","itemListElement":[{"@type":"ListItem","position":1,"name":"home","item":"https:\/\/www.hnhlcrane.com\/"},{"@type":"ListItem","position":2,"name":"products","item":"https:\/\/www.hnhlcrane.com\/products\/"},{"@type":"ListItem","position":3,"name":"Container spreader"}]},{"@type":"WebSite","@id":"https:\/\/www.hnhlcrane.com\/#website","url":"https:\/\/www.hnhlcrane.com\/","name":"Kraana osade tarnija-HL Crame","description":"\u00dcks lahendus k\u00f5igile teie kraanaosade vajadustele, kraana konks, kraana trummel, kraana ratas, kraana haakeseadeldis, kraana k\u00e4igukast, kraana mootor, kraanapidur, spetsiaalne kraana levitaja, kraana haarats, konteinerite levitaja, kraanaklambrid, kraana C-t\u00fc\u00fcpi levitaja,T\u00f5stmise elektromagnet,Kraana r\u00f6\u00f6bastee klambrid,elektriline t\u00f5stuk,FEM standardne kraana l\u00f5ppvankrid,kerge kraana osad,t\u00f6\u00f6koha kraana osad,kraana elektrilised osad,I-tala kaablik\u00e4ru,kraana kaugjuhtimispult,kraana elektriline juhtimiskapp,Kraana l\u00f5ppl\u00fcliti,Kraana heli- ja valgush\u00e4ire,Raske lennundus\u00fchendus,Kraana \u00fclekoormuse piiraja,Hiina kraanaosade tarnija,Kraana konksud,Gantry kraana konks,Kraana tarvikud,Sepistatud konks,konksu t\u00f6\u00f6tlemine,konksu tootja,Hiina standard kraana konks,elektriline t\u00f5stuk konks,Kraana rihmaratas,konksu rihmaratas,valtsitud rihmaratas,kraana rihmaratas tarnija\uff0cEuroopa konksu rihmaratas,Gantry kraana konksu rihmaratas,WZL t\u00fc\u00fcpi kraana trummel,Euroopa stiilis rullikomplekt,kraana rullik,kraana osad,Trumli t\u00f6\u00f6tlemine,kraanatrumli tootja,Valatud terastrumli,Elektrit\u00f5stuki trummel,Kraanatrumli koost,DRS rattaplokid,Euroopa kraanaratas,Sepistatud rattad,Aktiivrataste komplekt,Ajamisrataste komplekt,Ajamisrataste grupp,Kraanarattade tootja,Demag kraanarattad,Konecranes kraanarattad,\u00d5hukorraldusn\u00f5uratas,V\u00f5lli\u00fchendused,j\u00f5u\u00fclekande\u00fchendused,ketas\u00fchendused,vedeliku\u00fchendused,Haakeseadiste tootja\uff0cCardan coupling,Kraana reduktor,Kraana aeglustid,Reduktori k\u00e4igukast,Reduktor kraanale,Hammasrataste reduktor kraanale,K\u00f5vahambaline pind reduktor,Kraana ja t\u00f5stukite reduktor,Flender reduktor,Reduktori tootja,ZQ reduktor,QJ reduktor,QJY reduktor,Hammasrataste mootorid,Konecranes reduktor.Konecranes reduktor,F-seeria kolme-\u00fches reduktor,K-seeria kolme-\u00fches reduktor,liikuvad masinad,liikuv mootor hammasratastega,hammasrataste mootor kraana liikumiseks,liikuvate masinate sagedusinverter mootorid,FEM standard hammasrataste mootorid,kraanamootorid,Invertermootorid,T\u00f5stukimootorid,mootorKraana t\u00f6\u00f6mootorid,Erimootor kraanale,YZR YZP YZ seeria mootorid,Kraana ja t\u00f5stukimootor,Sagedusmuundusmootor,Elektroh\u00fcdraulilised trummelpidurid,Elektroh\u00fcdraulilised ketaspidurid,Pidurid,Kraanapidurid,Ketaspidurid,Elektromagnetiline ketaspidur,Kraana h\u00fcdrauliline ketaspidur,Pidurite tootja,Kraana ohutuspidurid,Singlr trossikrabi,Neli trossikrabi,Elektroh\u00fcdrauliline mitmeklapp-krabi,Oran\u017e koorekrabi,Elektrimootor-krabi,Electro-Hydraulicclamshell grab,grab tootjad,Container spreader manufacturers,20ft Container Spreader,Semi Automatic container spreader,40ft Container Lifting Frame,TEC container Spreader,Billet lifting clamp,Billet Clamps,Billet crane clamps manufacturer,billet lifting clamps china supplier,Coil C-Type Hook,coil hook,Coil hook,Overhead Crane Steel Coil C-Type Hook,C-hraan C-hook,C-type spreader,C-type hook,C-type hook,Crane magnets,Rail fixing device,Crane Rail fixing device,crane Rail Clamp,CD\/MD Wire Rope Electric Hoist,Wire Rope Electric Hoist China Manufacturer,Single Girder Wire Rope Electric Hoist,Double Girder Wire Rope Electric Hoist,Chain Hoist,Electric chain hoist manufacturer,Electric chain hoist China distributor,European wire rope electric hoist\uff0cEuropean double beam wire rope electric hoist,European Style Single Beam Crane End Carriage,FEN\/DIN European Style Single Beam Crane End Carriage,Kraana l\u00f5pptala tootjad,Euroopa stiilis t\u00f5stuk kahetala kraana l\u00f5pptala,Rippkraana l\u00f5pptala,Euroopa stiilis riputatud \u00fchepalkkraana l\u00f5pptala,FEN\/DIN Rippkraana l\u00f5pptala,kraana trossik\u00e4ru,traadita kaugjuhtimispult,kaugjuhtimispult,kraana juhtk\u00e4epide,kraana juhtimispuldid,elektriline juhtimiskapp,kraana juhtimiskapp,l\u00f5ppl\u00fcliti,heli ja valgush\u00e4ire,lennunduspistik,kiir\u00fchendus,kraana lennunduspistik,\u00fclekoormuse piiraja.","publisher":{"@id":"https:\/\/www.hnhlcrane.com\/#organization"},"potentialAction":[{"@type":"SearchAction","target":{"@type":"EntryPoint","urlTemplate":"https:\/\/www.hnhlcrane.com\/?s={search_term_string}"},"query-input":{"@type":"PropertyValueSpecification","valueRequired":true,"valueName":"search_term_string"}}],"inLanguage":"et"},{"@type":"Organization","@id":"https:\/\/www.hnhlcrane.com\/#organization","name":"Kraana osade tarnija-HL Crame","url":"https:\/\/www.hnhlcrane.com\/","logo":{"@type":"ImageObject","inLanguage":"et","@id":"https:\/\/www.hnhlcrane.com\/#\/schema\/logo\/image\/","url":"https:\/\/www.hnhlcrane.com\/wp-content\/uploads\/2024\/09\/logo6-1-e1733899395598.png","contentUrl":"https:\/\/www.hnhlcrane.com\/wp-content\/uploads\/2024\/09\/logo6-1-e1733899395598.png","width":1000,"height":282,"caption":"Crane Parts Supplier-HL Crame"},"image":{"@id":"https:\/\/www.hnhlcrane.com\/#\/schema\/logo\/image\/"}}]}},"_links":{"self":[{"href":"https:\/\/www.hnhlcrane.com\/et\/wp-json\/wp\/v2\/product\/5444","targetHints":{"allow":["GET"]}}],"collection":[{"href":"https:\/\/www.hnhlcrane.com\/et\/wp-json\/wp\/v2\/product"}],"about":[{"href":"https:\/\/www.hnhlcrane.com\/et\/wp-json\/wp\/v2\/types\/product"}],"version-history":[{"count":2,"href":"https:\/\/www.hnhlcrane.com\/et\/wp-json\/wp\/v2\/product\/5444\/revisions"}],"predecessor-version":[{"id":6967,"href":"https:\/\/www.hnhlcrane.com\/et\/wp-json\/wp\/v2\/product\/5444\/revisions\/6967"}],"wp:featuredmedia":[{"embeddable":true,"href":"https:\/\/www.hnhlcrane.com\/et\/wp-json\/wp\/v2\/media\/5445"}],"wp:attachment":[{"href":"https:\/\/www.hnhlcrane.com\/et\/wp-json\/wp\/v2\/media?parent=5444"}],"wp:term":[{"taxonomy":"product_brand","embeddable":true,"href":"https:\/\/www.hnhlcrane.com\/et\/wp-json\/wp\/v2\/product_brand?post=5444"},{"taxonomy":"product_cat","embeddable":true,"href":"https:\/\/www.hnhlcrane.com\/et\/wp-json\/wp\/v2\/product_cat?post=5444"},{"taxonomy":"product_tag","embeddable":true,"href":"https:\/\/www.hnhlcrane.com\/et\/wp-json\/wp\/v2\/product_tag?post=5444"}],"curies":[{"name":"wp","href":"https:\/\/api.w.org\/{rel}","templated":true}]}}