{"id":5424,"date":"2024-11-25T23:05:17","date_gmt":"2024-11-25T15:05:17","guid":{"rendered":"https:\/\/www.hnhlcrane.com\/?post_type=product&#038;p=5424"},"modified":"2025-09-10T10:33:15","modified_gmt":"2025-09-10T02:33:15","slug":"kraana-haarats","status":"publish","type":"product","link":"https:\/\/www.hnhlcrane.com\/et\/toode\/kraana-haarats\/","title":{"rendered":"Kraana haarats"},"content":{"rendered":"<h6><span style=\"font-family: arial, helvetica, sans-serif; font-size: 18pt;\"><strong>\u00dclevaade kraana haaratsist<\/strong><\/span><\/h6>\n<p>A <strong>kraana haarats<\/strong> on spetsiaalselt kraanade jaoks m\u00f5eldud t\u00f5stevahend, mida kasutatakse puistematerjalide k\u00e4itlemiseks ja transportimiseks. See koosneb kahest v\u00f5i enamast \u00e4mblikulaadsest l\u00f5uast, mis v\u00f5ivad avaneda ja sulguda, mida kraana t\u00f5stmis- ja avamis-\/sulgemismehhanismid kasutavad materjalide haaramiseks ja vabastamiseks. See seade on v\u00e4ga t\u00f5hus ja seda kasutatakse laialdaselt puistekauba k\u00e4itlemiseks sadamates, kaevandustes, tehastes ja muudes sarnastes keskkondades.<\/p>\n<hr \/>\n<h6><span style=\"font-family: arial, helvetica, sans-serif; font-size: 18pt;\"><strong>Ohutusjuhised kasutamise kohta <a href=\"https:\/\/www.hnhlcrane.com\/et\/tooted\/spetsiaalne-kraanalaotur\/\" target=\"_blank\" rel=\"noopener\">Kraana haarab<\/a><\/strong><\/span><\/h6>\n<p>Kraana haaratsiga t\u00f6\u00f6tamisel on oluline j\u00e4rgida neid ohutusn\u00f5udeid:<\/p>\n<ul>\n<li>Kraanaga peab t\u00f6\u00f6tama sertifitseeritud kraanaoperaator.<\/li>\n<li>\u00c4rge lubage kellelgi t\u00f6\u00f6 ajal kraanale j\u00e4\u00e4da.<\/li>\n<li>Raskete koormate vedamisel hoidke v\u00e4hemalt 0,5 meetri kaugus k\u00f5igist takistustest, mis asuvad koorma teekonnal.<\/li>\n<li>Veenduge, et t\u00f5stetross ja sulgemisk\u00f6is s\u00e4ilitavad haaratsi t\u00f5stmisel v\u00f5rdse kiiruse.<\/li>\n<li>V\u00e4ltige haaratsi kasutamist tahkete esemete t\u00f5stmiseks \u00fches t\u00fckis.<\/li>\n<li>Kontrollige enne iga vahetust riputustrosside pinguldatust ja sulgemisk\u00f6ite rihmarataste seisukorda.<\/li>\n<\/ul>\n<hr \/>\n<h6><span style=\"font-family: arial, helvetica, sans-serif; font-size: 18pt;\"><strong>Kraanakraanade t\u00fc\u00fcbid ja nende omadused<\/strong><\/span><\/h6>\n<h6><span style=\"font-family: arial, helvetica, sans-serif; font-size: 14pt;\"><strong>\u00dche k\u00f6iega haarats<\/strong><\/span><\/h6>\n<ul>\n<li><strong>Mehhanism<\/strong>: T\u00f6\u00f6tab \u00fche trossi abil nii t\u00f5stmiseks kui ka avamiseks\/sulgemiseks, kasutades spetsiaalset lukustusmehhanismi.<\/li>\n<li><strong>Omadused<\/strong>: Sobib \u00fche t\u00f5stetrumliga kraanadele (\u00fche konksuga), mis v\u00f5imaldab sujuvat avamist ja sulgemist peale- ja mahalaadimise ajal. Lihtne kinnitada ja lahti v\u00f5tta, mist\u00f5ttu sobib nii veealuste kui ka maismaaoperatsioonide jaoks, n\u00e4iteks haaramine ja virnastamine.<\/li>\n<li><strong>Piirangud<\/strong>: Ei saa avaneda \u00f5hus, v\u00e4lja arvatud k\u00e4sitsi t\u00f5mmatavad v\u00f5i kaugjuhitavad t\u00fc\u00fcbid.<\/li>\n<\/ul>\n<hr \/>\n<h6><span style=\"font-family: arial, helvetica, sans-serif; font-size: 14pt;\"><strong>Topelt-k\u00f6ie haaramine<\/strong><\/span><\/h6>\n<ul>\n<li><strong>Mehhanism<\/strong>: M\u00f5eldud kahe t\u00f5stemehhanismiga kraanade jaoks (\u00fcks tross kummalegi trumlile). See kasutab \u00fchte trossi tasakaalustamiseks ja teist haaratsi avamiseks ja sulgemiseks.<\/li>\n<li><strong>Omadused<\/strong>:\n<ul>\n<li>Kasutatakse sageli sadamates, sadamates ja ehitust\u00f6\u00f6stuses.<\/li>\n<li>Saadaval on kerged, keskmised, rasked ja \u00fclirasked konfiguratsioonid, mis p\u00f5hinevad materjali omadustel.<\/li>\n<li>M\u00f5eldud lahtiste, puistematerjalide k\u00e4itlemiseks.<\/li>\n<\/ul>\n<\/li>\n<\/ul>\n<hr \/>\n<h6><span style=\"font-family: arial, helvetica, sans-serif; font-size: 14pt;\"><strong>Nelja k\u00f6ie haarats<\/strong><\/span><\/h6>\n<ul>\n<li><strong>Mehhanism<\/strong>: Kasutatakse kraanade puhul, mis on varustatud kahe komplekti trossitrumlitega. See kasutab kahte trossi toetamiseks ja kahte l\u00f5ugade avamiseks ja sulgemiseks.<\/li>\n<li><strong>Rakendused<\/strong>: Sobib sellisteks \u00fclesanneteks nagu laadimine, mahalaadimine, virnastamine ja materjalide s\u00f6\u00f6tmine. Kasutatakse sageli koos sild- v\u00f5i p\u00fcstkraanadega.<\/li>\n<li><strong>Kohandamine<\/strong>: Saab kohandada hammaste, paralleelsete talade v\u00f5i veealuste t\u00f6\u00f6de jaoks vastavalt kasutaja vajadustele ja materjali omadustele.<\/li>\n<\/ul>\n<hr \/>\n<h6><span style=\"font-family: arial, helvetica, sans-serif; font-size: 14pt;\"><strong>Multi-Claw Grab<\/strong><\/span><\/h6>\n<ul>\n<li><strong>Rakendused<\/strong>: K\u00e4sitleb t\u00f5husalt vanametalli, suuri tahkeid materjale ja j\u00e4\u00e4tmeid keerulistes keskkondades, nagu sadamad, raudteed, metallurgia ja ehitus.<\/li>\n<li><strong>Omadused<\/strong>:\n<ul>\n<li>Saadaval on \u00fche-, kahe- ja neljak\u00f6itelised ning elektrilised mudelid.<\/li>\n<li>L\u00f5uad sulguvad individuaalselt vastavalt materjali suurusele ja kujule, tagades t\u00f5husa k\u00e4sitsemise.<\/li>\n<li>M\u00f5eldud 4 kuni 8 l\u00f5uaga, mida saab kohandada vastavalt kasutaja n\u00f5uetele ja materjali omadustele.<\/li>\n<\/ul>\n<\/li>\n<\/ul>\n<hr \/>\n<h6><span style=\"font-family: arial, helvetica, sans-serif; font-size: 14pt;\"><strong>Logi haarata<\/strong><\/span><\/h6>\n<ul>\n<li><strong>Rakendused<\/strong>: Spetsiaalselt m\u00f5eldud puidu k\u00e4itlemiseks puiduladudes, suurtes puidut\u00f6\u00f6tlemisettev\u00f5tetes, paberivabrikutes ja sadamates. Kasutatakse laevade mahalaadimiseks, palkide virnastamiseks ja muudeks seonduvateks t\u00f6\u00f6deks.<\/li>\n<li><strong>Omadused<\/strong>:\n<ul>\n<li>Saadaval on \u00fche-, kahe- ja neljak\u00f6itelised ning elektrilised mudelid.<\/li>\n<li>Kohandatav vastavalt kasutajate erivajadustele.<\/li>\n<\/ul>\n<\/li>\n<\/ul>\n<hr \/>\n<h6><span style=\"font-family: arial, helvetica, sans-serif; font-size: 14pt;\"><strong>Mootoriga haarats<\/strong><\/span><\/h6>\n<ul>\n<li><strong>Mehhanism<\/strong>: Varustatud oma avamis-\/sulgemismehhanismiga, mis v\u00f5imaldab t\u00f6\u00f6tada mis tahes k\u00f5rgusel materjalide k\u00e4itlemiseks.<\/li>\n<li><strong>Omadused<\/strong>:\n<ul>\n<li>Suurem tootlikkus v\u00f5rreldes \u00fche trossi haaratsiga.<\/li>\n<li>Lihtne kinnitamine ja lahtiv\u00f5tmine koos suure laadimis- ja mahalaadimist\u00f5hususega.<\/li>\n<li>Sobib lahtiste puistematerjalide k\u00e4itlemiseks.<\/li>\n<li>Suurema t\u00f5stek\u00f5rguse jaoks on vaja energiavarustuse kaablirulli.<\/li>\n<\/ul>\n<\/li>\n<li><strong>Piirangud<\/strong>: Ei sobi veealusteks operatsioonideks.<\/li>\n<\/ul>\n<hr \/>\n<h6><span style=\"font-family: arial, helvetica, sans-serif; font-size: 14pt;\"><strong>Elektriline h\u00fcdrauliline mitme k\u00fc\u00fcnarnuki haarats<\/strong><\/span><\/h6>\n<ul>\n<li><strong>Rakendused<\/strong>: M\u00f5eldud ebaregulaarsete ja suurte materjalide, n\u00e4iteks terasj\u00e4\u00e4tmete, malmi ja j\u00e4\u00e4tmete k\u00e4itlemiseks rasketes tingimustes, asendades t\u00f5husalt k\u00e4sitsi tehtavat t\u00f6\u00f6d.<\/li>\n<li><strong>Omadused<\/strong>:\n<ul>\n<li>Varustatud s\u00f5ltumatu h\u00fcdraulikas\u00fcsteemiga, milles kasutatakse kvaliteetseid komponente, mis tagavad suurep\u00e4rase j\u00f5udluse.<\/li>\n<li>Iga l\u00f5ual\u00f5ualuu liigub eraldi h\u00fcdrosilindri abil, mis tagab, et materjali ei voola v\u00e4lja.<\/li>\n<li>Sisaldab kaabli\u00fchendust \u00fclaosas, et kraana oleks h\u00f5lpsasti integreeritav.<\/li>\n<li>Saadaval mitmes konfiguratsioonis: \u00fcmmargused v\u00f5i ristk\u00fclikukujulised l\u00f5uad ning suletud, poolavatud v\u00f5i avatud k\u00fc\u00fcnarnukid.<\/li>\n<\/ul>\n<\/li>\n<\/ul>","protected":false},"excerpt":{"rendered":"<p>Singlr trossihaakur, Neli trossihaakurit, Elektroh\u00fcdrauliline mitme klapiga haakur, Oran\u017e koorikhaakur, elektrimootorhaakur, elektroh\u00fcdrauliline klambrikraabitshaakur<\/p>","protected":false},"featured_media":5443,"template":"","meta":{"_kad_post_transparent":"default","_kad_post_title":"","_kad_post_layout":"default","_kad_post_sidebar_id":"","_kad_post_content_style":"default","_kad_post_vertical_padding":"show","_kad_post_feature":"","_kad_post_feature_position":"","_kad_post_header":false,"_kad_post_footer":false},"product_brand":[],"product_cat":[59],"product_tag":[186,191,189,192,188,193,190,187,185],"class_list":{"0":"post-5424","1":"product","2":"type-product","3":"status-publish","4":"has-post-thumbnail","6":"product_cat-special-crane-spreader","7":"product_tag-crane-grab","8":"product_tag-electric-motor-grab","9":"product_tag-electro-hydraulic-multi-flap-grab","10":"product_tag-electro-hydraulicclamshell-grab","11":"product_tag-four-rope-grab","12":"product_tag-grab-manufacturers","13":"product_tag-orange-peel-grab","14":"product_tag-singlr-rope-grab","15":"product_tag-special-crane-spreader","17":"first","18":"instock","19":"featured","20":"shipping-taxable","21":"product-type-simple","22":"entry","23":"content-bg","24":"loop-entry"},"yoast_head":"<!-- This site is optimized with the Yoast SEO plugin v25.6 - https:\/\/yoast.com\/wordpress\/plugins\/seo\/ -->\n<title>Crane Grab \u2013 Single Rope, Four Rope, Orange Peel &amp; Clamshell Grabs<\/title>\n<meta name=\"description\" content=\"We supply crane grabs including single rope grab, four rope grab, electro-hydraulic multi-flap grab, orange peel grab, electric motor grab, and clamshell grab.\" \/>\n<meta name=\"robots\" content=\"index, follow, max-snippet:-1, max-image-preview:large, max-video-preview:-1\" \/>\n<link rel=\"canonical\" href=\"https:\/\/www.hnhlcrane.com\/et\/toode\/kraana-haarats\/\" \/>\n<meta property=\"og:locale\" content=\"et_EE\" \/>\n<meta property=\"og:type\" content=\"article\" \/>\n<meta property=\"og:title\" content=\"Crane Grab \u2013 Single Rope, Four Rope, Orange Peel &amp; Clamshell Grabs\" \/>\n<meta property=\"og:description\" content=\"We supply crane grabs including single rope grab, four rope grab, electro-hydraulic multi-flap grab, orange peel grab, electric motor grab, and clamshell grab.\" \/>\n<meta property=\"og:url\" content=\"https:\/\/www.hnhlcrane.com\/et\/toode\/kraana-haarats\/\" \/>\n<meta property=\"og:site_name\" content=\"Crane Parts Supplier-HL Crame\" \/>\n<meta property=\"article:modified_time\" content=\"2025-09-10T02:33:15+00:00\" \/>\n<meta property=\"og:image\" content=\"https:\/\/www.hnhlcrane.com\/wp-content\/uploads\/2024\/11\/Crane-grab-16.jpg\" \/>\n\t<meta property=\"og:image:width\" content=\"600\" \/>\n\t<meta property=\"og:image:height\" content=\"600\" \/>\n\t<meta property=\"og:image:type\" content=\"image\/jpeg\" \/>\n<meta name=\"twitter:card\" content=\"summary_large_image\" \/>\n<meta name=\"twitter:label1\" content=\"Est. reading time\" \/>\n\t<meta name=\"twitter:data1\" content=\"3 minutit\" \/>\n<script type=\"application\/ld+json\" class=\"yoast-schema-graph\">{\"@context\":\"https:\/\/schema.org\",\"@graph\":[{\"@type\":\"WebPage\",\"@id\":\"https:\/\/www.hnhlcrane.com\/product\/crane-grab\/\",\"url\":\"https:\/\/www.hnhlcrane.com\/product\/crane-grab\/\",\"name\":\"Crane Grab \u2013 Single Rope, Four Rope, Orange Peel & Clamshell Grabs\",\"isPartOf\":{\"@id\":\"https:\/\/www.hnhlcrane.com\/#website\"},\"primaryImageOfPage\":{\"@id\":\"https:\/\/www.hnhlcrane.com\/product\/crane-grab\/#primaryimage\"},\"image\":{\"@id\":\"https:\/\/www.hnhlcrane.com\/product\/crane-grab\/#primaryimage\"},\"thumbnailUrl\":\"https:\/\/www.hnhlcrane.com\/wp-content\/uploads\/2024\/11\/Crane-grab-16.jpg\",\"datePublished\":\"2024-11-25T15:05:17+00:00\",\"dateModified\":\"2025-09-10T02:33:15+00:00\",\"description\":\"We supply crane grabs including single rope grab, four rope grab, electro-hydraulic multi-flap grab, orange peel grab, electric motor grab, and clamshell grab.\",\"breadcrumb\":{\"@id\":\"https:\/\/www.hnhlcrane.com\/product\/crane-grab\/#breadcrumb\"},\"inLanguage\":\"et\",\"potentialAction\":[{\"@type\":\"ReadAction\",\"target\":[\"https:\/\/www.hnhlcrane.com\/product\/crane-grab\/\"]}]},{\"@type\":\"ImageObject\",\"inLanguage\":\"et\",\"@id\":\"https:\/\/www.hnhlcrane.com\/product\/crane-grab\/#primaryimage\",\"url\":\"https:\/\/www.hnhlcrane.com\/wp-content\/uploads\/2024\/11\/Crane-grab-16.jpg\",\"contentUrl\":\"https:\/\/www.hnhlcrane.com\/wp-content\/uploads\/2024\/11\/Crane-grab-16.jpg\",\"width\":600,\"height\":600},{\"@type\":\"BreadcrumbList\",\"@id\":\"https:\/\/www.hnhlcrane.com\/product\/crane-grab\/#breadcrumb\",\"itemListElement\":[{\"@type\":\"ListItem\",\"position\":1,\"name\":\"home\",\"item\":\"https:\/\/www.hnhlcrane.com\/\"},{\"@type\":\"ListItem\",\"position\":2,\"name\":\"products\",\"item\":\"https:\/\/www.hnhlcrane.com\/products\/\"},{\"@type\":\"ListItem\",\"position\":3,\"name\":\"Crane grab\"}]},{\"@type\":\"WebSite\",\"@id\":\"https:\/\/www.hnhlcrane.com\/#website\",\"url\":\"https:\/\/www.hnhlcrane.com\/\",\"name\":\"Crane Parts Supplier-HL Crame\",\"description\":\"One-stop solution for all your  crane parts needs,Crane Hook,Crane Drum,Crane Wheel,Crane Coupling,Crane Gearbox,Crane Motor,Crane Brake,Special Crane Spreader,Crane grab,Container spreader,Billet crane clamps,Crane C-type spreader,Lifting Electromagnet,Crane Rail Clips,Electric Hoist,FEM Standard Crane End Carriages,Light Crane Parts,Workstation Crane Parts,Crane Electrical Parts,I-beam cable trolley,Crane remote controller,Crane electrical control cabinet,Crane limit switch,Crane sound and light alarm,Heavy Duty Aviation Connector,Crane overload limiter,China Crane Parts Supplier,Crane hooks,Gantry crane hook,Crane accessories,Forged hook,hook processing,Hook manufacturer,China standard crane hook,electric hoist hook,Crane pulley,Hook pulley,Rolled pulley,Crane Pulley Supplier\uff0cEuropean hook pulley,Gantry crane hook pulley,WZL type crane drum,European style reel set,Crane reel,crane parts,Drum processing,crane drum manufacturer,Cast steel drum,Electric hoist drum,Crane drum assembly,DRS Wheel Blocks,European crane wheel,Forged wheels,Active wheel set,Driving wheel set,Driven wheel group,crane wheels manufacturer,Demag crane wheels,Konecranes Crane Wheels,Overhead crane Wheel,Shaft couplings,Power Transmission Couplings,Disc Couplings,Fluid couplings,Coupling manufacturer\uff0cCardan coupling,Crane Reducer,Crane Decelerators,Reducer gearbox,Reducer for crane,Gear Reducer For Crane,Hard tooth surface reducerCrane and hoist reducer,Flender reducer,Reducer manufacturer,ZQ reducer,QJ reducer,QJY reducer,Gear Motors,Konecranes reducer,F series three-in-one reducer,K series three-in-one reducer,travelling machinery,Travelling Motor With Gear,Gear Motor for Crane Traveling,Travelling machinery Frequency inverter motors,FEM standard Gear Motors,Crane motors,Inverter motors,Hoist motors,motorCrane duty motors,Special motor for crane,YZR YZP YZ series motors,Crane and hoist motor,Frequency conversion motor,Electro hydraulic drum brakes,Electro-hydraulic disc brakes,Brake,Overhead Crane Brakes,Disc brakes,Electromagnetic disk brake,Crane hydraulic disc brake,Brakes manufacturer,crane Safety brakes,Singlr rope grab,Four rope grab,Electro-hydraulic multi-flap grab,Orange peel grab,Electric motor grab,Electro-Hydraulicclamshell grab,grab manufacturers,Container spreader manufacturers,20ft Container Spreader,Semi Automatic container spreader,40ft Container Lifting Frame,TEC container Spreader,Billet lifting clamp,Billet Clamps,Billet crane clamps manufacturer,billet lifting clamps china supplier,Coil C-Type Hook,coil hook,Overhead Crane Steel Coil C-Type Hook,Crane C-hook,C-type spreader,C-type hook,Crane magnets,Rail fixing device,Crane Rail fixing device,crane Rail Clamp,CD\/MD Wire Rope Electric Hoist,Wire Rope Electric Hoist China Manufacturer,Single Girder Wire Rope Electric Hoist,Double Girder Wire Rope Electric Hoist,Chain Hoist,Electric chain hoist manufacturer,Electric chain hoist China distributor,European wire rope electric hoist\uff0cEuropean double beam wire rope electric hoist,European Style Single Beam Crane End Carriage,FEN\/DIN European Style Single Beam Crane End Carriage,Crane end beam manufacturers,European style hoist double beam crane end beam,Suspension crane end beam,European style suspended single beam crane end beam,FEN\/DIN Suspension crane end beam,crane cable trolley,Wireless remote control,remote controller,Crane control handle,Crane Controls,electrical control cabinet,crane control cabinet,Limit switch,Sound and light alarm,Aviation plug,quick connector,Crane aviation plug,Overload limiter\",\"publisher\":{\"@id\":\"https:\/\/www.hnhlcrane.com\/#organization\"},\"potentialAction\":[{\"@type\":\"SearchAction\",\"target\":{\"@type\":\"EntryPoint\",\"urlTemplate\":\"https:\/\/www.hnhlcrane.com\/?s={search_term_string}\"},\"query-input\":{\"@type\":\"PropertyValueSpecification\",\"valueRequired\":true,\"valueName\":\"search_term_string\"}}],\"inLanguage\":\"et\"},{\"@type\":\"Organization\",\"@id\":\"https:\/\/www.hnhlcrane.com\/#organization\",\"name\":\"Crane Parts Supplier-HL Crame\",\"url\":\"https:\/\/www.hnhlcrane.com\/\",\"logo\":{\"@type\":\"ImageObject\",\"inLanguage\":\"et\",\"@id\":\"https:\/\/www.hnhlcrane.com\/#\/schema\/logo\/image\/\",\"url\":\"https:\/\/www.hnhlcrane.com\/wp-content\/uploads\/2024\/09\/logo6-1-e1733899395598.png\",\"contentUrl\":\"https:\/\/www.hnhlcrane.com\/wp-content\/uploads\/2024\/09\/logo6-1-e1733899395598.png\",\"width\":1000,\"height\":282,\"caption\":\"Crane Parts Supplier-HL Crame\"},\"image\":{\"@id\":\"https:\/\/www.hnhlcrane.com\/#\/schema\/logo\/image\/\"}}]}<\/script>\n<!-- \/ Yoast SEO plugin. -->","yoast_head_json":{"title":"Kraana haaratsid - \u00fche k\u00f6ie, nelja k\u00f6ie, apelsinikoore ja klambrikarbi haaratsid","description":"Me tarnime kraanakraanad, sealhulgas \u00fche trossi haaratsi, nelja trossi haaratsi, elektroh\u00fcdraulilise mitme klapi haaratsi, apelsinikoore haaratsi, elektrimootori haaratsi ja klambrikraana haaratsi.","robots":{"index":"index","follow":"follow","max-snippet":"max-snippet:-1","max-image-preview":"max-image-preview:large","max-video-preview":"max-video-preview:-1"},"canonical":"https:\/\/www.hnhlcrane.com\/et\/toode\/kraana-haarats\/","og_locale":"et_EE","og_type":"article","og_title":"Crane Grab \u2013 Single Rope, Four Rope, Orange Peel & Clamshell Grabs","og_description":"We supply crane grabs including single rope grab, four rope grab, electro-hydraulic multi-flap grab, orange peel grab, electric motor grab, and clamshell grab.","og_url":"https:\/\/www.hnhlcrane.com\/et\/toode\/kraana-haarats\/","og_site_name":"Crane Parts Supplier-HL Crame","article_modified_time":"2025-09-10T02:33:15+00:00","og_image":[{"width":600,"height":600,"url":"https:\/\/www.hnhlcrane.com\/wp-content\/uploads\/2024\/11\/Crane-grab-16.jpg","type":"image\/jpeg"}],"twitter_card":"summary_large_image","twitter_misc":{"Est. reading time":"3 minutit"},"schema":{"@context":"https:\/\/schema.org","@graph":[{"@type":"WebPage","@id":"https:\/\/www.hnhlcrane.com\/product\/crane-grab\/","url":"https:\/\/www.hnhlcrane.com\/product\/crane-grab\/","name":"Kraana haaratsid - \u00fche k\u00f6ie, nelja k\u00f6ie, apelsinikoore ja klambrikarbi haaratsid","isPartOf":{"@id":"https:\/\/www.hnhlcrane.com\/#website"},"primaryImageOfPage":{"@id":"https:\/\/www.hnhlcrane.com\/product\/crane-grab\/#primaryimage"},"image":{"@id":"https:\/\/www.hnhlcrane.com\/product\/crane-grab\/#primaryimage"},"thumbnailUrl":"https:\/\/www.hnhlcrane.com\/wp-content\/uploads\/2024\/11\/Crane-grab-16.jpg","datePublished":"2024-11-25T15:05:17+00:00","dateModified":"2025-09-10T02:33:15+00:00","description":"Me tarnime kraanakraanad, sealhulgas \u00fche trossi haaratsi, nelja trossi haaratsi, elektroh\u00fcdraulilise mitme klapi haaratsi, apelsinikoore haaratsi, elektrimootori haaratsi ja klambrikraana haaratsi.","breadcrumb":{"@id":"https:\/\/www.hnhlcrane.com\/product\/crane-grab\/#breadcrumb"},"inLanguage":"et","potentialAction":[{"@type":"ReadAction","target":["https:\/\/www.hnhlcrane.com\/product\/crane-grab\/"]}]},{"@type":"ImageObject","inLanguage":"et","@id":"https:\/\/www.hnhlcrane.com\/product\/crane-grab\/#primaryimage","url":"https:\/\/www.hnhlcrane.com\/wp-content\/uploads\/2024\/11\/Crane-grab-16.jpg","contentUrl":"https:\/\/www.hnhlcrane.com\/wp-content\/uploads\/2024\/11\/Crane-grab-16.jpg","width":600,"height":600},{"@type":"BreadcrumbList","@id":"https:\/\/www.hnhlcrane.com\/product\/crane-grab\/#breadcrumb","itemListElement":[{"@type":"ListItem","position":1,"name":"home","item":"https:\/\/www.hnhlcrane.com\/"},{"@type":"ListItem","position":2,"name":"products","item":"https:\/\/www.hnhlcrane.com\/products\/"},{"@type":"ListItem","position":3,"name":"Crane grab"}]},{"@type":"WebSite","@id":"https:\/\/www.hnhlcrane.com\/#website","url":"https:\/\/www.hnhlcrane.com\/","name":"Kraana osade tarnija-HL Crame","description":"\u00dcks lahendus k\u00f5igile teie kraanaosade vajadustele, kraana konks, kraana trummel, kraana ratas, kraana haakeseadeldis, kraana k\u00e4igukast, kraana mootor, kraanapidur, spetsiaalne kraana levitaja, kraana haarats, konteinerite levitaja, kraanaklambrid, kraana C-t\u00fc\u00fcpi levitaja,T\u00f5stmise elektromagnet,Kraana r\u00f6\u00f6bastee klambrid,elektriline t\u00f5stuk,FEM standardne kraana l\u00f5ppvankrid,kerge kraana osad,t\u00f6\u00f6koha kraana osad,kraana elektrilised osad,I-tala kaablik\u00e4ru,kraana kaugjuhtimispult,kraana elektriline juhtimiskapp,Kraana l\u00f5ppl\u00fcliti,Kraana heli- ja valgush\u00e4ire,Raske lennundus\u00fchendus,Kraana \u00fclekoormuse piiraja,Hiina kraanaosade tarnija,Kraana konksud,Gantry kraana konks,Kraana tarvikud,Sepistatud konks,konksu t\u00f6\u00f6tlemine,konksu tootja,Hiina standard kraana konks,elektriline t\u00f5stuk konks,Kraana rihmaratas,konksu rihmaratas,valtsitud rihmaratas,kraana rihmaratas tarnija\uff0cEuroopa konksu rihmaratas,Gantry kraana konksu rihmaratas,WZL t\u00fc\u00fcpi kraana trummel,Euroopa stiilis rullikomplekt,kraana rullik,kraana osad,Trumli t\u00f6\u00f6tlemine,kraanatrumli tootja,Valatud terastrumli,Elektrit\u00f5stuki trummel,Kraanatrumli koost,DRS rattaplokid,Euroopa kraanaratas,Sepistatud rattad,Aktiivrataste komplekt,Ajamisrataste komplekt,Ajamisrataste grupp,Kraanarattade tootja,Demag kraanarattad,Konecranes kraanarattad,\u00d5hukorraldusn\u00f5uratas,V\u00f5lli\u00fchendused,j\u00f5u\u00fclekande\u00fchendused,ketas\u00fchendused,vedeliku\u00fchendused,Haakeseadiste tootja\uff0cCardan coupling,Kraana reduktor,Kraana aeglustid,Reduktori k\u00e4igukast,Reduktor kraanale,Hammasrataste reduktor kraanale,K\u00f5vahambaline pind reduktor,Kraana ja t\u00f5stukite reduktor,Flender reduktor,Reduktori tootja,ZQ reduktor,QJ reduktor,QJY reduktor,Hammasrataste mootorid,Konecranes reduktor.Konecranes reduktor,F-seeria kolme-\u00fches reduktor,K-seeria kolme-\u00fches reduktor,liikuvad masinad,liikuv mootor hammasratastega,hammasrataste mootor kraana liikumiseks,liikuvate masinate sagedusinverter mootorid,FEM standard hammasrataste mootorid,kraanamootorid,Invertermootorid,T\u00f5stukimootorid,mootorKraana t\u00f6\u00f6mootorid,Erimootor kraanale,YZR YZP YZ seeria mootorid,Kraana ja t\u00f5stukimootor,Sagedusmuundusmootor,Elektroh\u00fcdraulilised trummelpidurid,Elektroh\u00fcdraulilised ketaspidurid,Pidurid,Kraanapidurid,Ketaspidurid,Elektromagnetiline ketaspidur,Kraana h\u00fcdrauliline ketaspidur,Pidurite tootja,Kraana ohutuspidurid,Singlr trossikrabi,Neli trossikrabi,Elektroh\u00fcdrauliline mitmeklapp-krabi,Oran\u017e koorekrabi,Elektrimootor-krabi,Electro-Hydraulicclamshell grab,grab tootjad,Container spreader manufacturers,20ft Container Spreader,Semi Automatic container spreader,40ft Container Lifting Frame,TEC container Spreader,Billet lifting clamp,Billet Clamps,Billet crane clamps manufacturer,billet lifting clamps china supplier,Coil C-Type Hook,coil hook,Coil hook,Overhead Crane Steel Coil C-Type Hook,C-hraan C-hook,C-type spreader,C-type hook,C-type hook,Crane magnets,Rail fixing device,Crane Rail fixing device,crane Rail Clamp,CD\/MD Wire Rope Electric Hoist,Wire Rope Electric Hoist China Manufacturer,Single Girder Wire Rope Electric Hoist,Double Girder Wire Rope Electric Hoist,Chain Hoist,Electric chain hoist manufacturer,Electric chain hoist China distributor,European wire rope electric hoist\uff0cEuropean double beam wire rope electric hoist,European Style Single Beam Crane End Carriage,FEN\/DIN European Style Single Beam Crane End Carriage,Kraana l\u00f5pptala tootjad,Euroopa stiilis t\u00f5stuk kahetala kraana l\u00f5pptala,Rippkraana l\u00f5pptala,Euroopa stiilis riputatud \u00fchepalkkraana l\u00f5pptala,FEN\/DIN Rippkraana l\u00f5pptala,kraana trossik\u00e4ru,traadita kaugjuhtimispult,kaugjuhtimispult,kraana juhtk\u00e4epide,kraana juhtimispuldid,elektriline juhtimiskapp,kraana juhtimiskapp,l\u00f5ppl\u00fcliti,heli ja valgush\u00e4ire,lennunduspistik,kiir\u00fchendus,kraana lennunduspistik,\u00fclekoormuse piiraja.","publisher":{"@id":"https:\/\/www.hnhlcrane.com\/#organization"},"potentialAction":[{"@type":"SearchAction","target":{"@type":"EntryPoint","urlTemplate":"https:\/\/www.hnhlcrane.com\/?s={search_term_string}"},"query-input":{"@type":"PropertyValueSpecification","valueRequired":true,"valueName":"search_term_string"}}],"inLanguage":"et"},{"@type":"Organization","@id":"https:\/\/www.hnhlcrane.com\/#organization","name":"Kraana osade tarnija-HL Crame","url":"https:\/\/www.hnhlcrane.com\/","logo":{"@type":"ImageObject","inLanguage":"et","@id":"https:\/\/www.hnhlcrane.com\/#\/schema\/logo\/image\/","url":"https:\/\/www.hnhlcrane.com\/wp-content\/uploads\/2024\/09\/logo6-1-e1733899395598.png","contentUrl":"https:\/\/www.hnhlcrane.com\/wp-content\/uploads\/2024\/09\/logo6-1-e1733899395598.png","width":1000,"height":282,"caption":"Crane Parts Supplier-HL Crame"},"image":{"@id":"https:\/\/www.hnhlcrane.com\/#\/schema\/logo\/image\/"}}]}},"_links":{"self":[{"href":"https:\/\/www.hnhlcrane.com\/et\/wp-json\/wp\/v2\/product\/5424","targetHints":{"allow":["GET"]}}],"collection":[{"href":"https:\/\/www.hnhlcrane.com\/et\/wp-json\/wp\/v2\/product"}],"about":[{"href":"https:\/\/www.hnhlcrane.com\/et\/wp-json\/wp\/v2\/types\/product"}],"version-history":[{"count":1,"href":"https:\/\/www.hnhlcrane.com\/et\/wp-json\/wp\/v2\/product\/5424\/revisions"}],"predecessor-version":[{"id":6951,"href":"https:\/\/www.hnhlcrane.com\/et\/wp-json\/wp\/v2\/product\/5424\/revisions\/6951"}],"wp:featuredmedia":[{"embeddable":true,"href":"https:\/\/www.hnhlcrane.com\/et\/wp-json\/wp\/v2\/media\/5443"}],"wp:attachment":[{"href":"https:\/\/www.hnhlcrane.com\/et\/wp-json\/wp\/v2\/media?parent=5424"}],"wp:term":[{"taxonomy":"product_brand","embeddable":true,"href":"https:\/\/www.hnhlcrane.com\/et\/wp-json\/wp\/v2\/product_brand?post=5424"},{"taxonomy":"product_cat","embeddable":true,"href":"https:\/\/www.hnhlcrane.com\/et\/wp-json\/wp\/v2\/product_cat?post=5424"},{"taxonomy":"product_tag","embeddable":true,"href":"https:\/\/www.hnhlcrane.com\/et\/wp-json\/wp\/v2\/product_tag?post=5424"}],"curies":[{"name":"wp","href":"https:\/\/api.w.org\/{rel}","templated":true}]}}