{"id":4896,"date":"2024-11-08T15:16:00","date_gmt":"2024-11-08T07:16:00","guid":{"rendered":"https:\/\/www.hnhlcrane.com\/?post_type=product&#038;p=4896"},"modified":"2025-09-20T22:12:18","modified_gmt":"2025-09-20T14:12:18","slug":"kraana-hammasrataste-haakeseadised","status":"publish","type":"product","link":"https:\/\/www.hnhlcrane.com\/et\/toode\/kraana-hammasrataste-haakeseadised\/","title":{"rendered":"Kraana hammasrataste haakeseadised"},"content":{"rendered":"<div class=\"flex max-w-full flex-col flex-grow\">\n<div class=\"min-h-8 text-message flex w-full flex-col items-end gap-2 whitespace-normal break-words [.text-message+&amp;]:mt-5\" dir=\"auto\" data-message-author-role=\"assistant\" data-message-id=\"41acb770-e85a-4730-8533-81f9699d1e74\" data-message-model-slug=\"gpt-4o\">\n<div class=\"flex w-full flex-col gap-1 empty:hidden first:pt-[3px]\">\n<div class=\"markdown prose w-full break-words dark:prose-invert light\"><\/div>\n<\/div>\n<\/div>\n<\/div>\n<p>Kraanamehhanismid on olulised mehaanilised komponendid, mida kasutatakse p\u00f6\u00f6rdemomendi \u00fclekandmiseks, kahe koaksiaalsete v\u00f5i peaaegu paralleelselt p\u00f6\u00f6rlevate v\u00f5llide \u00fchendamiseks ning v\u00e4ikeste nurga- ja radiaalh\u00e4lvete kompenseerimiseks. Tavaliselt koosnevad need kahest osast: ajamiv\u00f5llist ja ajamiv\u00f5llist. Lisaks kasutatakse neid laialdaselt hammasrataste reduktorites, et h\u00f5lbustada p\u00f6\u00f6rdemomendi \u00fclekandmist. Kraanade hammasratta\u00fchenduste projekteerimisel ja rakendamisel v\u00f5etakse arvesse mitmeid tegureid, et tagada nende toimivus ja t\u00f6\u00f6kindlus, sealhulgas, kuid mitte ainult, j\u00e4rgmisi tegureid:<\/p>\n<ul>\n<li><strong>Kompenseeriv paindlikkus<\/strong>: Nad suudavad reguleerida p\u00f6\u00f6rlevate osade vahelist suhtelist nihet, kompenseerides tootmis- ja paigaldusvigu, temperatuuri k\u00f5ikumisi t\u00f6\u00f6 ajal ja deformatsioone koormuse all.<\/li>\n<li><strong>L\u00f6\u00f6kide neeldumine<\/strong>: Olukordades, kus koormus k\u00e4ivitub sageli v\u00f5i t\u00f6\u00f6koormus muutub, peaks haakeseadis sisaldama elastseid elemente, mis pakuvad pehmendust ja vibratsiooni summutamist, kaitstes seel\u00e4bi nii peamasinat kui ka t\u00f6\u00f6tavat masinat v\u00f5imalike kahjustuste eest.<\/li>\n<li><strong>Ohutus ja usaldusv\u00e4\u00e4rsus<\/strong>: Neil on piisav tugevus ja pikaealisus, et tagada ohutu t\u00f6\u00f6 erinevates t\u00f6\u00f6tingimustes.<\/li>\n<li><strong>Lihtne struktuur<\/strong>: Neid on lihtne kokku panna, lahti v\u00f5tta ja hooldada, mis v\u00e4hendab nii hoolduskulusid kui ka aega.<\/li>\n<\/ul>\n<p>Haakeseadise t\u00fc\u00fcbi valimisel tuleb arvesse v\u00f5tta n\u00f5utavat p\u00f6\u00f6rdemomendi \u00fclekandev\u00f5imet ja omadusi, samuti vajadust l\u00f6\u00f6kide summutamise, vibratsiooni summutamise ja v\u00f5imaliku resonantsi j\u00e4rele. Kraana <a href=\"https:\/\/www.hnhlcrane.com\/et\/tooted\/kraana-haakeseadeldis\/\" target=\"_blank\" rel=\"noopener\">hammas\u00fclekanded<\/a> kasutatakse sellistes valdkondades nagu metallurgia, kaevandamine, t\u00f5stmine ja transport, samuti rasketehnika erinevates t\u00f6\u00f6stusharudes nagu nafta, keemiatehnika ja \u00fcldmasinad. Need haakeseadised on tuntud oma kompaktse radiaalse suuruse, suure kandev\u00f5ime, k\u00f5rge \u00fclekandet\u00f5hususe, v\u00e4hese m\u00fcra ja pikendatud hooldusintervallide poolest, mist\u00f5ttu sobivad need eriti h\u00e4sti madala kiirusega ja rasketele koormustele.<\/p>\n<p><img fetchpriority=\"high\" decoding=\"async\" class=\"alignnone wp-image-4907\" src=\"https:\/\/www.hnhlcrane.com\/wp-content\/uploads\/2024\/11\/1-222x300.jpg\" alt=\"\" width=\"1100\" height=\"1486\" srcset=\"https:\/\/www.hnhlcrane.com\/wp-content\/uploads\/2024\/11\/1-222x300.jpg 222w, https:\/\/www.hnhlcrane.com\/wp-content\/uploads\/2024\/11\/1-759x1024.jpg 759w, https:\/\/www.hnhlcrane.com\/wp-content\/uploads\/2024\/11\/1-768x1036.jpg 768w\" sizes=\"(max-width: 1100px) 100vw, 1100px\" \/><\/p>\n<p><img decoding=\"async\" class=\"alignnone wp-image-4908\" src=\"https:\/\/www.hnhlcrane.com\/wp-content\/uploads\/2024\/11\/2-216x300.jpg\" alt=\"\" width=\"1100\" height=\"1528\" srcset=\"https:\/\/www.hnhlcrane.com\/wp-content\/uploads\/2024\/11\/2-216x300.jpg 216w, https:\/\/www.hnhlcrane.com\/wp-content\/uploads\/2024\/11\/2-768x1068.jpg 768w, https:\/\/www.hnhlcrane.com\/wp-content\/uploads\/2024\/11\/2-600x834.jpg 600w, https:\/\/www.hnhlcrane.com\/wp-content\/uploads\/2024\/11\/2.jpg 950w\" sizes=\"(max-width: 1100px) 100vw, 1100px\" \/> <img decoding=\"async\" class=\"alignnone wp-image-4909\" src=\"https:\/\/www.hnhlcrane.com\/wp-content\/uploads\/2024\/11\/3-219x300.jpg\" alt=\"\" width=\"1101\" height=\"1508\" srcset=\"https:\/\/www.hnhlcrane.com\/wp-content\/uploads\/2024\/11\/3-219x300.jpg 219w, https:\/\/www.hnhlcrane.com\/wp-content\/uploads\/2024\/11\/3-748x1024.jpg 748w, https:\/\/www.hnhlcrane.com\/wp-content\/uploads\/2024\/11\/3-768x1051.jpg 768w, https:\/\/www.hnhlcrane.com\/wp-content\/uploads\/2024\/11\/3-600x821.jpg 600w, https:\/\/www.hnhlcrane.com\/wp-content\/uploads\/2024\/11\/3.jpg 950w\" sizes=\"(max-width: 1101px) 100vw, 1101px\" \/> <img loading=\"lazy\" decoding=\"async\" class=\"alignnone wp-image-4910\" src=\"https:\/\/www.hnhlcrane.com\/wp-content\/uploads\/2024\/11\/4-227x300.jpg\" alt=\"\" width=\"1102\" height=\"1456\" srcset=\"https:\/\/www.hnhlcrane.com\/wp-content\/uploads\/2024\/11\/4-227x300.jpg 227w, https:\/\/www.hnhlcrane.com\/wp-content\/uploads\/2024\/11\/4-775x1024.jpg 775w, https:\/\/www.hnhlcrane.com\/wp-content\/uploads\/2024\/11\/4-768x1015.jpg 768w, https:\/\/www.hnhlcrane.com\/wp-content\/uploads\/2024\/11\/4-600x793.jpg 600w, https:\/\/www.hnhlcrane.com\/wp-content\/uploads\/2024\/11\/4.jpg 950w\" sizes=\"(max-width: 1102px) 100vw, 1102px\" \/><\/p>\n<p><span style=\"font-family: var(--global-body-font-family);\">\u00a0<\/span><span style=\"font-family: var(--global-body-font-family);\">\u00a0<\/span><\/p>","protected":false},"excerpt":{"rendered":"<p><strong>Kraana hammasrataste haakeseadiste parameetrid:<\/strong><\/p>\n<ul>\n<li><strong>Maksimaalne lubatud p\u00f6\u00f6rdemoment:<\/strong> 710 Nm kuni 1 000 000 Nm<\/li>\n<li><strong>Maksimaalne kiirus:<\/strong> 7100 p\/min kuni 700 p\/min<\/li>\n<li><strong>\u00dchendusmaterjal:<\/strong> ZG430-640, 45 terasest<\/li>\n<li><strong>\u00dchendust\u00fc\u00fcbid:<\/strong> T\u00e4ishammashaakeseadised ja poolhammashaakeseadised<\/li>\n<li><strong>Kohandatud valikud:<\/strong> Te v\u00f5ite esitada oma joonised ja me valmistame need vastavalt etteantud m\u00f5\u00f5tmetele.<\/li>\n<\/ul>","protected":false},"featured_media":4897,"template":"","meta":{"_kad_post_transparent":"default","_kad_post_title":"","_kad_post_layout":"default","_kad_post_sidebar_id":"","_kad_post_content_style":"default","_kad_post_vertical_padding":"show","_kad_post_feature":"","_kad_post_feature_position":"","_kad_post_header":false,"_kad_post_footer":false},"product_brand":[],"product_cat":[54],"product_tag":[131,135,127,132,126,73,129,121,128,72,124,130,125,134,123,122,133],"class_list":{"0":"post-4896","1":"product","2":"type-product","3":"status-publish","4":"has-post-thumbnail","6":"product_cat-crane-coupling","7":"product_tag-brake-wheel-drum-gear-coupling","8":"product_tag-brake-wheel-plum-elastic-coupling","9":"product_tag-cardan-coupling","10":"product_tag-cardan-shaft-coupling","11":"product_tag-coupling-manufacturer","12":"product_tag-crane-accessories","13":"product_tag-crane-brake-wheel-coupling","14":"product_tag-crane-coupling","15":"product_tag-crane-gear-couplings","16":"product_tag-crane-parts","17":"product_tag-disc-couplings","18":"product_tag-drum-gear-couplings","19":"product_tag-fluid-couplings","20":"product_tag-plum-blossom-elastic-coupling","21":"product_tag-power-transmission-couplings","22":"product_tag-shaft-couplings","23":"product_tag-wzl-drum-coupling","25":"first","26":"instock","27":"shipping-taxable","28":"product-type-simple","29":"entry","30":"content-bg","31":"loop-entry"},"yoast_head":"<!-- This site is optimized with the Yoast SEO plugin v25.6 - https:\/\/yoast.com\/wordpress\/plugins\/seo\/ -->\n<title>Crane gear couplings -Power Transmission Couplings-&amp; High-Performance Crane Couplings<\/title>\n<meta name=\"description\" content=\"Shop high-quality crane gear couplings for overhead and gantry cranes. HLCRANE provides durable, precision-engineered couplings to ensure smooth crane operation and long-lasting performance.\" \/>\n<meta name=\"robots\" content=\"index, follow, max-snippet:-1, max-image-preview:large, max-video-preview:-1\" \/>\n<link rel=\"canonical\" href=\"https:\/\/www.hnhlcrane.com\/et\/toode\/kraana-hammasrataste-haakeseadised\/\" \/>\n<meta property=\"og:locale\" content=\"et_EE\" \/>\n<meta property=\"og:type\" content=\"article\" \/>\n<meta property=\"og:title\" content=\"Crane gear couplings -Power Transmission Couplings-&amp; High-Performance Crane Couplings\" \/>\n<meta property=\"og:description\" content=\"Shop high-quality crane gear couplings for overhead and gantry cranes. HLCRANE provides durable, precision-engineered couplings to ensure smooth crane operation and long-lasting performance.\" \/>\n<meta property=\"og:url\" content=\"https:\/\/www.hnhlcrane.com\/et\/toode\/kraana-hammasrataste-haakeseadised\/\" \/>\n<meta property=\"og:site_name\" content=\"Crane Parts Supplier-HL Crame\" \/>\n<meta property=\"article:modified_time\" content=\"2025-09-20T14:12:18+00:00\" \/>\n<meta property=\"og:image\" content=\"https:\/\/www.hnhlcrane.com\/wp-content\/uploads\/2024\/11\/Crane-gear-couplings.jpg\" \/>\n\t<meta property=\"og:image:width\" content=\"600\" \/>\n\t<meta property=\"og:image:height\" content=\"600\" \/>\n\t<meta property=\"og:image:type\" content=\"image\/jpeg\" \/>\n<meta name=\"twitter:card\" content=\"summary_large_image\" \/>\n<meta name=\"twitter:label1\" content=\"Est. reading time\" \/>\n\t<meta name=\"twitter:data1\" content=\"3 minutit\" \/>\n<script type=\"application\/ld+json\" class=\"yoast-schema-graph\">{\"@context\":\"https:\/\/schema.org\",\"@graph\":[{\"@type\":\"WebPage\",\"@id\":\"https:\/\/www.hnhlcrane.com\/product\/crane-gear-couplings\/\",\"url\":\"https:\/\/www.hnhlcrane.com\/product\/crane-gear-couplings\/\",\"name\":\"Crane gear couplings -Power Transmission Couplings-& High-Performance Crane Couplings\",\"isPartOf\":{\"@id\":\"https:\/\/www.hnhlcrane.com\/#website\"},\"primaryImageOfPage\":{\"@id\":\"https:\/\/www.hnhlcrane.com\/product\/crane-gear-couplings\/#primaryimage\"},\"image\":{\"@id\":\"https:\/\/www.hnhlcrane.com\/product\/crane-gear-couplings\/#primaryimage\"},\"thumbnailUrl\":\"https:\/\/www.hnhlcrane.com\/wp-content\/uploads\/2024\/11\/Crane-gear-couplings.jpg\",\"datePublished\":\"2024-11-08T07:16:00+00:00\",\"dateModified\":\"2025-09-20T14:12:18+00:00\",\"description\":\"Shop high-quality crane gear couplings for overhead and gantry cranes. HLCRANE provides durable, precision-engineered couplings to ensure smooth crane operation and long-lasting performance.\",\"breadcrumb\":{\"@id\":\"https:\/\/www.hnhlcrane.com\/product\/crane-gear-couplings\/#breadcrumb\"},\"inLanguage\":\"et\",\"potentialAction\":[{\"@type\":\"ReadAction\",\"target\":[\"https:\/\/www.hnhlcrane.com\/product\/crane-gear-couplings\/\"]}]},{\"@type\":\"ImageObject\",\"inLanguage\":\"et\",\"@id\":\"https:\/\/www.hnhlcrane.com\/product\/crane-gear-couplings\/#primaryimage\",\"url\":\"https:\/\/www.hnhlcrane.com\/wp-content\/uploads\/2024\/11\/Crane-gear-couplings.jpg\",\"contentUrl\":\"https:\/\/www.hnhlcrane.com\/wp-content\/uploads\/2024\/11\/Crane-gear-couplings.jpg\",\"width\":600,\"height\":600},{\"@type\":\"BreadcrumbList\",\"@id\":\"https:\/\/www.hnhlcrane.com\/product\/crane-gear-couplings\/#breadcrumb\",\"itemListElement\":[{\"@type\":\"ListItem\",\"position\":1,\"name\":\"home\",\"item\":\"https:\/\/www.hnhlcrane.com\/\"},{\"@type\":\"ListItem\",\"position\":2,\"name\":\"products\",\"item\":\"https:\/\/www.hnhlcrane.com\/products\/\"},{\"@type\":\"ListItem\",\"position\":3,\"name\":\"Crane gear couplings\"}]},{\"@type\":\"WebSite\",\"@id\":\"https:\/\/www.hnhlcrane.com\/#website\",\"url\":\"https:\/\/www.hnhlcrane.com\/\",\"name\":\"Crane Parts Supplier-HL Crame\",\"description\":\"One-stop solution for all your  crane parts needs,Crane Hook,Crane Drum,Crane Wheel,Crane Coupling,Crane Gearbox,Crane Motor,Crane Brake,Special Crane Spreader,Crane grab,Container spreader,Billet crane clamps,Crane C-type spreader,Lifting Electromagnet,Crane Rail Clips,Electric Hoist,FEM Standard Crane End Carriages,Light Crane Parts,Workstation Crane Parts,Crane Electrical Parts,I-beam cable trolley,Crane remote controller,Crane electrical control cabinet,Crane limit switch,Crane sound and light alarm,Heavy Duty Aviation Connector,Crane overload limiter,China Crane Parts Supplier,Crane hooks,Gantry crane hook,Crane accessories,Forged hook,hook processing,Hook manufacturer,China standard crane hook,electric hoist hook,Crane pulley,Hook pulley,Rolled pulley,Crane Pulley Supplier\uff0cEuropean hook pulley,Gantry crane hook pulley,WZL type crane drum,European style reel set,Crane reel,crane parts,Drum processing,crane drum manufacturer,Cast steel drum,Electric hoist drum,Crane drum assembly,DRS Wheel Blocks,European crane wheel,Forged wheels,Active wheel set,Driving wheel set,Driven wheel group,crane wheels manufacturer,Demag crane wheels,Konecranes Crane Wheels,Overhead crane Wheel,Shaft couplings,Power Transmission Couplings,Disc Couplings,Fluid couplings,Coupling manufacturer\uff0cCardan coupling,Crane Reducer,Crane Decelerators,Reducer gearbox,Reducer for crane,Gear Reducer For Crane,Hard tooth surface reducerCrane and hoist reducer,Flender reducer,Reducer manufacturer,ZQ reducer,QJ reducer,QJY reducer,Gear Motors,Konecranes reducer,F series three-in-one reducer,K series three-in-one reducer,travelling machinery,Travelling Motor With Gear,Gear Motor for Crane Traveling,Travelling machinery Frequency inverter motors,FEM standard Gear Motors,Crane motors,Inverter motors,Hoist motors,motorCrane duty motors,Special motor for crane,YZR YZP YZ series motors,Crane and hoist motor,Frequency conversion motor,Electro hydraulic drum brakes,Electro-hydraulic disc brakes,Brake,Overhead Crane Brakes,Disc brakes,Electromagnetic disk brake,Crane hydraulic disc brake,Brakes manufacturer,crane Safety brakes,Singlr rope grab,Four rope grab,Electro-hydraulic multi-flap grab,Orange peel grab,Electric motor grab,Electro-Hydraulicclamshell grab,grab manufacturers,Container spreader manufacturers,20ft Container Spreader,Semi Automatic container spreader,40ft Container Lifting Frame,TEC container Spreader,Billet lifting clamp,Billet Clamps,Billet crane clamps manufacturer,billet lifting clamps china supplier,Coil C-Type Hook,coil hook,Overhead Crane Steel Coil C-Type Hook,Crane C-hook,C-type spreader,C-type hook,Crane magnets,Rail fixing device,Crane Rail fixing device,crane Rail Clamp,CD\/MD Wire Rope Electric Hoist,Wire Rope Electric Hoist China Manufacturer,Single Girder Wire Rope Electric Hoist,Double Girder Wire Rope Electric Hoist,Chain Hoist,Electric chain hoist manufacturer,Electric chain hoist China distributor,European wire rope electric hoist\uff0cEuropean double beam wire rope electric hoist,European Style Single Beam Crane End Carriage,FEN\/DIN European Style Single Beam Crane End Carriage,Crane end beam manufacturers,European style hoist double beam crane end beam,Suspension crane end beam,European style suspended single beam crane end beam,FEN\/DIN Suspension crane end beam,crane cable trolley,Wireless remote control,remote controller,Crane control handle,Crane Controls,electrical control cabinet,crane control cabinet,Limit switch,Sound and light alarm,Aviation plug,quick connector,Crane aviation plug,Overload limiter\",\"publisher\":{\"@id\":\"https:\/\/www.hnhlcrane.com\/#organization\"},\"potentialAction\":[{\"@type\":\"SearchAction\",\"target\":{\"@type\":\"EntryPoint\",\"urlTemplate\":\"https:\/\/www.hnhlcrane.com\/?s={search_term_string}\"},\"query-input\":{\"@type\":\"PropertyValueSpecification\",\"valueRequired\":true,\"valueName\":\"search_term_string\"}}],\"inLanguage\":\"et\"},{\"@type\":\"Organization\",\"@id\":\"https:\/\/www.hnhlcrane.com\/#organization\",\"name\":\"Crane Parts Supplier-HL Crame\",\"url\":\"https:\/\/www.hnhlcrane.com\/\",\"logo\":{\"@type\":\"ImageObject\",\"inLanguage\":\"et\",\"@id\":\"https:\/\/www.hnhlcrane.com\/#\/schema\/logo\/image\/\",\"url\":\"https:\/\/www.hnhlcrane.com\/wp-content\/uploads\/2024\/09\/logo6-1-e1733899395598.png\",\"contentUrl\":\"https:\/\/www.hnhlcrane.com\/wp-content\/uploads\/2024\/09\/logo6-1-e1733899395598.png\",\"width\":1000,\"height\":282,\"caption\":\"Crane Parts Supplier-HL Crame\"},\"image\":{\"@id\":\"https:\/\/www.hnhlcrane.com\/#\/schema\/logo\/image\/\"}}]}<\/script>\n<!-- \/ Yoast SEO plugin. -->","yoast_head_json":{"title":"Kraana hammas\u00fclekande haakeseadised - V\u00f5imsus\u00fclekande haakeseadised - ja suure j\u00f5udlusega kraana haakeseadised","description":"Kauplus kvaliteetsed kraanade k\u00e4iguklemmid katuse- ja p\u00fcstkraanade jaoks. HLCRANE pakub vastupidavaid, t\u00e4pselt projekteeritud haakeseadmeid, mis tagavad kraanade t\u00f5rgeteta t\u00f6\u00f6 ja pikaajalise t\u00f6\u00f6.","robots":{"index":"index","follow":"follow","max-snippet":"max-snippet:-1","max-image-preview":"max-image-preview:large","max-video-preview":"max-video-preview:-1"},"canonical":"https:\/\/www.hnhlcrane.com\/et\/toode\/kraana-hammasrataste-haakeseadised\/","og_locale":"et_EE","og_type":"article","og_title":"Crane gear couplings -Power Transmission Couplings-& High-Performance Crane Couplings","og_description":"Shop high-quality crane gear couplings for overhead and gantry cranes. HLCRANE provides durable, precision-engineered couplings to ensure smooth crane operation and long-lasting performance.","og_url":"https:\/\/www.hnhlcrane.com\/et\/toode\/kraana-hammasrataste-haakeseadised\/","og_site_name":"Crane Parts Supplier-HL Crame","article_modified_time":"2025-09-20T14:12:18+00:00","og_image":[{"width":600,"height":600,"url":"https:\/\/www.hnhlcrane.com\/wp-content\/uploads\/2024\/11\/Crane-gear-couplings.jpg","type":"image\/jpeg"}],"twitter_card":"summary_large_image","twitter_misc":{"Est. reading time":"3 minutit"},"schema":{"@context":"https:\/\/schema.org","@graph":[{"@type":"WebPage","@id":"https:\/\/www.hnhlcrane.com\/product\/crane-gear-couplings\/","url":"https:\/\/www.hnhlcrane.com\/product\/crane-gear-couplings\/","name":"Kraana hammas\u00fclekande haakeseadised - V\u00f5imsus\u00fclekande haakeseadised - ja suure j\u00f5udlusega kraana haakeseadised","isPartOf":{"@id":"https:\/\/www.hnhlcrane.com\/#website"},"primaryImageOfPage":{"@id":"https:\/\/www.hnhlcrane.com\/product\/crane-gear-couplings\/#primaryimage"},"image":{"@id":"https:\/\/www.hnhlcrane.com\/product\/crane-gear-couplings\/#primaryimage"},"thumbnailUrl":"https:\/\/www.hnhlcrane.com\/wp-content\/uploads\/2024\/11\/Crane-gear-couplings.jpg","datePublished":"2024-11-08T07:16:00+00:00","dateModified":"2025-09-20T14:12:18+00:00","description":"Kauplus kvaliteetsed kraanade k\u00e4iguklemmid katuse- ja p\u00fcstkraanade jaoks. HLCRANE pakub vastupidavaid, t\u00e4pselt projekteeritud haakeseadmeid, mis tagavad kraanade t\u00f5rgeteta t\u00f6\u00f6 ja pikaajalise t\u00f6\u00f6.","breadcrumb":{"@id":"https:\/\/www.hnhlcrane.com\/product\/crane-gear-couplings\/#breadcrumb"},"inLanguage":"et","potentialAction":[{"@type":"ReadAction","target":["https:\/\/www.hnhlcrane.com\/product\/crane-gear-couplings\/"]}]},{"@type":"ImageObject","inLanguage":"et","@id":"https:\/\/www.hnhlcrane.com\/product\/crane-gear-couplings\/#primaryimage","url":"https:\/\/www.hnhlcrane.com\/wp-content\/uploads\/2024\/11\/Crane-gear-couplings.jpg","contentUrl":"https:\/\/www.hnhlcrane.com\/wp-content\/uploads\/2024\/11\/Crane-gear-couplings.jpg","width":600,"height":600},{"@type":"BreadcrumbList","@id":"https:\/\/www.hnhlcrane.com\/product\/crane-gear-couplings\/#breadcrumb","itemListElement":[{"@type":"ListItem","position":1,"name":"home","item":"https:\/\/www.hnhlcrane.com\/"},{"@type":"ListItem","position":2,"name":"products","item":"https:\/\/www.hnhlcrane.com\/products\/"},{"@type":"ListItem","position":3,"name":"Crane gear couplings"}]},{"@type":"WebSite","@id":"https:\/\/www.hnhlcrane.com\/#website","url":"https:\/\/www.hnhlcrane.com\/","name":"Kraana osade tarnija-HL Crame","description":"\u00dcks lahendus k\u00f5igile teie kraanaosade vajadustele, kraana konks, kraana trummel, kraana ratas, kraana haakeseadeldis, kraana k\u00e4igukast, kraana mootor, kraanapidur, spetsiaalne kraana levitaja, kraana haarats, konteinerite levitaja, kraanaklambrid, kraana C-t\u00fc\u00fcpi levitaja,T\u00f5stmise elektromagnet,Kraana r\u00f6\u00f6bastee klambrid,elektriline t\u00f5stuk,FEM standardne kraana l\u00f5ppvankrid,kerge kraana osad,t\u00f6\u00f6koha kraana osad,kraana elektrilised osad,I-tala kaablik\u00e4ru,kraana kaugjuhtimispult,kraana elektriline juhtimiskapp,Kraana l\u00f5ppl\u00fcliti,Kraana heli- ja valgush\u00e4ire,Raske lennundus\u00fchendus,Kraana \u00fclekoormuse piiraja,Hiina kraanaosade tarnija,Kraana konksud,Gantry kraana konks,Kraana tarvikud,Sepistatud konks,konksu t\u00f6\u00f6tlemine,konksu tootja,Hiina standard kraana konks,elektriline t\u00f5stuk konks,Kraana rihmaratas,konksu rihmaratas,valtsitud rihmaratas,kraana rihmaratas tarnija\uff0cEuroopa konksu rihmaratas,Gantry kraana konksu rihmaratas,WZL t\u00fc\u00fcpi kraana trummel,Euroopa stiilis rullikomplekt,kraana rullik,kraana osad,Trumli t\u00f6\u00f6tlemine,kraanatrumli tootja,Valatud terastrumli,Elektrit\u00f5stuki trummel,Kraanatrumli koost,DRS rattaplokid,Euroopa kraanaratas,Sepistatud rattad,Aktiivrataste komplekt,Ajamisrataste komplekt,Ajamisrataste grupp,Kraanarattade tootja,Demag kraanarattad,Konecranes kraanarattad,\u00d5hukorraldusn\u00f5uratas,V\u00f5lli\u00fchendused,j\u00f5u\u00fclekande\u00fchendused,ketas\u00fchendused,vedeliku\u00fchendused,Haakeseadiste tootja\uff0cCardan coupling,Kraana reduktor,Kraana aeglustid,Reduktori k\u00e4igukast,Reduktor kraanale,Hammasrataste reduktor kraanale,K\u00f5vahambaline pind reduktor,Kraana ja t\u00f5stukite reduktor,Flender reduktor,Reduktori tootja,ZQ reduktor,QJ reduktor,QJY reduktor,Hammasrataste mootorid,Konecranes reduktor.Konecranes reduktor,F-seeria kolme-\u00fches reduktor,K-seeria kolme-\u00fches reduktor,liikuvad masinad,liikuv mootor hammasratastega,hammasrataste mootor kraana liikumiseks,liikuvate masinate sagedusinverter mootorid,FEM standard hammasrataste mootorid,kraanamootorid,Invertermootorid,T\u00f5stukimootorid,mootorKraana t\u00f6\u00f6mootorid,Erimootor kraanale,YZR YZP YZ seeria mootorid,Kraana ja t\u00f5stukimootor,Sagedusmuundusmootor,Elektroh\u00fcdraulilised trummelpidurid,Elektroh\u00fcdraulilised ketaspidurid,Pidurid,Kraanapidurid,Ketaspidurid,Elektromagnetiline ketaspidur,Kraana h\u00fcdrauliline ketaspidur,Pidurite tootja,Kraana ohutuspidurid,Singlr trossikrabi,Neli trossikrabi,Elektroh\u00fcdrauliline mitmeklapp-krabi,Oran\u017e koorekrabi,Elektrimootor-krabi,Electro-Hydraulicclamshell grab,grab tootjad,Container spreader manufacturers,20ft Container Spreader,Semi Automatic container spreader,40ft Container Lifting Frame,TEC container Spreader,Billet lifting clamp,Billet Clamps,Billet crane clamps manufacturer,billet lifting clamps china supplier,Coil C-Type Hook,coil hook,Coil hook,Overhead Crane Steel Coil C-Type Hook,C-hraan C-hook,C-type spreader,C-type hook,C-type hook,Crane magnets,Rail fixing device,Crane Rail fixing device,crane Rail Clamp,CD\/MD Wire Rope Electric Hoist,Wire Rope Electric Hoist China Manufacturer,Single Girder Wire Rope Electric Hoist,Double Girder Wire Rope Electric Hoist,Chain Hoist,Electric chain hoist manufacturer,Electric chain hoist China distributor,European wire rope electric hoist\uff0cEuropean double beam wire rope electric hoist,European Style Single Beam Crane End Carriage,FEN\/DIN European Style Single Beam Crane End Carriage,Kraana l\u00f5pptala tootjad,Euroopa stiilis t\u00f5stuk kahetala kraana l\u00f5pptala,Rippkraana l\u00f5pptala,Euroopa stiilis riputatud \u00fchepalkkraana l\u00f5pptala,FEN\/DIN Rippkraana l\u00f5pptala,kraana trossik\u00e4ru,traadita kaugjuhtimispult,kaugjuhtimispult,kraana juhtk\u00e4epide,kraana juhtimispuldid,elektriline juhtimiskapp,kraana juhtimiskapp,l\u00f5ppl\u00fcliti,heli ja valgush\u00e4ire,lennunduspistik,kiir\u00fchendus,kraana lennunduspistik,\u00fclekoormuse piiraja.","publisher":{"@id":"https:\/\/www.hnhlcrane.com\/#organization"},"potentialAction":[{"@type":"SearchAction","target":{"@type":"EntryPoint","urlTemplate":"https:\/\/www.hnhlcrane.com\/?s={search_term_string}"},"query-input":{"@type":"PropertyValueSpecification","valueRequired":true,"valueName":"search_term_string"}}],"inLanguage":"et"},{"@type":"Organization","@id":"https:\/\/www.hnhlcrane.com\/#organization","name":"Kraana osade tarnija-HL Crame","url":"https:\/\/www.hnhlcrane.com\/","logo":{"@type":"ImageObject","inLanguage":"et","@id":"https:\/\/www.hnhlcrane.com\/#\/schema\/logo\/image\/","url":"https:\/\/www.hnhlcrane.com\/wp-content\/uploads\/2024\/09\/logo6-1-e1733899395598.png","contentUrl":"https:\/\/www.hnhlcrane.com\/wp-content\/uploads\/2024\/09\/logo6-1-e1733899395598.png","width":1000,"height":282,"caption":"Crane Parts Supplier-HL Crame"},"image":{"@id":"https:\/\/www.hnhlcrane.com\/#\/schema\/logo\/image\/"}}]}},"_links":{"self":[{"href":"https:\/\/www.hnhlcrane.com\/et\/wp-json\/wp\/v2\/product\/4896","targetHints":{"allow":["GET"]}}],"collection":[{"href":"https:\/\/www.hnhlcrane.com\/et\/wp-json\/wp\/v2\/product"}],"about":[{"href":"https:\/\/www.hnhlcrane.com\/et\/wp-json\/wp\/v2\/types\/product"}],"version-history":[{"count":1,"href":"https:\/\/www.hnhlcrane.com\/et\/wp-json\/wp\/v2\/product\/4896\/revisions"}],"predecessor-version":[{"id":6911,"href":"https:\/\/www.hnhlcrane.com\/et\/wp-json\/wp\/v2\/product\/4896\/revisions\/6911"}],"wp:featuredmedia":[{"embeddable":true,"href":"https:\/\/www.hnhlcrane.com\/et\/wp-json\/wp\/v2\/media\/4897"}],"wp:attachment":[{"href":"https:\/\/www.hnhlcrane.com\/et\/wp-json\/wp\/v2\/media?parent=4896"}],"wp:term":[{"taxonomy":"product_brand","embeddable":true,"href":"https:\/\/www.hnhlcrane.com\/et\/wp-json\/wp\/v2\/product_brand?post=4896"},{"taxonomy":"product_cat","embeddable":true,"href":"https:\/\/www.hnhlcrane.com\/et\/wp-json\/wp\/v2\/product_cat?post=4896"},{"taxonomy":"product_tag","embeddable":true,"href":"https:\/\/www.hnhlcrane.com\/et\/wp-json\/wp\/v2\/product_tag?post=4896"}],"curies":[{"name":"wp","href":"https:\/\/api.w.org\/{rel}","templated":true}]}}