{"id":5740,"date":"2024-12-05T22:42:34","date_gmt":"2024-12-05T14:42:34","guid":{"rendered":"https:\/\/www.hnhlcrane.com\/?post_type=product&#038;p=5740"},"modified":"2025-09-14T23:11:45","modified_gmt":"2025-09-14T15:11:45","slug":"mando-a-distancia-de-la-grua","status":"publish","type":"product","link":"https:\/\/www.hnhlcrane.com\/es\/product\/mando-a-distancia-de-la-grua\/","title":{"rendered":"Mando a distancia de la gr\u00faa"},"content":{"rendered":"<div class=\"flex max-w-full flex-col flex-grow\">\n<div class=\"min-h-8 text-message flex w-full flex-col items-end gap-2 whitespace-normal break-words [.text-message+&amp;]:mt-5\" dir=\"auto\" data-message-author-role=\"assistant\" data-message-id=\"d22886da-3fb2-45fa-876a-33dd54db9fd5\" data-message-model-slug=\"gpt-4o\">\n<div class=\"flex w-full flex-col gap-1 empty:hidden first:pt-[3px]\">\n<div class=\"markdown prose w-full break-words dark:prose-invert light\">\n<h6><strong><span style=\"font-family: arial, helvetica, sans-serif; font-size: 18pt;\">Introducci\u00f3n a los mandos a distancia de gr\u00faas<\/span><\/strong><\/h6>\n<p>En <strong>mando a distancia de la gr\u00faa<\/strong> es un dispositivo dise\u00f1ado para permitir el control remoto de gr\u00faas mediante se\u00f1ales inal\u00e1mbricas, mejorando as\u00ed la eficacia operativa, la seguridad y la comodidad. Para ofrecer una funcionalidad sin fisuras, el mando a distancia de gr\u00faas suele constar de dos componentes principales: el transmisor y el receptor. El transmisor, que suele ser un mando a distancia manual, permite a los operadores dar \u00f3rdenes mediante botones o joysticks. Mientras tanto, el receptor, instalado en la gr\u00faa, procesa estas \u00f3rdenes y acciona los mecanismos correspondientes para realizar diversas acciones de la gr\u00faa.<\/p>\n<p>Para comprender mejor sus capacidades, profundicemos en las caracter\u00edsticas clave, las funciones principales y las precauciones de uso esenciales del mando a distancia para gr\u00faa.<\/p>\n<h6><strong><span style=\"font-family: arial, helvetica, sans-serif; font-size: 18pt;\">Caracter\u00edsticas principales de los mandos a distancia para gr\u00faas<\/span><\/strong><\/h6>\n<ol>\n<li><strong>Funcionamiento inal\u00e1mbrico<\/strong>:<br \/>\nSin necesidad de contacto directo, el controlador permite a los operadores manejar las gr\u00faas desde una distancia segura, garantizando tanto la seguridad como la comodidad.<\/li>\n<li><strong>Facilidad de uso<\/strong>:<br \/>\nGracias a su dise\u00f1o ergon\u00f3mico, el mando ofrece un manejo intuitivo y sencillo.<\/li>\n<li><strong>Alta estabilidad<\/strong>:<br \/>\nRigurosamente probados para garantizar un rendimiento fiable en diversos entornos de trabajo.<\/li>\n<li><strong>Mayor seguridad<\/strong>:<br \/>\nEquipado con m\u00faltiples medidas de seguridad para evitar errores operativos.<\/li>\n<li><strong>Control multinivel<\/strong>:<br \/>\nAdmite velocidades y fuerzas de movimiento ajustables en funci\u00f3n de requisitos espec\u00edficos.<\/li>\n<li><strong>Control de precisi\u00f3n<\/strong>:<br \/>\nLa avanzada tecnolog\u00eda de sensores garantiza operaciones de gran precisi\u00f3n.<\/li>\n<li><strong>Portabilidad<\/strong>:<br \/>\nSu dise\u00f1o compacto y ligero facilita su transporte y manejo.<\/li>\n<\/ol>\n<h6><strong><span style=\"font-family: arial, helvetica, sans-serif; font-size: 18pt;\">Funciones principales de los mandos a distancia para gr\u00faas<\/span><\/strong><\/h6>\n<ol>\n<li><strong>Control de elevaci\u00f3n<\/strong>:<br \/>\nLos operadores pueden controlar las acciones de elevaci\u00f3n y descenso de la gr\u00faa pulsando los botones designados en el mando a distancia.<\/li>\n<li><strong>Control telesc\u00f3pico<\/strong>:<br \/>\nAjusta la longitud de la pluma de la gr\u00faa con facilidad mediante los botones de control.<\/li>\n<li><strong>Control de rotaci\u00f3n<\/strong>:<br \/>\nPermite la rotaci\u00f3n perfecta de la gr\u00faa mediante controles de rotaci\u00f3n espec\u00edficos.<\/li>\n<li><strong>Funciones auxiliares<\/strong>:<br \/>\nIncluye funciones como el control de luces y las alertas por claxon para mejorar la operaci\u00f3n en entornos nocturnos o complejos.<\/li>\n<\/ol>\n<h6><strong><span style=\"font-family: arial, helvetica, sans-serif; font-size: 18pt;\">Precauciones de uso de los mandos a distancia de la gr\u00faa<\/span><\/strong><\/h6>\n<p>Para garantizar la seguridad y la longevidad, los usuarios deben respetar las siguientes precauciones:<\/p>\n<ol>\n<li><strong>Preparaci\u00f3n antes de la operaci\u00f3n<\/strong>:<br \/>\nCompruebe que la bater\u00eda est\u00e1 suficientemente cargada y familiar\u00edcese con las funciones y la disposici\u00f3n de los botones del mando.<\/li>\n<li><strong>Funcionamiento seguro<\/strong>:<br \/>\nSiga los protocolos de seguridad, mant\u00e9ngase alerta y evite operar en zonas peligrosas.<\/li>\n<li><strong>Impermeabilizaci\u00f3n<\/strong>:<br \/>\nNo utilice el controlador en entornos h\u00famedos o mojados.<\/li>\n<li><strong>Resistencia a los golpes<\/strong>:<br \/>\nManipular con cuidado para evitar ca\u00eddas o golpes fuertes.<\/li>\n<li><strong>Interferencia de se\u00f1ales<\/strong>:<br \/>\nEvite utilizar el mando cerca de campos electromagn\u00e9ticos intensos.<\/li>\n<li><strong>Inspecci\u00f3n rutinaria<\/strong>:<br \/>\nInspeccione regularmente el controlador para asegurarse de que todas las funciones funcionan correctamente.<\/li>\n<\/ol>\n<h6><strong><span style=\"font-family: arial, helvetica, sans-serif; font-size: 18pt;\">Aplicaciones de los mandos a distancia para gr\u00faas<\/span><\/strong><\/h6>\n<p>Este vers\u00e1til dispositivo es adecuado para una amplia gama de escenarios de ingenier\u00eda, incluidas las modernas operaciones de construcci\u00f3n y log\u00edstica. Al mejorar significativamente la comodidad, la seguridad y la eficiencia, el mando a distancia para gr\u00faas se ha convertido en una herramienta indispensable en las industrias contempor\u00e1neas.<\/p>\n<\/div>\n<\/div>\n<\/div>\n<\/div>\n<p>&nbsp;<\/p>","protected":false},"excerpt":{"rendered":"<h6><strong><span style=\"font-family: arial, helvetica, sans-serif; font-size: 14pt;\">Especificaciones del mando a distancia de la gr\u00faa<\/span><\/strong><\/h6>\n<ul>\n<li><strong>Opciones de modelo<\/strong>: F24-6D, F24-8D, F24-10D, F24-12D, F24-60<\/li>\n<li><strong>Opciones de botones<\/strong>: 6, 8, 10, 12 botones, o mando joystick<\/li>\n<li><strong>Grado de protecci\u00f3n<\/strong>: IP65<\/li>\n<li><strong>Gama de frecuencias<\/strong>: VHF: 310-331 MHz; UHF: 425-446 MHz<\/li>\n<li><strong>Opciones de alimentaci\u00f3n del receptor<\/strong>: 24V, 36V, 220V, 380V (opcional)<\/li>\n<li><strong>Temperatura de funcionamiento<\/strong>: -40\u00b0C a +85\u00b0C<\/li>\n<li><strong>Distancia de control<\/strong>: Hasta 100 m en entornos abiertos<\/li>\n<\/ul>","protected":false},"featured_media":5741,"template":"","meta":{"_kad_post_transparent":"default","_kad_post_title":"","_kad_post_layout":"default","_kad_post_sidebar_id":"","_kad_post_content_style":"default","_kad_post_vertical_padding":"show","_kad_post_feature":"","_kad_post_feature_position":"","_kad_post_header":false,"_kad_post_footer":false},"product_brand":[],"product_cat":[65],"product_tag":[284,288,290,289],"class_list":{"0":"post-5740","1":"product","2":"type-product","3":"status-publish","4":"has-post-thumbnail","6":"product_cat-crane-electrical-parts","7":"product_tag-crane-electrical-parts","8":"product_tag-crane-remote-controller","9":"product_tag-remote-controller","10":"product_tag-wireless-remote-control","12":"first","13":"instock","14":"shipping-taxable","15":"product-type-simple","16":"entry","17":"content-bg","18":"loop-entry"},"yoast_head":"<!-- This site is optimized with the Yoast SEO plugin v25.6 - https:\/\/yoast.com\/wordpress\/plugins\/seo\/ -->\n<title>Crane remote controller -Wireless remote control,remote controller<\/title>\n<meta name=\"description\" content=\"Our Crane Remote Controllers deliver dependable performance for safe and efficient crane operations, widely used in factories, ports, and warehouses.\" \/>\n<meta name=\"robots\" content=\"index, follow, max-snippet:-1, max-image-preview:large, max-video-preview:-1\" \/>\n<link rel=\"canonical\" href=\"https:\/\/www.hnhlcrane.com\/es\/product\/mando-a-distancia-de-la-grua\/\" \/>\n<meta property=\"og:locale\" content=\"es_ES\" \/>\n<meta property=\"og:type\" content=\"article\" \/>\n<meta property=\"og:title\" content=\"Crane remote controller -Wireless remote control,remote controller\" \/>\n<meta property=\"og:description\" content=\"Our Crane Remote Controllers deliver dependable performance for safe and efficient crane operations, widely used in factories, ports, and warehouses.\" \/>\n<meta property=\"og:url\" content=\"https:\/\/www.hnhlcrane.com\/es\/product\/mando-a-distancia-de-la-grua\/\" \/>\n<meta property=\"og:site_name\" content=\"Crane Parts Supplier-HL Crame\" \/>\n<meta property=\"article:modified_time\" content=\"2025-09-14T15:11:45+00:00\" \/>\n<meta property=\"og:image\" content=\"https:\/\/www.hnhlcrane.com\/wp-content\/uploads\/2024\/12\/Crane-remote-controller-1.jpg\" \/>\n\t<meta property=\"og:image:width\" content=\"600\" \/>\n\t<meta property=\"og:image:height\" content=\"600\" \/>\n\t<meta property=\"og:image:type\" content=\"image\/jpeg\" \/>\n<meta name=\"twitter:card\" content=\"summary_large_image\" \/>\n<meta name=\"twitter:label1\" content=\"Tiempo de lectura\" \/>\n\t<meta name=\"twitter:data1\" content=\"3 minutos\" \/>\n<script type=\"application\/ld+json\" class=\"yoast-schema-graph\">{\"@context\":\"https:\/\/schema.org\",\"@graph\":[{\"@type\":\"WebPage\",\"@id\":\"https:\/\/www.hnhlcrane.com\/product\/crane-remote-controller\/\",\"url\":\"https:\/\/www.hnhlcrane.com\/product\/crane-remote-controller\/\",\"name\":\"Crane remote controller -Wireless remote control,remote controller\",\"isPartOf\":{\"@id\":\"https:\/\/www.hnhlcrane.com\/#website\"},\"primaryImageOfPage\":{\"@id\":\"https:\/\/www.hnhlcrane.com\/product\/crane-remote-controller\/#primaryimage\"},\"image\":{\"@id\":\"https:\/\/www.hnhlcrane.com\/product\/crane-remote-controller\/#primaryimage\"},\"thumbnailUrl\":\"https:\/\/www.hnhlcrane.com\/wp-content\/uploads\/2024\/12\/Crane-remote-controller-1.jpg\",\"datePublished\":\"2024-12-05T14:42:34+00:00\",\"dateModified\":\"2025-09-14T15:11:45+00:00\",\"description\":\"Our Crane Remote Controllers deliver dependable performance for safe and efficient crane operations, widely used in factories, ports, and warehouses.\",\"breadcrumb\":{\"@id\":\"https:\/\/www.hnhlcrane.com\/product\/crane-remote-controller\/#breadcrumb\"},\"inLanguage\":\"es\",\"potentialAction\":[{\"@type\":\"ReadAction\",\"target\":[\"https:\/\/www.hnhlcrane.com\/product\/crane-remote-controller\/\"]}]},{\"@type\":\"ImageObject\",\"inLanguage\":\"es\",\"@id\":\"https:\/\/www.hnhlcrane.com\/product\/crane-remote-controller\/#primaryimage\",\"url\":\"https:\/\/www.hnhlcrane.com\/wp-content\/uploads\/2024\/12\/Crane-remote-controller-1.jpg\",\"contentUrl\":\"https:\/\/www.hnhlcrane.com\/wp-content\/uploads\/2024\/12\/Crane-remote-controller-1.jpg\",\"width\":600,\"height\":600},{\"@type\":\"BreadcrumbList\",\"@id\":\"https:\/\/www.hnhlcrane.com\/product\/crane-remote-controller\/#breadcrumb\",\"itemListElement\":[{\"@type\":\"ListItem\",\"position\":1,\"name\":\"home\",\"item\":\"https:\/\/www.hnhlcrane.com\/\"},{\"@type\":\"ListItem\",\"position\":2,\"name\":\"products\",\"item\":\"https:\/\/www.hnhlcrane.com\/products\/\"},{\"@type\":\"ListItem\",\"position\":3,\"name\":\"Crane remote controller\"}]},{\"@type\":\"WebSite\",\"@id\":\"https:\/\/www.hnhlcrane.com\/#website\",\"url\":\"https:\/\/www.hnhlcrane.com\/\",\"name\":\"Crane Parts Supplier-HL Crame\",\"description\":\"One-stop solution for all your  crane parts needs,Crane Hook,Crane Drum,Crane Wheel,Crane Coupling,Crane Gearbox,Crane Motor,Crane Brake,Special Crane Spreader,Crane grab,Container spreader,Billet crane clamps,Crane C-type spreader,Lifting Electromagnet,Crane Rail Clips,Electric Hoist,FEM Standard Crane End Carriages,Light Crane Parts,Workstation Crane Parts,Crane Electrical Parts,I-beam cable trolley,Crane remote controller,Crane electrical control cabinet,Crane limit switch,Crane sound and light alarm,Heavy Duty Aviation Connector,Crane overload limiter,China Crane Parts Supplier,Crane hooks,Gantry crane hook,Crane accessories,Forged hook,hook processing,Hook manufacturer,China standard crane hook,electric hoist hook,Crane pulley,Hook pulley,Rolled pulley,Crane Pulley Supplier\uff0cEuropean hook pulley,Gantry crane hook pulley,WZL type crane drum,European style reel set,Crane reel,crane parts,Drum processing,crane drum manufacturer,Cast steel drum,Electric hoist drum,Crane drum assembly,DRS Wheel Blocks,European crane wheel,Forged wheels,Active wheel set,Driving wheel set,Driven wheel group,crane wheels manufacturer,Demag crane wheels,Konecranes Crane Wheels,Overhead crane Wheel,Shaft couplings,Power Transmission Couplings,Disc Couplings,Fluid couplings,Coupling manufacturer\uff0cCardan coupling,Crane Reducer,Crane Decelerators,Reducer gearbox,Reducer for crane,Gear Reducer For Crane,Hard tooth surface reducerCrane and hoist reducer,Flender reducer,Reducer manufacturer,ZQ reducer,QJ reducer,QJY reducer,Gear Motors,Konecranes reducer,F series three-in-one reducer,K series three-in-one reducer,travelling machinery,Travelling Motor With Gear,Gear Motor for Crane Traveling,Travelling machinery Frequency inverter motors,FEM standard Gear Motors,Crane motors,Inverter motors,Hoist motors,motorCrane duty motors,Special motor for crane,YZR YZP YZ series motors,Crane and hoist motor,Frequency conversion motor,Electro hydraulic drum brakes,Electro-hydraulic disc brakes,Brake,Overhead Crane Brakes,Disc brakes,Electromagnetic disk brake,Crane hydraulic disc brake,Brakes manufacturer,crane Safety brakes,Singlr rope grab,Four rope grab,Electro-hydraulic multi-flap grab,Orange peel grab,Electric motor grab,Electro-Hydraulicclamshell grab,grab manufacturers,Container spreader manufacturers,20ft Container Spreader,Semi Automatic container spreader,40ft Container Lifting Frame,TEC container Spreader,Billet lifting clamp,Billet Clamps,Billet crane clamps manufacturer,billet lifting clamps china supplier,Coil C-Type Hook,coil hook,Overhead Crane Steel Coil C-Type Hook,Crane C-hook,C-type spreader,C-type hook,Crane magnets,Rail fixing device,Crane Rail fixing device,crane Rail Clamp,CD\/MD Wire Rope Electric Hoist,Wire Rope Electric Hoist China Manufacturer,Single Girder Wire Rope Electric Hoist,Double Girder Wire Rope Electric Hoist,Chain Hoist,Electric chain hoist manufacturer,Electric chain hoist China distributor,European wire rope electric hoist\uff0cEuropean double beam wire rope electric hoist,European Style Single Beam Crane End Carriage,FEN\/DIN European Style Single Beam Crane End Carriage,Crane end beam manufacturers,European style hoist double beam crane end beam,Suspension crane end beam,European style suspended single beam crane end beam,FEN\/DIN Suspension crane end beam,crane cable trolley,Wireless remote control,remote controller,Crane control handle,Crane Controls,electrical control cabinet,crane control cabinet,Limit switch,Sound and light alarm,Aviation plug,quick connector,Crane aviation plug,Overload limiter\",\"publisher\":{\"@id\":\"https:\/\/www.hnhlcrane.com\/#organization\"},\"potentialAction\":[{\"@type\":\"SearchAction\",\"target\":{\"@type\":\"EntryPoint\",\"urlTemplate\":\"https:\/\/www.hnhlcrane.com\/?s={search_term_string}\"},\"query-input\":{\"@type\":\"PropertyValueSpecification\",\"valueRequired\":true,\"valueName\":\"search_term_string\"}}],\"inLanguage\":\"es\"},{\"@type\":\"Organization\",\"@id\":\"https:\/\/www.hnhlcrane.com\/#organization\",\"name\":\"Crane Parts Supplier-HL Crame\",\"url\":\"https:\/\/www.hnhlcrane.com\/\",\"logo\":{\"@type\":\"ImageObject\",\"inLanguage\":\"es\",\"@id\":\"https:\/\/www.hnhlcrane.com\/#\/schema\/logo\/image\/\",\"url\":\"https:\/\/www.hnhlcrane.com\/wp-content\/uploads\/2024\/09\/logo6-1-e1733899395598.png\",\"contentUrl\":\"https:\/\/www.hnhlcrane.com\/wp-content\/uploads\/2024\/09\/logo6-1-e1733899395598.png\",\"width\":1000,\"height\":282,\"caption\":\"Crane Parts Supplier-HL Crame\"},\"image\":{\"@id\":\"https:\/\/www.hnhlcrane.com\/#\/schema\/logo\/image\/\"}}]}<\/script>\n<!-- \/ Yoast SEO plugin. -->","yoast_head_json":{"title":"Mando a distancia de gr\u00faa -Mando a distancia inal\u00e1mbrico,mando a distancia","description":"Nuestros mandos a distancia para gr\u00faas ofrecen un rendimiento fiable para un funcionamiento seguro y eficaz de las gr\u00faas, ampliamente utilizadas en f\u00e1bricas, puertos y almacenes.","robots":{"index":"index","follow":"follow","max-snippet":"max-snippet:-1","max-image-preview":"max-image-preview:large","max-video-preview":"max-video-preview:-1"},"canonical":"https:\/\/www.hnhlcrane.com\/es\/product\/mando-a-distancia-de-la-grua\/","og_locale":"es_ES","og_type":"article","og_title":"Crane remote controller -Wireless remote control,remote controller","og_description":"Our Crane Remote Controllers deliver dependable performance for safe and efficient crane operations, widely used in factories, ports, and warehouses.","og_url":"https:\/\/www.hnhlcrane.com\/es\/product\/mando-a-distancia-de-la-grua\/","og_site_name":"Crane Parts Supplier-HL Crame","article_modified_time":"2025-09-14T15:11:45+00:00","og_image":[{"width":600,"height":600,"url":"https:\/\/www.hnhlcrane.com\/wp-content\/uploads\/2024\/12\/Crane-remote-controller-1.jpg","type":"image\/jpeg"}],"twitter_card":"summary_large_image","twitter_misc":{"Tiempo de lectura":"3 minutos"},"schema":{"@context":"https:\/\/schema.org","@graph":[{"@type":"WebPage","@id":"https:\/\/www.hnhlcrane.com\/product\/crane-remote-controller\/","url":"https:\/\/www.hnhlcrane.com\/product\/crane-remote-controller\/","name":"Mando a distancia de gr\u00faa -Mando a distancia inal\u00e1mbrico,mando a distancia","isPartOf":{"@id":"https:\/\/www.hnhlcrane.com\/#website"},"primaryImageOfPage":{"@id":"https:\/\/www.hnhlcrane.com\/product\/crane-remote-controller\/#primaryimage"},"image":{"@id":"https:\/\/www.hnhlcrane.com\/product\/crane-remote-controller\/#primaryimage"},"thumbnailUrl":"https:\/\/www.hnhlcrane.com\/wp-content\/uploads\/2024\/12\/Crane-remote-controller-1.jpg","datePublished":"2024-12-05T14:42:34+00:00","dateModified":"2025-09-14T15:11:45+00:00","description":"Nuestros mandos a distancia para gr\u00faas ofrecen un rendimiento fiable para un funcionamiento seguro y eficaz de las gr\u00faas, ampliamente utilizadas en f\u00e1bricas, puertos y almacenes.","breadcrumb":{"@id":"https:\/\/www.hnhlcrane.com\/product\/crane-remote-controller\/#breadcrumb"},"inLanguage":"es","potentialAction":[{"@type":"ReadAction","target":["https:\/\/www.hnhlcrane.com\/product\/crane-remote-controller\/"]}]},{"@type":"ImageObject","inLanguage":"es","@id":"https:\/\/www.hnhlcrane.com\/product\/crane-remote-controller\/#primaryimage","url":"https:\/\/www.hnhlcrane.com\/wp-content\/uploads\/2024\/12\/Crane-remote-controller-1.jpg","contentUrl":"https:\/\/www.hnhlcrane.com\/wp-content\/uploads\/2024\/12\/Crane-remote-controller-1.jpg","width":600,"height":600},{"@type":"BreadcrumbList","@id":"https:\/\/www.hnhlcrane.com\/product\/crane-remote-controller\/#breadcrumb","itemListElement":[{"@type":"ListItem","position":1,"name":"home","item":"https:\/\/www.hnhlcrane.com\/"},{"@type":"ListItem","position":2,"name":"products","item":"https:\/\/www.hnhlcrane.com\/products\/"},{"@type":"ListItem","position":3,"name":"Crane remote controller"}]},{"@type":"WebSite","@id":"https:\/\/www.hnhlcrane.com\/#website","url":"https:\/\/www.hnhlcrane.com\/","name":"Proveedor de piezas de gr\u00faa-HL Crame","description":"Una soluci\u00f3n para todas sus necesidades de piezas de la gr\u00faa,Gancho de gr\u00faa,Tambor de gr\u00faa,Rueda de gr\u00faa,Acoplamiento de gr\u00faa,Caja de engranajes de gr\u00faa,Motor de gr\u00faa,Freno de gr\u00faa,Esparcidor de gr\u00faa especial,Cuchara de gr\u00faa,Esparcidor de contenedores,Abrazaderas de gr\u00faa de palanquilla,Esparcidor de gr\u00faa tipo C,Electroim\u00e1n de elevaci\u00f3n,Ganchos de carril de gr\u00faa,Polipasto el\u00e9ctrico,Carros de extremo de gr\u00faa est\u00e1ndar FEM,Piezas de gr\u00faa ligera,Piezas de gr\u00faa para estaci\u00f3n de trabajo,Piezas el\u00e9ctricas de gr\u00faa,Carro de cable de viga en I,Control remoto de gr\u00faa,Armario de control el\u00e9ctrico de gr\u00faa,Interruptor de l\u00edmite de gr\u00faa,Alarma ac\u00fastica y luminosa de gr\u00faa,Conector de aviaci\u00f3n de alta resistencia,Limitador de sobrecarga de gr\u00faa,Proveedor de piezas de gr\u00faa de China,Ganchos de gr\u00faa,Gancho de gr\u00faa de p\u00f3rtico,Accesorios de gr\u00faa,Gancho forjado,Procesamiento de ganchos,Fabricante de ganchos,Gancho de gr\u00faa est\u00e1ndar de China,Gancho de polipasto el\u00e9ctrico,Polea de gr\u00faa,Polea de gancho,Polea enrollada,Proveedor de polea de gr\u00faa\uff0cPolea de gancho europea,Polea de gancho de gr\u00faa de p\u00f3rtico,Tambor de gr\u00faa tipo WZL,Juego de carretes estilo europeo,Carrete de gr\u00faa,Piezas de gr\u00faa,Procesamiento de tambor,Fabricante de tambor de gr\u00faa,Tambor de acero fundido,Tambor de polipasto el\u00e9ctrico,Conjunto de tambor de gr\u00faa,Bloques de rueda DRS,Rueda de gr\u00faa europea,Ruedas forjadas,Conjunto de rueda activa,Conjunto de rueda motriz,Grupo de rueda motriz,Fabricante de ruedas de gr\u00faa,Ruedas de gr\u00faa Demag,Ruedas de gr\u00faa Konecranes,Rueda de gr\u00faa puente,Acoplamientos de eje,Acoplamientos de transmisi\u00f3n de potencia,Acoplamientos de disco,Acoplamientos de fluido,Fabricante de acoplamientos\uff0cAcoplamiento Cardan,Reductor de gr\u00faa,Reductores para gr\u00faa,Reductor para gr\u00faa,Reductor para gr\u00faa,Reductor de superficie de dientes duros,Reductor para gr\u00faa y polipasto,Reductor Flender,Fabricante de reductores,Reductor ZQ,Reductor QJ,Reductor QJY,Motorreductores,Reductor Konecranes,Reductor tres en uno serie F,Reductor tres en uno serie K,Maquinaria de traslaci\u00f3n,Motorreductor con engranaje,Motorreductor para traslaci\u00f3n de gr\u00faas,Maquinaria de traslaci\u00f3n Motores con variador de frecuencia,Motores con engranaje est\u00e1ndar FEM,Motores para gr\u00faas,Motores con convertidor de frecuencia,Motores para gr\u00faas,Motores especiales para gr\u00faas,Motores serie YZR YZP YZ,Motores para gr\u00faas y polipastos,Motores con convertidor de frecuencia,Frenos de tambor electrohidr\u00e1ulicos,Frenos de disco electrohidr\u00e1ulicos,Frenos para gr\u00faas puente,Frenos de disco,Frenos de disco electromagn\u00e9ticos,Frenos de disco hidr\u00e1ulicos para gr\u00faas,Fabricante de frenos,Frenos de seguridad para gr\u00faas,Cuchara montacable,Cuchara cu\u00e1druple,Cuchara multipaleta electrohidr\u00e1ulica,Cuchara de piel de naranja,Cuchara con motor el\u00e9ctrico,Cuchara electrohidr\u00e1ulica,Cuchara de almeja,Cuchara para contenedores,Cuchara para contenedores de 20 pies,Cuchara semiautom\u00e1tica para contenedores,Cuchara para contenedores de 40 pies,Cuchara para contenedores TEC,Pinza elevadora de palanquilla,Pinza elevadora de palanquilla,Pinza elevadora de palanquilla fabricante,Pinza elevadora de palanquilla proveedor chino,Gancho tipo C de bobina,Gancho de bobina,Gancho tipo C de acero para gr\u00faa puente,Gancho tipo C para gr\u00faa,C-type spreader,C-type hook,Crane magnets,Rail fixing device,Gr\u00faa Dispositivo de fijaci\u00f3n de carril,Gr\u00faa Abrazadera de carril,Polipasto el\u00e9ctrico de cable CD\/MD,Polipasto el\u00e9ctrico de cable China,Polipasto el\u00e9ctrico de cable monorra\u00edl,Polipasto el\u00e9ctrico de cable birra\u00edl,Polipasto de cadena,Polipasto el\u00e9ctrico de cadena fabricante,Polipasto el\u00e9ctrico de cadena distribuidor China,Polipasto el\u00e9ctrico de cable europeo,Polipasto el\u00e9ctrico de cable europeo de doble viga,Testero de gr\u00faa monohaz estilo europeo,Testero de gr\u00faa monohaz estilo europeo FEN\/DIN,Gr\u00faa fabricantes de viga final,estilo europeo polipasto de doble viga de la gr\u00faa viga final,Gr\u00faa suspendida viga final,FEN \/ DIN gr\u00faa suspendida viga final,gr\u00faa carro de cable,mando a distancia inal\u00e1mbrico,mando a distancia,Mango de control de gr\u00faa,Controles de gr\u00faa,gabinete de control el\u00e9ctrico,gabinete de control de gr\u00faa,Interruptor de l\u00edmite,Sonido y luz de alarma,Aviaci\u00f3n enchufe,conector r\u00e1pido,Gr\u00faa de aviaci\u00f3n enchufe,Limitador de sobrecarga","publisher":{"@id":"https:\/\/www.hnhlcrane.com\/#organization"},"potentialAction":[{"@type":"SearchAction","target":{"@type":"EntryPoint","urlTemplate":"https:\/\/www.hnhlcrane.com\/?s={search_term_string}"},"query-input":{"@type":"PropertyValueSpecification","valueRequired":true,"valueName":"search_term_string"}}],"inLanguage":"es"},{"@type":"Organization","@id":"https:\/\/www.hnhlcrane.com\/#organization","name":"Proveedor de piezas de gr\u00faa-HL Crame","url":"https:\/\/www.hnhlcrane.com\/","logo":{"@type":"ImageObject","inLanguage":"es","@id":"https:\/\/www.hnhlcrane.com\/#\/schema\/logo\/image\/","url":"https:\/\/www.hnhlcrane.com\/wp-content\/uploads\/2024\/09\/logo6-1-e1733899395598.png","contentUrl":"https:\/\/www.hnhlcrane.com\/wp-content\/uploads\/2024\/09\/logo6-1-e1733899395598.png","width":1000,"height":282,"caption":"Crane Parts Supplier-HL Crame"},"image":{"@id":"https:\/\/www.hnhlcrane.com\/#\/schema\/logo\/image\/"}}]}},"_links":{"self":[{"href":"https:\/\/www.hnhlcrane.com\/es\/wp-json\/wp\/v2\/product\/5740","targetHints":{"allow":["GET"]}}],"collection":[{"href":"https:\/\/www.hnhlcrane.com\/es\/wp-json\/wp\/v2\/product"}],"about":[{"href":"https:\/\/www.hnhlcrane.com\/es\/wp-json\/wp\/v2\/types\/product"}],"version-history":[{"count":1,"href":"https:\/\/www.hnhlcrane.com\/es\/wp-json\/wp\/v2\/product\/5740\/revisions"}],"predecessor-version":[{"id":6979,"href":"https:\/\/www.hnhlcrane.com\/es\/wp-json\/wp\/v2\/product\/5740\/revisions\/6979"}],"wp:featuredmedia":[{"embeddable":true,"href":"https:\/\/www.hnhlcrane.com\/es\/wp-json\/wp\/v2\/media\/5741"}],"wp:attachment":[{"href":"https:\/\/www.hnhlcrane.com\/es\/wp-json\/wp\/v2\/media?parent=5740"}],"wp:term":[{"taxonomy":"product_brand","embeddable":true,"href":"https:\/\/www.hnhlcrane.com\/es\/wp-json\/wp\/v2\/product_brand?post=5740"},{"taxonomy":"product_cat","embeddable":true,"href":"https:\/\/www.hnhlcrane.com\/es\/wp-json\/wp\/v2\/product_cat?post=5740"},{"taxonomy":"product_tag","embeddable":true,"href":"https:\/\/www.hnhlcrane.com\/es\/wp-json\/wp\/v2\/product_tag?post=5740"}],"curies":[{"name":"wp","href":"https:\/\/api.w.org\/{rel}","templated":true}]}}