{"id":5534,"date":"2024-11-29T22:13:04","date_gmt":"2024-11-29T14:13:04","guid":{"rendered":"https:\/\/www.hnhlcrane.com\/?post_type=product&#038;p=5534"},"modified":"2024-11-29T22:17:33","modified_gmt":"2024-11-29T14:17:33","slug":"clips-de-carril-cgbk","status":"publish","type":"product","link":"https:\/\/www.hnhlcrane.com\/es\/product\/clips-de-carril-cgbk\/","title":{"rendered":"Clips de carril CGBK"},"content":{"rendered":"<h6><span style=\"font-family: arial, helvetica, sans-serif; font-size: 18pt;\"><strong>Caracter\u00edsticas de los clips de carril CGBK<\/strong><\/span><\/h6>\n<ol>\n<li><strong>Facilidad de instalaci\u00f3n y mantenimiento<\/strong><br \/>\nLos clips para ra\u00edles CGBK est\u00e1n dise\u00f1ados para facilitar la instalaci\u00f3n, el ajuste y la sustituci\u00f3n de los ra\u00edles, garantizando la eficacia de las operaciones.<\/li>\n<li><strong>Reducci\u00f3n del ruido y amortiguaci\u00f3n de las vibraciones<\/strong><br \/>\nGracias a la leng\u00fceta de goma y a la almohadilla de caucho compuesto, las pinzas proporcionan amortiguaci\u00f3n y reducen eficazmente el ruido.<\/li>\n<li><strong>Especificaciones del par de apriete de los tornillos<\/strong><br \/>\nLos tornillos M22 utilizados en el sistema se aprietan con un par de 170 N-m.<\/li>\n<li><strong>Fuerza lateral m\u00e1xima<\/strong><br \/>\nLos clips pueden soportar una fuerza lateral m\u00e1xima de 80 kN, lo que garantiza la estabilidad bajo cargas pesadas.<\/li>\n<\/ol>\n<hr \/>\n<h6><span style=\"font-family: arial, helvetica, sans-serif; font-size: 18pt;\"><strong>Consideraciones clave para la selecci\u00f3n de clips de carril CGBK<\/strong><\/span><\/h6>\n<ol>\n<li><strong>Compatibilidad con ruedas y ra\u00edles de gr\u00faa<\/strong>\n<ul>\n<li>Las ruedas horizontales de la gr\u00faa deben ajustarse a las especificaciones del tipo de ra\u00edl elegido.<\/li>\n<\/ul>\n<\/li>\n<li><strong>Distancia entre las ruedas de la gr\u00faa y los clips de los ra\u00edles<\/strong>\n<ul>\n<li>Aseg\u00farese de que existe una distancia inferior a 10 mm entre las ruedas horizontales de la gr\u00faa y los clips de los ra\u00edles.<\/li>\n<li>Si no se cumple esta condici\u00f3n, se puede utilizar la instalaci\u00f3n de pernos invertidos para minimizar el espacio ocupado por los clips de carril.<\/li>\n<\/ul>\n<\/li>\n<li><strong>Refuerzo para gr\u00faas de gran tonelaje<\/strong>\n<ul>\n<li>En el caso de gr\u00faas que trabajen en condiciones extrapesadas, sustituya la almohadilla de caucho compuesto situada bajo el ra\u00edl por una placa de acero de 6 mm de espesor (material: Q235).<\/li>\n<\/ul>\n<\/li>\n<li><strong>Selecci\u00f3n del modelo en funci\u00f3n del tipo de ra\u00edl<\/strong>\n<ul>\n<li>Elija el modelo de clip CGBK adecuado seg\u00fan el tipo de ra\u00edl. Por ejemplo, para el tipo de ra\u00edl QU100, utilice el modelo CGBK100.<\/li>\n<\/ul>\n<\/li>\n<\/ol>\n<hr \/>\n<h6><span style=\"font-family: arial, helvetica, sans-serif; font-size: 18pt;\"><strong>Pasos de instalaci\u00f3n de los clips de carril CGBK<\/strong><\/span><\/h6>\n<ol>\n<li><strong>Preparaci\u00f3n de vigas de gr\u00faa<\/strong>\n<ul>\n<li>Taladrar agujeros en las vigas de la gr\u00faa de acuerdo con lo especificado. <span class=\"katex\"><span class=\"katex-mathml\">AA<\/span><span class=\"katex-html\" aria-hidden=\"true\"><span class=\"base\"><span class=\"mord mathnormal\">A<\/span><\/span><\/span><\/span> y mantener una separaci\u00f3n de 500 mm entre los grupos de clips.<\/li>\n<\/ul>\n<\/li>\n<li><strong>Colocaci\u00f3n de la almohadilla de goma<\/strong>\n<ul>\n<li>Coloque la almohadilla de caucho compuesto de forma continua a lo largo del ra\u00edl.<\/li>\n<\/ul>\n<\/li>\n<li><strong>Colocaci\u00f3n de los clips<\/strong>\n<ul>\n<li>Coloque la parte delantera del clip de carril CGBK contra el carril e inserte los pernos.<\/li>\n<\/ul>\n<\/li>\n<li><strong>Apriete de los tornillos<\/strong>\n<ul>\n<li>Apriete bien los pernos, asegur\u00e1ndose de que la leng\u00fceta de goma presiona firmemente contra el ra\u00edl.<\/li>\n<\/ul>\n<\/li>\n<\/ol>\n<p><img fetchpriority=\"high\" decoding=\"async\" class=\"alignnone wp-image-5536\" src=\"https:\/\/www.hnhlcrane.com\/wp-content\/uploads\/2024\/11\/CGBK-Rail-Clips-2-300x104.jpg\" alt=\"\" width=\"802\" height=\"278\" srcset=\"https:\/\/www.hnhlcrane.com\/wp-content\/uploads\/2024\/11\/CGBK-Rail-Clips-2-300x104.jpg 300w, https:\/\/www.hnhlcrane.com\/wp-content\/uploads\/2024\/11\/CGBK-Rail-Clips-2-768x266.jpg 768w, https:\/\/www.hnhlcrane.com\/wp-content\/uploads\/2024\/11\/CGBK-Rail-Clips-2-600x208.jpg 600w, https:\/\/www.hnhlcrane.com\/wp-content\/uploads\/2024\/11\/CGBK-Rail-Clips-2.jpg 1000w\" sizes=\"(max-width: 802px) 100vw, 802px\" \/><\/p>","protected":false},"excerpt":{"rendered":"<h6><span style=\"font-family: arial, helvetica, sans-serif; font-size: 14pt;\"><strong>Especificaciones de los clips de carril CGBK<\/strong><\/span><\/h6>\n<ul>\n<li><strong>Modelos:<\/strong> CGBK38, CGBK43, CGBK50, CGBK60, CGBK70, CGBK80, CGBK100, CGBK120<\/li>\n<li><strong>M\u00e9todo de fijaci\u00f3n:<\/strong> Fijaci\u00f3n con pernos<\/li>\n<\/ul>","protected":false},"featured_media":5535,"template":"","meta":{"_kad_post_transparent":"default","_kad_post_title":"","_kad_post_layout":"default","_kad_post_sidebar_id":"","_kad_post_content_style":"default","_kad_post_vertical_padding":"show","_kad_post_feature":"","_kad_post_feature_position":"","_kad_post_header":false,"_kad_post_footer":false},"product_brand":[],"product_cat":[83],"product_tag":[224,223,222,221,218,214,217,225,228,216,226,219,227,215,220],"class_list":{"0":"post-5534","1":"product","2":"type-product","3":"status-publish","4":"has-post-thumbnail","6":"product_cat-crane-rail-clips","7":"product_tag-05g525-rail-clips","8":"product_tag-cgbk-rail-clips","9":"product_tag-cgek-rail-clips","10":"product_tag-cgwk-rail-clips","11":"product_tag-crane-rail-clamp","12":"product_tag-crane-rail-clips","13":"product_tag-crane-rail-fixing-device","14":"product_tag-hdgy-rail-clips","15":"product_tag-rail-connection-splint","16":"product_tag-rail-fixing-device","17":"product_tag-rail-joints","18":"product_tag-swjk-rail-clips","19":"product_tag-tracks-jointing-plates","20":"product_tag-wjk-rail-clips","21":"product_tag-wjkc-rail-clips","23":"first","24":"instock","25":"shipping-taxable","26":"product-type-simple","27":"entry","28":"content-bg","29":"loop-entry"},"yoast_head":"<!-- This site is optimized with the Yoast SEO plugin v25.6 - https:\/\/yoast.com\/wordpress\/plugins\/seo\/ -->\n<title>CGBK Rail Clips -Crane Rail Clips-Rail Clips-Crane Rail Clamp<\/title>\n<meta name=\"description\" content=\"Rail Clips,CGBK Rail Clips,Crane Rail Clips,Rail fixing device,Crane Rail fixing device,crane Rail Clamp,WJK Rail Clips,Overhead Crane Rail Clips\" \/>\n<meta name=\"robots\" content=\"index, follow, max-snippet:-1, max-image-preview:large, max-video-preview:-1\" \/>\n<link rel=\"canonical\" href=\"https:\/\/www.hnhlcrane.com\/es\/product\/clips-de-carril-cgbk\/\" \/>\n<meta property=\"og:locale\" content=\"es_ES\" \/>\n<meta property=\"og:type\" content=\"article\" \/>\n<meta property=\"og:title\" content=\"CGBK Rail Clips -Crane Rail Clips-Rail Clips-Crane Rail Clamp\" \/>\n<meta property=\"og:description\" content=\"Rail Clips,CGBK Rail Clips,Crane Rail Clips,Rail fixing device,Crane Rail fixing device,crane Rail Clamp,WJK Rail Clips,Overhead Crane Rail Clips\" \/>\n<meta property=\"og:url\" content=\"https:\/\/www.hnhlcrane.com\/es\/product\/clips-de-carril-cgbk\/\" \/>\n<meta property=\"og:site_name\" content=\"Crane Parts Supplier-HL Crame\" \/>\n<meta property=\"article:modified_time\" content=\"2024-11-29T14:17:33+00:00\" \/>\n<meta property=\"og:image\" content=\"https:\/\/www.hnhlcrane.com\/wp-content\/uploads\/2024\/11\/CGBK-Rail-Clips-1.jpg\" \/>\n\t<meta property=\"og:image:width\" content=\"600\" \/>\n\t<meta property=\"og:image:height\" content=\"600\" \/>\n\t<meta property=\"og:image:type\" content=\"image\/jpeg\" \/>\n<meta name=\"twitter:card\" content=\"summary_large_image\" \/>\n<meta name=\"twitter:label1\" content=\"Tiempo de lectura\" \/>\n\t<meta name=\"twitter:data1\" content=\"2 minutos\" \/>\n<script type=\"application\/ld+json\" class=\"yoast-schema-graph\">{\"@context\":\"https:\/\/schema.org\",\"@graph\":[{\"@type\":\"WebPage\",\"@id\":\"https:\/\/www.hnhlcrane.com\/product\/cgbk-rail-clips\/\",\"url\":\"https:\/\/www.hnhlcrane.com\/product\/cgbk-rail-clips\/\",\"name\":\"CGBK Rail Clips -Crane Rail Clips-Rail Clips-Crane Rail Clamp\",\"isPartOf\":{\"@id\":\"https:\/\/www.hnhlcrane.com\/#website\"},\"primaryImageOfPage\":{\"@id\":\"https:\/\/www.hnhlcrane.com\/product\/cgbk-rail-clips\/#primaryimage\"},\"image\":{\"@id\":\"https:\/\/www.hnhlcrane.com\/product\/cgbk-rail-clips\/#primaryimage\"},\"thumbnailUrl\":\"https:\/\/www.hnhlcrane.com\/wp-content\/uploads\/2024\/11\/CGBK-Rail-Clips-1.jpg\",\"datePublished\":\"2024-11-29T14:13:04+00:00\",\"dateModified\":\"2024-11-29T14:17:33+00:00\",\"description\":\"Rail Clips,CGBK Rail Clips,Crane Rail Clips,Rail fixing device,Crane Rail fixing device,crane Rail Clamp,WJK Rail Clips,Overhead Crane Rail Clips\",\"breadcrumb\":{\"@id\":\"https:\/\/www.hnhlcrane.com\/product\/cgbk-rail-clips\/#breadcrumb\"},\"inLanguage\":\"es\",\"potentialAction\":[{\"@type\":\"ReadAction\",\"target\":[\"https:\/\/www.hnhlcrane.com\/product\/cgbk-rail-clips\/\"]}]},{\"@type\":\"ImageObject\",\"inLanguage\":\"es\",\"@id\":\"https:\/\/www.hnhlcrane.com\/product\/cgbk-rail-clips\/#primaryimage\",\"url\":\"https:\/\/www.hnhlcrane.com\/wp-content\/uploads\/2024\/11\/CGBK-Rail-Clips-1.jpg\",\"contentUrl\":\"https:\/\/www.hnhlcrane.com\/wp-content\/uploads\/2024\/11\/CGBK-Rail-Clips-1.jpg\",\"width\":600,\"height\":600},{\"@type\":\"BreadcrumbList\",\"@id\":\"https:\/\/www.hnhlcrane.com\/product\/cgbk-rail-clips\/#breadcrumb\",\"itemListElement\":[{\"@type\":\"ListItem\",\"position\":1,\"name\":\"home\",\"item\":\"https:\/\/www.hnhlcrane.com\/\"},{\"@type\":\"ListItem\",\"position\":2,\"name\":\"products\",\"item\":\"https:\/\/www.hnhlcrane.com\/products\/\"},{\"@type\":\"ListItem\",\"position\":3,\"name\":\"CGBK Rail Clips\"}]},{\"@type\":\"WebSite\",\"@id\":\"https:\/\/www.hnhlcrane.com\/#website\",\"url\":\"https:\/\/www.hnhlcrane.com\/\",\"name\":\"Crane Parts Supplier-HL Crame\",\"description\":\"One-stop solution for all your  crane parts needs,Crane Hook,Crane Drum,Crane Wheel,Crane Coupling,Crane Gearbox,Crane Motor,Crane Brake,Special Crane Spreader,Crane grab,Container spreader,Billet crane clamps,Crane C-type spreader,Lifting Electromagnet,Crane Rail Clips,Electric Hoist,FEM Standard Crane End Carriages,Light Crane Parts,Workstation Crane Parts,Crane Electrical Parts,I-beam cable trolley,Crane remote controller,Crane electrical control cabinet,Crane limit switch,Crane sound and light alarm,Heavy Duty Aviation Connector,Crane overload limiter,China Crane Parts Supplier,Crane hooks,Gantry crane hook,Crane accessories,Forged hook,hook processing,Hook manufacturer,China standard crane hook,electric hoist hook,Crane pulley,Hook pulley,Rolled pulley,Crane Pulley Supplier\uff0cEuropean hook pulley,Gantry crane hook pulley,WZL type crane drum,European style reel set,Crane reel,crane parts,Drum processing,crane drum manufacturer,Cast steel drum,Electric hoist drum,Crane drum assembly,DRS Wheel Blocks,European crane wheel,Forged wheels,Active wheel set,Driving wheel set,Driven wheel group,crane wheels manufacturer,Demag crane wheels,Konecranes Crane Wheels,Overhead crane Wheel,Shaft couplings,Power Transmission Couplings,Disc Couplings,Fluid couplings,Coupling manufacturer\uff0cCardan coupling,Crane Reducer,Crane Decelerators,Reducer gearbox,Reducer for crane,Gear Reducer For Crane,Hard tooth surface reducerCrane and hoist reducer,Flender reducer,Reducer manufacturer,ZQ reducer,QJ reducer,QJY reducer,Gear Motors,Konecranes reducer,F series three-in-one reducer,K series three-in-one reducer,travelling machinery,Travelling Motor With Gear,Gear Motor for Crane Traveling,Travelling machinery Frequency inverter motors,FEM standard Gear Motors,Crane motors,Inverter motors,Hoist motors,motorCrane duty motors,Special motor for crane,YZR YZP YZ series motors,Crane and hoist motor,Frequency conversion motor,Electro hydraulic drum brakes,Electro-hydraulic disc brakes,Brake,Overhead Crane Brakes,Disc brakes,Electromagnetic disk brake,Crane hydraulic disc brake,Brakes manufacturer,crane Safety brakes,Singlr rope grab,Four rope grab,Electro-hydraulic multi-flap grab,Orange peel grab,Electric motor grab,Electro-Hydraulicclamshell grab,grab manufacturers,Container spreader manufacturers,20ft Container Spreader,Semi Automatic container spreader,40ft Container Lifting Frame,TEC container Spreader,Billet lifting clamp,Billet Clamps,Billet crane clamps manufacturer,billet lifting clamps china supplier,Coil C-Type Hook,coil hook,Overhead Crane Steel Coil C-Type Hook,Crane C-hook,C-type spreader,C-type hook,Crane magnets,Rail fixing device,Crane Rail fixing device,crane Rail Clamp,CD\/MD Wire Rope Electric Hoist,Wire Rope Electric Hoist China Manufacturer,Single Girder Wire Rope Electric Hoist,Double Girder Wire Rope Electric Hoist,Chain Hoist,Electric chain hoist manufacturer,Electric chain hoist China distributor,European wire rope electric hoist\uff0cEuropean double beam wire rope electric hoist,European Style Single Beam Crane End Carriage,FEN\/DIN European Style Single Beam Crane End Carriage,Crane end beam manufacturers,European style hoist double beam crane end beam,Suspension crane end beam,European style suspended single beam crane end beam,FEN\/DIN Suspension crane end beam,crane cable trolley,Wireless remote control,remote controller,Crane control handle,Crane Controls,electrical control cabinet,crane control cabinet,Limit switch,Sound and light alarm,Aviation plug,quick connector,Crane aviation plug,Overload limiter\",\"publisher\":{\"@id\":\"https:\/\/www.hnhlcrane.com\/#organization\"},\"potentialAction\":[{\"@type\":\"SearchAction\",\"target\":{\"@type\":\"EntryPoint\",\"urlTemplate\":\"https:\/\/www.hnhlcrane.com\/?s={search_term_string}\"},\"query-input\":{\"@type\":\"PropertyValueSpecification\",\"valueRequired\":true,\"valueName\":\"search_term_string\"}}],\"inLanguage\":\"es\"},{\"@type\":\"Organization\",\"@id\":\"https:\/\/www.hnhlcrane.com\/#organization\",\"name\":\"Crane Parts Supplier-HL Crame\",\"url\":\"https:\/\/www.hnhlcrane.com\/\",\"logo\":{\"@type\":\"ImageObject\",\"inLanguage\":\"es\",\"@id\":\"https:\/\/www.hnhlcrane.com\/#\/schema\/logo\/image\/\",\"url\":\"https:\/\/www.hnhlcrane.com\/wp-content\/uploads\/2024\/09\/logo6-1-e1733899395598.png\",\"contentUrl\":\"https:\/\/www.hnhlcrane.com\/wp-content\/uploads\/2024\/09\/logo6-1-e1733899395598.png\",\"width\":1000,\"height\":282,\"caption\":\"Crane Parts Supplier-HL Crame\"},\"image\":{\"@id\":\"https:\/\/www.hnhlcrane.com\/#\/schema\/logo\/image\/\"}}]}<\/script>\n<!-- \/ Yoast SEO plugin. -->","yoast_head_json":{"title":"CGBK Clips de carril - Clips de carril de gr\u00faa - Clips de carril - Abrazadera de carril de gr\u00faa","description":"Clips de riel,Clips de riel CGBK,Clips de riel para gr\u00faa,Dispositivo de fijaci\u00f3n de riel,Dispositivo de fijaci\u00f3n de riel para gr\u00faa,Abrazadera de riel para gr\u00faa,Clips de riel WJK,Clips de riel para gr\u00faa puente","robots":{"index":"index","follow":"follow","max-snippet":"max-snippet:-1","max-image-preview":"max-image-preview:large","max-video-preview":"max-video-preview:-1"},"canonical":"https:\/\/www.hnhlcrane.com\/es\/product\/clips-de-carril-cgbk\/","og_locale":"es_ES","og_type":"article","og_title":"CGBK Rail Clips -Crane Rail Clips-Rail Clips-Crane Rail Clamp","og_description":"Rail Clips,CGBK Rail Clips,Crane Rail Clips,Rail fixing device,Crane Rail fixing device,crane Rail Clamp,WJK Rail Clips,Overhead Crane Rail Clips","og_url":"https:\/\/www.hnhlcrane.com\/es\/product\/clips-de-carril-cgbk\/","og_site_name":"Crane Parts Supplier-HL Crame","article_modified_time":"2024-11-29T14:17:33+00:00","og_image":[{"width":600,"height":600,"url":"https:\/\/www.hnhlcrane.com\/wp-content\/uploads\/2024\/11\/CGBK-Rail-Clips-1.jpg","type":"image\/jpeg"}],"twitter_card":"summary_large_image","twitter_misc":{"Tiempo de lectura":"2 minutos"},"schema":{"@context":"https:\/\/schema.org","@graph":[{"@type":"WebPage","@id":"https:\/\/www.hnhlcrane.com\/product\/cgbk-rail-clips\/","url":"https:\/\/www.hnhlcrane.com\/product\/cgbk-rail-clips\/","name":"CGBK Clips de carril - Clips de carril de gr\u00faa - Clips de carril - Abrazadera de carril de gr\u00faa","isPartOf":{"@id":"https:\/\/www.hnhlcrane.com\/#website"},"primaryImageOfPage":{"@id":"https:\/\/www.hnhlcrane.com\/product\/cgbk-rail-clips\/#primaryimage"},"image":{"@id":"https:\/\/www.hnhlcrane.com\/product\/cgbk-rail-clips\/#primaryimage"},"thumbnailUrl":"https:\/\/www.hnhlcrane.com\/wp-content\/uploads\/2024\/11\/CGBK-Rail-Clips-1.jpg","datePublished":"2024-11-29T14:13:04+00:00","dateModified":"2024-11-29T14:17:33+00:00","description":"Clips de riel,Clips de riel CGBK,Clips de riel para gr\u00faa,Dispositivo de fijaci\u00f3n de riel,Dispositivo de fijaci\u00f3n de riel para gr\u00faa,Abrazadera de riel para gr\u00faa,Clips de riel WJK,Clips de riel para gr\u00faa puente","breadcrumb":{"@id":"https:\/\/www.hnhlcrane.com\/product\/cgbk-rail-clips\/#breadcrumb"},"inLanguage":"es","potentialAction":[{"@type":"ReadAction","target":["https:\/\/www.hnhlcrane.com\/product\/cgbk-rail-clips\/"]}]},{"@type":"ImageObject","inLanguage":"es","@id":"https:\/\/www.hnhlcrane.com\/product\/cgbk-rail-clips\/#primaryimage","url":"https:\/\/www.hnhlcrane.com\/wp-content\/uploads\/2024\/11\/CGBK-Rail-Clips-1.jpg","contentUrl":"https:\/\/www.hnhlcrane.com\/wp-content\/uploads\/2024\/11\/CGBK-Rail-Clips-1.jpg","width":600,"height":600},{"@type":"BreadcrumbList","@id":"https:\/\/www.hnhlcrane.com\/product\/cgbk-rail-clips\/#breadcrumb","itemListElement":[{"@type":"ListItem","position":1,"name":"home","item":"https:\/\/www.hnhlcrane.com\/"},{"@type":"ListItem","position":2,"name":"products","item":"https:\/\/www.hnhlcrane.com\/products\/"},{"@type":"ListItem","position":3,"name":"CGBK Rail Clips"}]},{"@type":"WebSite","@id":"https:\/\/www.hnhlcrane.com\/#website","url":"https:\/\/www.hnhlcrane.com\/","name":"Proveedor de piezas de gr\u00faa-HL Crame","description":"Una soluci\u00f3n para todas sus necesidades de piezas de la gr\u00faa,Gancho de gr\u00faa,Tambor de gr\u00faa,Rueda de gr\u00faa,Acoplamiento de gr\u00faa,Caja de engranajes de gr\u00faa,Motor de gr\u00faa,Freno de gr\u00faa,Esparcidor de gr\u00faa especial,Cuchara de gr\u00faa,Esparcidor de contenedores,Abrazaderas de gr\u00faa de palanquilla,Esparcidor de gr\u00faa tipo C,Electroim\u00e1n de elevaci\u00f3n,Ganchos de carril de gr\u00faa,Polipasto el\u00e9ctrico,Carros de extremo de gr\u00faa est\u00e1ndar FEM,Piezas de gr\u00faa ligera,Piezas de gr\u00faa para estaci\u00f3n de trabajo,Piezas el\u00e9ctricas de gr\u00faa,Carro de cable de viga en I,Control remoto de gr\u00faa,Armario de control el\u00e9ctrico de gr\u00faa,Interruptor de l\u00edmite de gr\u00faa,Alarma ac\u00fastica y luminosa de gr\u00faa,Conector de aviaci\u00f3n de alta resistencia,Limitador de sobrecarga de gr\u00faa,Proveedor de piezas de gr\u00faa de China,Ganchos de gr\u00faa,Gancho de gr\u00faa de p\u00f3rtico,Accesorios de gr\u00faa,Gancho forjado,Procesamiento de ganchos,Fabricante de ganchos,Gancho de gr\u00faa est\u00e1ndar de China,Gancho de polipasto el\u00e9ctrico,Polea de gr\u00faa,Polea de gancho,Polea enrollada,Proveedor de polea de gr\u00faa\uff0cPolea de gancho europea,Polea de gancho de gr\u00faa de p\u00f3rtico,Tambor de gr\u00faa tipo WZL,Juego de carretes estilo europeo,Carrete de gr\u00faa,Piezas de gr\u00faa,Procesamiento de tambor,Fabricante de tambor de gr\u00faa,Tambor de acero fundido,Tambor de polipasto el\u00e9ctrico,Conjunto de tambor de gr\u00faa,Bloques de rueda DRS,Rueda de gr\u00faa europea,Ruedas forjadas,Conjunto de rueda activa,Conjunto de rueda motriz,Grupo de rueda motriz,Fabricante de ruedas de gr\u00faa,Ruedas de gr\u00faa Demag,Ruedas de gr\u00faa Konecranes,Rueda de gr\u00faa puente,Acoplamientos de eje,Acoplamientos de transmisi\u00f3n de potencia,Acoplamientos de disco,Acoplamientos de fluido,Fabricante de acoplamientos\uff0cAcoplamiento Cardan,Reductor de gr\u00faa,Reductores para gr\u00faa,Reductor para gr\u00faa,Reductor para gr\u00faa,Reductor de superficie de dientes duros,Reductor para gr\u00faa y polipasto,Reductor Flender,Fabricante de reductores,Reductor ZQ,Reductor QJ,Reductor QJY,Motorreductores,Reductor Konecranes,Reductor tres en uno serie F,Reductor tres en uno serie K,Maquinaria de traslaci\u00f3n,Motorreductor con engranaje,Motorreductor para traslaci\u00f3n de gr\u00faas,Maquinaria de traslaci\u00f3n Motores con variador de frecuencia,Motores con engranaje est\u00e1ndar FEM,Motores para gr\u00faas,Motores con convertidor de frecuencia,Motores para gr\u00faas,Motores especiales para gr\u00faas,Motores serie YZR YZP YZ,Motores para gr\u00faas y polipastos,Motores con convertidor de frecuencia,Frenos de tambor electrohidr\u00e1ulicos,Frenos de disco electrohidr\u00e1ulicos,Frenos para gr\u00faas puente,Frenos de disco,Frenos de disco electromagn\u00e9ticos,Frenos de disco hidr\u00e1ulicos para gr\u00faas,Fabricante de frenos,Frenos de seguridad para gr\u00faas,Cuchara montacable,Cuchara cu\u00e1druple,Cuchara multipaleta electrohidr\u00e1ulica,Cuchara de piel de naranja,Cuchara con motor el\u00e9ctrico,Cuchara electrohidr\u00e1ulica,Cuchara de almeja,Cuchara para contenedores,Cuchara para contenedores de 20 pies,Cuchara semiautom\u00e1tica para contenedores,Cuchara para contenedores de 40 pies,Cuchara para contenedores TEC,Pinza elevadora de palanquilla,Pinza elevadora de palanquilla,Pinza elevadora de palanquilla fabricante,Pinza elevadora de palanquilla proveedor chino,Gancho tipo C de bobina,Gancho de bobina,Gancho tipo C de acero para gr\u00faa puente,Gancho tipo C para gr\u00faa,C-type spreader,C-type hook,Crane magnets,Rail fixing device,Gr\u00faa Dispositivo de fijaci\u00f3n de carril,Gr\u00faa Abrazadera de carril,Polipasto el\u00e9ctrico de cable CD\/MD,Polipasto el\u00e9ctrico de cable China,Polipasto el\u00e9ctrico de cable monorra\u00edl,Polipasto el\u00e9ctrico de cable birra\u00edl,Polipasto de cadena,Polipasto el\u00e9ctrico de cadena fabricante,Polipasto el\u00e9ctrico de cadena distribuidor China,Polipasto el\u00e9ctrico de cable europeo,Polipasto el\u00e9ctrico de cable europeo de doble viga,Testero de gr\u00faa monohaz estilo europeo,Testero de gr\u00faa monohaz estilo europeo FEN\/DIN,Gr\u00faa fabricantes de viga final,estilo europeo polipasto de doble viga de la gr\u00faa viga final,Gr\u00faa suspendida viga final,FEN \/ DIN gr\u00faa suspendida viga final,gr\u00faa carro de cable,mando a distancia inal\u00e1mbrico,mando a distancia,Mango de control de gr\u00faa,Controles de gr\u00faa,gabinete de control el\u00e9ctrico,gabinete de control de gr\u00faa,Interruptor de l\u00edmite,Sonido y luz de alarma,Aviaci\u00f3n enchufe,conector r\u00e1pido,Gr\u00faa de aviaci\u00f3n enchufe,Limitador de sobrecarga","publisher":{"@id":"https:\/\/www.hnhlcrane.com\/#organization"},"potentialAction":[{"@type":"SearchAction","target":{"@type":"EntryPoint","urlTemplate":"https:\/\/www.hnhlcrane.com\/?s={search_term_string}"},"query-input":{"@type":"PropertyValueSpecification","valueRequired":true,"valueName":"search_term_string"}}],"inLanguage":"es"},{"@type":"Organization","@id":"https:\/\/www.hnhlcrane.com\/#organization","name":"Proveedor de piezas de gr\u00faa-HL Crame","url":"https:\/\/www.hnhlcrane.com\/","logo":{"@type":"ImageObject","inLanguage":"es","@id":"https:\/\/www.hnhlcrane.com\/#\/schema\/logo\/image\/","url":"https:\/\/www.hnhlcrane.com\/wp-content\/uploads\/2024\/09\/logo6-1-e1733899395598.png","contentUrl":"https:\/\/www.hnhlcrane.com\/wp-content\/uploads\/2024\/09\/logo6-1-e1733899395598.png","width":1000,"height":282,"caption":"Crane Parts Supplier-HL Crame"},"image":{"@id":"https:\/\/www.hnhlcrane.com\/#\/schema\/logo\/image\/"}}]}},"_links":{"self":[{"href":"https:\/\/www.hnhlcrane.com\/es\/wp-json\/wp\/v2\/product\/5534","targetHints":{"allow":["GET"]}}],"collection":[{"href":"https:\/\/www.hnhlcrane.com\/es\/wp-json\/wp\/v2\/product"}],"about":[{"href":"https:\/\/www.hnhlcrane.com\/es\/wp-json\/wp\/v2\/types\/product"}],"version-history":[{"count":0,"href":"https:\/\/www.hnhlcrane.com\/es\/wp-json\/wp\/v2\/product\/5534\/revisions"}],"wp:featuredmedia":[{"embeddable":true,"href":"https:\/\/www.hnhlcrane.com\/es\/wp-json\/wp\/v2\/media\/5535"}],"wp:attachment":[{"href":"https:\/\/www.hnhlcrane.com\/es\/wp-json\/wp\/v2\/media?parent=5534"}],"wp:term":[{"taxonomy":"product_brand","embeddable":true,"href":"https:\/\/www.hnhlcrane.com\/es\/wp-json\/wp\/v2\/product_brand?post=5534"},{"taxonomy":"product_cat","embeddable":true,"href":"https:\/\/www.hnhlcrane.com\/es\/wp-json\/wp\/v2\/product_cat?post=5534"},{"taxonomy":"product_tag","embeddable":true,"href":"https:\/\/www.hnhlcrane.com\/es\/wp-json\/wp\/v2\/product_tag?post=5534"}],"curies":[{"name":"wp","href":"https:\/\/api.w.org\/{rel}","templated":true}]}}