{"id":5505,"date":"2024-11-28T14:51:15","date_gmt":"2024-11-28T06:51:15","guid":{"rendered":"https:\/\/www.hnhlcrane.com\/?post_type=product&#038;p=5505"},"modified":"2025-09-10T10:52:52","modified_gmt":"2025-09-10T02:52:52","slug":"clips-de-carril-wjk","status":"publish","type":"product","link":"https:\/\/www.hnhlcrane.com\/es\/product\/clips-de-carril-wjk\/","title":{"rendered":"Clips de ra\u00edl WJK"},"content":{"rendered":"<h6><strong><span style=\"font-family: arial, helvetica, sans-serif; font-size: 18pt;\">Caracter\u00edsticas de los clips de carril WJK<\/span><\/strong><\/h6>\n<p>Las pinzas para ra\u00edles WJK est\u00e1n dise\u00f1adas para vigas de acero, con una capacidad de elevaci\u00f3n de 350 toneladas por juego, y constan de siete componentes en total.<\/p>\n<ol>\n<li><span style=\"font-size: 14pt;\"><strong>Soldadura de placas base<\/strong>:<\/span><br \/>\nLa placa base WJK se suelda al ala de la viga de acero de la gr\u00faa mediante soldaduras circundantes de tres lados o soldaduras laterales de dos lados. Esta configuraci\u00f3n garantiza que la fuerza lateral horizontal de la gr\u00faa se transfiera sin problemas a la viga de la gr\u00faa. Adem\u00e1s, elimina el debilitamiento estructural causado por una perforaci\u00f3n excesiva en el ala, lo que mejora significativamente la capacidad de carga transversal de la viga de la gr\u00faa.<\/li>\n<li><span style=\"font-size: 14pt;\"><strong>Conexi\u00f3n de r\u00f3tula<\/strong>:<\/span><br \/>\nLa placa base se conecta al extremo inferior del perno en T mediante una r\u00f3tula. En consecuencia, el perno en T permanece perpendicular a la cubierta superior durante la aplicaci\u00f3n de fuerzas laterales y permite una ligera inclinaci\u00f3n. Este dise\u00f1o mitiga eficazmente el impacto lateral de la gr\u00faa sobre el ra\u00edl, la viga de la gr\u00faa y el sistema de frenado, prolongando en \u00faltima instancia la vida \u00fatil estructural.<\/li>\n<li><span style=\"font-size: 14pt;\"><strong>Placa de ajuste del man\u00f3metro<\/strong>:<\/span><br \/>\nLos clips WJK incluyen una placa de ajuste del calibre para ajustar con precisi\u00f3n el calibre del ra\u00edl. Esta caracter\u00edstica mejora la precisi\u00f3n de la instalaci\u00f3n, reduce las desviaciones en la l\u00ednea central del carril e incorpora un doble mecanismo de autobloqueo para evitar que se aflojen durante el uso.<\/li>\n<li><span style=\"font-family: arial, helvetica, sans-serif; font-size: 14pt;\"><strong>Facilidad de instalaci\u00f3n y mantenimiento<\/strong>:<\/span><br \/>\nLos pernos en T y las placas de cubierta superior de <a href=\"https:\/\/www.hnhlcrane.com\/es\/productos\/clips-de-carril-de-grua\/\" target=\"_blank\" rel=\"noopener\">Clips de WJK<\/a> puede montarse y desmontarse f\u00e1cilmente, lo que proporciona una gran comodidad durante las operaciones de construcci\u00f3n y mantenimiento.<\/li>\n<li><span style=\"font-size: 14pt;\"><strong>Compatibilidad con la curvatura del ra\u00edl<\/strong>:<\/span><br \/>\nLa placa de cubierta superior se adapta a la curvatura de la secci\u00f3n transversal del ra\u00edl, lo que le permite fijarlo firmemente sin obstaculizar su ligero movimiento longitudinal. Esta caracter\u00edstica tambi\u00e9n facilita la soldadura de carriles de longitud completa.<\/li>\n<li><span style=\"font-size: 14pt;\"><strong>Espaciado fijo entre componentes<\/strong>:<\/span><br \/>\nLa separaci\u00f3n de los componentes fijos viene determinada por la capacidad de elevaci\u00f3n de la gr\u00faa. Para cargas \u2264275t, la separaci\u00f3n es de 600 mm; para cargas &gt;275t, la separaci\u00f3n se reduce a 500 mm.<\/li>\n<li><span style=\"font-size: 14pt;\"><strong>Compatibilidad de materiales de soldadura<\/strong>:<\/span><br \/>\nLa base del componente fijo se suelda a la viga de la gr\u00faa utilizando modelos de electrodos compatibles con el material de los componentes de conexi\u00f3n. Por ejemplo, los electrodos E4303 se utilizan para el acero Q235, mientras que los electrodos E5015 se utilizan para el acero Q345.<\/li>\n<li><span style=\"font-size: 14pt;\"><strong>Tipos de soldadura en funci\u00f3n del servicio de gr\u00faa<\/strong>:<\/span><br \/>\nLas gr\u00faas para cargas medias utilizan cordones de soldadura por los dos lados, mientras que las gr\u00faas para cargas pesadas (o superpesadas) requieren cordones de soldadura circundantes por los tres lados.<\/li>\n<li><span style=\"font-size: 14pt;\"><strong>Par de apriete<\/strong>:<\/span><br \/>\nPara gr\u00faas de carga media (Q \u2264 275t), el par m\u00e1ximo de apriete de los pernos es de 150N-m. Para gr\u00faas pesadas, aumenta a 220 N-m.<\/li>\n<li><span style=\"font-size: 14pt;\"><strong>Fuerza lateral m\u00e1xima<\/strong>:<\/span><br \/>\nLa fuerza lateral m\u00e1xima admisible para los clips de carril es de 45 kN.<\/li>\n<\/ol>\n<p><img fetchpriority=\"high\" decoding=\"async\" class=\"alignnone wp-image-5508\" src=\"https:\/\/www.hnhlcrane.com\/wp-content\/uploads\/2024\/11\/WJK-Rail-Clips-3-300x95.jpg\" alt=\"\" width=\"802\" height=\"254\" srcset=\"https:\/\/www.hnhlcrane.com\/wp-content\/uploads\/2024\/11\/WJK-Rail-Clips-3-300x95.jpg 300w, https:\/\/www.hnhlcrane.com\/wp-content\/uploads\/2024\/11\/WJK-Rail-Clips-3-768x242.jpg 768w, https:\/\/www.hnhlcrane.com\/wp-content\/uploads\/2024\/11\/WJK-Rail-Clips-3-600x189.jpg 600w, https:\/\/www.hnhlcrane.com\/wp-content\/uploads\/2024\/11\/WJK-Rail-Clips-3.jpg 800w\" sizes=\"(max-width: 802px) 100vw, 802px\" \/><\/p>","protected":false},"excerpt":{"rendered":"<h6><strong><span style=\"font-family: arial, helvetica, sans-serif; font-size: 14pt;\">Especificaciones de los clips de carril WJK<\/span><\/strong><\/h6>\n<ul>\n<li><strong>Modelos<\/strong>: WJK-TG38, WJK-TG43, WJK-TG50, WJK-TG60, WJK-QU70, WJK-QU80, WJK-QU100, WJK-QU120<\/li>\n<li><strong>M\u00e9todo de fijaci\u00f3n<\/strong>: Placa base soldada<\/li>\n<\/ul>","protected":false},"featured_media":5506,"template":"","meta":{"_kad_post_transparent":"default","_kad_post_title":"","_kad_post_layout":"default","_kad_post_sidebar_id":"","_kad_post_content_style":"default","_kad_post_vertical_padding":"show","_kad_post_feature":"","_kad_post_feature_position":"","_kad_post_header":false,"_kad_post_footer":false},"product_brand":[],"product_cat":[83],"product_tag":[224,223,222,221,218,214,217,225,228,216,226,219,227,215,220],"class_list":{"0":"post-5505","1":"product","2":"type-product","3":"status-publish","4":"has-post-thumbnail","6":"product_cat-crane-rail-clips","7":"product_tag-05g525-rail-clips","8":"product_tag-cgbk-rail-clips","9":"product_tag-cgek-rail-clips","10":"product_tag-cgwk-rail-clips","11":"product_tag-crane-rail-clamp","12":"product_tag-crane-rail-clips","13":"product_tag-crane-rail-fixing-device","14":"product_tag-hdgy-rail-clips","15":"product_tag-rail-connection-splint","16":"product_tag-rail-fixing-device","17":"product_tag-rail-joints","18":"product_tag-swjk-rail-clips","19":"product_tag-tracks-jointing-plates","20":"product_tag-wjk-rail-clips","21":"product_tag-wjkc-rail-clips","23":"first","24":"instock","25":"shipping-taxable","26":"product-type-simple","27":"entry","28":"content-bg","29":"loop-entry"},"yoast_head":"<!-- This site is optimized with the Yoast SEO plugin v25.6 - https:\/\/yoast.com\/wordpress\/plugins\/seo\/ -->\n<title>WJK Rail Clips Manufacturer \u2013 Expert Crane Rail Fastening Solutions<\/title>\n<meta name=\"description\" content=\"WJK rail clips designed for secure crane rail attachment, vibration resistance, and long-lasting performance in overhead crane systems.\" \/>\n<meta name=\"robots\" content=\"index, follow, max-snippet:-1, max-image-preview:large, max-video-preview:-1\" \/>\n<link rel=\"canonical\" href=\"https:\/\/www.hnhlcrane.com\/es\/product\/clips-de-carril-wjk\/\" \/>\n<meta property=\"og:locale\" content=\"es_ES\" \/>\n<meta property=\"og:type\" content=\"article\" \/>\n<meta property=\"og:title\" content=\"WJK Rail Clips Manufacturer \u2013 Expert Crane Rail Fastening Solutions\" \/>\n<meta property=\"og:description\" content=\"WJK rail clips designed for secure crane rail attachment, vibration resistance, and long-lasting performance in overhead crane systems.\" \/>\n<meta property=\"og:url\" content=\"https:\/\/www.hnhlcrane.com\/es\/product\/clips-de-carril-wjk\/\" \/>\n<meta property=\"og:site_name\" content=\"Crane Parts Supplier-HL Crame\" \/>\n<meta property=\"article:modified_time\" content=\"2025-09-10T02:52:52+00:00\" \/>\n<meta property=\"og:image\" content=\"https:\/\/www.hnhlcrane.com\/wp-content\/uploads\/2024\/11\/WJK-Rail-Clips-1.jpg\" \/>\n\t<meta property=\"og:image:width\" content=\"600\" \/>\n\t<meta property=\"og:image:height\" content=\"600\" \/>\n\t<meta property=\"og:image:type\" content=\"image\/jpeg\" \/>\n<meta name=\"twitter:card\" content=\"summary_large_image\" \/>\n<meta name=\"twitter:label1\" content=\"Tiempo de lectura\" \/>\n\t<meta name=\"twitter:data1\" content=\"3 minutos\" \/>\n<script type=\"application\/ld+json\" class=\"yoast-schema-graph\">{\"@context\":\"https:\/\/schema.org\",\"@graph\":[{\"@type\":\"WebPage\",\"@id\":\"https:\/\/www.hnhlcrane.com\/product\/wjk-rail-clips\/\",\"url\":\"https:\/\/www.hnhlcrane.com\/product\/wjk-rail-clips\/\",\"name\":\"WJK Rail Clips Manufacturer \u2013 Expert Crane Rail Fastening Solutions\",\"isPartOf\":{\"@id\":\"https:\/\/www.hnhlcrane.com\/#website\"},\"primaryImageOfPage\":{\"@id\":\"https:\/\/www.hnhlcrane.com\/product\/wjk-rail-clips\/#primaryimage\"},\"image\":{\"@id\":\"https:\/\/www.hnhlcrane.com\/product\/wjk-rail-clips\/#primaryimage\"},\"thumbnailUrl\":\"https:\/\/www.hnhlcrane.com\/wp-content\/uploads\/2024\/11\/WJK-Rail-Clips-1.jpg\",\"datePublished\":\"2024-11-28T06:51:15+00:00\",\"dateModified\":\"2025-09-10T02:52:52+00:00\",\"description\":\"WJK rail clips designed for secure crane rail attachment, vibration resistance, and long-lasting performance in overhead crane systems.\",\"breadcrumb\":{\"@id\":\"https:\/\/www.hnhlcrane.com\/product\/wjk-rail-clips\/#breadcrumb\"},\"inLanguage\":\"es\",\"potentialAction\":[{\"@type\":\"ReadAction\",\"target\":[\"https:\/\/www.hnhlcrane.com\/product\/wjk-rail-clips\/\"]}]},{\"@type\":\"ImageObject\",\"inLanguage\":\"es\",\"@id\":\"https:\/\/www.hnhlcrane.com\/product\/wjk-rail-clips\/#primaryimage\",\"url\":\"https:\/\/www.hnhlcrane.com\/wp-content\/uploads\/2024\/11\/WJK-Rail-Clips-1.jpg\",\"contentUrl\":\"https:\/\/www.hnhlcrane.com\/wp-content\/uploads\/2024\/11\/WJK-Rail-Clips-1.jpg\",\"width\":600,\"height\":600},{\"@type\":\"BreadcrumbList\",\"@id\":\"https:\/\/www.hnhlcrane.com\/product\/wjk-rail-clips\/#breadcrumb\",\"itemListElement\":[{\"@type\":\"ListItem\",\"position\":1,\"name\":\"home\",\"item\":\"https:\/\/www.hnhlcrane.com\/\"},{\"@type\":\"ListItem\",\"position\":2,\"name\":\"products\",\"item\":\"https:\/\/www.hnhlcrane.com\/products\/\"},{\"@type\":\"ListItem\",\"position\":3,\"name\":\"WJK Rail Clips\"}]},{\"@type\":\"WebSite\",\"@id\":\"https:\/\/www.hnhlcrane.com\/#website\",\"url\":\"https:\/\/www.hnhlcrane.com\/\",\"name\":\"Crane Parts Supplier-HL Crame\",\"description\":\"One-stop solution for all your  crane parts needs,Crane Hook,Crane Drum,Crane Wheel,Crane Coupling,Crane Gearbox,Crane Motor,Crane Brake,Special Crane Spreader,Crane grab,Container spreader,Billet crane clamps,Crane C-type spreader,Lifting Electromagnet,Crane Rail Clips,Electric Hoist,FEM Standard Crane End Carriages,Light Crane Parts,Workstation Crane Parts,Crane Electrical Parts,I-beam cable trolley,Crane remote controller,Crane electrical control cabinet,Crane limit switch,Crane sound and light alarm,Heavy Duty Aviation Connector,Crane overload limiter,China Crane Parts Supplier,Crane hooks,Gantry crane hook,Crane accessories,Forged hook,hook processing,Hook manufacturer,China standard crane hook,electric hoist hook,Crane pulley,Hook pulley,Rolled pulley,Crane Pulley Supplier\uff0cEuropean hook pulley,Gantry crane hook pulley,WZL type crane drum,European style reel set,Crane reel,crane parts,Drum processing,crane drum manufacturer,Cast steel drum,Electric hoist drum,Crane drum assembly,DRS Wheel Blocks,European crane wheel,Forged wheels,Active wheel set,Driving wheel set,Driven wheel group,crane wheels manufacturer,Demag crane wheels,Konecranes Crane Wheels,Overhead crane Wheel,Shaft couplings,Power Transmission Couplings,Disc Couplings,Fluid couplings,Coupling manufacturer\uff0cCardan coupling,Crane Reducer,Crane Decelerators,Reducer gearbox,Reducer for crane,Gear Reducer For Crane,Hard tooth surface reducerCrane and hoist reducer,Flender reducer,Reducer manufacturer,ZQ reducer,QJ reducer,QJY reducer,Gear Motors,Konecranes reducer,F series three-in-one reducer,K series three-in-one reducer,travelling machinery,Travelling Motor With Gear,Gear Motor for Crane Traveling,Travelling machinery Frequency inverter motors,FEM standard Gear Motors,Crane motors,Inverter motors,Hoist motors,motorCrane duty motors,Special motor for crane,YZR YZP YZ series motors,Crane and hoist motor,Frequency conversion motor,Electro hydraulic drum brakes,Electro-hydraulic disc brakes,Brake,Overhead Crane Brakes,Disc brakes,Electromagnetic disk brake,Crane hydraulic disc brake,Brakes manufacturer,crane Safety brakes,Singlr rope grab,Four rope grab,Electro-hydraulic multi-flap grab,Orange peel grab,Electric motor grab,Electro-Hydraulicclamshell grab,grab manufacturers,Container spreader manufacturers,20ft Container Spreader,Semi Automatic container spreader,40ft Container Lifting Frame,TEC container Spreader,Billet lifting clamp,Billet Clamps,Billet crane clamps manufacturer,billet lifting clamps china supplier,Coil C-Type Hook,coil hook,Overhead Crane Steel Coil C-Type Hook,Crane C-hook,C-type spreader,C-type hook,Crane magnets,Rail fixing device,Crane Rail fixing device,crane Rail Clamp,CD\/MD Wire Rope Electric Hoist,Wire Rope Electric Hoist China Manufacturer,Single Girder Wire Rope Electric Hoist,Double Girder Wire Rope Electric Hoist,Chain Hoist,Electric chain hoist manufacturer,Electric chain hoist China distributor,European wire rope electric hoist\uff0cEuropean double beam wire rope electric hoist,European Style Single Beam Crane End Carriage,FEN\/DIN European Style Single Beam Crane End Carriage,Crane end beam manufacturers,European style hoist double beam crane end beam,Suspension crane end beam,European style suspended single beam crane end beam,FEN\/DIN Suspension crane end beam,crane cable trolley,Wireless remote control,remote controller,Crane control handle,Crane Controls,electrical control cabinet,crane control cabinet,Limit switch,Sound and light alarm,Aviation plug,quick connector,Crane aviation plug,Overload limiter\",\"publisher\":{\"@id\":\"https:\/\/www.hnhlcrane.com\/#organization\"},\"potentialAction\":[{\"@type\":\"SearchAction\",\"target\":{\"@type\":\"EntryPoint\",\"urlTemplate\":\"https:\/\/www.hnhlcrane.com\/?s={search_term_string}\"},\"query-input\":{\"@type\":\"PropertyValueSpecification\",\"valueRequired\":true,\"valueName\":\"search_term_string\"}}],\"inLanguage\":\"es\"},{\"@type\":\"Organization\",\"@id\":\"https:\/\/www.hnhlcrane.com\/#organization\",\"name\":\"Crane Parts Supplier-HL Crame\",\"url\":\"https:\/\/www.hnhlcrane.com\/\",\"logo\":{\"@type\":\"ImageObject\",\"inLanguage\":\"es\",\"@id\":\"https:\/\/www.hnhlcrane.com\/#\/schema\/logo\/image\/\",\"url\":\"https:\/\/www.hnhlcrane.com\/wp-content\/uploads\/2024\/09\/logo6-1-e1733899395598.png\",\"contentUrl\":\"https:\/\/www.hnhlcrane.com\/wp-content\/uploads\/2024\/09\/logo6-1-e1733899395598.png\",\"width\":1000,\"height\":282,\"caption\":\"Crane Parts Supplier-HL Crame\"},\"image\":{\"@id\":\"https:\/\/www.hnhlcrane.com\/#\/schema\/logo\/image\/\"}}]}<\/script>\n<!-- \/ Yoast SEO plugin. -->","yoast_head_json":{"title":"Fabricante de clips para ra\u00edles WJK - Expertos en soluciones de fijaci\u00f3n de ra\u00edles para gr\u00faas","description":"Clips de carril WJK dise\u00f1ados para una fijaci\u00f3n segura del carril de la gr\u00faa, resistencia a las vibraciones y rendimiento duradero en sistemas de gr\u00faas a\u00e9reas.","robots":{"index":"index","follow":"follow","max-snippet":"max-snippet:-1","max-image-preview":"max-image-preview:large","max-video-preview":"max-video-preview:-1"},"canonical":"https:\/\/www.hnhlcrane.com\/es\/product\/clips-de-carril-wjk\/","og_locale":"es_ES","og_type":"article","og_title":"WJK Rail Clips Manufacturer \u2013 Expert Crane Rail Fastening Solutions","og_description":"WJK rail clips designed for secure crane rail attachment, vibration resistance, and long-lasting performance in overhead crane systems.","og_url":"https:\/\/www.hnhlcrane.com\/es\/product\/clips-de-carril-wjk\/","og_site_name":"Crane Parts Supplier-HL Crame","article_modified_time":"2025-09-10T02:52:52+00:00","og_image":[{"width":600,"height":600,"url":"https:\/\/www.hnhlcrane.com\/wp-content\/uploads\/2024\/11\/WJK-Rail-Clips-1.jpg","type":"image\/jpeg"}],"twitter_card":"summary_large_image","twitter_misc":{"Tiempo de lectura":"3 minutos"},"schema":{"@context":"https:\/\/schema.org","@graph":[{"@type":"WebPage","@id":"https:\/\/www.hnhlcrane.com\/product\/wjk-rail-clips\/","url":"https:\/\/www.hnhlcrane.com\/product\/wjk-rail-clips\/","name":"Fabricante de clips para ra\u00edles WJK - Expertos en soluciones de fijaci\u00f3n de ra\u00edles para gr\u00faas","isPartOf":{"@id":"https:\/\/www.hnhlcrane.com\/#website"},"primaryImageOfPage":{"@id":"https:\/\/www.hnhlcrane.com\/product\/wjk-rail-clips\/#primaryimage"},"image":{"@id":"https:\/\/www.hnhlcrane.com\/product\/wjk-rail-clips\/#primaryimage"},"thumbnailUrl":"https:\/\/www.hnhlcrane.com\/wp-content\/uploads\/2024\/11\/WJK-Rail-Clips-1.jpg","datePublished":"2024-11-28T06:51:15+00:00","dateModified":"2025-09-10T02:52:52+00:00","description":"Clips de carril WJK dise\u00f1ados para una fijaci\u00f3n segura del carril de la gr\u00faa, resistencia a las vibraciones y rendimiento duradero en sistemas de gr\u00faas a\u00e9reas.","breadcrumb":{"@id":"https:\/\/www.hnhlcrane.com\/product\/wjk-rail-clips\/#breadcrumb"},"inLanguage":"es","potentialAction":[{"@type":"ReadAction","target":["https:\/\/www.hnhlcrane.com\/product\/wjk-rail-clips\/"]}]},{"@type":"ImageObject","inLanguage":"es","@id":"https:\/\/www.hnhlcrane.com\/product\/wjk-rail-clips\/#primaryimage","url":"https:\/\/www.hnhlcrane.com\/wp-content\/uploads\/2024\/11\/WJK-Rail-Clips-1.jpg","contentUrl":"https:\/\/www.hnhlcrane.com\/wp-content\/uploads\/2024\/11\/WJK-Rail-Clips-1.jpg","width":600,"height":600},{"@type":"BreadcrumbList","@id":"https:\/\/www.hnhlcrane.com\/product\/wjk-rail-clips\/#breadcrumb","itemListElement":[{"@type":"ListItem","position":1,"name":"home","item":"https:\/\/www.hnhlcrane.com\/"},{"@type":"ListItem","position":2,"name":"products","item":"https:\/\/www.hnhlcrane.com\/products\/"},{"@type":"ListItem","position":3,"name":"WJK Rail Clips"}]},{"@type":"WebSite","@id":"https:\/\/www.hnhlcrane.com\/#website","url":"https:\/\/www.hnhlcrane.com\/","name":"Proveedor de piezas de gr\u00faa-HL Crame","description":"Una soluci\u00f3n para todas sus necesidades de piezas de la gr\u00faa,Gancho de gr\u00faa,Tambor de gr\u00faa,Rueda de gr\u00faa,Acoplamiento de gr\u00faa,Caja de engranajes de gr\u00faa,Motor de gr\u00faa,Freno de gr\u00faa,Esparcidor de gr\u00faa especial,Cuchara de gr\u00faa,Esparcidor de contenedores,Abrazaderas de gr\u00faa de palanquilla,Esparcidor de gr\u00faa tipo C,Electroim\u00e1n de elevaci\u00f3n,Ganchos de carril de gr\u00faa,Polipasto el\u00e9ctrico,Carros de extremo de gr\u00faa est\u00e1ndar FEM,Piezas de gr\u00faa ligera,Piezas de gr\u00faa para estaci\u00f3n de trabajo,Piezas el\u00e9ctricas de gr\u00faa,Carro de cable de viga en I,Control remoto de gr\u00faa,Armario de control el\u00e9ctrico de gr\u00faa,Interruptor de l\u00edmite de gr\u00faa,Alarma ac\u00fastica y luminosa de gr\u00faa,Conector de aviaci\u00f3n de alta resistencia,Limitador de sobrecarga de gr\u00faa,Proveedor de piezas de gr\u00faa de China,Ganchos de gr\u00faa,Gancho de gr\u00faa de p\u00f3rtico,Accesorios de gr\u00faa,Gancho forjado,Procesamiento de ganchos,Fabricante de ganchos,Gancho de gr\u00faa est\u00e1ndar de China,Gancho de polipasto el\u00e9ctrico,Polea de gr\u00faa,Polea de gancho,Polea enrollada,Proveedor de polea de gr\u00faa\uff0cPolea de gancho europea,Polea de gancho de gr\u00faa de p\u00f3rtico,Tambor de gr\u00faa tipo WZL,Juego de carretes estilo europeo,Carrete de gr\u00faa,Piezas de gr\u00faa,Procesamiento de tambor,Fabricante de tambor de gr\u00faa,Tambor de acero fundido,Tambor de polipasto el\u00e9ctrico,Conjunto de tambor de gr\u00faa,Bloques de rueda DRS,Rueda de gr\u00faa europea,Ruedas forjadas,Conjunto de rueda activa,Conjunto de rueda motriz,Grupo de rueda motriz,Fabricante de ruedas de gr\u00faa,Ruedas de gr\u00faa Demag,Ruedas de gr\u00faa Konecranes,Rueda de gr\u00faa puente,Acoplamientos de eje,Acoplamientos de transmisi\u00f3n de potencia,Acoplamientos de disco,Acoplamientos de fluido,Fabricante de acoplamientos\uff0cAcoplamiento Cardan,Reductor de gr\u00faa,Reductores para gr\u00faa,Reductor para gr\u00faa,Reductor para gr\u00faa,Reductor de superficie de dientes duros,Reductor para gr\u00faa y polipasto,Reductor Flender,Fabricante de reductores,Reductor ZQ,Reductor QJ,Reductor QJY,Motorreductores,Reductor Konecranes,Reductor tres en uno serie F,Reductor tres en uno serie K,Maquinaria de traslaci\u00f3n,Motorreductor con engranaje,Motorreductor para traslaci\u00f3n de gr\u00faas,Maquinaria de traslaci\u00f3n Motores con variador de frecuencia,Motores con engranaje est\u00e1ndar FEM,Motores para gr\u00faas,Motores con convertidor de frecuencia,Motores para gr\u00faas,Motores especiales para gr\u00faas,Motores serie YZR YZP YZ,Motores para gr\u00faas y polipastos,Motores con convertidor de frecuencia,Frenos de tambor electrohidr\u00e1ulicos,Frenos de disco electrohidr\u00e1ulicos,Frenos para gr\u00faas puente,Frenos de disco,Frenos de disco electromagn\u00e9ticos,Frenos de disco hidr\u00e1ulicos para gr\u00faas,Fabricante de frenos,Frenos de seguridad para gr\u00faas,Cuchara montacable,Cuchara cu\u00e1druple,Cuchara multipaleta electrohidr\u00e1ulica,Cuchara de piel de naranja,Cuchara con motor el\u00e9ctrico,Cuchara electrohidr\u00e1ulica,Cuchara de almeja,Cuchara para contenedores,Cuchara para contenedores de 20 pies,Cuchara semiautom\u00e1tica para contenedores,Cuchara para contenedores de 40 pies,Cuchara para contenedores TEC,Pinza elevadora de palanquilla,Pinza elevadora de palanquilla,Pinza elevadora de palanquilla fabricante,Pinza elevadora de palanquilla proveedor chino,Gancho tipo C de bobina,Gancho de bobina,Gancho tipo C de acero para gr\u00faa puente,Gancho tipo C para gr\u00faa,C-type spreader,C-type hook,Crane magnets,Rail fixing device,Gr\u00faa Dispositivo de fijaci\u00f3n de carril,Gr\u00faa Abrazadera de carril,Polipasto el\u00e9ctrico de cable CD\/MD,Polipasto el\u00e9ctrico de cable China,Polipasto el\u00e9ctrico de cable monorra\u00edl,Polipasto el\u00e9ctrico de cable birra\u00edl,Polipasto de cadena,Polipasto el\u00e9ctrico de cadena fabricante,Polipasto el\u00e9ctrico de cadena distribuidor China,Polipasto el\u00e9ctrico de cable europeo,Polipasto el\u00e9ctrico de cable europeo de doble viga,Testero de gr\u00faa monohaz estilo europeo,Testero de gr\u00faa monohaz estilo europeo FEN\/DIN,Gr\u00faa fabricantes de viga final,estilo europeo polipasto de doble viga de la gr\u00faa viga final,Gr\u00faa suspendida viga final,FEN \/ DIN gr\u00faa suspendida viga final,gr\u00faa carro de cable,mando a distancia inal\u00e1mbrico,mando a distancia,Mango de control de gr\u00faa,Controles de gr\u00faa,gabinete de control el\u00e9ctrico,gabinete de control de gr\u00faa,Interruptor de l\u00edmite,Sonido y luz de alarma,Aviaci\u00f3n enchufe,conector r\u00e1pido,Gr\u00faa de aviaci\u00f3n enchufe,Limitador de sobrecarga","publisher":{"@id":"https:\/\/www.hnhlcrane.com\/#organization"},"potentialAction":[{"@type":"SearchAction","target":{"@type":"EntryPoint","urlTemplate":"https:\/\/www.hnhlcrane.com\/?s={search_term_string}"},"query-input":{"@type":"PropertyValueSpecification","valueRequired":true,"valueName":"search_term_string"}}],"inLanguage":"es"},{"@type":"Organization","@id":"https:\/\/www.hnhlcrane.com\/#organization","name":"Proveedor de piezas de gr\u00faa-HL Crame","url":"https:\/\/www.hnhlcrane.com\/","logo":{"@type":"ImageObject","inLanguage":"es","@id":"https:\/\/www.hnhlcrane.com\/#\/schema\/logo\/image\/","url":"https:\/\/www.hnhlcrane.com\/wp-content\/uploads\/2024\/09\/logo6-1-e1733899395598.png","contentUrl":"https:\/\/www.hnhlcrane.com\/wp-content\/uploads\/2024\/09\/logo6-1-e1733899395598.png","width":1000,"height":282,"caption":"Crane Parts Supplier-HL Crame"},"image":{"@id":"https:\/\/www.hnhlcrane.com\/#\/schema\/logo\/image\/"}}]}},"_links":{"self":[{"href":"https:\/\/www.hnhlcrane.com\/es\/wp-json\/wp\/v2\/product\/5505","targetHints":{"allow":["GET"]}}],"collection":[{"href":"https:\/\/www.hnhlcrane.com\/es\/wp-json\/wp\/v2\/product"}],"about":[{"href":"https:\/\/www.hnhlcrane.com\/es\/wp-json\/wp\/v2\/types\/product"}],"version-history":[{"count":1,"href":"https:\/\/www.hnhlcrane.com\/es\/wp-json\/wp\/v2\/product\/5505\/revisions"}],"predecessor-version":[{"id":6958,"href":"https:\/\/www.hnhlcrane.com\/es\/wp-json\/wp\/v2\/product\/5505\/revisions\/6958"}],"wp:featuredmedia":[{"embeddable":true,"href":"https:\/\/www.hnhlcrane.com\/es\/wp-json\/wp\/v2\/media\/5506"}],"wp:attachment":[{"href":"https:\/\/www.hnhlcrane.com\/es\/wp-json\/wp\/v2\/media?parent=5505"}],"wp:term":[{"taxonomy":"product_brand","embeddable":true,"href":"https:\/\/www.hnhlcrane.com\/es\/wp-json\/wp\/v2\/product_brand?post=5505"},{"taxonomy":"product_cat","embeddable":true,"href":"https:\/\/www.hnhlcrane.com\/es\/wp-json\/wp\/v2\/product_cat?post=5505"},{"taxonomy":"product_tag","embeddable":true,"href":"https:\/\/www.hnhlcrane.com\/es\/wp-json\/wp\/v2\/product_tag?post=5505"}],"curies":[{"name":"wp","href":"https:\/\/api.w.org\/{rel}","templated":true}]}}