{"id":5472,"date":"2024-11-26T00:45:41","date_gmt":"2024-11-25T16:45:41","guid":{"rendered":"https:\/\/www.hnhlcrane.com\/?post_type=product&#038;p=5472"},"modified":"2025-09-10T10:45:04","modified_gmt":"2025-09-10T02:45:04","slug":"abrazaderas-de-grua-de-palanquilla-copia","status":"publish","type":"product","link":"https:\/\/www.hnhlcrane.com\/es\/product\/abrazaderas-de-grua-de-palanquilla-copia\/","title":{"rendered":"Gr\u00faa esparcidora tipo C"},"content":{"rendered":"<h6><span style=\"font-family: arial, helvetica, sans-serif; font-size: 18pt;\"><strong>Visi\u00f3n general del esparcidor tipo C de la gr\u00faa<\/strong><\/span><\/h6>\n<p>El esparcidor tipo C de Crane es un dispositivo especializado dise\u00f1ado para elevar y transportar bobinas horizontalmente. Llamado as\u00ed por su parecido con la letra \"C\", este esparcidor se utiliza com\u00fanmente en acer\u00edas, instalaciones de producci\u00f3n y procesamiento de chapas laminadas en fr\u00edo, almacenes y otros lugares de trabajo que manejan bobinas de acero horizontales.<\/p>\n<h6><span style=\"font-family: arial, helvetica, sans-serif; font-size: 18pt;\"><strong>Caracter\u00edsticas estructurales de la gr\u00faa <a href=\"https:\/\/www.hnhlcrane.com\/es\/productos\/esparcidor-especial-para-gruas\/\" target=\"_blank\" rel=\"noopener\">Esparcidor tipo C<\/a><\/strong><\/span><\/h6>\n<ul>\n<li><strong>Cuerpo principal y contrapeso<\/strong>:\n<ul>\n<li><strong>Cuerpo principal<\/strong>: Construido a partir de placas de acero y tubos de acero, lo que garantiza una excelente resistencia a la flexi\u00f3n y la torsi\u00f3n. Su estructura ligera facilita su uso y prolonga su vida \u00fatil.<\/li>\n<li><strong>Contrapeso<\/strong>: Equilibra el esparcidor y alinea su centro de gravedad con el centro del objeto elevado, garantizando un funcionamiento seguro y fiable.<\/li>\n<\/ul>\n<\/li>\n<li><strong>Opciones de dise\u00f1o de protecci\u00f3n<\/strong>:\n<ul>\n<li>En funci\u00f3n de los requisitos del usuario, pueden a\u00f1adirse medidas protectoras como placas de goma o nailon en los puntos de contacto para evitar da\u00f1os en los materiales levantados.<\/li>\n<\/ul>\n<\/li>\n<\/ul>\n<h6><span style=\"font-family: arial, helvetica, sans-serif; font-size: 18pt;\"><strong>Aplicaciones<\/strong><\/span><\/h6>\n<p>El esparcidor de tipo C es adecuado para manipular diversos materiales enrollados, incluidos:<\/p>\n<ul>\n<li><strong>Bobinas de acero<\/strong><\/li>\n<li><strong>Bobinas de aluminio<\/strong><\/li>\n<li><strong>Bobinas de cobre<\/strong><\/li>\n<li><strong>Alambr\u00f3n<\/strong><\/li>\n<\/ul>\n<p>Es especialmente eficaz en entornos que requieren una manipulaci\u00f3n cuidadosa y un transporte eficaz de bobinas horizontales.<\/p>\n<h6><span style=\"font-family: arial, helvetica, sans-serif; font-size: 18pt;\"><strong>Ventajas<\/strong><\/span><\/h6>\n<ul>\n<li><strong>Dise\u00f1o racional<\/strong>:<span style=\"font-family: var(--global-body-font-family);\">El dise\u00f1o del esparcidor garantiza la estabilidad, el equilibrio y la precisi\u00f3n durante las operaciones.<\/span><\/li>\n<li><strong>Flexibilidad y comodidad<\/strong>:<span style=\"font-family: var(--global-body-font-family);\">Los movimientos suaves y el manejo sencillo mejoran la eficiencia operativa.<\/span><\/li>\n<li><strong>Durabilidad<\/strong>:<span style=\"font-family: var(--global-body-font-family);\">Su robusta construcci\u00f3n resiste el desgaste, garantizando longevidad y fiabilidad.<\/span><\/li>\n<\/ul>\n<h6><span style=\"font-family: arial, helvetica, sans-serif; font-size: 18pt;\"><strong>Pautas de mantenimiento y uso<\/strong><\/span><\/h6>\n<ul>\n<li><strong>Requisitos de almacenamiento<\/strong>:<span style=\"font-family: var(--global-body-font-family);\">Guardar en un <\/span><strong style=\"font-family: var(--global-body-font-family);\">ambiente ventilado, seco y limpio<\/strong><span style=\"font-family: var(--global-body-font-family);\">. Evitar la exposici\u00f3n a <\/span><strong style=\"font-family: var(--global-body-font-family);\">\u00e1cido, \u00e1lcali, sal, gases qu\u00edmicos o condiciones h\u00famedas<\/strong><span style=\"font-family: var(--global-body-font-family);\"> para evitar la corrosi\u00f3n.<\/span><\/li>\n<li><strong>Protecci\u00f3n de superficies<\/strong>:<span style=\"font-family: var(--global-body-font-family);\">Aplique regularmente revestimientos antioxidantes para proteger la superficie y mantener su aspecto y durabilidad.<\/span><\/li>\n<li><strong>Lubricaci\u00f3n y limpieza<\/strong>:<span style=\"font-family: var(--global-body-font-family);\">Limpie y lubrique peri\u00f3dicamente las piezas m\u00f3viles para evitar la fricci\u00f3n en seco y los atascos, garantizando un funcionamiento sin problemas.<\/span><\/li>\n<li><strong>Inspecci\u00f3n<\/strong>:<span style=\"font-family: var(--global-body-font-family);\">Realice inspecciones peri\u00f3dicas para identificar el desgaste o los da\u00f1os en los componentes cr\u00edticos, abordando los problemas con prontitud para mantener la seguridad y la funcionalidad.<\/span><\/li>\n<\/ul>\n<p>El uso y mantenimiento adecuados del esparcidor tipo C de la gr\u00faa prolongan significativamente su vida \u00fatil, garantizando un rendimiento estable y seguridad operativa. Esta herramienta es una soluci\u00f3n indispensable para las industrias que requieren una manipulaci\u00f3n de bobinas segura y eficiente.<\/p>\n<h6><strong><span style=\"font-family: arial, helvetica, sans-serif; font-size: 18pt;\">Dimensiones y par\u00e1metros<\/span><\/strong><\/h6>\n<p><img fetchpriority=\"high\" decoding=\"async\" class=\"alignnone wp-image-5483\" src=\"https:\/\/www.hnhlcrane.com\/wp-content\/uploads\/2024\/11\/Crane-C-type-spreader-a-245x300.jpg\" alt=\"\" width=\"799\" height=\"978\" srcset=\"https:\/\/www.hnhlcrane.com\/wp-content\/uploads\/2024\/11\/Crane-C-type-spreader-a-245x300.jpg 245w, https:\/\/www.hnhlcrane.com\/wp-content\/uploads\/2024\/11\/Crane-C-type-spreader-a-768x939.jpg 768w, https:\/\/www.hnhlcrane.com\/wp-content\/uploads\/2024\/11\/Crane-C-type-spreader-a-600x734.jpg 600w, https:\/\/www.hnhlcrane.com\/wp-content\/uploads\/2024\/11\/Crane-C-type-spreader-a.jpg 800w\" sizes=\"(max-width: 799px) 100vw, 799px\" \/><\/p>","protected":false},"excerpt":{"rendered":"<p>Gancho tipo C para gr\u00faa puente,Gancho tipo C para gr\u00faa puente,Gancho tipo C para gr\u00faa puente,Esparcidor tipo C,Gancho tipo C para gr\u00faa puente,Esparcidor tipo C para gr\u00faa puente,Esparcidor especial para gr\u00faa puente<\/p>","protected":false},"featured_media":5473,"template":"","meta":{"_kad_post_transparent":"default","_kad_post_title":"","_kad_post_layout":"default","_kad_post_sidebar_id":"","_kad_post_content_style":"default","_kad_post_vertical_padding":"show","_kad_post_feature":"","_kad_post_feature_position":"","_kad_post_header":false,"_kad_post_footer":false},"product_brand":[],"product_cat":[59],"product_tag":[211,210,206,207,209,205,208,185],"class_list":{"0":"post-5472","1":"product","2":"type-product","3":"status-publish","4":"has-post-thumbnail","6":"product_cat-special-crane-spreader","7":"product_tag-c-type-hook","8":"product_tag-c-type-spreader","9":"product_tag-coil-c-type-hook","10":"product_tag-coil-hook","11":"product_tag-crane-c-hook","12":"product_tag-crane-c-type-spreader","13":"product_tag-overhead-crane-steel-coil-c-type-hook","14":"product_tag-special-crane-spreader","16":"first","17":"instock","18":"featured","19":"shipping-taxable","20":"product-type-simple","21":"entry","22":"content-bg","23":"loop-entry"},"yoast_head":"<!-- This site is optimized with the Yoast SEO plugin v25.6 - https:\/\/yoast.com\/wordpress\/plugins\/seo\/ -->\n<title>Crane C-type spreader \u2013 Heavy-Duty Lifting &amp; Container Handling Solution<\/title>\n<meta name=\"description\" content=\"High-quality crane C-type spreader for safe and efficient container and cargo handling. Ideal for overhead cranes, gantry cranes, and port operations.\" \/>\n<meta name=\"robots\" content=\"index, follow, max-snippet:-1, max-image-preview:large, max-video-preview:-1\" \/>\n<link rel=\"canonical\" href=\"https:\/\/www.hnhlcrane.com\/es\/product\/abrazaderas-de-grua-de-palanquilla-copia\/\" \/>\n<meta property=\"og:locale\" content=\"es_ES\" \/>\n<meta property=\"og:type\" content=\"article\" \/>\n<meta property=\"og:title\" content=\"Crane C-type spreader \u2013 Heavy-Duty Lifting &amp; Container Handling Solution\" \/>\n<meta property=\"og:description\" content=\"High-quality crane C-type spreader for safe and efficient container and cargo handling. Ideal for overhead cranes, gantry cranes, and port operations.\" \/>\n<meta property=\"og:url\" content=\"https:\/\/www.hnhlcrane.com\/es\/product\/abrazaderas-de-grua-de-palanquilla-copia\/\" \/>\n<meta property=\"og:site_name\" content=\"Crane Parts Supplier-HL Crame\" \/>\n<meta property=\"article:modified_time\" content=\"2025-09-10T02:45:04+00:00\" \/>\n<meta property=\"og:image\" content=\"https:\/\/www.hnhlcrane.com\/wp-content\/uploads\/2024\/11\/Crane-C-type-spreader-1.jpg\" \/>\n\t<meta property=\"og:image:width\" content=\"600\" \/>\n\t<meta property=\"og:image:height\" content=\"600\" \/>\n\t<meta property=\"og:image:type\" content=\"image\/jpeg\" \/>\n<meta name=\"twitter:card\" content=\"summary_large_image\" \/>\n<meta name=\"twitter:label1\" content=\"Tiempo de lectura\" \/>\n\t<meta name=\"twitter:data1\" content=\"2 minutos\" \/>\n<script type=\"application\/ld+json\" class=\"yoast-schema-graph\">{\"@context\":\"https:\/\/schema.org\",\"@graph\":[{\"@type\":\"WebPage\",\"@id\":\"https:\/\/www.hnhlcrane.com\/product\/billet-crane-clamps-copy\/\",\"url\":\"https:\/\/www.hnhlcrane.com\/product\/billet-crane-clamps-copy\/\",\"name\":\"Crane C-type spreader \u2013 Heavy-Duty Lifting & Container Handling Solution\",\"isPartOf\":{\"@id\":\"https:\/\/www.hnhlcrane.com\/#website\"},\"primaryImageOfPage\":{\"@id\":\"https:\/\/www.hnhlcrane.com\/product\/billet-crane-clamps-copy\/#primaryimage\"},\"image\":{\"@id\":\"https:\/\/www.hnhlcrane.com\/product\/billet-crane-clamps-copy\/#primaryimage\"},\"thumbnailUrl\":\"https:\/\/www.hnhlcrane.com\/wp-content\/uploads\/2024\/11\/Crane-C-type-spreader-1.jpg\",\"datePublished\":\"2024-11-25T16:45:41+00:00\",\"dateModified\":\"2025-09-10T02:45:04+00:00\",\"description\":\"High-quality crane C-type spreader for safe and efficient container and cargo handling. Ideal for overhead cranes, gantry cranes, and port operations.\",\"breadcrumb\":{\"@id\":\"https:\/\/www.hnhlcrane.com\/product\/billet-crane-clamps-copy\/#breadcrumb\"},\"inLanguage\":\"es\",\"potentialAction\":[{\"@type\":\"ReadAction\",\"target\":[\"https:\/\/www.hnhlcrane.com\/product\/billet-crane-clamps-copy\/\"]}]},{\"@type\":\"ImageObject\",\"inLanguage\":\"es\",\"@id\":\"https:\/\/www.hnhlcrane.com\/product\/billet-crane-clamps-copy\/#primaryimage\",\"url\":\"https:\/\/www.hnhlcrane.com\/wp-content\/uploads\/2024\/11\/Crane-C-type-spreader-1.jpg\",\"contentUrl\":\"https:\/\/www.hnhlcrane.com\/wp-content\/uploads\/2024\/11\/Crane-C-type-spreader-1.jpg\",\"width\":600,\"height\":600},{\"@type\":\"BreadcrumbList\",\"@id\":\"https:\/\/www.hnhlcrane.com\/product\/billet-crane-clamps-copy\/#breadcrumb\",\"itemListElement\":[{\"@type\":\"ListItem\",\"position\":1,\"name\":\"home\",\"item\":\"https:\/\/www.hnhlcrane.com\/\"},{\"@type\":\"ListItem\",\"position\":2,\"name\":\"products\",\"item\":\"https:\/\/www.hnhlcrane.com\/products\/\"},{\"@type\":\"ListItem\",\"position\":3,\"name\":\"Crane C-type spreader\"}]},{\"@type\":\"WebSite\",\"@id\":\"https:\/\/www.hnhlcrane.com\/#website\",\"url\":\"https:\/\/www.hnhlcrane.com\/\",\"name\":\"Crane Parts Supplier-HL Crame\",\"description\":\"One-stop solution for all your  crane parts needs,Crane Hook,Crane Drum,Crane Wheel,Crane Coupling,Crane Gearbox,Crane Motor,Crane Brake,Special Crane Spreader,Crane grab,Container spreader,Billet crane clamps,Crane C-type spreader,Lifting Electromagnet,Crane Rail Clips,Electric Hoist,FEM Standard Crane End Carriages,Light Crane Parts,Workstation Crane Parts,Crane Electrical Parts,I-beam cable trolley,Crane remote controller,Crane electrical control cabinet,Crane limit switch,Crane sound and light alarm,Heavy Duty Aviation Connector,Crane overload limiter,China Crane Parts Supplier,Crane hooks,Gantry crane hook,Crane accessories,Forged hook,hook processing,Hook manufacturer,China standard crane hook,electric hoist hook,Crane pulley,Hook pulley,Rolled pulley,Crane Pulley Supplier\uff0cEuropean hook pulley,Gantry crane hook pulley,WZL type crane drum,European style reel set,Crane reel,crane parts,Drum processing,crane drum manufacturer,Cast steel drum,Electric hoist drum,Crane drum assembly,DRS Wheel Blocks,European crane wheel,Forged wheels,Active wheel set,Driving wheel set,Driven wheel group,crane wheels manufacturer,Demag crane wheels,Konecranes Crane Wheels,Overhead crane Wheel,Shaft couplings,Power Transmission Couplings,Disc Couplings,Fluid couplings,Coupling manufacturer\uff0cCardan coupling,Crane Reducer,Crane Decelerators,Reducer gearbox,Reducer for crane,Gear Reducer For Crane,Hard tooth surface reducerCrane and hoist reducer,Flender reducer,Reducer manufacturer,ZQ reducer,QJ reducer,QJY reducer,Gear Motors,Konecranes reducer,F series three-in-one reducer,K series three-in-one reducer,travelling machinery,Travelling Motor With Gear,Gear Motor for Crane Traveling,Travelling machinery Frequency inverter motors,FEM standard Gear Motors,Crane motors,Inverter motors,Hoist motors,motorCrane duty motors,Special motor for crane,YZR YZP YZ series motors,Crane and hoist motor,Frequency conversion motor,Electro hydraulic drum brakes,Electro-hydraulic disc brakes,Brake,Overhead Crane Brakes,Disc brakes,Electromagnetic disk brake,Crane hydraulic disc brake,Brakes manufacturer,crane Safety brakes,Singlr rope grab,Four rope grab,Electro-hydraulic multi-flap grab,Orange peel grab,Electric motor grab,Electro-Hydraulicclamshell grab,grab manufacturers,Container spreader manufacturers,20ft Container Spreader,Semi Automatic container spreader,40ft Container Lifting Frame,TEC container Spreader,Billet lifting clamp,Billet Clamps,Billet crane clamps manufacturer,billet lifting clamps china supplier,Coil C-Type Hook,coil hook,Overhead Crane Steel Coil C-Type Hook,Crane C-hook,C-type spreader,C-type hook,Crane magnets,Rail fixing device,Crane Rail fixing device,crane Rail Clamp,CD\/MD Wire Rope Electric Hoist,Wire Rope Electric Hoist China Manufacturer,Single Girder Wire Rope Electric Hoist,Double Girder Wire Rope Electric Hoist,Chain Hoist,Electric chain hoist manufacturer,Electric chain hoist China distributor,European wire rope electric hoist\uff0cEuropean double beam wire rope electric hoist,European Style Single Beam Crane End Carriage,FEN\/DIN European Style Single Beam Crane End Carriage,Crane end beam manufacturers,European style hoist double beam crane end beam,Suspension crane end beam,European style suspended single beam crane end beam,FEN\/DIN Suspension crane end beam,crane cable trolley,Wireless remote control,remote controller,Crane control handle,Crane Controls,electrical control cabinet,crane control cabinet,Limit switch,Sound and light alarm,Aviation plug,quick connector,Crane aviation plug,Overload limiter\",\"publisher\":{\"@id\":\"https:\/\/www.hnhlcrane.com\/#organization\"},\"potentialAction\":[{\"@type\":\"SearchAction\",\"target\":{\"@type\":\"EntryPoint\",\"urlTemplate\":\"https:\/\/www.hnhlcrane.com\/?s={search_term_string}\"},\"query-input\":{\"@type\":\"PropertyValueSpecification\",\"valueRequired\":true,\"valueName\":\"search_term_string\"}}],\"inLanguage\":\"es\"},{\"@type\":\"Organization\",\"@id\":\"https:\/\/www.hnhlcrane.com\/#organization\",\"name\":\"Crane Parts Supplier-HL Crame\",\"url\":\"https:\/\/www.hnhlcrane.com\/\",\"logo\":{\"@type\":\"ImageObject\",\"inLanguage\":\"es\",\"@id\":\"https:\/\/www.hnhlcrane.com\/#\/schema\/logo\/image\/\",\"url\":\"https:\/\/www.hnhlcrane.com\/wp-content\/uploads\/2024\/09\/logo6-1-e1733899395598.png\",\"contentUrl\":\"https:\/\/www.hnhlcrane.com\/wp-content\/uploads\/2024\/09\/logo6-1-e1733899395598.png\",\"width\":1000,\"height\":282,\"caption\":\"Crane Parts Supplier-HL Crame\"},\"image\":{\"@id\":\"https:\/\/www.hnhlcrane.com\/#\/schema\/logo\/image\/\"}}]}<\/script>\n<!-- \/ Yoast SEO plugin. -->","yoast_head_json":{"title":"Crane C-type spreader - Soluci\u00f3n de elevaci\u00f3n de cargas pesadas y manipulaci\u00f3n de contenedores","description":"Esparcidor tipo C de gr\u00faa de alta calidad para la manipulaci\u00f3n segura y eficaz de contenedores y cargas. Ideal para gr\u00faas puente, gr\u00faas p\u00f3rtico y operaciones portuarias.","robots":{"index":"index","follow":"follow","max-snippet":"max-snippet:-1","max-image-preview":"max-image-preview:large","max-video-preview":"max-video-preview:-1"},"canonical":"https:\/\/www.hnhlcrane.com\/es\/product\/abrazaderas-de-grua-de-palanquilla-copia\/","og_locale":"es_ES","og_type":"article","og_title":"Crane C-type spreader \u2013 Heavy-Duty Lifting & Container Handling Solution","og_description":"High-quality crane C-type spreader for safe and efficient container and cargo handling. Ideal for overhead cranes, gantry cranes, and port operations.","og_url":"https:\/\/www.hnhlcrane.com\/es\/product\/abrazaderas-de-grua-de-palanquilla-copia\/","og_site_name":"Crane Parts Supplier-HL Crame","article_modified_time":"2025-09-10T02:45:04+00:00","og_image":[{"width":600,"height":600,"url":"https:\/\/www.hnhlcrane.com\/wp-content\/uploads\/2024\/11\/Crane-C-type-spreader-1.jpg","type":"image\/jpeg"}],"twitter_card":"summary_large_image","twitter_misc":{"Tiempo de lectura":"2 minutos"},"schema":{"@context":"https:\/\/schema.org","@graph":[{"@type":"WebPage","@id":"https:\/\/www.hnhlcrane.com\/product\/billet-crane-clamps-copy\/","url":"https:\/\/www.hnhlcrane.com\/product\/billet-crane-clamps-copy\/","name":"Crane C-type spreader - Soluci\u00f3n de elevaci\u00f3n de cargas pesadas y manipulaci\u00f3n de contenedores","isPartOf":{"@id":"https:\/\/www.hnhlcrane.com\/#website"},"primaryImageOfPage":{"@id":"https:\/\/www.hnhlcrane.com\/product\/billet-crane-clamps-copy\/#primaryimage"},"image":{"@id":"https:\/\/www.hnhlcrane.com\/product\/billet-crane-clamps-copy\/#primaryimage"},"thumbnailUrl":"https:\/\/www.hnhlcrane.com\/wp-content\/uploads\/2024\/11\/Crane-C-type-spreader-1.jpg","datePublished":"2024-11-25T16:45:41+00:00","dateModified":"2025-09-10T02:45:04+00:00","description":"Esparcidor tipo C de gr\u00faa de alta calidad para la manipulaci\u00f3n segura y eficaz de contenedores y cargas. Ideal para gr\u00faas puente, gr\u00faas p\u00f3rtico y operaciones portuarias.","breadcrumb":{"@id":"https:\/\/www.hnhlcrane.com\/product\/billet-crane-clamps-copy\/#breadcrumb"},"inLanguage":"es","potentialAction":[{"@type":"ReadAction","target":["https:\/\/www.hnhlcrane.com\/product\/billet-crane-clamps-copy\/"]}]},{"@type":"ImageObject","inLanguage":"es","@id":"https:\/\/www.hnhlcrane.com\/product\/billet-crane-clamps-copy\/#primaryimage","url":"https:\/\/www.hnhlcrane.com\/wp-content\/uploads\/2024\/11\/Crane-C-type-spreader-1.jpg","contentUrl":"https:\/\/www.hnhlcrane.com\/wp-content\/uploads\/2024\/11\/Crane-C-type-spreader-1.jpg","width":600,"height":600},{"@type":"BreadcrumbList","@id":"https:\/\/www.hnhlcrane.com\/product\/billet-crane-clamps-copy\/#breadcrumb","itemListElement":[{"@type":"ListItem","position":1,"name":"home","item":"https:\/\/www.hnhlcrane.com\/"},{"@type":"ListItem","position":2,"name":"products","item":"https:\/\/www.hnhlcrane.com\/products\/"},{"@type":"ListItem","position":3,"name":"Crane C-type spreader"}]},{"@type":"WebSite","@id":"https:\/\/www.hnhlcrane.com\/#website","url":"https:\/\/www.hnhlcrane.com\/","name":"Proveedor de piezas de gr\u00faa-HL Crame","description":"Una soluci\u00f3n para todas sus necesidades de piezas de la gr\u00faa,Gancho de gr\u00faa,Tambor de gr\u00faa,Rueda de gr\u00faa,Acoplamiento de gr\u00faa,Caja de engranajes de gr\u00faa,Motor de gr\u00faa,Freno de gr\u00faa,Esparcidor de gr\u00faa especial,Cuchara de gr\u00faa,Esparcidor de contenedores,Abrazaderas de gr\u00faa de palanquilla,Esparcidor de gr\u00faa tipo C,Electroim\u00e1n de elevaci\u00f3n,Ganchos de carril de gr\u00faa,Polipasto el\u00e9ctrico,Carros de extremo de gr\u00faa est\u00e1ndar FEM,Piezas de gr\u00faa ligera,Piezas de gr\u00faa para estaci\u00f3n de trabajo,Piezas el\u00e9ctricas de gr\u00faa,Carro de cable de viga en I,Control remoto de gr\u00faa,Armario de control el\u00e9ctrico de gr\u00faa,Interruptor de l\u00edmite de gr\u00faa,Alarma ac\u00fastica y luminosa de gr\u00faa,Conector de aviaci\u00f3n de alta resistencia,Limitador de sobrecarga de gr\u00faa,Proveedor de piezas de gr\u00faa de China,Ganchos de gr\u00faa,Gancho de gr\u00faa de p\u00f3rtico,Accesorios de gr\u00faa,Gancho forjado,Procesamiento de ganchos,Fabricante de ganchos,Gancho de gr\u00faa est\u00e1ndar de China,Gancho de polipasto el\u00e9ctrico,Polea de gr\u00faa,Polea de gancho,Polea enrollada,Proveedor de polea de gr\u00faa\uff0cPolea de gancho europea,Polea de gancho de gr\u00faa de p\u00f3rtico,Tambor de gr\u00faa tipo WZL,Juego de carretes estilo europeo,Carrete de gr\u00faa,Piezas de gr\u00faa,Procesamiento de tambor,Fabricante de tambor de gr\u00faa,Tambor de acero fundido,Tambor de polipasto el\u00e9ctrico,Conjunto de tambor de gr\u00faa,Bloques de rueda DRS,Rueda de gr\u00faa europea,Ruedas forjadas,Conjunto de rueda activa,Conjunto de rueda motriz,Grupo de rueda motriz,Fabricante de ruedas de gr\u00faa,Ruedas de gr\u00faa Demag,Ruedas de gr\u00faa Konecranes,Rueda de gr\u00faa puente,Acoplamientos de eje,Acoplamientos de transmisi\u00f3n de potencia,Acoplamientos de disco,Acoplamientos de fluido,Fabricante de acoplamientos\uff0cAcoplamiento Cardan,Reductor de gr\u00faa,Reductores para gr\u00faa,Reductor para gr\u00faa,Reductor para gr\u00faa,Reductor de superficie de dientes duros,Reductor para gr\u00faa y polipasto,Reductor Flender,Fabricante de reductores,Reductor ZQ,Reductor QJ,Reductor QJY,Motorreductores,Reductor Konecranes,Reductor tres en uno serie F,Reductor tres en uno serie K,Maquinaria de traslaci\u00f3n,Motorreductor con engranaje,Motorreductor para traslaci\u00f3n de gr\u00faas,Maquinaria de traslaci\u00f3n Motores con variador de frecuencia,Motores con engranaje est\u00e1ndar FEM,Motores para gr\u00faas,Motores con convertidor de frecuencia,Motores para gr\u00faas,Motores especiales para gr\u00faas,Motores serie YZR YZP YZ,Motores para gr\u00faas y polipastos,Motores con convertidor de frecuencia,Frenos de tambor electrohidr\u00e1ulicos,Frenos de disco electrohidr\u00e1ulicos,Frenos para gr\u00faas puente,Frenos de disco,Frenos de disco electromagn\u00e9ticos,Frenos de disco hidr\u00e1ulicos para gr\u00faas,Fabricante de frenos,Frenos de seguridad para gr\u00faas,Cuchara montacable,Cuchara cu\u00e1druple,Cuchara multipaleta electrohidr\u00e1ulica,Cuchara de piel de naranja,Cuchara con motor el\u00e9ctrico,Cuchara electrohidr\u00e1ulica,Cuchara de almeja,Cuchara para contenedores,Cuchara para contenedores de 20 pies,Cuchara semiautom\u00e1tica para contenedores,Cuchara para contenedores de 40 pies,Cuchara para contenedores TEC,Pinza elevadora de palanquilla,Pinza elevadora de palanquilla,Pinza elevadora de palanquilla fabricante,Pinza elevadora de palanquilla proveedor chino,Gancho tipo C de bobina,Gancho de bobina,Gancho tipo C de acero para gr\u00faa puente,Gancho tipo C para gr\u00faa,C-type spreader,C-type hook,Crane magnets,Rail fixing device,Gr\u00faa Dispositivo de fijaci\u00f3n de carril,Gr\u00faa Abrazadera de carril,Polipasto el\u00e9ctrico de cable CD\/MD,Polipasto el\u00e9ctrico de cable China,Polipasto el\u00e9ctrico de cable monorra\u00edl,Polipasto el\u00e9ctrico de cable birra\u00edl,Polipasto de cadena,Polipasto el\u00e9ctrico de cadena fabricante,Polipasto el\u00e9ctrico de cadena distribuidor China,Polipasto el\u00e9ctrico de cable europeo,Polipasto el\u00e9ctrico de cable europeo de doble viga,Testero de gr\u00faa monohaz estilo europeo,Testero de gr\u00faa monohaz estilo europeo FEN\/DIN,Gr\u00faa fabricantes de viga final,estilo europeo polipasto de doble viga de la gr\u00faa viga final,Gr\u00faa suspendida viga final,FEN \/ DIN gr\u00faa suspendida viga final,gr\u00faa carro de cable,mando a distancia inal\u00e1mbrico,mando a distancia,Mango de control de gr\u00faa,Controles de gr\u00faa,gabinete de control el\u00e9ctrico,gabinete de control de gr\u00faa,Interruptor de l\u00edmite,Sonido y luz de alarma,Aviaci\u00f3n enchufe,conector r\u00e1pido,Gr\u00faa de aviaci\u00f3n enchufe,Limitador de sobrecarga","publisher":{"@id":"https:\/\/www.hnhlcrane.com\/#organization"},"potentialAction":[{"@type":"SearchAction","target":{"@type":"EntryPoint","urlTemplate":"https:\/\/www.hnhlcrane.com\/?s={search_term_string}"},"query-input":{"@type":"PropertyValueSpecification","valueRequired":true,"valueName":"search_term_string"}}],"inLanguage":"es"},{"@type":"Organization","@id":"https:\/\/www.hnhlcrane.com\/#organization","name":"Proveedor de piezas de gr\u00faa-HL Crame","url":"https:\/\/www.hnhlcrane.com\/","logo":{"@type":"ImageObject","inLanguage":"es","@id":"https:\/\/www.hnhlcrane.com\/#\/schema\/logo\/image\/","url":"https:\/\/www.hnhlcrane.com\/wp-content\/uploads\/2024\/09\/logo6-1-e1733899395598.png","contentUrl":"https:\/\/www.hnhlcrane.com\/wp-content\/uploads\/2024\/09\/logo6-1-e1733899395598.png","width":1000,"height":282,"caption":"Crane Parts Supplier-HL Crame"},"image":{"@id":"https:\/\/www.hnhlcrane.com\/#\/schema\/logo\/image\/"}}]}},"_links":{"self":[{"href":"https:\/\/www.hnhlcrane.com\/es\/wp-json\/wp\/v2\/product\/5472","targetHints":{"allow":["GET"]}}],"collection":[{"href":"https:\/\/www.hnhlcrane.com\/es\/wp-json\/wp\/v2\/product"}],"about":[{"href":"https:\/\/www.hnhlcrane.com\/es\/wp-json\/wp\/v2\/types\/product"}],"version-history":[{"count":2,"href":"https:\/\/www.hnhlcrane.com\/es\/wp-json\/wp\/v2\/product\/5472\/revisions"}],"predecessor-version":[{"id":6955,"href":"https:\/\/www.hnhlcrane.com\/es\/wp-json\/wp\/v2\/product\/5472\/revisions\/6955"}],"wp:featuredmedia":[{"embeddable":true,"href":"https:\/\/www.hnhlcrane.com\/es\/wp-json\/wp\/v2\/media\/5473"}],"wp:attachment":[{"href":"https:\/\/www.hnhlcrane.com\/es\/wp-json\/wp\/v2\/media?parent=5472"}],"wp:term":[{"taxonomy":"product_brand","embeddable":true,"href":"https:\/\/www.hnhlcrane.com\/es\/wp-json\/wp\/v2\/product_brand?post=5472"},{"taxonomy":"product_cat","embeddable":true,"href":"https:\/\/www.hnhlcrane.com\/es\/wp-json\/wp\/v2\/product_cat?post=5472"},{"taxonomy":"product_tag","embeddable":true,"href":"https:\/\/www.hnhlcrane.com\/es\/wp-json\/wp\/v2\/product_tag?post=5472"}],"curies":[{"name":"wp","href":"https:\/\/api.w.org\/{rel}","templated":true}]}}