{"id":5777,"date":"2024-12-06T00:21:10","date_gmt":"2024-12-05T16:21:10","guid":{"rendered":"https:\/\/www.hnhlcrane.com\/?post_type=product&#038;p=5777"},"modified":"2024-12-10T23:29:09","modified_gmt":"2024-12-10T15:29:09","slug":"kranendschalter","status":"publish","type":"product","link":"https:\/\/www.hnhlcrane.com\/de\/product\/kranendschalter\/","title":{"rendered":"Kran-Endschalter"},"content":{"rendered":"<h6><strong><span style=\"font-family: arial, helvetica, sans-serif; font-size: 18pt;\">\u00dcbersicht \u00fcber den Kranendschalter DXZ<\/span><\/strong><\/h6>\n<p>Die <strong>DXZ-Kranendschalter<\/strong> ist eine wichtige Vorrichtung zur Regulierung des Betriebsbereichs von Kr\u00e4nen und anderen schweren Maschinen. Seine Hauptfunktion besteht darin, die Sicherheit zu gew\u00e4hrleisten, indem Kollisionen oder \u00dcberlastungen durch pr\u00e4zise Positionskontrolle verhindert werden. Er kombiniert mechanische und elektronische Komponenten f\u00fcr eine genaue Grenzwertkontrolle und ist damit eine zuverl\u00e4ssige Wahl f\u00fcr schwere Anwendungen.<\/p>\n<h6><strong><span style=\"font-family: arial, helvetica, sans-serif; font-size: 18pt;\">Wichtige Parameter<\/span><\/strong><\/h6>\n<ol>\n<li><strong>Betriebsumgebung<\/strong>:\n<ul>\n<li><strong>Temperaturbereich<\/strong>-40\u00b0C bis +55\u00b0C.<\/li>\n<li><strong>Relative Luftfeuchtigkeit<\/strong>\u2264 90%.<\/li>\n<\/ul>\n<\/li>\n<li><strong>\u00dcbersetzungsverh\u00e4ltnis<\/strong>:\n<ul>\n<li>Zu den Optionen geh\u00f6ren: 1:13, 1:17, 1:46, 1:60, 1:78, 1:210, 1:274, 1:960.<\/li>\n<\/ul>\n<\/li>\n<li><strong>Wiederholung der Positionierungsgenauigkeit<\/strong>:\n<ul>\n<li>Der Winkelfehler der Speicherkurve betr\u00e4gt \u2264 0,005 Radiant (~0,3 Grad).<\/li>\n<\/ul>\n<\/li>\n<li><strong>Nennspannung<\/strong>:\n<ul>\n<li>AC: 125-250V.<\/li>\n<li>DC: 30V.<\/li>\n<\/ul>\n<\/li>\n<li><strong>Nennstrom<\/strong>:\n<ul>\n<li>AC: 6A.<\/li>\n<li>DC: 4A.<\/li>\n<\/ul>\n<\/li>\n<li><strong>Steuerstromkreise<\/strong>:\n<ul>\n<li>Die Standardausf\u00fchrung umfasst 1-4 Steuerkreise, die je nach Benutzeranforderungen auf 5-6 Kreise erweitert werden k\u00f6nnen.<\/li>\n<\/ul>\n<\/li>\n<\/ol>\n<h6><strong><span style=\"font-family: arial, helvetica, sans-serif; font-size: 18pt;\">Anwendungen und Merkmale<\/span><\/strong><\/h6>\n<p>Der Kranendschalter DXZ ist in verschiedenen mechanischen Ger\u00e4ten weit verbreitet, insbesondere in schweren Ger\u00e4ten wie Turmdrehkr\u00e4nen und Portalkr\u00e4nen. Zu seinen wichtigsten Funktionen und Eigenschaften geh\u00f6ren:<\/p>\n<ol>\n<li><strong>Sicherheitsgarantie<\/strong>:\n<ul>\n<li>Verhindert, dass Maschinen die sicheren Betriebsgrenzen \u00fcberschreiten.<\/li>\n<\/ul>\n<\/li>\n<li><strong>Pr\u00e4zisionskontrolle<\/strong>:\n<ul>\n<li>Erzielt eine genaue Positionierung und Bereichsbegrenzung durch mechanische oder elektronische Sensoren.<\/li>\n<\/ul>\n<\/li>\n<li><strong>Vielseitigkeit<\/strong>:\n<ul>\n<li>Geeignet f\u00fcr verschiedene anspruchsvolle Umgebungen, die eine zuverl\u00e4ssige Leistung gew\u00e4hrleisten.<\/li>\n<\/ul>\n<\/li>\n<\/ol>\n<h6><strong><span style=\"font-family: arial, helvetica, sans-serif; font-size: 18pt;\">Installation und Wartung<\/span><\/strong><\/h6>\n<ol>\n<li><strong>Installationsrichtlinien<\/strong>:\n<ul>\n<li>Befestigen Sie den Schalter fest, um Vibrationen w\u00e4hrend des Betriebs zu vermeiden.<\/li>\n<li>Vergewissern Sie sich, dass alle Kabelanschl\u00fcsse korrekt und in \u00dcbereinstimmung mit dem Betriebskonzept sind.<\/li>\n<\/ul>\n<\/li>\n<li><strong>Empfehlungen f\u00fcr die Wartung<\/strong>:\n<ul>\n<li>\u00dcberpr\u00fcfen Sie regelm\u00e4\u00dfig die mechanischen Komponenten und elektrischen Anschl\u00fcsse auf Verschlei\u00df oder Besch\u00e4digung.<\/li>\n<li>Passen Sie die Position und die Empfindlichkeit des Begrenzers regelm\u00e4\u00dfig an, um eine optimale Leistung zu gew\u00e4hrleisten.<\/li>\n<\/ul>\n<\/li>\n<\/ol>\n<p>Durch die Einhaltung ordnungsgem\u00e4\u00dfer Installations- und Wartungspraktiken gew\u00e4hrleistet der DXZ-Kranendschalter langfristige Zuverl\u00e4ssigkeit und tr\u00e4gt zum sicheren und effizienten Betrieb von Kransystemen bei.<\/p>","protected":false},"excerpt":{"rendered":"<p><strong><span style=\"font-family: arial, helvetica, sans-serif; font-size: 14pt;\">Hauptparameter des DXZ-Kranendschalters:<\/span><\/strong><br \/>\nUmgebungstemperatur: Der Betriebstemperaturbereich ist -40\u2103 bis +55\u2103, und die relative Luftfeuchtigkeit ist nicht mehr als 90%.<br \/>\n\u00dcbersetzungsverh\u00e4ltnis: 1:13, 1:17, 1:46, 1:60, 1:78, 1:210, 1:274, 1:960<br \/>\nWiederholbare Positioniergenauigkeit: Der Winkelfehler der Speicherkurve betr\u00e4gt nicht mehr als 0,005 Radiant (etwa 0,3 Grad).<br \/>\nNennspannung: Die Nennbetriebsspannung betr\u00e4gt AC 125-250V oder DC 30V.<br \/>\nNennstrom: Der Nennarbeitsstrom betr\u00e4gt 6A (AC) oder 4A (DC).<\/p>","protected":false},"featured_media":5779,"template":"","meta":{"_kad_post_transparent":"default","_kad_post_title":"","_kad_post_layout":"default","_kad_post_sidebar_id":"","_kad_post_content_style":"default","_kad_post_vertical_padding":"show","_kad_post_feature":"","_kad_post_feature_position":"","_kad_post_header":false,"_kad_post_footer":false},"product_brand":[],"product_cat":[65],"product_tag":[284,309,310,307],"class_list":{"0":"post-5777","1":"product","2":"type-product","3":"status-publish","4":"has-post-thumbnail","6":"product_cat-crane-electrical-parts","7":"product_tag-crane-electrical-parts","8":"product_tag-crane-limit-switch","9":"product_tag-dxz-crane-limit-switch","10":"product_tag-limit-switch","12":"first","13":"instock","14":"shipping-taxable","15":"product-type-simple","16":"entry","17":"content-bg","18":"loop-entry"},"yoast_head":"<!-- This site is optimized with the Yoast SEO plugin v25.6 - https:\/\/yoast.com\/wordpress\/plugins\/seo\/ -->\n<title>Crane limit switch -\u200cDXZ limit switch-lifting rotation limit switch<\/title>\n<meta name=\"description\" content=\"Infrared anti-collision device,cross limit switch,heavy hammer limit switch,lifting rotation limit switch,Limit switch manufacturer,Crane limit switch\" \/>\n<meta name=\"robots\" content=\"index, follow, max-snippet:-1, max-image-preview:large, max-video-preview:-1\" \/>\n<link rel=\"canonical\" href=\"https:\/\/www.hnhlcrane.com\/de\/product\/kranendschalter\/\" \/>\n<meta property=\"og:locale\" content=\"de_DE\" \/>\n<meta property=\"og:type\" content=\"article\" \/>\n<meta property=\"og:title\" content=\"Crane limit switch -\u200cDXZ limit switch-lifting rotation limit switch\" \/>\n<meta property=\"og:description\" content=\"Infrared anti-collision device,cross limit switch,heavy hammer limit switch,lifting rotation limit switch,Limit switch manufacturer,Crane limit switch\" \/>\n<meta property=\"og:url\" content=\"https:\/\/www.hnhlcrane.com\/de\/product\/kranendschalter\/\" \/>\n<meta property=\"og:site_name\" content=\"Crane Parts Supplier-HL Crame\" \/>\n<meta property=\"article:modified_time\" content=\"2024-12-10T15:29:09+00:00\" \/>\n<meta property=\"og:image\" content=\"https:\/\/www.hnhlcrane.com\/wp-content\/uploads\/2024\/12\/Crane-limit-switch-dxz-1.jpg\" \/>\n\t<meta property=\"og:image:width\" content=\"600\" \/>\n\t<meta property=\"og:image:height\" content=\"600\" \/>\n\t<meta property=\"og:image:type\" content=\"image\/jpeg\" \/>\n<meta name=\"twitter:card\" content=\"summary_large_image\" \/>\n<meta name=\"twitter:label1\" content=\"Gesch\u00e4tzte Lesezeit\" \/>\n\t<meta name=\"twitter:data1\" content=\"2\u00a0Minuten\" \/>\n<script type=\"application\/ld+json\" class=\"yoast-schema-graph\">{\"@context\":\"https:\/\/schema.org\",\"@graph\":[{\"@type\":\"WebPage\",\"@id\":\"https:\/\/www.hnhlcrane.com\/product\/crane-limit-switch\/\",\"url\":\"https:\/\/www.hnhlcrane.com\/product\/crane-limit-switch\/\",\"name\":\"Crane limit switch -\u200cDXZ limit switch-lifting rotation limit switch\",\"isPartOf\":{\"@id\":\"https:\/\/www.hnhlcrane.com\/#website\"},\"primaryImageOfPage\":{\"@id\":\"https:\/\/www.hnhlcrane.com\/product\/crane-limit-switch\/#primaryimage\"},\"image\":{\"@id\":\"https:\/\/www.hnhlcrane.com\/product\/crane-limit-switch\/#primaryimage\"},\"thumbnailUrl\":\"https:\/\/www.hnhlcrane.com\/wp-content\/uploads\/2024\/12\/Crane-limit-switch-dxz-1.jpg\",\"datePublished\":\"2024-12-05T16:21:10+00:00\",\"dateModified\":\"2024-12-10T15:29:09+00:00\",\"description\":\"Infrared anti-collision device,cross limit switch,heavy hammer limit switch,lifting rotation limit switch,Limit switch manufacturer,Crane limit switch\",\"breadcrumb\":{\"@id\":\"https:\/\/www.hnhlcrane.com\/product\/crane-limit-switch\/#breadcrumb\"},\"inLanguage\":\"de\",\"potentialAction\":[{\"@type\":\"ReadAction\",\"target\":[\"https:\/\/www.hnhlcrane.com\/product\/crane-limit-switch\/\"]}]},{\"@type\":\"ImageObject\",\"inLanguage\":\"de\",\"@id\":\"https:\/\/www.hnhlcrane.com\/product\/crane-limit-switch\/#primaryimage\",\"url\":\"https:\/\/www.hnhlcrane.com\/wp-content\/uploads\/2024\/12\/Crane-limit-switch-dxz-1.jpg\",\"contentUrl\":\"https:\/\/www.hnhlcrane.com\/wp-content\/uploads\/2024\/12\/Crane-limit-switch-dxz-1.jpg\",\"width\":600,\"height\":600},{\"@type\":\"BreadcrumbList\",\"@id\":\"https:\/\/www.hnhlcrane.com\/product\/crane-limit-switch\/#breadcrumb\",\"itemListElement\":[{\"@type\":\"ListItem\",\"position\":1,\"name\":\"home\",\"item\":\"https:\/\/www.hnhlcrane.com\/\"},{\"@type\":\"ListItem\",\"position\":2,\"name\":\"products\",\"item\":\"https:\/\/www.hnhlcrane.com\/products\/\"},{\"@type\":\"ListItem\",\"position\":3,\"name\":\"Crane limit switch\"}]},{\"@type\":\"WebSite\",\"@id\":\"https:\/\/www.hnhlcrane.com\/#website\",\"url\":\"https:\/\/www.hnhlcrane.com\/\",\"name\":\"Crane Parts Supplier-HL Crame\",\"description\":\"One-stop solution for all your  crane parts needs,Crane Hook,Crane Drum,Crane Wheel,Crane Coupling,Crane Gearbox,Crane Motor,Crane Brake,Special Crane Spreader,Crane grab,Container spreader,Billet crane clamps,Crane C-type spreader,Lifting Electromagnet,Crane Rail Clips,Electric Hoist,FEM Standard Crane End Carriages,Light Crane Parts,Workstation Crane Parts,Crane Electrical Parts,I-beam cable trolley,Crane remote controller,Crane electrical control cabinet,Crane limit switch,Crane sound and light alarm,Heavy Duty Aviation Connector,Crane overload limiter,China Crane Parts Supplier,Crane hooks,Gantry crane hook,Crane accessories,Forged hook,hook processing,Hook manufacturer,China standard crane hook,electric hoist hook,Crane pulley,Hook pulley,Rolled pulley,Crane Pulley Supplier\uff0cEuropean hook pulley,Gantry crane hook pulley,WZL type crane drum,European style reel set,Crane reel,crane parts,Drum processing,crane drum manufacturer,Cast steel drum,Electric hoist drum,Crane drum assembly,DRS Wheel Blocks,European crane wheel,Forged wheels,Active wheel set,Driving wheel set,Driven wheel group,crane wheels manufacturer,Demag crane wheels,Konecranes Crane Wheels,Overhead crane Wheel,Shaft couplings,Power Transmission Couplings,Disc Couplings,Fluid couplings,Coupling manufacturer\uff0cCardan coupling,Crane Reducer,Crane Decelerators,Reducer gearbox,Reducer for crane,Gear Reducer For Crane,Hard tooth surface reducerCrane and hoist reducer,Flender reducer,Reducer manufacturer,ZQ reducer,QJ reducer,QJY reducer,Gear Motors,Konecranes reducer,F series three-in-one reducer,K series three-in-one reducer,travelling machinery,Travelling Motor With Gear,Gear Motor for Crane Traveling,Travelling machinery Frequency inverter motors,FEM standard Gear Motors,Crane motors,Inverter motors,Hoist motors,motorCrane duty motors,Special motor for crane,YZR YZP YZ series motors,Crane and hoist motor,Frequency conversion motor,Electro hydraulic drum brakes,Electro-hydraulic disc brakes,Brake,Overhead Crane Brakes,Disc brakes,Electromagnetic disk brake,Crane hydraulic disc brake,Brakes manufacturer,crane Safety brakes,Singlr rope grab,Four rope grab,Electro-hydraulic multi-flap grab,Orange peel grab,Electric motor grab,Electro-Hydraulicclamshell grab,grab manufacturers,Container spreader manufacturers,20ft Container Spreader,Semi Automatic container spreader,40ft Container Lifting Frame,TEC container Spreader,Billet lifting clamp,Billet Clamps,Billet crane clamps manufacturer,billet lifting clamps china supplier,Coil C-Type Hook,coil hook,Overhead Crane Steel Coil C-Type Hook,Crane C-hook,C-type spreader,C-type hook,Crane magnets,Rail fixing device,Crane Rail fixing device,crane Rail Clamp,CD\/MD Wire Rope Electric Hoist,Wire Rope Electric Hoist China Manufacturer,Single Girder Wire Rope Electric Hoist,Double Girder Wire Rope Electric Hoist,Chain Hoist,Electric chain hoist manufacturer,Electric chain hoist China distributor,European wire rope electric hoist\uff0cEuropean double beam wire rope electric hoist,European Style Single Beam Crane End Carriage,FEN\/DIN European Style Single Beam Crane End Carriage,Crane end beam manufacturers,European style hoist double beam crane end beam,Suspension crane end beam,European style suspended single beam crane end beam,FEN\/DIN Suspension crane end beam,crane cable trolley,Wireless remote control,remote controller,Crane control handle,Crane Controls,electrical control cabinet,crane control cabinet,Limit switch,Sound and light alarm,Aviation plug,quick connector,Crane aviation plug,Overload limiter\",\"publisher\":{\"@id\":\"https:\/\/www.hnhlcrane.com\/#organization\"},\"potentialAction\":[{\"@type\":\"SearchAction\",\"target\":{\"@type\":\"EntryPoint\",\"urlTemplate\":\"https:\/\/www.hnhlcrane.com\/?s={search_term_string}\"},\"query-input\":{\"@type\":\"PropertyValueSpecification\",\"valueRequired\":true,\"valueName\":\"search_term_string\"}}],\"inLanguage\":\"de\"},{\"@type\":\"Organization\",\"@id\":\"https:\/\/www.hnhlcrane.com\/#organization\",\"name\":\"Crane Parts Supplier-HL Crame\",\"url\":\"https:\/\/www.hnhlcrane.com\/\",\"logo\":{\"@type\":\"ImageObject\",\"inLanguage\":\"de\",\"@id\":\"https:\/\/www.hnhlcrane.com\/#\/schema\/logo\/image\/\",\"url\":\"https:\/\/www.hnhlcrane.com\/wp-content\/uploads\/2024\/09\/logo6-1-e1733899395598.png\",\"contentUrl\":\"https:\/\/www.hnhlcrane.com\/wp-content\/uploads\/2024\/09\/logo6-1-e1733899395598.png\",\"width\":1000,\"height\":282,\"caption\":\"Crane Parts Supplier-HL Crame\"},\"image\":{\"@id\":\"https:\/\/www.hnhlcrane.com\/#\/schema\/logo\/image\/\"}}]}<\/script>\n<!-- \/ Yoast SEO plugin. -->","yoast_head_json":{"title":"Kranendschalter -DXZ-Endschalter-Hubdrehzahl-Endschalter","description":"Infrarot-Antikollisionsger\u00e4t, Kreuz-Endschalter, schwerer Hammer-Endschalter, Heben-Drehen-Endschalter, Endschalter-Hersteller, Kran-Endschalter","robots":{"index":"index","follow":"follow","max-snippet":"max-snippet:-1","max-image-preview":"max-image-preview:large","max-video-preview":"max-video-preview:-1"},"canonical":"https:\/\/www.hnhlcrane.com\/de\/product\/kranendschalter\/","og_locale":"de_DE","og_type":"article","og_title":"Crane limit switch -\u200cDXZ limit switch-lifting rotation limit switch","og_description":"Infrared anti-collision device,cross limit switch,heavy hammer limit switch,lifting rotation limit switch,Limit switch manufacturer,Crane limit switch","og_url":"https:\/\/www.hnhlcrane.com\/de\/product\/kranendschalter\/","og_site_name":"Crane Parts Supplier-HL Crame","article_modified_time":"2024-12-10T15:29:09+00:00","og_image":[{"width":600,"height":600,"url":"https:\/\/www.hnhlcrane.com\/wp-content\/uploads\/2024\/12\/Crane-limit-switch-dxz-1.jpg","type":"image\/jpeg"}],"twitter_card":"summary_large_image","twitter_misc":{"Gesch\u00e4tzte Lesezeit":"2\u00a0Minuten"},"schema":{"@context":"https:\/\/schema.org","@graph":[{"@type":"WebPage","@id":"https:\/\/www.hnhlcrane.com\/product\/crane-limit-switch\/","url":"https:\/\/www.hnhlcrane.com\/product\/crane-limit-switch\/","name":"Kranendschalter -DXZ-Endschalter-Hubdrehzahl-Endschalter","isPartOf":{"@id":"https:\/\/www.hnhlcrane.com\/#website"},"primaryImageOfPage":{"@id":"https:\/\/www.hnhlcrane.com\/product\/crane-limit-switch\/#primaryimage"},"image":{"@id":"https:\/\/www.hnhlcrane.com\/product\/crane-limit-switch\/#primaryimage"},"thumbnailUrl":"https:\/\/www.hnhlcrane.com\/wp-content\/uploads\/2024\/12\/Crane-limit-switch-dxz-1.jpg","datePublished":"2024-12-05T16:21:10+00:00","dateModified":"2024-12-10T15:29:09+00:00","description":"Infrarot-Antikollisionsger\u00e4t, Kreuz-Endschalter, schwerer Hammer-Endschalter, Heben-Drehen-Endschalter, Endschalter-Hersteller, Kran-Endschalter","breadcrumb":{"@id":"https:\/\/www.hnhlcrane.com\/product\/crane-limit-switch\/#breadcrumb"},"inLanguage":"de","potentialAction":[{"@type":"ReadAction","target":["https:\/\/www.hnhlcrane.com\/product\/crane-limit-switch\/"]}]},{"@type":"ImageObject","inLanguage":"de","@id":"https:\/\/www.hnhlcrane.com\/product\/crane-limit-switch\/#primaryimage","url":"https:\/\/www.hnhlcrane.com\/wp-content\/uploads\/2024\/12\/Crane-limit-switch-dxz-1.jpg","contentUrl":"https:\/\/www.hnhlcrane.com\/wp-content\/uploads\/2024\/12\/Crane-limit-switch-dxz-1.jpg","width":600,"height":600},{"@type":"BreadcrumbList","@id":"https:\/\/www.hnhlcrane.com\/product\/crane-limit-switch\/#breadcrumb","itemListElement":[{"@type":"ListItem","position":1,"name":"home","item":"https:\/\/www.hnhlcrane.com\/"},{"@type":"ListItem","position":2,"name":"products","item":"https:\/\/www.hnhlcrane.com\/products\/"},{"@type":"ListItem","position":3,"name":"Crane limit switch"}]},{"@type":"WebSite","@id":"https:\/\/www.hnhlcrane.com\/#website","url":"https:\/\/www.hnhlcrane.com\/","name":"Kranteile Lieferant-HL Crame","description":"One-Stop-L\u00f6sung f\u00fcr alle Ihre Kranteile braucht,Kranhaken,Krantrommel,Kranrad,Kran-Kupplung,Kran-Getriebe,Kran-Motor,Kran-Bremse,Spezial-Kran-Spreader,Kran-Greifer,Container-Spreader,Billet-Kran-Klemmen,C-Typ Spreader Kran,Hebe-Elektromagnet,Kranschienenklammern,Elektrohebezeug,FEM-Standard-Kranendwagen,Leichtkranteile,Workstation-Kranteile,Kranelektrik,I-Tr\u00e4ger-Kabelwagen,Kran-Fernsteuerung,Kran-Elektroschaltschrank,Crane limit switch,Crane sound and light alarm,Heavy Duty Aviation Connector,Crane overload limiter,China Crane Parts Supplier,Crane hooks,Gantry crane hook,Crane accessories,Forged hook,hook processing,Hook manufacturer,China standard crane hook,electric hoist hook,Crane pulley,Hook pulley,Rolled pulley,Crane Pulley Supplier\uff0cEuropean hook pulley,Gantry crane hook pulley,WZL type crane drum,European style reel set,Crane reel,Kranteile,Trommelverarbeitung,Hersteller von Krantrommeln,Stahlgusstrommel,Trommel f\u00fcr Elektroz\u00fcge,Krantrommelmontage,DRS Radbl\u00f6cke,Europ\u00e4isches Kranrad,Geschmiedete R\u00e4der,Aktivradsatz,Antriebsradsatz,Antriebsradgruppe,Hersteller von Kranr\u00e4dern,Demag Kranr\u00e4der,Konecranes Kranr\u00e4der,Br\u00fcckenkranrad,Wellenkupplungen,Kraft\u00fcbertragungskupplungen,Scheibenkupplungen,Fl\u00fcssigkeitskupplungen,Hersteller von Kupplungen,Kardankupplung,Kranreduzierer,Crane Decelerators,Reducer gearbox,Reducer for crane,Gear Reducer For Crane,Hard tooth surface reducerCrane and hoist reducer,Flender reducer,Reducer manufacturer,ZQ reducer,QJ reducer,QJY reducer,Gear Motors,Konecranes reducer,F Serie Drei-in-Eins-Getriebe,K Serie Drei-in-Eins-Getriebe,Fahrende Maschinen,Fahrende Motoren mit Getriebe,Getriebemotoren f\u00fcr Kranfahrten,Fahrende Maschinen Frequenzumrichtermotoren,FEM Standard Getriebemotoren,Kranmotoren,Umrichtermotoren,Hebemotoren,MotorKranmotoren,Spezialmotor f\u00fcr Kran,Motoren der Serie YZR YZP YZ,Kran- und Hebemotor,Frequenzumwandlungsmotor,Elektrohydraulische Trommelbremsen,Elektrohydraulische Scheibenbremsen,Bremse,Br\u00fcckenkranbremsen,Scheibenbremsen,Elektromagnetische Scheibenbremse,Kranhydraulische Scheibenbremse,Bremsenhersteller,Kransicherheitsbremsen,Einzelseilgreifer,Vierseilgreifer,Elektrohydraulischer Mehrklappengreifer,Mehrschalengreifer,Elektromotorgreifer,Elektrohydraulischer Greifer,Greifer Hersteller,Container Spreader Hersteller,20ft Container Spreader,Semi Automatic Container Spreader,40ft Container Heberahmen,TEC Container Spreader,Kn\u00fcppel Hebeklemme,Kn\u00fcppel Klemmen,Kn\u00fcppel Kran Klemmen Hersteller,Kn\u00fcppel Hebeklemmen China Lieferant,Coil C-Type Hook,Spule Haken,Overhead Crane Steel Coil C-Type Hook,Kran C-Haken,C-Typ Spreader,C-Typ Haken,Kran Magnete,Rail Fixing Device,Kran Schiene Befestigungsvorrichtung,Kran Schiene Klemme,CD\/MD Drahtseilzug,Drahtseilzug China Hersteller,Einzeltr\u00e4ger Drahtseilzug,Doppeltr\u00e4ger Drahtseilzug,Kettenzug,Elektrokettenzug Hersteller,Elektrokettenzug China H\u00e4ndler,Europ\u00e4ische Drahtseilzug\uff0cEurop\u00e4ische Doppelstrahl Drahtseilzug,European Style Single Beam Crane End Carriage,FEN\/DIN European Style Single Beam Crane End Carriage,Hersteller von Kranendbalken,Europ\u00e4ischer Stil Hebezeug-Doppelbalken-Kranendbalken,H\u00e4ngekranendbalken,Europ\u00e4ischer Stil H\u00e4ngekranendbalken-Einzelbalken-Kranendbalken,FEN\/DIN H\u00e4ngekranendbalken-Kranendbalken,Krankabelkatze,Drahtlose Fernbedienung,Fernbedienung,Kransteuerungsgriff,Kransteuerungen,Elektrischer Steuerschrank,Kransteuerungsschrank,Endschalter,Ton- und Lichtalarm,Luftfahrtstecker,Schnellverbinder,Kranluftfahrtstecker,\u00dcberlastungsbegrenzer","publisher":{"@id":"https:\/\/www.hnhlcrane.com\/#organization"},"potentialAction":[{"@type":"SearchAction","target":{"@type":"EntryPoint","urlTemplate":"https:\/\/www.hnhlcrane.com\/?s={search_term_string}"},"query-input":{"@type":"PropertyValueSpecification","valueRequired":true,"valueName":"search_term_string"}}],"inLanguage":"de"},{"@type":"Organization","@id":"https:\/\/www.hnhlcrane.com\/#organization","name":"Kranteile Lieferant-HL Crame","url":"https:\/\/www.hnhlcrane.com\/","logo":{"@type":"ImageObject","inLanguage":"de","@id":"https:\/\/www.hnhlcrane.com\/#\/schema\/logo\/image\/","url":"https:\/\/www.hnhlcrane.com\/wp-content\/uploads\/2024\/09\/logo6-1-e1733899395598.png","contentUrl":"https:\/\/www.hnhlcrane.com\/wp-content\/uploads\/2024\/09\/logo6-1-e1733899395598.png","width":1000,"height":282,"caption":"Crane Parts Supplier-HL Crame"},"image":{"@id":"https:\/\/www.hnhlcrane.com\/#\/schema\/logo\/image\/"}}]}},"_links":{"self":[{"href":"https:\/\/www.hnhlcrane.com\/de\/wp-json\/wp\/v2\/product\/5777","targetHints":{"allow":["GET"]}}],"collection":[{"href":"https:\/\/www.hnhlcrane.com\/de\/wp-json\/wp\/v2\/product"}],"about":[{"href":"https:\/\/www.hnhlcrane.com\/de\/wp-json\/wp\/v2\/types\/product"}],"version-history":[{"count":0,"href":"https:\/\/www.hnhlcrane.com\/de\/wp-json\/wp\/v2\/product\/5777\/revisions"}],"wp:featuredmedia":[{"embeddable":true,"href":"https:\/\/www.hnhlcrane.com\/de\/wp-json\/wp\/v2\/media\/5779"}],"wp:attachment":[{"href":"https:\/\/www.hnhlcrane.com\/de\/wp-json\/wp\/v2\/media?parent=5777"}],"wp:term":[{"taxonomy":"product_brand","embeddable":true,"href":"https:\/\/www.hnhlcrane.com\/de\/wp-json\/wp\/v2\/product_brand?post=5777"},{"taxonomy":"product_cat","embeddable":true,"href":"https:\/\/www.hnhlcrane.com\/de\/wp-json\/wp\/v2\/product_cat?post=5777"},{"taxonomy":"product_tag","embeddable":true,"href":"https:\/\/www.hnhlcrane.com\/de\/wp-json\/wp\/v2\/product_tag?post=5777"}],"curies":[{"name":"wp","href":"https:\/\/api.w.org\/{rel}","templated":true}]}}