{"id":5753,"date":"2024-12-05T22:58:36","date_gmt":"2024-12-05T14:58:36","guid":{"rendered":"https:\/\/www.hnhlcrane.com\/?post_type=product&#038;p=5753"},"modified":"2024-12-10T23:30:11","modified_gmt":"2024-12-10T15:30:11","slug":"kran-hangesteuerung","status":"publish","type":"product","link":"https:\/\/www.hnhlcrane.com\/de\/product\/kran-hangesteuerung\/","title":{"rendered":"Kran-H\u00e4ngesteuerung"},"content":{"rendered":"<h6><strong><span style=\"font-family: arial, helvetica, sans-serif; font-size: 18pt;\">Einf\u00fchrung in die Steuerung von Krangeh\u00e4ngen<\/span><\/strong><\/h6>\n<p>Die <strong>Kran-H\u00e4ngesteuerung<\/strong> ist in erster Linie f\u00fcr die Steuerung verschiedener Kranaktionen, einschlie\u00dflich Starten, Stoppen und Richtungswechsel, konzipiert. Er bietet eine zuverl\u00e4ssige L\u00f6sung f\u00fcr Kran- und Hebevorg\u00e4nge in Innen- und Au\u00dfenbereichen. Nachfolgend finden Sie eine detaillierte Beschreibung seiner Anwendungen, Betriebsmethoden, Sicherheitsmerkmale und Wartungsanforderungen.<\/p>\n<h6><strong><span style=\"font-family: arial, helvetica, sans-serif; font-size: 18pt;\">Anwendungsbereich und Arbeitsumgebung<\/span><\/strong><\/h6>\n<p>Der Crane Pendant Controller ist f\u00fcr Steuerungssysteme geeignet, die bei:<\/p>\n<ul>\n<li><strong>AC-Strom<\/strong>: 50Hz oder 60Hz, Spannung bis zu 380V.<\/li>\n<li><strong>Gleichstromversorgung<\/strong>: Betriebsspannung bis zu 220V.<\/li>\n<\/ul>\n<p>Der f\u00fcr den Au\u00dfeneinsatz konzipierte Controller ist regen-, schnee- und staubbest\u00e4ndig und damit ideal f\u00fcr Anwendungen wie Kr\u00e4ne und elektrische Hebezeuge.<\/p>\n<h6><strong><span style=\"font-family: arial, helvetica, sans-serif; font-size: 18pt;\">Betriebsmethoden und Merkmale<\/span><\/strong><\/h6>\n<p>Die Crane Pendant Controllers werden \u00fcber Tasten am Steuergriff bedient und bieten die folgenden Hauptfunktionen:<\/p>\n<ol>\n<li><strong>Not-Aus-Schalter<\/strong>:<br \/>\nEr ist mit einem drehbaren Not-Aus-Schalter mit Pilzkopf ausgestattet, der in Notf\u00e4llen eine schnelle Motorabschaltung erm\u00f6glicht.<\/li>\n<li><strong>Direktionale Kontrolle<\/strong>:<br \/>\nDie Tasten sind mit internationalen Pfeilsymbolen versehen, und gegen\u00fcberliegende Richtungstasten sind mechanisch verriegelt, um eine gleichzeitige Bedienung zu verhindern.<\/li>\n<li><strong>Kabelaufh\u00e4ngung<\/strong>:<br \/>\nDer Griff ist mit weichen, d\u00fcnnen Stahldr\u00e4hten unterhalb des Schaltkastens aufgeh\u00e4ngt, um eine Belastung der Kabel und eine m\u00f6gliche Besch\u00e4digung des Kerns zu verhindern.<\/li>\n<\/ol>\n<h6><strong><span style=\"font-family: arial, helvetica, sans-serif; font-size: 18pt;\">Sicherheitsmerkmale und Schutz<\/span><\/strong><\/h6>\n<ol>\n<li><strong>Wasserdicht und langlebig<\/strong>:<br \/>\nDer Controller ist f\u00fcr den Einsatz in rauen Umgebungen konzipiert und gew\u00e4hrleistet eine gleichbleibende Leistung.<\/li>\n<li><strong>Niedrige Steuerspannung<\/strong>:<br \/>\nDie Steuerspannung der Tasten ist auf 36 V begrenzt, um die Sicherheit des Bedieners w\u00e4hrend der Benutzung zu gew\u00e4hrleisten.<\/li>\n<li><strong>Hoher Schutzgrad<\/strong>:<br \/>\nMit einem Schutzniveau von <strong>IP65<\/strong>Der Controller ist wasser- und staubbest\u00e4ndig und bleibt auch unter extremen Bedingungen funktionsf\u00e4hig.<\/li>\n<li><strong>Isolierung und Widerstandsf\u00e4higkeit<\/strong>:<br \/>\nEine hochwertige Isolierung sorgt f\u00fcr Sicherheit und Betriebszuverl\u00e4ssigkeit auch in feuchter oder widriger Umgebung.<\/li>\n<\/ol>\n<h6><strong><span style=\"font-family: arial, helvetica, sans-serif; font-size: 18pt;\">Wartung und Pflege<\/span><\/strong><\/h6>\n<p>Um eine langfristige Stabilit\u00e4t und Funktionalit\u00e4t zu gew\u00e4hrleisten, sollten Sie die folgenden Wartungstipps beachten:<\/p>\n<ol>\n<li><strong>Taster und Notausschalter pr\u00fcfen<\/strong>:<br \/>\n\u00dcberpr\u00fcfen Sie regelm\u00e4\u00dfig die Tasten und den Not-Aus-Schalter, um sicherzustellen, dass sie ordnungsgem\u00e4\u00df funktionieren und schnell zur\u00fcckgesetzt werden k\u00f6nnen.<\/li>\n<li><strong>Symbol Sichtbarkeit<\/strong>:<br \/>\nAchten Sie darauf, dass die Tastenbeschriftungen klar und deutlich sichtbar sind, um eine intuitive Bedienung zu erm\u00f6glichen.<\/li>\n<li><strong>Integrit\u00e4t des Aufh\u00e4ngungssystems<\/strong>:<br \/>\n\u00dcberpr\u00fcfen Sie die Aufh\u00e4ngung des Griffs, um sicherzustellen, dass sie sicher befestigt ist, um eine \u00fcberm\u00e4\u00dfige Belastung der Kabel oder m\u00f6gliche Sch\u00e4den zu vermeiden.<\/li>\n<li><strong>Schutz der Umwelt<\/strong>:<br \/>\nLagern und betreiben Sie das Steuerger\u00e4t unter Bedingungen, die eine l\u00e4ngere Exposition gegen\u00fcber extremen Witterungsbedingungen minimieren.<\/li>\n<\/ol>","protected":false},"excerpt":{"rendered":"<h6><strong><span style=\"font-family: arial, helvetica, sans-serif; font-size: 14pt;\">Spezifikationen von Kran-H\u00e4ngesteuerungen<\/span><\/strong><\/h6>\n<ul>\n<li><strong>Anzahl der Tasten<\/strong>2, 4 oder 6 Tasten.<\/li>\n<li><strong>Schutzniveau<\/strong>: IP65.<\/li>\n<li><strong>Steuerspannung<\/strong>: 36V.<\/li>\n<li><strong>Betriebstemperaturbereich<\/strong>-40\u00b0C bis +85\u00b0C.<\/li>\n<\/ul>","protected":false},"featured_media":5754,"template":"","meta":{"_kad_post_transparent":"default","_kad_post_title":"","_kad_post_layout":"default","_kad_post_sidebar_id":"","_kad_post_content_style":"default","_kad_post_vertical_padding":"show","_kad_post_feature":"","_kad_post_feature_position":"","_kad_post_header":false,"_kad_post_footer":false},"product_brand":[],"product_cat":[65],"product_tag":[293,294,284,295],"class_list":{"0":"post-5753","1":"product","2":"type-product","3":"status-publish","4":"has-post-thumbnail","6":"product_cat-crane-electrical-parts","7":"product_tag-crane-control-handle","8":"product_tag-crane-controls","9":"product_tag-crane-electrical-parts","10":"product_tag-crane-pendant-controller","12":"first","13":"instock","14":"shipping-taxable","15":"product-type-simple","16":"entry","17":"content-bg","18":"loop-entry"},"yoast_head":"<!-- This site is optimized with the Yoast SEO plugin v25.6 - https:\/\/yoast.com\/wordpress\/plugins\/seo\/ -->\n<title>Crane pendant controller -Crane control handle-Crane Controls<\/title>\n<meta name=\"description\" content=\"Crane control handle,Crane Controls,Crane pendant controller,Pendant controller manufacturer,Crane pendant controller Supplier,Crane Electrical Parts\" \/>\n<meta name=\"robots\" content=\"index, follow, max-snippet:-1, max-image-preview:large, max-video-preview:-1\" \/>\n<link rel=\"canonical\" href=\"https:\/\/www.hnhlcrane.com\/de\/product\/kran-hangesteuerung\/\" \/>\n<meta property=\"og:locale\" content=\"de_DE\" \/>\n<meta property=\"og:type\" content=\"article\" \/>\n<meta property=\"og:title\" content=\"Crane pendant controller -Crane control handle-Crane Controls\" \/>\n<meta property=\"og:description\" content=\"Crane control handle,Crane Controls,Crane pendant controller,Pendant controller manufacturer,Crane pendant controller Supplier,Crane Electrical Parts\" \/>\n<meta property=\"og:url\" content=\"https:\/\/www.hnhlcrane.com\/de\/product\/kran-hangesteuerung\/\" \/>\n<meta property=\"og:site_name\" content=\"Crane Parts Supplier-HL Crame\" \/>\n<meta property=\"article:modified_time\" content=\"2024-12-10T15:30:11+00:00\" \/>\n<meta property=\"og:image\" content=\"https:\/\/www.hnhlcrane.com\/wp-content\/uploads\/2024\/12\/Crane-Pendant-Controllers-1.jpg\" \/>\n\t<meta property=\"og:image:width\" content=\"600\" \/>\n\t<meta property=\"og:image:height\" content=\"600\" \/>\n\t<meta property=\"og:image:type\" content=\"image\/jpeg\" \/>\n<meta name=\"twitter:card\" content=\"summary_large_image\" \/>\n<meta name=\"twitter:label1\" content=\"Gesch\u00e4tzte Lesezeit\" \/>\n\t<meta name=\"twitter:data1\" content=\"2\u00a0Minuten\" \/>\n<script type=\"application\/ld+json\" class=\"yoast-schema-graph\">{\"@context\":\"https:\/\/schema.org\",\"@graph\":[{\"@type\":\"WebPage\",\"@id\":\"https:\/\/www.hnhlcrane.com\/product\/crane-pendant-controller\/\",\"url\":\"https:\/\/www.hnhlcrane.com\/product\/crane-pendant-controller\/\",\"name\":\"Crane pendant controller -Crane control handle-Crane Controls\",\"isPartOf\":{\"@id\":\"https:\/\/www.hnhlcrane.com\/#website\"},\"primaryImageOfPage\":{\"@id\":\"https:\/\/www.hnhlcrane.com\/product\/crane-pendant-controller\/#primaryimage\"},\"image\":{\"@id\":\"https:\/\/www.hnhlcrane.com\/product\/crane-pendant-controller\/#primaryimage\"},\"thumbnailUrl\":\"https:\/\/www.hnhlcrane.com\/wp-content\/uploads\/2024\/12\/Crane-Pendant-Controllers-1.jpg\",\"datePublished\":\"2024-12-05T14:58:36+00:00\",\"dateModified\":\"2024-12-10T15:30:11+00:00\",\"description\":\"Crane control handle,Crane Controls,Crane pendant controller,Pendant controller manufacturer,Crane pendant controller Supplier,Crane Electrical Parts\",\"breadcrumb\":{\"@id\":\"https:\/\/www.hnhlcrane.com\/product\/crane-pendant-controller\/#breadcrumb\"},\"inLanguage\":\"de\",\"potentialAction\":[{\"@type\":\"ReadAction\",\"target\":[\"https:\/\/www.hnhlcrane.com\/product\/crane-pendant-controller\/\"]}]},{\"@type\":\"ImageObject\",\"inLanguage\":\"de\",\"@id\":\"https:\/\/www.hnhlcrane.com\/product\/crane-pendant-controller\/#primaryimage\",\"url\":\"https:\/\/www.hnhlcrane.com\/wp-content\/uploads\/2024\/12\/Crane-Pendant-Controllers-1.jpg\",\"contentUrl\":\"https:\/\/www.hnhlcrane.com\/wp-content\/uploads\/2024\/12\/Crane-Pendant-Controllers-1.jpg\",\"width\":600,\"height\":600},{\"@type\":\"BreadcrumbList\",\"@id\":\"https:\/\/www.hnhlcrane.com\/product\/crane-pendant-controller\/#breadcrumb\",\"itemListElement\":[{\"@type\":\"ListItem\",\"position\":1,\"name\":\"home\",\"item\":\"https:\/\/www.hnhlcrane.com\/\"},{\"@type\":\"ListItem\",\"position\":2,\"name\":\"products\",\"item\":\"https:\/\/www.hnhlcrane.com\/products\/\"},{\"@type\":\"ListItem\",\"position\":3,\"name\":\"Crane pendant controller\"}]},{\"@type\":\"WebSite\",\"@id\":\"https:\/\/www.hnhlcrane.com\/#website\",\"url\":\"https:\/\/www.hnhlcrane.com\/\",\"name\":\"Crane Parts Supplier-HL Crame\",\"description\":\"One-stop solution for all your  crane parts needs,Crane Hook,Crane Drum,Crane Wheel,Crane Coupling,Crane Gearbox,Crane Motor,Crane Brake,Special Crane Spreader,Crane grab,Container spreader,Billet crane clamps,Crane C-type spreader,Lifting Electromagnet,Crane Rail Clips,Electric Hoist,FEM Standard Crane End Carriages,Light Crane Parts,Workstation Crane Parts,Crane Electrical Parts,I-beam cable trolley,Crane remote controller,Crane electrical control cabinet,Crane limit switch,Crane sound and light alarm,Heavy Duty Aviation Connector,Crane overload limiter,China Crane Parts Supplier,Crane hooks,Gantry crane hook,Crane accessories,Forged hook,hook processing,Hook manufacturer,China standard crane hook,electric hoist hook,Crane pulley,Hook pulley,Rolled pulley,Crane Pulley Supplier\uff0cEuropean hook pulley,Gantry crane hook pulley,WZL type crane drum,European style reel set,Crane reel,crane parts,Drum processing,crane drum manufacturer,Cast steel drum,Electric hoist drum,Crane drum assembly,DRS Wheel Blocks,European crane wheel,Forged wheels,Active wheel set,Driving wheel set,Driven wheel group,crane wheels manufacturer,Demag crane wheels,Konecranes Crane Wheels,Overhead crane Wheel,Shaft couplings,Power Transmission Couplings,Disc Couplings,Fluid couplings,Coupling manufacturer\uff0cCardan coupling,Crane Reducer,Crane Decelerators,Reducer gearbox,Reducer for crane,Gear Reducer For Crane,Hard tooth surface reducerCrane and hoist reducer,Flender reducer,Reducer manufacturer,ZQ reducer,QJ reducer,QJY reducer,Gear Motors,Konecranes reducer,F series three-in-one reducer,K series three-in-one reducer,travelling machinery,Travelling Motor With Gear,Gear Motor for Crane Traveling,Travelling machinery Frequency inverter motors,FEM standard Gear Motors,Crane motors,Inverter motors,Hoist motors,motorCrane duty motors,Special motor for crane,YZR YZP YZ series motors,Crane and hoist motor,Frequency conversion motor,Electro hydraulic drum brakes,Electro-hydraulic disc brakes,Brake,Overhead Crane Brakes,Disc brakes,Electromagnetic disk brake,Crane hydraulic disc brake,Brakes manufacturer,crane Safety brakes,Singlr rope grab,Four rope grab,Electro-hydraulic multi-flap grab,Orange peel grab,Electric motor grab,Electro-Hydraulicclamshell grab,grab manufacturers,Container spreader manufacturers,20ft Container Spreader,Semi Automatic container spreader,40ft Container Lifting Frame,TEC container Spreader,Billet lifting clamp,Billet Clamps,Billet crane clamps manufacturer,billet lifting clamps china supplier,Coil C-Type Hook,coil hook,Overhead Crane Steel Coil C-Type Hook,Crane C-hook,C-type spreader,C-type hook,Crane magnets,Rail fixing device,Crane Rail fixing device,crane Rail Clamp,CD\/MD Wire Rope Electric Hoist,Wire Rope Electric Hoist China Manufacturer,Single Girder Wire Rope Electric Hoist,Double Girder Wire Rope Electric Hoist,Chain Hoist,Electric chain hoist manufacturer,Electric chain hoist China distributor,European wire rope electric hoist\uff0cEuropean double beam wire rope electric hoist,European Style Single Beam Crane End Carriage,FEN\/DIN European Style Single Beam Crane End Carriage,Crane end beam manufacturers,European style hoist double beam crane end beam,Suspension crane end beam,European style suspended single beam crane end beam,FEN\/DIN Suspension crane end beam,crane cable trolley,Wireless remote control,remote controller,Crane control handle,Crane Controls,electrical control cabinet,crane control cabinet,Limit switch,Sound and light alarm,Aviation plug,quick connector,Crane aviation plug,Overload limiter\",\"publisher\":{\"@id\":\"https:\/\/www.hnhlcrane.com\/#organization\"},\"potentialAction\":[{\"@type\":\"SearchAction\",\"target\":{\"@type\":\"EntryPoint\",\"urlTemplate\":\"https:\/\/www.hnhlcrane.com\/?s={search_term_string}\"},\"query-input\":{\"@type\":\"PropertyValueSpecification\",\"valueRequired\":true,\"valueName\":\"search_term_string\"}}],\"inLanguage\":\"de\"},{\"@type\":\"Organization\",\"@id\":\"https:\/\/www.hnhlcrane.com\/#organization\",\"name\":\"Crane Parts Supplier-HL Crame\",\"url\":\"https:\/\/www.hnhlcrane.com\/\",\"logo\":{\"@type\":\"ImageObject\",\"inLanguage\":\"de\",\"@id\":\"https:\/\/www.hnhlcrane.com\/#\/schema\/logo\/image\/\",\"url\":\"https:\/\/www.hnhlcrane.com\/wp-content\/uploads\/2024\/09\/logo6-1-e1733899395598.png\",\"contentUrl\":\"https:\/\/www.hnhlcrane.com\/wp-content\/uploads\/2024\/09\/logo6-1-e1733899395598.png\",\"width\":1000,\"height\":282,\"caption\":\"Crane Parts Supplier-HL Crame\"},\"image\":{\"@id\":\"https:\/\/www.hnhlcrane.com\/#\/schema\/logo\/image\/\"}}]}<\/script>\n<!-- \/ Yoast SEO plugin. -->","yoast_head_json":{"title":"Kran-H\u00e4ngesteuerung -Kransteuerungsgriff-Kransteuerungen","description":"Kran-Steuerungsgriff,Kran-Steuerungen,Kran-Pendant-Controller,Pendant-Controller Hersteller,Kran-Pendant-Controller Lieferant,Kran Elektrische Teile","robots":{"index":"index","follow":"follow","max-snippet":"max-snippet:-1","max-image-preview":"max-image-preview:large","max-video-preview":"max-video-preview:-1"},"canonical":"https:\/\/www.hnhlcrane.com\/de\/product\/kran-hangesteuerung\/","og_locale":"de_DE","og_type":"article","og_title":"Crane pendant controller -Crane control handle-Crane Controls","og_description":"Crane control handle,Crane Controls,Crane pendant controller,Pendant controller manufacturer,Crane pendant controller Supplier,Crane Electrical Parts","og_url":"https:\/\/www.hnhlcrane.com\/de\/product\/kran-hangesteuerung\/","og_site_name":"Crane Parts Supplier-HL Crame","article_modified_time":"2024-12-10T15:30:11+00:00","og_image":[{"width":600,"height":600,"url":"https:\/\/www.hnhlcrane.com\/wp-content\/uploads\/2024\/12\/Crane-Pendant-Controllers-1.jpg","type":"image\/jpeg"}],"twitter_card":"summary_large_image","twitter_misc":{"Gesch\u00e4tzte Lesezeit":"2\u00a0Minuten"},"schema":{"@context":"https:\/\/schema.org","@graph":[{"@type":"WebPage","@id":"https:\/\/www.hnhlcrane.com\/product\/crane-pendant-controller\/","url":"https:\/\/www.hnhlcrane.com\/product\/crane-pendant-controller\/","name":"Kran-H\u00e4ngesteuerung -Kransteuerungsgriff-Kransteuerungen","isPartOf":{"@id":"https:\/\/www.hnhlcrane.com\/#website"},"primaryImageOfPage":{"@id":"https:\/\/www.hnhlcrane.com\/product\/crane-pendant-controller\/#primaryimage"},"image":{"@id":"https:\/\/www.hnhlcrane.com\/product\/crane-pendant-controller\/#primaryimage"},"thumbnailUrl":"https:\/\/www.hnhlcrane.com\/wp-content\/uploads\/2024\/12\/Crane-Pendant-Controllers-1.jpg","datePublished":"2024-12-05T14:58:36+00:00","dateModified":"2024-12-10T15:30:11+00:00","description":"Kran-Steuerungsgriff,Kran-Steuerungen,Kran-Pendant-Controller,Pendant-Controller Hersteller,Kran-Pendant-Controller Lieferant,Kran Elektrische Teile","breadcrumb":{"@id":"https:\/\/www.hnhlcrane.com\/product\/crane-pendant-controller\/#breadcrumb"},"inLanguage":"de","potentialAction":[{"@type":"ReadAction","target":["https:\/\/www.hnhlcrane.com\/product\/crane-pendant-controller\/"]}]},{"@type":"ImageObject","inLanguage":"de","@id":"https:\/\/www.hnhlcrane.com\/product\/crane-pendant-controller\/#primaryimage","url":"https:\/\/www.hnhlcrane.com\/wp-content\/uploads\/2024\/12\/Crane-Pendant-Controllers-1.jpg","contentUrl":"https:\/\/www.hnhlcrane.com\/wp-content\/uploads\/2024\/12\/Crane-Pendant-Controllers-1.jpg","width":600,"height":600},{"@type":"BreadcrumbList","@id":"https:\/\/www.hnhlcrane.com\/product\/crane-pendant-controller\/#breadcrumb","itemListElement":[{"@type":"ListItem","position":1,"name":"home","item":"https:\/\/www.hnhlcrane.com\/"},{"@type":"ListItem","position":2,"name":"products","item":"https:\/\/www.hnhlcrane.com\/products\/"},{"@type":"ListItem","position":3,"name":"Crane pendant controller"}]},{"@type":"WebSite","@id":"https:\/\/www.hnhlcrane.com\/#website","url":"https:\/\/www.hnhlcrane.com\/","name":"Kranteile Lieferant-HL Crame","description":"One-Stop-L\u00f6sung f\u00fcr alle Ihre Kranteile braucht,Kranhaken,Krantrommel,Kranrad,Kran-Kupplung,Kran-Getriebe,Kran-Motor,Kran-Bremse,Spezial-Kran-Spreader,Kran-Greifer,Container-Spreader,Billet-Kran-Klemmen,C-Typ Spreader Kran,Hebe-Elektromagnet,Kranschienenklammern,Elektrohebezeug,FEM-Standard-Kranendwagen,Leichtkranteile,Workstation-Kranteile,Kranelektrik,I-Tr\u00e4ger-Kabelwagen,Kran-Fernsteuerung,Kran-Elektroschaltschrank,Crane limit switch,Crane sound and light alarm,Heavy Duty Aviation Connector,Crane overload limiter,China Crane Parts Supplier,Crane hooks,Gantry crane hook,Crane accessories,Forged hook,hook processing,Hook manufacturer,China standard crane hook,electric hoist hook,Crane pulley,Hook pulley,Rolled pulley,Crane Pulley Supplier\uff0cEuropean hook pulley,Gantry crane hook pulley,WZL type crane drum,European style reel set,Crane reel,Kranteile,Trommelverarbeitung,Hersteller von Krantrommeln,Stahlgusstrommel,Trommel f\u00fcr Elektroz\u00fcge,Krantrommelmontage,DRS Radbl\u00f6cke,Europ\u00e4isches Kranrad,Geschmiedete R\u00e4der,Aktivradsatz,Antriebsradsatz,Antriebsradgruppe,Hersteller von Kranr\u00e4dern,Demag Kranr\u00e4der,Konecranes Kranr\u00e4der,Br\u00fcckenkranrad,Wellenkupplungen,Kraft\u00fcbertragungskupplungen,Scheibenkupplungen,Fl\u00fcssigkeitskupplungen,Hersteller von Kupplungen,Kardankupplung,Kranreduzierer,Crane Decelerators,Reducer gearbox,Reducer for crane,Gear Reducer For Crane,Hard tooth surface reducerCrane and hoist reducer,Flender reducer,Reducer manufacturer,ZQ reducer,QJ reducer,QJY reducer,Gear Motors,Konecranes reducer,F Serie Drei-in-Eins-Getriebe,K Serie Drei-in-Eins-Getriebe,Fahrende Maschinen,Fahrende Motoren mit Getriebe,Getriebemotoren f\u00fcr Kranfahrten,Fahrende Maschinen Frequenzumrichtermotoren,FEM Standard Getriebemotoren,Kranmotoren,Umrichtermotoren,Hebemotoren,MotorKranmotoren,Spezialmotor f\u00fcr Kran,Motoren der Serie YZR YZP YZ,Kran- und Hebemotor,Frequenzumwandlungsmotor,Elektrohydraulische Trommelbremsen,Elektrohydraulische Scheibenbremsen,Bremse,Br\u00fcckenkranbremsen,Scheibenbremsen,Elektromagnetische Scheibenbremse,Kranhydraulische Scheibenbremse,Bremsenhersteller,Kransicherheitsbremsen,Einzelseilgreifer,Vierseilgreifer,Elektrohydraulischer Mehrklappengreifer,Mehrschalengreifer,Elektromotorgreifer,Elektrohydraulischer Greifer,Greifer Hersteller,Container Spreader Hersteller,20ft Container Spreader,Semi Automatic Container Spreader,40ft Container Heberahmen,TEC Container Spreader,Kn\u00fcppel Hebeklemme,Kn\u00fcppel Klemmen,Kn\u00fcppel Kran Klemmen Hersteller,Kn\u00fcppel Hebeklemmen China Lieferant,Coil C-Type Hook,Spule Haken,Overhead Crane Steel Coil C-Type Hook,Kran C-Haken,C-Typ Spreader,C-Typ Haken,Kran Magnete,Rail Fixing Device,Kran Schiene Befestigungsvorrichtung,Kran Schiene Klemme,CD\/MD Drahtseilzug,Drahtseilzug China Hersteller,Einzeltr\u00e4ger Drahtseilzug,Doppeltr\u00e4ger Drahtseilzug,Kettenzug,Elektrokettenzug Hersteller,Elektrokettenzug China H\u00e4ndler,Europ\u00e4ische Drahtseilzug\uff0cEurop\u00e4ische Doppelstrahl Drahtseilzug,European Style Single Beam Crane End Carriage,FEN\/DIN European Style Single Beam Crane End Carriage,Hersteller von Kranendbalken,Europ\u00e4ischer Stil Hebezeug-Doppelbalken-Kranendbalken,H\u00e4ngekranendbalken,Europ\u00e4ischer Stil H\u00e4ngekranendbalken-Einzelbalken-Kranendbalken,FEN\/DIN H\u00e4ngekranendbalken-Kranendbalken,Krankabelkatze,Drahtlose Fernbedienung,Fernbedienung,Kransteuerungsgriff,Kransteuerungen,Elektrischer Steuerschrank,Kransteuerungsschrank,Endschalter,Ton- und Lichtalarm,Luftfahrtstecker,Schnellverbinder,Kranluftfahrtstecker,\u00dcberlastungsbegrenzer","publisher":{"@id":"https:\/\/www.hnhlcrane.com\/#organization"},"potentialAction":[{"@type":"SearchAction","target":{"@type":"EntryPoint","urlTemplate":"https:\/\/www.hnhlcrane.com\/?s={search_term_string}"},"query-input":{"@type":"PropertyValueSpecification","valueRequired":true,"valueName":"search_term_string"}}],"inLanguage":"de"},{"@type":"Organization","@id":"https:\/\/www.hnhlcrane.com\/#organization","name":"Kranteile Lieferant-HL Crame","url":"https:\/\/www.hnhlcrane.com\/","logo":{"@type":"ImageObject","inLanguage":"de","@id":"https:\/\/www.hnhlcrane.com\/#\/schema\/logo\/image\/","url":"https:\/\/www.hnhlcrane.com\/wp-content\/uploads\/2024\/09\/logo6-1-e1733899395598.png","contentUrl":"https:\/\/www.hnhlcrane.com\/wp-content\/uploads\/2024\/09\/logo6-1-e1733899395598.png","width":1000,"height":282,"caption":"Crane Parts Supplier-HL Crame"},"image":{"@id":"https:\/\/www.hnhlcrane.com\/#\/schema\/logo\/image\/"}}]}},"_links":{"self":[{"href":"https:\/\/www.hnhlcrane.com\/de\/wp-json\/wp\/v2\/product\/5753","targetHints":{"allow":["GET"]}}],"collection":[{"href":"https:\/\/www.hnhlcrane.com\/de\/wp-json\/wp\/v2\/product"}],"about":[{"href":"https:\/\/www.hnhlcrane.com\/de\/wp-json\/wp\/v2\/types\/product"}],"version-history":[{"count":0,"href":"https:\/\/www.hnhlcrane.com\/de\/wp-json\/wp\/v2\/product\/5753\/revisions"}],"wp:featuredmedia":[{"embeddable":true,"href":"https:\/\/www.hnhlcrane.com\/de\/wp-json\/wp\/v2\/media\/5754"}],"wp:attachment":[{"href":"https:\/\/www.hnhlcrane.com\/de\/wp-json\/wp\/v2\/media?parent=5753"}],"wp:term":[{"taxonomy":"product_brand","embeddable":true,"href":"https:\/\/www.hnhlcrane.com\/de\/wp-json\/wp\/v2\/product_brand?post=5753"},{"taxonomy":"product_cat","embeddable":true,"href":"https:\/\/www.hnhlcrane.com\/de\/wp-json\/wp\/v2\/product_cat?post=5753"},{"taxonomy":"product_tag","embeddable":true,"href":"https:\/\/www.hnhlcrane.com\/de\/wp-json\/wp\/v2\/product_tag?post=5753"}],"curies":[{"name":"wp","href":"https:\/\/api.w.org\/{rel}","templated":true}]}}