{"id":5659,"date":"2024-12-03T17:07:45","date_gmt":"2024-12-03T09:07:45","guid":{"rendered":"https:\/\/www.hnhlcrane.com\/?post_type=product&#038;p=5659"},"modified":"2024-12-06T13:37:05","modified_gmt":"2024-12-06T05:37:05","slug":"fem-hangekranfahrwerke","status":"publish","type":"product","link":"https:\/\/www.hnhlcrane.com\/de\/product\/fem-hangekranfahrwerke\/","title":{"rendered":"FEM H\u00e4ngekranfahrwerke"},"content":{"rendered":"<h6><strong><span style=\"font-family: arial, helvetica, sans-serif; font-size: 18pt;\">Zu den wichtigsten Merkmalen der FEM-Kranfahrwerke geh\u00f6ren:<\/span><\/strong><\/h6>\n<ul>\n<li><strong>Kompakte Struktur<\/strong>: Das Design der FEM-H\u00e4ngekranfahrwerke ist sehr kompakt. Dieses Design verleiht der Gesamtstruktur nicht nur ein sauberes und geradliniges Aussehen, sondern erleichtert auch das Be- und Entladen sowie die Wartung.<\/li>\n<li><strong>Leichte Konstruktion<\/strong>: Durch den Einsatz fortschrittlicher Fertigungstechnologien und leichter Materialien konnte das Gewicht des europ\u00e4ischen H\u00e4ngefahrwerks erheblich reduziert werden. Dadurch ist er nicht nur leichter zu transportieren und zu installieren, sondern senkt auch den Energieverbrauch und verbessert die Umweltvertr\u00e4glichkeit.<\/li>\n<li><strong>Hohe Festigkeit<\/strong>: Die Kopftr\u00e4ger bestehen aus hochfesten Materialien und einer optimierten Konstruktion, die es ihnen erm\u00f6glicht, schwere Lasten zu tragen und unerwartete St\u00f6\u00dfe zu verkraften, wodurch die Festigkeit und Stabilit\u00e4t der Struktur gew\u00e4hrleistet wird.<\/li>\n<li><strong>Sicherheit Schutz<\/strong>: Ausgestattet mit einem umfassenden Sicherheitssystem, einschlie\u00dflich Entgleisungsschutzvorrichtungen und Puffern, gew\u00e4hrleistet das System einen sicheren Betrieb der Ausr\u00fcstung.<\/li>\n<li><strong>Hochpr\u00e4zise Fertigung<\/strong>: Die Endwagen werden mit hochpr\u00e4zisen Verfahren hergestellt, wie z. B. CNC-Bohrungen und hochfeste Schraubverbindungen, die die Pr\u00e4zision und den reibungslosen Betrieb der Ger\u00e4te gew\u00e4hrleisten.<\/li>\n<\/ul>\n<h6><strong><span style=\"font-family: arial, helvetica, sans-serif; font-size: 18pt;\">Zu den besonderen Vorteilen der FEM-Kranfahrwerke geh\u00f6ren:<\/span><\/strong><\/h6>\n<ul>\n<li><strong>Energie-Effizienz<\/strong>: Dank ihres geringen Gewichts und ihrer effizienten Bauweise weisen die europ\u00e4ischen H\u00e4ngebahnwagen einen ausgezeichneten Energieverbrauch auf und entsprechen damit den Grunds\u00e4tzen des Green Design.<\/li>\n<li><strong>Einfacher Betrieb<\/strong>: Bei der Konstruktion der Endwagen wurde die Benutzerfreundlichkeit ber\u00fccksichtigt. Optionale Funktionen, wie z. B. drahtlose Fernsteuerungssysteme, erh\u00f6hen die betriebliche Flexibilit\u00e4t und die Benutzerfreundlichkeit.<\/li>\n<li><strong>Hohe Sicherheit<\/strong>: Mehrere Schutzma\u00dfnahmen wie \u00dcberhitzungs- und \u00dcberlastungsschutz sorgen f\u00fcr einen sicheren Betrieb des Ger\u00e4ts.<\/li>\n<li><strong>Breite Anwendbarkeit<\/strong>: Dank ihres geringen Gewichts und ihrer kompakten Gr\u00f6\u00dfe eignen sich die europ\u00e4ischen H\u00e4ngebahnwagen f\u00fcr eine Vielzahl von Arbeitsumgebungen und sparen Baukosten.<\/li>\n<\/ul>\n<p>Die Anwendungsszenarien f\u00fcr FEM-Kranfahrwerke sind vielf\u00e4ltig. Aufgrund ihres geringen Gewichts, ihrer hohen Festigkeit und ihrer Sicherheitseigenschaften werden diese Kopftr\u00e4ger h\u00e4ufig in modernen Industrieumgebungen wie Fabriken und Lagern eingesetzt, wo ein effizienter und sicherer Materialtransport von entscheidender Bedeutung ist. Dank ihrer kompakten Bauweise und hohen Effizienz sind sie ideal f\u00fcr die Maximierung der Leistung auf engem Raum und eignen sich somit f\u00fcr verschiedene industrielle Anwendungen.<\/p>\n<h6><strong><span style=\"font-family: arial, helvetica, sans-serif; font-size: 18pt;\">1.DU10 3.2t H\u00e4ngekranfahrwerke<\/span><\/strong><\/h6>\n<p><img fetchpriority=\"high\" decoding=\"async\" class=\"alignnone  wp-image-5673\" src=\"https:\/\/www.hnhlcrane.com\/wp-content\/uploads\/2024\/12\/FEM-Suspension-crane-end-carriages-3.2t-300x211.jpg\" alt=\"\" width=\"800\" height=\"563\" srcset=\"https:\/\/www.hnhlcrane.com\/wp-content\/uploads\/2024\/12\/FEM-Suspension-crane-end-carriages-3.2t-300x211.jpg 300w, https:\/\/www.hnhlcrane.com\/wp-content\/uploads\/2024\/12\/FEM-Suspension-crane-end-carriages-3.2t-768x540.jpg 768w, https:\/\/www.hnhlcrane.com\/wp-content\/uploads\/2024\/12\/FEM-Suspension-crane-end-carriages-3.2t-600x422.jpg 600w, https:\/\/www.hnhlcrane.com\/wp-content\/uploads\/2024\/12\/FEM-Suspension-crane-end-carriages-3.2t.jpg 1000w\" sizes=\"(max-width: 800px) 100vw, 800px\" \/><\/p>\n<p>\u2460 Puffer<i>\uff1b<\/i>\u2461Endstrahl<i>\uff1b<\/i>\u2462R\u00e4der<i>(Laufwerk)<\/i><i>\uff1b<\/i>\u2463R\u00e4der<i>(Leerlauf)<\/i><i>\uff1b<\/i>\u2464R\u00e4der<i>(Leerlauf oder Antrieb)<\/i><\/p>\n<h6><strong><span style=\"font-family: arial, helvetica, sans-serif; font-size: 18pt;\">2.DU13 5t H\u00e4ngekranfahrwerke<\/span><\/strong><\/h6>\n<p><img decoding=\"async\" class=\"alignnone  wp-image-5674\" src=\"https:\/\/www.hnhlcrane.com\/wp-content\/uploads\/2024\/12\/FEM-Suspension-crane-end-carriages-5t-300x226.jpg\" alt=\"\" width=\"799\" height=\"602\" srcset=\"https:\/\/www.hnhlcrane.com\/wp-content\/uploads\/2024\/12\/FEM-Suspension-crane-end-carriages-5t-300x226.jpg 300w, https:\/\/www.hnhlcrane.com\/wp-content\/uploads\/2024\/12\/FEM-Suspension-crane-end-carriages-5t-768x578.jpg 768w, https:\/\/www.hnhlcrane.com\/wp-content\/uploads\/2024\/12\/FEM-Suspension-crane-end-carriages-5t-600x451.jpg 600w, https:\/\/www.hnhlcrane.com\/wp-content\/uploads\/2024\/12\/FEM-Suspension-crane-end-carriages-5t.jpg 1000w\" sizes=\"(max-width: 799px) 100vw, 799px\" \/><\/p>\n<p>\u2460 Puffer<i>\uff1b<\/i>\u2461Endstrahl<i>\uff1b<\/i>\u2462R\u00e4der<i>(Laufwerk)\uff1b<\/i>\u2463R\u00e4der<i>(Leerlauf)\uff1b<\/i>\u2464R\u00e4der<i>(Leerlauf oder Antrieb)<\/i><\/p>\n<h6><strong><span style=\"font-family: arial, helvetica, sans-serif; font-size: 18pt;\">3.DU16 10t H\u00e4ngekranfahrwerke<\/span><\/strong><\/h6>\n<p><img decoding=\"async\" class=\"alignnone  wp-image-5675\" src=\"https:\/\/www.hnhlcrane.com\/wp-content\/uploads\/2024\/12\/FEM-Suspension-crane-end-carriages-10t-300x216.jpg\" alt=\"\" width=\"800\" height=\"576\" srcset=\"https:\/\/www.hnhlcrane.com\/wp-content\/uploads\/2024\/12\/FEM-Suspension-crane-end-carriages-10t-300x216.jpg 300w, https:\/\/www.hnhlcrane.com\/wp-content\/uploads\/2024\/12\/FEM-Suspension-crane-end-carriages-10t-768x553.jpg 768w, https:\/\/www.hnhlcrane.com\/wp-content\/uploads\/2024\/12\/FEM-Suspension-crane-end-carriages-10t-600x432.jpg 600w, https:\/\/www.hnhlcrane.com\/wp-content\/uploads\/2024\/12\/FEM-Suspension-crane-end-carriages-10t.jpg 1000w\" sizes=\"(max-width: 800px) 100vw, 800px\" \/><\/p>\n<p>\u2460 Puffer<i>\uff1b<\/i>\u2461Endstrahl<i>\uff1b<\/i>\u2462R\u00e4der<i>(Laufwerk)\uff1b<\/i>\u2463R\u00e4der<i>(Leerlauf)\uff1b<\/i>\u2464R\u00e4der<i>(Leerlauf oder Antrieb)<\/i><\/p>","protected":false},"excerpt":{"rendered":"<h6><strong><span style=\"font-family: arial, helvetica, sans-serif; font-size: 14pt;\">Spezifikationen von <\/span><span style=\"font-family: arial, helvetica, sans-serif; font-size: 14pt;\">FEM H\u00e4ngekranfahrwerke<\/span><\/strong><\/h6>\n<ul>\n<li><strong>Modelle<\/strong>:DU10,DU13,DU16<\/li>\n<li><strong>Material der R\u00e4der<\/strong>: 40Cr<\/li>\n<li><strong>Radanschlusstypen<\/strong>: Getriebe<\/li>\n<li><strong>Anpassungsf\u00e4hige Streckenform:<\/strong> I-Tr\u00e4ger, H-Tr\u00e4ger<\/li>\n<\/ul>","protected":false},"featured_media":5660,"template":"","meta":{"_kad_post_transparent":"default","_kad_post_title":"","_kad_post_layout":"default","_kad_post_sidebar_id":"","_kad_post_content_style":"default","_kad_post_vertical_padding":"show","_kad_post_feature":"","_kad_post_feature_position":"","_kad_post_header":false,"_kad_post_footer":false},"product_brand":[],"product_cat":[62,61],"product_tag":[253,255,252,256,251,258,249,248,247,250,254,259,257],"class_list":{"0":"post-5659","1":"product","2":"type-product","3":"status-publish","4":"has-post-thumbnail","6":"product_cat-fem-standard-crane-end-carriages","7":"product_cat-fem-standard-crane-parts","8":"product_tag-crane-end-beam","9":"product_tag-crane-end-beam-manufacturers","10":"product_tag-end-carriages","11":"product_tag-european-style-hoist-double-beam-crane-end-beam","12":"product_tag-european-style-single-beam-crane-end-carriage","13":"product_tag-european-style-suspended-single-beam-crane-end-beam","14":"product_tag-fem-double-girder-crane-end-carriages","15":"product_tag-fem-single-girder-crane-end-carriages","16":"product_tag-fem-standard-crane-end-carriages","17":"product_tag-fem-suspension-crane-end-carriages","18":"product_tag-fen-din-european-style-single-beam-crane-end-carriage","19":"product_tag-fen-din-suspension-crane-end-beam","20":"product_tag-suspension-crane-end-beam","22":"first","23":"instock","24":"featured","25":"shipping-taxable","26":"product-type-simple","27":"entry","28":"content-bg","29":"loop-entry"},"yoast_head":"<!-- This site is optimized with the Yoast SEO plugin v25.6 - https:\/\/yoast.com\/wordpress\/plugins\/seo\/ -->\n<title>FEM Suspension crane end carriages -European End Carriage<\/title>\n<meta name=\"description\" content=\"Suspension crane end beam,European style suspended single beam crane end beam,FEN\/DIN Suspension crane end beam,FEM Suspension crane end carriages\" \/>\n<meta name=\"robots\" content=\"index, follow, max-snippet:-1, max-image-preview:large, max-video-preview:-1\" \/>\n<link rel=\"canonical\" href=\"https:\/\/www.hnhlcrane.com\/de\/product\/fem-hangekranfahrwerke\/\" \/>\n<meta property=\"og:locale\" content=\"de_DE\" \/>\n<meta property=\"og:type\" content=\"article\" \/>\n<meta property=\"og:title\" content=\"FEM Suspension crane end carriages -European End Carriage\" \/>\n<meta property=\"og:description\" content=\"Suspension crane end beam,European style suspended single beam crane end beam,FEN\/DIN Suspension crane end beam,FEM Suspension crane end carriages\" \/>\n<meta property=\"og:url\" content=\"https:\/\/www.hnhlcrane.com\/de\/product\/fem-hangekranfahrwerke\/\" \/>\n<meta property=\"og:site_name\" content=\"Crane Parts Supplier-HL Crame\" \/>\n<meta property=\"article:modified_time\" content=\"2024-12-06T05:37:05+00:00\" \/>\n<meta property=\"og:image\" content=\"https:\/\/www.hnhlcrane.com\/wp-content\/uploads\/2024\/12\/FEM-Suspension-crane-end-carriages.jpg\" \/>\n\t<meta property=\"og:image:width\" content=\"600\" \/>\n\t<meta property=\"og:image:height\" content=\"600\" \/>\n\t<meta property=\"og:image:type\" content=\"image\/jpeg\" \/>\n<meta name=\"twitter:card\" content=\"summary_large_image\" \/>\n<meta name=\"twitter:label1\" content=\"Gesch\u00e4tzte Lesezeit\" \/>\n\t<meta name=\"twitter:data1\" content=\"3\u00a0Minuten\" \/>\n<script type=\"application\/ld+json\" class=\"yoast-schema-graph\">{\"@context\":\"https:\/\/schema.org\",\"@graph\":[{\"@type\":\"WebPage\",\"@id\":\"https:\/\/www.hnhlcrane.com\/product\/fem-suspension-crane-end-carriages\/\",\"url\":\"https:\/\/www.hnhlcrane.com\/product\/fem-suspension-crane-end-carriages\/\",\"name\":\"FEM Suspension crane end carriages -European End Carriage\",\"isPartOf\":{\"@id\":\"https:\/\/www.hnhlcrane.com\/#website\"},\"primaryImageOfPage\":{\"@id\":\"https:\/\/www.hnhlcrane.com\/product\/fem-suspension-crane-end-carriages\/#primaryimage\"},\"image\":{\"@id\":\"https:\/\/www.hnhlcrane.com\/product\/fem-suspension-crane-end-carriages\/#primaryimage\"},\"thumbnailUrl\":\"https:\/\/www.hnhlcrane.com\/wp-content\/uploads\/2024\/12\/FEM-Suspension-crane-end-carriages.jpg\",\"datePublished\":\"2024-12-03T09:07:45+00:00\",\"dateModified\":\"2024-12-06T05:37:05+00:00\",\"description\":\"Suspension crane end beam,European style suspended single beam crane end beam,FEN\/DIN Suspension crane end beam,FEM Suspension crane end carriages\",\"breadcrumb\":{\"@id\":\"https:\/\/www.hnhlcrane.com\/product\/fem-suspension-crane-end-carriages\/#breadcrumb\"},\"inLanguage\":\"de\",\"potentialAction\":[{\"@type\":\"ReadAction\",\"target\":[\"https:\/\/www.hnhlcrane.com\/product\/fem-suspension-crane-end-carriages\/\"]}]},{\"@type\":\"ImageObject\",\"inLanguage\":\"de\",\"@id\":\"https:\/\/www.hnhlcrane.com\/product\/fem-suspension-crane-end-carriages\/#primaryimage\",\"url\":\"https:\/\/www.hnhlcrane.com\/wp-content\/uploads\/2024\/12\/FEM-Suspension-crane-end-carriages.jpg\",\"contentUrl\":\"https:\/\/www.hnhlcrane.com\/wp-content\/uploads\/2024\/12\/FEM-Suspension-crane-end-carriages.jpg\",\"width\":600,\"height\":600},{\"@type\":\"BreadcrumbList\",\"@id\":\"https:\/\/www.hnhlcrane.com\/product\/fem-suspension-crane-end-carriages\/#breadcrumb\",\"itemListElement\":[{\"@type\":\"ListItem\",\"position\":1,\"name\":\"home\",\"item\":\"https:\/\/www.hnhlcrane.com\/\"},{\"@type\":\"ListItem\",\"position\":2,\"name\":\"products\",\"item\":\"https:\/\/www.hnhlcrane.com\/products\/\"},{\"@type\":\"ListItem\",\"position\":3,\"name\":\"FEM Suspension crane end carriages\"}]},{\"@type\":\"WebSite\",\"@id\":\"https:\/\/www.hnhlcrane.com\/#website\",\"url\":\"https:\/\/www.hnhlcrane.com\/\",\"name\":\"Crane Parts Supplier-HL Crame\",\"description\":\"One-stop solution for all your  crane parts needs,Crane Hook,Crane Drum,Crane Wheel,Crane Coupling,Crane Gearbox,Crane Motor,Crane Brake,Special Crane Spreader,Crane grab,Container spreader,Billet crane clamps,Crane C-type spreader,Lifting Electromagnet,Crane Rail Clips,Electric Hoist,FEM Standard Crane End Carriages,Light Crane Parts,Workstation Crane Parts,Crane Electrical Parts,I-beam cable trolley,Crane remote controller,Crane electrical control cabinet,Crane limit switch,Crane sound and light alarm,Heavy Duty Aviation Connector,Crane overload limiter,China Crane Parts Supplier,Crane hooks,Gantry crane hook,Crane accessories,Forged hook,hook processing,Hook manufacturer,China standard crane hook,electric hoist hook,Crane pulley,Hook pulley,Rolled pulley,Crane Pulley Supplier\uff0cEuropean hook pulley,Gantry crane hook pulley,WZL type crane drum,European style reel set,Crane reel,crane parts,Drum processing,crane drum manufacturer,Cast steel drum,Electric hoist drum,Crane drum assembly,DRS Wheel Blocks,European crane wheel,Forged wheels,Active wheel set,Driving wheel set,Driven wheel group,crane wheels manufacturer,Demag crane wheels,Konecranes Crane Wheels,Overhead crane Wheel,Shaft couplings,Power Transmission Couplings,Disc Couplings,Fluid couplings,Coupling manufacturer\uff0cCardan coupling,Crane Reducer,Crane Decelerators,Reducer gearbox,Reducer for crane,Gear Reducer For Crane,Hard tooth surface reducerCrane and hoist reducer,Flender reducer,Reducer manufacturer,ZQ reducer,QJ reducer,QJY reducer,Gear Motors,Konecranes reducer,F series three-in-one reducer,K series three-in-one reducer,travelling machinery,Travelling Motor With Gear,Gear Motor for Crane Traveling,Travelling machinery Frequency inverter motors,FEM standard Gear Motors,Crane motors,Inverter motors,Hoist motors,motorCrane duty motors,Special motor for crane,YZR YZP YZ series motors,Crane and hoist motor,Frequency conversion motor,Electro hydraulic drum brakes,Electro-hydraulic disc brakes,Brake,Overhead Crane Brakes,Disc brakes,Electromagnetic disk brake,Crane hydraulic disc brake,Brakes manufacturer,crane Safety brakes,Singlr rope grab,Four rope grab,Electro-hydraulic multi-flap grab,Orange peel grab,Electric motor grab,Electro-Hydraulicclamshell grab,grab manufacturers,Container spreader manufacturers,20ft Container Spreader,Semi Automatic container spreader,40ft Container Lifting Frame,TEC container Spreader,Billet lifting clamp,Billet Clamps,Billet crane clamps manufacturer,billet lifting clamps china supplier,Coil C-Type Hook,coil hook,Overhead Crane Steel Coil C-Type Hook,Crane C-hook,C-type spreader,C-type hook,Crane magnets,Rail fixing device,Crane Rail fixing device,crane Rail Clamp,CD\/MD Wire Rope Electric Hoist,Wire Rope Electric Hoist China Manufacturer,Single Girder Wire Rope Electric Hoist,Double Girder Wire Rope Electric Hoist,Chain Hoist,Electric chain hoist manufacturer,Electric chain hoist China distributor,European wire rope electric hoist\uff0cEuropean double beam wire rope electric hoist,European Style Single Beam Crane End Carriage,FEN\/DIN European Style Single Beam Crane End Carriage,Crane end beam manufacturers,European style hoist double beam crane end beam,Suspension crane end beam,European style suspended single beam crane end beam,FEN\/DIN Suspension crane end beam,crane cable trolley,Wireless remote control,remote controller,Crane control handle,Crane Controls,electrical control cabinet,crane control cabinet,Limit switch,Sound and light alarm,Aviation plug,quick connector,Crane aviation plug,Overload limiter\",\"publisher\":{\"@id\":\"https:\/\/www.hnhlcrane.com\/#organization\"},\"potentialAction\":[{\"@type\":\"SearchAction\",\"target\":{\"@type\":\"EntryPoint\",\"urlTemplate\":\"https:\/\/www.hnhlcrane.com\/?s={search_term_string}\"},\"query-input\":{\"@type\":\"PropertyValueSpecification\",\"valueRequired\":true,\"valueName\":\"search_term_string\"}}],\"inLanguage\":\"de\"},{\"@type\":\"Organization\",\"@id\":\"https:\/\/www.hnhlcrane.com\/#organization\",\"name\":\"Crane Parts Supplier-HL Crame\",\"url\":\"https:\/\/www.hnhlcrane.com\/\",\"logo\":{\"@type\":\"ImageObject\",\"inLanguage\":\"de\",\"@id\":\"https:\/\/www.hnhlcrane.com\/#\/schema\/logo\/image\/\",\"url\":\"https:\/\/www.hnhlcrane.com\/wp-content\/uploads\/2024\/09\/logo6-1-e1733899395598.png\",\"contentUrl\":\"https:\/\/www.hnhlcrane.com\/wp-content\/uploads\/2024\/09\/logo6-1-e1733899395598.png\",\"width\":1000,\"height\":282,\"caption\":\"Crane Parts Supplier-HL Crame\"},\"image\":{\"@id\":\"https:\/\/www.hnhlcrane.com\/#\/schema\/logo\/image\/\"}}]}<\/script>\n<!-- \/ Yoast SEO plugin. -->","yoast_head_json":{"title":"FEM H\u00e4ngekranfahrwerke -Europ\u00e4isches Kopftragwerk","description":"H\u00e4ngekran-Endbalken,H\u00e4ngekran-Endbalken im europ\u00e4ischen Stil,FEN\/DIN H\u00e4ngekran-Endbalken,FEM H\u00e4ngekran-Endwagen","robots":{"index":"index","follow":"follow","max-snippet":"max-snippet:-1","max-image-preview":"max-image-preview:large","max-video-preview":"max-video-preview:-1"},"canonical":"https:\/\/www.hnhlcrane.com\/de\/product\/fem-hangekranfahrwerke\/","og_locale":"de_DE","og_type":"article","og_title":"FEM Suspension crane end carriages -European End Carriage","og_description":"Suspension crane end beam,European style suspended single beam crane end beam,FEN\/DIN Suspension crane end beam,FEM Suspension crane end carriages","og_url":"https:\/\/www.hnhlcrane.com\/de\/product\/fem-hangekranfahrwerke\/","og_site_name":"Crane Parts Supplier-HL Crame","article_modified_time":"2024-12-06T05:37:05+00:00","og_image":[{"width":600,"height":600,"url":"https:\/\/www.hnhlcrane.com\/wp-content\/uploads\/2024\/12\/FEM-Suspension-crane-end-carriages.jpg","type":"image\/jpeg"}],"twitter_card":"summary_large_image","twitter_misc":{"Gesch\u00e4tzte Lesezeit":"3\u00a0Minuten"},"schema":{"@context":"https:\/\/schema.org","@graph":[{"@type":"WebPage","@id":"https:\/\/www.hnhlcrane.com\/product\/fem-suspension-crane-end-carriages\/","url":"https:\/\/www.hnhlcrane.com\/product\/fem-suspension-crane-end-carriages\/","name":"FEM H\u00e4ngekranfahrwerke -Europ\u00e4isches Kopftragwerk","isPartOf":{"@id":"https:\/\/www.hnhlcrane.com\/#website"},"primaryImageOfPage":{"@id":"https:\/\/www.hnhlcrane.com\/product\/fem-suspension-crane-end-carriages\/#primaryimage"},"image":{"@id":"https:\/\/www.hnhlcrane.com\/product\/fem-suspension-crane-end-carriages\/#primaryimage"},"thumbnailUrl":"https:\/\/www.hnhlcrane.com\/wp-content\/uploads\/2024\/12\/FEM-Suspension-crane-end-carriages.jpg","datePublished":"2024-12-03T09:07:45+00:00","dateModified":"2024-12-06T05:37:05+00:00","description":"H\u00e4ngekran-Endbalken,H\u00e4ngekran-Endbalken im europ\u00e4ischen Stil,FEN\/DIN H\u00e4ngekran-Endbalken,FEM H\u00e4ngekran-Endwagen","breadcrumb":{"@id":"https:\/\/www.hnhlcrane.com\/product\/fem-suspension-crane-end-carriages\/#breadcrumb"},"inLanguage":"de","potentialAction":[{"@type":"ReadAction","target":["https:\/\/www.hnhlcrane.com\/product\/fem-suspension-crane-end-carriages\/"]}]},{"@type":"ImageObject","inLanguage":"de","@id":"https:\/\/www.hnhlcrane.com\/product\/fem-suspension-crane-end-carriages\/#primaryimage","url":"https:\/\/www.hnhlcrane.com\/wp-content\/uploads\/2024\/12\/FEM-Suspension-crane-end-carriages.jpg","contentUrl":"https:\/\/www.hnhlcrane.com\/wp-content\/uploads\/2024\/12\/FEM-Suspension-crane-end-carriages.jpg","width":600,"height":600},{"@type":"BreadcrumbList","@id":"https:\/\/www.hnhlcrane.com\/product\/fem-suspension-crane-end-carriages\/#breadcrumb","itemListElement":[{"@type":"ListItem","position":1,"name":"home","item":"https:\/\/www.hnhlcrane.com\/"},{"@type":"ListItem","position":2,"name":"products","item":"https:\/\/www.hnhlcrane.com\/products\/"},{"@type":"ListItem","position":3,"name":"FEM Suspension crane end carriages"}]},{"@type":"WebSite","@id":"https:\/\/www.hnhlcrane.com\/#website","url":"https:\/\/www.hnhlcrane.com\/","name":"Kranteile Lieferant-HL Crame","description":"One-Stop-L\u00f6sung f\u00fcr alle Ihre Kranteile braucht,Kranhaken,Krantrommel,Kranrad,Kran-Kupplung,Kran-Getriebe,Kran-Motor,Kran-Bremse,Spezial-Kran-Spreader,Kran-Greifer,Container-Spreader,Billet-Kran-Klemmen,C-Typ Spreader Kran,Hebe-Elektromagnet,Kranschienenklammern,Elektrohebezeug,FEM-Standard-Kranendwagen,Leichtkranteile,Workstation-Kranteile,Kranelektrik,I-Tr\u00e4ger-Kabelwagen,Kran-Fernsteuerung,Kran-Elektroschaltschrank,Crane limit switch,Crane sound and light alarm,Heavy Duty Aviation Connector,Crane overload limiter,China Crane Parts Supplier,Crane hooks,Gantry crane hook,Crane accessories,Forged hook,hook processing,Hook manufacturer,China standard crane hook,electric hoist hook,Crane pulley,Hook pulley,Rolled pulley,Crane Pulley Supplier\uff0cEuropean hook pulley,Gantry crane hook pulley,WZL type crane drum,European style reel set,Crane reel,Kranteile,Trommelverarbeitung,Hersteller von Krantrommeln,Stahlgusstrommel,Trommel f\u00fcr Elektroz\u00fcge,Krantrommelmontage,DRS Radbl\u00f6cke,Europ\u00e4isches Kranrad,Geschmiedete R\u00e4der,Aktivradsatz,Antriebsradsatz,Antriebsradgruppe,Hersteller von Kranr\u00e4dern,Demag Kranr\u00e4der,Konecranes Kranr\u00e4der,Br\u00fcckenkranrad,Wellenkupplungen,Kraft\u00fcbertragungskupplungen,Scheibenkupplungen,Fl\u00fcssigkeitskupplungen,Hersteller von Kupplungen,Kardankupplung,Kranreduzierer,Crane Decelerators,Reducer gearbox,Reducer for crane,Gear Reducer For Crane,Hard tooth surface reducerCrane and hoist reducer,Flender reducer,Reducer manufacturer,ZQ reducer,QJ reducer,QJY reducer,Gear Motors,Konecranes reducer,F Serie Drei-in-Eins-Getriebe,K Serie Drei-in-Eins-Getriebe,Fahrende Maschinen,Fahrende Motoren mit Getriebe,Getriebemotoren f\u00fcr Kranfahrten,Fahrende Maschinen Frequenzumrichtermotoren,FEM Standard Getriebemotoren,Kranmotoren,Umrichtermotoren,Hebemotoren,MotorKranmotoren,Spezialmotor f\u00fcr Kran,Motoren der Serie YZR YZP YZ,Kran- und Hebemotor,Frequenzumwandlungsmotor,Elektrohydraulische Trommelbremsen,Elektrohydraulische Scheibenbremsen,Bremse,Br\u00fcckenkranbremsen,Scheibenbremsen,Elektromagnetische Scheibenbremse,Kranhydraulische Scheibenbremse,Bremsenhersteller,Kransicherheitsbremsen,Einzelseilgreifer,Vierseilgreifer,Elektrohydraulischer Mehrklappengreifer,Mehrschalengreifer,Elektromotorgreifer,Elektrohydraulischer Greifer,Greifer Hersteller,Container Spreader Hersteller,20ft Container Spreader,Semi Automatic Container Spreader,40ft Container Heberahmen,TEC Container Spreader,Kn\u00fcppel Hebeklemme,Kn\u00fcppel Klemmen,Kn\u00fcppel Kran Klemmen Hersteller,Kn\u00fcppel Hebeklemmen China Lieferant,Coil C-Type Hook,Spule Haken,Overhead Crane Steel Coil C-Type Hook,Kran C-Haken,C-Typ Spreader,C-Typ Haken,Kran Magnete,Rail Fixing Device,Kran Schiene Befestigungsvorrichtung,Kran Schiene Klemme,CD\/MD Drahtseilzug,Drahtseilzug China Hersteller,Einzeltr\u00e4ger Drahtseilzug,Doppeltr\u00e4ger Drahtseilzug,Kettenzug,Elektrokettenzug Hersteller,Elektrokettenzug China H\u00e4ndler,Europ\u00e4ische Drahtseilzug\uff0cEurop\u00e4ische Doppelstrahl Drahtseilzug,European Style Single Beam Crane End Carriage,FEN\/DIN European Style Single Beam Crane End Carriage,Hersteller von Kranendbalken,Europ\u00e4ischer Stil Hebezeug-Doppelbalken-Kranendbalken,H\u00e4ngekranendbalken,Europ\u00e4ischer Stil H\u00e4ngekranendbalken-Einzelbalken-Kranendbalken,FEN\/DIN H\u00e4ngekranendbalken-Kranendbalken,Krankabelkatze,Drahtlose Fernbedienung,Fernbedienung,Kransteuerungsgriff,Kransteuerungen,Elektrischer Steuerschrank,Kransteuerungsschrank,Endschalter,Ton- und Lichtalarm,Luftfahrtstecker,Schnellverbinder,Kranluftfahrtstecker,\u00dcberlastungsbegrenzer","publisher":{"@id":"https:\/\/www.hnhlcrane.com\/#organization"},"potentialAction":[{"@type":"SearchAction","target":{"@type":"EntryPoint","urlTemplate":"https:\/\/www.hnhlcrane.com\/?s={search_term_string}"},"query-input":{"@type":"PropertyValueSpecification","valueRequired":true,"valueName":"search_term_string"}}],"inLanguage":"de"},{"@type":"Organization","@id":"https:\/\/www.hnhlcrane.com\/#organization","name":"Kranteile Lieferant-HL Crame","url":"https:\/\/www.hnhlcrane.com\/","logo":{"@type":"ImageObject","inLanguage":"de","@id":"https:\/\/www.hnhlcrane.com\/#\/schema\/logo\/image\/","url":"https:\/\/www.hnhlcrane.com\/wp-content\/uploads\/2024\/09\/logo6-1-e1733899395598.png","contentUrl":"https:\/\/www.hnhlcrane.com\/wp-content\/uploads\/2024\/09\/logo6-1-e1733899395598.png","width":1000,"height":282,"caption":"Crane Parts Supplier-HL Crame"},"image":{"@id":"https:\/\/www.hnhlcrane.com\/#\/schema\/logo\/image\/"}}]}},"_links":{"self":[{"href":"https:\/\/www.hnhlcrane.com\/de\/wp-json\/wp\/v2\/product\/5659","targetHints":{"allow":["GET"]}}],"collection":[{"href":"https:\/\/www.hnhlcrane.com\/de\/wp-json\/wp\/v2\/product"}],"about":[{"href":"https:\/\/www.hnhlcrane.com\/de\/wp-json\/wp\/v2\/types\/product"}],"version-history":[{"count":0,"href":"https:\/\/www.hnhlcrane.com\/de\/wp-json\/wp\/v2\/product\/5659\/revisions"}],"wp:featuredmedia":[{"embeddable":true,"href":"https:\/\/www.hnhlcrane.com\/de\/wp-json\/wp\/v2\/media\/5660"}],"wp:attachment":[{"href":"https:\/\/www.hnhlcrane.com\/de\/wp-json\/wp\/v2\/media?parent=5659"}],"wp:term":[{"taxonomy":"product_brand","embeddable":true,"href":"https:\/\/www.hnhlcrane.com\/de\/wp-json\/wp\/v2\/product_brand?post=5659"},{"taxonomy":"product_cat","embeddable":true,"href":"https:\/\/www.hnhlcrane.com\/de\/wp-json\/wp\/v2\/product_cat?post=5659"},{"taxonomy":"product_tag","embeddable":true,"href":"https:\/\/www.hnhlcrane.com\/de\/wp-json\/wp\/v2\/product_tag?post=5659"}],"curies":[{"name":"wp","href":"https:\/\/api.w.org\/{rel}","templated":true}]}}