{"id":5528,"date":"2024-11-29T22:04:09","date_gmt":"2024-11-29T14:04:09","guid":{"rendered":"https:\/\/www.hnhlcrane.com\/?post_type=product&#038;p=5528"},"modified":"2025-09-14T22:52:34","modified_gmt":"2025-09-14T14:52:34","slug":"cgek-schienenklammern","status":"publish","type":"product","link":"https:\/\/www.hnhlcrane.com\/de\/product\/cgek-schienenklammern\/","title":{"rendered":"CGEK-Schienenklammern"},"content":{"rendered":"<h6><span style=\"font-family: arial, helvetica, sans-serif; font-size: 18pt;\"><strong>Merkmale der CGEK-Schienenclips<\/strong><\/span><\/h6>\n<ol>\n<li><strong>Seitliche Verstellung<\/strong><br \/>\nDie CGEK-Schienenklammern erm\u00f6glichen eine seitliche Verstellung, wodurch die Bedingungen f\u00fcr eine pr\u00e4zise Schienenverlegung und -ausrichtung optimiert werden.<\/li>\n<li><strong>Zuverl\u00e4ssigkeit bei der Aufnahme von Seitenkr\u00e4ften<\/strong><br \/>\nDie festen Komponenten der Clips nehmen die beim Kranbetrieb auftretenden Seitenkr\u00e4fte zuverl\u00e4ssig auf und sorgen f\u00fcr Stabilit\u00e4t.<\/li>\n<li><strong>Kompakte Bauweise<\/strong><br \/>\nMit ihrer schmalen und flachen Struktur bieten diese Clips optimale Einbauma\u00dfe und eignen sich f\u00fcr Krane mit oder ohne F\u00fchrungsr\u00e4der.<\/li>\n<li><strong>Automatischer Verriegelungsmechanismus<\/strong><br \/>\nDurch die keilf\u00f6rmige Konstruktion und die ineinander greifenden Schr\u00e4gfl\u00e4chen der oberen und unteren Klemmplatten rasten die Klammern automatisch ein.<\/li>\n<li><strong>Toleranzkontrolle und Kontakthaltbarkeit<\/strong><br \/>\nSie gleichen die Toleranzen der Schiene und des Krantr\u00e4gers effektiv aus und gew\u00e4hrleisten einen dauerhaften Kontakt zwischen Schiene und Unterbau, der durch vorgespannte Unterbauten unterst\u00fctzt wird.<\/li>\n<li><strong>Rauschunterdr\u00fcckung<\/strong><br \/>\nDas Design reduziert die L\u00e4rmbelastung erheblich und tr\u00e4gt so zu einer verbesserten Arbeitsumgebung bei.<\/li>\n<li><strong>Hochfeste Materialien<\/strong><br \/>\nDie Komponenten werden aus niedrig legiertem, hochfestem Baustahl hergestellt, um die Haltbarkeit und Leistung zu erh\u00f6hen.<\/li>\n<li><strong>Hochfeste Bolzen<\/strong><br \/>\nAusgestattet mit hochfesten M20-Schrauben der Festigkeitsklasse 8.8 bietet das System ein Anzugsdrehmoment von 220 N-m und h\u00e4lt einer maximalen Seitenkraft von 120 kN stand, die durch den Raddruck ausge\u00fcbt wird.<\/li>\n<\/ol>\n<hr \/>\n<h6><span style=\"font-family: arial, helvetica, sans-serif; font-size: 18pt;\"><strong>Installationsschritte f\u00fcr CGEK <a href=\"https:\/\/www.hnhlcrane.com\/de\/produkte\/kranschienenclips\/\" target=\"_blank\" rel=\"noopener\">Schienenclips<\/a><\/strong><\/span><\/h6>\n<ol>\n<li><strong>Positionierung der Grundplatte<\/strong>\n<ul>\n<li>Platzieren Sie die Bodenplatten im Abstand von 500 mm entlang der Kranschiene.<\/li>\n<li>Richten Sie sie rechtwinklig zur Schiene aus, wobei die Mitte der T-Schraube entsprechend dem angegebenen Wert von der Mittellinie der Schiene beabstandet sein muss. <span class=\"katex\"><span class=\"katex-mathml\">aa<\/span><span class=\"katex-html\" aria-hidden=\"true\"><span class=\"base\"><span class=\"mord mathnormal\">a<\/span><\/span><\/span><\/span>.<\/li>\n<\/ul>\n<\/li>\n<li><strong>Schwei\u00dfen der Grundplatten<\/strong>\n<ul>\n<li>Schwei\u00dfen Sie die Grundplatten an den festgelegten Stellen fest.<\/li>\n<\/ul>\n<\/li>\n<li><strong>Sequentielle Installation<\/strong>\n<ul>\n<li>Positionieren Sie die T-Schrauben.<\/li>\n<li>Montieren Sie die Komponenten in folgender Reihenfolge: obere Abdeckplatte \u2192 Unterlegscheibe \u2192 Federring \u2192 Mutter.<\/li>\n<li>Ziehen Sie die T-Schrauben an und justieren Sie die obere Abdeckplatte nach Bedarf.<\/li>\n<\/ul>\n<\/li>\n<\/ol>\n<p><img fetchpriority=\"high\" decoding=\"async\" class=\"alignnone wp-image-5532\" src=\"https:\/\/www.hnhlcrane.com\/wp-content\/uploads\/2024\/11\/CGEK-Rail-Clips-4-300x129.jpg\" alt=\"\" width=\"800\" height=\"344\" srcset=\"https:\/\/www.hnhlcrane.com\/wp-content\/uploads\/2024\/11\/CGEK-Rail-Clips-4-300x129.jpg 300w, https:\/\/www.hnhlcrane.com\/wp-content\/uploads\/2024\/11\/CGEK-Rail-Clips-4-768x331.jpg 768w, https:\/\/www.hnhlcrane.com\/wp-content\/uploads\/2024\/11\/CGEK-Rail-Clips-4-600x259.jpg 600w, https:\/\/www.hnhlcrane.com\/wp-content\/uploads\/2024\/11\/CGEK-Rail-Clips-4.jpg 1000w\" sizes=\"(max-width: 800px) 100vw, 800px\" \/><\/p>","protected":false},"excerpt":{"rendered":"<h6><span style=\"font-family: arial, helvetica, sans-serif; font-size: 14pt;\"><strong>Spezifikationen von CGEK-Schienenclips<\/strong><\/span><\/h6>\n<ul>\n<li><strong>Modelle:<\/strong> CGEK38, CGEK43, CGEK50, CGEK60, CGEK70, CGEK80, CGEK100, CGEK120<\/li>\n<li><strong>Methode der Befestigung:<\/strong> Geschwei\u00dfte Grundplatte<\/li>\n<\/ul>","protected":false},"featured_media":5529,"template":"","meta":{"_kad_post_transparent":"default","_kad_post_title":"","_kad_post_layout":"default","_kad_post_sidebar_id":"","_kad_post_content_style":"default","_kad_post_vertical_padding":"show","_kad_post_feature":"","_kad_post_feature_position":"","_kad_post_header":false,"_kad_post_footer":false},"product_brand":[],"product_cat":[83],"product_tag":[224,223,222,221,218,214,217,225,228,216,226,219,227,215,220],"class_list":{"0":"post-5528","1":"product","2":"type-product","3":"status-publish","4":"has-post-thumbnail","6":"product_cat-crane-rail-clips","7":"product_tag-05g525-rail-clips","8":"product_tag-cgbk-rail-clips","9":"product_tag-cgek-rail-clips","10":"product_tag-cgwk-rail-clips","11":"product_tag-crane-rail-clamp","12":"product_tag-crane-rail-clips","13":"product_tag-crane-rail-fixing-device","14":"product_tag-hdgy-rail-clips","15":"product_tag-rail-connection-splint","16":"product_tag-rail-fixing-device","17":"product_tag-rail-joints","18":"product_tag-swjk-rail-clips","19":"product_tag-tracks-jointing-plates","20":"product_tag-wjk-rail-clips","21":"product_tag-wjkc-rail-clips","23":"first","24":"instock","25":"shipping-taxable","26":"product-type-simple","27":"entry","28":"content-bg","29":"loop-entry"},"yoast_head":"<!-- This site is optimized with the Yoast SEO plugin v25.6 - https:\/\/yoast.com\/wordpress\/plugins\/seo\/ -->\n<title>CGEK Rail Clips \u2013 Precision Engineered Rail Fasteners<\/title>\n<meta name=\"description\" content=\"Engineered CGEK Rail Clips ensure stable and safe rail fastening. Perfect for railway construction, maintenance, and industrial tracks.\" \/>\n<meta name=\"robots\" content=\"index, follow, max-snippet:-1, max-image-preview:large, max-video-preview:-1\" \/>\n<link rel=\"canonical\" href=\"https:\/\/www.hnhlcrane.com\/de\/product\/cgek-schienenklammern\/\" \/>\n<meta property=\"og:locale\" content=\"de_DE\" \/>\n<meta property=\"og:type\" content=\"article\" \/>\n<meta property=\"og:title\" content=\"CGEK Rail Clips \u2013 Precision Engineered Rail Fasteners\" \/>\n<meta property=\"og:description\" content=\"Engineered CGEK Rail Clips ensure stable and safe rail fastening. Perfect for railway construction, maintenance, and industrial tracks.\" \/>\n<meta property=\"og:url\" content=\"https:\/\/www.hnhlcrane.com\/de\/product\/cgek-schienenklammern\/\" \/>\n<meta property=\"og:site_name\" content=\"Crane Parts Supplier-HL Crame\" \/>\n<meta property=\"article:modified_time\" content=\"2025-09-14T14:52:34+00:00\" \/>\n<meta property=\"og:image\" content=\"https:\/\/www.hnhlcrane.com\/wp-content\/uploads\/2024\/11\/CGEK-Rail-Clips-1.jpg\" \/>\n\t<meta property=\"og:image:width\" content=\"600\" \/>\n\t<meta property=\"og:image:height\" content=\"600\" \/>\n\t<meta property=\"og:image:type\" content=\"image\/jpeg\" \/>\n<meta name=\"twitter:card\" content=\"summary_large_image\" \/>\n<meta name=\"twitter:label1\" content=\"Gesch\u00e4tzte Lesezeit\" \/>\n\t<meta name=\"twitter:data1\" content=\"2\u00a0Minuten\" \/>\n<script type=\"application\/ld+json\" class=\"yoast-schema-graph\">{\"@context\":\"https:\/\/schema.org\",\"@graph\":[{\"@type\":\"WebPage\",\"@id\":\"https:\/\/www.hnhlcrane.com\/product\/cgek-rail-clips\/\",\"url\":\"https:\/\/www.hnhlcrane.com\/product\/cgek-rail-clips\/\",\"name\":\"CGEK Rail Clips \u2013 Precision Engineered Rail Fasteners\",\"isPartOf\":{\"@id\":\"https:\/\/www.hnhlcrane.com\/#website\"},\"primaryImageOfPage\":{\"@id\":\"https:\/\/www.hnhlcrane.com\/product\/cgek-rail-clips\/#primaryimage\"},\"image\":{\"@id\":\"https:\/\/www.hnhlcrane.com\/product\/cgek-rail-clips\/#primaryimage\"},\"thumbnailUrl\":\"https:\/\/www.hnhlcrane.com\/wp-content\/uploads\/2024\/11\/CGEK-Rail-Clips-1.jpg\",\"datePublished\":\"2024-11-29T14:04:09+00:00\",\"dateModified\":\"2025-09-14T14:52:34+00:00\",\"description\":\"Engineered CGEK Rail Clips ensure stable and safe rail fastening. Perfect for railway construction, maintenance, and industrial tracks.\",\"breadcrumb\":{\"@id\":\"https:\/\/www.hnhlcrane.com\/product\/cgek-rail-clips\/#breadcrumb\"},\"inLanguage\":\"de\",\"potentialAction\":[{\"@type\":\"ReadAction\",\"target\":[\"https:\/\/www.hnhlcrane.com\/product\/cgek-rail-clips\/\"]}]},{\"@type\":\"ImageObject\",\"inLanguage\":\"de\",\"@id\":\"https:\/\/www.hnhlcrane.com\/product\/cgek-rail-clips\/#primaryimage\",\"url\":\"https:\/\/www.hnhlcrane.com\/wp-content\/uploads\/2024\/11\/CGEK-Rail-Clips-1.jpg\",\"contentUrl\":\"https:\/\/www.hnhlcrane.com\/wp-content\/uploads\/2024\/11\/CGEK-Rail-Clips-1.jpg\",\"width\":600,\"height\":600},{\"@type\":\"BreadcrumbList\",\"@id\":\"https:\/\/www.hnhlcrane.com\/product\/cgek-rail-clips\/#breadcrumb\",\"itemListElement\":[{\"@type\":\"ListItem\",\"position\":1,\"name\":\"home\",\"item\":\"https:\/\/www.hnhlcrane.com\/\"},{\"@type\":\"ListItem\",\"position\":2,\"name\":\"products\",\"item\":\"https:\/\/www.hnhlcrane.com\/products\/\"},{\"@type\":\"ListItem\",\"position\":3,\"name\":\"CGEK Rail Clips\"}]},{\"@type\":\"WebSite\",\"@id\":\"https:\/\/www.hnhlcrane.com\/#website\",\"url\":\"https:\/\/www.hnhlcrane.com\/\",\"name\":\"Crane Parts Supplier-HL Crame\",\"description\":\"One-stop solution for all your  crane parts needs,Crane Hook,Crane Drum,Crane Wheel,Crane Coupling,Crane Gearbox,Crane Motor,Crane Brake,Special Crane Spreader,Crane grab,Container spreader,Billet crane clamps,Crane C-type spreader,Lifting Electromagnet,Crane Rail Clips,Electric Hoist,FEM Standard Crane End Carriages,Light Crane Parts,Workstation Crane Parts,Crane Electrical Parts,I-beam cable trolley,Crane remote controller,Crane electrical control cabinet,Crane limit switch,Crane sound and light alarm,Heavy Duty Aviation Connector,Crane overload limiter,China Crane Parts Supplier,Crane hooks,Gantry crane hook,Crane accessories,Forged hook,hook processing,Hook manufacturer,China standard crane hook,electric hoist hook,Crane pulley,Hook pulley,Rolled pulley,Crane Pulley Supplier\uff0cEuropean hook pulley,Gantry crane hook pulley,WZL type crane drum,European style reel set,Crane reel,crane parts,Drum processing,crane drum manufacturer,Cast steel drum,Electric hoist drum,Crane drum assembly,DRS Wheel Blocks,European crane wheel,Forged wheels,Active wheel set,Driving wheel set,Driven wheel group,crane wheels manufacturer,Demag crane wheels,Konecranes Crane Wheels,Overhead crane Wheel,Shaft couplings,Power Transmission Couplings,Disc Couplings,Fluid couplings,Coupling manufacturer\uff0cCardan coupling,Crane Reducer,Crane Decelerators,Reducer gearbox,Reducer for crane,Gear Reducer For Crane,Hard tooth surface reducerCrane and hoist reducer,Flender reducer,Reducer manufacturer,ZQ reducer,QJ reducer,QJY reducer,Gear Motors,Konecranes reducer,F series three-in-one reducer,K series three-in-one reducer,travelling machinery,Travelling Motor With Gear,Gear Motor for Crane Traveling,Travelling machinery Frequency inverter motors,FEM standard Gear Motors,Crane motors,Inverter motors,Hoist motors,motorCrane duty motors,Special motor for crane,YZR YZP YZ series motors,Crane and hoist motor,Frequency conversion motor,Electro hydraulic drum brakes,Electro-hydraulic disc brakes,Brake,Overhead Crane Brakes,Disc brakes,Electromagnetic disk brake,Crane hydraulic disc brake,Brakes manufacturer,crane Safety brakes,Singlr rope grab,Four rope grab,Electro-hydraulic multi-flap grab,Orange peel grab,Electric motor grab,Electro-Hydraulicclamshell grab,grab manufacturers,Container spreader manufacturers,20ft Container Spreader,Semi Automatic container spreader,40ft Container Lifting Frame,TEC container Spreader,Billet lifting clamp,Billet Clamps,Billet crane clamps manufacturer,billet lifting clamps china supplier,Coil C-Type Hook,coil hook,Overhead Crane Steel Coil C-Type Hook,Crane C-hook,C-type spreader,C-type hook,Crane magnets,Rail fixing device,Crane Rail fixing device,crane Rail Clamp,CD\/MD Wire Rope Electric Hoist,Wire Rope Electric Hoist China Manufacturer,Single Girder Wire Rope Electric Hoist,Double Girder Wire Rope Electric Hoist,Chain Hoist,Electric chain hoist manufacturer,Electric chain hoist China distributor,European wire rope electric hoist\uff0cEuropean double beam wire rope electric hoist,European Style Single Beam Crane End Carriage,FEN\/DIN European Style Single Beam Crane End Carriage,Crane end beam manufacturers,European style hoist double beam crane end beam,Suspension crane end beam,European style suspended single beam crane end beam,FEN\/DIN Suspension crane end beam,crane cable trolley,Wireless remote control,remote controller,Crane control handle,Crane Controls,electrical control cabinet,crane control cabinet,Limit switch,Sound and light alarm,Aviation plug,quick connector,Crane aviation plug,Overload limiter\",\"publisher\":{\"@id\":\"https:\/\/www.hnhlcrane.com\/#organization\"},\"potentialAction\":[{\"@type\":\"SearchAction\",\"target\":{\"@type\":\"EntryPoint\",\"urlTemplate\":\"https:\/\/www.hnhlcrane.com\/?s={search_term_string}\"},\"query-input\":{\"@type\":\"PropertyValueSpecification\",\"valueRequired\":true,\"valueName\":\"search_term_string\"}}],\"inLanguage\":\"de\"},{\"@type\":\"Organization\",\"@id\":\"https:\/\/www.hnhlcrane.com\/#organization\",\"name\":\"Crane Parts Supplier-HL Crame\",\"url\":\"https:\/\/www.hnhlcrane.com\/\",\"logo\":{\"@type\":\"ImageObject\",\"inLanguage\":\"de\",\"@id\":\"https:\/\/www.hnhlcrane.com\/#\/schema\/logo\/image\/\",\"url\":\"https:\/\/www.hnhlcrane.com\/wp-content\/uploads\/2024\/09\/logo6-1-e1733899395598.png\",\"contentUrl\":\"https:\/\/www.hnhlcrane.com\/wp-content\/uploads\/2024\/09\/logo6-1-e1733899395598.png\",\"width\":1000,\"height\":282,\"caption\":\"Crane Parts Supplier-HL Crame\"},\"image\":{\"@id\":\"https:\/\/www.hnhlcrane.com\/#\/schema\/logo\/image\/\"}}]}<\/script>\n<!-- \/ Yoast SEO plugin. -->","yoast_head_json":{"title":"CGEK Schienenklammern - Pr\u00e4zisionsschienenbefestigungen","description":"Hochentwickelte CGEK-Schienenklammern gew\u00e4hrleisten eine stabile und sichere Schienenbefestigung. Perfekt f\u00fcr Eisenbahnbau, Instandhaltung und Industriegleise.","robots":{"index":"index","follow":"follow","max-snippet":"max-snippet:-1","max-image-preview":"max-image-preview:large","max-video-preview":"max-video-preview:-1"},"canonical":"https:\/\/www.hnhlcrane.com\/de\/product\/cgek-schienenklammern\/","og_locale":"de_DE","og_type":"article","og_title":"CGEK Rail Clips \u2013 Precision Engineered Rail Fasteners","og_description":"Engineered CGEK Rail Clips ensure stable and safe rail fastening. Perfect for railway construction, maintenance, and industrial tracks.","og_url":"https:\/\/www.hnhlcrane.com\/de\/product\/cgek-schienenklammern\/","og_site_name":"Crane Parts Supplier-HL Crame","article_modified_time":"2025-09-14T14:52:34+00:00","og_image":[{"width":600,"height":600,"url":"https:\/\/www.hnhlcrane.com\/wp-content\/uploads\/2024\/11\/CGEK-Rail-Clips-1.jpg","type":"image\/jpeg"}],"twitter_card":"summary_large_image","twitter_misc":{"Gesch\u00e4tzte Lesezeit":"2\u00a0Minuten"},"schema":{"@context":"https:\/\/schema.org","@graph":[{"@type":"WebPage","@id":"https:\/\/www.hnhlcrane.com\/product\/cgek-rail-clips\/","url":"https:\/\/www.hnhlcrane.com\/product\/cgek-rail-clips\/","name":"CGEK Schienenklammern - Pr\u00e4zisionsschienenbefestigungen","isPartOf":{"@id":"https:\/\/www.hnhlcrane.com\/#website"},"primaryImageOfPage":{"@id":"https:\/\/www.hnhlcrane.com\/product\/cgek-rail-clips\/#primaryimage"},"image":{"@id":"https:\/\/www.hnhlcrane.com\/product\/cgek-rail-clips\/#primaryimage"},"thumbnailUrl":"https:\/\/www.hnhlcrane.com\/wp-content\/uploads\/2024\/11\/CGEK-Rail-Clips-1.jpg","datePublished":"2024-11-29T14:04:09+00:00","dateModified":"2025-09-14T14:52:34+00:00","description":"Hochentwickelte CGEK-Schienenklammern gew\u00e4hrleisten eine stabile und sichere Schienenbefestigung. Perfekt f\u00fcr Eisenbahnbau, Instandhaltung und Industriegleise.","breadcrumb":{"@id":"https:\/\/www.hnhlcrane.com\/product\/cgek-rail-clips\/#breadcrumb"},"inLanguage":"de","potentialAction":[{"@type":"ReadAction","target":["https:\/\/www.hnhlcrane.com\/product\/cgek-rail-clips\/"]}]},{"@type":"ImageObject","inLanguage":"de","@id":"https:\/\/www.hnhlcrane.com\/product\/cgek-rail-clips\/#primaryimage","url":"https:\/\/www.hnhlcrane.com\/wp-content\/uploads\/2024\/11\/CGEK-Rail-Clips-1.jpg","contentUrl":"https:\/\/www.hnhlcrane.com\/wp-content\/uploads\/2024\/11\/CGEK-Rail-Clips-1.jpg","width":600,"height":600},{"@type":"BreadcrumbList","@id":"https:\/\/www.hnhlcrane.com\/product\/cgek-rail-clips\/#breadcrumb","itemListElement":[{"@type":"ListItem","position":1,"name":"home","item":"https:\/\/www.hnhlcrane.com\/"},{"@type":"ListItem","position":2,"name":"products","item":"https:\/\/www.hnhlcrane.com\/products\/"},{"@type":"ListItem","position":3,"name":"CGEK Rail Clips"}]},{"@type":"WebSite","@id":"https:\/\/www.hnhlcrane.com\/#website","url":"https:\/\/www.hnhlcrane.com\/","name":"Kranteile Lieferant-HL Crame","description":"One-Stop-L\u00f6sung f\u00fcr alle Ihre Kranteile braucht,Kranhaken,Krantrommel,Kranrad,Kran-Kupplung,Kran-Getriebe,Kran-Motor,Kran-Bremse,Spezial-Kran-Spreader,Kran-Greifer,Container-Spreader,Billet-Kran-Klemmen,C-Typ Spreader Kran,Hebe-Elektromagnet,Kranschienenklammern,Elektrohebezeug,FEM-Standard-Kranendwagen,Leichtkranteile,Workstation-Kranteile,Kranelektrik,I-Tr\u00e4ger-Kabelwagen,Kran-Fernsteuerung,Kran-Elektroschaltschrank,Crane limit switch,Crane sound and light alarm,Heavy Duty Aviation Connector,Crane overload limiter,China Crane Parts Supplier,Crane hooks,Gantry crane hook,Crane accessories,Forged hook,hook processing,Hook manufacturer,China standard crane hook,electric hoist hook,Crane pulley,Hook pulley,Rolled pulley,Crane Pulley Supplier\uff0cEuropean hook pulley,Gantry crane hook pulley,WZL type crane drum,European style reel set,Crane reel,Kranteile,Trommelverarbeitung,Hersteller von Krantrommeln,Stahlgusstrommel,Trommel f\u00fcr Elektroz\u00fcge,Krantrommelmontage,DRS Radbl\u00f6cke,Europ\u00e4isches Kranrad,Geschmiedete R\u00e4der,Aktivradsatz,Antriebsradsatz,Antriebsradgruppe,Hersteller von Kranr\u00e4dern,Demag Kranr\u00e4der,Konecranes Kranr\u00e4der,Br\u00fcckenkranrad,Wellenkupplungen,Kraft\u00fcbertragungskupplungen,Scheibenkupplungen,Fl\u00fcssigkeitskupplungen,Hersteller von Kupplungen,Kardankupplung,Kranreduzierer,Crane Decelerators,Reducer gearbox,Reducer for crane,Gear Reducer For Crane,Hard tooth surface reducerCrane and hoist reducer,Flender reducer,Reducer manufacturer,ZQ reducer,QJ reducer,QJY reducer,Gear Motors,Konecranes reducer,F Serie Drei-in-Eins-Getriebe,K Serie Drei-in-Eins-Getriebe,Fahrende Maschinen,Fahrende Motoren mit Getriebe,Getriebemotoren f\u00fcr Kranfahrten,Fahrende Maschinen Frequenzumrichtermotoren,FEM Standard Getriebemotoren,Kranmotoren,Umrichtermotoren,Hebemotoren,MotorKranmotoren,Spezialmotor f\u00fcr Kran,Motoren der Serie YZR YZP YZ,Kran- und Hebemotor,Frequenzumwandlungsmotor,Elektrohydraulische Trommelbremsen,Elektrohydraulische Scheibenbremsen,Bremse,Br\u00fcckenkranbremsen,Scheibenbremsen,Elektromagnetische Scheibenbremse,Kranhydraulische Scheibenbremse,Bremsenhersteller,Kransicherheitsbremsen,Einzelseilgreifer,Vierseilgreifer,Elektrohydraulischer Mehrklappengreifer,Mehrschalengreifer,Elektromotorgreifer,Elektrohydraulischer Greifer,Greifer Hersteller,Container Spreader Hersteller,20ft Container Spreader,Semi Automatic Container Spreader,40ft Container Heberahmen,TEC Container Spreader,Kn\u00fcppel Hebeklemme,Kn\u00fcppel Klemmen,Kn\u00fcppel Kran Klemmen Hersteller,Kn\u00fcppel Hebeklemmen China Lieferant,Coil C-Type Hook,Spule Haken,Overhead Crane Steel Coil C-Type Hook,Kran C-Haken,C-Typ Spreader,C-Typ Haken,Kran Magnete,Rail Fixing Device,Kran Schiene Befestigungsvorrichtung,Kran Schiene Klemme,CD\/MD Drahtseilzug,Drahtseilzug China Hersteller,Einzeltr\u00e4ger Drahtseilzug,Doppeltr\u00e4ger Drahtseilzug,Kettenzug,Elektrokettenzug Hersteller,Elektrokettenzug China H\u00e4ndler,Europ\u00e4ische Drahtseilzug\uff0cEurop\u00e4ische Doppelstrahl Drahtseilzug,European Style Single Beam Crane End Carriage,FEN\/DIN European Style Single Beam Crane End Carriage,Hersteller von Kranendbalken,Europ\u00e4ischer Stil Hebezeug-Doppelbalken-Kranendbalken,H\u00e4ngekranendbalken,Europ\u00e4ischer Stil H\u00e4ngekranendbalken-Einzelbalken-Kranendbalken,FEN\/DIN H\u00e4ngekranendbalken-Kranendbalken,Krankabelkatze,Drahtlose Fernbedienung,Fernbedienung,Kransteuerungsgriff,Kransteuerungen,Elektrischer Steuerschrank,Kransteuerungsschrank,Endschalter,Ton- und Lichtalarm,Luftfahrtstecker,Schnellverbinder,Kranluftfahrtstecker,\u00dcberlastungsbegrenzer","publisher":{"@id":"https:\/\/www.hnhlcrane.com\/#organization"},"potentialAction":[{"@type":"SearchAction","target":{"@type":"EntryPoint","urlTemplate":"https:\/\/www.hnhlcrane.com\/?s={search_term_string}"},"query-input":{"@type":"PropertyValueSpecification","valueRequired":true,"valueName":"search_term_string"}}],"inLanguage":"de"},{"@type":"Organization","@id":"https:\/\/www.hnhlcrane.com\/#organization","name":"Kranteile Lieferant-HL Crame","url":"https:\/\/www.hnhlcrane.com\/","logo":{"@type":"ImageObject","inLanguage":"de","@id":"https:\/\/www.hnhlcrane.com\/#\/schema\/logo\/image\/","url":"https:\/\/www.hnhlcrane.com\/wp-content\/uploads\/2024\/09\/logo6-1-e1733899395598.png","contentUrl":"https:\/\/www.hnhlcrane.com\/wp-content\/uploads\/2024\/09\/logo6-1-e1733899395598.png","width":1000,"height":282,"caption":"Crane Parts Supplier-HL Crame"},"image":{"@id":"https:\/\/www.hnhlcrane.com\/#\/schema\/logo\/image\/"}}]}},"_links":{"self":[{"href":"https:\/\/www.hnhlcrane.com\/de\/wp-json\/wp\/v2\/product\/5528","targetHints":{"allow":["GET"]}}],"collection":[{"href":"https:\/\/www.hnhlcrane.com\/de\/wp-json\/wp\/v2\/product"}],"about":[{"href":"https:\/\/www.hnhlcrane.com\/de\/wp-json\/wp\/v2\/types\/product"}],"version-history":[{"count":2,"href":"https:\/\/www.hnhlcrane.com\/de\/wp-json\/wp\/v2\/product\/5528\/revisions"}],"predecessor-version":[{"id":6972,"href":"https:\/\/www.hnhlcrane.com\/de\/wp-json\/wp\/v2\/product\/5528\/revisions\/6972"}],"wp:featuredmedia":[{"embeddable":true,"href":"https:\/\/www.hnhlcrane.com\/de\/wp-json\/wp\/v2\/media\/5529"}],"wp:attachment":[{"href":"https:\/\/www.hnhlcrane.com\/de\/wp-json\/wp\/v2\/media?parent=5528"}],"wp:term":[{"taxonomy":"product_brand","embeddable":true,"href":"https:\/\/www.hnhlcrane.com\/de\/wp-json\/wp\/v2\/product_brand?post=5528"},{"taxonomy":"product_cat","embeddable":true,"href":"https:\/\/www.hnhlcrane.com\/de\/wp-json\/wp\/v2\/product_cat?post=5528"},{"taxonomy":"product_tag","embeddable":true,"href":"https:\/\/www.hnhlcrane.com\/de\/wp-json\/wp\/v2\/product_tag?post=5528"}],"curies":[{"name":"wp","href":"https:\/\/api.w.org\/{rel}","templated":true}]}}