{"id":5519,"date":"2024-11-29T21:34:40","date_gmt":"2024-11-29T13:34:40","guid":{"rendered":"https:\/\/www.hnhlcrane.com\/?post_type=product&#038;p=5519"},"modified":"2025-09-14T22:39:20","modified_gmt":"2025-09-14T14:39:20","slug":"wjkc-schienenklammern","status":"publish","type":"product","link":"https:\/\/www.hnhlcrane.com\/de\/product\/wjkc-schienenklammern\/","title":{"rendered":"WJKC-Schienenklammern"},"content":{"rendered":"<h6><span style=\"font-family: arial, helvetica, sans-serif; font-size: 18pt;\"><strong>Merkmale der WJKC-Schienenclips<\/strong><\/span><\/h6>\n<ol>\n<li><strong>Prim\u00e4re Anwendungen<\/strong>:<br \/>\nWJKC-Schienenklammern werden vor allem zur Befestigung von Kranschienen mit horizontalen F\u00fchrungsr\u00e4dern an Stahlkranbalken sowie zur Befestigung von Laufbahnen von Gro\u00dftonnage-Weichhakenkranen eingesetzt.<\/li>\n<li><strong>Einfacher Einbau<\/strong>:<br \/>\nDas Design erleichtert die Installation, die Einstellung und den Austausch der Schienen.<\/li>\n<li><strong>Kein Bohren erforderlich<\/strong>:<br \/>\nDiese Clips machen das Bohren in Krantr\u00e4ger \u00fcberfl\u00fcssig, da sie direkt auf den oberen Flansch des Krantr\u00e4gers geschwei\u00dft werden.<\/li>\n<li><strong>Doppelte Bolzenverbindung<\/strong>:<br \/>\nDie WJKC-Befestigungsmittel verwenden ausschlie\u00dflich eine Zweibolzenverbindung f\u00fcr erh\u00f6hte Stabilit\u00e4t und Zuverl\u00e4ssigkeit.<\/li>\n<li><strong>Tragf\u00e4higkeit<\/strong>:\n<ul>\n<li>WJKC1: Bew\u00e4ltigt eine maximale Seitenkraft von <strong>135kN<\/strong> von horizontalen F\u00fchrungsr\u00e4dern.<\/li>\n<li>WJKC2: Bew\u00e4ltigt eine maximale Seitenkraft von <strong>220kN<\/strong>.<\/li>\n<li>WJKC3: Bew\u00e4ltigt eine maximale Seitenkraft von <strong>400kN<\/strong>.<\/li>\n<\/ul>\n<\/li>\n<\/ol>\n<h6><span style=\"font-family: arial, helvetica, sans-serif; font-size: 18pt;\"><strong>\u00dcberlegungen zur Auswahl von WJKC-Schienenclips<\/strong><\/span><\/h6>\n<ul>\n<li>Bei Kranbahnen mit horizontalen F\u00fchrungsr\u00e4dern ist die Verwendung von speziellen Verbundgummipuffern auf der gesamten L\u00e4nge unter der Schiene vorgeschrieben.<\/li>\n<li>Schienen ohne horizontale F\u00fchrungsr\u00e4der sollten nicht installiert werden.<\/li>\n<li>F\u00fcr Gro\u00dftonnagekr\u00e4ne werden QU120-Schienen empfohlen, obwohl in besonderen F\u00e4llen auch andere Schienentypen in Betracht gezogen werden k\u00f6nnen.<\/li>\n<\/ul>\n<h6><span style=\"font-family: arial, helvetica, sans-serif; font-size: 18pt;\"><strong>Installationsreihenfolge und wichtige Punkte f\u00fcr WJKC <a href=\"https:\/\/www.hnhlcrane.com\/de\/produkte\/kranschienenclips\/\" target=\"_blank\" rel=\"noopener\">Schienenclips<\/a><\/strong><\/span><\/h6>\n<ol>\n<li><strong>Basisausrichtung<\/strong>:<br \/>\nVerwenden Sie die drei Rillen auf der Oberfl\u00e4che der festen Basis und die Mitte der Schienenklemme, um sie zu positionieren. Die zul\u00e4ssige Abweichung von der Mittellinie des Krantr\u00e4gers betr\u00e4gt 1,00 mm.<\/li>\n<li><strong>T-Schrauben<\/strong>:<br \/>\nSetzen Sie die T-Schrauben ein und schieben Sie sie in Richtung Schiene.<\/li>\n<li><strong>Einstellungsplatte<\/strong>:<br \/>\nAchten Sie beim Einbau darauf, dass die gerillte Seite der Einstellplatte nach oben zeigt.<\/li>\n<li><strong>Zusammenbau von Bauteilen<\/strong>:<br \/>\nMontieren Sie nacheinander die Druckplatte, Unterlegscheiben, Federscheiben und Muttern.<\/li>\n<li><strong>Ausrichten und Festziehen<\/strong>:\n<ul>\n<li>Stellen Sie die keilf\u00f6rmige Einstellplatte so ein, dass die Schienenklemme senkrecht zur Schiene steht.<\/li>\n<li>Ziehen Sie die Schrauben an, sobald die Druckplatte fest am unteren Flansch der Schiene anliegt.<\/li>\n<li>Drehmomentspezifikationen: 256N-m f\u00fcr WJKC1 und WJKC2, 423N-m f\u00fcr WJKC3.<\/li>\n<\/ul>\n<\/li>\n<li><strong>Stressabbau<\/strong>:<br \/>\nUm die Schwei\u00dfbeanspruchung zu minimieren, sollten Sie Techniken wie symmetrisches Schwei\u00dfen, Gegenschwei\u00dfen oder \u00dcberspringschwei\u00dfen anwenden.<\/li>\n<li><strong>Winkeleinstellungen<\/strong>:<br \/>\nBer\u00fccksichtigen Sie bei der Planung und Montage, wie sich die feste Grundplatte auf den Winkel des Krantr\u00e4gers auswirken kann.<\/li>\n<\/ol>\n<p>&nbsp;<\/p>","protected":false},"excerpt":{"rendered":"<p><span style=\"font-family: arial, helvetica, sans-serif;\"><strong>Spezifikationen f\u00fcr WJKC-Schienenclips<\/strong><\/span><\/p>\n<ul>\n<li><strong>Modelle<\/strong>: WJKC1, WJKC2, WJKC3<\/li>\n<li><strong>Methode der Befestigung<\/strong>: Geschwei\u00dfte Grundplatte<\/li>\n<\/ul>","protected":false},"featured_media":5520,"template":"","meta":{"_kad_post_transparent":"default","_kad_post_title":"","_kad_post_layout":"default","_kad_post_sidebar_id":"","_kad_post_content_style":"default","_kad_post_vertical_padding":"show","_kad_post_feature":"","_kad_post_feature_position":"","_kad_post_header":false,"_kad_post_footer":false},"product_brand":[],"product_cat":[83],"product_tag":[224,223,222,221,218,214,217,225,228,216,226,219,227,215,220],"class_list":{"0":"post-5519","1":"product","2":"type-product","3":"status-publish","4":"has-post-thumbnail","6":"product_cat-crane-rail-clips","7":"product_tag-05g525-rail-clips","8":"product_tag-cgbk-rail-clips","9":"product_tag-cgek-rail-clips","10":"product_tag-cgwk-rail-clips","11":"product_tag-crane-rail-clamp","12":"product_tag-crane-rail-clips","13":"product_tag-crane-rail-fixing-device","14":"product_tag-hdgy-rail-clips","15":"product_tag-rail-connection-splint","16":"product_tag-rail-fixing-device","17":"product_tag-rail-joints","18":"product_tag-swjk-rail-clips","19":"product_tag-tracks-jointing-plates","20":"product_tag-wjk-rail-clips","21":"product_tag-wjkc-rail-clips","23":"first","24":"instock","25":"shipping-taxable","26":"product-type-simple","27":"entry","28":"content-bg","29":"loop-entry"},"yoast_head":"<!-- This site is optimized with the Yoast SEO plugin v25.6 - https:\/\/yoast.com\/wordpress\/plugins\/seo\/ -->\n<title>WJKC Rail Clips \u2013 Durable &amp; Reliable Rail Fastening Solution<\/title>\n<meta name=\"description\" content=\"High-quality WJKC Rail Clips for secure and long-lasting rail connections. Ideal for railways, industrial tracks, and heavy-duty applications.\" \/>\n<meta name=\"robots\" content=\"index, follow, max-snippet:-1, max-image-preview:large, max-video-preview:-1\" \/>\n<link rel=\"canonical\" href=\"https:\/\/www.hnhlcrane.com\/de\/product\/wjkc-schienenklammern\/\" \/>\n<meta property=\"og:locale\" content=\"de_DE\" \/>\n<meta property=\"og:type\" content=\"article\" \/>\n<meta property=\"og:title\" content=\"WJKC Rail Clips \u2013 Durable &amp; Reliable Rail Fastening Solution\" \/>\n<meta property=\"og:description\" content=\"High-quality WJKC Rail Clips for secure and long-lasting rail connections. Ideal for railways, industrial tracks, and heavy-duty applications.\" \/>\n<meta property=\"og:url\" content=\"https:\/\/www.hnhlcrane.com\/de\/product\/wjkc-schienenklammern\/\" \/>\n<meta property=\"og:site_name\" content=\"Crane Parts Supplier-HL Crame\" \/>\n<meta property=\"article:modified_time\" content=\"2025-09-14T14:39:20+00:00\" \/>\n<meta property=\"og:image\" content=\"https:\/\/www.hnhlcrane.com\/wp-content\/uploads\/2024\/11\/WJKC1-Rail-Clips.jpg\" \/>\n\t<meta property=\"og:image:width\" content=\"600\" \/>\n\t<meta property=\"og:image:height\" content=\"600\" \/>\n\t<meta property=\"og:image:type\" content=\"image\/jpeg\" \/>\n<meta name=\"twitter:card\" content=\"summary_large_image\" \/>\n<meta name=\"twitter:label1\" content=\"Gesch\u00e4tzte Lesezeit\" \/>\n\t<meta name=\"twitter:data1\" content=\"2\u00a0Minuten\" \/>\n<script type=\"application\/ld+json\" class=\"yoast-schema-graph\">{\"@context\":\"https:\/\/schema.org\",\"@graph\":[{\"@type\":\"WebPage\",\"@id\":\"https:\/\/www.hnhlcrane.com\/product\/wjkc-rail-clips\/\",\"url\":\"https:\/\/www.hnhlcrane.com\/product\/wjkc-rail-clips\/\",\"name\":\"WJKC Rail Clips \u2013 Durable & Reliable Rail Fastening Solution\",\"isPartOf\":{\"@id\":\"https:\/\/www.hnhlcrane.com\/#website\"},\"primaryImageOfPage\":{\"@id\":\"https:\/\/www.hnhlcrane.com\/product\/wjkc-rail-clips\/#primaryimage\"},\"image\":{\"@id\":\"https:\/\/www.hnhlcrane.com\/product\/wjkc-rail-clips\/#primaryimage\"},\"thumbnailUrl\":\"https:\/\/www.hnhlcrane.com\/wp-content\/uploads\/2024\/11\/WJKC1-Rail-Clips.jpg\",\"datePublished\":\"2024-11-29T13:34:40+00:00\",\"dateModified\":\"2025-09-14T14:39:20+00:00\",\"description\":\"High-quality WJKC Rail Clips for secure and long-lasting rail connections. Ideal for railways, industrial tracks, and heavy-duty applications.\",\"breadcrumb\":{\"@id\":\"https:\/\/www.hnhlcrane.com\/product\/wjkc-rail-clips\/#breadcrumb\"},\"inLanguage\":\"de\",\"potentialAction\":[{\"@type\":\"ReadAction\",\"target\":[\"https:\/\/www.hnhlcrane.com\/product\/wjkc-rail-clips\/\"]}]},{\"@type\":\"ImageObject\",\"inLanguage\":\"de\",\"@id\":\"https:\/\/www.hnhlcrane.com\/product\/wjkc-rail-clips\/#primaryimage\",\"url\":\"https:\/\/www.hnhlcrane.com\/wp-content\/uploads\/2024\/11\/WJKC1-Rail-Clips.jpg\",\"contentUrl\":\"https:\/\/www.hnhlcrane.com\/wp-content\/uploads\/2024\/11\/WJKC1-Rail-Clips.jpg\",\"width\":600,\"height\":600},{\"@type\":\"BreadcrumbList\",\"@id\":\"https:\/\/www.hnhlcrane.com\/product\/wjkc-rail-clips\/#breadcrumb\",\"itemListElement\":[{\"@type\":\"ListItem\",\"position\":1,\"name\":\"home\",\"item\":\"https:\/\/www.hnhlcrane.com\/\"},{\"@type\":\"ListItem\",\"position\":2,\"name\":\"products\",\"item\":\"https:\/\/www.hnhlcrane.com\/products\/\"},{\"@type\":\"ListItem\",\"position\":3,\"name\":\"WJKC Rail Clips\"}]},{\"@type\":\"WebSite\",\"@id\":\"https:\/\/www.hnhlcrane.com\/#website\",\"url\":\"https:\/\/www.hnhlcrane.com\/\",\"name\":\"Crane Parts Supplier-HL Crame\",\"description\":\"One-stop solution for all your  crane parts needs,Crane Hook,Crane Drum,Crane Wheel,Crane Coupling,Crane Gearbox,Crane Motor,Crane Brake,Special Crane Spreader,Crane grab,Container spreader,Billet crane clamps,Crane C-type spreader,Lifting Electromagnet,Crane Rail Clips,Electric Hoist,FEM Standard Crane End Carriages,Light Crane Parts,Workstation Crane Parts,Crane Electrical Parts,I-beam cable trolley,Crane remote controller,Crane electrical control cabinet,Crane limit switch,Crane sound and light alarm,Heavy Duty Aviation Connector,Crane overload limiter,China Crane Parts Supplier,Crane hooks,Gantry crane hook,Crane accessories,Forged hook,hook processing,Hook manufacturer,China standard crane hook,electric hoist hook,Crane pulley,Hook pulley,Rolled pulley,Crane Pulley Supplier\uff0cEuropean hook pulley,Gantry crane hook pulley,WZL type crane drum,European style reel set,Crane reel,crane parts,Drum processing,crane drum manufacturer,Cast steel drum,Electric hoist drum,Crane drum assembly,DRS Wheel Blocks,European crane wheel,Forged wheels,Active wheel set,Driving wheel set,Driven wheel group,crane wheels manufacturer,Demag crane wheels,Konecranes Crane Wheels,Overhead crane Wheel,Shaft couplings,Power Transmission Couplings,Disc Couplings,Fluid couplings,Coupling manufacturer\uff0cCardan coupling,Crane Reducer,Crane Decelerators,Reducer gearbox,Reducer for crane,Gear Reducer For Crane,Hard tooth surface reducerCrane and hoist reducer,Flender reducer,Reducer manufacturer,ZQ reducer,QJ reducer,QJY reducer,Gear Motors,Konecranes reducer,F series three-in-one reducer,K series three-in-one reducer,travelling machinery,Travelling Motor With Gear,Gear Motor for Crane Traveling,Travelling machinery Frequency inverter motors,FEM standard Gear Motors,Crane motors,Inverter motors,Hoist motors,motorCrane duty motors,Special motor for crane,YZR YZP YZ series motors,Crane and hoist motor,Frequency conversion motor,Electro hydraulic drum brakes,Electro-hydraulic disc brakes,Brake,Overhead Crane Brakes,Disc brakes,Electromagnetic disk brake,Crane hydraulic disc brake,Brakes manufacturer,crane Safety brakes,Singlr rope grab,Four rope grab,Electro-hydraulic multi-flap grab,Orange peel grab,Electric motor grab,Electro-Hydraulicclamshell grab,grab manufacturers,Container spreader manufacturers,20ft Container Spreader,Semi Automatic container spreader,40ft Container Lifting Frame,TEC container Spreader,Billet lifting clamp,Billet Clamps,Billet crane clamps manufacturer,billet lifting clamps china supplier,Coil C-Type Hook,coil hook,Overhead Crane Steel Coil C-Type Hook,Crane C-hook,C-type spreader,C-type hook,Crane magnets,Rail fixing device,Crane Rail fixing device,crane Rail Clamp,CD\/MD Wire Rope Electric Hoist,Wire Rope Electric Hoist China Manufacturer,Single Girder Wire Rope Electric Hoist,Double Girder Wire Rope Electric Hoist,Chain Hoist,Electric chain hoist manufacturer,Electric chain hoist China distributor,European wire rope electric hoist\uff0cEuropean double beam wire rope electric hoist,European Style Single Beam Crane End Carriage,FEN\/DIN European Style Single Beam Crane End Carriage,Crane end beam manufacturers,European style hoist double beam crane end beam,Suspension crane end beam,European style suspended single beam crane end beam,FEN\/DIN Suspension crane end beam,crane cable trolley,Wireless remote control,remote controller,Crane control handle,Crane Controls,electrical control cabinet,crane control cabinet,Limit switch,Sound and light alarm,Aviation plug,quick connector,Crane aviation plug,Overload limiter\",\"publisher\":{\"@id\":\"https:\/\/www.hnhlcrane.com\/#organization\"},\"potentialAction\":[{\"@type\":\"SearchAction\",\"target\":{\"@type\":\"EntryPoint\",\"urlTemplate\":\"https:\/\/www.hnhlcrane.com\/?s={search_term_string}\"},\"query-input\":{\"@type\":\"PropertyValueSpecification\",\"valueRequired\":true,\"valueName\":\"search_term_string\"}}],\"inLanguage\":\"de\"},{\"@type\":\"Organization\",\"@id\":\"https:\/\/www.hnhlcrane.com\/#organization\",\"name\":\"Crane Parts Supplier-HL Crame\",\"url\":\"https:\/\/www.hnhlcrane.com\/\",\"logo\":{\"@type\":\"ImageObject\",\"inLanguage\":\"de\",\"@id\":\"https:\/\/www.hnhlcrane.com\/#\/schema\/logo\/image\/\",\"url\":\"https:\/\/www.hnhlcrane.com\/wp-content\/uploads\/2024\/09\/logo6-1-e1733899395598.png\",\"contentUrl\":\"https:\/\/www.hnhlcrane.com\/wp-content\/uploads\/2024\/09\/logo6-1-e1733899395598.png\",\"width\":1000,\"height\":282,\"caption\":\"Crane Parts Supplier-HL Crame\"},\"image\":{\"@id\":\"https:\/\/www.hnhlcrane.com\/#\/schema\/logo\/image\/\"}}]}<\/script>\n<!-- \/ Yoast SEO plugin. -->","yoast_head_json":{"title":"WJKC Schienenclips - Langlebige und zuverl\u00e4ssige L\u00f6sung f\u00fcr die Schienenbefestigung","description":"Hochwertige WJKC-Schienenclips f\u00fcr sichere und langlebige Schienenverbindungen. Ideal f\u00fcr Eisenbahnen, Industriegleise und Schwerlastanwendungen.","robots":{"index":"index","follow":"follow","max-snippet":"max-snippet:-1","max-image-preview":"max-image-preview:large","max-video-preview":"max-video-preview:-1"},"canonical":"https:\/\/www.hnhlcrane.com\/de\/product\/wjkc-schienenklammern\/","og_locale":"de_DE","og_type":"article","og_title":"WJKC Rail Clips \u2013 Durable & Reliable Rail Fastening Solution","og_description":"High-quality WJKC Rail Clips for secure and long-lasting rail connections. Ideal for railways, industrial tracks, and heavy-duty applications.","og_url":"https:\/\/www.hnhlcrane.com\/de\/product\/wjkc-schienenklammern\/","og_site_name":"Crane Parts Supplier-HL Crame","article_modified_time":"2025-09-14T14:39:20+00:00","og_image":[{"width":600,"height":600,"url":"https:\/\/www.hnhlcrane.com\/wp-content\/uploads\/2024\/11\/WJKC1-Rail-Clips.jpg","type":"image\/jpeg"}],"twitter_card":"summary_large_image","twitter_misc":{"Gesch\u00e4tzte Lesezeit":"2\u00a0Minuten"},"schema":{"@context":"https:\/\/schema.org","@graph":[{"@type":"WebPage","@id":"https:\/\/www.hnhlcrane.com\/product\/wjkc-rail-clips\/","url":"https:\/\/www.hnhlcrane.com\/product\/wjkc-rail-clips\/","name":"WJKC Schienenclips - Langlebige und zuverl\u00e4ssige L\u00f6sung f\u00fcr die Schienenbefestigung","isPartOf":{"@id":"https:\/\/www.hnhlcrane.com\/#website"},"primaryImageOfPage":{"@id":"https:\/\/www.hnhlcrane.com\/product\/wjkc-rail-clips\/#primaryimage"},"image":{"@id":"https:\/\/www.hnhlcrane.com\/product\/wjkc-rail-clips\/#primaryimage"},"thumbnailUrl":"https:\/\/www.hnhlcrane.com\/wp-content\/uploads\/2024\/11\/WJKC1-Rail-Clips.jpg","datePublished":"2024-11-29T13:34:40+00:00","dateModified":"2025-09-14T14:39:20+00:00","description":"Hochwertige WJKC-Schienenclips f\u00fcr sichere und langlebige Schienenverbindungen. Ideal f\u00fcr Eisenbahnen, Industriegleise und Schwerlastanwendungen.","breadcrumb":{"@id":"https:\/\/www.hnhlcrane.com\/product\/wjkc-rail-clips\/#breadcrumb"},"inLanguage":"de","potentialAction":[{"@type":"ReadAction","target":["https:\/\/www.hnhlcrane.com\/product\/wjkc-rail-clips\/"]}]},{"@type":"ImageObject","inLanguage":"de","@id":"https:\/\/www.hnhlcrane.com\/product\/wjkc-rail-clips\/#primaryimage","url":"https:\/\/www.hnhlcrane.com\/wp-content\/uploads\/2024\/11\/WJKC1-Rail-Clips.jpg","contentUrl":"https:\/\/www.hnhlcrane.com\/wp-content\/uploads\/2024\/11\/WJKC1-Rail-Clips.jpg","width":600,"height":600},{"@type":"BreadcrumbList","@id":"https:\/\/www.hnhlcrane.com\/product\/wjkc-rail-clips\/#breadcrumb","itemListElement":[{"@type":"ListItem","position":1,"name":"home","item":"https:\/\/www.hnhlcrane.com\/"},{"@type":"ListItem","position":2,"name":"products","item":"https:\/\/www.hnhlcrane.com\/products\/"},{"@type":"ListItem","position":3,"name":"WJKC Rail Clips"}]},{"@type":"WebSite","@id":"https:\/\/www.hnhlcrane.com\/#website","url":"https:\/\/www.hnhlcrane.com\/","name":"Kranteile Lieferant-HL Crame","description":"One-Stop-L\u00f6sung f\u00fcr alle Ihre Kranteile braucht,Kranhaken,Krantrommel,Kranrad,Kran-Kupplung,Kran-Getriebe,Kran-Motor,Kran-Bremse,Spezial-Kran-Spreader,Kran-Greifer,Container-Spreader,Billet-Kran-Klemmen,C-Typ Spreader Kran,Hebe-Elektromagnet,Kranschienenklammern,Elektrohebezeug,FEM-Standard-Kranendwagen,Leichtkranteile,Workstation-Kranteile,Kranelektrik,I-Tr\u00e4ger-Kabelwagen,Kran-Fernsteuerung,Kran-Elektroschaltschrank,Crane limit switch,Crane sound and light alarm,Heavy Duty Aviation Connector,Crane overload limiter,China Crane Parts Supplier,Crane hooks,Gantry crane hook,Crane accessories,Forged hook,hook processing,Hook manufacturer,China standard crane hook,electric hoist hook,Crane pulley,Hook pulley,Rolled pulley,Crane Pulley Supplier\uff0cEuropean hook pulley,Gantry crane hook pulley,WZL type crane drum,European style reel set,Crane reel,Kranteile,Trommelverarbeitung,Hersteller von Krantrommeln,Stahlgusstrommel,Trommel f\u00fcr Elektroz\u00fcge,Krantrommelmontage,DRS Radbl\u00f6cke,Europ\u00e4isches Kranrad,Geschmiedete R\u00e4der,Aktivradsatz,Antriebsradsatz,Antriebsradgruppe,Hersteller von Kranr\u00e4dern,Demag Kranr\u00e4der,Konecranes Kranr\u00e4der,Br\u00fcckenkranrad,Wellenkupplungen,Kraft\u00fcbertragungskupplungen,Scheibenkupplungen,Fl\u00fcssigkeitskupplungen,Hersteller von Kupplungen,Kardankupplung,Kranreduzierer,Crane Decelerators,Reducer gearbox,Reducer for crane,Gear Reducer For Crane,Hard tooth surface reducerCrane and hoist reducer,Flender reducer,Reducer manufacturer,ZQ reducer,QJ reducer,QJY reducer,Gear Motors,Konecranes reducer,F Serie Drei-in-Eins-Getriebe,K Serie Drei-in-Eins-Getriebe,Fahrende Maschinen,Fahrende Motoren mit Getriebe,Getriebemotoren f\u00fcr Kranfahrten,Fahrende Maschinen Frequenzumrichtermotoren,FEM Standard Getriebemotoren,Kranmotoren,Umrichtermotoren,Hebemotoren,MotorKranmotoren,Spezialmotor f\u00fcr Kran,Motoren der Serie YZR YZP YZ,Kran- und Hebemotor,Frequenzumwandlungsmotor,Elektrohydraulische Trommelbremsen,Elektrohydraulische Scheibenbremsen,Bremse,Br\u00fcckenkranbremsen,Scheibenbremsen,Elektromagnetische Scheibenbremse,Kranhydraulische Scheibenbremse,Bremsenhersteller,Kransicherheitsbremsen,Einzelseilgreifer,Vierseilgreifer,Elektrohydraulischer Mehrklappengreifer,Mehrschalengreifer,Elektromotorgreifer,Elektrohydraulischer Greifer,Greifer Hersteller,Container Spreader Hersteller,20ft Container Spreader,Semi Automatic Container Spreader,40ft Container Heberahmen,TEC Container Spreader,Kn\u00fcppel Hebeklemme,Kn\u00fcppel Klemmen,Kn\u00fcppel Kran Klemmen Hersteller,Kn\u00fcppel Hebeklemmen China Lieferant,Coil C-Type Hook,Spule Haken,Overhead Crane Steel Coil C-Type Hook,Kran C-Haken,C-Typ Spreader,C-Typ Haken,Kran Magnete,Rail Fixing Device,Kran Schiene Befestigungsvorrichtung,Kran Schiene Klemme,CD\/MD Drahtseilzug,Drahtseilzug China Hersteller,Einzeltr\u00e4ger Drahtseilzug,Doppeltr\u00e4ger Drahtseilzug,Kettenzug,Elektrokettenzug Hersteller,Elektrokettenzug China H\u00e4ndler,Europ\u00e4ische Drahtseilzug\uff0cEurop\u00e4ische Doppelstrahl Drahtseilzug,European Style Single Beam Crane End Carriage,FEN\/DIN European Style Single Beam Crane End Carriage,Hersteller von Kranendbalken,Europ\u00e4ischer Stil Hebezeug-Doppelbalken-Kranendbalken,H\u00e4ngekranendbalken,Europ\u00e4ischer Stil H\u00e4ngekranendbalken-Einzelbalken-Kranendbalken,FEN\/DIN H\u00e4ngekranendbalken-Kranendbalken,Krankabelkatze,Drahtlose Fernbedienung,Fernbedienung,Kransteuerungsgriff,Kransteuerungen,Elektrischer Steuerschrank,Kransteuerungsschrank,Endschalter,Ton- und Lichtalarm,Luftfahrtstecker,Schnellverbinder,Kranluftfahrtstecker,\u00dcberlastungsbegrenzer","publisher":{"@id":"https:\/\/www.hnhlcrane.com\/#organization"},"potentialAction":[{"@type":"SearchAction","target":{"@type":"EntryPoint","urlTemplate":"https:\/\/www.hnhlcrane.com\/?s={search_term_string}"},"query-input":{"@type":"PropertyValueSpecification","valueRequired":true,"valueName":"search_term_string"}}],"inLanguage":"de"},{"@type":"Organization","@id":"https:\/\/www.hnhlcrane.com\/#organization","name":"Kranteile Lieferant-HL Crame","url":"https:\/\/www.hnhlcrane.com\/","logo":{"@type":"ImageObject","inLanguage":"de","@id":"https:\/\/www.hnhlcrane.com\/#\/schema\/logo\/image\/","url":"https:\/\/www.hnhlcrane.com\/wp-content\/uploads\/2024\/09\/logo6-1-e1733899395598.png","contentUrl":"https:\/\/www.hnhlcrane.com\/wp-content\/uploads\/2024\/09\/logo6-1-e1733899395598.png","width":1000,"height":282,"caption":"Crane Parts Supplier-HL Crame"},"image":{"@id":"https:\/\/www.hnhlcrane.com\/#\/schema\/logo\/image\/"}}]}},"_links":{"self":[{"href":"https:\/\/www.hnhlcrane.com\/de\/wp-json\/wp\/v2\/product\/5519","targetHints":{"allow":["GET"]}}],"collection":[{"href":"https:\/\/www.hnhlcrane.com\/de\/wp-json\/wp\/v2\/product"}],"about":[{"href":"https:\/\/www.hnhlcrane.com\/de\/wp-json\/wp\/v2\/types\/product"}],"version-history":[{"count":1,"href":"https:\/\/www.hnhlcrane.com\/de\/wp-json\/wp\/v2\/product\/5519\/revisions"}],"predecessor-version":[{"id":6969,"href":"https:\/\/www.hnhlcrane.com\/de\/wp-json\/wp\/v2\/product\/5519\/revisions\/6969"}],"wp:featuredmedia":[{"embeddable":true,"href":"https:\/\/www.hnhlcrane.com\/de\/wp-json\/wp\/v2\/media\/5520"}],"wp:attachment":[{"href":"https:\/\/www.hnhlcrane.com\/de\/wp-json\/wp\/v2\/media?parent=5519"}],"wp:term":[{"taxonomy":"product_brand","embeddable":true,"href":"https:\/\/www.hnhlcrane.com\/de\/wp-json\/wp\/v2\/product_brand?post=5519"},{"taxonomy":"product_cat","embeddable":true,"href":"https:\/\/www.hnhlcrane.com\/de\/wp-json\/wp\/v2\/product_cat?post=5519"},{"taxonomy":"product_tag","embeddable":true,"href":"https:\/\/www.hnhlcrane.com\/de\/wp-json\/wp\/v2\/product_tag?post=5519"}],"curies":[{"name":"wp","href":"https:\/\/api.w.org\/{rel}","templated":true}]}}