{"id":5444,"date":"2024-11-25T23:42:41","date_gmt":"2024-11-25T15:42:41","guid":{"rendered":"https:\/\/www.hnhlcrane.com\/?post_type=product&#038;p=5444"},"modified":"2025-09-14T22:22:06","modified_gmt":"2025-09-14T14:22:06","slug":"containerstreuer","status":"publish","type":"product","link":"https:\/\/www.hnhlcrane.com\/de\/product\/containerstreuer\/","title":{"rendered":"Containerstreuer"},"content":{"rendered":"<h6><span style=\"font-family: arial, helvetica, sans-serif; font-size: 18pt;\"><strong>Container Spreader \u00dcbersicht<\/strong><\/span><\/h6>\n<p>A <strong>Containerstreuer<\/strong> ist ein gro\u00dfes, spezielles Ger\u00e4t zum Be- und Entladen sowie zum Umladen von Containern. Es wird h\u00e4ufig in Frachtlagern, H\u00e4fen und Terminals eingesetzt und zeichnet sich durch hohe Zuverl\u00e4ssigkeit, reibungslosen Betrieb und ausgezeichnete Effizienz aus, was es zu einem unverzichtbaren Hilfsger\u00e4t f\u00fcr <a href=\"https:\/\/www.hnhlcrane.com\/de\/produkte\/spezial-kranspreizer\/\" target=\"_blank\" rel=\"noopener\">Hebeausr\u00fcstung<\/a>.<\/p>\n<h6><span style=\"font-family: arial, helvetica, sans-serif; font-size: 18pt;\"><strong>Arten von Containerstreuern<\/strong><\/span><\/h6>\n<ul style=\"list-style-type: disc;\">\n<li><strong>Fester Spreizer<\/strong>:\n<ul style=\"list-style-type: circle;\">\n<li><strong>Eigenschaften<\/strong>: Einfache Struktur und geringes Gewicht.<\/li>\n<li><strong>Begrenzung<\/strong>: Nur f\u00fcr eine bestimmte Beh\u00e4ltergr\u00f6\u00dfe geeignet.<\/li>\n<li><strong>Anwendungen<\/strong>: Wird h\u00e4ufig bei Mehrzweckportalkr\u00e4nen und allgemeinen Portalkr\u00e4nen verwendet.<\/li>\n<\/ul>\n<\/li>\n<li><strong>Master-Slave-Streuer (Kombinierter Streuer)<\/strong>:\n<ul style=\"list-style-type: circle;\">\n<li><strong>Struktur<\/strong>: Besteht aus zwei Spreizern (oberer und unterer), die in Kombination arbeiten.<\/li>\n<li><strong>Vorteile<\/strong>: Bequem in der Anwendung.<\/li>\n<li><strong>Begrenzung<\/strong>: Relativ schweres Gewicht.<\/li>\n<\/ul>\n<\/li>\n<li><strong>Mutter-Tochter-Spreizer (Cabrio-Spreizer)<\/strong>:\n<ul style=\"list-style-type: circle;\">\n<li><strong>Eigenschaften<\/strong>: Ausgestattet mit einem speziellen Stromversorgungssystem f\u00fcr den Spezialtr\u00e4ger.<\/li>\n<li><strong>Vorteile<\/strong>: Leichtes Design.<\/li>\n<li><strong>Begrenzung<\/strong>: Erfordert mehr Zeit f\u00fcr den Austausch des Streuers.<\/li>\n<\/ul>\n<\/li>\n<li><strong>Teleskopischer Spreizer<\/strong>:\n<ul style=\"list-style-type: circle;\">\n<li><strong>Mechanismus<\/strong>: Verwendet eine hydraulische Kraft\u00fcbertragung zum Antrieb von Teleskopketten oder -zylindern.<\/li>\n<li><strong>Vorteile<\/strong>: Einfache L\u00e4ngenanpassung, flexibler Betrieb, gro\u00dfe Vielseitigkeit und hohe Produktivit\u00e4t.<\/li>\n<\/ul>\n<\/li>\n<li><strong>Drehbarer Spreizer<\/strong>:\n<ul style=\"list-style-type: circle;\">\n<li><strong>Eigenschaften<\/strong>: F\u00e4hig zu planarer Drehbewegung.<\/li>\n<li><strong>Anwendungen<\/strong>: Geeignet f\u00fcr den Containerumschlag, der Rotationsf\u00e4higkeit erfordert.<\/li>\n<\/ul>\n<\/li>\n<\/ul>\n<h6><span style=\"font-family: arial, helvetica, sans-serif; font-size: 18pt;\"><strong>Strukturelle Merkmale von Container-Spreadern<\/strong><\/span><\/h6>\n<ul style=\"list-style-type: disc;\">\n<li><strong>Hochfester Rahmen<\/strong>:\n<ul style=\"list-style-type: circle;\">\n<li>Der Hauptrahmen besteht aus I-Tr\u00e4gern mit verst\u00e4rkten kritischen Bereichen, um die Tragf\u00e4higkeit und Steifigkeit zu erh\u00f6hen und gleichzeitig ein geringes Gewicht beizubehalten.<\/li>\n<\/ul>\n<\/li>\n<li><strong>Doppelpositionsverriegelung f\u00fcr Twistlocks<\/strong>:\n<ul style=\"list-style-type: circle;\">\n<li>Sorgt daf\u00fcr, dass der Beh\u00e4lter w\u00e4hrend des Anhebens sicher bleibt und erh\u00f6ht so die Sicherheit.<\/li>\n<\/ul>\n<\/li>\n<li><strong>Viergelenker-Mechanismus f\u00fcr Seitenantrieb<\/strong>:\n<ul style=\"list-style-type: circle;\">\n<li>Erm\u00f6glicht eine sanftere und pr\u00e4zisere Drehung des Twistlocks und verbessert so die Sicherheit und Pr\u00e4zision des Betriebs.<\/li>\n<\/ul>\n<\/li>\n<li><strong>Abgerundete Ecke Design<\/strong>:\n<ul style=\"list-style-type: circle;\">\n<li>Verhindert die Besch\u00e4digung von Beh\u00e4ltern w\u00e4hrend des Betriebs.<\/li>\n<\/ul>\n<\/li>\n<li><strong>Ver-\/Entriegelungs-Anzeigetafeln<\/strong>:\n<ul style=\"list-style-type: circle;\">\n<li>Erm\u00f6glicht es dem Bediener, den Status der Ver- und Entriegelung leicht zu erkennen, um die Betriebssicherheit zu erh\u00f6hen.<\/li>\n<\/ul>\n<\/li>\n<\/ul>\n<h6><span style=\"font-family: arial, helvetica, sans-serif; font-size: 18pt;\"><strong>Anwendungen von Container-Spreadern<\/strong><\/span><\/h6>\n<p>Containerspreader sind speziell f\u00fcr die Anforderungen eines effizienten und sicheren Containerumschlags konzipiert. Sie k\u00f6nnen in verschiedene Arten von Kr\u00e4nen integriert werden, wie z. B.:<\/p>\n<ul>\n<li>Kr\u00e4ne am Kai,<\/li>\n<li>Gummibereifte Portalkr\u00e4ne (RTGs),<\/li>\n<li>Schienengebundene Portalkr\u00e4ne (RMGs),<\/li>\n<li>Br\u00fcckenkr\u00e4ne, und<\/li>\n<li>Portalkr\u00e4ne.<\/li>\n<\/ul>\n<p>Dank dieser Vielseitigkeit lassen sich die Containerspreizer an unterschiedliche Einsatzszenarien und Anforderungen anpassen.<\/p>","protected":false},"excerpt":{"rendered":"<p>Container Spreader Hersteller,20ft Container Spreader,Semi Automatic Container Spreader,40ft Container Lifting Frame,Container Spreader<\/p>","protected":false},"featured_media":5445,"template":"","meta":{"_kad_post_transparent":"default","_kad_post_title":"","_kad_post_layout":"default","_kad_post_sidebar_id":"","_kad_post_content_style":"default","_kad_post_vertical_padding":"show","_kad_post_feature":"","_kad_post_feature_position":"","_kad_post_header":false,"_kad_post_footer":false},"product_brand":[],"product_cat":[59],"product_tag":[196,198,194,195,197,185,199],"class_list":{"0":"post-5444","1":"product","2":"type-product","3":"status-publish","4":"has-post-thumbnail","6":"product_cat-special-crane-spreader","7":"product_tag-20ft-container-spreader","8":"product_tag-40ft-container-lifting-frame","9":"product_tag-container-spreader","10":"product_tag-container-spreader-manufacturers","11":"product_tag-semi-automatic-container-spreader","12":"product_tag-special-crane-spreader","13":"product_tag-tec-container-spreader","15":"first","16":"instock","17":"shipping-taxable","18":"product-type-simple","19":"entry","20":"content-bg","21":"loop-entry"},"yoast_head":"<!-- This site is optimized with the Yoast SEO plugin v25.6 - https:\/\/yoast.com\/wordpress\/plugins\/seo\/ -->\n<title>Container Spreader \u2013 Heavy-Duty Port &amp; Shipping Equipment<\/title>\n<meta name=\"description\" content=\"Top-quality Container Spreader for fast, safe, and efficient container handling in ports and shipping yards. Boost your cargo operations today.Container spreader manufacturers\" \/>\n<meta name=\"robots\" content=\"index, follow, max-snippet:-1, max-image-preview:large, max-video-preview:-1\" \/>\n<link rel=\"canonical\" href=\"https:\/\/www.hnhlcrane.com\/de\/product\/containerstreuer\/\" \/>\n<meta property=\"og:locale\" content=\"de_DE\" \/>\n<meta property=\"og:type\" content=\"article\" \/>\n<meta property=\"og:title\" content=\"Container Spreader \u2013 Heavy-Duty Port &amp; Shipping Equipment\" \/>\n<meta property=\"og:description\" content=\"Top-quality Container Spreader for fast, safe, and efficient container handling in ports and shipping yards. Boost your cargo operations today.Container spreader manufacturers\" \/>\n<meta property=\"og:url\" content=\"https:\/\/www.hnhlcrane.com\/de\/product\/containerstreuer\/\" \/>\n<meta property=\"og:site_name\" content=\"Crane Parts Supplier-HL Crame\" \/>\n<meta property=\"article:modified_time\" content=\"2025-09-14T14:22:06+00:00\" \/>\n<meta property=\"og:image\" content=\"https:\/\/www.hnhlcrane.com\/wp-content\/uploads\/2024\/11\/Container-spreader-1.jpg\" \/>\n\t<meta property=\"og:image:width\" content=\"600\" \/>\n\t<meta property=\"og:image:height\" content=\"600\" \/>\n\t<meta property=\"og:image:type\" content=\"image\/jpeg\" \/>\n<meta name=\"twitter:card\" content=\"summary_large_image\" \/>\n<meta name=\"twitter:label1\" content=\"Gesch\u00e4tzte Lesezeit\" \/>\n\t<meta name=\"twitter:data1\" content=\"2\u00a0Minuten\" \/>\n<script type=\"application\/ld+json\" class=\"yoast-schema-graph\">{\"@context\":\"https:\/\/schema.org\",\"@graph\":[{\"@type\":\"WebPage\",\"@id\":\"https:\/\/www.hnhlcrane.com\/product\/container-spreader\/\",\"url\":\"https:\/\/www.hnhlcrane.com\/product\/container-spreader\/\",\"name\":\"Container Spreader \u2013 Heavy-Duty Port & Shipping Equipment\",\"isPartOf\":{\"@id\":\"https:\/\/www.hnhlcrane.com\/#website\"},\"primaryImageOfPage\":{\"@id\":\"https:\/\/www.hnhlcrane.com\/product\/container-spreader\/#primaryimage\"},\"image\":{\"@id\":\"https:\/\/www.hnhlcrane.com\/product\/container-spreader\/#primaryimage\"},\"thumbnailUrl\":\"https:\/\/www.hnhlcrane.com\/wp-content\/uploads\/2024\/11\/Container-spreader-1.jpg\",\"datePublished\":\"2024-11-25T15:42:41+00:00\",\"dateModified\":\"2025-09-14T14:22:06+00:00\",\"description\":\"Top-quality Container Spreader for fast, safe, and efficient container handling in ports and shipping yards. Boost your cargo operations today.Container spreader manufacturers\",\"breadcrumb\":{\"@id\":\"https:\/\/www.hnhlcrane.com\/product\/container-spreader\/#breadcrumb\"},\"inLanguage\":\"de\",\"potentialAction\":[{\"@type\":\"ReadAction\",\"target\":[\"https:\/\/www.hnhlcrane.com\/product\/container-spreader\/\"]}]},{\"@type\":\"ImageObject\",\"inLanguage\":\"de\",\"@id\":\"https:\/\/www.hnhlcrane.com\/product\/container-spreader\/#primaryimage\",\"url\":\"https:\/\/www.hnhlcrane.com\/wp-content\/uploads\/2024\/11\/Container-spreader-1.jpg\",\"contentUrl\":\"https:\/\/www.hnhlcrane.com\/wp-content\/uploads\/2024\/11\/Container-spreader-1.jpg\",\"width\":600,\"height\":600},{\"@type\":\"BreadcrumbList\",\"@id\":\"https:\/\/www.hnhlcrane.com\/product\/container-spreader\/#breadcrumb\",\"itemListElement\":[{\"@type\":\"ListItem\",\"position\":1,\"name\":\"home\",\"item\":\"https:\/\/www.hnhlcrane.com\/\"},{\"@type\":\"ListItem\",\"position\":2,\"name\":\"products\",\"item\":\"https:\/\/www.hnhlcrane.com\/products\/\"},{\"@type\":\"ListItem\",\"position\":3,\"name\":\"Container spreader\"}]},{\"@type\":\"WebSite\",\"@id\":\"https:\/\/www.hnhlcrane.com\/#website\",\"url\":\"https:\/\/www.hnhlcrane.com\/\",\"name\":\"Crane Parts Supplier-HL Crame\",\"description\":\"One-stop solution for all your  crane parts needs,Crane Hook,Crane Drum,Crane Wheel,Crane Coupling,Crane Gearbox,Crane Motor,Crane Brake,Special Crane Spreader,Crane grab,Container spreader,Billet crane clamps,Crane C-type spreader,Lifting Electromagnet,Crane Rail Clips,Electric Hoist,FEM Standard Crane End Carriages,Light Crane Parts,Workstation Crane Parts,Crane Electrical Parts,I-beam cable trolley,Crane remote controller,Crane electrical control cabinet,Crane limit switch,Crane sound and light alarm,Heavy Duty Aviation Connector,Crane overload limiter,China Crane Parts Supplier,Crane hooks,Gantry crane hook,Crane accessories,Forged hook,hook processing,Hook manufacturer,China standard crane hook,electric hoist hook,Crane pulley,Hook pulley,Rolled pulley,Crane Pulley Supplier\uff0cEuropean hook pulley,Gantry crane hook pulley,WZL type crane drum,European style reel set,Crane reel,crane parts,Drum processing,crane drum manufacturer,Cast steel drum,Electric hoist drum,Crane drum assembly,DRS Wheel Blocks,European crane wheel,Forged wheels,Active wheel set,Driving wheel set,Driven wheel group,crane wheels manufacturer,Demag crane wheels,Konecranes Crane Wheels,Overhead crane Wheel,Shaft couplings,Power Transmission Couplings,Disc Couplings,Fluid couplings,Coupling manufacturer\uff0cCardan coupling,Crane Reducer,Crane Decelerators,Reducer gearbox,Reducer for crane,Gear Reducer For Crane,Hard tooth surface reducerCrane and hoist reducer,Flender reducer,Reducer manufacturer,ZQ reducer,QJ reducer,QJY reducer,Gear Motors,Konecranes reducer,F series three-in-one reducer,K series three-in-one reducer,travelling machinery,Travelling Motor With Gear,Gear Motor for Crane Traveling,Travelling machinery Frequency inverter motors,FEM standard Gear Motors,Crane motors,Inverter motors,Hoist motors,motorCrane duty motors,Special motor for crane,YZR YZP YZ series motors,Crane and hoist motor,Frequency conversion motor,Electro hydraulic drum brakes,Electro-hydraulic disc brakes,Brake,Overhead Crane Brakes,Disc brakes,Electromagnetic disk brake,Crane hydraulic disc brake,Brakes manufacturer,crane Safety brakes,Singlr rope grab,Four rope grab,Electro-hydraulic multi-flap grab,Orange peel grab,Electric motor grab,Electro-Hydraulicclamshell grab,grab manufacturers,Container spreader manufacturers,20ft Container Spreader,Semi Automatic container spreader,40ft Container Lifting Frame,TEC container Spreader,Billet lifting clamp,Billet Clamps,Billet crane clamps manufacturer,billet lifting clamps china supplier,Coil C-Type Hook,coil hook,Overhead Crane Steel Coil C-Type Hook,Crane C-hook,C-type spreader,C-type hook,Crane magnets,Rail fixing device,Crane Rail fixing device,crane Rail Clamp,CD\/MD Wire Rope Electric Hoist,Wire Rope Electric Hoist China Manufacturer,Single Girder Wire Rope Electric Hoist,Double Girder Wire Rope Electric Hoist,Chain Hoist,Electric chain hoist manufacturer,Electric chain hoist China distributor,European wire rope electric hoist\uff0cEuropean double beam wire rope electric hoist,European Style Single Beam Crane End Carriage,FEN\/DIN European Style Single Beam Crane End Carriage,Crane end beam manufacturers,European style hoist double beam crane end beam,Suspension crane end beam,European style suspended single beam crane end beam,FEN\/DIN Suspension crane end beam,crane cable trolley,Wireless remote control,remote controller,Crane control handle,Crane Controls,electrical control cabinet,crane control cabinet,Limit switch,Sound and light alarm,Aviation plug,quick connector,Crane aviation plug,Overload limiter\",\"publisher\":{\"@id\":\"https:\/\/www.hnhlcrane.com\/#organization\"},\"potentialAction\":[{\"@type\":\"SearchAction\",\"target\":{\"@type\":\"EntryPoint\",\"urlTemplate\":\"https:\/\/www.hnhlcrane.com\/?s={search_term_string}\"},\"query-input\":{\"@type\":\"PropertyValueSpecification\",\"valueRequired\":true,\"valueName\":\"search_term_string\"}}],\"inLanguage\":\"de\"},{\"@type\":\"Organization\",\"@id\":\"https:\/\/www.hnhlcrane.com\/#organization\",\"name\":\"Crane Parts Supplier-HL Crame\",\"url\":\"https:\/\/www.hnhlcrane.com\/\",\"logo\":{\"@type\":\"ImageObject\",\"inLanguage\":\"de\",\"@id\":\"https:\/\/www.hnhlcrane.com\/#\/schema\/logo\/image\/\",\"url\":\"https:\/\/www.hnhlcrane.com\/wp-content\/uploads\/2024\/09\/logo6-1-e1733899395598.png\",\"contentUrl\":\"https:\/\/www.hnhlcrane.com\/wp-content\/uploads\/2024\/09\/logo6-1-e1733899395598.png\",\"width\":1000,\"height\":282,\"caption\":\"Crane Parts Supplier-HL Crame\"},\"image\":{\"@id\":\"https:\/\/www.hnhlcrane.com\/#\/schema\/logo\/image\/\"}}]}<\/script>\n<!-- \/ Yoast SEO plugin. -->","yoast_head_json":{"title":"Container Spreader - Schwere Hafen- und Schiffsausr\u00fcstung","description":"Qualitativ hochwertige Containerspreader f\u00fcr den schnellen, sicheren und effizienten Containerumschlag in H\u00e4fen und Versandh\u00f6fen. Verbessern Sie noch heute Ihren G\u00fcterumschlag Hersteller von Container Spreadern","robots":{"index":"index","follow":"follow","max-snippet":"max-snippet:-1","max-image-preview":"max-image-preview:large","max-video-preview":"max-video-preview:-1"},"canonical":"https:\/\/www.hnhlcrane.com\/de\/product\/containerstreuer\/","og_locale":"de_DE","og_type":"article","og_title":"Container Spreader \u2013 Heavy-Duty Port & Shipping Equipment","og_description":"Top-quality Container Spreader for fast, safe, and efficient container handling in ports and shipping yards. Boost your cargo operations today.Container spreader manufacturers","og_url":"https:\/\/www.hnhlcrane.com\/de\/product\/containerstreuer\/","og_site_name":"Crane Parts Supplier-HL Crame","article_modified_time":"2025-09-14T14:22:06+00:00","og_image":[{"width":600,"height":600,"url":"https:\/\/www.hnhlcrane.com\/wp-content\/uploads\/2024\/11\/Container-spreader-1.jpg","type":"image\/jpeg"}],"twitter_card":"summary_large_image","twitter_misc":{"Gesch\u00e4tzte Lesezeit":"2\u00a0Minuten"},"schema":{"@context":"https:\/\/schema.org","@graph":[{"@type":"WebPage","@id":"https:\/\/www.hnhlcrane.com\/product\/container-spreader\/","url":"https:\/\/www.hnhlcrane.com\/product\/container-spreader\/","name":"Container Spreader - Schwere Hafen- und Schiffsausr\u00fcstung","isPartOf":{"@id":"https:\/\/www.hnhlcrane.com\/#website"},"primaryImageOfPage":{"@id":"https:\/\/www.hnhlcrane.com\/product\/container-spreader\/#primaryimage"},"image":{"@id":"https:\/\/www.hnhlcrane.com\/product\/container-spreader\/#primaryimage"},"thumbnailUrl":"https:\/\/www.hnhlcrane.com\/wp-content\/uploads\/2024\/11\/Container-spreader-1.jpg","datePublished":"2024-11-25T15:42:41+00:00","dateModified":"2025-09-14T14:22:06+00:00","description":"Qualitativ hochwertige Containerspreader f\u00fcr den schnellen, sicheren und effizienten Containerumschlag in H\u00e4fen und Versandh\u00f6fen. Verbessern Sie noch heute Ihren G\u00fcterumschlag Hersteller von Container Spreadern","breadcrumb":{"@id":"https:\/\/www.hnhlcrane.com\/product\/container-spreader\/#breadcrumb"},"inLanguage":"de","potentialAction":[{"@type":"ReadAction","target":["https:\/\/www.hnhlcrane.com\/product\/container-spreader\/"]}]},{"@type":"ImageObject","inLanguage":"de","@id":"https:\/\/www.hnhlcrane.com\/product\/container-spreader\/#primaryimage","url":"https:\/\/www.hnhlcrane.com\/wp-content\/uploads\/2024\/11\/Container-spreader-1.jpg","contentUrl":"https:\/\/www.hnhlcrane.com\/wp-content\/uploads\/2024\/11\/Container-spreader-1.jpg","width":600,"height":600},{"@type":"BreadcrumbList","@id":"https:\/\/www.hnhlcrane.com\/product\/container-spreader\/#breadcrumb","itemListElement":[{"@type":"ListItem","position":1,"name":"home","item":"https:\/\/www.hnhlcrane.com\/"},{"@type":"ListItem","position":2,"name":"products","item":"https:\/\/www.hnhlcrane.com\/products\/"},{"@type":"ListItem","position":3,"name":"Container spreader"}]},{"@type":"WebSite","@id":"https:\/\/www.hnhlcrane.com\/#website","url":"https:\/\/www.hnhlcrane.com\/","name":"Kranteile Lieferant-HL Crame","description":"One-Stop-L\u00f6sung f\u00fcr alle Ihre Kranteile braucht,Kranhaken,Krantrommel,Kranrad,Kran-Kupplung,Kran-Getriebe,Kran-Motor,Kran-Bremse,Spezial-Kran-Spreader,Kran-Greifer,Container-Spreader,Billet-Kran-Klemmen,C-Typ Spreader Kran,Hebe-Elektromagnet,Kranschienenklammern,Elektrohebezeug,FEM-Standard-Kranendwagen,Leichtkranteile,Workstation-Kranteile,Kranelektrik,I-Tr\u00e4ger-Kabelwagen,Kran-Fernsteuerung,Kran-Elektroschaltschrank,Crane limit switch,Crane sound and light alarm,Heavy Duty Aviation Connector,Crane overload limiter,China Crane Parts Supplier,Crane hooks,Gantry crane hook,Crane accessories,Forged hook,hook processing,Hook manufacturer,China standard crane hook,electric hoist hook,Crane pulley,Hook pulley,Rolled pulley,Crane Pulley Supplier\uff0cEuropean hook pulley,Gantry crane hook pulley,WZL type crane drum,European style reel set,Crane reel,Kranteile,Trommelverarbeitung,Hersteller von Krantrommeln,Stahlgusstrommel,Trommel f\u00fcr Elektroz\u00fcge,Krantrommelmontage,DRS Radbl\u00f6cke,Europ\u00e4isches Kranrad,Geschmiedete R\u00e4der,Aktivradsatz,Antriebsradsatz,Antriebsradgruppe,Hersteller von Kranr\u00e4dern,Demag Kranr\u00e4der,Konecranes Kranr\u00e4der,Br\u00fcckenkranrad,Wellenkupplungen,Kraft\u00fcbertragungskupplungen,Scheibenkupplungen,Fl\u00fcssigkeitskupplungen,Hersteller von Kupplungen,Kardankupplung,Kranreduzierer,Crane Decelerators,Reducer gearbox,Reducer for crane,Gear Reducer For Crane,Hard tooth surface reducerCrane and hoist reducer,Flender reducer,Reducer manufacturer,ZQ reducer,QJ reducer,QJY reducer,Gear Motors,Konecranes reducer,F Serie Drei-in-Eins-Getriebe,K Serie Drei-in-Eins-Getriebe,Fahrende Maschinen,Fahrende Motoren mit Getriebe,Getriebemotoren f\u00fcr Kranfahrten,Fahrende Maschinen Frequenzumrichtermotoren,FEM Standard Getriebemotoren,Kranmotoren,Umrichtermotoren,Hebemotoren,MotorKranmotoren,Spezialmotor f\u00fcr Kran,Motoren der Serie YZR YZP YZ,Kran- und Hebemotor,Frequenzumwandlungsmotor,Elektrohydraulische Trommelbremsen,Elektrohydraulische Scheibenbremsen,Bremse,Br\u00fcckenkranbremsen,Scheibenbremsen,Elektromagnetische Scheibenbremse,Kranhydraulische Scheibenbremse,Bremsenhersteller,Kransicherheitsbremsen,Einzelseilgreifer,Vierseilgreifer,Elektrohydraulischer Mehrklappengreifer,Mehrschalengreifer,Elektromotorgreifer,Elektrohydraulischer Greifer,Greifer Hersteller,Container Spreader Hersteller,20ft Container Spreader,Semi Automatic Container Spreader,40ft Container Heberahmen,TEC Container Spreader,Kn\u00fcppel Hebeklemme,Kn\u00fcppel Klemmen,Kn\u00fcppel Kran Klemmen Hersteller,Kn\u00fcppel Hebeklemmen China Lieferant,Coil C-Type Hook,Spule Haken,Overhead Crane Steel Coil C-Type Hook,Kran C-Haken,C-Typ Spreader,C-Typ Haken,Kran Magnete,Rail Fixing Device,Kran Schiene Befestigungsvorrichtung,Kran Schiene Klemme,CD\/MD Drahtseilzug,Drahtseilzug China Hersteller,Einzeltr\u00e4ger Drahtseilzug,Doppeltr\u00e4ger Drahtseilzug,Kettenzug,Elektrokettenzug Hersteller,Elektrokettenzug China H\u00e4ndler,Europ\u00e4ische Drahtseilzug\uff0cEurop\u00e4ische Doppelstrahl Drahtseilzug,European Style Single Beam Crane End Carriage,FEN\/DIN European Style Single Beam Crane End Carriage,Hersteller von Kranendbalken,Europ\u00e4ischer Stil Hebezeug-Doppelbalken-Kranendbalken,H\u00e4ngekranendbalken,Europ\u00e4ischer Stil H\u00e4ngekranendbalken-Einzelbalken-Kranendbalken,FEN\/DIN H\u00e4ngekranendbalken-Kranendbalken,Krankabelkatze,Drahtlose Fernbedienung,Fernbedienung,Kransteuerungsgriff,Kransteuerungen,Elektrischer Steuerschrank,Kransteuerungsschrank,Endschalter,Ton- und Lichtalarm,Luftfahrtstecker,Schnellverbinder,Kranluftfahrtstecker,\u00dcberlastungsbegrenzer","publisher":{"@id":"https:\/\/www.hnhlcrane.com\/#organization"},"potentialAction":[{"@type":"SearchAction","target":{"@type":"EntryPoint","urlTemplate":"https:\/\/www.hnhlcrane.com\/?s={search_term_string}"},"query-input":{"@type":"PropertyValueSpecification","valueRequired":true,"valueName":"search_term_string"}}],"inLanguage":"de"},{"@type":"Organization","@id":"https:\/\/www.hnhlcrane.com\/#organization","name":"Kranteile Lieferant-HL Crame","url":"https:\/\/www.hnhlcrane.com\/","logo":{"@type":"ImageObject","inLanguage":"de","@id":"https:\/\/www.hnhlcrane.com\/#\/schema\/logo\/image\/","url":"https:\/\/www.hnhlcrane.com\/wp-content\/uploads\/2024\/09\/logo6-1-e1733899395598.png","contentUrl":"https:\/\/www.hnhlcrane.com\/wp-content\/uploads\/2024\/09\/logo6-1-e1733899395598.png","width":1000,"height":282,"caption":"Crane Parts Supplier-HL Crame"},"image":{"@id":"https:\/\/www.hnhlcrane.com\/#\/schema\/logo\/image\/"}}]}},"_links":{"self":[{"href":"https:\/\/www.hnhlcrane.com\/de\/wp-json\/wp\/v2\/product\/5444","targetHints":{"allow":["GET"]}}],"collection":[{"href":"https:\/\/www.hnhlcrane.com\/de\/wp-json\/wp\/v2\/product"}],"about":[{"href":"https:\/\/www.hnhlcrane.com\/de\/wp-json\/wp\/v2\/types\/product"}],"version-history":[{"count":2,"href":"https:\/\/www.hnhlcrane.com\/de\/wp-json\/wp\/v2\/product\/5444\/revisions"}],"predecessor-version":[{"id":6967,"href":"https:\/\/www.hnhlcrane.com\/de\/wp-json\/wp\/v2\/product\/5444\/revisions\/6967"}],"wp:featuredmedia":[{"embeddable":true,"href":"https:\/\/www.hnhlcrane.com\/de\/wp-json\/wp\/v2\/media\/5445"}],"wp:attachment":[{"href":"https:\/\/www.hnhlcrane.com\/de\/wp-json\/wp\/v2\/media?parent=5444"}],"wp:term":[{"taxonomy":"product_brand","embeddable":true,"href":"https:\/\/www.hnhlcrane.com\/de\/wp-json\/wp\/v2\/product_brand?post=5444"},{"taxonomy":"product_cat","embeddable":true,"href":"https:\/\/www.hnhlcrane.com\/de\/wp-json\/wp\/v2\/product_cat?post=5444"},{"taxonomy":"product_tag","embeddable":true,"href":"https:\/\/www.hnhlcrane.com\/de\/wp-json\/wp\/v2\/product_tag?post=5444"}],"curies":[{"name":"wp","href":"https:\/\/api.w.org\/{rel}","templated":true}]}}