{"id":5424,"date":"2024-11-25T23:05:17","date_gmt":"2024-11-25T15:05:17","guid":{"rendered":"https:\/\/www.hnhlcrane.com\/?post_type=product&#038;p=5424"},"modified":"2025-09-10T10:33:15","modified_gmt":"2025-09-10T02:33:15","slug":"krangreifer","status":"publish","type":"product","link":"https:\/\/www.hnhlcrane.com\/de\/product\/krangreifer\/","title":{"rendered":"Krangreifer"},"content":{"rendered":"<h6><span style=\"font-family: arial, helvetica, sans-serif; font-size: 18pt;\"><strong>\u00dcbersicht Krangreifer<\/strong><\/span><\/h6>\n<p>A <strong>Krangreifer<\/strong> ist eine speziell konstruierte Hebevorrichtung, die mit Kr\u00e4nen zum Umschlag und Transport von Sch\u00fcttgut verwendet wird. Sie besteht aus zwei oder mehr schaufelartigen Backen, die sich \u00f6ffnen und schlie\u00dfen k\u00f6nnen und durch die Hebe- und \u00d6ffnungs-\/Schlie\u00dfmechanismen des Krans bet\u00e4tigt werden, um Materialien zu greifen und freizugeben. Dieses Ger\u00e4t bietet eine hohe Betriebseffizienz und wird h\u00e4ufig f\u00fcr den Umschlag von Sch\u00fcttgut in H\u00e4fen, Bergwerken, Fabriken und \u00e4hnlichen Bereichen eingesetzt.<\/p>\n<hr \/>\n<h6><span style=\"font-family: arial, helvetica, sans-serif; font-size: 18pt;\"><strong>Sicherheitsrichtlinien f\u00fcr die Verwendung <a href=\"https:\/\/www.hnhlcrane.com\/de\/produkte\/spezial-kranspreizer\/\" target=\"_blank\" rel=\"noopener\">Krangreifer<\/a><\/strong><\/span><\/h6>\n<p>Bei der Bedienung eines Krangreifers sind die folgenden Sicherheitspraktiken unbedingt zu beachten:<\/p>\n<ul>\n<li>Der Kran muss von einem zertifizierten Kranf\u00fchrer bedient werden.<\/li>\n<li>Erlauben Sie niemandem, sich w\u00e4hrend des Betriebs auf dem Kran aufzuhalten.<\/li>\n<li>Halten Sie beim Transport schwerer Lasten einen Abstand von mindestens 0,5 Metern zu allen Hindernissen auf dem Weg der Last ein.<\/li>\n<li>Stellen Sie sicher, dass das Hubseil und das Schlie\u00dfseil beim Anheben des Greifers die gleiche Geschwindigkeit haben.<\/li>\n<li>Vermeiden Sie es, den Greifer zum Heben von festen Gegenst\u00e4nden in einem St\u00fcck zu verwenden.<\/li>\n<li>\u00dcberpr\u00fcfen Sie vor jeder Schicht die Straffheit der Tragseile und den Zustand der Umlenkrollen f\u00fcr die Schlie\u00dfseile.<\/li>\n<\/ul>\n<hr \/>\n<h6><span style=\"font-family: arial, helvetica, sans-serif; font-size: 18pt;\"><strong>Arten von Krangreifern und ihre Merkmale<\/strong><\/span><\/h6>\n<h6><span style=\"font-family: arial, helvetica, sans-serif; font-size: 14pt;\"><strong>Einseiliger Greifer<\/strong><\/span><\/h6>\n<ul>\n<li><strong>Mechanismus<\/strong>: Funktioniert mit einem Drahtseil, um sowohl Hebe- als auch \u00d6ffnungs-\/Schlie\u00dfvorg\u00e4nge auszuf\u00fchren, wobei ein spezieller Verriegelungsmechanismus verwendet wird.<\/li>\n<li><strong>Eigenschaften<\/strong>: Geeignet f\u00fcr Krane mit einer einzigen Hebetrommel (Einfachhaken), die ein nahtloses \u00d6ffnen und Schlie\u00dfen beim Be- und Entladen erm\u00f6glicht. Einfaches Anbringen und Abnehmen, daher geeignet f\u00fcr Unterwasser- und Landarbeiten wie Greifen und Stapeln.<\/li>\n<li><strong>Beschr\u00e4nkungen<\/strong>: Kann sich nicht in der Luft \u00f6ffnen, au\u00dfer bei handbet\u00e4tigten oder ferngesteuerten Modellen.<\/li>\n<\/ul>\n<hr \/>\n<h6><span style=\"font-family: arial, helvetica, sans-serif; font-size: 14pt;\"><strong>Doppelseilgreifer<\/strong><\/span><\/h6>\n<ul>\n<li><strong>Mechanismus<\/strong>: Konzipiert f\u00fcr Krane mit Doppelhubwerk (ein Seil f\u00fcr jede Trommel). Ein Seil dient dem Gleichgewicht und das andere dem \u00d6ffnen und Schlie\u00dfen des Greifers.<\/li>\n<li><strong>Eigenschaften<\/strong>:\n<ul>\n<li>Wird h\u00e4ufig in H\u00e4fen, Docks und in der Bauindustrie verwendet.<\/li>\n<li>Erh\u00e4ltlich in leichten, mittelschweren, schweren und ultraschweren Konfigurationen auf der Grundlage der Materialeigenschaften.<\/li>\n<li>Konzipiert f\u00fcr den Umschlag von Sch\u00fcttg\u00fctern.<\/li>\n<\/ul>\n<\/li>\n<\/ul>\n<hr \/>\n<h6><span style=\"font-family: arial, helvetica, sans-serif; font-size: 14pt;\"><strong>Vierseilgreifer<\/strong><\/span><\/h6>\n<ul>\n<li><strong>Mechanismus<\/strong>: Wird bei Kr\u00e4nen mit zwei Seiltrommeln verwendet. Es werden zwei Seile zur Unterst\u00fctzung und zwei zum \u00d6ffnen und Schlie\u00dfen der Backen verwendet.<\/li>\n<li><strong>Anwendungen<\/strong>: Geeignet f\u00fcr Aufgaben wie Be- und Entladen, Stapeln und Zuf\u00fchren von Materialien. Wird h\u00e4ufig mit Br\u00fccken- oder Portalkr\u00e4nen verwendet.<\/li>\n<li><strong>Personalisierung<\/strong>: Kann je nach Bedarf und Materialeigenschaften mit Z\u00e4hnen, parallelen Balken oder f\u00fcr Unterwasserarbeiten angepasst werden.<\/li>\n<\/ul>\n<hr \/>\n<h6><span style=\"font-family: arial, helvetica, sans-serif; font-size: 14pt;\"><strong>Mehrklauengreifer<\/strong><\/span><\/h6>\n<ul>\n<li><strong>Anwendungen<\/strong>: Effiziente Handhabung von Metallschrott, gro\u00dfen Feststoffen und Abf\u00e4llen in schwierigen Umgebungen wie H\u00e4fen, Eisenbahnen, Metallurgie und Bauwesen.<\/li>\n<li><strong>Eigenschaften<\/strong>:\n<ul>\n<li>Erh\u00e4ltlich als Einseil-, Doppelseil-, Vierseil- und elektrische Modelle.<\/li>\n<li>Die Backen schlie\u00dfen individuell je nach Materialgr\u00f6\u00dfe und -form und gew\u00e4hrleisten so eine effektive Handhabung.<\/li>\n<li>Ausgelegt mit 4 bis 8 Backen, anpassbar je nach Benutzeranforderungen und Materialeigenschaften.<\/li>\n<\/ul>\n<\/li>\n<\/ul>\n<hr \/>\n<h6><span style=\"font-family: arial, helvetica, sans-serif; font-size: 14pt;\"><strong>Log Grab<\/strong><\/span><\/h6>\n<ul>\n<li><strong>Anwendungen<\/strong>: Speziell f\u00fcr den Holzumschlag in Holzlagern, gro\u00dfen holzverarbeitenden Fabriken, Papierfabriken und H\u00e4fen entwickelt. Zum Entladen von Schiffen, Stapeln von Baumst\u00e4mmen und f\u00fcr andere damit verbundene Aufgaben.<\/li>\n<li><strong>Eigenschaften<\/strong>:\n<ul>\n<li>Erh\u00e4ltlich als Einseil-, Doppelseil-, Vierseil- und elektrische Modelle.<\/li>\n<li>Anpassbar an die spezifischen Bed\u00fcrfnisse der Benutzer.<\/li>\n<\/ul>\n<\/li>\n<\/ul>\n<hr \/>\n<h6><span style=\"font-family: arial, helvetica, sans-serif; font-size: 14pt;\"><strong>Motorisierter Greifer<\/strong><\/span><\/h6>\n<ul>\n<li><strong>Mechanismus<\/strong>: Ausgestattet mit einem eigenen \u00d6ffnungs-\/Schlie\u00dfmechanismus, der eine Bedienung in jeder H\u00f6he f\u00fcr den Materialtransport erm\u00f6glicht.<\/li>\n<li><strong>Eigenschaften<\/strong>:\n<ul>\n<li>H\u00f6here Produktivit\u00e4t im Vergleich zu Einseilgreifern.<\/li>\n<li>Einfaches Anbringen und Abnehmen mit hoher Be- und Entladeleistung.<\/li>\n<li>Geeignet f\u00fcr den Umschlag von Sch\u00fcttg\u00fctern.<\/li>\n<li>Erfordert eine Energieversorgungsleitungstrommel f\u00fcr gr\u00f6\u00dfere Hubh\u00f6hen.<\/li>\n<\/ul>\n<\/li>\n<li><strong>Begrenzung<\/strong>: Nicht f\u00fcr Unterwassereins\u00e4tze geeignet.<\/li>\n<\/ul>\n<hr \/>\n<h6><span style=\"font-family: arial, helvetica, sans-serif; font-size: 14pt;\"><strong>Elektrisch-hydraulischer Mehrklauengreifer<\/strong><\/span><\/h6>\n<ul>\n<li><strong>Anwendungen<\/strong>: Konzipiert f\u00fcr den Umschlag von unregelm\u00e4\u00dfigen und gro\u00dfen Materialien wie Stahlschrott, Roheisen, Erz und Abfall in rauen Umgebungen und ersetzt effektiv die manuelle Arbeit.<\/li>\n<li><strong>Eigenschaften<\/strong>:\n<ul>\n<li>Ausgestattet mit einem unabh\u00e4ngigen Hydrauliksystem, das mit hochwertigen Komponenten f\u00fcr eine hervorragende Leistung sorgt.<\/li>\n<li>Jede Backe wird durch einen separaten Hydraulikzylinder angetrieben, so dass kein Material versch\u00fcttet wird.<\/li>\n<li>Mit einem Kabelanschluss an der Oberseite f\u00fcr eine einfache Kranintegration.<\/li>\n<li>Erh\u00e4ltlich in verschiedenen Konfigurationen: kreisf\u00f6rmige oder rechteckige Backen und geschlossene, halboffene oder offene Klauenausf\u00fchrungen.<\/li>\n<\/ul>\n<\/li>\n<\/ul>","protected":false},"excerpt":{"rendered":"<p>Einzelseilgreifer, Vierseilgreifer, elektrohydraulischer Mehrklappengreifer, Mehrschalengreifer, Elektromotorgreifer, elektrohydraulischer Zweischalengreifer<\/p>","protected":false},"featured_media":5443,"template":"","meta":{"_kad_post_transparent":"default","_kad_post_title":"","_kad_post_layout":"default","_kad_post_sidebar_id":"","_kad_post_content_style":"default","_kad_post_vertical_padding":"show","_kad_post_feature":"","_kad_post_feature_position":"","_kad_post_header":false,"_kad_post_footer":false},"product_brand":[],"product_cat":[59],"product_tag":[186,191,189,192,188,193,190,187,185],"class_list":{"0":"post-5424","1":"product","2":"type-product","3":"status-publish","4":"has-post-thumbnail","6":"product_cat-special-crane-spreader","7":"product_tag-crane-grab","8":"product_tag-electric-motor-grab","9":"product_tag-electro-hydraulic-multi-flap-grab","10":"product_tag-electro-hydraulicclamshell-grab","11":"product_tag-four-rope-grab","12":"product_tag-grab-manufacturers","13":"product_tag-orange-peel-grab","14":"product_tag-singlr-rope-grab","15":"product_tag-special-crane-spreader","17":"first","18":"instock","19":"featured","20":"shipping-taxable","21":"product-type-simple","22":"entry","23":"content-bg","24":"loop-entry"},"yoast_head":"<!-- This site is optimized with the Yoast SEO plugin v25.6 - https:\/\/yoast.com\/wordpress\/plugins\/seo\/ -->\n<title>Crane Grab \u2013 Single Rope, Four Rope, Orange Peel &amp; Clamshell Grabs<\/title>\n<meta name=\"description\" content=\"We supply crane grabs including single rope grab, four rope grab, electro-hydraulic multi-flap grab, orange peel grab, electric motor grab, and clamshell grab.\" \/>\n<meta name=\"robots\" content=\"index, follow, max-snippet:-1, max-image-preview:large, max-video-preview:-1\" \/>\n<link rel=\"canonical\" href=\"https:\/\/www.hnhlcrane.com\/de\/product\/krangreifer\/\" \/>\n<meta property=\"og:locale\" content=\"de_DE\" \/>\n<meta property=\"og:type\" content=\"article\" \/>\n<meta property=\"og:title\" content=\"Crane Grab \u2013 Single Rope, Four Rope, Orange Peel &amp; Clamshell Grabs\" \/>\n<meta property=\"og:description\" content=\"We supply crane grabs including single rope grab, four rope grab, electro-hydraulic multi-flap grab, orange peel grab, electric motor grab, and clamshell grab.\" \/>\n<meta property=\"og:url\" content=\"https:\/\/www.hnhlcrane.com\/de\/product\/krangreifer\/\" \/>\n<meta property=\"og:site_name\" content=\"Crane Parts Supplier-HL Crame\" \/>\n<meta property=\"article:modified_time\" content=\"2025-09-10T02:33:15+00:00\" \/>\n<meta property=\"og:image\" content=\"https:\/\/www.hnhlcrane.com\/wp-content\/uploads\/2024\/11\/Crane-grab-16.jpg\" \/>\n\t<meta property=\"og:image:width\" content=\"600\" \/>\n\t<meta property=\"og:image:height\" content=\"600\" \/>\n\t<meta property=\"og:image:type\" content=\"image\/jpeg\" \/>\n<meta name=\"twitter:card\" content=\"summary_large_image\" \/>\n<meta name=\"twitter:label1\" content=\"Gesch\u00e4tzte Lesezeit\" \/>\n\t<meta name=\"twitter:data1\" content=\"3\u00a0Minuten\" \/>\n<script type=\"application\/ld+json\" class=\"yoast-schema-graph\">{\"@context\":\"https:\/\/schema.org\",\"@graph\":[{\"@type\":\"WebPage\",\"@id\":\"https:\/\/www.hnhlcrane.com\/product\/crane-grab\/\",\"url\":\"https:\/\/www.hnhlcrane.com\/product\/crane-grab\/\",\"name\":\"Crane Grab \u2013 Single Rope, Four Rope, Orange Peel & Clamshell Grabs\",\"isPartOf\":{\"@id\":\"https:\/\/www.hnhlcrane.com\/#website\"},\"primaryImageOfPage\":{\"@id\":\"https:\/\/www.hnhlcrane.com\/product\/crane-grab\/#primaryimage\"},\"image\":{\"@id\":\"https:\/\/www.hnhlcrane.com\/product\/crane-grab\/#primaryimage\"},\"thumbnailUrl\":\"https:\/\/www.hnhlcrane.com\/wp-content\/uploads\/2024\/11\/Crane-grab-16.jpg\",\"datePublished\":\"2024-11-25T15:05:17+00:00\",\"dateModified\":\"2025-09-10T02:33:15+00:00\",\"description\":\"We supply crane grabs including single rope grab, four rope grab, electro-hydraulic multi-flap grab, orange peel grab, electric motor grab, and clamshell grab.\",\"breadcrumb\":{\"@id\":\"https:\/\/www.hnhlcrane.com\/product\/crane-grab\/#breadcrumb\"},\"inLanguage\":\"de\",\"potentialAction\":[{\"@type\":\"ReadAction\",\"target\":[\"https:\/\/www.hnhlcrane.com\/product\/crane-grab\/\"]}]},{\"@type\":\"ImageObject\",\"inLanguage\":\"de\",\"@id\":\"https:\/\/www.hnhlcrane.com\/product\/crane-grab\/#primaryimage\",\"url\":\"https:\/\/www.hnhlcrane.com\/wp-content\/uploads\/2024\/11\/Crane-grab-16.jpg\",\"contentUrl\":\"https:\/\/www.hnhlcrane.com\/wp-content\/uploads\/2024\/11\/Crane-grab-16.jpg\",\"width\":600,\"height\":600},{\"@type\":\"BreadcrumbList\",\"@id\":\"https:\/\/www.hnhlcrane.com\/product\/crane-grab\/#breadcrumb\",\"itemListElement\":[{\"@type\":\"ListItem\",\"position\":1,\"name\":\"home\",\"item\":\"https:\/\/www.hnhlcrane.com\/\"},{\"@type\":\"ListItem\",\"position\":2,\"name\":\"products\",\"item\":\"https:\/\/www.hnhlcrane.com\/products\/\"},{\"@type\":\"ListItem\",\"position\":3,\"name\":\"Crane grab\"}]},{\"@type\":\"WebSite\",\"@id\":\"https:\/\/www.hnhlcrane.com\/#website\",\"url\":\"https:\/\/www.hnhlcrane.com\/\",\"name\":\"Crane Parts Supplier-HL Crame\",\"description\":\"One-stop solution for all your  crane parts needs,Crane Hook,Crane Drum,Crane Wheel,Crane Coupling,Crane Gearbox,Crane Motor,Crane Brake,Special Crane Spreader,Crane grab,Container spreader,Billet crane clamps,Crane C-type spreader,Lifting Electromagnet,Crane Rail Clips,Electric Hoist,FEM Standard Crane End Carriages,Light Crane Parts,Workstation Crane Parts,Crane Electrical Parts,I-beam cable trolley,Crane remote controller,Crane electrical control cabinet,Crane limit switch,Crane sound and light alarm,Heavy Duty Aviation Connector,Crane overload limiter,China Crane Parts Supplier,Crane hooks,Gantry crane hook,Crane accessories,Forged hook,hook processing,Hook manufacturer,China standard crane hook,electric hoist hook,Crane pulley,Hook pulley,Rolled pulley,Crane Pulley Supplier\uff0cEuropean hook pulley,Gantry crane hook pulley,WZL type crane drum,European style reel set,Crane reel,crane parts,Drum processing,crane drum manufacturer,Cast steel drum,Electric hoist drum,Crane drum assembly,DRS Wheel Blocks,European crane wheel,Forged wheels,Active wheel set,Driving wheel set,Driven wheel group,crane wheels manufacturer,Demag crane wheels,Konecranes Crane Wheels,Overhead crane Wheel,Shaft couplings,Power Transmission Couplings,Disc Couplings,Fluid couplings,Coupling manufacturer\uff0cCardan coupling,Crane Reducer,Crane Decelerators,Reducer gearbox,Reducer for crane,Gear Reducer For Crane,Hard tooth surface reducerCrane and hoist reducer,Flender reducer,Reducer manufacturer,ZQ reducer,QJ reducer,QJY reducer,Gear Motors,Konecranes reducer,F series three-in-one reducer,K series three-in-one reducer,travelling machinery,Travelling Motor With Gear,Gear Motor for Crane Traveling,Travelling machinery Frequency inverter motors,FEM standard Gear Motors,Crane motors,Inverter motors,Hoist motors,motorCrane duty motors,Special motor for crane,YZR YZP YZ series motors,Crane and hoist motor,Frequency conversion motor,Electro hydraulic drum brakes,Electro-hydraulic disc brakes,Brake,Overhead Crane Brakes,Disc brakes,Electromagnetic disk brake,Crane hydraulic disc brake,Brakes manufacturer,crane Safety brakes,Singlr rope grab,Four rope grab,Electro-hydraulic multi-flap grab,Orange peel grab,Electric motor grab,Electro-Hydraulicclamshell grab,grab manufacturers,Container spreader manufacturers,20ft Container Spreader,Semi Automatic container spreader,40ft Container Lifting Frame,TEC container Spreader,Billet lifting clamp,Billet Clamps,Billet crane clamps manufacturer,billet lifting clamps china supplier,Coil C-Type Hook,coil hook,Overhead Crane Steel Coil C-Type Hook,Crane C-hook,C-type spreader,C-type hook,Crane magnets,Rail fixing device,Crane Rail fixing device,crane Rail Clamp,CD\/MD Wire Rope Electric Hoist,Wire Rope Electric Hoist China Manufacturer,Single Girder Wire Rope Electric Hoist,Double Girder Wire Rope Electric Hoist,Chain Hoist,Electric chain hoist manufacturer,Electric chain hoist China distributor,European wire rope electric hoist\uff0cEuropean double beam wire rope electric hoist,European Style Single Beam Crane End Carriage,FEN\/DIN European Style Single Beam Crane End Carriage,Crane end beam manufacturers,European style hoist double beam crane end beam,Suspension crane end beam,European style suspended single beam crane end beam,FEN\/DIN Suspension crane end beam,crane cable trolley,Wireless remote control,remote controller,Crane control handle,Crane Controls,electrical control cabinet,crane control cabinet,Limit switch,Sound and light alarm,Aviation plug,quick connector,Crane aviation plug,Overload limiter\",\"publisher\":{\"@id\":\"https:\/\/www.hnhlcrane.com\/#organization\"},\"potentialAction\":[{\"@type\":\"SearchAction\",\"target\":{\"@type\":\"EntryPoint\",\"urlTemplate\":\"https:\/\/www.hnhlcrane.com\/?s={search_term_string}\"},\"query-input\":{\"@type\":\"PropertyValueSpecification\",\"valueRequired\":true,\"valueName\":\"search_term_string\"}}],\"inLanguage\":\"de\"},{\"@type\":\"Organization\",\"@id\":\"https:\/\/www.hnhlcrane.com\/#organization\",\"name\":\"Crane Parts Supplier-HL Crame\",\"url\":\"https:\/\/www.hnhlcrane.com\/\",\"logo\":{\"@type\":\"ImageObject\",\"inLanguage\":\"de\",\"@id\":\"https:\/\/www.hnhlcrane.com\/#\/schema\/logo\/image\/\",\"url\":\"https:\/\/www.hnhlcrane.com\/wp-content\/uploads\/2024\/09\/logo6-1-e1733899395598.png\",\"contentUrl\":\"https:\/\/www.hnhlcrane.com\/wp-content\/uploads\/2024\/09\/logo6-1-e1733899395598.png\",\"width\":1000,\"height\":282,\"caption\":\"Crane Parts Supplier-HL Crame\"},\"image\":{\"@id\":\"https:\/\/www.hnhlcrane.com\/#\/schema\/logo\/image\/\"}}]}<\/script>\n<!-- \/ Yoast SEO plugin. -->","yoast_head_json":{"title":"Krangreifer - Einfachseil-, Vierseil-, Orangenschalen- und Zweischalengreifer","description":"Wir liefern Krangreifer wie Einseilgreifer, Vierseilgreifer, elektrohydraulische Mehrklappengreifer, Mehrschalengreifer, Elektromotorgreifer und Zweischalengreifer.","robots":{"index":"index","follow":"follow","max-snippet":"max-snippet:-1","max-image-preview":"max-image-preview:large","max-video-preview":"max-video-preview:-1"},"canonical":"https:\/\/www.hnhlcrane.com\/de\/product\/krangreifer\/","og_locale":"de_DE","og_type":"article","og_title":"Crane Grab \u2013 Single Rope, Four Rope, Orange Peel & Clamshell Grabs","og_description":"We supply crane grabs including single rope grab, four rope grab, electro-hydraulic multi-flap grab, orange peel grab, electric motor grab, and clamshell grab.","og_url":"https:\/\/www.hnhlcrane.com\/de\/product\/krangreifer\/","og_site_name":"Crane Parts Supplier-HL Crame","article_modified_time":"2025-09-10T02:33:15+00:00","og_image":[{"width":600,"height":600,"url":"https:\/\/www.hnhlcrane.com\/wp-content\/uploads\/2024\/11\/Crane-grab-16.jpg","type":"image\/jpeg"}],"twitter_card":"summary_large_image","twitter_misc":{"Gesch\u00e4tzte Lesezeit":"3\u00a0Minuten"},"schema":{"@context":"https:\/\/schema.org","@graph":[{"@type":"WebPage","@id":"https:\/\/www.hnhlcrane.com\/product\/crane-grab\/","url":"https:\/\/www.hnhlcrane.com\/product\/crane-grab\/","name":"Krangreifer - Einfachseil-, Vierseil-, Orangenschalen- und Zweischalengreifer","isPartOf":{"@id":"https:\/\/www.hnhlcrane.com\/#website"},"primaryImageOfPage":{"@id":"https:\/\/www.hnhlcrane.com\/product\/crane-grab\/#primaryimage"},"image":{"@id":"https:\/\/www.hnhlcrane.com\/product\/crane-grab\/#primaryimage"},"thumbnailUrl":"https:\/\/www.hnhlcrane.com\/wp-content\/uploads\/2024\/11\/Crane-grab-16.jpg","datePublished":"2024-11-25T15:05:17+00:00","dateModified":"2025-09-10T02:33:15+00:00","description":"Wir liefern Krangreifer wie Einseilgreifer, Vierseilgreifer, elektrohydraulische Mehrklappengreifer, Mehrschalengreifer, Elektromotorgreifer und Zweischalengreifer.","breadcrumb":{"@id":"https:\/\/www.hnhlcrane.com\/product\/crane-grab\/#breadcrumb"},"inLanguage":"de","potentialAction":[{"@type":"ReadAction","target":["https:\/\/www.hnhlcrane.com\/product\/crane-grab\/"]}]},{"@type":"ImageObject","inLanguage":"de","@id":"https:\/\/www.hnhlcrane.com\/product\/crane-grab\/#primaryimage","url":"https:\/\/www.hnhlcrane.com\/wp-content\/uploads\/2024\/11\/Crane-grab-16.jpg","contentUrl":"https:\/\/www.hnhlcrane.com\/wp-content\/uploads\/2024\/11\/Crane-grab-16.jpg","width":600,"height":600},{"@type":"BreadcrumbList","@id":"https:\/\/www.hnhlcrane.com\/product\/crane-grab\/#breadcrumb","itemListElement":[{"@type":"ListItem","position":1,"name":"home","item":"https:\/\/www.hnhlcrane.com\/"},{"@type":"ListItem","position":2,"name":"products","item":"https:\/\/www.hnhlcrane.com\/products\/"},{"@type":"ListItem","position":3,"name":"Crane grab"}]},{"@type":"WebSite","@id":"https:\/\/www.hnhlcrane.com\/#website","url":"https:\/\/www.hnhlcrane.com\/","name":"Kranteile Lieferant-HL Crame","description":"One-Stop-L\u00f6sung f\u00fcr alle Ihre Kranteile braucht,Kranhaken,Krantrommel,Kranrad,Kran-Kupplung,Kran-Getriebe,Kran-Motor,Kran-Bremse,Spezial-Kran-Spreader,Kran-Greifer,Container-Spreader,Billet-Kran-Klemmen,C-Typ Spreader Kran,Hebe-Elektromagnet,Kranschienenklammern,Elektrohebezeug,FEM-Standard-Kranendwagen,Leichtkranteile,Workstation-Kranteile,Kranelektrik,I-Tr\u00e4ger-Kabelwagen,Kran-Fernsteuerung,Kran-Elektroschaltschrank,Crane limit switch,Crane sound and light alarm,Heavy Duty Aviation Connector,Crane overload limiter,China Crane Parts Supplier,Crane hooks,Gantry crane hook,Crane accessories,Forged hook,hook processing,Hook manufacturer,China standard crane hook,electric hoist hook,Crane pulley,Hook pulley,Rolled pulley,Crane Pulley Supplier\uff0cEuropean hook pulley,Gantry crane hook pulley,WZL type crane drum,European style reel set,Crane reel,Kranteile,Trommelverarbeitung,Hersteller von Krantrommeln,Stahlgusstrommel,Trommel f\u00fcr Elektroz\u00fcge,Krantrommelmontage,DRS Radbl\u00f6cke,Europ\u00e4isches Kranrad,Geschmiedete R\u00e4der,Aktivradsatz,Antriebsradsatz,Antriebsradgruppe,Hersteller von Kranr\u00e4dern,Demag Kranr\u00e4der,Konecranes Kranr\u00e4der,Br\u00fcckenkranrad,Wellenkupplungen,Kraft\u00fcbertragungskupplungen,Scheibenkupplungen,Fl\u00fcssigkeitskupplungen,Hersteller von Kupplungen,Kardankupplung,Kranreduzierer,Crane Decelerators,Reducer gearbox,Reducer for crane,Gear Reducer For Crane,Hard tooth surface reducerCrane and hoist reducer,Flender reducer,Reducer manufacturer,ZQ reducer,QJ reducer,QJY reducer,Gear Motors,Konecranes reducer,F Serie Drei-in-Eins-Getriebe,K Serie Drei-in-Eins-Getriebe,Fahrende Maschinen,Fahrende Motoren mit Getriebe,Getriebemotoren f\u00fcr Kranfahrten,Fahrende Maschinen Frequenzumrichtermotoren,FEM Standard Getriebemotoren,Kranmotoren,Umrichtermotoren,Hebemotoren,MotorKranmotoren,Spezialmotor f\u00fcr Kran,Motoren der Serie YZR YZP YZ,Kran- und Hebemotor,Frequenzumwandlungsmotor,Elektrohydraulische Trommelbremsen,Elektrohydraulische Scheibenbremsen,Bremse,Br\u00fcckenkranbremsen,Scheibenbremsen,Elektromagnetische Scheibenbremse,Kranhydraulische Scheibenbremse,Bremsenhersteller,Kransicherheitsbremsen,Einzelseilgreifer,Vierseilgreifer,Elektrohydraulischer Mehrklappengreifer,Mehrschalengreifer,Elektromotorgreifer,Elektrohydraulischer Greifer,Greifer Hersteller,Container Spreader Hersteller,20ft Container Spreader,Semi Automatic Container Spreader,40ft Container Heberahmen,TEC Container Spreader,Kn\u00fcppel Hebeklemme,Kn\u00fcppel Klemmen,Kn\u00fcppel Kran Klemmen Hersteller,Kn\u00fcppel Hebeklemmen China Lieferant,Coil C-Type Hook,Spule Haken,Overhead Crane Steel Coil C-Type Hook,Kran C-Haken,C-Typ Spreader,C-Typ Haken,Kran Magnete,Rail Fixing Device,Kran Schiene Befestigungsvorrichtung,Kran Schiene Klemme,CD\/MD Drahtseilzug,Drahtseilzug China Hersteller,Einzeltr\u00e4ger Drahtseilzug,Doppeltr\u00e4ger Drahtseilzug,Kettenzug,Elektrokettenzug Hersteller,Elektrokettenzug China H\u00e4ndler,Europ\u00e4ische Drahtseilzug\uff0cEurop\u00e4ische Doppelstrahl Drahtseilzug,European Style Single Beam Crane End Carriage,FEN\/DIN European Style Single Beam Crane End Carriage,Hersteller von Kranendbalken,Europ\u00e4ischer Stil Hebezeug-Doppelbalken-Kranendbalken,H\u00e4ngekranendbalken,Europ\u00e4ischer Stil H\u00e4ngekranendbalken-Einzelbalken-Kranendbalken,FEN\/DIN H\u00e4ngekranendbalken-Kranendbalken,Krankabelkatze,Drahtlose Fernbedienung,Fernbedienung,Kransteuerungsgriff,Kransteuerungen,Elektrischer Steuerschrank,Kransteuerungsschrank,Endschalter,Ton- und Lichtalarm,Luftfahrtstecker,Schnellverbinder,Kranluftfahrtstecker,\u00dcberlastungsbegrenzer","publisher":{"@id":"https:\/\/www.hnhlcrane.com\/#organization"},"potentialAction":[{"@type":"SearchAction","target":{"@type":"EntryPoint","urlTemplate":"https:\/\/www.hnhlcrane.com\/?s={search_term_string}"},"query-input":{"@type":"PropertyValueSpecification","valueRequired":true,"valueName":"search_term_string"}}],"inLanguage":"de"},{"@type":"Organization","@id":"https:\/\/www.hnhlcrane.com\/#organization","name":"Kranteile Lieferant-HL Crame","url":"https:\/\/www.hnhlcrane.com\/","logo":{"@type":"ImageObject","inLanguage":"de","@id":"https:\/\/www.hnhlcrane.com\/#\/schema\/logo\/image\/","url":"https:\/\/www.hnhlcrane.com\/wp-content\/uploads\/2024\/09\/logo6-1-e1733899395598.png","contentUrl":"https:\/\/www.hnhlcrane.com\/wp-content\/uploads\/2024\/09\/logo6-1-e1733899395598.png","width":1000,"height":282,"caption":"Crane Parts Supplier-HL Crame"},"image":{"@id":"https:\/\/www.hnhlcrane.com\/#\/schema\/logo\/image\/"}}]}},"_links":{"self":[{"href":"https:\/\/www.hnhlcrane.com\/de\/wp-json\/wp\/v2\/product\/5424","targetHints":{"allow":["GET"]}}],"collection":[{"href":"https:\/\/www.hnhlcrane.com\/de\/wp-json\/wp\/v2\/product"}],"about":[{"href":"https:\/\/www.hnhlcrane.com\/de\/wp-json\/wp\/v2\/types\/product"}],"version-history":[{"count":1,"href":"https:\/\/www.hnhlcrane.com\/de\/wp-json\/wp\/v2\/product\/5424\/revisions"}],"predecessor-version":[{"id":6951,"href":"https:\/\/www.hnhlcrane.com\/de\/wp-json\/wp\/v2\/product\/5424\/revisions\/6951"}],"wp:featuredmedia":[{"embeddable":true,"href":"https:\/\/www.hnhlcrane.com\/de\/wp-json\/wp\/v2\/media\/5443"}],"wp:attachment":[{"href":"https:\/\/www.hnhlcrane.com\/de\/wp-json\/wp\/v2\/media?parent=5424"}],"wp:term":[{"taxonomy":"product_brand","embeddable":true,"href":"https:\/\/www.hnhlcrane.com\/de\/wp-json\/wp\/v2\/product_brand?post=5424"},{"taxonomy":"product_cat","embeddable":true,"href":"https:\/\/www.hnhlcrane.com\/de\/wp-json\/wp\/v2\/product_cat?post=5424"},{"taxonomy":"product_tag","embeddable":true,"href":"https:\/\/www.hnhlcrane.com\/de\/wp-json\/wp\/v2\/product_tag?post=5424"}],"curies":[{"name":"wp","href":"https:\/\/api.w.org\/{rel}","templated":true}]}}