{"id":5790,"date":"2024-12-06T00:55:21","date_gmt":"2024-12-05T16:55:21","guid":{"rendered":"https:\/\/www.hnhlcrane.com\/?post_type=product&#038;p=5790"},"modified":"2026-04-20T23:30:03","modified_gmt":"2026-04-20T15:30:03","slug":"lyd-og-lysalarm","status":"publish","type":"product","link":"https:\/\/www.hnhlcrane.com\/da\/produkt\/lyd-og-lysalarm\/","title":{"rendered":"Lyd- og lysalarm"},"content":{"rendered":"<h6><strong><span style=\"font-family: arial, helvetica, sans-serif; font-size: 18pt;\">Oversigt over lyd- og lysalarmsystemer<\/span><\/strong><\/h6>\n<p>Den <strong>Lyd- og lysalarm<\/strong> er en kritisk sikkerhedsanordning, der er meget udbredt i forskellige industrier, herunder st\u00e5lmetalurgi, telekommunikation, kranoperationer, entrepren\u00f8rmaskiner, havne, transport, vindkraft og maritime applikationer. Denne enhed kombinerer auditive og visuelle advarsler for at sikre sikkerheden i industrielle milj\u00f8er.<\/p>\n<h6><strong><span style=\"font-family: arial, helvetica, sans-serif; font-size: 18pt;\">Retningslinjer for installation<\/span><\/strong><\/h6>\n<p>Korrekt installation af lyd- og lysalarmen \u00f8ger dens effektivitet. F\u00f8lg disse trin for at f\u00e5 en sikker og optimal ops\u00e6tning:<\/p>\n<ol>\n<li><strong>Valg af placering<\/strong>:\n<ul>\n<li>V\u00e6lg en position, der giver klar d\u00e6kning af kranens arbejdsomr\u00e5de.<\/li>\n<li>S\u00f8rg for, at placeringen er synlig og m\u00e6rkbar for personalet p\u00e5 stedet.<\/li>\n<li>Undg\u00e5 omr\u00e5der med st\u00e6rk elektromagnetisk interferens.<\/li>\n<\/ul>\n<\/li>\n<li><strong>Fast installation<\/strong>:\n<ul>\n<li>Fastg\u00f8r alarmen med passende skruer og v\u00e6rkt\u00f8j.<\/li>\n<li>S\u00f8rg for, at monteringsoverfladen er flad og har tilstr\u00e6kkelig mekanisk styrke til at holde enheden fast.<\/li>\n<\/ul>\n<\/li>\n<li><strong>Str\u00f8mtilslutning<\/strong>:\n<ul>\n<li>Tilslut AC220V-str\u00f8mforsyningen til alarmens str\u00f8minterface.<\/li>\n<li>Kontroll\u00e9r, at str\u00f8mforsyningssp\u00e6ndingen svarer til alarmens nominelle sp\u00e6nding.<\/li>\n<\/ul>\n<\/li>\n<li><strong>Tilslutning af kontrolledning (hvis p\u00e5kr\u00e6vet)<\/strong>:\n<ul>\n<li>Tilslut kontrolledninger til det udpegede kontrolinterface.<\/li>\n<li>Se enhedens ledningsdiagram eller brugervejledning for n\u00f8jagtige tilslutninger.<\/li>\n<\/ul>\n<\/li>\n<\/ol>\n<h6><strong><span style=\"font-family: arial, helvetica, sans-serif; font-size: 18pt;\">Tekniske specifikationer og n\u00f8glefunktioner<\/span><\/strong><\/h6>\n<ol>\n<li><strong>LED-lyskilde med h\u00f8j lysstyrke<\/strong>:\n<ul>\n<li>Udnytter lysdioder med h\u00f8j lysstyrke til levende r\u00f8dt lys, hvilket sikrer synlighed under forskellige lysforhold.<\/li>\n<li>Effektiv over lange afstande.<\/li>\n<\/ul>\n<\/li>\n<li><strong>Alarmer med h\u00f8j lyd<\/strong>:\n<ul>\n<li>Designet med to h\u00f8jttalere producerer lydniveauer p\u00e5 op til 118 dB, hvilket sikrer h\u00f8rbarhed selv i st\u00f8jende industrimilj\u00f8er.<\/li>\n<\/ul>\n<\/li>\n<li><strong>Underst\u00f8ttelse af flere sp\u00e6ndinger<\/strong>:\n<ul>\n<li>Kompatibel med AC220V og andre indgangssp\u00e6ndinger, der opfylder forskellige str\u00f8mforsyningskrav.<\/li>\n<\/ul>\n<\/li>\n<li><strong>Roterende advarselslampe (ekstraudstyr)<\/strong>:\n<ul>\n<li>Visse modeller har en roterende lysfunktion for \u00f8get synlighed og opm\u00e6rksomhedsskabende advarsler.<\/li>\n<\/ul>\n<\/li>\n<li><strong>H\u00f8j beskyttelsesgrad<\/strong>:\n<ul>\n<li>Vurderet <strong>IP56<\/strong> eller h\u00f8jere, hvilket giver robust modstandsdygtighed over for st\u00f8v- og vandindtr\u00e6ngning.<\/li>\n<li>Velegnet til barske industrimilj\u00f8er.<\/li>\n<\/ul>\n<\/li>\n<li><strong>Lang levetid<\/strong>:\n<ul>\n<li>Konstrueret med f\u00f8rsteklasses materialer og pr\u00e6cise fremstillingsprocesser, der giver en gennemsnitlig levetid p\u00e5 over 100.000 timer.<\/li>\n<\/ul>\n<\/li>\n<\/ol>\n<h6><strong><span style=\"font-family: arial, helvetica, sans-serif; font-size: 18pt;\">Anvendelser og fordele<\/span><\/strong><\/h6>\n<p>Lyd- og lysalarmen forbedrer driftssikkerheden betydeligt, is\u00e6r i forbindelse med kranarbejde og andre industrielle scenarier. Den sikrer, at advarselssignaler leveres hurtigt og tydeligt i n\u00f8dsituationer, hvilket minimerer risici og beskytter personalet.<\/p>\n<p>Ved at kombinere de avancerede funktioner med korrekt installation bliver dette alarmsystem en uundv\u00e6rlig sikkerhedskomponent i kr\u00e6vende industrimilj\u00f8er.<\/p>","protected":false},"excerpt":{"rendered":"<p><strong>Funktioner ved lyd- og lysalarm \uff1a.<\/strong><\/p>\n<ul>\n<li>LED-lyskilde med h\u00f8j lysstyrke<\/li>\n<li>Alarmer med h\u00f8j lyd<\/li>\n<li>Underst\u00f8ttelse af flere sp\u00e6ndinger<\/li>\n<li>Roterende advarselslampe (ekstraudstyr)<\/li>\n<li>H\u00f8j beskyttelsesgrad<\/li>\n<li>Lang levetid<\/li>\n<\/ul>","protected":false},"featured_media":5791,"template":"","meta":{"_kad_post_transparent":"default","_kad_post_title":"","_kad_post_layout":"default","_kad_post_sidebar_id":"","_kad_post_content_style":"default","_kad_post_vertical_padding":"show","_kad_post_feature":"","_kad_post_feature_position":"","_kad_post_header":false,"_kad_post_footer":false},"product_brand":[],"product_cat":[65],"product_tag":[284,341,311],"class_list":{"0":"post-5790","1":"product","2":"type-product","3":"status-publish","4":"has-post-thumbnail","6":"product_cat-crane-electrical-parts","7":"product_tag-crane-electrical-parts","8":"product_tag-crane-sound-and-light-alarm","9":"product_tag-sound-and-light-alarm","11":"first","12":"instock","13":"shipping-taxable","14":"product-type-simple","15":"entry","16":"content-bg","17":"loop-entry"},"yoast_head":"<!-- This site is optimized with the Yoast SEO plugin v25.6 - https:\/\/yoast.com\/wordpress\/plugins\/seo\/ -->\n<title>Sound &amp; Light Alarm for Cranes | Industrial Safety | HL CRANE<\/title>\n<meta name=\"description\" content=\"Reliable sound and light alarm for cranes. Designed for industrial safety with clear audio and visual alerts. Custom solutions available.\" \/>\n<meta name=\"robots\" content=\"index, follow, max-snippet:-1, max-image-preview:large, max-video-preview:-1\" \/>\n<link rel=\"canonical\" href=\"https:\/\/www.hnhlcrane.com\/da\/produkt\/lyd-og-lysalarm\/\" \/>\n<meta property=\"og:locale\" content=\"da_DK\" \/>\n<meta property=\"og:type\" content=\"article\" \/>\n<meta property=\"og:title\" content=\"Sound &amp; Light Alarm for Cranes | Industrial Safety | HL CRANE\" \/>\n<meta property=\"og:description\" content=\"Reliable sound and light alarm for cranes. Designed for industrial safety with clear audio and visual alerts. Custom solutions available.\" \/>\n<meta property=\"og:url\" content=\"https:\/\/www.hnhlcrane.com\/da\/produkt\/lyd-og-lysalarm\/\" \/>\n<meta property=\"og:site_name\" content=\"Crane Parts Supplier-HL Crame\" \/>\n<meta property=\"article:modified_time\" content=\"2026-04-20T15:30:03+00:00\" \/>\n<meta property=\"og:image\" content=\"https:\/\/www.hnhlcrane.com\/wp-content\/uploads\/2024\/12\/Crane-sound-and-light-alarm-1.jpg\" \/>\n\t<meta property=\"og:image:width\" content=\"600\" \/>\n\t<meta property=\"og:image:height\" content=\"600\" \/>\n\t<meta property=\"og:image:type\" content=\"image\/jpeg\" \/>\n<meta name=\"twitter:card\" content=\"summary_large_image\" \/>\n<meta name=\"twitter:label1\" content=\"Estimeret l\u00e6setid\" \/>\n\t<meta name=\"twitter:data1\" content=\"2 minutter\" \/>\n<script type=\"application\/ld+json\" class=\"yoast-schema-graph\">{\"@context\":\"https:\/\/schema.org\",\"@graph\":[{\"@type\":\"WebPage\",\"@id\":\"https:\/\/www.hnhlcrane.com\/product\/sound-and-light-alarm\/\",\"url\":\"https:\/\/www.hnhlcrane.com\/product\/sound-and-light-alarm\/\",\"name\":\"Sound & Light Alarm for Cranes | Industrial Safety | HL CRANE\",\"isPartOf\":{\"@id\":\"https:\/\/www.hnhlcrane.com\/#website\"},\"primaryImageOfPage\":{\"@id\":\"https:\/\/www.hnhlcrane.com\/product\/sound-and-light-alarm\/#primaryimage\"},\"image\":{\"@id\":\"https:\/\/www.hnhlcrane.com\/product\/sound-and-light-alarm\/#primaryimage\"},\"thumbnailUrl\":\"https:\/\/www.hnhlcrane.com\/wp-content\/uploads\/2024\/12\/Crane-sound-and-light-alarm-1.jpg\",\"datePublished\":\"2024-12-05T16:55:21+00:00\",\"dateModified\":\"2026-04-20T15:30:03+00:00\",\"description\":\"Reliable sound and light alarm for cranes. Designed for industrial safety with clear audio and visual alerts. Custom solutions available.\",\"breadcrumb\":{\"@id\":\"https:\/\/www.hnhlcrane.com\/product\/sound-and-light-alarm\/#breadcrumb\"},\"inLanguage\":\"da-DK\",\"potentialAction\":[{\"@type\":\"ReadAction\",\"target\":[\"https:\/\/www.hnhlcrane.com\/product\/sound-and-light-alarm\/\"]}]},{\"@type\":\"ImageObject\",\"inLanguage\":\"da-DK\",\"@id\":\"https:\/\/www.hnhlcrane.com\/product\/sound-and-light-alarm\/#primaryimage\",\"url\":\"https:\/\/www.hnhlcrane.com\/wp-content\/uploads\/2024\/12\/Crane-sound-and-light-alarm-1.jpg\",\"contentUrl\":\"https:\/\/www.hnhlcrane.com\/wp-content\/uploads\/2024\/12\/Crane-sound-and-light-alarm-1.jpg\",\"width\":600,\"height\":600},{\"@type\":\"BreadcrumbList\",\"@id\":\"https:\/\/www.hnhlcrane.com\/product\/sound-and-light-alarm\/#breadcrumb\",\"itemListElement\":[{\"@type\":\"ListItem\",\"position\":1,\"name\":\"home\",\"item\":\"https:\/\/www.hnhlcrane.com\/\"},{\"@type\":\"ListItem\",\"position\":2,\"name\":\"products\",\"item\":\"https:\/\/www.hnhlcrane.com\/products\/\"},{\"@type\":\"ListItem\",\"position\":3,\"name\":\"Sound and light alarm\"}]},{\"@type\":\"WebSite\",\"@id\":\"https:\/\/www.hnhlcrane.com\/#website\",\"url\":\"https:\/\/www.hnhlcrane.com\/\",\"name\":\"Crane Parts Supplier-HL Crame\",\"description\":\"One-stop solution for all your  crane parts needs,Crane Hook,Crane Drum,Crane Wheel,Crane Coupling,Crane Gearbox,Crane Motor,Crane Brake,Special Crane Spreader,Crane grab,Container spreader,Billet crane clamps,Crane C-type spreader,Lifting Electromagnet,Crane Rail Clips,Electric Hoist,FEM Standard Crane End Carriages,Light Crane Parts,Workstation Crane Parts,Crane Electrical Parts,I-beam cable trolley,Crane remote controller,Crane electrical control cabinet,Crane limit switch,Crane sound and light alarm,Heavy Duty Aviation Connector,Crane overload limiter,China Crane Parts Supplier,Crane hooks,Gantry crane hook,Crane accessories,Forged hook,hook processing,Hook manufacturer,China standard crane hook,electric hoist hook,Crane pulley,Hook pulley,Rolled pulley,Crane Pulley Supplier\uff0cEuropean hook pulley,Gantry crane hook pulley,WZL type crane drum,European style reel set,Crane reel,crane parts,Drum processing,crane drum manufacturer,Cast steel drum,Electric hoist drum,Crane drum assembly,DRS Wheel Blocks,European crane wheel,Forged wheels,Active wheel set,Driving wheel set,Driven wheel group,crane wheels manufacturer,Demag crane wheels,Konecranes Crane Wheels,Overhead crane Wheel,Shaft couplings,Power Transmission Couplings,Disc Couplings,Fluid couplings,Coupling manufacturer\uff0cCardan coupling,Crane Reducer,Crane Decelerators,Reducer gearbox,Reducer for crane,Gear Reducer For Crane,Hard tooth surface reducerCrane and hoist reducer,Flender reducer,Reducer manufacturer,ZQ reducer,QJ reducer,QJY reducer,Gear Motors,Konecranes reducer,F series three-in-one reducer,K series three-in-one reducer,travelling machinery,Travelling Motor With Gear,Gear Motor for Crane Traveling,Travelling machinery Frequency inverter motors,FEM standard Gear Motors,Crane motors,Inverter motors,Hoist motors,motorCrane duty motors,Special motor for crane,YZR YZP YZ series motors,Crane and hoist motor,Frequency conversion motor,Electro hydraulic drum brakes,Electro-hydraulic disc brakes,Brake,Overhead Crane Brakes,Disc brakes,Electromagnetic disk brake,Crane hydraulic disc brake,Brakes manufacturer,crane Safety brakes,Singlr rope grab,Four rope grab,Electro-hydraulic multi-flap grab,Orange peel grab,Electric motor grab,Electro-Hydraulicclamshell grab,grab manufacturers,Container spreader manufacturers,20ft Container Spreader,Semi Automatic container spreader,40ft Container Lifting Frame,TEC container Spreader,Billet lifting clamp,Billet Clamps,Billet crane clamps manufacturer,billet lifting clamps china supplier,Coil C-Type Hook,coil hook,Overhead Crane Steel Coil C-Type Hook,Crane C-hook,C-type spreader,C-type hook,Crane magnets,Rail fixing device,Crane Rail fixing device,crane Rail Clamp,CD\/MD Wire Rope Electric Hoist,Wire Rope Electric Hoist China Manufacturer,Single Girder Wire Rope Electric Hoist,Double Girder Wire Rope Electric Hoist,Chain Hoist,Electric chain hoist manufacturer,Electric chain hoist China distributor,European wire rope electric hoist\uff0cEuropean double beam wire rope electric hoist,European Style Single Beam Crane End Carriage,FEN\/DIN European Style Single Beam Crane End Carriage,Crane end beam manufacturers,European style hoist double beam crane end beam,Suspension crane end beam,European style suspended single beam crane end beam,FEN\/DIN Suspension crane end beam,crane cable trolley,Wireless remote control,remote controller,Crane control handle,Crane Controls,electrical control cabinet,crane control cabinet,Limit switch,Sound and light alarm,Aviation plug,quick connector,Crane aviation plug,Overload limiter\",\"publisher\":{\"@id\":\"https:\/\/www.hnhlcrane.com\/#organization\"},\"potentialAction\":[{\"@type\":\"SearchAction\",\"target\":{\"@type\":\"EntryPoint\",\"urlTemplate\":\"https:\/\/www.hnhlcrane.com\/?s={search_term_string}\"},\"query-input\":{\"@type\":\"PropertyValueSpecification\",\"valueRequired\":true,\"valueName\":\"search_term_string\"}}],\"inLanguage\":\"da-DK\"},{\"@type\":\"Organization\",\"@id\":\"https:\/\/www.hnhlcrane.com\/#organization\",\"name\":\"Crane Parts Supplier-HL Crame\",\"url\":\"https:\/\/www.hnhlcrane.com\/\",\"logo\":{\"@type\":\"ImageObject\",\"inLanguage\":\"da-DK\",\"@id\":\"https:\/\/www.hnhlcrane.com\/#\/schema\/logo\/image\/\",\"url\":\"https:\/\/www.hnhlcrane.com\/wp-content\/uploads\/2024\/09\/logo6-1-e1733899395598.png\",\"contentUrl\":\"https:\/\/www.hnhlcrane.com\/wp-content\/uploads\/2024\/09\/logo6-1-e1733899395598.png\",\"width\":1000,\"height\":282,\"caption\":\"Crane Parts Supplier-HL Crame\"},\"image\":{\"@id\":\"https:\/\/www.hnhlcrane.com\/#\/schema\/logo\/image\/\"}}]}<\/script>\n<!-- \/ Yoast SEO plugin. -->","yoast_head_json":{"title":"Sound & Light Alarm for Cranes | Industrial Safety | HL CRANE","description":"Reliable sound and light alarm for cranes. Designed for industrial safety with clear audio and visual alerts. Custom solutions available.","robots":{"index":"index","follow":"follow","max-snippet":"max-snippet:-1","max-image-preview":"max-image-preview:large","max-video-preview":"max-video-preview:-1"},"canonical":"https:\/\/www.hnhlcrane.com\/da\/produkt\/lyd-og-lysalarm\/","og_locale":"da_DK","og_type":"article","og_title":"Sound & Light Alarm for Cranes | Industrial Safety | HL CRANE","og_description":"Reliable sound and light alarm for cranes. Designed for industrial safety with clear audio and visual alerts. Custom solutions available.","og_url":"https:\/\/www.hnhlcrane.com\/da\/produkt\/lyd-og-lysalarm\/","og_site_name":"Crane Parts Supplier-HL Crame","article_modified_time":"2026-04-20T15:30:03+00:00","og_image":[{"width":600,"height":600,"url":"https:\/\/www.hnhlcrane.com\/wp-content\/uploads\/2024\/12\/Crane-sound-and-light-alarm-1.jpg","type":"image\/jpeg"}],"twitter_card":"summary_large_image","twitter_misc":{"Estimeret l\u00e6setid":"2 minutter"},"schema":{"@context":"https:\/\/schema.org","@graph":[{"@type":"WebPage","@id":"https:\/\/www.hnhlcrane.com\/product\/sound-and-light-alarm\/","url":"https:\/\/www.hnhlcrane.com\/product\/sound-and-light-alarm\/","name":"Sound & Light Alarm for Cranes | Industrial Safety | HL CRANE","isPartOf":{"@id":"https:\/\/www.hnhlcrane.com\/#website"},"primaryImageOfPage":{"@id":"https:\/\/www.hnhlcrane.com\/product\/sound-and-light-alarm\/#primaryimage"},"image":{"@id":"https:\/\/www.hnhlcrane.com\/product\/sound-and-light-alarm\/#primaryimage"},"thumbnailUrl":"https:\/\/www.hnhlcrane.com\/wp-content\/uploads\/2024\/12\/Crane-sound-and-light-alarm-1.jpg","datePublished":"2024-12-05T16:55:21+00:00","dateModified":"2026-04-20T15:30:03+00:00","description":"Reliable sound and light alarm for cranes. Designed for industrial safety with clear audio and visual alerts. Custom solutions available.","breadcrumb":{"@id":"https:\/\/www.hnhlcrane.com\/product\/sound-and-light-alarm\/#breadcrumb"},"inLanguage":"da-DK","potentialAction":[{"@type":"ReadAction","target":["https:\/\/www.hnhlcrane.com\/product\/sound-and-light-alarm\/"]}]},{"@type":"ImageObject","inLanguage":"da-DK","@id":"https:\/\/www.hnhlcrane.com\/product\/sound-and-light-alarm\/#primaryimage","url":"https:\/\/www.hnhlcrane.com\/wp-content\/uploads\/2024\/12\/Crane-sound-and-light-alarm-1.jpg","contentUrl":"https:\/\/www.hnhlcrane.com\/wp-content\/uploads\/2024\/12\/Crane-sound-and-light-alarm-1.jpg","width":600,"height":600},{"@type":"BreadcrumbList","@id":"https:\/\/www.hnhlcrane.com\/product\/sound-and-light-alarm\/#breadcrumb","itemListElement":[{"@type":"ListItem","position":1,"name":"home","item":"https:\/\/www.hnhlcrane.com\/"},{"@type":"ListItem","position":2,"name":"products","item":"https:\/\/www.hnhlcrane.com\/products\/"},{"@type":"ListItem","position":3,"name":"Sound and light alarm"}]},{"@type":"WebSite","@id":"https:\/\/www.hnhlcrane.com\/#website","url":"https:\/\/www.hnhlcrane.com\/","name":"Leverand\u00f8r af krandele - HL Crame","description":"One-stop-l\u00f8sning til alle dine behov for krandele, krankrog, krantromle, kranhjul, krankobling, krangearkasse, kranmotor, kranbremse, speciel kranspreder, krangreb, containerspreder, billetkranklemmer, kran C-type spreder,L\u00f8fteelektromagnet, kranskinneklemmer, elektrisk talje, FEM standard kranendevogne, lette krandele, arbejdsstationskandele, kranelektriske dele, I-bj\u00e6lkekabelvogn, kranfjernbetjening, kranens elektriske kontrolskab,Kranbegr\u00e6nsningskontakt, Kran lyd- og lysalarm, Heavy Duty Aviation Connector, Kran overbelastningsbegr\u00e6nser, Kina krandele leverand\u00f8r, Kran kroge, Gantry kran krog, Kran tilbeh\u00f8r, Smedet krog, krogbehandling, Krogproducent, Kina standard kran krog, elektrisk hejse krog, Kran remskive, Krog remskive, Valset remskive, Kran remskive leverand\u00f8r, Europ\u00e6isk krog remskive, Gantry kran krog remskive, WZL type krantromle, Europ\u00e6isk stil rulles\u00e6t, Kranrulle,krandele,Tromlebehandling,krantromleproducent,St\u00f8bt st\u00e5ltromle,Elektrisk hejsetromle,Krantromlemontering,DRS-hjulblokke,Europ\u00e6isk kranhjul,Smedede hjul,Aktivt hjuls\u00e6t,K\u00f8rehjuls\u00e6t,Drevet hjulgruppe,Kranhjulproducent,Demag-kranhjul,Konecranes-kranhjul,Overheadkranhjul,Akselkoblinger,Kraftoverf\u00f8rselskoblinger,Skivekoblinger,V\u00e6skekoblinger,Koblingsproducent,Cardankobling,Kranreduktion,Crane Decelerators, Reducer gearkasse, Reducer til kran, Gear Reducer For Crane, Hard tooth surface reducerCrane and hoist reducer, Flender reducer, Reducer producent, ZQ reducer, QJ reducer, QJY reducer, Gear Motors, Konecranes reducer,F-serie tre-i-en reducer, K-serie tre-i-en reducer, rejsemaskiner, rejsemotor med gear, gearmotor til kranrejser, rejsemaskiner Frekvensomformermotorer, FEM-standard gearmotorer, kranmotorer,Invertermotorer,Hejsemotorer,motorKranmotorer,Specialmotor til kran,YZR YZP YZ-serie motorer,Kran- og hejsemotor,Frekvensomformningsmotor,Elektrohydrauliske tromlebremser,Elektrohydrauliske skivebremser,Bremse,Overheadkranbremser,Skivebremser,Elektromagnetisk skivebremse,Kranhydraulisk skivebremse,Bremseproducent,kran Sikkerhedsbremser,Singlr reb grab,Fire reb grab,Elektrohydraulisk multi-flap grab,Orange peel grab,Elektrisk motorgreb,Electro-Hydraulicclamshell grab, grab producenter, Container spreder producenter, 20ft Container Spreader, Semi Automatic container spreader, 40ft Container Lifting Frame, TEC container Spreader, Billet lifting clamp, Billet Clamps, Billet crane clamps manufacturer, billet lifting clamps china supplier, Coil C-Type Hook, coil hook, Overhead Crane Steel Coil C-Type Hook, Crane C-hook, C-type spreader, C-type hook, Crane magneter, Rail fixing device,Kranskinnefastg\u00f8relsesanordning, kranskinneklemme, CD \/ MD Wire Rope Electric Hoist, Wire Rope Electric Hoist China Manufacturer, Single Girder Wire Rope Electric Hoist, Double Girder Wire Rope Electric Hoist, Chain Hoist, Electric chain hoist manufacturer, Electric chain hoist China distributor, European wire rope electric hoist,European double beam wire rope electric hoist,European Style Single Beam Crane End Carriage,FEN\/DIN European Style Single Beam Crane End Carriage,Kran endebj\u00e6lke producenter, europ\u00e6isk stil hejsev\u00e6rk dobbeltbj\u00e6lke kran endebj\u00e6lke, Suspension kran endebj\u00e6lke, europ\u00e6isk stil oph\u00e6ngt enkelt bj\u00e6lke kran endebj\u00e6lke, FEN \/ DIN Suspension kran endebj\u00e6lke, kran kabelvogn, tr\u00e5dl\u00f8s fjernbetjening, fjernbetjening, kran kontrol h\u00e5ndtag, kran kontrol, elektrisk kontrol kabinet, kran kontrol kabinet, Limit switch, lyd og lys alarm, luftfart stik, hurtig stik, kran luftfart stik, overbelastningsbegr\u00e6nser","publisher":{"@id":"https:\/\/www.hnhlcrane.com\/#organization"},"potentialAction":[{"@type":"SearchAction","target":{"@type":"EntryPoint","urlTemplate":"https:\/\/www.hnhlcrane.com\/?s={search_term_string}"},"query-input":{"@type":"PropertyValueSpecification","valueRequired":true,"valueName":"search_term_string"}}],"inLanguage":"da-DK"},{"@type":"Organization","@id":"https:\/\/www.hnhlcrane.com\/#organization","name":"Leverand\u00f8r af krandele - HL Crame","url":"https:\/\/www.hnhlcrane.com\/","logo":{"@type":"ImageObject","inLanguage":"da-DK","@id":"https:\/\/www.hnhlcrane.com\/#\/schema\/logo\/image\/","url":"https:\/\/www.hnhlcrane.com\/wp-content\/uploads\/2024\/09\/logo6-1-e1733899395598.png","contentUrl":"https:\/\/www.hnhlcrane.com\/wp-content\/uploads\/2024\/09\/logo6-1-e1733899395598.png","width":1000,"height":282,"caption":"Crane Parts Supplier-HL Crame"},"image":{"@id":"https:\/\/www.hnhlcrane.com\/#\/schema\/logo\/image\/"}}]}},"_links":{"self":[{"href":"https:\/\/www.hnhlcrane.com\/da\/wp-json\/wp\/v2\/product\/5790","targetHints":{"allow":["GET"]}}],"collection":[{"href":"https:\/\/www.hnhlcrane.com\/da\/wp-json\/wp\/v2\/product"}],"about":[{"href":"https:\/\/www.hnhlcrane.com\/da\/wp-json\/wp\/v2\/types\/product"}],"version-history":[{"count":1,"href":"https:\/\/www.hnhlcrane.com\/da\/wp-json\/wp\/v2\/product\/5790\/revisions"}],"predecessor-version":[{"id":7496,"href":"https:\/\/www.hnhlcrane.com\/da\/wp-json\/wp\/v2\/product\/5790\/revisions\/7496"}],"wp:featuredmedia":[{"embeddable":true,"href":"https:\/\/www.hnhlcrane.com\/da\/wp-json\/wp\/v2\/media\/5791"}],"wp:attachment":[{"href":"https:\/\/www.hnhlcrane.com\/da\/wp-json\/wp\/v2\/media?parent=5790"}],"wp:term":[{"taxonomy":"product_brand","embeddable":true,"href":"https:\/\/www.hnhlcrane.com\/da\/wp-json\/wp\/v2\/product_brand?post=5790"},{"taxonomy":"product_cat","embeddable":true,"href":"https:\/\/www.hnhlcrane.com\/da\/wp-json\/wp\/v2\/product_cat?post=5790"},{"taxonomy":"product_tag","embeddable":true,"href":"https:\/\/www.hnhlcrane.com\/da\/wp-json\/wp\/v2\/product_tag?post=5790"}],"curies":[{"name":"wp","href":"https:\/\/api.w.org\/{rel}","templated":true}]}}