{"id":5753,"date":"2024-12-05T22:58:36","date_gmt":"2024-12-05T14:58:36","guid":{"rendered":"https:\/\/www.hnhlcrane.com\/?post_type=product&#038;p=5753"},"modified":"2024-12-10T23:30:11","modified_gmt":"2024-12-10T15:30:11","slug":"styring-af-kranpendel","status":"publish","type":"product","link":"https:\/\/www.hnhlcrane.com\/da\/produkt\/styring-af-kranpendel\/","title":{"rendered":"Styring af kranpendel"},"content":{"rendered":"<h6><strong><span style=\"font-family: arial, helvetica, sans-serif; font-size: 18pt;\">Introduktion til pendelstyringer til kraner<\/span><\/strong><\/h6>\n<p>Den <strong>Controller til kranpendel<\/strong> er prim\u00e6rt designet til at styre forskellige kranhandlinger, herunder start, stop og retningsbestemt bev\u00e6gelse. Den er en p\u00e5lidelig l\u00f8sning til kran- og hejseoperationer i b\u00e5de indend\u00f8rs og udend\u00f8rs milj\u00f8er. Nedenfor er der en detaljeret beskrivelse af dens anvendelser, driftsmetoder, sikkerhedsfunktioner og vedligeholdelseskrav.<\/p>\n<h6><strong><span style=\"font-family: arial, helvetica, sans-serif; font-size: 18pt;\">Anvendelsesomr\u00e5de og arbejdsmilj\u00f8<\/span><\/strong><\/h6>\n<p>Crane Pendant Controller er velegnet til styresystemer, der arbejder ved:<\/p>\n<ul>\n<li><strong>AC-str\u00f8m<\/strong>: 50Hz eller 60Hz, sp\u00e6nding op til 380V.<\/li>\n<li><strong>J\u00e6vnstr\u00f8m<\/strong>: Arbejdssp\u00e6nding op til 220V.<\/li>\n<\/ul>\n<p>Controlleren er designet til udend\u00f8rs brug og er modstandsdygtig over for regn, sne og st\u00f8v, hvilket g\u00f8r den ideel til f.eks. kraner og elektriske hejsev\u00e6rker.<\/p>\n<h6><strong><span style=\"font-family: arial, helvetica, sans-serif; font-size: 18pt;\">Betjeningsmetoder og funktioner<\/span><\/strong><\/h6>\n<p>Crane Pendant Controllers betjenes ved hj\u00e6lp af knapper p\u00e5 kontrolh\u00e5ndtaget og har f\u00f8lgende n\u00f8glefunktioner:<\/p>\n<ol>\n<li><strong>N\u00f8dstopkontakt<\/strong>:<br \/>\nDen er udstyret med en n\u00f8dstopkontakt med svampehoved, der kan drejes tilbage, s\u00e5 motoren hurtigt kan slukkes i n\u00f8dsituationer.<\/li>\n<li><strong>Retningsbestemt kontrol<\/strong>:<br \/>\nKnapperne har internationale pilesymboler, og modsatrettede retningsknapper er mekanisk l\u00e5st for at forhindre samtidig betjening.<\/li>\n<li><strong>Kabeloph\u00e6ng<\/strong>:<br \/>\nH\u00e5ndtaget er oph\u00e6ngt med bl\u00f8de, tynde st\u00e5ltr\u00e5de under elboksen for at forhindre kabelbelastning og potentiel beskadigelse af kernen.<\/li>\n<\/ol>\n<h6><strong><span style=\"font-family: arial, helvetica, sans-serif; font-size: 18pt;\">Sikkerhedsfunktioner og beskyttelse<\/span><\/strong><\/h6>\n<ol>\n<li><strong>Vandt\u00e6t og holdbar<\/strong>:<br \/>\nControlleren er designet til at modst\u00e5 barske milj\u00f8er, hvilket sikrer en ensartet ydelse.<\/li>\n<li><strong>Lav kontrolsp\u00e6nding<\/strong>:<br \/>\nKnapstyringssp\u00e6ndingen er begr\u00e6nset til 36 V, hvilket garanterer operat\u00f8rens sikkerhed under brug.<\/li>\n<li><strong>H\u00f8j beskyttelsesgrad<\/strong>:<br \/>\nMed et beskyttelsesniveau p\u00e5 <strong>IP65<\/strong>er controlleren modstandsdygtig over for vand og st\u00f8v, s\u00e5 den kan fungere under ekstreme forhold.<\/li>\n<li><strong>Isolering og modstand<\/strong>:<br \/>\nIsolering af h\u00f8j kvalitet sikrer sikkerhed og driftssikkerhed, selv i fugtige eller ugunstige omgivelser.<\/li>\n<\/ol>\n<h6><strong><span style=\"font-family: arial, helvetica, sans-serif; font-size: 18pt;\">Vedligeholdelse og pleje<\/span><\/strong><\/h6>\n<p>F\u00f8lg disse vedligeholdelsestips for at sikre stabilitet og funktionalitet p\u00e5 lang sigt:<\/p>\n<ol>\n<li><strong>Kontrol af knap og n\u00f8dstop<\/strong>:<br \/>\nEfterse j\u00e6vnligt knapper og n\u00f8dstopkontakten for at bekr\u00e6fte, at de fungerer korrekt og kan nulstilles hurtigt.<\/li>\n<li><strong>Symbolets synlighed<\/strong>:<br \/>\nS\u00f8rg for, at knapm\u00e6rkerne er tydelige og synlige, s\u00e5 betjeningen bliver intuitiv.<\/li>\n<li><strong>Suspensionssystemets integritet<\/strong>:<br \/>\nTjek h\u00e5ndtagets oph\u00e6ngningssystem for at sikre, at det er forsvarligt fastgjort, s\u00e5 du undg\u00e5r for stor belastning af kablet eller potentiel skade.<\/li>\n<li><strong>Milj\u00f8beskyttelse<\/strong>:<br \/>\nOpbevar og brug controlleren under forhold, der minimerer langvarig uds\u00e6ttelse for ekstreme elementer.<\/li>\n<\/ol>","protected":false},"excerpt":{"rendered":"<h6><strong><span style=\"font-family: arial, helvetica, sans-serif; font-size: 14pt;\">Specifikationer for Crane Pendant Controllers<\/span><\/strong><\/h6>\n<ul>\n<li><strong>Antal knapper<\/strong>: 2, 4 eller 6 knapper.<\/li>\n<li><strong>Beskyttelsesniveau<\/strong>: IP65.<\/li>\n<li><strong>Kontrolsp\u00e6nding<\/strong>: 36V.<\/li>\n<li><strong>Driftstemperaturomr\u00e5de<\/strong>: -40\u00b0C til +85\u00b0C.<\/li>\n<\/ul>","protected":false},"featured_media":5754,"template":"","meta":{"_kad_post_transparent":"default","_kad_post_title":"","_kad_post_layout":"default","_kad_post_sidebar_id":"","_kad_post_content_style":"default","_kad_post_vertical_padding":"show","_kad_post_feature":"","_kad_post_feature_position":"","_kad_post_header":false,"_kad_post_footer":false},"product_brand":[],"product_cat":[65],"product_tag":[293,294,284,295],"class_list":{"0":"post-5753","1":"product","2":"type-product","3":"status-publish","4":"has-post-thumbnail","6":"product_cat-crane-electrical-parts","7":"product_tag-crane-control-handle","8":"product_tag-crane-controls","9":"product_tag-crane-electrical-parts","10":"product_tag-crane-pendant-controller","12":"first","13":"instock","14":"shipping-taxable","15":"product-type-simple","16":"entry","17":"content-bg","18":"loop-entry"},"yoast_head":"<!-- This site is optimized with the Yoast SEO plugin v25.6 - https:\/\/yoast.com\/wordpress\/plugins\/seo\/ -->\n<title>Crane pendant controller -Crane control handle-Crane Controls<\/title>\n<meta name=\"description\" content=\"Crane control handle,Crane Controls,Crane pendant controller,Pendant controller manufacturer,Crane pendant controller Supplier,Crane Electrical Parts\" \/>\n<meta name=\"robots\" content=\"index, follow, max-snippet:-1, max-image-preview:large, max-video-preview:-1\" \/>\n<link rel=\"canonical\" href=\"https:\/\/www.hnhlcrane.com\/da\/produkt\/styring-af-kranpendel\/\" \/>\n<meta property=\"og:locale\" content=\"da_DK\" \/>\n<meta property=\"og:type\" content=\"article\" \/>\n<meta property=\"og:title\" content=\"Crane pendant controller -Crane control handle-Crane Controls\" \/>\n<meta property=\"og:description\" content=\"Crane control handle,Crane Controls,Crane pendant controller,Pendant controller manufacturer,Crane pendant controller Supplier,Crane Electrical Parts\" \/>\n<meta property=\"og:url\" content=\"https:\/\/www.hnhlcrane.com\/da\/produkt\/styring-af-kranpendel\/\" \/>\n<meta property=\"og:site_name\" content=\"Crane Parts Supplier-HL Crame\" \/>\n<meta property=\"article:modified_time\" content=\"2024-12-10T15:30:11+00:00\" \/>\n<meta property=\"og:image\" content=\"https:\/\/www.hnhlcrane.com\/wp-content\/uploads\/2024\/12\/Crane-Pendant-Controllers-1.jpg\" \/>\n\t<meta property=\"og:image:width\" content=\"600\" \/>\n\t<meta property=\"og:image:height\" content=\"600\" \/>\n\t<meta property=\"og:image:type\" content=\"image\/jpeg\" \/>\n<meta name=\"twitter:card\" content=\"summary_large_image\" \/>\n<meta name=\"twitter:label1\" content=\"Estimeret l\u00e6setid\" \/>\n\t<meta name=\"twitter:data1\" content=\"2 minutter\" \/>\n<script type=\"application\/ld+json\" class=\"yoast-schema-graph\">{\"@context\":\"https:\/\/schema.org\",\"@graph\":[{\"@type\":\"WebPage\",\"@id\":\"https:\/\/www.hnhlcrane.com\/product\/crane-pendant-controller\/\",\"url\":\"https:\/\/www.hnhlcrane.com\/product\/crane-pendant-controller\/\",\"name\":\"Crane pendant controller -Crane control handle-Crane Controls\",\"isPartOf\":{\"@id\":\"https:\/\/www.hnhlcrane.com\/#website\"},\"primaryImageOfPage\":{\"@id\":\"https:\/\/www.hnhlcrane.com\/product\/crane-pendant-controller\/#primaryimage\"},\"image\":{\"@id\":\"https:\/\/www.hnhlcrane.com\/product\/crane-pendant-controller\/#primaryimage\"},\"thumbnailUrl\":\"https:\/\/www.hnhlcrane.com\/wp-content\/uploads\/2024\/12\/Crane-Pendant-Controllers-1.jpg\",\"datePublished\":\"2024-12-05T14:58:36+00:00\",\"dateModified\":\"2024-12-10T15:30:11+00:00\",\"description\":\"Crane control handle,Crane Controls,Crane pendant controller,Pendant controller manufacturer,Crane pendant controller Supplier,Crane Electrical Parts\",\"breadcrumb\":{\"@id\":\"https:\/\/www.hnhlcrane.com\/product\/crane-pendant-controller\/#breadcrumb\"},\"inLanguage\":\"da-DK\",\"potentialAction\":[{\"@type\":\"ReadAction\",\"target\":[\"https:\/\/www.hnhlcrane.com\/product\/crane-pendant-controller\/\"]}]},{\"@type\":\"ImageObject\",\"inLanguage\":\"da-DK\",\"@id\":\"https:\/\/www.hnhlcrane.com\/product\/crane-pendant-controller\/#primaryimage\",\"url\":\"https:\/\/www.hnhlcrane.com\/wp-content\/uploads\/2024\/12\/Crane-Pendant-Controllers-1.jpg\",\"contentUrl\":\"https:\/\/www.hnhlcrane.com\/wp-content\/uploads\/2024\/12\/Crane-Pendant-Controllers-1.jpg\",\"width\":600,\"height\":600},{\"@type\":\"BreadcrumbList\",\"@id\":\"https:\/\/www.hnhlcrane.com\/product\/crane-pendant-controller\/#breadcrumb\",\"itemListElement\":[{\"@type\":\"ListItem\",\"position\":1,\"name\":\"home\",\"item\":\"https:\/\/www.hnhlcrane.com\/\"},{\"@type\":\"ListItem\",\"position\":2,\"name\":\"products\",\"item\":\"https:\/\/www.hnhlcrane.com\/products\/\"},{\"@type\":\"ListItem\",\"position\":3,\"name\":\"Crane pendant controller\"}]},{\"@type\":\"WebSite\",\"@id\":\"https:\/\/www.hnhlcrane.com\/#website\",\"url\":\"https:\/\/www.hnhlcrane.com\/\",\"name\":\"Crane Parts Supplier-HL Crame\",\"description\":\"One-stop solution for all your  crane parts needs,Crane Hook,Crane Drum,Crane Wheel,Crane Coupling,Crane Gearbox,Crane Motor,Crane Brake,Special Crane Spreader,Crane grab,Container spreader,Billet crane clamps,Crane C-type spreader,Lifting Electromagnet,Crane Rail Clips,Electric Hoist,FEM Standard Crane End Carriages,Light Crane Parts,Workstation Crane Parts,Crane Electrical Parts,I-beam cable trolley,Crane remote controller,Crane electrical control cabinet,Crane limit switch,Crane sound and light alarm,Heavy Duty Aviation Connector,Crane overload limiter,China Crane Parts Supplier,Crane hooks,Gantry crane hook,Crane accessories,Forged hook,hook processing,Hook manufacturer,China standard crane hook,electric hoist hook,Crane pulley,Hook pulley,Rolled pulley,Crane Pulley Supplier\uff0cEuropean hook pulley,Gantry crane hook pulley,WZL type crane drum,European style reel set,Crane reel,crane parts,Drum processing,crane drum manufacturer,Cast steel drum,Electric hoist drum,Crane drum assembly,DRS Wheel Blocks,European crane wheel,Forged wheels,Active wheel set,Driving wheel set,Driven wheel group,crane wheels manufacturer,Demag crane wheels,Konecranes Crane Wheels,Overhead crane Wheel,Shaft couplings,Power Transmission Couplings,Disc Couplings,Fluid couplings,Coupling manufacturer\uff0cCardan coupling,Crane Reducer,Crane Decelerators,Reducer gearbox,Reducer for crane,Gear Reducer For Crane,Hard tooth surface reducerCrane and hoist reducer,Flender reducer,Reducer manufacturer,ZQ reducer,QJ reducer,QJY reducer,Gear Motors,Konecranes reducer,F series three-in-one reducer,K series three-in-one reducer,travelling machinery,Travelling Motor With Gear,Gear Motor for Crane Traveling,Travelling machinery Frequency inverter motors,FEM standard Gear Motors,Crane motors,Inverter motors,Hoist motors,motorCrane duty motors,Special motor for crane,YZR YZP YZ series motors,Crane and hoist motor,Frequency conversion motor,Electro hydraulic drum brakes,Electro-hydraulic disc brakes,Brake,Overhead Crane Brakes,Disc brakes,Electromagnetic disk brake,Crane hydraulic disc brake,Brakes manufacturer,crane Safety brakes,Singlr rope grab,Four rope grab,Electro-hydraulic multi-flap grab,Orange peel grab,Electric motor grab,Electro-Hydraulicclamshell grab,grab manufacturers,Container spreader manufacturers,20ft Container Spreader,Semi Automatic container spreader,40ft Container Lifting Frame,TEC container Spreader,Billet lifting clamp,Billet Clamps,Billet crane clamps manufacturer,billet lifting clamps china supplier,Coil C-Type Hook,coil hook,Overhead Crane Steel Coil C-Type Hook,Crane C-hook,C-type spreader,C-type hook,Crane magnets,Rail fixing device,Crane Rail fixing device,crane Rail Clamp,CD\/MD Wire Rope Electric Hoist,Wire Rope Electric Hoist China Manufacturer,Single Girder Wire Rope Electric Hoist,Double Girder Wire Rope Electric Hoist,Chain Hoist,Electric chain hoist manufacturer,Electric chain hoist China distributor,European wire rope electric hoist\uff0cEuropean double beam wire rope electric hoist,European Style Single Beam Crane End Carriage,FEN\/DIN European Style Single Beam Crane End Carriage,Crane end beam manufacturers,European style hoist double beam crane end beam,Suspension crane end beam,European style suspended single beam crane end beam,FEN\/DIN Suspension crane end beam,crane cable trolley,Wireless remote control,remote controller,Crane control handle,Crane Controls,electrical control cabinet,crane control cabinet,Limit switch,Sound and light alarm,Aviation plug,quick connector,Crane aviation plug,Overload limiter\",\"publisher\":{\"@id\":\"https:\/\/www.hnhlcrane.com\/#organization\"},\"potentialAction\":[{\"@type\":\"SearchAction\",\"target\":{\"@type\":\"EntryPoint\",\"urlTemplate\":\"https:\/\/www.hnhlcrane.com\/?s={search_term_string}\"},\"query-input\":{\"@type\":\"PropertyValueSpecification\",\"valueRequired\":true,\"valueName\":\"search_term_string\"}}],\"inLanguage\":\"da-DK\"},{\"@type\":\"Organization\",\"@id\":\"https:\/\/www.hnhlcrane.com\/#organization\",\"name\":\"Crane Parts Supplier-HL Crame\",\"url\":\"https:\/\/www.hnhlcrane.com\/\",\"logo\":{\"@type\":\"ImageObject\",\"inLanguage\":\"da-DK\",\"@id\":\"https:\/\/www.hnhlcrane.com\/#\/schema\/logo\/image\/\",\"url\":\"https:\/\/www.hnhlcrane.com\/wp-content\/uploads\/2024\/09\/logo6-1-e1733899395598.png\",\"contentUrl\":\"https:\/\/www.hnhlcrane.com\/wp-content\/uploads\/2024\/09\/logo6-1-e1733899395598.png\",\"width\":1000,\"height\":282,\"caption\":\"Crane Parts Supplier-HL Crame\"},\"image\":{\"@id\":\"https:\/\/www.hnhlcrane.com\/#\/schema\/logo\/image\/\"}}]}<\/script>\n<!-- \/ Yoast SEO plugin. -->","yoast_head_json":{"title":"H\u00e6ngende kranstyring -Kranstyringsh\u00e5ndtag-Kranstyring","description":"Kranstyringsh\u00e5ndtag,Kranstyringer,Kran vedh\u00e6ng controller,Vedh\u00e6ng controller producent,Kran vedh\u00e6ng controller leverand\u00f8r,Kran elektriske dele","robots":{"index":"index","follow":"follow","max-snippet":"max-snippet:-1","max-image-preview":"max-image-preview:large","max-video-preview":"max-video-preview:-1"},"canonical":"https:\/\/www.hnhlcrane.com\/da\/produkt\/styring-af-kranpendel\/","og_locale":"da_DK","og_type":"article","og_title":"Crane pendant controller -Crane control handle-Crane Controls","og_description":"Crane control handle,Crane Controls,Crane pendant controller,Pendant controller manufacturer,Crane pendant controller Supplier,Crane Electrical Parts","og_url":"https:\/\/www.hnhlcrane.com\/da\/produkt\/styring-af-kranpendel\/","og_site_name":"Crane Parts Supplier-HL Crame","article_modified_time":"2024-12-10T15:30:11+00:00","og_image":[{"width":600,"height":600,"url":"https:\/\/www.hnhlcrane.com\/wp-content\/uploads\/2024\/12\/Crane-Pendant-Controllers-1.jpg","type":"image\/jpeg"}],"twitter_card":"summary_large_image","twitter_misc":{"Estimeret l\u00e6setid":"2 minutter"},"schema":{"@context":"https:\/\/schema.org","@graph":[{"@type":"WebPage","@id":"https:\/\/www.hnhlcrane.com\/product\/crane-pendant-controller\/","url":"https:\/\/www.hnhlcrane.com\/product\/crane-pendant-controller\/","name":"H\u00e6ngende kranstyring -Kranstyringsh\u00e5ndtag-Kranstyring","isPartOf":{"@id":"https:\/\/www.hnhlcrane.com\/#website"},"primaryImageOfPage":{"@id":"https:\/\/www.hnhlcrane.com\/product\/crane-pendant-controller\/#primaryimage"},"image":{"@id":"https:\/\/www.hnhlcrane.com\/product\/crane-pendant-controller\/#primaryimage"},"thumbnailUrl":"https:\/\/www.hnhlcrane.com\/wp-content\/uploads\/2024\/12\/Crane-Pendant-Controllers-1.jpg","datePublished":"2024-12-05T14:58:36+00:00","dateModified":"2024-12-10T15:30:11+00:00","description":"Kranstyringsh\u00e5ndtag,Kranstyringer,Kran vedh\u00e6ng controller,Vedh\u00e6ng controller producent,Kran vedh\u00e6ng controller leverand\u00f8r,Kran elektriske dele","breadcrumb":{"@id":"https:\/\/www.hnhlcrane.com\/product\/crane-pendant-controller\/#breadcrumb"},"inLanguage":"da-DK","potentialAction":[{"@type":"ReadAction","target":["https:\/\/www.hnhlcrane.com\/product\/crane-pendant-controller\/"]}]},{"@type":"ImageObject","inLanguage":"da-DK","@id":"https:\/\/www.hnhlcrane.com\/product\/crane-pendant-controller\/#primaryimage","url":"https:\/\/www.hnhlcrane.com\/wp-content\/uploads\/2024\/12\/Crane-Pendant-Controllers-1.jpg","contentUrl":"https:\/\/www.hnhlcrane.com\/wp-content\/uploads\/2024\/12\/Crane-Pendant-Controllers-1.jpg","width":600,"height":600},{"@type":"BreadcrumbList","@id":"https:\/\/www.hnhlcrane.com\/product\/crane-pendant-controller\/#breadcrumb","itemListElement":[{"@type":"ListItem","position":1,"name":"home","item":"https:\/\/www.hnhlcrane.com\/"},{"@type":"ListItem","position":2,"name":"products","item":"https:\/\/www.hnhlcrane.com\/products\/"},{"@type":"ListItem","position":3,"name":"Crane pendant controller"}]},{"@type":"WebSite","@id":"https:\/\/www.hnhlcrane.com\/#website","url":"https:\/\/www.hnhlcrane.com\/","name":"Leverand\u00f8r af krandele - HL Crame","description":"One-stop-l\u00f8sning til alle dine behov for krandele, krankrog, krantromle, kranhjul, krankobling, krangearkasse, kranmotor, kranbremse, speciel kranspreder, krangreb, containerspreder, billetkranklemmer, kran C-type spreder,L\u00f8fteelektromagnet, kranskinneklemmer, elektrisk talje, FEM standard kranendevogne, lette krandele, arbejdsstationskandele, kranelektriske dele, I-bj\u00e6lkekabelvogn, kranfjernbetjening, kranens elektriske kontrolskab,Kranbegr\u00e6nsningskontakt, Kran lyd- og lysalarm, Heavy Duty Aviation Connector, Kran overbelastningsbegr\u00e6nser, Kina krandele leverand\u00f8r, Kran kroge, Gantry kran krog, Kran tilbeh\u00f8r, Smedet krog, krogbehandling, Krogproducent, Kina standard kran krog, elektrisk hejse krog, Kran remskive, Krog remskive, Valset remskive, Kran remskive leverand\u00f8r, Europ\u00e6isk krog remskive, Gantry kran krog remskive, WZL type krantromle, Europ\u00e6isk stil rulles\u00e6t, Kranrulle,krandele,Tromlebehandling,krantromleproducent,St\u00f8bt st\u00e5ltromle,Elektrisk hejsetromle,Krantromlemontering,DRS-hjulblokke,Europ\u00e6isk kranhjul,Smedede hjul,Aktivt hjuls\u00e6t,K\u00f8rehjuls\u00e6t,Drevet hjulgruppe,Kranhjulproducent,Demag-kranhjul,Konecranes-kranhjul,Overheadkranhjul,Akselkoblinger,Kraftoverf\u00f8rselskoblinger,Skivekoblinger,V\u00e6skekoblinger,Koblingsproducent,Cardankobling,Kranreduktion,Crane Decelerators, Reducer gearkasse, Reducer til kran, Gear Reducer For Crane, Hard tooth surface reducerCrane and hoist reducer, Flender reducer, Reducer producent, ZQ reducer, QJ reducer, QJY reducer, Gear Motors, Konecranes reducer,F-serie tre-i-en reducer, K-serie tre-i-en reducer, rejsemaskiner, rejsemotor med gear, gearmotor til kranrejser, rejsemaskiner Frekvensomformermotorer, FEM-standard gearmotorer, kranmotorer,Invertermotorer,Hejsemotorer,motorKranmotorer,Specialmotor til kran,YZR YZP YZ-serie motorer,Kran- og hejsemotor,Frekvensomformningsmotor,Elektrohydrauliske tromlebremser,Elektrohydrauliske skivebremser,Bremse,Overheadkranbremser,Skivebremser,Elektromagnetisk skivebremse,Kranhydraulisk skivebremse,Bremseproducent,kran Sikkerhedsbremser,Singlr reb grab,Fire reb grab,Elektrohydraulisk multi-flap grab,Orange peel grab,Elektrisk motorgreb,Electro-Hydraulicclamshell grab, grab producenter, Container spreder producenter, 20ft Container Spreader, Semi Automatic container spreader, 40ft Container Lifting Frame, TEC container Spreader, Billet lifting clamp, Billet Clamps, Billet crane clamps manufacturer, billet lifting clamps china supplier, Coil C-Type Hook, coil hook, Overhead Crane Steel Coil C-Type Hook, Crane C-hook, C-type spreader, C-type hook, Crane magneter, Rail fixing device,Kranskinnefastg\u00f8relsesanordning, kranskinneklemme, CD \/ MD Wire Rope Electric Hoist, Wire Rope Electric Hoist China Manufacturer, Single Girder Wire Rope Electric Hoist, Double Girder Wire Rope Electric Hoist, Chain Hoist, Electric chain hoist manufacturer, Electric chain hoist China distributor, European wire rope electric hoist,European double beam wire rope electric hoist,European Style Single Beam Crane End Carriage,FEN\/DIN European Style Single Beam Crane End Carriage,Kran endebj\u00e6lke producenter, europ\u00e6isk stil hejsev\u00e6rk dobbeltbj\u00e6lke kran endebj\u00e6lke, Suspension kran endebj\u00e6lke, europ\u00e6isk stil oph\u00e6ngt enkelt bj\u00e6lke kran endebj\u00e6lke, FEN \/ DIN Suspension kran endebj\u00e6lke, kran kabelvogn, tr\u00e5dl\u00f8s fjernbetjening, fjernbetjening, kran kontrol h\u00e5ndtag, kran kontrol, elektrisk kontrol kabinet, kran kontrol kabinet, Limit switch, lyd og lys alarm, luftfart stik, hurtig stik, kran luftfart stik, overbelastningsbegr\u00e6nser","publisher":{"@id":"https:\/\/www.hnhlcrane.com\/#organization"},"potentialAction":[{"@type":"SearchAction","target":{"@type":"EntryPoint","urlTemplate":"https:\/\/www.hnhlcrane.com\/?s={search_term_string}"},"query-input":{"@type":"PropertyValueSpecification","valueRequired":true,"valueName":"search_term_string"}}],"inLanguage":"da-DK"},{"@type":"Organization","@id":"https:\/\/www.hnhlcrane.com\/#organization","name":"Leverand\u00f8r af krandele - HL Crame","url":"https:\/\/www.hnhlcrane.com\/","logo":{"@type":"ImageObject","inLanguage":"da-DK","@id":"https:\/\/www.hnhlcrane.com\/#\/schema\/logo\/image\/","url":"https:\/\/www.hnhlcrane.com\/wp-content\/uploads\/2024\/09\/logo6-1-e1733899395598.png","contentUrl":"https:\/\/www.hnhlcrane.com\/wp-content\/uploads\/2024\/09\/logo6-1-e1733899395598.png","width":1000,"height":282,"caption":"Crane Parts Supplier-HL Crame"},"image":{"@id":"https:\/\/www.hnhlcrane.com\/#\/schema\/logo\/image\/"}}]}},"_links":{"self":[{"href":"https:\/\/www.hnhlcrane.com\/da\/wp-json\/wp\/v2\/product\/5753","targetHints":{"allow":["GET"]}}],"collection":[{"href":"https:\/\/www.hnhlcrane.com\/da\/wp-json\/wp\/v2\/product"}],"about":[{"href":"https:\/\/www.hnhlcrane.com\/da\/wp-json\/wp\/v2\/types\/product"}],"version-history":[{"count":0,"href":"https:\/\/www.hnhlcrane.com\/da\/wp-json\/wp\/v2\/product\/5753\/revisions"}],"wp:featuredmedia":[{"embeddable":true,"href":"https:\/\/www.hnhlcrane.com\/da\/wp-json\/wp\/v2\/media\/5754"}],"wp:attachment":[{"href":"https:\/\/www.hnhlcrane.com\/da\/wp-json\/wp\/v2\/media?parent=5753"}],"wp:term":[{"taxonomy":"product_brand","embeddable":true,"href":"https:\/\/www.hnhlcrane.com\/da\/wp-json\/wp\/v2\/product_brand?post=5753"},{"taxonomy":"product_cat","embeddable":true,"href":"https:\/\/www.hnhlcrane.com\/da\/wp-json\/wp\/v2\/product_cat?post=5753"},{"taxonomy":"product_tag","embeddable":true,"href":"https:\/\/www.hnhlcrane.com\/da\/wp-json\/wp\/v2\/product_tag?post=5753"}],"curies":[{"name":"wp","href":"https:\/\/api.w.org\/{rel}","templated":true}]}}