{"id":5590,"date":"2024-12-02T21:15:24","date_gmt":"2024-12-02T13:15:24","guid":{"rendered":"https:\/\/www.hnhlcrane.com\/?post_type=product&#038;p=5590"},"modified":"2025-09-14T23:00:55","modified_gmt":"2025-09-14T15:00:55","slug":"fem-single-girder-wire-electric-hoist","status":"publish","type":"product","link":"https:\/\/www.hnhlcrane.com\/da\/produkt\/fem-single-girder-wire-electric-hoist\/","title":{"rendered":"FEM Single Girder Wire Rope Electric Hoist"},"content":{"rendered":"<div class=\"flex max-w-full flex-col flex-grow\">\n<div class=\"min-h-8 text-message flex w-full flex-col items-end gap-2 whitespace-normal break-words [.text-message+&amp;]:mt-5\" dir=\"auto\" data-message-author-role=\"assistant\" data-message-id=\"ea78a6a9-c395-4bcc-8ce3-affe95563cd7\" data-message-model-slug=\"gpt-4o\">\n<div class=\"flex w-full flex-col gap-1 empty:hidden first:pt-[3px]\">\n<div class=\"markdown prose w-full break-words dark:prose-invert light\">\n<div class=\"flex-shrink-0 flex flex-col relative items-end\">\n<div class=\"pt-0\">\n<div class=\"gizmo-bot-avatar flex h-8 w-8 items-center justify-center overflow-hidden rounded-full\">\n<div class=\"relative p-1 rounded-sm flex items-center justify-center bg-token-main-surface-primary text-token-text-primary h-8 w-8\">\n<h6><strong><span style=\"font-family: arial, helvetica, sans-serif; font-size: 18pt;\">Oversigt over FEM's elektriske talje med enkeltbj\u00e6lke og st\u00e5lwire<\/span><\/strong><\/h6>\n<p>Den <strong>FEM Single Girder Wire <a href=\"https:\/\/www.hnhlcrane.com\/da\/produkter\/elektrisk-hejsevaerk\/\" target=\"_blank\" rel=\"noopener\">Elektrisk talje med reb<\/a><\/strong> er en kompakt og avanceret l\u00f8ftel\u00f8sning, der er kendt for sit innovative design og sine overlegne funktioner.<\/p>\n<h6><strong><span style=\"font-family: arial, helvetica, sans-serif; font-size: 18pt;\">Vigtige fordele<\/span><\/strong><\/h6>\n<ol>\n<li><strong>Kompakt struktur<\/strong>:\n<ul>\n<li>Den europ\u00e6iske talje har et modul\u00e6rt design med fleksible konfigurationsmuligheder, der giver mulighed for \u00f8get l\u00f8fteh\u00f8jde og reducerede sidebegr\u00e6nsninger.<\/li>\n<li>Dette design minimerer blinde vinkler i l\u00f8fteoperationer og giver et mere rummeligt og effektivt arbejdsmilj\u00f8 for operat\u00f8rerne.<\/li>\n<\/ul>\n<\/li>\n<li><strong>H\u00f8j effektivitet og energibesparelse<\/strong>:\n<ul>\n<li>Udstyret med frekvensomformningsteknologi for pr\u00e6cis drift og forbedret samlet effektivitet.<\/li>\n<li>Har mindre krav til motor- og bremseeffekt, hvilket resulterer i lavere energiforbrug.<\/li>\n<\/ul>\n<\/li>\n<li><strong>Vedligeholdelsesfri drift<\/strong>:\n<ul>\n<li>Bygget med komponenter af h\u00f8j kvalitet for at sikre lang fejlfri drift, hvilket reducerer vedligeholdelsesomkostningerne betydeligt.<\/li>\n<\/ul>\n<\/li>\n<li><strong>Lav st\u00f8j<\/strong>:\n<ul>\n<li>Forbedrer den samlede ydeevne og minimerer samtidig st\u00f8j, hvilket giver et mere behageligt arbejdsmilj\u00f8 for operat\u00f8rerne.<\/li>\n<\/ul>\n<\/li>\n<\/ol>\n<h6><strong><span style=\"font-family: arial, helvetica, sans-serif; font-size: 18pt;\">Strukturelle egenskaber<\/span><\/strong><\/h6>\n<ol>\n<li><strong>Flere typer<\/strong>:\n<ul>\n<li>Taljen f\u00e5s i forskellige konfigurationer baseret p\u00e5 den relative placering af motor og tromle eller tandhjul:\n<ul>\n<li>Motorens akse er vinkelret p\u00e5 tromlens eller tandhjulets akse.<\/li>\n<li>Motorens akse er parallel med tromlens eller tandhjulets akse.<\/li>\n<\/ul>\n<\/li>\n<\/ul>\n<\/li>\n<li><strong>Innovativt design<\/strong>:\n<ul>\n<li>Den har et design med lav loftsh\u00f8jde og en unik C-formet struktur, der giver letv\u00e6gtskonstruktion, reduceret h\u00f8jde, minimalt hjultryk og fremragende energieffektivitet.<\/li>\n<\/ul>\n<\/li>\n<\/ol>\n<p>Med sin <strong>kompakt struktur<\/strong>, <strong>h\u00f8j effektivitet<\/strong>, <strong>Vedligeholdelsesfri drift<\/strong>og <strong>Lavt st\u00f8jniveau<\/strong>I dag er FEM's elektriske wiretaljer med en enkelt bj\u00e6lke blevet en vigtig l\u00f8ftel\u00f8sning i moderne industrivirksomheder. Dens <strong>alsidige konfigurationer<\/strong> og <strong>innovative designs<\/strong> g\u00f8r den velegnet til en bred vifte af arbejdsmilj\u00f8er og krav.<\/p>\n<p><img fetchpriority=\"high\" decoding=\"async\" class=\"alignnone wp-image-5596\" src=\"https:\/\/www.hnhlcrane.com\/wp-content\/uploads\/2024\/12\/FEM-Single-Girder-Wire-Rope-Electric-Hoist-K2-246x300.jpg\" alt=\"\" width=\"800\" height=\"976\" srcset=\"https:\/\/www.hnhlcrane.com\/wp-content\/uploads\/2024\/12\/FEM-Single-Girder-Wire-Rope-Electric-Hoist-K2-246x300.jpg 246w, https:\/\/www.hnhlcrane.com\/wp-content\/uploads\/2024\/12\/FEM-Single-Girder-Wire-Rope-Electric-Hoist-K2-839x1024.jpg 839w, https:\/\/www.hnhlcrane.com\/wp-content\/uploads\/2024\/12\/FEM-Single-Girder-Wire-Rope-Electric-Hoist-K2-768x938.jpg 768w, https:\/\/www.hnhlcrane.com\/wp-content\/uploads\/2024\/12\/FEM-Single-Girder-Wire-Rope-Electric-Hoist-K2-600x733.jpg 600w, https:\/\/www.hnhlcrane.com\/wp-content\/uploads\/2024\/12\/FEM-Single-Girder-Wire-Rope-Electric-Hoist-K2.jpg 1000w\" sizes=\"(max-width: 800px) 100vw, 800px\" \/><\/p>\n<p><img decoding=\"async\" class=\"alignnone wp-image-5597\" src=\"https:\/\/www.hnhlcrane.com\/wp-content\/uploads\/2024\/12\/FEM-Single-Girder-Wire-Rope-Electric-Hoist-K3-250x300.jpg\" alt=\"\" width=\"800\" height=\"960\" srcset=\"https:\/\/www.hnhlcrane.com\/wp-content\/uploads\/2024\/12\/FEM-Single-Girder-Wire-Rope-Electric-Hoist-K3-250x300.jpg 250w, https:\/\/www.hnhlcrane.com\/wp-content\/uploads\/2024\/12\/FEM-Single-Girder-Wire-Rope-Electric-Hoist-K3-768x923.jpg 768w, https:\/\/www.hnhlcrane.com\/wp-content\/uploads\/2024\/12\/FEM-Single-Girder-Wire-Rope-Electric-Hoist-K3-600x721.jpg 600w\" sizes=\"(max-width: 800px) 100vw, 800px\" \/><\/p>\n<p><img decoding=\"async\" class=\"alignnone wp-image-5598\" src=\"https:\/\/www.hnhlcrane.com\/wp-content\/uploads\/2024\/12\/FEM-Single-Girder-Wire-Rope-Electric-Hoist-K4-246x300.jpg\" alt=\"\" width=\"800\" height=\"976\" srcset=\"https:\/\/www.hnhlcrane.com\/wp-content\/uploads\/2024\/12\/FEM-Single-Girder-Wire-Rope-Electric-Hoist-K4-246x300.jpg 246w, https:\/\/www.hnhlcrane.com\/wp-content\/uploads\/2024\/12\/FEM-Single-Girder-Wire-Rope-Electric-Hoist-K4-600x731.jpg 600w\" sizes=\"(max-width: 800px) 100vw, 800px\" \/><\/p>\n<\/div>\n<\/div>\n<\/div>\n<\/div>\n<div class=\"group\/conversation-turn relative flex w-full min-w-0 flex-col agent-turn\">\n<div class=\"flex-col gap-1 md:gap-3\">\n<div class=\"flex max-w-full flex-col flex-grow\">\n<div class=\"min-h-8 text-message flex w-full flex-col items-end gap-2 whitespace-normal break-words [.text-message+&amp;]:mt-5\" dir=\"auto\" data-message-author-role=\"assistant\" data-message-id=\"97197388-afaa-4f16-9f19-6ff2b254da27\" data-message-model-slug=\"gpt-4o\">\n<div class=\"flex w-full flex-col gap-1 empty:hidden first:pt-[3px]\">\n<div class=\"markdown prose w-full break-words dark:prose-invert light\"><\/div>\n<\/div>\n<\/div>\n<\/div>\n<\/div>\n<\/div>\n<\/div>\n<\/div>\n<\/div>\n<\/div>\n<div class=\"flex max-w-full flex-col flex-grow\">\n<div class=\"min-h-8 text-message flex w-full flex-col items-end gap-2 whitespace-normal break-words [.text-message+&amp;]:mt-5\" dir=\"auto\" data-message-author-role=\"assistant\" data-message-id=\"ea78a6a9-c395-4bcc-8ce3-affe95563cd7\" data-message-model-slug=\"gpt-4o\">\n<div class=\"flex w-full flex-col gap-1 empty:hidden first:pt-[3px]\">\n<div class=\"markdown prose w-full break-words dark:prose-invert light\">\n<h6><\/h6>\n<\/div>\n<\/div>\n<\/div>\n<\/div>","protected":false},"excerpt":{"rendered":"<h6><strong><span style=\"font-family: arial, helvetica, sans-serif; font-size: 14pt;\">Specifikationer<\/span><\/strong><\/h6>\n<ul>\n<li><strong>Kapacitetsmuligheder<\/strong>: 2t, 3.2t, 5t, 6.3t, 8t, 10t, 12.5t<\/li>\n<li><strong>Toldklassificering<\/strong>: M3, M4, M5, M6<\/li>\n<li><strong>Omr\u00e5de for l\u00f8fteh\u00f8jde<\/strong>: 6m, 9m, 12m, 15m, 18m<\/li>\n<\/ul>","protected":false},"featured_media":5591,"template":"","meta":{"_kad_post_transparent":"default","_kad_post_title":"","_kad_post_layout":"default","_kad_post_sidebar_id":"","_kad_post_content_style":"default","_kad_post_vertical_padding":"show","_kad_post_feature":"","_kad_post_feature_position":"","_kad_post_header":false,"_kad_post_footer":false},"product_brand":[],"product_cat":[60,61],"product_tag":[229,242,241,234,243],"class_list":{"0":"post-5590","1":"product","2":"type-product","3":"status-publish","4":"has-post-thumbnail","6":"product_cat-electric-hoist","7":"product_cat-fem-standard-crane-parts","8":"product_tag-electric-hoist","9":"product_tag-european-wire-rope-electric-hoist","10":"product_tag-fem-single-girder-wire-rope-electric-hoist","11":"product_tag-low-headroom-electric-hoist","12":"product_tag-single-beam-electric-hoist","14":"first","15":"instock","16":"shipping-taxable","17":"product-type-simple","18":"entry","19":"content-bg","20":"loop-entry"},"yoast_head":"<!-- This site is optimized with the Yoast SEO plugin v25.6 - https:\/\/yoast.com\/wordpress\/plugins\/seo\/ -->\n<title>FEM Single Girder Wire Rope Electric Hoist -European wire rope electric hoist<\/title>\n<meta name=\"description\" content=\"High-quality FEM Single Girder Wire Rope Electric Hoist for reliable lifting. Includes European, low headroom, and single beam electric hoists for heavy-duty operations.\" \/>\n<meta name=\"robots\" content=\"index, follow, max-snippet:-1, max-image-preview:large, max-video-preview:-1\" \/>\n<link rel=\"canonical\" href=\"https:\/\/www.hnhlcrane.com\/da\/produkt\/fem-single-girder-wire-electric-hoist\/\" \/>\n<meta property=\"og:locale\" content=\"da_DK\" \/>\n<meta property=\"og:type\" content=\"article\" \/>\n<meta property=\"og:title\" content=\"FEM Single Girder Wire Rope Electric Hoist -European wire rope electric hoist\" \/>\n<meta property=\"og:description\" content=\"High-quality FEM Single Girder Wire Rope Electric Hoist for reliable lifting. Includes European, low headroom, and single beam electric hoists for heavy-duty operations.\" \/>\n<meta property=\"og:url\" content=\"https:\/\/www.hnhlcrane.com\/da\/produkt\/fem-single-girder-wire-electric-hoist\/\" \/>\n<meta property=\"og:site_name\" content=\"Crane Parts Supplier-HL Crame\" \/>\n<meta property=\"article:modified_time\" content=\"2025-09-14T15:00:55+00:00\" \/>\n<meta property=\"og:image\" content=\"https:\/\/www.hnhlcrane.com\/wp-content\/uploads\/2024\/12\/FEM-Single-Girder-Wire-Rope-Electric-Hoist-1.jpg\" \/>\n\t<meta property=\"og:image:width\" content=\"600\" \/>\n\t<meta property=\"og:image:height\" content=\"600\" \/>\n\t<meta property=\"og:image:type\" content=\"image\/jpeg\" \/>\n<meta name=\"twitter:card\" content=\"summary_large_image\" \/>\n<meta name=\"twitter:label1\" content=\"Estimeret l\u00e6setid\" \/>\n\t<meta name=\"twitter:data1\" content=\"2 minutter\" \/>\n<script type=\"application\/ld+json\" class=\"yoast-schema-graph\">{\"@context\":\"https:\/\/schema.org\",\"@graph\":[{\"@type\":\"WebPage\",\"@id\":\"https:\/\/www.hnhlcrane.com\/product\/fem-single-girder-wire-rope-electric-hoist\/\",\"url\":\"https:\/\/www.hnhlcrane.com\/product\/fem-single-girder-wire-rope-electric-hoist\/\",\"name\":\"FEM Single Girder Wire Rope Electric Hoist -European wire rope electric hoist\",\"isPartOf\":{\"@id\":\"https:\/\/www.hnhlcrane.com\/#website\"},\"primaryImageOfPage\":{\"@id\":\"https:\/\/www.hnhlcrane.com\/product\/fem-single-girder-wire-rope-electric-hoist\/#primaryimage\"},\"image\":{\"@id\":\"https:\/\/www.hnhlcrane.com\/product\/fem-single-girder-wire-rope-electric-hoist\/#primaryimage\"},\"thumbnailUrl\":\"https:\/\/www.hnhlcrane.com\/wp-content\/uploads\/2024\/12\/FEM-Single-Girder-Wire-Rope-Electric-Hoist-1.jpg\",\"datePublished\":\"2024-12-02T13:15:24+00:00\",\"dateModified\":\"2025-09-14T15:00:55+00:00\",\"description\":\"High-quality FEM Single Girder Wire Rope Electric Hoist for reliable lifting. Includes European, low headroom, and single beam electric hoists for heavy-duty operations.\",\"breadcrumb\":{\"@id\":\"https:\/\/www.hnhlcrane.com\/product\/fem-single-girder-wire-rope-electric-hoist\/#breadcrumb\"},\"inLanguage\":\"da-DK\",\"potentialAction\":[{\"@type\":\"ReadAction\",\"target\":[\"https:\/\/www.hnhlcrane.com\/product\/fem-single-girder-wire-rope-electric-hoist\/\"]}]},{\"@type\":\"ImageObject\",\"inLanguage\":\"da-DK\",\"@id\":\"https:\/\/www.hnhlcrane.com\/product\/fem-single-girder-wire-rope-electric-hoist\/#primaryimage\",\"url\":\"https:\/\/www.hnhlcrane.com\/wp-content\/uploads\/2024\/12\/FEM-Single-Girder-Wire-Rope-Electric-Hoist-1.jpg\",\"contentUrl\":\"https:\/\/www.hnhlcrane.com\/wp-content\/uploads\/2024\/12\/FEM-Single-Girder-Wire-Rope-Electric-Hoist-1.jpg\",\"width\":600,\"height\":600},{\"@type\":\"BreadcrumbList\",\"@id\":\"https:\/\/www.hnhlcrane.com\/product\/fem-single-girder-wire-rope-electric-hoist\/#breadcrumb\",\"itemListElement\":[{\"@type\":\"ListItem\",\"position\":1,\"name\":\"home\",\"item\":\"https:\/\/www.hnhlcrane.com\/\"},{\"@type\":\"ListItem\",\"position\":2,\"name\":\"products\",\"item\":\"https:\/\/www.hnhlcrane.com\/products\/\"},{\"@type\":\"ListItem\",\"position\":3,\"name\":\"FEM Single Girder Wire Rope Electric Hoist\"}]},{\"@type\":\"WebSite\",\"@id\":\"https:\/\/www.hnhlcrane.com\/#website\",\"url\":\"https:\/\/www.hnhlcrane.com\/\",\"name\":\"Crane Parts Supplier-HL Crame\",\"description\":\"One-stop solution for all your  crane parts needs,Crane Hook,Crane Drum,Crane Wheel,Crane Coupling,Crane Gearbox,Crane Motor,Crane Brake,Special Crane Spreader,Crane grab,Container spreader,Billet crane clamps,Crane C-type spreader,Lifting Electromagnet,Crane Rail Clips,Electric Hoist,FEM Standard Crane End Carriages,Light Crane Parts,Workstation Crane Parts,Crane Electrical Parts,I-beam cable trolley,Crane remote controller,Crane electrical control cabinet,Crane limit switch,Crane sound and light alarm,Heavy Duty Aviation Connector,Crane overload limiter,China Crane Parts Supplier,Crane hooks,Gantry crane hook,Crane accessories,Forged hook,hook processing,Hook manufacturer,China standard crane hook,electric hoist hook,Crane pulley,Hook pulley,Rolled pulley,Crane Pulley Supplier\uff0cEuropean hook pulley,Gantry crane hook pulley,WZL type crane drum,European style reel set,Crane reel,crane parts,Drum processing,crane drum manufacturer,Cast steel drum,Electric hoist drum,Crane drum assembly,DRS Wheel Blocks,European crane wheel,Forged wheels,Active wheel set,Driving wheel set,Driven wheel group,crane wheels manufacturer,Demag crane wheels,Konecranes Crane Wheels,Overhead crane Wheel,Shaft couplings,Power Transmission Couplings,Disc Couplings,Fluid couplings,Coupling manufacturer\uff0cCardan coupling,Crane Reducer,Crane Decelerators,Reducer gearbox,Reducer for crane,Gear Reducer For Crane,Hard tooth surface reducerCrane and hoist reducer,Flender reducer,Reducer manufacturer,ZQ reducer,QJ reducer,QJY reducer,Gear Motors,Konecranes reducer,F series three-in-one reducer,K series three-in-one reducer,travelling machinery,Travelling Motor With Gear,Gear Motor for Crane Traveling,Travelling machinery Frequency inverter motors,FEM standard Gear Motors,Crane motors,Inverter motors,Hoist motors,motorCrane duty motors,Special motor for crane,YZR YZP YZ series motors,Crane and hoist motor,Frequency conversion motor,Electro hydraulic drum brakes,Electro-hydraulic disc brakes,Brake,Overhead Crane Brakes,Disc brakes,Electromagnetic disk brake,Crane hydraulic disc brake,Brakes manufacturer,crane Safety brakes,Singlr rope grab,Four rope grab,Electro-hydraulic multi-flap grab,Orange peel grab,Electric motor grab,Electro-Hydraulicclamshell grab,grab manufacturers,Container spreader manufacturers,20ft Container Spreader,Semi Automatic container spreader,40ft Container Lifting Frame,TEC container Spreader,Billet lifting clamp,Billet Clamps,Billet crane clamps manufacturer,billet lifting clamps china supplier,Coil C-Type Hook,coil hook,Overhead Crane Steel Coil C-Type Hook,Crane C-hook,C-type spreader,C-type hook,Crane magnets,Rail fixing device,Crane Rail fixing device,crane Rail Clamp,CD\/MD Wire Rope Electric Hoist,Wire Rope Electric Hoist China Manufacturer,Single Girder Wire Rope Electric Hoist,Double Girder Wire Rope Electric Hoist,Chain Hoist,Electric chain hoist manufacturer,Electric chain hoist China distributor,European wire rope electric hoist\uff0cEuropean double beam wire rope electric hoist,European Style Single Beam Crane End Carriage,FEN\/DIN European Style Single Beam Crane End Carriage,Crane end beam manufacturers,European style hoist double beam crane end beam,Suspension crane end beam,European style suspended single beam crane end beam,FEN\/DIN Suspension crane end beam,crane cable trolley,Wireless remote control,remote controller,Crane control handle,Crane Controls,electrical control cabinet,crane control cabinet,Limit switch,Sound and light alarm,Aviation plug,quick connector,Crane aviation plug,Overload limiter\",\"publisher\":{\"@id\":\"https:\/\/www.hnhlcrane.com\/#organization\"},\"potentialAction\":[{\"@type\":\"SearchAction\",\"target\":{\"@type\":\"EntryPoint\",\"urlTemplate\":\"https:\/\/www.hnhlcrane.com\/?s={search_term_string}\"},\"query-input\":{\"@type\":\"PropertyValueSpecification\",\"valueRequired\":true,\"valueName\":\"search_term_string\"}}],\"inLanguage\":\"da-DK\"},{\"@type\":\"Organization\",\"@id\":\"https:\/\/www.hnhlcrane.com\/#organization\",\"name\":\"Crane Parts Supplier-HL Crame\",\"url\":\"https:\/\/www.hnhlcrane.com\/\",\"logo\":{\"@type\":\"ImageObject\",\"inLanguage\":\"da-DK\",\"@id\":\"https:\/\/www.hnhlcrane.com\/#\/schema\/logo\/image\/\",\"url\":\"https:\/\/www.hnhlcrane.com\/wp-content\/uploads\/2024\/09\/logo6-1-e1733899395598.png\",\"contentUrl\":\"https:\/\/www.hnhlcrane.com\/wp-content\/uploads\/2024\/09\/logo6-1-e1733899395598.png\",\"width\":1000,\"height\":282,\"caption\":\"Crane Parts Supplier-HL Crame\"},\"image\":{\"@id\":\"https:\/\/www.hnhlcrane.com\/#\/schema\/logo\/image\/\"}}]}<\/script>\n<!-- \/ Yoast SEO plugin. -->","yoast_head_json":{"title":"FEM Single Girder Wire Rope Electric Hoist -European wire rope electric hoist","description":"FEM Single Girder Wire Rope Electric Hoist af h\u00f8j kvalitet til p\u00e5lidelige l\u00f8ft. Inkluderer europ\u00e6iske, lavh\u00f8jde- og enkeltbj\u00e6lke-elektriske taljer til tunge opgaver.","robots":{"index":"index","follow":"follow","max-snippet":"max-snippet:-1","max-image-preview":"max-image-preview:large","max-video-preview":"max-video-preview:-1"},"canonical":"https:\/\/www.hnhlcrane.com\/da\/produkt\/fem-single-girder-wire-electric-hoist\/","og_locale":"da_DK","og_type":"article","og_title":"FEM Single Girder Wire Rope Electric Hoist -European wire rope electric hoist","og_description":"High-quality FEM Single Girder Wire Rope Electric Hoist for reliable lifting. Includes European, low headroom, and single beam electric hoists for heavy-duty operations.","og_url":"https:\/\/www.hnhlcrane.com\/da\/produkt\/fem-single-girder-wire-electric-hoist\/","og_site_name":"Crane Parts Supplier-HL Crame","article_modified_time":"2025-09-14T15:00:55+00:00","og_image":[{"width":600,"height":600,"url":"https:\/\/www.hnhlcrane.com\/wp-content\/uploads\/2024\/12\/FEM-Single-Girder-Wire-Rope-Electric-Hoist-1.jpg","type":"image\/jpeg"}],"twitter_card":"summary_large_image","twitter_misc":{"Estimeret l\u00e6setid":"2 minutter"},"schema":{"@context":"https:\/\/schema.org","@graph":[{"@type":"WebPage","@id":"https:\/\/www.hnhlcrane.com\/product\/fem-single-girder-wire-rope-electric-hoist\/","url":"https:\/\/www.hnhlcrane.com\/product\/fem-single-girder-wire-rope-electric-hoist\/","name":"FEM Single Girder Wire Rope Electric Hoist -European wire rope electric hoist","isPartOf":{"@id":"https:\/\/www.hnhlcrane.com\/#website"},"primaryImageOfPage":{"@id":"https:\/\/www.hnhlcrane.com\/product\/fem-single-girder-wire-rope-electric-hoist\/#primaryimage"},"image":{"@id":"https:\/\/www.hnhlcrane.com\/product\/fem-single-girder-wire-rope-electric-hoist\/#primaryimage"},"thumbnailUrl":"https:\/\/www.hnhlcrane.com\/wp-content\/uploads\/2024\/12\/FEM-Single-Girder-Wire-Rope-Electric-Hoist-1.jpg","datePublished":"2024-12-02T13:15:24+00:00","dateModified":"2025-09-14T15:00:55+00:00","description":"FEM Single Girder Wire Rope Electric Hoist af h\u00f8j kvalitet til p\u00e5lidelige l\u00f8ft. Inkluderer europ\u00e6iske, lavh\u00f8jde- og enkeltbj\u00e6lke-elektriske taljer til tunge opgaver.","breadcrumb":{"@id":"https:\/\/www.hnhlcrane.com\/product\/fem-single-girder-wire-rope-electric-hoist\/#breadcrumb"},"inLanguage":"da-DK","potentialAction":[{"@type":"ReadAction","target":["https:\/\/www.hnhlcrane.com\/product\/fem-single-girder-wire-rope-electric-hoist\/"]}]},{"@type":"ImageObject","inLanguage":"da-DK","@id":"https:\/\/www.hnhlcrane.com\/product\/fem-single-girder-wire-rope-electric-hoist\/#primaryimage","url":"https:\/\/www.hnhlcrane.com\/wp-content\/uploads\/2024\/12\/FEM-Single-Girder-Wire-Rope-Electric-Hoist-1.jpg","contentUrl":"https:\/\/www.hnhlcrane.com\/wp-content\/uploads\/2024\/12\/FEM-Single-Girder-Wire-Rope-Electric-Hoist-1.jpg","width":600,"height":600},{"@type":"BreadcrumbList","@id":"https:\/\/www.hnhlcrane.com\/product\/fem-single-girder-wire-rope-electric-hoist\/#breadcrumb","itemListElement":[{"@type":"ListItem","position":1,"name":"home","item":"https:\/\/www.hnhlcrane.com\/"},{"@type":"ListItem","position":2,"name":"products","item":"https:\/\/www.hnhlcrane.com\/products\/"},{"@type":"ListItem","position":3,"name":"FEM Single Girder Wire Rope Electric Hoist"}]},{"@type":"WebSite","@id":"https:\/\/www.hnhlcrane.com\/#website","url":"https:\/\/www.hnhlcrane.com\/","name":"Leverand\u00f8r af krandele - HL Crame","description":"One-stop-l\u00f8sning til alle dine behov for krandele, krankrog, krantromle, kranhjul, krankobling, krangearkasse, kranmotor, kranbremse, speciel kranspreder, krangreb, containerspreder, billetkranklemmer, kran C-type spreder,L\u00f8fteelektromagnet, kranskinneklemmer, elektrisk talje, FEM standard kranendevogne, lette krandele, arbejdsstationskandele, kranelektriske dele, I-bj\u00e6lkekabelvogn, kranfjernbetjening, kranens elektriske kontrolskab,Kranbegr\u00e6nsningskontakt, Kran lyd- og lysalarm, Heavy Duty Aviation Connector, Kran overbelastningsbegr\u00e6nser, Kina krandele leverand\u00f8r, Kran kroge, Gantry kran krog, Kran tilbeh\u00f8r, Smedet krog, krogbehandling, Krogproducent, Kina standard kran krog, elektrisk hejse krog, Kran remskive, Krog remskive, Valset remskive, Kran remskive leverand\u00f8r, Europ\u00e6isk krog remskive, Gantry kran krog remskive, WZL type krantromle, Europ\u00e6isk stil rulles\u00e6t, Kranrulle,krandele,Tromlebehandling,krantromleproducent,St\u00f8bt st\u00e5ltromle,Elektrisk hejsetromle,Krantromlemontering,DRS-hjulblokke,Europ\u00e6isk kranhjul,Smedede hjul,Aktivt hjuls\u00e6t,K\u00f8rehjuls\u00e6t,Drevet hjulgruppe,Kranhjulproducent,Demag-kranhjul,Konecranes-kranhjul,Overheadkranhjul,Akselkoblinger,Kraftoverf\u00f8rselskoblinger,Skivekoblinger,V\u00e6skekoblinger,Koblingsproducent,Cardankobling,Kranreduktion,Crane Decelerators, Reducer gearkasse, Reducer til kran, Gear Reducer For Crane, Hard tooth surface reducerCrane and hoist reducer, Flender reducer, Reducer producent, ZQ reducer, QJ reducer, QJY reducer, Gear Motors, Konecranes reducer,F-serie tre-i-en reducer, K-serie tre-i-en reducer, rejsemaskiner, rejsemotor med gear, gearmotor til kranrejser, rejsemaskiner Frekvensomformermotorer, FEM-standard gearmotorer, kranmotorer,Invertermotorer,Hejsemotorer,motorKranmotorer,Specialmotor til kran,YZR YZP YZ-serie motorer,Kran- og hejsemotor,Frekvensomformningsmotor,Elektrohydrauliske tromlebremser,Elektrohydrauliske skivebremser,Bremse,Overheadkranbremser,Skivebremser,Elektromagnetisk skivebremse,Kranhydraulisk skivebremse,Bremseproducent,kran Sikkerhedsbremser,Singlr reb grab,Fire reb grab,Elektrohydraulisk multi-flap grab,Orange peel grab,Elektrisk motorgreb,Electro-Hydraulicclamshell grab, grab producenter, Container spreder producenter, 20ft Container Spreader, Semi Automatic container spreader, 40ft Container Lifting Frame, TEC container Spreader, Billet lifting clamp, Billet Clamps, Billet crane clamps manufacturer, billet lifting clamps china supplier, Coil C-Type Hook, coil hook, Overhead Crane Steel Coil C-Type Hook, Crane C-hook, C-type spreader, C-type hook, Crane magneter, Rail fixing device,Kranskinnefastg\u00f8relsesanordning, kranskinneklemme, CD \/ MD Wire Rope Electric Hoist, Wire Rope Electric Hoist China Manufacturer, Single Girder Wire Rope Electric Hoist, Double Girder Wire Rope Electric Hoist, Chain Hoist, Electric chain hoist manufacturer, Electric chain hoist China distributor, European wire rope electric hoist,European double beam wire rope electric hoist,European Style Single Beam Crane End Carriage,FEN\/DIN European Style Single Beam Crane End Carriage,Kran endebj\u00e6lke producenter, europ\u00e6isk stil hejsev\u00e6rk dobbeltbj\u00e6lke kran endebj\u00e6lke, Suspension kran endebj\u00e6lke, europ\u00e6isk stil oph\u00e6ngt enkelt bj\u00e6lke kran endebj\u00e6lke, FEN \/ DIN Suspension kran endebj\u00e6lke, kran kabelvogn, tr\u00e5dl\u00f8s fjernbetjening, fjernbetjening, kran kontrol h\u00e5ndtag, kran kontrol, elektrisk kontrol kabinet, kran kontrol kabinet, Limit switch, lyd og lys alarm, luftfart stik, hurtig stik, kran luftfart stik, overbelastningsbegr\u00e6nser","publisher":{"@id":"https:\/\/www.hnhlcrane.com\/#organization"},"potentialAction":[{"@type":"SearchAction","target":{"@type":"EntryPoint","urlTemplate":"https:\/\/www.hnhlcrane.com\/?s={search_term_string}"},"query-input":{"@type":"PropertyValueSpecification","valueRequired":true,"valueName":"search_term_string"}}],"inLanguage":"da-DK"},{"@type":"Organization","@id":"https:\/\/www.hnhlcrane.com\/#organization","name":"Leverand\u00f8r af krandele - HL Crame","url":"https:\/\/www.hnhlcrane.com\/","logo":{"@type":"ImageObject","inLanguage":"da-DK","@id":"https:\/\/www.hnhlcrane.com\/#\/schema\/logo\/image\/","url":"https:\/\/www.hnhlcrane.com\/wp-content\/uploads\/2024\/09\/logo6-1-e1733899395598.png","contentUrl":"https:\/\/www.hnhlcrane.com\/wp-content\/uploads\/2024\/09\/logo6-1-e1733899395598.png","width":1000,"height":282,"caption":"Crane Parts Supplier-HL Crame"},"image":{"@id":"https:\/\/www.hnhlcrane.com\/#\/schema\/logo\/image\/"}}]}},"_links":{"self":[{"href":"https:\/\/www.hnhlcrane.com\/da\/wp-json\/wp\/v2\/product\/5590","targetHints":{"allow":["GET"]}}],"collection":[{"href":"https:\/\/www.hnhlcrane.com\/da\/wp-json\/wp\/v2\/product"}],"about":[{"href":"https:\/\/www.hnhlcrane.com\/da\/wp-json\/wp\/v2\/types\/product"}],"version-history":[{"count":2,"href":"https:\/\/www.hnhlcrane.com\/da\/wp-json\/wp\/v2\/product\/5590\/revisions"}],"predecessor-version":[{"id":6974,"href":"https:\/\/www.hnhlcrane.com\/da\/wp-json\/wp\/v2\/product\/5590\/revisions\/6974"}],"wp:featuredmedia":[{"embeddable":true,"href":"https:\/\/www.hnhlcrane.com\/da\/wp-json\/wp\/v2\/media\/5591"}],"wp:attachment":[{"href":"https:\/\/www.hnhlcrane.com\/da\/wp-json\/wp\/v2\/media?parent=5590"}],"wp:term":[{"taxonomy":"product_brand","embeddable":true,"href":"https:\/\/www.hnhlcrane.com\/da\/wp-json\/wp\/v2\/product_brand?post=5590"},{"taxonomy":"product_cat","embeddable":true,"href":"https:\/\/www.hnhlcrane.com\/da\/wp-json\/wp\/v2\/product_cat?post=5590"},{"taxonomy":"product_tag","embeddable":true,"href":"https:\/\/www.hnhlcrane.com\/da\/wp-json\/wp\/v2\/product_tag?post=5590"}],"curies":[{"name":"wp","href":"https:\/\/api.w.org\/{rel}","templated":true}]}}