{"id":5528,"date":"2024-11-29T22:04:09","date_gmt":"2024-11-29T14:04:09","guid":{"rendered":"https:\/\/www.hnhlcrane.com\/?post_type=product&#038;p=5528"},"modified":"2025-09-14T22:52:34","modified_gmt":"2025-09-14T14:52:34","slug":"cgek-skinneclips","status":"publish","type":"product","link":"https:\/\/www.hnhlcrane.com\/da\/produkt\/cgek-skinneclips\/","title":{"rendered":"CGEK-skinneklip"},"content":{"rendered":"<h6><span style=\"font-family: arial, helvetica, sans-serif; font-size: 18pt;\"><strong>Egenskaber ved CGEK Rail Clips<\/strong><\/span><\/h6>\n<ol>\n<li><strong>Lateral justering<\/strong><br \/>\nCGEK Rail Clips giver mulighed for sidev\u00e6rts justering, hvilket optimerer betingelserne for pr\u00e6cis montering og justering af skinner.<\/li>\n<li><strong>P\u00e5lidelighed i forhold til at modst\u00e5 laterale kr\u00e6fter<\/strong><br \/>\nClipsenes faste komponenter modst\u00e5r p\u00e5lideligt de sidev\u00e6rts kr\u00e6fter, der genereres under kranens drift, og sikrer stabilitet.<\/li>\n<li><strong>Kompakt design<\/strong><br \/>\nMed en smal og flad struktur giver disse clips optimale installationsm\u00e5l og er velegnede til kraner med eller uden styrehjul.<\/li>\n<li><strong>Automatisk l\u00e5semekanisme<\/strong><br \/>\nTakket v\u00e6re det kileformede design og de skr\u00e5 flader p\u00e5 den \u00f8verste og nederste klemmeplade, der griber ind i hinanden, l\u00e5ses klemmerne automatisk p\u00e5 plads.<\/li>\n<li><strong>Tolerancekontrol og kontaktholdbarhed<\/strong><br \/>\nDe tilpasser sig effektivt tolerancerne p\u00e5 skinnen og kranbj\u00e6lken, samtidig med at de sikrer langvarig kontakt mellem skinnen og basen, underst\u00f8ttet af forsp\u00e6ndte baser.<\/li>\n<li><strong>St\u00f8jreduktion<\/strong><br \/>\nDesignet reducerer st\u00f8jen betydeligt og bidrager til et bedre arbejdsmilj\u00f8.<\/li>\n<li><strong>Materialer med h\u00f8j styrke<\/strong><br \/>\nKomponenterne er fremstillet af lavlegeret konstruktionsst\u00e5l med h\u00f8j styrke for bedre holdbarhed og ydeevne.<\/li>\n<li><strong>Bolte med h\u00f8j styrke<\/strong><br \/>\nSystemet er udstyret med M20, klasse 8.8 h\u00f8jstyrkebolte og har et tilsp\u00e6ndingsmoment p\u00e5 220 N-m og kan modst\u00e5 en maksimal sidev\u00e6rts kraft p\u00e5 120 kN ud\u00f8vet af hjultryk.<\/li>\n<\/ol>\n<hr \/>\n<h6><span style=\"font-family: arial, helvetica, sans-serif; font-size: 18pt;\"><strong>Installationstrin for CGEK <a href=\"https:\/\/www.hnhlcrane.com\/da\/produkter\/kranskinneclips\/\" target=\"_blank\" rel=\"noopener\">Skinneklemmer<\/a><\/strong><\/span><\/h6>\n<ol>\n<li><strong>Placering af bundplade<\/strong>\n<ul>\n<li>Placer bundpladerne langs kranskinnen med 500 mm mellemrum.<\/li>\n<li>Juster dem vinkelret p\u00e5 skinnen med T-boltens midte i afstand fra skinnens midterlinje i henhold til den angivne v\u00e6rdi. <span class=\"katex\"><span class=\"katex-mathml\">aa<\/span><span class=\"katex-html\" aria-hidden=\"true\"><span class=\"base\"><span class=\"mord mathnormal\">a<\/span><\/span><\/span><\/span>.<\/li>\n<\/ul>\n<\/li>\n<li><strong>Svejsning af bundpladerne<\/strong>\n<ul>\n<li>Svejs bundpladerne fast i de angivne positioner.<\/li>\n<\/ul>\n<\/li>\n<li><strong>Sekventiel installation<\/strong>\n<ul>\n<li>S\u00e6t T-boltene p\u00e5 plads.<\/li>\n<li>Monter komponenterne i f\u00f8lgende r\u00e6kkef\u00f8lge: \u00f8verste d\u00e6kplade \u2192 flad skive \u2192 fjederskive \u2192 m\u00f8trik.<\/li>\n<li>Sp\u00e6nd T-boltene, og juster den \u00f8verste d\u00e6kplade efter behov.<\/li>\n<\/ul>\n<\/li>\n<\/ol>\n<p><img fetchpriority=\"high\" decoding=\"async\" class=\"alignnone wp-image-5532\" src=\"https:\/\/www.hnhlcrane.com\/wp-content\/uploads\/2024\/11\/CGEK-Rail-Clips-4-300x129.jpg\" alt=\"\" width=\"800\" height=\"344\" srcset=\"https:\/\/www.hnhlcrane.com\/wp-content\/uploads\/2024\/11\/CGEK-Rail-Clips-4-300x129.jpg 300w, https:\/\/www.hnhlcrane.com\/wp-content\/uploads\/2024\/11\/CGEK-Rail-Clips-4-768x331.jpg 768w, https:\/\/www.hnhlcrane.com\/wp-content\/uploads\/2024\/11\/CGEK-Rail-Clips-4-600x259.jpg 600w, https:\/\/www.hnhlcrane.com\/wp-content\/uploads\/2024\/11\/CGEK-Rail-Clips-4.jpg 1000w\" sizes=\"(max-width: 800px) 100vw, 800px\" \/><\/p>","protected":false},"excerpt":{"rendered":"<h6><span style=\"font-family: arial, helvetica, sans-serif; font-size: 14pt;\"><strong>Specifikationer for CGEK Rail Clips<\/strong><\/span><\/h6>\n<ul>\n<li><strong>Modeller:<\/strong> CGEK38, CGEK43, CGEK50, CGEK60, CGEK70, CGEK80, CGEK100, CGEK120<\/li>\n<li><strong>Fastg\u00f8relsesmetode:<\/strong> Svejset bundplade<\/li>\n<\/ul>","protected":false},"featured_media":5529,"template":"","meta":{"_kad_post_transparent":"default","_kad_post_title":"","_kad_post_layout":"default","_kad_post_sidebar_id":"","_kad_post_content_style":"default","_kad_post_vertical_padding":"show","_kad_post_feature":"","_kad_post_feature_position":"","_kad_post_header":false,"_kad_post_footer":false},"product_brand":[],"product_cat":[83],"product_tag":[224,223,222,221,218,214,217,225,228,216,226,219,227,215,220],"class_list":{"0":"post-5528","1":"product","2":"type-product","3":"status-publish","4":"has-post-thumbnail","6":"product_cat-crane-rail-clips","7":"product_tag-05g525-rail-clips","8":"product_tag-cgbk-rail-clips","9":"product_tag-cgek-rail-clips","10":"product_tag-cgwk-rail-clips","11":"product_tag-crane-rail-clamp","12":"product_tag-crane-rail-clips","13":"product_tag-crane-rail-fixing-device","14":"product_tag-hdgy-rail-clips","15":"product_tag-rail-connection-splint","16":"product_tag-rail-fixing-device","17":"product_tag-rail-joints","18":"product_tag-swjk-rail-clips","19":"product_tag-tracks-jointing-plates","20":"product_tag-wjk-rail-clips","21":"product_tag-wjkc-rail-clips","23":"first","24":"instock","25":"shipping-taxable","26":"product-type-simple","27":"entry","28":"content-bg","29":"loop-entry"},"yoast_head":"<!-- This site is optimized with the Yoast SEO plugin v25.6 - https:\/\/yoast.com\/wordpress\/plugins\/seo\/ -->\n<title>CGEK Rail Clips \u2013 Precision Engineered Rail Fasteners<\/title>\n<meta name=\"description\" content=\"Engineered CGEK Rail Clips ensure stable and safe rail fastening. Perfect for railway construction, maintenance, and industrial tracks.\" \/>\n<meta name=\"robots\" content=\"index, follow, max-snippet:-1, max-image-preview:large, max-video-preview:-1\" \/>\n<link rel=\"canonical\" href=\"https:\/\/www.hnhlcrane.com\/da\/produkt\/cgek-skinneclips\/\" \/>\n<meta property=\"og:locale\" content=\"da_DK\" \/>\n<meta property=\"og:type\" content=\"article\" \/>\n<meta property=\"og:title\" content=\"CGEK Rail Clips \u2013 Precision Engineered Rail Fasteners\" \/>\n<meta property=\"og:description\" content=\"Engineered CGEK Rail Clips ensure stable and safe rail fastening. Perfect for railway construction, maintenance, and industrial tracks.\" \/>\n<meta property=\"og:url\" content=\"https:\/\/www.hnhlcrane.com\/da\/produkt\/cgek-skinneclips\/\" \/>\n<meta property=\"og:site_name\" content=\"Crane Parts Supplier-HL Crame\" \/>\n<meta property=\"article:modified_time\" content=\"2025-09-14T14:52:34+00:00\" \/>\n<meta property=\"og:image\" content=\"https:\/\/www.hnhlcrane.com\/wp-content\/uploads\/2024\/11\/CGEK-Rail-Clips-1.jpg\" \/>\n\t<meta property=\"og:image:width\" content=\"600\" \/>\n\t<meta property=\"og:image:height\" content=\"600\" \/>\n\t<meta property=\"og:image:type\" content=\"image\/jpeg\" \/>\n<meta name=\"twitter:card\" content=\"summary_large_image\" \/>\n<meta name=\"twitter:label1\" content=\"Estimeret l\u00e6setid\" \/>\n\t<meta name=\"twitter:data1\" content=\"2 minutter\" \/>\n<script type=\"application\/ld+json\" class=\"yoast-schema-graph\">{\"@context\":\"https:\/\/schema.org\",\"@graph\":[{\"@type\":\"WebPage\",\"@id\":\"https:\/\/www.hnhlcrane.com\/product\/cgek-rail-clips\/\",\"url\":\"https:\/\/www.hnhlcrane.com\/product\/cgek-rail-clips\/\",\"name\":\"CGEK Rail Clips \u2013 Precision Engineered Rail Fasteners\",\"isPartOf\":{\"@id\":\"https:\/\/www.hnhlcrane.com\/#website\"},\"primaryImageOfPage\":{\"@id\":\"https:\/\/www.hnhlcrane.com\/product\/cgek-rail-clips\/#primaryimage\"},\"image\":{\"@id\":\"https:\/\/www.hnhlcrane.com\/product\/cgek-rail-clips\/#primaryimage\"},\"thumbnailUrl\":\"https:\/\/www.hnhlcrane.com\/wp-content\/uploads\/2024\/11\/CGEK-Rail-Clips-1.jpg\",\"datePublished\":\"2024-11-29T14:04:09+00:00\",\"dateModified\":\"2025-09-14T14:52:34+00:00\",\"description\":\"Engineered CGEK Rail Clips ensure stable and safe rail fastening. Perfect for railway construction, maintenance, and industrial tracks.\",\"breadcrumb\":{\"@id\":\"https:\/\/www.hnhlcrane.com\/product\/cgek-rail-clips\/#breadcrumb\"},\"inLanguage\":\"da-DK\",\"potentialAction\":[{\"@type\":\"ReadAction\",\"target\":[\"https:\/\/www.hnhlcrane.com\/product\/cgek-rail-clips\/\"]}]},{\"@type\":\"ImageObject\",\"inLanguage\":\"da-DK\",\"@id\":\"https:\/\/www.hnhlcrane.com\/product\/cgek-rail-clips\/#primaryimage\",\"url\":\"https:\/\/www.hnhlcrane.com\/wp-content\/uploads\/2024\/11\/CGEK-Rail-Clips-1.jpg\",\"contentUrl\":\"https:\/\/www.hnhlcrane.com\/wp-content\/uploads\/2024\/11\/CGEK-Rail-Clips-1.jpg\",\"width\":600,\"height\":600},{\"@type\":\"BreadcrumbList\",\"@id\":\"https:\/\/www.hnhlcrane.com\/product\/cgek-rail-clips\/#breadcrumb\",\"itemListElement\":[{\"@type\":\"ListItem\",\"position\":1,\"name\":\"home\",\"item\":\"https:\/\/www.hnhlcrane.com\/\"},{\"@type\":\"ListItem\",\"position\":2,\"name\":\"products\",\"item\":\"https:\/\/www.hnhlcrane.com\/products\/\"},{\"@type\":\"ListItem\",\"position\":3,\"name\":\"CGEK Rail Clips\"}]},{\"@type\":\"WebSite\",\"@id\":\"https:\/\/www.hnhlcrane.com\/#website\",\"url\":\"https:\/\/www.hnhlcrane.com\/\",\"name\":\"Crane Parts Supplier-HL Crame\",\"description\":\"One-stop solution for all your  crane parts needs,Crane Hook,Crane Drum,Crane Wheel,Crane Coupling,Crane Gearbox,Crane Motor,Crane Brake,Special Crane Spreader,Crane grab,Container spreader,Billet crane clamps,Crane C-type spreader,Lifting Electromagnet,Crane Rail Clips,Electric Hoist,FEM Standard Crane End Carriages,Light Crane Parts,Workstation Crane Parts,Crane Electrical Parts,I-beam cable trolley,Crane remote controller,Crane electrical control cabinet,Crane limit switch,Crane sound and light alarm,Heavy Duty Aviation Connector,Crane overload limiter,China Crane Parts Supplier,Crane hooks,Gantry crane hook,Crane accessories,Forged hook,hook processing,Hook manufacturer,China standard crane hook,electric hoist hook,Crane pulley,Hook pulley,Rolled pulley,Crane Pulley Supplier\uff0cEuropean hook pulley,Gantry crane hook pulley,WZL type crane drum,European style reel set,Crane reel,crane parts,Drum processing,crane drum manufacturer,Cast steel drum,Electric hoist drum,Crane drum assembly,DRS Wheel Blocks,European crane wheel,Forged wheels,Active wheel set,Driving wheel set,Driven wheel group,crane wheels manufacturer,Demag crane wheels,Konecranes Crane Wheels,Overhead crane Wheel,Shaft couplings,Power Transmission Couplings,Disc Couplings,Fluid couplings,Coupling manufacturer\uff0cCardan coupling,Crane Reducer,Crane Decelerators,Reducer gearbox,Reducer for crane,Gear Reducer For Crane,Hard tooth surface reducerCrane and hoist reducer,Flender reducer,Reducer manufacturer,ZQ reducer,QJ reducer,QJY reducer,Gear Motors,Konecranes reducer,F series three-in-one reducer,K series three-in-one reducer,travelling machinery,Travelling Motor With Gear,Gear Motor for Crane Traveling,Travelling machinery Frequency inverter motors,FEM standard Gear Motors,Crane motors,Inverter motors,Hoist motors,motorCrane duty motors,Special motor for crane,YZR YZP YZ series motors,Crane and hoist motor,Frequency conversion motor,Electro hydraulic drum brakes,Electro-hydraulic disc brakes,Brake,Overhead Crane Brakes,Disc brakes,Electromagnetic disk brake,Crane hydraulic disc brake,Brakes manufacturer,crane Safety brakes,Singlr rope grab,Four rope grab,Electro-hydraulic multi-flap grab,Orange peel grab,Electric motor grab,Electro-Hydraulicclamshell grab,grab manufacturers,Container spreader manufacturers,20ft Container Spreader,Semi Automatic container spreader,40ft Container Lifting Frame,TEC container Spreader,Billet lifting clamp,Billet Clamps,Billet crane clamps manufacturer,billet lifting clamps china supplier,Coil C-Type Hook,coil hook,Overhead Crane Steel Coil C-Type Hook,Crane C-hook,C-type spreader,C-type hook,Crane magnets,Rail fixing device,Crane Rail fixing device,crane Rail Clamp,CD\/MD Wire Rope Electric Hoist,Wire Rope Electric Hoist China Manufacturer,Single Girder Wire Rope Electric Hoist,Double Girder Wire Rope Electric Hoist,Chain Hoist,Electric chain hoist manufacturer,Electric chain hoist China distributor,European wire rope electric hoist\uff0cEuropean double beam wire rope electric hoist,European Style Single Beam Crane End Carriage,FEN\/DIN European Style Single Beam Crane End Carriage,Crane end beam manufacturers,European style hoist double beam crane end beam,Suspension crane end beam,European style suspended single beam crane end beam,FEN\/DIN Suspension crane end beam,crane cable trolley,Wireless remote control,remote controller,Crane control handle,Crane Controls,electrical control cabinet,crane control cabinet,Limit switch,Sound and light alarm,Aviation plug,quick connector,Crane aviation plug,Overload limiter\",\"publisher\":{\"@id\":\"https:\/\/www.hnhlcrane.com\/#organization\"},\"potentialAction\":[{\"@type\":\"SearchAction\",\"target\":{\"@type\":\"EntryPoint\",\"urlTemplate\":\"https:\/\/www.hnhlcrane.com\/?s={search_term_string}\"},\"query-input\":{\"@type\":\"PropertyValueSpecification\",\"valueRequired\":true,\"valueName\":\"search_term_string\"}}],\"inLanguage\":\"da-DK\"},{\"@type\":\"Organization\",\"@id\":\"https:\/\/www.hnhlcrane.com\/#organization\",\"name\":\"Crane Parts Supplier-HL Crame\",\"url\":\"https:\/\/www.hnhlcrane.com\/\",\"logo\":{\"@type\":\"ImageObject\",\"inLanguage\":\"da-DK\",\"@id\":\"https:\/\/www.hnhlcrane.com\/#\/schema\/logo\/image\/\",\"url\":\"https:\/\/www.hnhlcrane.com\/wp-content\/uploads\/2024\/09\/logo6-1-e1733899395598.png\",\"contentUrl\":\"https:\/\/www.hnhlcrane.com\/wp-content\/uploads\/2024\/09\/logo6-1-e1733899395598.png\",\"width\":1000,\"height\":282,\"caption\":\"Crane Parts Supplier-HL Crame\"},\"image\":{\"@id\":\"https:\/\/www.hnhlcrane.com\/#\/schema\/logo\/image\/\"}}]}<\/script>\n<!-- \/ Yoast SEO plugin. -->","yoast_head_json":{"title":"CGEK-skinneklip - pr\u00e6cisionsfremstillede skinnebef\u00e6stelser","description":"Konstruerede CGEK Rail Clips sikrer stabil og sikker fastg\u00f8relse af skinner. Perfekt til jernbanebyggeri, vedligeholdelse og industrispor.","robots":{"index":"index","follow":"follow","max-snippet":"max-snippet:-1","max-image-preview":"max-image-preview:large","max-video-preview":"max-video-preview:-1"},"canonical":"https:\/\/www.hnhlcrane.com\/da\/produkt\/cgek-skinneclips\/","og_locale":"da_DK","og_type":"article","og_title":"CGEK Rail Clips \u2013 Precision Engineered Rail Fasteners","og_description":"Engineered CGEK Rail Clips ensure stable and safe rail fastening. Perfect for railway construction, maintenance, and industrial tracks.","og_url":"https:\/\/www.hnhlcrane.com\/da\/produkt\/cgek-skinneclips\/","og_site_name":"Crane Parts Supplier-HL Crame","article_modified_time":"2025-09-14T14:52:34+00:00","og_image":[{"width":600,"height":600,"url":"https:\/\/www.hnhlcrane.com\/wp-content\/uploads\/2024\/11\/CGEK-Rail-Clips-1.jpg","type":"image\/jpeg"}],"twitter_card":"summary_large_image","twitter_misc":{"Estimeret l\u00e6setid":"2 minutter"},"schema":{"@context":"https:\/\/schema.org","@graph":[{"@type":"WebPage","@id":"https:\/\/www.hnhlcrane.com\/product\/cgek-rail-clips\/","url":"https:\/\/www.hnhlcrane.com\/product\/cgek-rail-clips\/","name":"CGEK-skinneklip - pr\u00e6cisionsfremstillede skinnebef\u00e6stelser","isPartOf":{"@id":"https:\/\/www.hnhlcrane.com\/#website"},"primaryImageOfPage":{"@id":"https:\/\/www.hnhlcrane.com\/product\/cgek-rail-clips\/#primaryimage"},"image":{"@id":"https:\/\/www.hnhlcrane.com\/product\/cgek-rail-clips\/#primaryimage"},"thumbnailUrl":"https:\/\/www.hnhlcrane.com\/wp-content\/uploads\/2024\/11\/CGEK-Rail-Clips-1.jpg","datePublished":"2024-11-29T14:04:09+00:00","dateModified":"2025-09-14T14:52:34+00:00","description":"Konstruerede CGEK Rail Clips sikrer stabil og sikker fastg\u00f8relse af skinner. Perfekt til jernbanebyggeri, vedligeholdelse og industrispor.","breadcrumb":{"@id":"https:\/\/www.hnhlcrane.com\/product\/cgek-rail-clips\/#breadcrumb"},"inLanguage":"da-DK","potentialAction":[{"@type":"ReadAction","target":["https:\/\/www.hnhlcrane.com\/product\/cgek-rail-clips\/"]}]},{"@type":"ImageObject","inLanguage":"da-DK","@id":"https:\/\/www.hnhlcrane.com\/product\/cgek-rail-clips\/#primaryimage","url":"https:\/\/www.hnhlcrane.com\/wp-content\/uploads\/2024\/11\/CGEK-Rail-Clips-1.jpg","contentUrl":"https:\/\/www.hnhlcrane.com\/wp-content\/uploads\/2024\/11\/CGEK-Rail-Clips-1.jpg","width":600,"height":600},{"@type":"BreadcrumbList","@id":"https:\/\/www.hnhlcrane.com\/product\/cgek-rail-clips\/#breadcrumb","itemListElement":[{"@type":"ListItem","position":1,"name":"home","item":"https:\/\/www.hnhlcrane.com\/"},{"@type":"ListItem","position":2,"name":"products","item":"https:\/\/www.hnhlcrane.com\/products\/"},{"@type":"ListItem","position":3,"name":"CGEK Rail Clips"}]},{"@type":"WebSite","@id":"https:\/\/www.hnhlcrane.com\/#website","url":"https:\/\/www.hnhlcrane.com\/","name":"Leverand\u00f8r af krandele - HL Crame","description":"One-stop-l\u00f8sning til alle dine behov for krandele, krankrog, krantromle, kranhjul, krankobling, krangearkasse, kranmotor, kranbremse, speciel kranspreder, krangreb, containerspreder, billetkranklemmer, kran C-type spreder,L\u00f8fteelektromagnet, kranskinneklemmer, elektrisk talje, FEM standard kranendevogne, lette krandele, arbejdsstationskandele, kranelektriske dele, I-bj\u00e6lkekabelvogn, kranfjernbetjening, kranens elektriske kontrolskab,Kranbegr\u00e6nsningskontakt, Kran lyd- og lysalarm, Heavy Duty Aviation Connector, Kran overbelastningsbegr\u00e6nser, Kina krandele leverand\u00f8r, Kran kroge, Gantry kran krog, Kran tilbeh\u00f8r, Smedet krog, krogbehandling, Krogproducent, Kina standard kran krog, elektrisk hejse krog, Kran remskive, Krog remskive, Valset remskive, Kran remskive leverand\u00f8r, Europ\u00e6isk krog remskive, Gantry kran krog remskive, WZL type krantromle, Europ\u00e6isk stil rulles\u00e6t, Kranrulle,krandele,Tromlebehandling,krantromleproducent,St\u00f8bt st\u00e5ltromle,Elektrisk hejsetromle,Krantromlemontering,DRS-hjulblokke,Europ\u00e6isk kranhjul,Smedede hjul,Aktivt hjuls\u00e6t,K\u00f8rehjuls\u00e6t,Drevet hjulgruppe,Kranhjulproducent,Demag-kranhjul,Konecranes-kranhjul,Overheadkranhjul,Akselkoblinger,Kraftoverf\u00f8rselskoblinger,Skivekoblinger,V\u00e6skekoblinger,Koblingsproducent,Cardankobling,Kranreduktion,Crane Decelerators, Reducer gearkasse, Reducer til kran, Gear Reducer For Crane, Hard tooth surface reducerCrane and hoist reducer, Flender reducer, Reducer producent, ZQ reducer, QJ reducer, QJY reducer, Gear Motors, Konecranes reducer,F-serie tre-i-en reducer, K-serie tre-i-en reducer, rejsemaskiner, rejsemotor med gear, gearmotor til kranrejser, rejsemaskiner Frekvensomformermotorer, FEM-standard gearmotorer, kranmotorer,Invertermotorer,Hejsemotorer,motorKranmotorer,Specialmotor til kran,YZR YZP YZ-serie motorer,Kran- og hejsemotor,Frekvensomformningsmotor,Elektrohydrauliske tromlebremser,Elektrohydrauliske skivebremser,Bremse,Overheadkranbremser,Skivebremser,Elektromagnetisk skivebremse,Kranhydraulisk skivebremse,Bremseproducent,kran Sikkerhedsbremser,Singlr reb grab,Fire reb grab,Elektrohydraulisk multi-flap grab,Orange peel grab,Elektrisk motorgreb,Electro-Hydraulicclamshell grab, grab producenter, Container spreder producenter, 20ft Container Spreader, Semi Automatic container spreader, 40ft Container Lifting Frame, TEC container Spreader, Billet lifting clamp, Billet Clamps, Billet crane clamps manufacturer, billet lifting clamps china supplier, Coil C-Type Hook, coil hook, Overhead Crane Steel Coil C-Type Hook, Crane C-hook, C-type spreader, C-type hook, Crane magneter, Rail fixing device,Kranskinnefastg\u00f8relsesanordning, kranskinneklemme, CD \/ MD Wire Rope Electric Hoist, Wire Rope Electric Hoist China Manufacturer, Single Girder Wire Rope Electric Hoist, Double Girder Wire Rope Electric Hoist, Chain Hoist, Electric chain hoist manufacturer, Electric chain hoist China distributor, European wire rope electric hoist,European double beam wire rope electric hoist,European Style Single Beam Crane End Carriage,FEN\/DIN European Style Single Beam Crane End Carriage,Kran endebj\u00e6lke producenter, europ\u00e6isk stil hejsev\u00e6rk dobbeltbj\u00e6lke kran endebj\u00e6lke, Suspension kran endebj\u00e6lke, europ\u00e6isk stil oph\u00e6ngt enkelt bj\u00e6lke kran endebj\u00e6lke, FEN \/ DIN Suspension kran endebj\u00e6lke, kran kabelvogn, tr\u00e5dl\u00f8s fjernbetjening, fjernbetjening, kran kontrol h\u00e5ndtag, kran kontrol, elektrisk kontrol kabinet, kran kontrol kabinet, Limit switch, lyd og lys alarm, luftfart stik, hurtig stik, kran luftfart stik, overbelastningsbegr\u00e6nser","publisher":{"@id":"https:\/\/www.hnhlcrane.com\/#organization"},"potentialAction":[{"@type":"SearchAction","target":{"@type":"EntryPoint","urlTemplate":"https:\/\/www.hnhlcrane.com\/?s={search_term_string}"},"query-input":{"@type":"PropertyValueSpecification","valueRequired":true,"valueName":"search_term_string"}}],"inLanguage":"da-DK"},{"@type":"Organization","@id":"https:\/\/www.hnhlcrane.com\/#organization","name":"Leverand\u00f8r af krandele - HL Crame","url":"https:\/\/www.hnhlcrane.com\/","logo":{"@type":"ImageObject","inLanguage":"da-DK","@id":"https:\/\/www.hnhlcrane.com\/#\/schema\/logo\/image\/","url":"https:\/\/www.hnhlcrane.com\/wp-content\/uploads\/2024\/09\/logo6-1-e1733899395598.png","contentUrl":"https:\/\/www.hnhlcrane.com\/wp-content\/uploads\/2024\/09\/logo6-1-e1733899395598.png","width":1000,"height":282,"caption":"Crane Parts Supplier-HL Crame"},"image":{"@id":"https:\/\/www.hnhlcrane.com\/#\/schema\/logo\/image\/"}}]}},"_links":{"self":[{"href":"https:\/\/www.hnhlcrane.com\/da\/wp-json\/wp\/v2\/product\/5528","targetHints":{"allow":["GET"]}}],"collection":[{"href":"https:\/\/www.hnhlcrane.com\/da\/wp-json\/wp\/v2\/product"}],"about":[{"href":"https:\/\/www.hnhlcrane.com\/da\/wp-json\/wp\/v2\/types\/product"}],"version-history":[{"count":2,"href":"https:\/\/www.hnhlcrane.com\/da\/wp-json\/wp\/v2\/product\/5528\/revisions"}],"predecessor-version":[{"id":6972,"href":"https:\/\/www.hnhlcrane.com\/da\/wp-json\/wp\/v2\/product\/5528\/revisions\/6972"}],"wp:featuredmedia":[{"embeddable":true,"href":"https:\/\/www.hnhlcrane.com\/da\/wp-json\/wp\/v2\/media\/5529"}],"wp:attachment":[{"href":"https:\/\/www.hnhlcrane.com\/da\/wp-json\/wp\/v2\/media?parent=5528"}],"wp:term":[{"taxonomy":"product_brand","embeddable":true,"href":"https:\/\/www.hnhlcrane.com\/da\/wp-json\/wp\/v2\/product_brand?post=5528"},{"taxonomy":"product_cat","embeddable":true,"href":"https:\/\/www.hnhlcrane.com\/da\/wp-json\/wp\/v2\/product_cat?post=5528"},{"taxonomy":"product_tag","embeddable":true,"href":"https:\/\/www.hnhlcrane.com\/da\/wp-json\/wp\/v2\/product_tag?post=5528"}],"curies":[{"name":"wp","href":"https:\/\/api.w.org\/{rel}","templated":true}]}}