{"id":5472,"date":"2024-11-26T00:45:41","date_gmt":"2024-11-25T16:45:41","guid":{"rendered":"https:\/\/www.hnhlcrane.com\/?post_type=product&#038;p=5472"},"modified":"2025-09-10T10:45:04","modified_gmt":"2025-09-10T02:45:04","slug":"billet-kranklemmer-kopi","status":"publish","type":"product","link":"https:\/\/www.hnhlcrane.com\/da\/produkt\/billet-kranklemmer-kopi\/","title":{"rendered":"Kran C-type spreder"},"content":{"rendered":"<h6><span style=\"font-family: arial, helvetica, sans-serif; font-size: 18pt;\"><strong>Oversigt over Crane C-type spredere<\/strong><\/span><\/h6>\n<p>Crane C-type sprederen er en specialiseret enhed, der er designet til vandret l\u00f8ft og transport af coils. Den er opkaldt efter sin lighed med bogstavet \"C\" og bruges ofte i st\u00e5lv\u00e6rker, produktions- og forarbejdningsanl\u00e6g for koldvalsede plader, lagerbygninger og andre arbejdspladser, der h\u00e5ndterer vandrette st\u00e5lcoils.<\/p>\n<h6><span style=\"font-family: arial, helvetica, sans-serif; font-size: 18pt;\"><strong>Kranens strukturelle egenskaber <a href=\"https:\/\/www.hnhlcrane.com\/da\/produkter\/speciel-kranspreder\/\" target=\"_blank\" rel=\"noopener\">Spreder af C-typen<\/a><\/strong><\/span><\/h6>\n<ul>\n<li><strong>Hoveddel og modv\u00e6gt<\/strong>:\n<ul>\n<li><strong>Hoveddelen af kroppen<\/strong>: Konstrueret af st\u00e5lplader og st\u00e5lr\u00f8r, hvilket sikrer fremragende modstandsdygtighed over for b\u00f8jning og vridning. Den lette konstruktion g\u00f8r den nemmere at bruge og forl\u00e6nger levetiden.<\/li>\n<li><strong>Modv\u00e6gt<\/strong>: Afbalancerer sprederen og justerer dens tyngdepunkt med det l\u00f8ftede objekts centrum, hvilket sikrer sikker og p\u00e5lidelig drift.<\/li>\n<\/ul>\n<\/li>\n<li><strong>Muligheder for beskyttende design<\/strong>:\n<ul>\n<li>Baseret p\u00e5 brugernes krav kan der tilf\u00f8jes beskyttelsesforanstaltninger som gummi- eller nylonplader ved kontaktpunkterne for at forhindre skader p\u00e5 de l\u00f8ftede materialer.<\/li>\n<\/ul>\n<\/li>\n<\/ul>\n<h6><span style=\"font-family: arial, helvetica, sans-serif; font-size: 18pt;\"><strong>Anvendelser<\/strong><\/span><\/h6>\n<p>C-sprederen er velegnet til h\u00e5ndtering af forskellige oprullede materialer, bl.a:<\/p>\n<ul>\n<li><strong>St\u00e5lspoler<\/strong><\/li>\n<li><strong>Aluminiumsspoler<\/strong><\/li>\n<li><strong>Kobberspoler<\/strong><\/li>\n<li><strong>Tr\u00e5dst\u00e6nger<\/strong><\/li>\n<\/ul>\n<p>Det er s\u00e6rligt effektivt i milj\u00f8er, der kr\u00e6ver omhyggelig h\u00e5ndtering og effektiv transport af vandrette spoler.<\/p>\n<h6><span style=\"font-family: arial, helvetica, sans-serif; font-size: 18pt;\"><strong>Fordele<\/strong><\/span><\/h6>\n<ul>\n<li><strong>Rationelt design<\/strong>:<span style=\"font-family: var(--global-body-font-family);\">Sprederens design sikrer stabilitet, balance og pr\u00e6cision under arbejdet.<\/span><\/li>\n<li><strong>Fleksibilitet og bekvemmelighed<\/strong>:<span style=\"font-family: var(--global-body-font-family);\">J\u00e6vne bev\u00e6gelser og enkel h\u00e5ndtering \u00f8ger effektiviteten i arbejdet.<\/span><\/li>\n<li><strong>Holdbarhed<\/strong>:<span style=\"font-family: var(--global-body-font-family);\">Den robuste konstruktion modst\u00e5r slitage og sikrer lang levetid og p\u00e5lidelighed.<\/span><\/li>\n<\/ul>\n<h6><span style=\"font-family: arial, helvetica, sans-serif; font-size: 18pt;\"><strong>Retningslinjer for vedligeholdelse og brug<\/strong><\/span><\/h6>\n<ul>\n<li><strong>Krav til opbevaring<\/strong>:<span style=\"font-family: var(--global-body-font-family);\">Opbevares i en <\/span><strong style=\"font-family: var(--global-body-font-family);\">ventilerede, t\u00f8rre og rene omgivelser<\/strong><span style=\"font-family: var(--global-body-font-family);\">. Undg\u00e5 at blive udsat for <\/span><strong style=\"font-family: var(--global-body-font-family);\">syre, alkali, salt, kemiske gasser eller fugtige forhold<\/strong><span style=\"font-family: var(--global-body-font-family);\"> for at forhindre korrosion.<\/span><\/li>\n<li><strong>Beskyttelse af overflader<\/strong>:<span style=\"font-family: var(--global-body-font-family);\">P\u00e5f\u00f8r rustbeskyttende bel\u00e6gninger regelm\u00e6ssigt for at beskytte overfladen og bevare dens udseende og holdbarhed.<\/span><\/li>\n<li><strong>Sm\u00f8ring og reng\u00f8ring<\/strong>:<span style=\"font-family: var(--global-body-font-family);\">Reng\u00f8r og sm\u00f8r de bev\u00e6gelige dele med j\u00e6vne mellemrum for at undg\u00e5 t\u00f8r friktion og fastklemning og for at sikre problemfri drift.<\/span><\/li>\n<li><strong>Inspektion<\/strong>:<span style=\"font-family: var(--global-body-font-family);\">Udf\u00f8r regelm\u00e6ssige inspektioner for at identificere slid eller skader p\u00e5 kritiske komponenter, og h\u00e5ndter problemerne med det samme for at opretholde sikkerhed og funktionalitet.<\/span><\/li>\n<\/ul>\n<p>Korrekt brug og vedligeholdelse af Crane C-Type-sprederen forl\u00e6nger dens levetid betydeligt og sikrer stabil ydelse og driftssikkerhed. Dette v\u00e6rkt\u00f8j er en uundv\u00e6rlig l\u00f8sning til industrier, der kr\u00e6ver sikker og effektiv h\u00e5ndtering af coils.<\/p>\n<h6><strong><span style=\"font-family: arial, helvetica, sans-serif; font-size: 18pt;\">Dimensioner og parametre<\/span><\/strong><\/h6>\n<p><img fetchpriority=\"high\" decoding=\"async\" class=\"alignnone wp-image-5483\" src=\"https:\/\/www.hnhlcrane.com\/wp-content\/uploads\/2024\/11\/Crane-C-type-spreader-a-245x300.jpg\" alt=\"\" width=\"799\" height=\"978\" srcset=\"https:\/\/www.hnhlcrane.com\/wp-content\/uploads\/2024\/11\/Crane-C-type-spreader-a-245x300.jpg 245w, https:\/\/www.hnhlcrane.com\/wp-content\/uploads\/2024\/11\/Crane-C-type-spreader-a-768x939.jpg 768w, https:\/\/www.hnhlcrane.com\/wp-content\/uploads\/2024\/11\/Crane-C-type-spreader-a-600x734.jpg 600w, https:\/\/www.hnhlcrane.com\/wp-content\/uploads\/2024\/11\/Crane-C-type-spreader-a.jpg 800w\" sizes=\"(max-width: 799px) 100vw, 799px\" \/><\/p>","protected":false},"excerpt":{"rendered":"<p>Coil C-type krog, coil krog, traverskran st\u00e5l coil C-type krog, kran C-krog, C-type spreder, C-type krog, kran C-type spreder, speciel kranspreder<\/p>","protected":false},"featured_media":5473,"template":"","meta":{"_kad_post_transparent":"default","_kad_post_title":"","_kad_post_layout":"default","_kad_post_sidebar_id":"","_kad_post_content_style":"default","_kad_post_vertical_padding":"show","_kad_post_feature":"","_kad_post_feature_position":"","_kad_post_header":false,"_kad_post_footer":false},"product_brand":[],"product_cat":[59],"product_tag":[211,210,206,207,209,205,208,185],"class_list":{"0":"post-5472","1":"product","2":"type-product","3":"status-publish","4":"has-post-thumbnail","6":"product_cat-special-crane-spreader","7":"product_tag-c-type-hook","8":"product_tag-c-type-spreader","9":"product_tag-coil-c-type-hook","10":"product_tag-coil-hook","11":"product_tag-crane-c-hook","12":"product_tag-crane-c-type-spreader","13":"product_tag-overhead-crane-steel-coil-c-type-hook","14":"product_tag-special-crane-spreader","16":"first","17":"instock","18":"featured","19":"shipping-taxable","20":"product-type-simple","21":"entry","22":"content-bg","23":"loop-entry"},"yoast_head":"<!-- This site is optimized with the Yoast SEO plugin v25.6 - https:\/\/yoast.com\/wordpress\/plugins\/seo\/ -->\n<title>Crane C-type spreader \u2013 Heavy-Duty Lifting &amp; Container Handling Solution<\/title>\n<meta name=\"description\" content=\"High-quality crane C-type spreader for safe and efficient container and cargo handling. Ideal for overhead cranes, gantry cranes, and port operations.\" \/>\n<meta name=\"robots\" content=\"index, follow, max-snippet:-1, max-image-preview:large, max-video-preview:-1\" \/>\n<link rel=\"canonical\" href=\"https:\/\/www.hnhlcrane.com\/da\/produkt\/billet-kranklemmer-kopi\/\" \/>\n<meta property=\"og:locale\" content=\"da_DK\" \/>\n<meta property=\"og:type\" content=\"article\" \/>\n<meta property=\"og:title\" content=\"Crane C-type spreader \u2013 Heavy-Duty Lifting &amp; Container Handling Solution\" \/>\n<meta property=\"og:description\" content=\"High-quality crane C-type spreader for safe and efficient container and cargo handling. Ideal for overhead cranes, gantry cranes, and port operations.\" \/>\n<meta property=\"og:url\" content=\"https:\/\/www.hnhlcrane.com\/da\/produkt\/billet-kranklemmer-kopi\/\" \/>\n<meta property=\"og:site_name\" content=\"Crane Parts Supplier-HL Crame\" \/>\n<meta property=\"article:modified_time\" content=\"2025-09-10T02:45:04+00:00\" \/>\n<meta property=\"og:image\" content=\"https:\/\/www.hnhlcrane.com\/wp-content\/uploads\/2024\/11\/Crane-C-type-spreader-1.jpg\" \/>\n\t<meta property=\"og:image:width\" content=\"600\" \/>\n\t<meta property=\"og:image:height\" content=\"600\" \/>\n\t<meta property=\"og:image:type\" content=\"image\/jpeg\" \/>\n<meta name=\"twitter:card\" content=\"summary_large_image\" \/>\n<meta name=\"twitter:label1\" content=\"Estimeret l\u00e6setid\" \/>\n\t<meta name=\"twitter:data1\" content=\"2 minutter\" \/>\n<script type=\"application\/ld+json\" class=\"yoast-schema-graph\">{\"@context\":\"https:\/\/schema.org\",\"@graph\":[{\"@type\":\"WebPage\",\"@id\":\"https:\/\/www.hnhlcrane.com\/product\/billet-crane-clamps-copy\/\",\"url\":\"https:\/\/www.hnhlcrane.com\/product\/billet-crane-clamps-copy\/\",\"name\":\"Crane C-type spreader \u2013 Heavy-Duty Lifting & Container Handling Solution\",\"isPartOf\":{\"@id\":\"https:\/\/www.hnhlcrane.com\/#website\"},\"primaryImageOfPage\":{\"@id\":\"https:\/\/www.hnhlcrane.com\/product\/billet-crane-clamps-copy\/#primaryimage\"},\"image\":{\"@id\":\"https:\/\/www.hnhlcrane.com\/product\/billet-crane-clamps-copy\/#primaryimage\"},\"thumbnailUrl\":\"https:\/\/www.hnhlcrane.com\/wp-content\/uploads\/2024\/11\/Crane-C-type-spreader-1.jpg\",\"datePublished\":\"2024-11-25T16:45:41+00:00\",\"dateModified\":\"2025-09-10T02:45:04+00:00\",\"description\":\"High-quality crane C-type spreader for safe and efficient container and cargo handling. Ideal for overhead cranes, gantry cranes, and port operations.\",\"breadcrumb\":{\"@id\":\"https:\/\/www.hnhlcrane.com\/product\/billet-crane-clamps-copy\/#breadcrumb\"},\"inLanguage\":\"da-DK\",\"potentialAction\":[{\"@type\":\"ReadAction\",\"target\":[\"https:\/\/www.hnhlcrane.com\/product\/billet-crane-clamps-copy\/\"]}]},{\"@type\":\"ImageObject\",\"inLanguage\":\"da-DK\",\"@id\":\"https:\/\/www.hnhlcrane.com\/product\/billet-crane-clamps-copy\/#primaryimage\",\"url\":\"https:\/\/www.hnhlcrane.com\/wp-content\/uploads\/2024\/11\/Crane-C-type-spreader-1.jpg\",\"contentUrl\":\"https:\/\/www.hnhlcrane.com\/wp-content\/uploads\/2024\/11\/Crane-C-type-spreader-1.jpg\",\"width\":600,\"height\":600},{\"@type\":\"BreadcrumbList\",\"@id\":\"https:\/\/www.hnhlcrane.com\/product\/billet-crane-clamps-copy\/#breadcrumb\",\"itemListElement\":[{\"@type\":\"ListItem\",\"position\":1,\"name\":\"home\",\"item\":\"https:\/\/www.hnhlcrane.com\/\"},{\"@type\":\"ListItem\",\"position\":2,\"name\":\"products\",\"item\":\"https:\/\/www.hnhlcrane.com\/products\/\"},{\"@type\":\"ListItem\",\"position\":3,\"name\":\"Crane C-type spreader\"}]},{\"@type\":\"WebSite\",\"@id\":\"https:\/\/www.hnhlcrane.com\/#website\",\"url\":\"https:\/\/www.hnhlcrane.com\/\",\"name\":\"Crane Parts Supplier-HL Crame\",\"description\":\"One-stop solution for all your  crane parts needs,Crane Hook,Crane Drum,Crane Wheel,Crane Coupling,Crane Gearbox,Crane Motor,Crane Brake,Special Crane Spreader,Crane grab,Container spreader,Billet crane clamps,Crane C-type spreader,Lifting Electromagnet,Crane Rail Clips,Electric Hoist,FEM Standard Crane End Carriages,Light Crane Parts,Workstation Crane Parts,Crane Electrical Parts,I-beam cable trolley,Crane remote controller,Crane electrical control cabinet,Crane limit switch,Crane sound and light alarm,Heavy Duty Aviation Connector,Crane overload limiter,China Crane Parts Supplier,Crane hooks,Gantry crane hook,Crane accessories,Forged hook,hook processing,Hook manufacturer,China standard crane hook,electric hoist hook,Crane pulley,Hook pulley,Rolled pulley,Crane Pulley Supplier\uff0cEuropean hook pulley,Gantry crane hook pulley,WZL type crane drum,European style reel set,Crane reel,crane parts,Drum processing,crane drum manufacturer,Cast steel drum,Electric hoist drum,Crane drum assembly,DRS Wheel Blocks,European crane wheel,Forged wheels,Active wheel set,Driving wheel set,Driven wheel group,crane wheels manufacturer,Demag crane wheels,Konecranes Crane Wheels,Overhead crane Wheel,Shaft couplings,Power Transmission Couplings,Disc Couplings,Fluid couplings,Coupling manufacturer\uff0cCardan coupling,Crane Reducer,Crane Decelerators,Reducer gearbox,Reducer for crane,Gear Reducer For Crane,Hard tooth surface reducerCrane and hoist reducer,Flender reducer,Reducer manufacturer,ZQ reducer,QJ reducer,QJY reducer,Gear Motors,Konecranes reducer,F series three-in-one reducer,K series three-in-one reducer,travelling machinery,Travelling Motor With Gear,Gear Motor for Crane Traveling,Travelling machinery Frequency inverter motors,FEM standard Gear Motors,Crane motors,Inverter motors,Hoist motors,motorCrane duty motors,Special motor for crane,YZR YZP YZ series motors,Crane and hoist motor,Frequency conversion motor,Electro hydraulic drum brakes,Electro-hydraulic disc brakes,Brake,Overhead Crane Brakes,Disc brakes,Electromagnetic disk brake,Crane hydraulic disc brake,Brakes manufacturer,crane Safety brakes,Singlr rope grab,Four rope grab,Electro-hydraulic multi-flap grab,Orange peel grab,Electric motor grab,Electro-Hydraulicclamshell grab,grab manufacturers,Container spreader manufacturers,20ft Container Spreader,Semi Automatic container spreader,40ft Container Lifting Frame,TEC container Spreader,Billet lifting clamp,Billet Clamps,Billet crane clamps manufacturer,billet lifting clamps china supplier,Coil C-Type Hook,coil hook,Overhead Crane Steel Coil C-Type Hook,Crane C-hook,C-type spreader,C-type hook,Crane magnets,Rail fixing device,Crane Rail fixing device,crane Rail Clamp,CD\/MD Wire Rope Electric Hoist,Wire Rope Electric Hoist China Manufacturer,Single Girder Wire Rope Electric Hoist,Double Girder Wire Rope Electric Hoist,Chain Hoist,Electric chain hoist manufacturer,Electric chain hoist China distributor,European wire rope electric hoist\uff0cEuropean double beam wire rope electric hoist,European Style Single Beam Crane End Carriage,FEN\/DIN European Style Single Beam Crane End Carriage,Crane end beam manufacturers,European style hoist double beam crane end beam,Suspension crane end beam,European style suspended single beam crane end beam,FEN\/DIN Suspension crane end beam,crane cable trolley,Wireless remote control,remote controller,Crane control handle,Crane Controls,electrical control cabinet,crane control cabinet,Limit switch,Sound and light alarm,Aviation plug,quick connector,Crane aviation plug,Overload limiter\",\"publisher\":{\"@id\":\"https:\/\/www.hnhlcrane.com\/#organization\"},\"potentialAction\":[{\"@type\":\"SearchAction\",\"target\":{\"@type\":\"EntryPoint\",\"urlTemplate\":\"https:\/\/www.hnhlcrane.com\/?s={search_term_string}\"},\"query-input\":{\"@type\":\"PropertyValueSpecification\",\"valueRequired\":true,\"valueName\":\"search_term_string\"}}],\"inLanguage\":\"da-DK\"},{\"@type\":\"Organization\",\"@id\":\"https:\/\/www.hnhlcrane.com\/#organization\",\"name\":\"Crane Parts Supplier-HL Crame\",\"url\":\"https:\/\/www.hnhlcrane.com\/\",\"logo\":{\"@type\":\"ImageObject\",\"inLanguage\":\"da-DK\",\"@id\":\"https:\/\/www.hnhlcrane.com\/#\/schema\/logo\/image\/\",\"url\":\"https:\/\/www.hnhlcrane.com\/wp-content\/uploads\/2024\/09\/logo6-1-e1733899395598.png\",\"contentUrl\":\"https:\/\/www.hnhlcrane.com\/wp-content\/uploads\/2024\/09\/logo6-1-e1733899395598.png\",\"width\":1000,\"height\":282,\"caption\":\"Crane Parts Supplier-HL Crame\"},\"image\":{\"@id\":\"https:\/\/www.hnhlcrane.com\/#\/schema\/logo\/image\/\"}}]}<\/script>\n<!-- \/ Yoast SEO plugin. -->","yoast_head_json":{"title":"Kran C-type spreder - l\u00f8sning til tunge l\u00f8ft og containerh\u00e5ndtering","description":"C-spreder af h\u00f8j kvalitet til sikker og effektiv h\u00e5ndtering af containere og gods. Ideel til traverskraner, portalkraner og havneoperationer.","robots":{"index":"index","follow":"follow","max-snippet":"max-snippet:-1","max-image-preview":"max-image-preview:large","max-video-preview":"max-video-preview:-1"},"canonical":"https:\/\/www.hnhlcrane.com\/da\/produkt\/billet-kranklemmer-kopi\/","og_locale":"da_DK","og_type":"article","og_title":"Crane C-type spreader \u2013 Heavy-Duty Lifting & Container Handling Solution","og_description":"High-quality crane C-type spreader for safe and efficient container and cargo handling. Ideal for overhead cranes, gantry cranes, and port operations.","og_url":"https:\/\/www.hnhlcrane.com\/da\/produkt\/billet-kranklemmer-kopi\/","og_site_name":"Crane Parts Supplier-HL Crame","article_modified_time":"2025-09-10T02:45:04+00:00","og_image":[{"width":600,"height":600,"url":"https:\/\/www.hnhlcrane.com\/wp-content\/uploads\/2024\/11\/Crane-C-type-spreader-1.jpg","type":"image\/jpeg"}],"twitter_card":"summary_large_image","twitter_misc":{"Estimeret l\u00e6setid":"2 minutter"},"schema":{"@context":"https:\/\/schema.org","@graph":[{"@type":"WebPage","@id":"https:\/\/www.hnhlcrane.com\/product\/billet-crane-clamps-copy\/","url":"https:\/\/www.hnhlcrane.com\/product\/billet-crane-clamps-copy\/","name":"Kran C-type spreder - l\u00f8sning til tunge l\u00f8ft og containerh\u00e5ndtering","isPartOf":{"@id":"https:\/\/www.hnhlcrane.com\/#website"},"primaryImageOfPage":{"@id":"https:\/\/www.hnhlcrane.com\/product\/billet-crane-clamps-copy\/#primaryimage"},"image":{"@id":"https:\/\/www.hnhlcrane.com\/product\/billet-crane-clamps-copy\/#primaryimage"},"thumbnailUrl":"https:\/\/www.hnhlcrane.com\/wp-content\/uploads\/2024\/11\/Crane-C-type-spreader-1.jpg","datePublished":"2024-11-25T16:45:41+00:00","dateModified":"2025-09-10T02:45:04+00:00","description":"C-spreder af h\u00f8j kvalitet til sikker og effektiv h\u00e5ndtering af containere og gods. Ideel til traverskraner, portalkraner og havneoperationer.","breadcrumb":{"@id":"https:\/\/www.hnhlcrane.com\/product\/billet-crane-clamps-copy\/#breadcrumb"},"inLanguage":"da-DK","potentialAction":[{"@type":"ReadAction","target":["https:\/\/www.hnhlcrane.com\/product\/billet-crane-clamps-copy\/"]}]},{"@type":"ImageObject","inLanguage":"da-DK","@id":"https:\/\/www.hnhlcrane.com\/product\/billet-crane-clamps-copy\/#primaryimage","url":"https:\/\/www.hnhlcrane.com\/wp-content\/uploads\/2024\/11\/Crane-C-type-spreader-1.jpg","contentUrl":"https:\/\/www.hnhlcrane.com\/wp-content\/uploads\/2024\/11\/Crane-C-type-spreader-1.jpg","width":600,"height":600},{"@type":"BreadcrumbList","@id":"https:\/\/www.hnhlcrane.com\/product\/billet-crane-clamps-copy\/#breadcrumb","itemListElement":[{"@type":"ListItem","position":1,"name":"home","item":"https:\/\/www.hnhlcrane.com\/"},{"@type":"ListItem","position":2,"name":"products","item":"https:\/\/www.hnhlcrane.com\/products\/"},{"@type":"ListItem","position":3,"name":"Crane C-type spreader"}]},{"@type":"WebSite","@id":"https:\/\/www.hnhlcrane.com\/#website","url":"https:\/\/www.hnhlcrane.com\/","name":"Leverand\u00f8r af krandele - HL Crame","description":"One-stop-l\u00f8sning til alle dine behov for krandele, krankrog, krantromle, kranhjul, krankobling, krangearkasse, kranmotor, kranbremse, speciel kranspreder, krangreb, containerspreder, billetkranklemmer, kran C-type spreder,L\u00f8fteelektromagnet, kranskinneklemmer, elektrisk talje, FEM standard kranendevogne, lette krandele, arbejdsstationskandele, kranelektriske dele, I-bj\u00e6lkekabelvogn, kranfjernbetjening, kranens elektriske kontrolskab,Kranbegr\u00e6nsningskontakt, Kran lyd- og lysalarm, Heavy Duty Aviation Connector, Kran overbelastningsbegr\u00e6nser, Kina krandele leverand\u00f8r, Kran kroge, Gantry kran krog, Kran tilbeh\u00f8r, Smedet krog, krogbehandling, Krogproducent, Kina standard kran krog, elektrisk hejse krog, Kran remskive, Krog remskive, Valset remskive, Kran remskive leverand\u00f8r, Europ\u00e6isk krog remskive, Gantry kran krog remskive, WZL type krantromle, Europ\u00e6isk stil rulles\u00e6t, Kranrulle,krandele,Tromlebehandling,krantromleproducent,St\u00f8bt st\u00e5ltromle,Elektrisk hejsetromle,Krantromlemontering,DRS-hjulblokke,Europ\u00e6isk kranhjul,Smedede hjul,Aktivt hjuls\u00e6t,K\u00f8rehjuls\u00e6t,Drevet hjulgruppe,Kranhjulproducent,Demag-kranhjul,Konecranes-kranhjul,Overheadkranhjul,Akselkoblinger,Kraftoverf\u00f8rselskoblinger,Skivekoblinger,V\u00e6skekoblinger,Koblingsproducent,Cardankobling,Kranreduktion,Crane Decelerators, Reducer gearkasse, Reducer til kran, Gear Reducer For Crane, Hard tooth surface reducerCrane and hoist reducer, Flender reducer, Reducer producent, ZQ reducer, QJ reducer, QJY reducer, Gear Motors, Konecranes reducer,F-serie tre-i-en reducer, K-serie tre-i-en reducer, rejsemaskiner, rejsemotor med gear, gearmotor til kranrejser, rejsemaskiner Frekvensomformermotorer, FEM-standard gearmotorer, kranmotorer,Invertermotorer,Hejsemotorer,motorKranmotorer,Specialmotor til kran,YZR YZP YZ-serie motorer,Kran- og hejsemotor,Frekvensomformningsmotor,Elektrohydrauliske tromlebremser,Elektrohydrauliske skivebremser,Bremse,Overheadkranbremser,Skivebremser,Elektromagnetisk skivebremse,Kranhydraulisk skivebremse,Bremseproducent,kran Sikkerhedsbremser,Singlr reb grab,Fire reb grab,Elektrohydraulisk multi-flap grab,Orange peel grab,Elektrisk motorgreb,Electro-Hydraulicclamshell grab, grab producenter, Container spreder producenter, 20ft Container Spreader, Semi Automatic container spreader, 40ft Container Lifting Frame, TEC container Spreader, Billet lifting clamp, Billet Clamps, Billet crane clamps manufacturer, billet lifting clamps china supplier, Coil C-Type Hook, coil hook, Overhead Crane Steel Coil C-Type Hook, Crane C-hook, C-type spreader, C-type hook, Crane magneter, Rail fixing device,Kranskinnefastg\u00f8relsesanordning, kranskinneklemme, CD \/ MD Wire Rope Electric Hoist, Wire Rope Electric Hoist China Manufacturer, Single Girder Wire Rope Electric Hoist, Double Girder Wire Rope Electric Hoist, Chain Hoist, Electric chain hoist manufacturer, Electric chain hoist China distributor, European wire rope electric hoist,European double beam wire rope electric hoist,European Style Single Beam Crane End Carriage,FEN\/DIN European Style Single Beam Crane End Carriage,Kran endebj\u00e6lke producenter, europ\u00e6isk stil hejsev\u00e6rk dobbeltbj\u00e6lke kran endebj\u00e6lke, Suspension kran endebj\u00e6lke, europ\u00e6isk stil oph\u00e6ngt enkelt bj\u00e6lke kran endebj\u00e6lke, FEN \/ DIN Suspension kran endebj\u00e6lke, kran kabelvogn, tr\u00e5dl\u00f8s fjernbetjening, fjernbetjening, kran kontrol h\u00e5ndtag, kran kontrol, elektrisk kontrol kabinet, kran kontrol kabinet, Limit switch, lyd og lys alarm, luftfart stik, hurtig stik, kran luftfart stik, overbelastningsbegr\u00e6nser","publisher":{"@id":"https:\/\/www.hnhlcrane.com\/#organization"},"potentialAction":[{"@type":"SearchAction","target":{"@type":"EntryPoint","urlTemplate":"https:\/\/www.hnhlcrane.com\/?s={search_term_string}"},"query-input":{"@type":"PropertyValueSpecification","valueRequired":true,"valueName":"search_term_string"}}],"inLanguage":"da-DK"},{"@type":"Organization","@id":"https:\/\/www.hnhlcrane.com\/#organization","name":"Leverand\u00f8r af krandele - HL Crame","url":"https:\/\/www.hnhlcrane.com\/","logo":{"@type":"ImageObject","inLanguage":"da-DK","@id":"https:\/\/www.hnhlcrane.com\/#\/schema\/logo\/image\/","url":"https:\/\/www.hnhlcrane.com\/wp-content\/uploads\/2024\/09\/logo6-1-e1733899395598.png","contentUrl":"https:\/\/www.hnhlcrane.com\/wp-content\/uploads\/2024\/09\/logo6-1-e1733899395598.png","width":1000,"height":282,"caption":"Crane Parts Supplier-HL Crame"},"image":{"@id":"https:\/\/www.hnhlcrane.com\/#\/schema\/logo\/image\/"}}]}},"_links":{"self":[{"href":"https:\/\/www.hnhlcrane.com\/da\/wp-json\/wp\/v2\/product\/5472","targetHints":{"allow":["GET"]}}],"collection":[{"href":"https:\/\/www.hnhlcrane.com\/da\/wp-json\/wp\/v2\/product"}],"about":[{"href":"https:\/\/www.hnhlcrane.com\/da\/wp-json\/wp\/v2\/types\/product"}],"version-history":[{"count":2,"href":"https:\/\/www.hnhlcrane.com\/da\/wp-json\/wp\/v2\/product\/5472\/revisions"}],"predecessor-version":[{"id":6955,"href":"https:\/\/www.hnhlcrane.com\/da\/wp-json\/wp\/v2\/product\/5472\/revisions\/6955"}],"wp:featuredmedia":[{"embeddable":true,"href":"https:\/\/www.hnhlcrane.com\/da\/wp-json\/wp\/v2\/media\/5473"}],"wp:attachment":[{"href":"https:\/\/www.hnhlcrane.com\/da\/wp-json\/wp\/v2\/media?parent=5472"}],"wp:term":[{"taxonomy":"product_brand","embeddable":true,"href":"https:\/\/www.hnhlcrane.com\/da\/wp-json\/wp\/v2\/product_brand?post=5472"},{"taxonomy":"product_cat","embeddable":true,"href":"https:\/\/www.hnhlcrane.com\/da\/wp-json\/wp\/v2\/product_cat?post=5472"},{"taxonomy":"product_tag","embeddable":true,"href":"https:\/\/www.hnhlcrane.com\/da\/wp-json\/wp\/v2\/product_tag?post=5472"}],"curies":[{"name":"wp","href":"https:\/\/api.w.org\/{rel}","templated":true}]}}