{"id":5424,"date":"2024-11-25T23:05:17","date_gmt":"2024-11-25T15:05:17","guid":{"rendered":"https:\/\/www.hnhlcrane.com\/?post_type=product&#038;p=5424"},"modified":"2026-04-20T23:23:38","modified_gmt":"2026-04-20T15:23:38","slug":"krangreb","status":"publish","type":"product","link":"https:\/\/www.hnhlcrane.com\/da\/produkt\/krangreb\/","title":{"rendered":"Greb med kran"},"content":{"rendered":"<h6><span style=\"font-family: arial, helvetica, sans-serif; font-size: 18pt;\"><strong>Oversigt over krangreb<\/strong><\/span><\/h6>\n<p>A <strong>krangreb<\/strong> er en specialdesignet l\u00f8fteanordning, der bruges sammen med kraner til h\u00e5ndtering og transport af bulkmaterialer. Den best\u00e5r af to eller flere spandlignende k\u00e6ber, der kan \u00e5bnes og lukkes, og som betjenes af kranens hejse- og \u00e5bnings-\/lukkemekanismer for at gribe og frig\u00f8re materialer. Denne anordning giver h\u00f8j driftseffektivitet og bruges i vid udstr\u00e6kning til h\u00e5ndtering af bulkgods i havne, miner, fabrikker og andre lignende steder.<\/p>\n<hr \/>\n<h6><span style=\"font-family: arial, helvetica, sans-serif; font-size: 18pt;\"><strong>Sikkerhedsretningslinjer for brug <a href=\"https:\/\/www.hnhlcrane.com\/da\/produkter\/speciel-kranspreder\/\" target=\"_blank\" rel=\"noopener\">Kranens greb<\/a><\/strong><\/span><\/h6>\n<p>N\u00e5r man betjener en krangreb, er det vigtigt at f\u00f8lge disse sikkerhedsregler:<\/p>\n<ul>\n<li>Kranen skal betjenes af en certificeret kranf\u00f8rer.<\/li>\n<li>Lad ikke nogen opholde sig p\u00e5 kranen under arbejdet.<\/li>\n<li>N\u00e5r du b\u00e6rer tunge laster, skal du holde en afstand p\u00e5 mindst 0,5 meter over enhver forhindring langs lastens vej.<\/li>\n<li>S\u00f8rg for, at l\u00f8ftetovet og lukketovet holder samme hastighed, n\u00e5r grabben l\u00f8ftes.<\/li>\n<li>Undg\u00e5 at bruge grabben til at l\u00f8fte faste genstande i \u00e9t stykke.<\/li>\n<li>Kontroll\u00e9r, at oph\u00e6ngningstovet er stramt, og at tromlehjulene til lukketovet er i god stand f\u00f8r hvert skift.<\/li>\n<\/ul>\n<hr \/>\n<h6><span style=\"font-family: arial, helvetica, sans-serif; font-size: 18pt;\"><strong>Typer af krangreb og deres egenskaber<\/strong><\/span><\/h6>\n<h6><span style=\"font-family: arial, helvetica, sans-serif; font-size: 14pt;\"><strong>Greb med et enkelt reb<\/strong><\/span><\/h6>\n<ul>\n<li><strong>Mekanisme<\/strong>: Fungerer med en wire til at udf\u00f8re b\u00e5de l\u00f8ft og \u00e5bning\/lukning ved hj\u00e6lp af en s\u00e6rlig l\u00e5semekanisme.<\/li>\n<li><strong>Funktioner<\/strong>: Velegnet til kraner med en enkelt l\u00f8ftetromle (enkeltkrog), hvilket giver mulighed for problemfri \u00e5bning og lukning under lastning og losning. Let at montere og afmontere, hvilket g\u00f8r den velegnet til undervands- og landbaserede operationer som f.eks. gribning og stabling.<\/li>\n<li><strong>Begr\u00e6nsninger<\/strong>: Kan ikke \u00e5bnes i luften, undtagen for h\u00e5ndbetjente eller fjernstyrede typer.<\/li>\n<\/ul>\n<hr \/>\n<h6><span style=\"font-family: arial, helvetica, sans-serif; font-size: 14pt;\"><strong>Greb med dobbelt reb<\/strong><\/span><\/h6>\n<ul>\n<li><strong>Mekanisme<\/strong>: Designet til kraner med dobbelte l\u00f8ftemekanismer (et enkelt reb til hver tromle). Den bruger det ene reb til balance og det andet til at \u00e5bne og lukke grabben.<\/li>\n<li><strong>Funktioner<\/strong>:\n<ul>\n<li>Bruges ofte i havne, dokker og i byggeindustrien.<\/li>\n<li>F\u00e5s i lette, mellemtunge, tunge og ultratunge konfigurationer baseret p\u00e5 materialeegenskaber.<\/li>\n<li>Designet til h\u00e5ndtering af l\u00f8se materialer i l\u00f8s v\u00e6gt.<\/li>\n<\/ul>\n<\/li>\n<\/ul>\n<hr \/>\n<h6><span style=\"font-family: arial, helvetica, sans-serif; font-size: 14pt;\"><strong>Greb med fire reb<\/strong><\/span><\/h6>\n<ul>\n<li><strong>Mekanisme<\/strong>: Bruges til kraner med to s\u00e6t wiretromler. Den bruger to reb til st\u00f8tte og to til at \u00e5bne og lukke k\u00e6berne.<\/li>\n<li><strong>Anvendelser<\/strong>: Velegnet til opgaver som l\u00e6sning, afl\u00e6sning, stabling og tilf\u00f8rsel af materialer. Bruges ofte sammen med bro- eller portalkraner.<\/li>\n<li><strong>Tilpasning<\/strong>: Kan skr\u00e6ddersys med t\u00e6nder, parallelle bj\u00e6lker eller til undervandsoperationer baseret p\u00e5 brugerbehov og materialeegenskaber.<\/li>\n<\/ul>\n<hr \/>\n<h6><span style=\"font-family: arial, helvetica, sans-serif; font-size: 14pt;\"><strong>Greb med flere kl\u00f8er<\/strong><\/span><\/h6>\n<ul>\n<li><strong>Anvendelser<\/strong>: H\u00e5ndterer effektivt metalskrot, store faste materialer og affald i udfordrende milj\u00f8er som havne, jernbaner, metallurgi og byggeri.<\/li>\n<li><strong>Funktioner<\/strong>:\n<ul>\n<li>F\u00e5s i modeller med enkelt reb, dobbelt reb, fire reb og elektrisk.<\/li>\n<li>K\u00e6berne lukker individuelt baseret p\u00e5 materialets st\u00f8rrelse og form, hvilket sikrer effektiv h\u00e5ndtering.<\/li>\n<li>Designet med 4 til 8 k\u00e6ber, der kan tilpasses ud fra brugerkrav og materialeegenskaber.<\/li>\n<\/ul>\n<\/li>\n<\/ul>\n<hr \/>\n<h6><span style=\"font-family: arial, helvetica, sans-serif; font-size: 14pt;\"><strong>Tag fat i tr\u00e6stammen<\/strong><\/span><\/h6>\n<ul>\n<li><strong>Anvendelser<\/strong>: Specielt designet til h\u00e5ndtering af t\u00f8mmer p\u00e5 t\u00f8mmerpladser, store tr\u00e6bearbejdningsfabrikker, papirfabrikker og havne. Bruges til losning af skibe, stabling af tr\u00e6stammer og andre relaterede opgaver.<\/li>\n<li><strong>Funktioner<\/strong>:\n<ul>\n<li>F\u00e5s i modeller med enkelt reb, dobbelt reb, fire reb og elektrisk.<\/li>\n<li>Kan tilpasses til at opfylde specifikke brugerbehov.<\/li>\n<\/ul>\n<\/li>\n<\/ul>\n<hr \/>\n<h6><span style=\"font-family: arial, helvetica, sans-serif; font-size: 14pt;\"><strong>Motoriseret greb<\/strong><\/span><\/h6>\n<ul>\n<li><strong>Mekanisme<\/strong>: Udstyret med sin egen \u00e5bne-\/lukkemekanisme, der g\u00f8r det muligt at h\u00e5ndtere materialer i enhver h\u00f8jde.<\/li>\n<li><strong>Funktioner<\/strong>:\n<ul>\n<li>H\u00f8jere produktivitet sammenlignet med grabber med enkelt reb.<\/li>\n<li>Nem p\u00e5- og afmontering med h\u00f8j effektivitet ved p\u00e5- og afl\u00e6sning.<\/li>\n<li>Velegnet til h\u00e5ndtering af l\u00f8se bulkmaterialer.<\/li>\n<li>Kr\u00e6ver en kabeltromle til energiforsyning for h\u00f8jere l\u00f8fteh\u00f8jder.<\/li>\n<\/ul>\n<\/li>\n<li><strong>Begr\u00e6nsning<\/strong>: Ikke egnet til undervandsarbejde.<\/li>\n<\/ul>\n<hr \/>\n<h6><span style=\"font-family: arial, helvetica, sans-serif; font-size: 14pt;\"><strong>Elektrisk hydraulisk multiklo-grab<\/strong><\/span><\/h6>\n<ul>\n<li><strong>Anvendelser<\/strong>: Designet til h\u00e5ndtering af uregelm\u00e6ssige og store materialer som st\u00e5lskrot, r\u00e5jern, malm og affald i barske milj\u00f8er, hvilket effektivt erstatter manuelt arbejde.<\/li>\n<li><strong>Funktioner<\/strong>:\n<ul>\n<li>Udstyret med et uafh\u00e6ngigt hydraulisk system, der bruger komponenter af h\u00f8j kvalitet til fremragende ydeevne.<\/li>\n<li>Hver k\u00e6be drives af en separat hydraulisk cylinder, hvilket sikrer, at der ikke spildes materiale.<\/li>\n<li>Inkluderer et kabelstik p\u00e5 toppen for nem integration af kranen.<\/li>\n<li>F\u00e5s i flere konfigurationer: cirkul\u00e6re eller rektangul\u00e6re k\u00e6ber og lukkede, halv\u00e5bne eller \u00e5bne klo-designs.<\/li>\n<\/ul>\n<\/li>\n<\/ul>","protected":false},"excerpt":{"rendered":"<p>Singlr reb grab, Fire reb grab, Elektrohydraulisk multi-flap grab, Orange peel grab, Elektrisk motor grab, Elektro-hydraulisk clamshell grab<\/p>","protected":false},"featured_media":5443,"template":"","meta":{"_kad_post_transparent":"default","_kad_post_title":"","_kad_post_layout":"default","_kad_post_sidebar_id":"","_kad_post_content_style":"default","_kad_post_vertical_padding":"show","_kad_post_feature":"","_kad_post_feature_position":"","_kad_post_header":false,"_kad_post_footer":false},"product_brand":[],"product_cat":[59],"product_tag":[186,191,189,192,188,193,190,187,185],"class_list":{"0":"post-5424","1":"product","2":"type-product","3":"status-publish","4":"has-post-thumbnail","6":"product_cat-special-crane-spreader","7":"product_tag-crane-grab","8":"product_tag-electric-motor-grab","9":"product_tag-electro-hydraulic-multi-flap-grab","10":"product_tag-electro-hydraulicclamshell-grab","11":"product_tag-four-rope-grab","12":"product_tag-grab-manufacturers","13":"product_tag-orange-peel-grab","14":"product_tag-singlr-rope-grab","15":"product_tag-special-crane-spreader","17":"first","18":"instock","19":"featured","20":"shipping-taxable","21":"product-type-simple","22":"entry","23":"content-bg","24":"loop-entry"},"yoast_head":"<!-- This site is optimized with the Yoast SEO plugin v25.6 - https:\/\/yoast.com\/wordpress\/plugins\/seo\/ -->\n<title>Crane Grab for Bulk Material Handling | Heavy Duty &amp; Custom Design<\/title>\n<meta name=\"description\" content=\"Looking for reliable crane grab? We supply heavy-duty clamshell, orange peel and scrap grabs for ports, steel plants and bulk handling. Custom design available. Get a quote today.\" \/>\n<meta name=\"robots\" content=\"index, follow, max-snippet:-1, max-image-preview:large, max-video-preview:-1\" \/>\n<link rel=\"canonical\" href=\"https:\/\/www.hnhlcrane.com\/da\/produkt\/krangreb\/\" \/>\n<meta property=\"og:locale\" content=\"da_DK\" \/>\n<meta property=\"og:type\" content=\"article\" \/>\n<meta property=\"og:title\" content=\"Crane Grab for Bulk Material Handling | Heavy Duty &amp; Custom Design\" \/>\n<meta property=\"og:description\" content=\"Looking for reliable crane grab? We supply heavy-duty clamshell, orange peel and scrap grabs for ports, steel plants and bulk handling. Custom design available. Get a quote today.\" \/>\n<meta property=\"og:url\" content=\"https:\/\/www.hnhlcrane.com\/da\/produkt\/krangreb\/\" \/>\n<meta property=\"og:site_name\" content=\"Crane Parts Supplier-HL Crame\" \/>\n<meta property=\"article:modified_time\" content=\"2026-04-20T15:23:38+00:00\" \/>\n<meta property=\"og:image\" content=\"https:\/\/www.hnhlcrane.com\/wp-content\/uploads\/2024\/11\/Crane-grab-16.jpg\" \/>\n\t<meta property=\"og:image:width\" content=\"600\" \/>\n\t<meta property=\"og:image:height\" content=\"600\" \/>\n\t<meta property=\"og:image:type\" content=\"image\/jpeg\" \/>\n<meta name=\"twitter:card\" content=\"summary_large_image\" \/>\n<meta name=\"twitter:label1\" content=\"Estimeret l\u00e6setid\" \/>\n\t<meta name=\"twitter:data1\" content=\"3 minutter\" \/>\n<script type=\"application\/ld+json\" class=\"yoast-schema-graph\">{\"@context\":\"https:\/\/schema.org\",\"@graph\":[{\"@type\":\"WebPage\",\"@id\":\"https:\/\/www.hnhlcrane.com\/product\/crane-grab\/\",\"url\":\"https:\/\/www.hnhlcrane.com\/product\/crane-grab\/\",\"name\":\"Crane Grab for Bulk Material Handling | Heavy Duty & Custom Design\",\"isPartOf\":{\"@id\":\"https:\/\/www.hnhlcrane.com\/#website\"},\"primaryImageOfPage\":{\"@id\":\"https:\/\/www.hnhlcrane.com\/product\/crane-grab\/#primaryimage\"},\"image\":{\"@id\":\"https:\/\/www.hnhlcrane.com\/product\/crane-grab\/#primaryimage\"},\"thumbnailUrl\":\"https:\/\/www.hnhlcrane.com\/wp-content\/uploads\/2024\/11\/Crane-grab-16.jpg\",\"datePublished\":\"2024-11-25T15:05:17+00:00\",\"dateModified\":\"2026-04-20T15:23:38+00:00\",\"description\":\"Looking for reliable crane grab? We supply heavy-duty clamshell, orange peel and scrap grabs for ports, steel plants and bulk handling. Custom design available. Get a quote today.\",\"breadcrumb\":{\"@id\":\"https:\/\/www.hnhlcrane.com\/product\/crane-grab\/#breadcrumb\"},\"inLanguage\":\"da-DK\",\"potentialAction\":[{\"@type\":\"ReadAction\",\"target\":[\"https:\/\/www.hnhlcrane.com\/product\/crane-grab\/\"]}]},{\"@type\":\"ImageObject\",\"inLanguage\":\"da-DK\",\"@id\":\"https:\/\/www.hnhlcrane.com\/product\/crane-grab\/#primaryimage\",\"url\":\"https:\/\/www.hnhlcrane.com\/wp-content\/uploads\/2024\/11\/Crane-grab-16.jpg\",\"contentUrl\":\"https:\/\/www.hnhlcrane.com\/wp-content\/uploads\/2024\/11\/Crane-grab-16.jpg\",\"width\":600,\"height\":600},{\"@type\":\"BreadcrumbList\",\"@id\":\"https:\/\/www.hnhlcrane.com\/product\/crane-grab\/#breadcrumb\",\"itemListElement\":[{\"@type\":\"ListItem\",\"position\":1,\"name\":\"home\",\"item\":\"https:\/\/www.hnhlcrane.com\/\"},{\"@type\":\"ListItem\",\"position\":2,\"name\":\"products\",\"item\":\"https:\/\/www.hnhlcrane.com\/products\/\"},{\"@type\":\"ListItem\",\"position\":3,\"name\":\"Crane grab\"}]},{\"@type\":\"WebSite\",\"@id\":\"https:\/\/www.hnhlcrane.com\/#website\",\"url\":\"https:\/\/www.hnhlcrane.com\/\",\"name\":\"Crane Parts Supplier-HL Crame\",\"description\":\"One-stop solution for all your  crane parts needs,Crane Hook,Crane Drum,Crane Wheel,Crane Coupling,Crane Gearbox,Crane Motor,Crane Brake,Special Crane Spreader,Crane grab,Container spreader,Billet crane clamps,Crane C-type spreader,Lifting Electromagnet,Crane Rail Clips,Electric Hoist,FEM Standard Crane End Carriages,Light Crane Parts,Workstation Crane Parts,Crane Electrical Parts,I-beam cable trolley,Crane remote controller,Crane electrical control cabinet,Crane limit switch,Crane sound and light alarm,Heavy Duty Aviation Connector,Crane overload limiter,China Crane Parts Supplier,Crane hooks,Gantry crane hook,Crane accessories,Forged hook,hook processing,Hook manufacturer,China standard crane hook,electric hoist hook,Crane pulley,Hook pulley,Rolled pulley,Crane Pulley Supplier\uff0cEuropean hook pulley,Gantry crane hook pulley,WZL type crane drum,European style reel set,Crane reel,crane parts,Drum processing,crane drum manufacturer,Cast steel drum,Electric hoist drum,Crane drum assembly,DRS Wheel Blocks,European crane wheel,Forged wheels,Active wheel set,Driving wheel set,Driven wheel group,crane wheels manufacturer,Demag crane wheels,Konecranes Crane Wheels,Overhead crane Wheel,Shaft couplings,Power Transmission Couplings,Disc Couplings,Fluid couplings,Coupling manufacturer\uff0cCardan coupling,Crane Reducer,Crane Decelerators,Reducer gearbox,Reducer for crane,Gear Reducer For Crane,Hard tooth surface reducerCrane and hoist reducer,Flender reducer,Reducer manufacturer,ZQ reducer,QJ reducer,QJY reducer,Gear Motors,Konecranes reducer,F series three-in-one reducer,K series three-in-one reducer,travelling machinery,Travelling Motor With Gear,Gear Motor for Crane Traveling,Travelling machinery Frequency inverter motors,FEM standard Gear Motors,Crane motors,Inverter motors,Hoist motors,motorCrane duty motors,Special motor for crane,YZR YZP YZ series motors,Crane and hoist motor,Frequency conversion motor,Electro hydraulic drum brakes,Electro-hydraulic disc brakes,Brake,Overhead Crane Brakes,Disc brakes,Electromagnetic disk brake,Crane hydraulic disc brake,Brakes manufacturer,crane Safety brakes,Singlr rope grab,Four rope grab,Electro-hydraulic multi-flap grab,Orange peel grab,Electric motor grab,Electro-Hydraulicclamshell grab,grab manufacturers,Container spreader manufacturers,20ft Container Spreader,Semi Automatic container spreader,40ft Container Lifting Frame,TEC container Spreader,Billet lifting clamp,Billet Clamps,Billet crane clamps manufacturer,billet lifting clamps china supplier,Coil C-Type Hook,coil hook,Overhead Crane Steel Coil C-Type Hook,Crane C-hook,C-type spreader,C-type hook,Crane magnets,Rail fixing device,Crane Rail fixing device,crane Rail Clamp,CD\/MD Wire Rope Electric Hoist,Wire Rope Electric Hoist China Manufacturer,Single Girder Wire Rope Electric Hoist,Double Girder Wire Rope Electric Hoist,Chain Hoist,Electric chain hoist manufacturer,Electric chain hoist China distributor,European wire rope electric hoist\uff0cEuropean double beam wire rope electric hoist,European Style Single Beam Crane End Carriage,FEN\/DIN European Style Single Beam Crane End Carriage,Crane end beam manufacturers,European style hoist double beam crane end beam,Suspension crane end beam,European style suspended single beam crane end beam,FEN\/DIN Suspension crane end beam,crane cable trolley,Wireless remote control,remote controller,Crane control handle,Crane Controls,electrical control cabinet,crane control cabinet,Limit switch,Sound and light alarm,Aviation plug,quick connector,Crane aviation plug,Overload limiter\",\"publisher\":{\"@id\":\"https:\/\/www.hnhlcrane.com\/#organization\"},\"potentialAction\":[{\"@type\":\"SearchAction\",\"target\":{\"@type\":\"EntryPoint\",\"urlTemplate\":\"https:\/\/www.hnhlcrane.com\/?s={search_term_string}\"},\"query-input\":{\"@type\":\"PropertyValueSpecification\",\"valueRequired\":true,\"valueName\":\"search_term_string\"}}],\"inLanguage\":\"da-DK\"},{\"@type\":\"Organization\",\"@id\":\"https:\/\/www.hnhlcrane.com\/#organization\",\"name\":\"Crane Parts Supplier-HL Crame\",\"url\":\"https:\/\/www.hnhlcrane.com\/\",\"logo\":{\"@type\":\"ImageObject\",\"inLanguage\":\"da-DK\",\"@id\":\"https:\/\/www.hnhlcrane.com\/#\/schema\/logo\/image\/\",\"url\":\"https:\/\/www.hnhlcrane.com\/wp-content\/uploads\/2024\/09\/logo6-1-e1733899395598.png\",\"contentUrl\":\"https:\/\/www.hnhlcrane.com\/wp-content\/uploads\/2024\/09\/logo6-1-e1733899395598.png\",\"width\":1000,\"height\":282,\"caption\":\"Crane Parts Supplier-HL Crame\"},\"image\":{\"@id\":\"https:\/\/www.hnhlcrane.com\/#\/schema\/logo\/image\/\"}}]}<\/script>\n<!-- \/ Yoast SEO plugin. -->","yoast_head_json":{"title":"Krangreb til h\u00e5ndtering af bulkmaterialer | Heavy Duty &amp; Custom Design","description":"Leder du efter en p\u00e5lidelig krangriber? Vi leverer heavy-duty clamshell-, orange peel- og skrotgrabber til havne, st\u00e5lv\u00e6rker og bulkh\u00e5ndtering. Tilpasset design er muligt. F\u00e5 et tilbud i dag.","robots":{"index":"index","follow":"follow","max-snippet":"max-snippet:-1","max-image-preview":"max-image-preview:large","max-video-preview":"max-video-preview:-1"},"canonical":"https:\/\/www.hnhlcrane.com\/da\/produkt\/krangreb\/","og_locale":"da_DK","og_type":"article","og_title":"Crane Grab for Bulk Material Handling | Heavy Duty & Custom Design","og_description":"Looking for reliable crane grab? We supply heavy-duty clamshell, orange peel and scrap grabs for ports, steel plants and bulk handling. Custom design available. Get a quote today.","og_url":"https:\/\/www.hnhlcrane.com\/da\/produkt\/krangreb\/","og_site_name":"Crane Parts Supplier-HL Crame","article_modified_time":"2026-04-20T15:23:38+00:00","og_image":[{"width":600,"height":600,"url":"https:\/\/www.hnhlcrane.com\/wp-content\/uploads\/2024\/11\/Crane-grab-16.jpg","type":"image\/jpeg"}],"twitter_card":"summary_large_image","twitter_misc":{"Estimeret l\u00e6setid":"3 minutter"},"schema":{"@context":"https:\/\/schema.org","@graph":[{"@type":"WebPage","@id":"https:\/\/www.hnhlcrane.com\/product\/crane-grab\/","url":"https:\/\/www.hnhlcrane.com\/product\/crane-grab\/","name":"Krangreb til h\u00e5ndtering af bulkmaterialer | Heavy Duty &amp; Custom Design","isPartOf":{"@id":"https:\/\/www.hnhlcrane.com\/#website"},"primaryImageOfPage":{"@id":"https:\/\/www.hnhlcrane.com\/product\/crane-grab\/#primaryimage"},"image":{"@id":"https:\/\/www.hnhlcrane.com\/product\/crane-grab\/#primaryimage"},"thumbnailUrl":"https:\/\/www.hnhlcrane.com\/wp-content\/uploads\/2024\/11\/Crane-grab-16.jpg","datePublished":"2024-11-25T15:05:17+00:00","dateModified":"2026-04-20T15:23:38+00:00","description":"Leder du efter en p\u00e5lidelig krangriber? Vi leverer heavy-duty clamshell-, orange peel- og skrotgrabber til havne, st\u00e5lv\u00e6rker og bulkh\u00e5ndtering. Tilpasset design er muligt. F\u00e5 et tilbud i dag.","breadcrumb":{"@id":"https:\/\/www.hnhlcrane.com\/product\/crane-grab\/#breadcrumb"},"inLanguage":"da-DK","potentialAction":[{"@type":"ReadAction","target":["https:\/\/www.hnhlcrane.com\/product\/crane-grab\/"]}]},{"@type":"ImageObject","inLanguage":"da-DK","@id":"https:\/\/www.hnhlcrane.com\/product\/crane-grab\/#primaryimage","url":"https:\/\/www.hnhlcrane.com\/wp-content\/uploads\/2024\/11\/Crane-grab-16.jpg","contentUrl":"https:\/\/www.hnhlcrane.com\/wp-content\/uploads\/2024\/11\/Crane-grab-16.jpg","width":600,"height":600},{"@type":"BreadcrumbList","@id":"https:\/\/www.hnhlcrane.com\/product\/crane-grab\/#breadcrumb","itemListElement":[{"@type":"ListItem","position":1,"name":"home","item":"https:\/\/www.hnhlcrane.com\/"},{"@type":"ListItem","position":2,"name":"products","item":"https:\/\/www.hnhlcrane.com\/products\/"},{"@type":"ListItem","position":3,"name":"Crane grab"}]},{"@type":"WebSite","@id":"https:\/\/www.hnhlcrane.com\/#website","url":"https:\/\/www.hnhlcrane.com\/","name":"Leverand\u00f8r af krandele - HL Crame","description":"One-stop-l\u00f8sning til alle dine behov for krandele, krankrog, krantromle, kranhjul, krankobling, krangearkasse, kranmotor, kranbremse, speciel kranspreder, krangreb, containerspreder, billetkranklemmer, kran C-type spreder,L\u00f8fteelektromagnet, kranskinneklemmer, elektrisk talje, FEM standard kranendevogne, lette krandele, arbejdsstationskandele, kranelektriske dele, I-bj\u00e6lkekabelvogn, kranfjernbetjening, kranens elektriske kontrolskab,Kranbegr\u00e6nsningskontakt, Kran lyd- og lysalarm, Heavy Duty Aviation Connector, Kran overbelastningsbegr\u00e6nser, Kina krandele leverand\u00f8r, Kran kroge, Gantry kran krog, Kran tilbeh\u00f8r, Smedet krog, krogbehandling, Krogproducent, Kina standard kran krog, elektrisk hejse krog, Kran remskive, Krog remskive, Valset remskive, Kran remskive leverand\u00f8r, Europ\u00e6isk krog remskive, Gantry kran krog remskive, WZL type krantromle, Europ\u00e6isk stil rulles\u00e6t, Kranrulle,krandele,Tromlebehandling,krantromleproducent,St\u00f8bt st\u00e5ltromle,Elektrisk hejsetromle,Krantromlemontering,DRS-hjulblokke,Europ\u00e6isk kranhjul,Smedede hjul,Aktivt hjuls\u00e6t,K\u00f8rehjuls\u00e6t,Drevet hjulgruppe,Kranhjulproducent,Demag-kranhjul,Konecranes-kranhjul,Overheadkranhjul,Akselkoblinger,Kraftoverf\u00f8rselskoblinger,Skivekoblinger,V\u00e6skekoblinger,Koblingsproducent,Cardankobling,Kranreduktion,Crane Decelerators, Reducer gearkasse, Reducer til kran, Gear Reducer For Crane, Hard tooth surface reducerCrane and hoist reducer, Flender reducer, Reducer producent, ZQ reducer, QJ reducer, QJY reducer, Gear Motors, Konecranes reducer,F-serie tre-i-en reducer, K-serie tre-i-en reducer, rejsemaskiner, rejsemotor med gear, gearmotor til kranrejser, rejsemaskiner Frekvensomformermotorer, FEM-standard gearmotorer, kranmotorer,Invertermotorer,Hejsemotorer,motorKranmotorer,Specialmotor til kran,YZR YZP YZ-serie motorer,Kran- og hejsemotor,Frekvensomformningsmotor,Elektrohydrauliske tromlebremser,Elektrohydrauliske skivebremser,Bremse,Overheadkranbremser,Skivebremser,Elektromagnetisk skivebremse,Kranhydraulisk skivebremse,Bremseproducent,kran Sikkerhedsbremser,Singlr reb grab,Fire reb grab,Elektrohydraulisk multi-flap grab,Orange peel grab,Elektrisk motorgreb,Electro-Hydraulicclamshell grab, grab producenter, Container spreder producenter, 20ft Container Spreader, Semi Automatic container spreader, 40ft Container Lifting Frame, TEC container Spreader, Billet lifting clamp, Billet Clamps, Billet crane clamps manufacturer, billet lifting clamps china supplier, Coil C-Type Hook, coil hook, Overhead Crane Steel Coil C-Type Hook, Crane C-hook, C-type spreader, C-type hook, Crane magneter, Rail fixing device,Kranskinnefastg\u00f8relsesanordning, kranskinneklemme, CD \/ MD Wire Rope Electric Hoist, Wire Rope Electric Hoist China Manufacturer, Single Girder Wire Rope Electric Hoist, Double Girder Wire Rope Electric Hoist, Chain Hoist, Electric chain hoist manufacturer, Electric chain hoist China distributor, European wire rope electric hoist,European double beam wire rope electric hoist,European Style Single Beam Crane End Carriage,FEN\/DIN European Style Single Beam Crane End Carriage,Kran endebj\u00e6lke producenter, europ\u00e6isk stil hejsev\u00e6rk dobbeltbj\u00e6lke kran endebj\u00e6lke, Suspension kran endebj\u00e6lke, europ\u00e6isk stil oph\u00e6ngt enkelt bj\u00e6lke kran endebj\u00e6lke, FEN \/ DIN Suspension kran endebj\u00e6lke, kran kabelvogn, tr\u00e5dl\u00f8s fjernbetjening, fjernbetjening, kran kontrol h\u00e5ndtag, kran kontrol, elektrisk kontrol kabinet, kran kontrol kabinet, Limit switch, lyd og lys alarm, luftfart stik, hurtig stik, kran luftfart stik, overbelastningsbegr\u00e6nser","publisher":{"@id":"https:\/\/www.hnhlcrane.com\/#organization"},"potentialAction":[{"@type":"SearchAction","target":{"@type":"EntryPoint","urlTemplate":"https:\/\/www.hnhlcrane.com\/?s={search_term_string}"},"query-input":{"@type":"PropertyValueSpecification","valueRequired":true,"valueName":"search_term_string"}}],"inLanguage":"da-DK"},{"@type":"Organization","@id":"https:\/\/www.hnhlcrane.com\/#organization","name":"Leverand\u00f8r af krandele - HL Crame","url":"https:\/\/www.hnhlcrane.com\/","logo":{"@type":"ImageObject","inLanguage":"da-DK","@id":"https:\/\/www.hnhlcrane.com\/#\/schema\/logo\/image\/","url":"https:\/\/www.hnhlcrane.com\/wp-content\/uploads\/2024\/09\/logo6-1-e1733899395598.png","contentUrl":"https:\/\/www.hnhlcrane.com\/wp-content\/uploads\/2024\/09\/logo6-1-e1733899395598.png","width":1000,"height":282,"caption":"Crane Parts Supplier-HL Crame"},"image":{"@id":"https:\/\/www.hnhlcrane.com\/#\/schema\/logo\/image\/"}}]}},"_links":{"self":[{"href":"https:\/\/www.hnhlcrane.com\/da\/wp-json\/wp\/v2\/product\/5424","targetHints":{"allow":["GET"]}}],"collection":[{"href":"https:\/\/www.hnhlcrane.com\/da\/wp-json\/wp\/v2\/product"}],"about":[{"href":"https:\/\/www.hnhlcrane.com\/da\/wp-json\/wp\/v2\/types\/product"}],"version-history":[{"count":1,"href":"https:\/\/www.hnhlcrane.com\/da\/wp-json\/wp\/v2\/product\/5424\/revisions"}],"predecessor-version":[{"id":6951,"href":"https:\/\/www.hnhlcrane.com\/da\/wp-json\/wp\/v2\/product\/5424\/revisions\/6951"}],"wp:featuredmedia":[{"embeddable":true,"href":"https:\/\/www.hnhlcrane.com\/da\/wp-json\/wp\/v2\/media\/5443"}],"wp:attachment":[{"href":"https:\/\/www.hnhlcrane.com\/da\/wp-json\/wp\/v2\/media?parent=5424"}],"wp:term":[{"taxonomy":"product_brand","embeddable":true,"href":"https:\/\/www.hnhlcrane.com\/da\/wp-json\/wp\/v2\/product_brand?post=5424"},{"taxonomy":"product_cat","embeddable":true,"href":"https:\/\/www.hnhlcrane.com\/da\/wp-json\/wp\/v2\/product_cat?post=5424"},{"taxonomy":"product_tag","embeddable":true,"href":"https:\/\/www.hnhlcrane.com\/da\/wp-json\/wp\/v2\/product_tag?post=5424"}],"curies":[{"name":"wp","href":"https:\/\/api.w.org\/{rel}","templated":true}]}}