{"id":5534,"date":"2024-11-29T22:13:04","date_gmt":"2024-11-29T14:13:04","guid":{"rendered":"https:\/\/www.hnhlcrane.com\/?post_type=product&#038;p=5534"},"modified":"2024-11-29T22:17:33","modified_gmt":"2024-11-29T14:17:33","slug":"cgbk-kolejnicove-svorky","status":"publish","type":"product","link":"https:\/\/www.hnhlcrane.com\/cs\/produkt\/cgbk-kolejnicove-svorky\/","title":{"rendered":"Klipy CGBK Rail"},"content":{"rendered":"<h6><span style=\"font-family: arial, helvetica, sans-serif; font-size: 18pt;\"><strong>Vlastnosti kolejnicov\u00fdch svorek CGBK<\/strong><\/span><\/h6>\n<ol>\n<li><strong>Snadn\u00e1 instalace a \u00fadr\u017eba<\/strong><br \/>\nKolejnicov\u00e9 svorky CGBK jsou navr\u017eeny tak, aby usnad\u0148ovaly instalaci, nastaven\u00ed a v\u00fdm\u011bnu kolejnic a zaji\u0161\u0165ovaly efektivitu provozu.<\/li>\n<li><strong>Sn\u00ed\u017een\u00ed hluku a tlumen\u00ed vibrac\u00ed<\/strong><br \/>\nD\u00edky pry\u017eov\u00e9mu jazyku a kompozitn\u00ed pry\u017eov\u00e9 podlo\u017ece poskytuj\u00ed klipsy tlumen\u00ed a \u00fa\u010dinn\u011b sni\u017euj\u00ed hluk.<\/li>\n<li><strong>Specifikace kroutic\u00edho momentu \u0161roubu<\/strong><br \/>\n\u0160rouby M22 pou\u017eit\u00e9 v syst\u00e9mu se utahuj\u00ed kroutic\u00edm momentem 170 N-m.<\/li>\n<li><strong>Maxim\u00e1ln\u00ed bo\u010dn\u00ed s\u00edla<\/strong><br \/>\nKlipy vydr\u017e\u00ed maxim\u00e1ln\u00ed bo\u010dn\u00ed s\u00edlu 80 kN, co\u017e zaji\u0161\u0165uje stabilitu p\u0159i velk\u00e9m zat\u00ed\u017een\u00ed.<\/li>\n<\/ol>\n<hr \/>\n<h6><span style=\"font-family: arial, helvetica, sans-serif; font-size: 18pt;\"><strong>Kl\u00ed\u010dov\u00e1 hlediska pro v\u00fdb\u011br kolejnicov\u00fdch svorek CGBK<\/strong><\/span><\/h6>\n<ol>\n<li><strong>Kompatibilita s koly a kolejnicemi je\u0159\u00e1bu<\/strong>\n<ul>\n<li>Vodorovn\u00e1 kola je\u0159\u00e1bu mus\u00ed odpov\u00eddat specifikac\u00edm zvolen\u00e9ho typu kolejnice.<\/li>\n<\/ul>\n<\/li>\n<li><strong>V\u016fle mezi koly je\u0159\u00e1bu a kolejnicov\u00fdmi svorkami<\/strong>\n<ul>\n<li>Zajist\u011bte, aby mezi vodorovn\u00fdmi koly je\u0159\u00e1bu a kolejnicov\u00fdmi svorkami byla v\u016fle men\u0161\u00ed ne\u017e 10 mm.<\/li>\n<li>Pokud tato podm\u00ednka nen\u00ed spln\u011bna, lze pou\u017e\u00edt obr\u00e1cenou instalaci \u0161roub\u016f, aby se minimalizoval prostor zabran\u00fd kolejnicov\u00fdmi sponami.<\/li>\n<\/ul>\n<\/li>\n<li><strong>V\u00fdztuhy pro t\u011b\u017ek\u00e9 je\u0159\u00e1by<\/strong>\n<ul>\n<li>U je\u0159\u00e1b\u016f pracuj\u00edc\u00edch v mimo\u0159\u00e1dn\u011b t\u011b\u017ek\u00fdch podm\u00ednk\u00e1ch nahra\u010fte kompozitn\u00ed pry\u017eovou podlo\u017eku pod kolejnic\u00ed ocelovou deskou o tlou\u0161\u0165ce 6 mm (materi\u00e1l: Q235).<\/li>\n<\/ul>\n<\/li>\n<li><strong>V\u00fdb\u011br modelu podle typu kolejnice<\/strong>\n<ul>\n<li>Podle typu li\u0161ty vyberte vhodn\u00fd model klipu CGBK. Nap\u0159\u00edklad pro typ kolejnice QU100 pou\u017eijte model CGBK100.<\/li>\n<\/ul>\n<\/li>\n<\/ol>\n<hr \/>\n<h6><span style=\"font-family: arial, helvetica, sans-serif; font-size: 18pt;\"><strong>Instala\u010dn\u00ed kroky pro kolejnicov\u00e9 svorky CGBK<\/strong><\/span><\/h6>\n<ol>\n<li><strong>P\u0159\u00edprava je\u0159\u00e1bov\u00fdch nosn\u00edk\u016f<\/strong>\n<ul>\n<li>Vyvrtejte otvory do nosn\u00edk\u016f je\u0159\u00e1bu podle zad\u00e1n\u00ed. <span class=\"katex\"><span class=\"katex-mathml\">AA<\/span><span class=\"katex-html\" aria-hidden=\"true\"><span class=\"base\"><span class=\"mord mathnormal\">A<\/span><\/span><\/span><\/span> a dodr\u017eujte vzd\u00e1lenost 500 mm mezi skupinami sponek.<\/li>\n<\/ul>\n<\/li>\n<li><strong>Pokl\u00e1d\u00e1n\u00ed gumov\u00e9 podlo\u017eky<\/strong>\n<ul>\n<li>Kompozitn\u00ed pry\u017eovou podlo\u017eku polo\u017ete souvisle po cel\u00e9 d\u00e9lce kolejnice.<\/li>\n<\/ul>\n<\/li>\n<li><strong>Um\u00edst\u011bn\u00ed klip\u016f<\/strong>\n<ul>\n<li>Um\u00edst\u011bte p\u0159edn\u00ed \u010d\u00e1st kolejnicov\u00e9 spony CGBK na kolejnici a vlo\u017ete \u0161rouby.<\/li>\n<\/ul>\n<\/li>\n<li><strong>Utahov\u00e1n\u00ed \u0161roub\u016f<\/strong>\n<ul>\n<li>Pevn\u011b ut\u00e1hn\u011bte \u0161rouby a zajist\u011bte, aby pry\u017eov\u00fd jazyk t\u011bsn\u011b p\u0159il\u00e9hal k li\u0161t\u011b.<\/li>\n<\/ul>\n<\/li>\n<\/ol>\n<p><img fetchpriority=\"high\" decoding=\"async\" class=\"alignnone wp-image-5536\" src=\"https:\/\/www.hnhlcrane.com\/wp-content\/uploads\/2024\/11\/CGBK-Rail-Clips-2-300x104.jpg\" alt=\"\" width=\"802\" height=\"278\" srcset=\"https:\/\/www.hnhlcrane.com\/wp-content\/uploads\/2024\/11\/CGBK-Rail-Clips-2-300x104.jpg 300w, https:\/\/www.hnhlcrane.com\/wp-content\/uploads\/2024\/11\/CGBK-Rail-Clips-2-768x266.jpg 768w, https:\/\/www.hnhlcrane.com\/wp-content\/uploads\/2024\/11\/CGBK-Rail-Clips-2-600x208.jpg 600w, https:\/\/www.hnhlcrane.com\/wp-content\/uploads\/2024\/11\/CGBK-Rail-Clips-2.jpg 1000w\" sizes=\"(max-width: 802px) 100vw, 802px\" \/><\/p>","protected":false},"excerpt":{"rendered":"<h6><span style=\"font-family: arial, helvetica, sans-serif; font-size: 14pt;\"><strong>Specifikace kolejnicov\u00fdch svorek CGBK<\/strong><\/span><\/h6>\n<ul>\n<li><strong>Modely:<\/strong> CGBK38, CGBK43, CGBK50, CGBK60, CGBK70, CGBK80, CGBK100, CGBK120<\/li>\n<li><strong>Zp\u016fsob upevn\u011bn\u00ed:<\/strong> Upevn\u011bn\u00ed \u0161roub\u016f<\/li>\n<\/ul>","protected":false},"featured_media":5535,"template":"","meta":{"_kad_post_transparent":"default","_kad_post_title":"","_kad_post_layout":"default","_kad_post_sidebar_id":"","_kad_post_content_style":"default","_kad_post_vertical_padding":"show","_kad_post_feature":"","_kad_post_feature_position":"","_kad_post_header":false,"_kad_post_footer":false},"product_brand":[],"product_cat":[83],"product_tag":[224,223,222,221,218,214,217,225,228,216,226,219,227,215,220],"class_list":{"0":"post-5534","1":"product","2":"type-product","3":"status-publish","4":"has-post-thumbnail","6":"product_cat-crane-rail-clips","7":"product_tag-05g525-rail-clips","8":"product_tag-cgbk-rail-clips","9":"product_tag-cgek-rail-clips","10":"product_tag-cgwk-rail-clips","11":"product_tag-crane-rail-clamp","12":"product_tag-crane-rail-clips","13":"product_tag-crane-rail-fixing-device","14":"product_tag-hdgy-rail-clips","15":"product_tag-rail-connection-splint","16":"product_tag-rail-fixing-device","17":"product_tag-rail-joints","18":"product_tag-swjk-rail-clips","19":"product_tag-tracks-jointing-plates","20":"product_tag-wjk-rail-clips","21":"product_tag-wjkc-rail-clips","23":"first","24":"instock","25":"shipping-taxable","26":"product-type-simple","27":"entry","28":"content-bg","29":"loop-entry"},"yoast_head":"<!-- This site is optimized with the Yoast SEO plugin v25.6 - https:\/\/yoast.com\/wordpress\/plugins\/seo\/ -->\n<title>CGBK Rail Clips -Crane Rail Clips-Rail Clips-Crane Rail Clamp<\/title>\n<meta name=\"description\" content=\"Rail Clips,CGBK Rail Clips,Crane Rail Clips,Rail fixing device,Crane Rail fixing device,crane Rail Clamp,WJK Rail Clips,Overhead Crane Rail Clips\" \/>\n<meta name=\"robots\" content=\"index, follow, max-snippet:-1, max-image-preview:large, max-video-preview:-1\" \/>\n<link rel=\"canonical\" href=\"https:\/\/www.hnhlcrane.com\/cs\/produkt\/cgbk-kolejnicove-svorky\/\" \/>\n<meta property=\"og:locale\" content=\"cs_CZ\" \/>\n<meta property=\"og:type\" content=\"article\" \/>\n<meta property=\"og:title\" content=\"CGBK Rail Clips -Crane Rail Clips-Rail Clips-Crane Rail Clamp\" \/>\n<meta property=\"og:description\" content=\"Rail Clips,CGBK Rail Clips,Crane Rail Clips,Rail fixing device,Crane Rail fixing device,crane Rail Clamp,WJK Rail Clips,Overhead Crane Rail Clips\" \/>\n<meta property=\"og:url\" content=\"https:\/\/www.hnhlcrane.com\/cs\/produkt\/cgbk-kolejnicove-svorky\/\" \/>\n<meta property=\"og:site_name\" content=\"Crane Parts Supplier-HL Crame\" \/>\n<meta property=\"article:modified_time\" content=\"2024-11-29T14:17:33+00:00\" \/>\n<meta property=\"og:image\" content=\"https:\/\/www.hnhlcrane.com\/wp-content\/uploads\/2024\/11\/CGBK-Rail-Clips-1.jpg\" \/>\n\t<meta property=\"og:image:width\" content=\"600\" \/>\n\t<meta property=\"og:image:height\" content=\"600\" \/>\n\t<meta property=\"og:image:type\" content=\"image\/jpeg\" \/>\n<meta name=\"twitter:card\" content=\"summary_large_image\" \/>\n<meta name=\"twitter:label1\" content=\"Odhadovan\u00e1 doba \u010dten\u00ed\" \/>\n\t<meta name=\"twitter:data1\" content=\"2 minuty\" \/>\n<script type=\"application\/ld+json\" class=\"yoast-schema-graph\">{\"@context\":\"https:\/\/schema.org\",\"@graph\":[{\"@type\":\"WebPage\",\"@id\":\"https:\/\/www.hnhlcrane.com\/product\/cgbk-rail-clips\/\",\"url\":\"https:\/\/www.hnhlcrane.com\/product\/cgbk-rail-clips\/\",\"name\":\"CGBK Rail Clips -Crane Rail Clips-Rail Clips-Crane Rail Clamp\",\"isPartOf\":{\"@id\":\"https:\/\/www.hnhlcrane.com\/#website\"},\"primaryImageOfPage\":{\"@id\":\"https:\/\/www.hnhlcrane.com\/product\/cgbk-rail-clips\/#primaryimage\"},\"image\":{\"@id\":\"https:\/\/www.hnhlcrane.com\/product\/cgbk-rail-clips\/#primaryimage\"},\"thumbnailUrl\":\"https:\/\/www.hnhlcrane.com\/wp-content\/uploads\/2024\/11\/CGBK-Rail-Clips-1.jpg\",\"datePublished\":\"2024-11-29T14:13:04+00:00\",\"dateModified\":\"2024-11-29T14:17:33+00:00\",\"description\":\"Rail Clips,CGBK Rail Clips,Crane Rail Clips,Rail fixing device,Crane Rail fixing device,crane Rail Clamp,WJK Rail Clips,Overhead Crane Rail Clips\",\"breadcrumb\":{\"@id\":\"https:\/\/www.hnhlcrane.com\/product\/cgbk-rail-clips\/#breadcrumb\"},\"inLanguage\":\"cs\",\"potentialAction\":[{\"@type\":\"ReadAction\",\"target\":[\"https:\/\/www.hnhlcrane.com\/product\/cgbk-rail-clips\/\"]}]},{\"@type\":\"ImageObject\",\"inLanguage\":\"cs\",\"@id\":\"https:\/\/www.hnhlcrane.com\/product\/cgbk-rail-clips\/#primaryimage\",\"url\":\"https:\/\/www.hnhlcrane.com\/wp-content\/uploads\/2024\/11\/CGBK-Rail-Clips-1.jpg\",\"contentUrl\":\"https:\/\/www.hnhlcrane.com\/wp-content\/uploads\/2024\/11\/CGBK-Rail-Clips-1.jpg\",\"width\":600,\"height\":600},{\"@type\":\"BreadcrumbList\",\"@id\":\"https:\/\/www.hnhlcrane.com\/product\/cgbk-rail-clips\/#breadcrumb\",\"itemListElement\":[{\"@type\":\"ListItem\",\"position\":1,\"name\":\"home\",\"item\":\"https:\/\/www.hnhlcrane.com\/\"},{\"@type\":\"ListItem\",\"position\":2,\"name\":\"products\",\"item\":\"https:\/\/www.hnhlcrane.com\/products\/\"},{\"@type\":\"ListItem\",\"position\":3,\"name\":\"CGBK Rail Clips\"}]},{\"@type\":\"WebSite\",\"@id\":\"https:\/\/www.hnhlcrane.com\/#website\",\"url\":\"https:\/\/www.hnhlcrane.com\/\",\"name\":\"Crane Parts Supplier-HL Crame\",\"description\":\"One-stop solution for all your  crane parts needs,Crane Hook,Crane Drum,Crane Wheel,Crane Coupling,Crane Gearbox,Crane Motor,Crane Brake,Special Crane Spreader,Crane grab,Container spreader,Billet crane clamps,Crane C-type spreader,Lifting Electromagnet,Crane Rail Clips,Electric Hoist,FEM Standard Crane End Carriages,Light Crane Parts,Workstation Crane Parts,Crane Electrical Parts,I-beam cable trolley,Crane remote controller,Crane electrical control cabinet,Crane limit switch,Crane sound and light alarm,Heavy Duty Aviation Connector,Crane overload limiter,China Crane Parts Supplier,Crane hooks,Gantry crane hook,Crane accessories,Forged hook,hook processing,Hook manufacturer,China standard crane hook,electric hoist hook,Crane pulley,Hook pulley,Rolled pulley,Crane Pulley Supplier\uff0cEuropean hook pulley,Gantry crane hook pulley,WZL type crane drum,European style reel set,Crane reel,crane parts,Drum processing,crane drum manufacturer,Cast steel drum,Electric hoist drum,Crane drum assembly,DRS Wheel Blocks,European crane wheel,Forged wheels,Active wheel set,Driving wheel set,Driven wheel group,crane wheels manufacturer,Demag crane wheels,Konecranes Crane Wheels,Overhead crane Wheel,Shaft couplings,Power Transmission Couplings,Disc Couplings,Fluid couplings,Coupling manufacturer\uff0cCardan coupling,Crane Reducer,Crane Decelerators,Reducer gearbox,Reducer for crane,Gear Reducer For Crane,Hard tooth surface reducerCrane and hoist reducer,Flender reducer,Reducer manufacturer,ZQ reducer,QJ reducer,QJY reducer,Gear Motors,Konecranes reducer,F series three-in-one reducer,K series three-in-one reducer,travelling machinery,Travelling Motor With Gear,Gear Motor for Crane Traveling,Travelling machinery Frequency inverter motors,FEM standard Gear Motors,Crane motors,Inverter motors,Hoist motors,motorCrane duty motors,Special motor for crane,YZR YZP YZ series motors,Crane and hoist motor,Frequency conversion motor,Electro hydraulic drum brakes,Electro-hydraulic disc brakes,Brake,Overhead Crane Brakes,Disc brakes,Electromagnetic disk brake,Crane hydraulic disc brake,Brakes manufacturer,crane Safety brakes,Singlr rope grab,Four rope grab,Electro-hydraulic multi-flap grab,Orange peel grab,Electric motor grab,Electro-Hydraulicclamshell grab,grab manufacturers,Container spreader manufacturers,20ft Container Spreader,Semi Automatic container spreader,40ft Container Lifting Frame,TEC container Spreader,Billet lifting clamp,Billet Clamps,Billet crane clamps manufacturer,billet lifting clamps china supplier,Coil C-Type Hook,coil hook,Overhead Crane Steel Coil C-Type Hook,Crane C-hook,C-type spreader,C-type hook,Crane magnets,Rail fixing device,Crane Rail fixing device,crane Rail Clamp,CD\/MD Wire Rope Electric Hoist,Wire Rope Electric Hoist China Manufacturer,Single Girder Wire Rope Electric Hoist,Double Girder Wire Rope Electric Hoist,Chain Hoist,Electric chain hoist manufacturer,Electric chain hoist China distributor,European wire rope electric hoist\uff0cEuropean double beam wire rope electric hoist,European Style Single Beam Crane End Carriage,FEN\/DIN European Style Single Beam Crane End Carriage,Crane end beam manufacturers,European style hoist double beam crane end beam,Suspension crane end beam,European style suspended single beam crane end beam,FEN\/DIN Suspension crane end beam,crane cable trolley,Wireless remote control,remote controller,Crane control handle,Crane Controls,electrical control cabinet,crane control cabinet,Limit switch,Sound and light alarm,Aviation plug,quick connector,Crane aviation plug,Overload limiter\",\"publisher\":{\"@id\":\"https:\/\/www.hnhlcrane.com\/#organization\"},\"potentialAction\":[{\"@type\":\"SearchAction\",\"target\":{\"@type\":\"EntryPoint\",\"urlTemplate\":\"https:\/\/www.hnhlcrane.com\/?s={search_term_string}\"},\"query-input\":{\"@type\":\"PropertyValueSpecification\",\"valueRequired\":true,\"valueName\":\"search_term_string\"}}],\"inLanguage\":\"cs\"},{\"@type\":\"Organization\",\"@id\":\"https:\/\/www.hnhlcrane.com\/#organization\",\"name\":\"Crane Parts Supplier-HL Crame\",\"url\":\"https:\/\/www.hnhlcrane.com\/\",\"logo\":{\"@type\":\"ImageObject\",\"inLanguage\":\"cs\",\"@id\":\"https:\/\/www.hnhlcrane.com\/#\/schema\/logo\/image\/\",\"url\":\"https:\/\/www.hnhlcrane.com\/wp-content\/uploads\/2024\/09\/logo6-1-e1733899395598.png\",\"contentUrl\":\"https:\/\/www.hnhlcrane.com\/wp-content\/uploads\/2024\/09\/logo6-1-e1733899395598.png\",\"width\":1000,\"height\":282,\"caption\":\"Crane Parts Supplier-HL Crame\"},\"image\":{\"@id\":\"https:\/\/www.hnhlcrane.com\/#\/schema\/logo\/image\/\"}}]}<\/script>\n<!-- \/ Yoast SEO plugin. -->","yoast_head_json":{"title":"CGBK kolejnicov\u00e9 svorky - je\u0159\u00e1bov\u00e9 kolejnicov\u00e9 svorky - kolejnicov\u00e9 svorky - je\u0159\u00e1bov\u00e1 kolejnicov\u00e1 svorka","description":"Kolejnicov\u00e9 klipy,Kolejnicov\u00e9 klipy CGBK,Je\u0159\u00e1bov\u00e9 kolejnicov\u00e9 klipy,Za\u0159\u00edzen\u00ed pro upevn\u011bn\u00ed kolejnic,Za\u0159\u00edzen\u00ed pro upevn\u011bn\u00ed je\u0159\u00e1bov\u00fdch kolejnic,Je\u0159\u00e1bov\u00e1 kolejnicov\u00e1 svorka,Kolejnicov\u00e9 klipy WJK,Kolejnicov\u00e9 klipy pro mostov\u00e9 je\u0159\u00e1by","robots":{"index":"index","follow":"follow","max-snippet":"max-snippet:-1","max-image-preview":"max-image-preview:large","max-video-preview":"max-video-preview:-1"},"canonical":"https:\/\/www.hnhlcrane.com\/cs\/produkt\/cgbk-kolejnicove-svorky\/","og_locale":"cs_CZ","og_type":"article","og_title":"CGBK Rail Clips -Crane Rail Clips-Rail Clips-Crane Rail Clamp","og_description":"Rail Clips,CGBK Rail Clips,Crane Rail Clips,Rail fixing device,Crane Rail fixing device,crane Rail Clamp,WJK Rail Clips,Overhead Crane Rail Clips","og_url":"https:\/\/www.hnhlcrane.com\/cs\/produkt\/cgbk-kolejnicove-svorky\/","og_site_name":"Crane Parts Supplier-HL Crame","article_modified_time":"2024-11-29T14:17:33+00:00","og_image":[{"width":600,"height":600,"url":"https:\/\/www.hnhlcrane.com\/wp-content\/uploads\/2024\/11\/CGBK-Rail-Clips-1.jpg","type":"image\/jpeg"}],"twitter_card":"summary_large_image","twitter_misc":{"Odhadovan\u00e1 doba \u010dten\u00ed":"2 minuty"},"schema":{"@context":"https:\/\/schema.org","@graph":[{"@type":"WebPage","@id":"https:\/\/www.hnhlcrane.com\/product\/cgbk-rail-clips\/","url":"https:\/\/www.hnhlcrane.com\/product\/cgbk-rail-clips\/","name":"CGBK kolejnicov\u00e9 svorky - je\u0159\u00e1bov\u00e9 kolejnicov\u00e9 svorky - kolejnicov\u00e9 svorky - je\u0159\u00e1bov\u00e1 kolejnicov\u00e1 svorka","isPartOf":{"@id":"https:\/\/www.hnhlcrane.com\/#website"},"primaryImageOfPage":{"@id":"https:\/\/www.hnhlcrane.com\/product\/cgbk-rail-clips\/#primaryimage"},"image":{"@id":"https:\/\/www.hnhlcrane.com\/product\/cgbk-rail-clips\/#primaryimage"},"thumbnailUrl":"https:\/\/www.hnhlcrane.com\/wp-content\/uploads\/2024\/11\/CGBK-Rail-Clips-1.jpg","datePublished":"2024-11-29T14:13:04+00:00","dateModified":"2024-11-29T14:17:33+00:00","description":"Kolejnicov\u00e9 klipy,Kolejnicov\u00e9 klipy CGBK,Je\u0159\u00e1bov\u00e9 kolejnicov\u00e9 klipy,Za\u0159\u00edzen\u00ed pro upevn\u011bn\u00ed kolejnic,Za\u0159\u00edzen\u00ed pro upevn\u011bn\u00ed je\u0159\u00e1bov\u00fdch kolejnic,Je\u0159\u00e1bov\u00e1 kolejnicov\u00e1 svorka,Kolejnicov\u00e9 klipy WJK,Kolejnicov\u00e9 klipy pro mostov\u00e9 je\u0159\u00e1by","breadcrumb":{"@id":"https:\/\/www.hnhlcrane.com\/product\/cgbk-rail-clips\/#breadcrumb"},"inLanguage":"cs","potentialAction":[{"@type":"ReadAction","target":["https:\/\/www.hnhlcrane.com\/product\/cgbk-rail-clips\/"]}]},{"@type":"ImageObject","inLanguage":"cs","@id":"https:\/\/www.hnhlcrane.com\/product\/cgbk-rail-clips\/#primaryimage","url":"https:\/\/www.hnhlcrane.com\/wp-content\/uploads\/2024\/11\/CGBK-Rail-Clips-1.jpg","contentUrl":"https:\/\/www.hnhlcrane.com\/wp-content\/uploads\/2024\/11\/CGBK-Rail-Clips-1.jpg","width":600,"height":600},{"@type":"BreadcrumbList","@id":"https:\/\/www.hnhlcrane.com\/product\/cgbk-rail-clips\/#breadcrumb","itemListElement":[{"@type":"ListItem","position":1,"name":"home","item":"https:\/\/www.hnhlcrane.com\/"},{"@type":"ListItem","position":2,"name":"products","item":"https:\/\/www.hnhlcrane.com\/products\/"},{"@type":"ListItem","position":3,"name":"CGBK Rail Clips"}]},{"@type":"WebSite","@id":"https:\/\/www.hnhlcrane.com\/#website","url":"https:\/\/www.hnhlcrane.com\/","name":"Dodavatel je\u0159\u00e1bov\u00fdch d\u00edl\u016f-HL Crame","description":"Jednor\u00e1zov\u00e9 \u0159e\u0161en\u00ed pro v\u0161echny va\u0161e pot\u0159eby je\u0159\u00e1bov\u00fdch d\u00edl\u016f, je\u0159\u00e1bov\u00fd h\u00e1k, je\u0159\u00e1bov\u00fd buben, je\u0159\u00e1bov\u00e9 kolo, je\u0159\u00e1bov\u00e1 spojka, je\u0159\u00e1bov\u00e1 p\u0159evodovka, je\u0159\u00e1bov\u00fd motor, je\u0159\u00e1bov\u00e1 brzda, speci\u00e1ln\u00ed je\u0159\u00e1bov\u00fd sypa\u010d, je\u0159\u00e1bov\u00fd drap\u00e1k, kontejnerov\u00fd sypa\u010d, je\u0159\u00e1bov\u00e9 svorky, sypa\u010d typu C,Zvedac\u00ed elektromagnet, je\u0159\u00e1bov\u00e9 kolejnicov\u00e9 svorky, elektrick\u00fd kladkostroj, koncov\u00e9 voz\u00edky je\u0159\u00e1bu standardu FEM, lehk\u00e9 je\u0159\u00e1bov\u00e9 d\u00edly, d\u00edly je\u0159\u00e1bov\u00fdch pracovi\u0161\u0165, elektrick\u00e9 d\u00edly je\u0159\u00e1bu, lanov\u00fd voz\u00edk s I-nosn\u00edkem, d\u00e1lkov\u00fd ovlada\u010d je\u0159\u00e1bu, elektrick\u00e1 ovl\u00e1dac\u00ed sk\u0159\u00ed\u0148 je\u0159\u00e1bu,Koncov\u00fd sp\u00edna\u010d je\u0159\u00e1bu,Zvukov\u00fd a sv\u011bteln\u00fd alarm je\u0159\u00e1bu,T\u011b\u017ek\u00fd leteck\u00fd konektor,Omezova\u010d p\u0159et\u00ed\u017een\u00ed je\u0159\u00e1bu,Dodavatel d\u00edl\u016f je\u0159\u00e1bu v \u010c\u00edn\u011b,Je\u0159\u00e1bov\u00e9 h\u00e1ky,H\u00e1k port\u00e1lov\u00e9ho je\u0159\u00e1bu,P\u0159\u00edslu\u0161enstv\u00ed je\u0159\u00e1bu,Kovan\u00fd h\u00e1k,Zpracov\u00e1n\u00ed h\u00e1ku,V\u00fdrobce h\u00e1k\u016f,\u010c\u00ednsk\u00fd standardn\u00ed je\u0159\u00e1bov\u00fd h\u00e1k,Elektrick\u00fd kladkostroj,Je\u0159\u00e1bov\u00e1 kladka,Kladka h\u00e1ku,V\u00e1lcovan\u00e1 kladka,Dodavatel je\u0159\u00e1bov\u00e9 kladky\uff0cEvropsk\u00e1 kladka h\u00e1ku,Kladka h\u00e1ku port\u00e1lov\u00e9ho je\u0159\u00e1bu,Je\u0159\u00e1bov\u00fd buben typu WZL,Sada nav\u00edjec\u00edch bubn\u016f evropsk\u00e9ho stylu,Je\u0159\u00e1bov\u00e1 kladka,je\u0159\u00e1bov\u00e9 d\u00edly,zpracov\u00e1n\u00ed bubnu,v\u00fdrobce je\u0159\u00e1bov\u00fdch bubn\u016f,lit\u00fd ocelov\u00fd buben,buben elektrick\u00e9ho kladkostroje,sestava je\u0159\u00e1bov\u00e9ho bubnu,bloky kol DRS,evropsk\u00e9 je\u0159\u00e1bov\u00e9 kolo,kovan\u00e1 kola,sada aktivn\u00edch kol,sada hnac\u00edch kol,skupina hnac\u00edch kol,v\u00fdrobce je\u0159\u00e1bov\u00fdch kol,kola je\u0159\u00e1b\u016f Demag,kola mostov\u00fdch je\u0159\u00e1b\u016f Konecranes,kola mostov\u00fdch je\u0159\u00e1b\u016f,h\u0159\u00eddelov\u00e9 spojky,spojky pro p\u0159enos v\u00fdkonu,diskov\u00e9 spojky,fluidn\u00ed spojky,v\u00fdrobce spojek\uff0cCardan spojka,je\u0159\u00e1bov\u00e1 redukce,Zpomalova\u010de je\u0159\u00e1b\u016f,Reduk\u010dn\u00ed p\u0159evodovka,Redukce pro je\u0159\u00e1b,Reduk\u010dn\u00ed p\u0159evodovka pro je\u0159\u00e1b,Redukce s tvrd\u00fdm povrchem zub\u016fRedukce je\u0159\u00e1b\u016f a kladkostroj\u016f,Redukce Flender,V\u00fdrobce redukc\u00ed,Redukce ZQ,Redukce QJ,Redukce QJY,P\u0159evodov\u00e9 motory,Redukce Konecranes,Redukce \u0159ady F t\u0159i v jednom,Redukce \u0159ady K t\u0159i v jednom,pojezdov\u00e9 stroje,pojezdov\u00fd motor s p\u0159evodovkou,motor s p\u0159evodovkou pro pojezd je\u0159\u00e1bu,pojezdov\u00e9 stroje motory s frekven\u010dn\u00edm m\u011bni\u010dem,p\u0159evodov\u00e9 motory podle normy FEM,je\u0159\u00e1bov\u00e9 motory,Invertorov\u00e9 motory,Motory pro kladkostroje,Motory pro je\u0159\u00e1by,Speci\u00e1ln\u00ed motory pro je\u0159\u00e1by,Motory \u0159ady YZR YZP YZ,Motory pro je\u0159\u00e1by a kladkostroje,Motory s frekven\u010dn\u00edmi m\u011bni\u010di,Elektrohydraulick\u00e9 bubnov\u00e9 brzdy,Elektrohydraulick\u00e9 kotou\u010dov\u00e9 brzdy,Brzdy,Brzdy pro mostov\u00e9 je\u0159\u00e1by,Kotou\u010dov\u00e9 brzdy,Elektromagnetick\u00e9 kotou\u010dov\u00e9 brzdy,Hydraulick\u00e9 kotou\u010dov\u00e9 brzdy pro je\u0159\u00e1by,V\u00fdrobce brzd,Bezpe\u010dnostn\u00ed brzdy pro je\u0159\u00e1by,Jednoduch\u00fd lanov\u00fd drap\u00e1k,\u010cty\u0159lanov\u00fd drap\u00e1k,Elektrohydraulick\u00fd v\u00edcelamelov\u00fd drap\u00e1k,Drap\u00e1k s oran\u017eovou k\u016frou,Elektrick\u00fd motorov\u00fd drap\u00e1k,Elektrohydraulick\u00fdklapkov\u00fd drap\u00e1k,V\u00fdrobci drap\u00e1k\u016f,V\u00fdrobci rozmetadel kontejner\u016f,Rozmetadlo kontejner\u016f 20 stop,Poloautomatick\u00e9 rozmetadlo kontejner\u016f,R\u00e1m pro zved\u00e1n\u00ed kontejner\u016f 40 stop,Rozmetadlo kontejner\u016f TEC,Zvedac\u00ed svorka na sochory,Svorky na sochory,Svorky na sochory v\u00fdrobce je\u0159\u00e1b\u016f,Svorky na sochory dodavatel \u010c\u00edna,C\u00edvkov\u00fd h\u00e1k C-Type Hook,C\u00edvkov\u00fd h\u00e1k,Mostov\u00fd je\u0159\u00e1b ocelov\u00fd c\u00edvkov\u00fd h\u00e1k C-Type Hook,Je\u0159\u00e1b C-h\u00e1k,Rozmetadlo typu C,H\u00e1k typu C,Je\u0159\u00e1bov\u00e9 magnety,Za\u0159\u00edzen\u00ed pro upevn\u011bn\u00ed kolejnic,Je\u0159\u00e1b Rail fixing device,je\u0159\u00e1b Rail Clamp,CD\/MD Wire Rope Electric Hoist,Wire Rope Electric Hoist China Manufacturer,Single Girder Wire Rope Electric Hoist,Double Girder Wire Rope Electric Hoist,Chain Hoist,Electric chain hoist manufacturer,Electric chain hoist China distributor,European wire rope electric hoist\uff0cEuropean double beam wire rope electric hoist,European Style Single Beam Crane End Carriage,FEN\/DIN European Style Single Beam Crane End Carriage,V\u00fdrobci koncov\u00fdch nosn\u00edk\u016f je\u0159\u00e1b\u016f,Koncov\u00fd nosn\u00edk je\u0159\u00e1b\u016f evropsk\u00e9ho stylu,Koncov\u00fd nosn\u00edk je\u0159\u00e1b\u016f evropsk\u00e9ho stylu,Koncov\u00fd nosn\u00edk je\u0159\u00e1b\u016f evropsk\u00e9ho stylu,Koncov\u00fd nosn\u00edk je\u0159\u00e1b\u016f evropsk\u00e9ho stylu,Koncov\u00fd nosn\u00edk je\u0159\u00e1b\u016f FEN\/DIN,Z\u00e1v\u011bsn\u00fd voz\u00edk na lano,Bezdr\u00e1tov\u00e9 d\u00e1lkov\u00e9 ovl\u00e1d\u00e1n\u00ed,D\u00e1lkov\u00fd ovlada\u010d,Ovl\u00e1dac\u00ed rukoje\u0165 je\u0159\u00e1bu,Ovl\u00e1d\u00e1n\u00ed je\u0159\u00e1bu,Elektrick\u00e1 ovl\u00e1dac\u00ed sk\u0159\u00ed\u0148,Ovl\u00e1dac\u00ed sk\u0159\u00ed\u0148 je\u0159\u00e1bu,Koncov\u00fd sp\u00edna\u010d,Zvukov\u00fd a sv\u011bteln\u00fd alarm,Leteck\u00e1 z\u00e1str\u010dka,Rychlospojka,Leteck\u00e1 z\u00e1str\u010dka je\u0159\u00e1bu,Omezova\u010d p\u0159et\u00ed\u017een\u00ed","publisher":{"@id":"https:\/\/www.hnhlcrane.com\/#organization"},"potentialAction":[{"@type":"SearchAction","target":{"@type":"EntryPoint","urlTemplate":"https:\/\/www.hnhlcrane.com\/?s={search_term_string}"},"query-input":{"@type":"PropertyValueSpecification","valueRequired":true,"valueName":"search_term_string"}}],"inLanguage":"cs"},{"@type":"Organization","@id":"https:\/\/www.hnhlcrane.com\/#organization","name":"Dodavatel je\u0159\u00e1bov\u00fdch d\u00edl\u016f-HL Crame","url":"https:\/\/www.hnhlcrane.com\/","logo":{"@type":"ImageObject","inLanguage":"cs","@id":"https:\/\/www.hnhlcrane.com\/#\/schema\/logo\/image\/","url":"https:\/\/www.hnhlcrane.com\/wp-content\/uploads\/2024\/09\/logo6-1-e1733899395598.png","contentUrl":"https:\/\/www.hnhlcrane.com\/wp-content\/uploads\/2024\/09\/logo6-1-e1733899395598.png","width":1000,"height":282,"caption":"Crane Parts Supplier-HL Crame"},"image":{"@id":"https:\/\/www.hnhlcrane.com\/#\/schema\/logo\/image\/"}}]}},"_links":{"self":[{"href":"https:\/\/www.hnhlcrane.com\/cs\/wp-json\/wp\/v2\/product\/5534","targetHints":{"allow":["GET"]}}],"collection":[{"href":"https:\/\/www.hnhlcrane.com\/cs\/wp-json\/wp\/v2\/product"}],"about":[{"href":"https:\/\/www.hnhlcrane.com\/cs\/wp-json\/wp\/v2\/types\/product"}],"version-history":[{"count":0,"href":"https:\/\/www.hnhlcrane.com\/cs\/wp-json\/wp\/v2\/product\/5534\/revisions"}],"wp:featuredmedia":[{"embeddable":true,"href":"https:\/\/www.hnhlcrane.com\/cs\/wp-json\/wp\/v2\/media\/5535"}],"wp:attachment":[{"href":"https:\/\/www.hnhlcrane.com\/cs\/wp-json\/wp\/v2\/media?parent=5534"}],"wp:term":[{"taxonomy":"product_brand","embeddable":true,"href":"https:\/\/www.hnhlcrane.com\/cs\/wp-json\/wp\/v2\/product_brand?post=5534"},{"taxonomy":"product_cat","embeddable":true,"href":"https:\/\/www.hnhlcrane.com\/cs\/wp-json\/wp\/v2\/product_cat?post=5534"},{"taxonomy":"product_tag","embeddable":true,"href":"https:\/\/www.hnhlcrane.com\/cs\/wp-json\/wp\/v2\/product_tag?post=5534"}],"curies":[{"name":"wp","href":"https:\/\/api.w.org\/{rel}","templated":true}]}}