{"id":5528,"date":"2024-11-29T22:04:09","date_gmt":"2024-11-29T14:04:09","guid":{"rendered":"https:\/\/www.hnhlcrane.com\/?post_type=product&#038;p=5528"},"modified":"2025-09-14T22:52:34","modified_gmt":"2025-09-14T14:52:34","slug":"kolejnicove-svorky-cgek","status":"publish","type":"product","link":"https:\/\/www.hnhlcrane.com\/cs\/produkt\/kolejnicove-svorky-cgek\/","title":{"rendered":"Klipy CGEK Rail"},"content":{"rendered":"<h6><span style=\"font-family: arial, helvetica, sans-serif; font-size: 18pt;\"><strong>Vlastnosti kolejnicov\u00fdch svorek CGEK<\/strong><\/span><\/h6>\n<ol>\n<li><strong>Bo\u010dn\u00ed nastaven\u00ed<\/strong><br \/>\nSvorky CGEK Rail Clips umo\u017e\u0148uj\u00ed bo\u010dn\u00ed nastaven\u00ed, co\u017e optimalizuje podm\u00ednky pro p\u0159esnou instalaci a vyrovn\u00e1n\u00ed kolejnic.<\/li>\n<li><strong>Spolehlivost p\u0159i odol\u00e1v\u00e1n\u00ed bo\u010dn\u00edm sil\u00e1m<\/strong><br \/>\nPevn\u00e9 sou\u010d\u00e1sti klip\u016f spolehliv\u011b odol\u00e1vaj\u00ed bo\u010dn\u00edm sil\u00e1m vznikaj\u00edc\u00edm p\u0159i provozu je\u0159\u00e1bu a zaji\u0161\u0165uj\u00ed stabilitu.<\/li>\n<li><strong>Kompaktn\u00ed design<\/strong><br \/>\nD\u00edky \u00fazk\u00e9 a ploch\u00e9 konstrukci nab\u00edzej\u00ed tyto svorky optim\u00e1ln\u00ed mont\u00e1\u017en\u00ed rozm\u011bry a jsou vhodn\u00e9 pro je\u0159\u00e1by s vodic\u00edmi koly nebo bez nich.<\/li>\n<li><strong>Automatick\u00fd zamykac\u00ed mechanismus<\/strong><br \/>\nD\u00edky kl\u00ednovit\u00e9mu tvaru a vz\u00e1jemn\u011b naklon\u011bn\u00fdm ploch\u00e1m horn\u00ed a doln\u00ed up\u00ednac\u00ed desky se svorky automaticky zajist\u00ed na sv\u00e9m m\u00edst\u011b.<\/li>\n<li><strong>Kontrola tolerance a trvanlivost kontakt\u016f<\/strong><br \/>\n\u00da\u010dinn\u011b se p\u0159izp\u016fsobuj\u00ed toleranc\u00edm kolejnice a je\u0159\u00e1bov\u00e9ho nosn\u00edku a z\u00e1rove\u0148 zaji\u0161\u0165uj\u00ed dlouhodob\u00fd kontakt mezi kolejnic\u00ed a z\u00e1kladnou, podep\u0159en\u00fd p\u0159edpjat\u00fdmi patkami.<\/li>\n<li><strong>Sn\u00ed\u017een\u00ed hluku<\/strong><br \/>\nKonstrukce v\u00fdrazn\u011b sni\u017euje hlu\u010dnost a p\u0159isp\u00edv\u00e1 k lep\u0161\u00edmu pracovn\u00edmu prost\u0159ed\u00ed.<\/li>\n<li><strong>Vysokopevnostn\u00ed materi\u00e1ly<\/strong><br \/>\nKomponenty jsou vyrobeny z n\u00edzkolegovan\u00e9 konstruk\u010dn\u00ed oceli s vysokou pevnost\u00ed, co\u017e zvy\u0161uje jejich odolnost a v\u00fdkon.<\/li>\n<li><strong>Vysokopevnostn\u00ed \u0161rouby<\/strong><br \/>\nSyst\u00e9m je vybaven vysokopevnostn\u00edmi \u0161rouby M20 t\u0159\u00eddy 8.8, kter\u00e9 nab\u00edzej\u00ed utahovac\u00ed moment 220 N-m a vydr\u017e\u00ed maxim\u00e1ln\u00ed bo\u010dn\u00ed s\u00edlu 120 kN p\u016fsob\u00edc\u00ed tlakem kola.<\/li>\n<\/ol>\n<hr \/>\n<h6><span style=\"font-family: arial, helvetica, sans-serif; font-size: 18pt;\"><strong>Instala\u010dn\u00ed kroky pro CGEK <a href=\"https:\/\/www.hnhlcrane.com\/cs\/produkty\/svorky-jerabovych-kolejnic\/\" target=\"_blank\" rel=\"noopener\">Kolejnicov\u00e9 svorky<\/a><\/strong><\/span><\/h6>\n<ol>\n<li><strong>Um\u00edst\u011bn\u00ed z\u00e1kladn\u00ed desky<\/strong>\n<ul>\n<li>Z\u00e1kladov\u00e9 desky um\u00edst\u011bte pod\u00e9l je\u0159\u00e1bov\u00e9 dr\u00e1hy ve vzd\u00e1lenostech 500 mm.<\/li>\n<li>Vyrovnejte je kolmo ke kolejnici, p\u0159i\u010dem\u017e st\u0159ed T-\u0161roubu mus\u00ed b\u00fdt vzd\u00e1len od osy kolejnice podle zadan\u00e9 hodnoty. <span class=\"katex\"><span class=\"katex-mathml\">aa<\/span><span class=\"katex-html\" aria-hidden=\"true\"><span class=\"base\"><span class=\"mord mathnormal\">a<\/span><\/span><\/span><\/span>.<\/li>\n<\/ul>\n<\/li>\n<li><strong>Sva\u0159ov\u00e1n\u00ed z\u00e1kladn\u00edch desek<\/strong>\n<ul>\n<li>Z\u00e1kladov\u00e9 desky bezpe\u010dn\u011b p\u0159iva\u0159te v ur\u010den\u00fdch poloh\u00e1ch.<\/li>\n<\/ul>\n<\/li>\n<li><strong>Postupn\u00e1 instalace<\/strong>\n<ul>\n<li>Um\u00edst\u011bte T-\u0161rouby.<\/li>\n<li>Sou\u010d\u00e1sti namontujte v tomto po\u0159ad\u00ed: horn\u00ed kryc\u00ed deska \u2192 ploch\u00e1 podlo\u017eka \u2192 pru\u017en\u00e1 podlo\u017eka \u2192 matice.<\/li>\n<li>Ut\u00e1hn\u011bte T-\u0161rouby a podle pot\u0159eby upravte horn\u00ed kryc\u00ed desku.<\/li>\n<\/ul>\n<\/li>\n<\/ol>\n<p><img fetchpriority=\"high\" decoding=\"async\" class=\"alignnone wp-image-5532\" src=\"https:\/\/www.hnhlcrane.com\/wp-content\/uploads\/2024\/11\/CGEK-Rail-Clips-4-300x129.jpg\" alt=\"\" width=\"800\" height=\"344\" srcset=\"https:\/\/www.hnhlcrane.com\/wp-content\/uploads\/2024\/11\/CGEK-Rail-Clips-4-300x129.jpg 300w, https:\/\/www.hnhlcrane.com\/wp-content\/uploads\/2024\/11\/CGEK-Rail-Clips-4-768x331.jpg 768w, https:\/\/www.hnhlcrane.com\/wp-content\/uploads\/2024\/11\/CGEK-Rail-Clips-4-600x259.jpg 600w, https:\/\/www.hnhlcrane.com\/wp-content\/uploads\/2024\/11\/CGEK-Rail-Clips-4.jpg 1000w\" sizes=\"(max-width: 800px) 100vw, 800px\" \/><\/p>","protected":false},"excerpt":{"rendered":"<h6><span style=\"font-family: arial, helvetica, sans-serif; font-size: 14pt;\"><strong>Specifikace kolejnicov\u00fdch svorek CGEK<\/strong><\/span><\/h6>\n<ul>\n<li><strong>Modely:<\/strong> CGEK38, CGEK43, CGEK50, CGEK60, CGEK70, CGEK80, CGEK100, CGEK120<\/li>\n<li><strong>Zp\u016fsob upevn\u011bn\u00ed:<\/strong> Sva\u0159ovan\u00e1 z\u00e1kladn\u00ed deska<\/li>\n<\/ul>","protected":false},"featured_media":5529,"template":"","meta":{"_kad_post_transparent":"default","_kad_post_title":"","_kad_post_layout":"default","_kad_post_sidebar_id":"","_kad_post_content_style":"default","_kad_post_vertical_padding":"show","_kad_post_feature":"","_kad_post_feature_position":"","_kad_post_header":false,"_kad_post_footer":false},"product_brand":[],"product_cat":[83],"product_tag":[224,223,222,221,218,214,217,225,228,216,226,219,227,215,220],"class_list":{"0":"post-5528","1":"product","2":"type-product","3":"status-publish","4":"has-post-thumbnail","6":"product_cat-crane-rail-clips","7":"product_tag-05g525-rail-clips","8":"product_tag-cgbk-rail-clips","9":"product_tag-cgek-rail-clips","10":"product_tag-cgwk-rail-clips","11":"product_tag-crane-rail-clamp","12":"product_tag-crane-rail-clips","13":"product_tag-crane-rail-fixing-device","14":"product_tag-hdgy-rail-clips","15":"product_tag-rail-connection-splint","16":"product_tag-rail-fixing-device","17":"product_tag-rail-joints","18":"product_tag-swjk-rail-clips","19":"product_tag-tracks-jointing-plates","20":"product_tag-wjk-rail-clips","21":"product_tag-wjkc-rail-clips","23":"first","24":"instock","25":"shipping-taxable","26":"product-type-simple","27":"entry","28":"content-bg","29":"loop-entry"},"yoast_head":"<!-- This site is optimized with the Yoast SEO plugin v25.6 - https:\/\/yoast.com\/wordpress\/plugins\/seo\/ -->\n<title>CGEK Rail Clips \u2013 Precision Engineered Rail Fasteners<\/title>\n<meta name=\"description\" content=\"Engineered CGEK Rail Clips ensure stable and safe rail fastening. Perfect for railway construction, maintenance, and industrial tracks.\" \/>\n<meta name=\"robots\" content=\"index, follow, max-snippet:-1, max-image-preview:large, max-video-preview:-1\" \/>\n<link rel=\"canonical\" href=\"https:\/\/www.hnhlcrane.com\/cs\/produkt\/kolejnicove-svorky-cgek\/\" \/>\n<meta property=\"og:locale\" content=\"cs_CZ\" \/>\n<meta property=\"og:type\" content=\"article\" \/>\n<meta property=\"og:title\" content=\"CGEK Rail Clips \u2013 Precision Engineered Rail Fasteners\" \/>\n<meta property=\"og:description\" content=\"Engineered CGEK Rail Clips ensure stable and safe rail fastening. Perfect for railway construction, maintenance, and industrial tracks.\" \/>\n<meta property=\"og:url\" content=\"https:\/\/www.hnhlcrane.com\/cs\/produkt\/kolejnicove-svorky-cgek\/\" \/>\n<meta property=\"og:site_name\" content=\"Crane Parts Supplier-HL Crame\" \/>\n<meta property=\"article:modified_time\" content=\"2025-09-14T14:52:34+00:00\" \/>\n<meta property=\"og:image\" content=\"https:\/\/www.hnhlcrane.com\/wp-content\/uploads\/2024\/11\/CGEK-Rail-Clips-1.jpg\" \/>\n\t<meta property=\"og:image:width\" content=\"600\" \/>\n\t<meta property=\"og:image:height\" content=\"600\" \/>\n\t<meta property=\"og:image:type\" content=\"image\/jpeg\" \/>\n<meta name=\"twitter:card\" content=\"summary_large_image\" \/>\n<meta name=\"twitter:label1\" content=\"Odhadovan\u00e1 doba \u010dten\u00ed\" \/>\n\t<meta name=\"twitter:data1\" content=\"2 minuty\" \/>\n<script type=\"application\/ld+json\" class=\"yoast-schema-graph\">{\"@context\":\"https:\/\/schema.org\",\"@graph\":[{\"@type\":\"WebPage\",\"@id\":\"https:\/\/www.hnhlcrane.com\/product\/cgek-rail-clips\/\",\"url\":\"https:\/\/www.hnhlcrane.com\/product\/cgek-rail-clips\/\",\"name\":\"CGEK Rail Clips \u2013 Precision Engineered Rail Fasteners\",\"isPartOf\":{\"@id\":\"https:\/\/www.hnhlcrane.com\/#website\"},\"primaryImageOfPage\":{\"@id\":\"https:\/\/www.hnhlcrane.com\/product\/cgek-rail-clips\/#primaryimage\"},\"image\":{\"@id\":\"https:\/\/www.hnhlcrane.com\/product\/cgek-rail-clips\/#primaryimage\"},\"thumbnailUrl\":\"https:\/\/www.hnhlcrane.com\/wp-content\/uploads\/2024\/11\/CGEK-Rail-Clips-1.jpg\",\"datePublished\":\"2024-11-29T14:04:09+00:00\",\"dateModified\":\"2025-09-14T14:52:34+00:00\",\"description\":\"Engineered CGEK Rail Clips ensure stable and safe rail fastening. Perfect for railway construction, maintenance, and industrial tracks.\",\"breadcrumb\":{\"@id\":\"https:\/\/www.hnhlcrane.com\/product\/cgek-rail-clips\/#breadcrumb\"},\"inLanguage\":\"cs\",\"potentialAction\":[{\"@type\":\"ReadAction\",\"target\":[\"https:\/\/www.hnhlcrane.com\/product\/cgek-rail-clips\/\"]}]},{\"@type\":\"ImageObject\",\"inLanguage\":\"cs\",\"@id\":\"https:\/\/www.hnhlcrane.com\/product\/cgek-rail-clips\/#primaryimage\",\"url\":\"https:\/\/www.hnhlcrane.com\/wp-content\/uploads\/2024\/11\/CGEK-Rail-Clips-1.jpg\",\"contentUrl\":\"https:\/\/www.hnhlcrane.com\/wp-content\/uploads\/2024\/11\/CGEK-Rail-Clips-1.jpg\",\"width\":600,\"height\":600},{\"@type\":\"BreadcrumbList\",\"@id\":\"https:\/\/www.hnhlcrane.com\/product\/cgek-rail-clips\/#breadcrumb\",\"itemListElement\":[{\"@type\":\"ListItem\",\"position\":1,\"name\":\"home\",\"item\":\"https:\/\/www.hnhlcrane.com\/\"},{\"@type\":\"ListItem\",\"position\":2,\"name\":\"products\",\"item\":\"https:\/\/www.hnhlcrane.com\/products\/\"},{\"@type\":\"ListItem\",\"position\":3,\"name\":\"CGEK Rail Clips\"}]},{\"@type\":\"WebSite\",\"@id\":\"https:\/\/www.hnhlcrane.com\/#website\",\"url\":\"https:\/\/www.hnhlcrane.com\/\",\"name\":\"Crane Parts Supplier-HL Crame\",\"description\":\"One-stop solution for all your  crane parts needs,Crane Hook,Crane Drum,Crane Wheel,Crane Coupling,Crane Gearbox,Crane Motor,Crane Brake,Special Crane Spreader,Crane grab,Container spreader,Billet crane clamps,Crane C-type spreader,Lifting Electromagnet,Crane Rail Clips,Electric Hoist,FEM Standard Crane End Carriages,Light Crane Parts,Workstation Crane Parts,Crane Electrical Parts,I-beam cable trolley,Crane remote controller,Crane electrical control cabinet,Crane limit switch,Crane sound and light alarm,Heavy Duty Aviation Connector,Crane overload limiter,China Crane Parts Supplier,Crane hooks,Gantry crane hook,Crane accessories,Forged hook,hook processing,Hook manufacturer,China standard crane hook,electric hoist hook,Crane pulley,Hook pulley,Rolled pulley,Crane Pulley Supplier\uff0cEuropean hook pulley,Gantry crane hook pulley,WZL type crane drum,European style reel set,Crane reel,crane parts,Drum processing,crane drum manufacturer,Cast steel drum,Electric hoist drum,Crane drum assembly,DRS Wheel Blocks,European crane wheel,Forged wheels,Active wheel set,Driving wheel set,Driven wheel group,crane wheels manufacturer,Demag crane wheels,Konecranes Crane Wheels,Overhead crane Wheel,Shaft couplings,Power Transmission Couplings,Disc Couplings,Fluid couplings,Coupling manufacturer\uff0cCardan coupling,Crane Reducer,Crane Decelerators,Reducer gearbox,Reducer for crane,Gear Reducer For Crane,Hard tooth surface reducerCrane and hoist reducer,Flender reducer,Reducer manufacturer,ZQ reducer,QJ reducer,QJY reducer,Gear Motors,Konecranes reducer,F series three-in-one reducer,K series three-in-one reducer,travelling machinery,Travelling Motor With Gear,Gear Motor for Crane Traveling,Travelling machinery Frequency inverter motors,FEM standard Gear Motors,Crane motors,Inverter motors,Hoist motors,motorCrane duty motors,Special motor for crane,YZR YZP YZ series motors,Crane and hoist motor,Frequency conversion motor,Electro hydraulic drum brakes,Electro-hydraulic disc brakes,Brake,Overhead Crane Brakes,Disc brakes,Electromagnetic disk brake,Crane hydraulic disc brake,Brakes manufacturer,crane Safety brakes,Singlr rope grab,Four rope grab,Electro-hydraulic multi-flap grab,Orange peel grab,Electric motor grab,Electro-Hydraulicclamshell grab,grab manufacturers,Container spreader manufacturers,20ft Container Spreader,Semi Automatic container spreader,40ft Container Lifting Frame,TEC container Spreader,Billet lifting clamp,Billet Clamps,Billet crane clamps manufacturer,billet lifting clamps china supplier,Coil C-Type Hook,coil hook,Overhead Crane Steel Coil C-Type Hook,Crane C-hook,C-type spreader,C-type hook,Crane magnets,Rail fixing device,Crane Rail fixing device,crane Rail Clamp,CD\/MD Wire Rope Electric Hoist,Wire Rope Electric Hoist China Manufacturer,Single Girder Wire Rope Electric Hoist,Double Girder Wire Rope Electric Hoist,Chain Hoist,Electric chain hoist manufacturer,Electric chain hoist China distributor,European wire rope electric hoist\uff0cEuropean double beam wire rope electric hoist,European Style Single Beam Crane End Carriage,FEN\/DIN European Style Single Beam Crane End Carriage,Crane end beam manufacturers,European style hoist double beam crane end beam,Suspension crane end beam,European style suspended single beam crane end beam,FEN\/DIN Suspension crane end beam,crane cable trolley,Wireless remote control,remote controller,Crane control handle,Crane Controls,electrical control cabinet,crane control cabinet,Limit switch,Sound and light alarm,Aviation plug,quick connector,Crane aviation plug,Overload limiter\",\"publisher\":{\"@id\":\"https:\/\/www.hnhlcrane.com\/#organization\"},\"potentialAction\":[{\"@type\":\"SearchAction\",\"target\":{\"@type\":\"EntryPoint\",\"urlTemplate\":\"https:\/\/www.hnhlcrane.com\/?s={search_term_string}\"},\"query-input\":{\"@type\":\"PropertyValueSpecification\",\"valueRequired\":true,\"valueName\":\"search_term_string\"}}],\"inLanguage\":\"cs\"},{\"@type\":\"Organization\",\"@id\":\"https:\/\/www.hnhlcrane.com\/#organization\",\"name\":\"Crane Parts Supplier-HL Crame\",\"url\":\"https:\/\/www.hnhlcrane.com\/\",\"logo\":{\"@type\":\"ImageObject\",\"inLanguage\":\"cs\",\"@id\":\"https:\/\/www.hnhlcrane.com\/#\/schema\/logo\/image\/\",\"url\":\"https:\/\/www.hnhlcrane.com\/wp-content\/uploads\/2024\/09\/logo6-1-e1733899395598.png\",\"contentUrl\":\"https:\/\/www.hnhlcrane.com\/wp-content\/uploads\/2024\/09\/logo6-1-e1733899395598.png\",\"width\":1000,\"height\":282,\"caption\":\"Crane Parts Supplier-HL Crame\"},\"image\":{\"@id\":\"https:\/\/www.hnhlcrane.com\/#\/schema\/logo\/image\/\"}}]}<\/script>\n<!-- \/ Yoast SEO plugin. -->","yoast_head_json":{"title":"CGEK Rail Clips - P\u0159esn\u00e9 technick\u00e9 upev\u0148ovac\u00ed prvky pro kolejnice","description":"Zkonstruovan\u00e9 kolejnicov\u00e9 svorky CGEK zaji\u0161\u0165uj\u00ed stabiln\u00ed a bezpe\u010dn\u00e9 upevn\u011bn\u00ed kolejnic. Ide\u00e1ln\u00ed pro \u017eelezni\u010dn\u00ed stavby, \u00fadr\u017ebu a pr\u016fmyslov\u00e9 trat\u011b.","robots":{"index":"index","follow":"follow","max-snippet":"max-snippet:-1","max-image-preview":"max-image-preview:large","max-video-preview":"max-video-preview:-1"},"canonical":"https:\/\/www.hnhlcrane.com\/cs\/produkt\/kolejnicove-svorky-cgek\/","og_locale":"cs_CZ","og_type":"article","og_title":"CGEK Rail Clips \u2013 Precision Engineered Rail Fasteners","og_description":"Engineered CGEK Rail Clips ensure stable and safe rail fastening. Perfect for railway construction, maintenance, and industrial tracks.","og_url":"https:\/\/www.hnhlcrane.com\/cs\/produkt\/kolejnicove-svorky-cgek\/","og_site_name":"Crane Parts Supplier-HL Crame","article_modified_time":"2025-09-14T14:52:34+00:00","og_image":[{"width":600,"height":600,"url":"https:\/\/www.hnhlcrane.com\/wp-content\/uploads\/2024\/11\/CGEK-Rail-Clips-1.jpg","type":"image\/jpeg"}],"twitter_card":"summary_large_image","twitter_misc":{"Odhadovan\u00e1 doba \u010dten\u00ed":"2 minuty"},"schema":{"@context":"https:\/\/schema.org","@graph":[{"@type":"WebPage","@id":"https:\/\/www.hnhlcrane.com\/product\/cgek-rail-clips\/","url":"https:\/\/www.hnhlcrane.com\/product\/cgek-rail-clips\/","name":"CGEK Rail Clips - P\u0159esn\u00e9 technick\u00e9 upev\u0148ovac\u00ed prvky pro kolejnice","isPartOf":{"@id":"https:\/\/www.hnhlcrane.com\/#website"},"primaryImageOfPage":{"@id":"https:\/\/www.hnhlcrane.com\/product\/cgek-rail-clips\/#primaryimage"},"image":{"@id":"https:\/\/www.hnhlcrane.com\/product\/cgek-rail-clips\/#primaryimage"},"thumbnailUrl":"https:\/\/www.hnhlcrane.com\/wp-content\/uploads\/2024\/11\/CGEK-Rail-Clips-1.jpg","datePublished":"2024-11-29T14:04:09+00:00","dateModified":"2025-09-14T14:52:34+00:00","description":"Zkonstruovan\u00e9 kolejnicov\u00e9 svorky CGEK zaji\u0161\u0165uj\u00ed stabiln\u00ed a bezpe\u010dn\u00e9 upevn\u011bn\u00ed kolejnic. Ide\u00e1ln\u00ed pro \u017eelezni\u010dn\u00ed stavby, \u00fadr\u017ebu a pr\u016fmyslov\u00e9 trat\u011b.","breadcrumb":{"@id":"https:\/\/www.hnhlcrane.com\/product\/cgek-rail-clips\/#breadcrumb"},"inLanguage":"cs","potentialAction":[{"@type":"ReadAction","target":["https:\/\/www.hnhlcrane.com\/product\/cgek-rail-clips\/"]}]},{"@type":"ImageObject","inLanguage":"cs","@id":"https:\/\/www.hnhlcrane.com\/product\/cgek-rail-clips\/#primaryimage","url":"https:\/\/www.hnhlcrane.com\/wp-content\/uploads\/2024\/11\/CGEK-Rail-Clips-1.jpg","contentUrl":"https:\/\/www.hnhlcrane.com\/wp-content\/uploads\/2024\/11\/CGEK-Rail-Clips-1.jpg","width":600,"height":600},{"@type":"BreadcrumbList","@id":"https:\/\/www.hnhlcrane.com\/product\/cgek-rail-clips\/#breadcrumb","itemListElement":[{"@type":"ListItem","position":1,"name":"home","item":"https:\/\/www.hnhlcrane.com\/"},{"@type":"ListItem","position":2,"name":"products","item":"https:\/\/www.hnhlcrane.com\/products\/"},{"@type":"ListItem","position":3,"name":"CGEK Rail Clips"}]},{"@type":"WebSite","@id":"https:\/\/www.hnhlcrane.com\/#website","url":"https:\/\/www.hnhlcrane.com\/","name":"Dodavatel je\u0159\u00e1bov\u00fdch d\u00edl\u016f-HL Crame","description":"Jednor\u00e1zov\u00e9 \u0159e\u0161en\u00ed pro v\u0161echny va\u0161e pot\u0159eby je\u0159\u00e1bov\u00fdch d\u00edl\u016f, je\u0159\u00e1bov\u00fd h\u00e1k, je\u0159\u00e1bov\u00fd buben, je\u0159\u00e1bov\u00e9 kolo, je\u0159\u00e1bov\u00e1 spojka, je\u0159\u00e1bov\u00e1 p\u0159evodovka, je\u0159\u00e1bov\u00fd motor, je\u0159\u00e1bov\u00e1 brzda, speci\u00e1ln\u00ed je\u0159\u00e1bov\u00fd sypa\u010d, je\u0159\u00e1bov\u00fd drap\u00e1k, kontejnerov\u00fd sypa\u010d, je\u0159\u00e1bov\u00e9 svorky, sypa\u010d typu C,Zvedac\u00ed elektromagnet, je\u0159\u00e1bov\u00e9 kolejnicov\u00e9 svorky, elektrick\u00fd kladkostroj, koncov\u00e9 voz\u00edky je\u0159\u00e1bu standardu FEM, lehk\u00e9 je\u0159\u00e1bov\u00e9 d\u00edly, d\u00edly je\u0159\u00e1bov\u00fdch pracovi\u0161\u0165, elektrick\u00e9 d\u00edly je\u0159\u00e1bu, lanov\u00fd voz\u00edk s I-nosn\u00edkem, d\u00e1lkov\u00fd ovlada\u010d je\u0159\u00e1bu, elektrick\u00e1 ovl\u00e1dac\u00ed sk\u0159\u00ed\u0148 je\u0159\u00e1bu,Koncov\u00fd sp\u00edna\u010d je\u0159\u00e1bu,Zvukov\u00fd a sv\u011bteln\u00fd alarm je\u0159\u00e1bu,T\u011b\u017ek\u00fd leteck\u00fd konektor,Omezova\u010d p\u0159et\u00ed\u017een\u00ed je\u0159\u00e1bu,Dodavatel d\u00edl\u016f je\u0159\u00e1bu v \u010c\u00edn\u011b,Je\u0159\u00e1bov\u00e9 h\u00e1ky,H\u00e1k port\u00e1lov\u00e9ho je\u0159\u00e1bu,P\u0159\u00edslu\u0161enstv\u00ed je\u0159\u00e1bu,Kovan\u00fd h\u00e1k,Zpracov\u00e1n\u00ed h\u00e1ku,V\u00fdrobce h\u00e1k\u016f,\u010c\u00ednsk\u00fd standardn\u00ed je\u0159\u00e1bov\u00fd h\u00e1k,Elektrick\u00fd kladkostroj,Je\u0159\u00e1bov\u00e1 kladka,Kladka h\u00e1ku,V\u00e1lcovan\u00e1 kladka,Dodavatel je\u0159\u00e1bov\u00e9 kladky\uff0cEvropsk\u00e1 kladka h\u00e1ku,Kladka h\u00e1ku port\u00e1lov\u00e9ho je\u0159\u00e1bu,Je\u0159\u00e1bov\u00fd buben typu WZL,Sada nav\u00edjec\u00edch bubn\u016f evropsk\u00e9ho stylu,Je\u0159\u00e1bov\u00e1 kladka,je\u0159\u00e1bov\u00e9 d\u00edly,zpracov\u00e1n\u00ed bubnu,v\u00fdrobce je\u0159\u00e1bov\u00fdch bubn\u016f,lit\u00fd ocelov\u00fd buben,buben elektrick\u00e9ho kladkostroje,sestava je\u0159\u00e1bov\u00e9ho bubnu,bloky kol DRS,evropsk\u00e9 je\u0159\u00e1bov\u00e9 kolo,kovan\u00e1 kola,sada aktivn\u00edch kol,sada hnac\u00edch kol,skupina hnac\u00edch kol,v\u00fdrobce je\u0159\u00e1bov\u00fdch kol,kola je\u0159\u00e1b\u016f Demag,kola mostov\u00fdch je\u0159\u00e1b\u016f Konecranes,kola mostov\u00fdch je\u0159\u00e1b\u016f,h\u0159\u00eddelov\u00e9 spojky,spojky pro p\u0159enos v\u00fdkonu,diskov\u00e9 spojky,fluidn\u00ed spojky,v\u00fdrobce spojek\uff0cCardan spojka,je\u0159\u00e1bov\u00e1 redukce,Zpomalova\u010de je\u0159\u00e1b\u016f,Reduk\u010dn\u00ed p\u0159evodovka,Redukce pro je\u0159\u00e1b,Reduk\u010dn\u00ed p\u0159evodovka pro je\u0159\u00e1b,Redukce s tvrd\u00fdm povrchem zub\u016fRedukce je\u0159\u00e1b\u016f a kladkostroj\u016f,Redukce Flender,V\u00fdrobce redukc\u00ed,Redukce ZQ,Redukce QJ,Redukce QJY,P\u0159evodov\u00e9 motory,Redukce Konecranes,Redukce \u0159ady F t\u0159i v jednom,Redukce \u0159ady K t\u0159i v jednom,pojezdov\u00e9 stroje,pojezdov\u00fd motor s p\u0159evodovkou,motor s p\u0159evodovkou pro pojezd je\u0159\u00e1bu,pojezdov\u00e9 stroje motory s frekven\u010dn\u00edm m\u011bni\u010dem,p\u0159evodov\u00e9 motory podle normy FEM,je\u0159\u00e1bov\u00e9 motory,Invertorov\u00e9 motory,Motory pro kladkostroje,Motory pro je\u0159\u00e1by,Speci\u00e1ln\u00ed motory pro je\u0159\u00e1by,Motory \u0159ady YZR YZP YZ,Motory pro je\u0159\u00e1by a kladkostroje,Motory s frekven\u010dn\u00edmi m\u011bni\u010di,Elektrohydraulick\u00e9 bubnov\u00e9 brzdy,Elektrohydraulick\u00e9 kotou\u010dov\u00e9 brzdy,Brzdy,Brzdy pro mostov\u00e9 je\u0159\u00e1by,Kotou\u010dov\u00e9 brzdy,Elektromagnetick\u00e9 kotou\u010dov\u00e9 brzdy,Hydraulick\u00e9 kotou\u010dov\u00e9 brzdy pro je\u0159\u00e1by,V\u00fdrobce brzd,Bezpe\u010dnostn\u00ed brzdy pro je\u0159\u00e1by,Jednoduch\u00fd lanov\u00fd drap\u00e1k,\u010cty\u0159lanov\u00fd drap\u00e1k,Elektrohydraulick\u00fd v\u00edcelamelov\u00fd drap\u00e1k,Drap\u00e1k s oran\u017eovou k\u016frou,Elektrick\u00fd motorov\u00fd drap\u00e1k,Elektrohydraulick\u00fdklapkov\u00fd drap\u00e1k,V\u00fdrobci drap\u00e1k\u016f,V\u00fdrobci rozmetadel kontejner\u016f,Rozmetadlo kontejner\u016f 20 stop,Poloautomatick\u00e9 rozmetadlo kontejner\u016f,R\u00e1m pro zved\u00e1n\u00ed kontejner\u016f 40 stop,Rozmetadlo kontejner\u016f TEC,Zvedac\u00ed svorka na sochory,Svorky na sochory,Svorky na sochory v\u00fdrobce je\u0159\u00e1b\u016f,Svorky na sochory dodavatel \u010c\u00edna,C\u00edvkov\u00fd h\u00e1k C-Type Hook,C\u00edvkov\u00fd h\u00e1k,Mostov\u00fd je\u0159\u00e1b ocelov\u00fd c\u00edvkov\u00fd h\u00e1k C-Type Hook,Je\u0159\u00e1b C-h\u00e1k,Rozmetadlo typu C,H\u00e1k typu C,Je\u0159\u00e1bov\u00e9 magnety,Za\u0159\u00edzen\u00ed pro upevn\u011bn\u00ed kolejnic,Je\u0159\u00e1b Rail fixing device,je\u0159\u00e1b Rail Clamp,CD\/MD Wire Rope Electric Hoist,Wire Rope Electric Hoist China Manufacturer,Single Girder Wire Rope Electric Hoist,Double Girder Wire Rope Electric Hoist,Chain Hoist,Electric chain hoist manufacturer,Electric chain hoist China distributor,European wire rope electric hoist\uff0cEuropean double beam wire rope electric hoist,European Style Single Beam Crane End Carriage,FEN\/DIN European Style Single Beam Crane End Carriage,V\u00fdrobci koncov\u00fdch nosn\u00edk\u016f je\u0159\u00e1b\u016f,Koncov\u00fd nosn\u00edk je\u0159\u00e1b\u016f evropsk\u00e9ho stylu,Koncov\u00fd nosn\u00edk je\u0159\u00e1b\u016f evropsk\u00e9ho stylu,Koncov\u00fd nosn\u00edk je\u0159\u00e1b\u016f evropsk\u00e9ho stylu,Koncov\u00fd nosn\u00edk je\u0159\u00e1b\u016f evropsk\u00e9ho stylu,Koncov\u00fd nosn\u00edk je\u0159\u00e1b\u016f FEN\/DIN,Z\u00e1v\u011bsn\u00fd voz\u00edk na lano,Bezdr\u00e1tov\u00e9 d\u00e1lkov\u00e9 ovl\u00e1d\u00e1n\u00ed,D\u00e1lkov\u00fd ovlada\u010d,Ovl\u00e1dac\u00ed rukoje\u0165 je\u0159\u00e1bu,Ovl\u00e1d\u00e1n\u00ed je\u0159\u00e1bu,Elektrick\u00e1 ovl\u00e1dac\u00ed sk\u0159\u00ed\u0148,Ovl\u00e1dac\u00ed sk\u0159\u00ed\u0148 je\u0159\u00e1bu,Koncov\u00fd sp\u00edna\u010d,Zvukov\u00fd a sv\u011bteln\u00fd alarm,Leteck\u00e1 z\u00e1str\u010dka,Rychlospojka,Leteck\u00e1 z\u00e1str\u010dka je\u0159\u00e1bu,Omezova\u010d p\u0159et\u00ed\u017een\u00ed","publisher":{"@id":"https:\/\/www.hnhlcrane.com\/#organization"},"potentialAction":[{"@type":"SearchAction","target":{"@type":"EntryPoint","urlTemplate":"https:\/\/www.hnhlcrane.com\/?s={search_term_string}"},"query-input":{"@type":"PropertyValueSpecification","valueRequired":true,"valueName":"search_term_string"}}],"inLanguage":"cs"},{"@type":"Organization","@id":"https:\/\/www.hnhlcrane.com\/#organization","name":"Dodavatel je\u0159\u00e1bov\u00fdch d\u00edl\u016f-HL Crame","url":"https:\/\/www.hnhlcrane.com\/","logo":{"@type":"ImageObject","inLanguage":"cs","@id":"https:\/\/www.hnhlcrane.com\/#\/schema\/logo\/image\/","url":"https:\/\/www.hnhlcrane.com\/wp-content\/uploads\/2024\/09\/logo6-1-e1733899395598.png","contentUrl":"https:\/\/www.hnhlcrane.com\/wp-content\/uploads\/2024\/09\/logo6-1-e1733899395598.png","width":1000,"height":282,"caption":"Crane Parts Supplier-HL Crame"},"image":{"@id":"https:\/\/www.hnhlcrane.com\/#\/schema\/logo\/image\/"}}]}},"_links":{"self":[{"href":"https:\/\/www.hnhlcrane.com\/cs\/wp-json\/wp\/v2\/product\/5528","targetHints":{"allow":["GET"]}}],"collection":[{"href":"https:\/\/www.hnhlcrane.com\/cs\/wp-json\/wp\/v2\/product"}],"about":[{"href":"https:\/\/www.hnhlcrane.com\/cs\/wp-json\/wp\/v2\/types\/product"}],"version-history":[{"count":2,"href":"https:\/\/www.hnhlcrane.com\/cs\/wp-json\/wp\/v2\/product\/5528\/revisions"}],"predecessor-version":[{"id":6972,"href":"https:\/\/www.hnhlcrane.com\/cs\/wp-json\/wp\/v2\/product\/5528\/revisions\/6972"}],"wp:featuredmedia":[{"embeddable":true,"href":"https:\/\/www.hnhlcrane.com\/cs\/wp-json\/wp\/v2\/media\/5529"}],"wp:attachment":[{"href":"https:\/\/www.hnhlcrane.com\/cs\/wp-json\/wp\/v2\/media?parent=5528"}],"wp:term":[{"taxonomy":"product_brand","embeddable":true,"href":"https:\/\/www.hnhlcrane.com\/cs\/wp-json\/wp\/v2\/product_brand?post=5528"},{"taxonomy":"product_cat","embeddable":true,"href":"https:\/\/www.hnhlcrane.com\/cs\/wp-json\/wp\/v2\/product_cat?post=5528"},{"taxonomy":"product_tag","embeddable":true,"href":"https:\/\/www.hnhlcrane.com\/cs\/wp-json\/wp\/v2\/product_tag?post=5528"}],"curies":[{"name":"wp","href":"https:\/\/api.w.org\/{rel}","templated":true}]}}