{"id":5524,"date":"2024-11-29T21:45:30","date_gmt":"2024-11-29T13:45:30","guid":{"rendered":"https:\/\/www.hnhlcrane.com\/?post_type=product&#038;p=5524"},"modified":"2025-09-14T22:47:54","modified_gmt":"2025-09-14T14:47:54","slug":"cgwk-kolejnicove-svorky","status":"publish","type":"product","link":"https:\/\/www.hnhlcrane.com\/cs\/produkt\/cgwk-kolejnicove-svorky\/","title":{"rendered":"Klipy CGWK Rail"},"content":{"rendered":"<h6><span style=\"font-family: arial, helvetica, sans-serif; font-size: 18pt;\"><strong>Vlastnosti kolejnicov\u00fdch spon CGWK<\/strong><\/span><\/h6>\n<ol>\n<li><strong>Sva\u0159ov\u00e1n\u00ed z\u00e1kladn\u00ed desky<\/strong>:<br \/>\nZ\u00e1kladov\u00e1 deska CGWK je p\u0159iva\u0159ena k horn\u00edmu p\u00e1su ocelov\u00e9ho je\u0159\u00e1bov\u00e9ho nosn\u00edku pomoc\u00ed oboustrann\u00fdch koutov\u00fdch svar\u016f nebo t\u0159\u00edstrann\u00fdch obtokov\u00fdch svar\u016f. T\u00edm je zaji\u0161t\u011bno, \u017ee vodorovn\u00e9 bo\u010dn\u00ed s\u00edly od je\u0159\u00e1bu jsou rovnom\u011brn\u011b p\u0159en\u00e1\u0161eny na nosn\u00edk je\u0159\u00e1bu, a nedoch\u00e1z\u00ed tak ke konstruk\u010dn\u00edm nedostatk\u016fm zp\u016fsoben\u00fdm rozs\u00e1hl\u00fdm vrt\u00e1n\u00edm v p\u0159\u00edrub\u011b nosn\u00edku.<\/li>\n<li><strong>Sf\u00e9rick\u00e9 kloubov\u00e9 p\u0159ipojen\u00ed<\/strong>:<br \/>\nZ\u00e1kladn\u00ed deska a horn\u00ed up\u00ednac\u00ed deska jsou spojeny kulov\u00fdm z\u00e1v\u011bsem. Tato konstrukce umo\u017e\u0148uje m\u00edrn\u00e9 nakl\u00e1p\u011bn\u00ed p\u0159i p\u016fsoben\u00ed bo\u010dn\u00edch sil a \u00fa\u010dinn\u011b zm\u00edr\u0148uje dopad vodorovn\u00fdch sil na nosn\u00edk je\u0159\u00e1bu a brzdov\u00e9 syst\u00e9my.<\/li>\n<li><strong>Bl\u00edzkost polohy<\/strong>:<br \/>\nZ\u00e1kladn\u00ed deska CGWK je um\u00edst\u011bna p\u0159ibli\u017en\u011b <strong>1 mm<\/strong> pod spodn\u00ed hranou kolejnice, co\u017e \u00fa\u010dinn\u011b omezuje bo\u010dn\u00ed pohyb kolejnice.<\/li>\n<li><strong>Speci\u00e1ln\u00ed \u0161rouby pro stabilitu<\/strong>:<br \/>\nPro optim\u00e1ln\u00ed rozlo\u017een\u00ed zat\u00ed\u017een\u00ed na upev\u0148ovac\u00ed prvky jsou pou\u017eity speci\u00e1ln\u00ed \u0161rouby a horn\u00ed up\u00ednac\u00ed desku lze snadno demontovat, co\u017e v\u00fdrazn\u011b usnad\u0148uje instalaci a \u00fadr\u017ebu.<\/li>\n<li><strong>Materi\u00e1l a pevnost<\/strong>:<br \/>\nV\u0161echny upev\u0148ovac\u00ed prvky jsou vyrobeny z n\u00edzkolegovan\u00e9 vysokopevnostn\u00ed oceli. Na str\u00e1nk\u00e1ch <strong>M20 t\u0159\u00edda 8.8<\/strong> pevnostn\u00ed \u0161rouby jsou uta\u017eeny kroutic\u00edm momentem o hodnot\u011b <strong>220 N-m<\/strong>a syst\u00e9m vydr\u017e\u00ed maxim\u00e1ln\u00ed bo\u010dn\u00ed s\u00edlu o velikosti <strong>65kN<\/strong> v ka\u017ed\u00e9m bod\u011b zat\u00ed\u017een\u00ed kola.<\/li>\n<\/ol>\n<h6><span style=\"font-family: arial, helvetica, sans-serif; font-size: 18pt;\"><strong>Pokyny pro instalaci CGWK<a href=\"https:\/\/www.hnhlcrane.com\/cs\/produkty\/svorky-jerabovych-kolejnic\/\" target=\"_blank\" rel=\"noopener\"> Kolejnicov\u00e9 svorky<\/a><\/strong><\/span><\/h6>\n<ol>\n<li><strong>Vyrovn\u00e1n\u00ed kolej\u00ed<\/strong>:<br \/>\nP\u0159ed zah\u00e1jen\u00edm instalace vyrovnejte kolejnici podle konstruk\u010dn\u00edch specifikac\u00ed.<\/li>\n<li><strong>Um\u00edst\u011bn\u00ed z\u00e1kladn\u00ed desky<\/strong>:\n<ul>\n<li>Z\u00e1kladn\u00ed desky um\u00edst\u011bte pod\u00e9l sm\u011bru kolejnice v intervalech po <strong>500 mm<\/strong>.<\/li>\n<li>Zajist\u011bte, aby kolm\u00e1 vzd\u00e1lenost od st\u0159edu \u0161roubu ke st\u0159edu kolejnice (hodnota <strong>a<\/strong>) je spr\u00e1vn\u011b um\u00edst\u011bn.<\/li>\n<\/ul>\n<\/li>\n<li><strong>Sva\u0159ov\u00e1n\u00ed z\u00e1kladn\u00ed desky<\/strong>:<br \/>\nP\u0159iva\u0159te z\u00e1kladn\u00ed desku k nosn\u00edku je\u0159\u00e1bu ur\u010denou metodou (oboustrann\u00e9 nebo t\u0159\u00edstrann\u00e9 sva\u0159ov\u00e1n\u00ed).<\/li>\n<li><strong>Sestava komponent<\/strong>:<br \/>\nSvorky sestavte v n\u00e1sleduj\u00edc\u00edm po\u0159ad\u00ed:<\/p>\n<ul>\n<li>Um\u00edst\u011bn\u00ed \u0161roub\u016f<\/li>\n<li>Um\u00edst\u011bte horn\u00ed up\u00ednac\u00ed desku<\/li>\n<li>P\u0159idejte ploch\u00e9 podlo\u017eky, pru\u017en\u00e9 podlo\u017eky a matice.<\/li>\n<li>Ut\u00e1hn\u011bte matice utahovac\u00edm momentem o hodnot\u011b <strong>220 N-m<\/strong>.<\/li>\n<\/ul>\n<\/li>\n<\/ol>\n<p><img fetchpriority=\"high\" decoding=\"async\" class=\"alignnone wp-image-5526\" src=\"https:\/\/www.hnhlcrane.com\/wp-content\/uploads\/2024\/11\/CGWK-Rail-Clips-1-300x103.jpg\" alt=\"\" width=\"804\" height=\"276\" srcset=\"https:\/\/www.hnhlcrane.com\/wp-content\/uploads\/2024\/11\/CGWK-Rail-Clips-1-300x103.jpg 300w, https:\/\/www.hnhlcrane.com\/wp-content\/uploads\/2024\/11\/CGWK-Rail-Clips-1-768x263.jpg 768w, https:\/\/www.hnhlcrane.com\/wp-content\/uploads\/2024\/11\/CGWK-Rail-Clips-1-600x205.jpg 600w, https:\/\/www.hnhlcrane.com\/wp-content\/uploads\/2024\/11\/CGWK-Rail-Clips-1.jpg 1000w\" sizes=\"(max-width: 804px) 100vw, 804px\" \/><\/p>","protected":false},"excerpt":{"rendered":"<h6><span style=\"font-family: arial, helvetica, sans-serif; font-size: 14pt;\"><strong>Specifikace kolejnicov\u00fdch svorek CGWK<\/strong><\/span><\/h6>\n<ul>\n<li><strong>Modely<\/strong>: CGWK38, CGWK43, CGWK50, CGWK60, CGWK70, CGWK80, CGWK100, CGWK120<\/li>\n<li><strong>Metoda upevn\u011bn\u00ed<\/strong>: Sva\u0159ovan\u00e1 z\u00e1kladn\u00ed deska<\/li>\n<\/ul>","protected":false},"featured_media":5525,"template":"","meta":{"_kad_post_transparent":"default","_kad_post_title":"","_kad_post_layout":"default","_kad_post_sidebar_id":"","_kad_post_content_style":"default","_kad_post_vertical_padding":"show","_kad_post_feature":"","_kad_post_feature_position":"","_kad_post_header":false,"_kad_post_footer":false},"product_brand":[],"product_cat":[83],"product_tag":[224,223,222,221,218,214,217,225,228,216,226,219,227,215,220],"class_list":{"0":"post-5524","1":"product","2":"type-product","3":"status-publish","4":"has-post-thumbnail","6":"product_cat-crane-rail-clips","7":"product_tag-05g525-rail-clips","8":"product_tag-cgbk-rail-clips","9":"product_tag-cgek-rail-clips","10":"product_tag-cgwk-rail-clips","11":"product_tag-crane-rail-clamp","12":"product_tag-crane-rail-clips","13":"product_tag-crane-rail-fixing-device","14":"product_tag-hdgy-rail-clips","15":"product_tag-rail-connection-splint","16":"product_tag-rail-fixing-device","17":"product_tag-rail-joints","18":"product_tag-swjk-rail-clips","19":"product_tag-tracks-jointing-plates","20":"product_tag-wjk-rail-clips","21":"product_tag-wjkc-rail-clips","23":"first","24":"instock","25":"shipping-taxable","26":"product-type-simple","27":"entry","28":"content-bg","29":"loop-entry"},"yoast_head":"<!-- This site is optimized with the Yoast SEO plugin v25.6 - https:\/\/yoast.com\/wordpress\/plugins\/seo\/ -->\n<title>CGWK Rail Clips \u2013 Durable &amp; Reliable Rail Fastening Solution<\/title>\n<meta name=\"description\" content=\"High-quality CGWK Rail Clips for secure and long-lasting rail connections. Ideal for railways, industrial tracks, and heavy-duty applications.\" \/>\n<meta name=\"robots\" content=\"index, follow, max-snippet:-1, max-image-preview:large, max-video-preview:-1\" \/>\n<link rel=\"canonical\" href=\"https:\/\/www.hnhlcrane.com\/cs\/produkt\/cgwk-kolejnicove-svorky\/\" \/>\n<meta property=\"og:locale\" content=\"cs_CZ\" \/>\n<meta property=\"og:type\" content=\"article\" \/>\n<meta property=\"og:title\" content=\"CGWK Rail Clips \u2013 Durable &amp; Reliable Rail Fastening Solution\" \/>\n<meta property=\"og:description\" content=\"High-quality CGWK Rail Clips for secure and long-lasting rail connections. Ideal for railways, industrial tracks, and heavy-duty applications.\" \/>\n<meta property=\"og:url\" content=\"https:\/\/www.hnhlcrane.com\/cs\/produkt\/cgwk-kolejnicove-svorky\/\" \/>\n<meta property=\"og:site_name\" content=\"Crane Parts Supplier-HL Crame\" \/>\n<meta property=\"article:modified_time\" content=\"2025-09-14T14:47:54+00:00\" \/>\n<meta property=\"og:image\" content=\"https:\/\/www.hnhlcrane.com\/wp-content\/uploads\/2024\/11\/CGWK-Rail-Clips.jpg\" \/>\n\t<meta property=\"og:image:width\" content=\"600\" \/>\n\t<meta property=\"og:image:height\" content=\"600\" \/>\n\t<meta property=\"og:image:type\" content=\"image\/jpeg\" \/>\n<meta name=\"twitter:card\" content=\"summary_large_image\" \/>\n<meta name=\"twitter:label1\" content=\"Odhadovan\u00e1 doba \u010dten\u00ed\" \/>\n\t<meta name=\"twitter:data1\" content=\"2 minuty\" \/>\n<script type=\"application\/ld+json\" class=\"yoast-schema-graph\">{\"@context\":\"https:\/\/schema.org\",\"@graph\":[{\"@type\":\"WebPage\",\"@id\":\"https:\/\/www.hnhlcrane.com\/product\/cgwk-rail-clips\/\",\"url\":\"https:\/\/www.hnhlcrane.com\/product\/cgwk-rail-clips\/\",\"name\":\"CGWK Rail Clips \u2013 Durable & Reliable Rail Fastening Solution\",\"isPartOf\":{\"@id\":\"https:\/\/www.hnhlcrane.com\/#website\"},\"primaryImageOfPage\":{\"@id\":\"https:\/\/www.hnhlcrane.com\/product\/cgwk-rail-clips\/#primaryimage\"},\"image\":{\"@id\":\"https:\/\/www.hnhlcrane.com\/product\/cgwk-rail-clips\/#primaryimage\"},\"thumbnailUrl\":\"https:\/\/www.hnhlcrane.com\/wp-content\/uploads\/2024\/11\/CGWK-Rail-Clips.jpg\",\"datePublished\":\"2024-11-29T13:45:30+00:00\",\"dateModified\":\"2025-09-14T14:47:54+00:00\",\"description\":\"High-quality CGWK Rail Clips for secure and long-lasting rail connections. Ideal for railways, industrial tracks, and heavy-duty applications.\",\"breadcrumb\":{\"@id\":\"https:\/\/www.hnhlcrane.com\/product\/cgwk-rail-clips\/#breadcrumb\"},\"inLanguage\":\"cs\",\"potentialAction\":[{\"@type\":\"ReadAction\",\"target\":[\"https:\/\/www.hnhlcrane.com\/product\/cgwk-rail-clips\/\"]}]},{\"@type\":\"ImageObject\",\"inLanguage\":\"cs\",\"@id\":\"https:\/\/www.hnhlcrane.com\/product\/cgwk-rail-clips\/#primaryimage\",\"url\":\"https:\/\/www.hnhlcrane.com\/wp-content\/uploads\/2024\/11\/CGWK-Rail-Clips.jpg\",\"contentUrl\":\"https:\/\/www.hnhlcrane.com\/wp-content\/uploads\/2024\/11\/CGWK-Rail-Clips.jpg\",\"width\":600,\"height\":600},{\"@type\":\"BreadcrumbList\",\"@id\":\"https:\/\/www.hnhlcrane.com\/product\/cgwk-rail-clips\/#breadcrumb\",\"itemListElement\":[{\"@type\":\"ListItem\",\"position\":1,\"name\":\"home\",\"item\":\"https:\/\/www.hnhlcrane.com\/\"},{\"@type\":\"ListItem\",\"position\":2,\"name\":\"products\",\"item\":\"https:\/\/www.hnhlcrane.com\/products\/\"},{\"@type\":\"ListItem\",\"position\":3,\"name\":\"CGWK Rail Clips\"}]},{\"@type\":\"WebSite\",\"@id\":\"https:\/\/www.hnhlcrane.com\/#website\",\"url\":\"https:\/\/www.hnhlcrane.com\/\",\"name\":\"Crane Parts Supplier-HL Crame\",\"description\":\"One-stop solution for all your  crane parts needs,Crane Hook,Crane Drum,Crane Wheel,Crane Coupling,Crane Gearbox,Crane Motor,Crane Brake,Special Crane Spreader,Crane grab,Container spreader,Billet crane clamps,Crane C-type spreader,Lifting Electromagnet,Crane Rail Clips,Electric Hoist,FEM Standard Crane End Carriages,Light Crane Parts,Workstation Crane Parts,Crane Electrical Parts,I-beam cable trolley,Crane remote controller,Crane electrical control cabinet,Crane limit switch,Crane sound and light alarm,Heavy Duty Aviation Connector,Crane overload limiter,China Crane Parts Supplier,Crane hooks,Gantry crane hook,Crane accessories,Forged hook,hook processing,Hook manufacturer,China standard crane hook,electric hoist hook,Crane pulley,Hook pulley,Rolled pulley,Crane Pulley Supplier\uff0cEuropean hook pulley,Gantry crane hook pulley,WZL type crane drum,European style reel set,Crane reel,crane parts,Drum processing,crane drum manufacturer,Cast steel drum,Electric hoist drum,Crane drum assembly,DRS Wheel Blocks,European crane wheel,Forged wheels,Active wheel set,Driving wheel set,Driven wheel group,crane wheels manufacturer,Demag crane wheels,Konecranes Crane Wheels,Overhead crane Wheel,Shaft couplings,Power Transmission Couplings,Disc Couplings,Fluid couplings,Coupling manufacturer\uff0cCardan coupling,Crane Reducer,Crane Decelerators,Reducer gearbox,Reducer for crane,Gear Reducer For Crane,Hard tooth surface reducerCrane and hoist reducer,Flender reducer,Reducer manufacturer,ZQ reducer,QJ reducer,QJY reducer,Gear Motors,Konecranes reducer,F series three-in-one reducer,K series three-in-one reducer,travelling machinery,Travelling Motor With Gear,Gear Motor for Crane Traveling,Travelling machinery Frequency inverter motors,FEM standard Gear Motors,Crane motors,Inverter motors,Hoist motors,motorCrane duty motors,Special motor for crane,YZR YZP YZ series motors,Crane and hoist motor,Frequency conversion motor,Electro hydraulic drum brakes,Electro-hydraulic disc brakes,Brake,Overhead Crane Brakes,Disc brakes,Electromagnetic disk brake,Crane hydraulic disc brake,Brakes manufacturer,crane Safety brakes,Singlr rope grab,Four rope grab,Electro-hydraulic multi-flap grab,Orange peel grab,Electric motor grab,Electro-Hydraulicclamshell grab,grab manufacturers,Container spreader manufacturers,20ft Container Spreader,Semi Automatic container spreader,40ft Container Lifting Frame,TEC container Spreader,Billet lifting clamp,Billet Clamps,Billet crane clamps manufacturer,billet lifting clamps china supplier,Coil C-Type Hook,coil hook,Overhead Crane Steel Coil C-Type Hook,Crane C-hook,C-type spreader,C-type hook,Crane magnets,Rail fixing device,Crane Rail fixing device,crane Rail Clamp,CD\/MD Wire Rope Electric Hoist,Wire Rope Electric Hoist China Manufacturer,Single Girder Wire Rope Electric Hoist,Double Girder Wire Rope Electric Hoist,Chain Hoist,Electric chain hoist manufacturer,Electric chain hoist China distributor,European wire rope electric hoist\uff0cEuropean double beam wire rope electric hoist,European Style Single Beam Crane End Carriage,FEN\/DIN European Style Single Beam Crane End Carriage,Crane end beam manufacturers,European style hoist double beam crane end beam,Suspension crane end beam,European style suspended single beam crane end beam,FEN\/DIN Suspension crane end beam,crane cable trolley,Wireless remote control,remote controller,Crane control handle,Crane Controls,electrical control cabinet,crane control cabinet,Limit switch,Sound and light alarm,Aviation plug,quick connector,Crane aviation plug,Overload limiter\",\"publisher\":{\"@id\":\"https:\/\/www.hnhlcrane.com\/#organization\"},\"potentialAction\":[{\"@type\":\"SearchAction\",\"target\":{\"@type\":\"EntryPoint\",\"urlTemplate\":\"https:\/\/www.hnhlcrane.com\/?s={search_term_string}\"},\"query-input\":{\"@type\":\"PropertyValueSpecification\",\"valueRequired\":true,\"valueName\":\"search_term_string\"}}],\"inLanguage\":\"cs\"},{\"@type\":\"Organization\",\"@id\":\"https:\/\/www.hnhlcrane.com\/#organization\",\"name\":\"Crane Parts Supplier-HL Crame\",\"url\":\"https:\/\/www.hnhlcrane.com\/\",\"logo\":{\"@type\":\"ImageObject\",\"inLanguage\":\"cs\",\"@id\":\"https:\/\/www.hnhlcrane.com\/#\/schema\/logo\/image\/\",\"url\":\"https:\/\/www.hnhlcrane.com\/wp-content\/uploads\/2024\/09\/logo6-1-e1733899395598.png\",\"contentUrl\":\"https:\/\/www.hnhlcrane.com\/wp-content\/uploads\/2024\/09\/logo6-1-e1733899395598.png\",\"width\":1000,\"height\":282,\"caption\":\"Crane Parts Supplier-HL Crame\"},\"image\":{\"@id\":\"https:\/\/www.hnhlcrane.com\/#\/schema\/logo\/image\/\"}}]}<\/script>\n<!-- \/ Yoast SEO plugin. -->","yoast_head_json":{"title":"CGWK Rail Clips - odoln\u00e9 a spolehliv\u00e9 \u0159e\u0161en\u00ed upevn\u011bn\u00ed kolejnic","description":"Vysoce kvalitn\u00ed kolejnicov\u00e9 svorky CGWK pro bezpe\u010dn\u00e9 a trvanliv\u00e9 p\u0159ipojen\u00ed kolejnic. Ide\u00e1ln\u00ed pro \u017eeleznice, pr\u016fmyslov\u00e9 dr\u00e1hy a n\u00e1ro\u010dn\u00e9 aplikace.","robots":{"index":"index","follow":"follow","max-snippet":"max-snippet:-1","max-image-preview":"max-image-preview:large","max-video-preview":"max-video-preview:-1"},"canonical":"https:\/\/www.hnhlcrane.com\/cs\/produkt\/cgwk-kolejnicove-svorky\/","og_locale":"cs_CZ","og_type":"article","og_title":"CGWK Rail Clips \u2013 Durable & Reliable Rail Fastening Solution","og_description":"High-quality CGWK Rail Clips for secure and long-lasting rail connections. Ideal for railways, industrial tracks, and heavy-duty applications.","og_url":"https:\/\/www.hnhlcrane.com\/cs\/produkt\/cgwk-kolejnicove-svorky\/","og_site_name":"Crane Parts Supplier-HL Crame","article_modified_time":"2025-09-14T14:47:54+00:00","og_image":[{"width":600,"height":600,"url":"https:\/\/www.hnhlcrane.com\/wp-content\/uploads\/2024\/11\/CGWK-Rail-Clips.jpg","type":"image\/jpeg"}],"twitter_card":"summary_large_image","twitter_misc":{"Odhadovan\u00e1 doba \u010dten\u00ed":"2 minuty"},"schema":{"@context":"https:\/\/schema.org","@graph":[{"@type":"WebPage","@id":"https:\/\/www.hnhlcrane.com\/product\/cgwk-rail-clips\/","url":"https:\/\/www.hnhlcrane.com\/product\/cgwk-rail-clips\/","name":"CGWK Rail Clips - odoln\u00e9 a spolehliv\u00e9 \u0159e\u0161en\u00ed upevn\u011bn\u00ed kolejnic","isPartOf":{"@id":"https:\/\/www.hnhlcrane.com\/#website"},"primaryImageOfPage":{"@id":"https:\/\/www.hnhlcrane.com\/product\/cgwk-rail-clips\/#primaryimage"},"image":{"@id":"https:\/\/www.hnhlcrane.com\/product\/cgwk-rail-clips\/#primaryimage"},"thumbnailUrl":"https:\/\/www.hnhlcrane.com\/wp-content\/uploads\/2024\/11\/CGWK-Rail-Clips.jpg","datePublished":"2024-11-29T13:45:30+00:00","dateModified":"2025-09-14T14:47:54+00:00","description":"Vysoce kvalitn\u00ed kolejnicov\u00e9 svorky CGWK pro bezpe\u010dn\u00e9 a trvanliv\u00e9 p\u0159ipojen\u00ed kolejnic. Ide\u00e1ln\u00ed pro \u017eeleznice, pr\u016fmyslov\u00e9 dr\u00e1hy a n\u00e1ro\u010dn\u00e9 aplikace.","breadcrumb":{"@id":"https:\/\/www.hnhlcrane.com\/product\/cgwk-rail-clips\/#breadcrumb"},"inLanguage":"cs","potentialAction":[{"@type":"ReadAction","target":["https:\/\/www.hnhlcrane.com\/product\/cgwk-rail-clips\/"]}]},{"@type":"ImageObject","inLanguage":"cs","@id":"https:\/\/www.hnhlcrane.com\/product\/cgwk-rail-clips\/#primaryimage","url":"https:\/\/www.hnhlcrane.com\/wp-content\/uploads\/2024\/11\/CGWK-Rail-Clips.jpg","contentUrl":"https:\/\/www.hnhlcrane.com\/wp-content\/uploads\/2024\/11\/CGWK-Rail-Clips.jpg","width":600,"height":600},{"@type":"BreadcrumbList","@id":"https:\/\/www.hnhlcrane.com\/product\/cgwk-rail-clips\/#breadcrumb","itemListElement":[{"@type":"ListItem","position":1,"name":"home","item":"https:\/\/www.hnhlcrane.com\/"},{"@type":"ListItem","position":2,"name":"products","item":"https:\/\/www.hnhlcrane.com\/products\/"},{"@type":"ListItem","position":3,"name":"CGWK Rail Clips"}]},{"@type":"WebSite","@id":"https:\/\/www.hnhlcrane.com\/#website","url":"https:\/\/www.hnhlcrane.com\/","name":"Dodavatel je\u0159\u00e1bov\u00fdch d\u00edl\u016f-HL Crame","description":"Jednor\u00e1zov\u00e9 \u0159e\u0161en\u00ed pro v\u0161echny va\u0161e pot\u0159eby je\u0159\u00e1bov\u00fdch d\u00edl\u016f, je\u0159\u00e1bov\u00fd h\u00e1k, je\u0159\u00e1bov\u00fd buben, je\u0159\u00e1bov\u00e9 kolo, je\u0159\u00e1bov\u00e1 spojka, je\u0159\u00e1bov\u00e1 p\u0159evodovka, je\u0159\u00e1bov\u00fd motor, je\u0159\u00e1bov\u00e1 brzda, speci\u00e1ln\u00ed je\u0159\u00e1bov\u00fd sypa\u010d, je\u0159\u00e1bov\u00fd drap\u00e1k, kontejnerov\u00fd sypa\u010d, je\u0159\u00e1bov\u00e9 svorky, sypa\u010d typu C,Zvedac\u00ed elektromagnet, je\u0159\u00e1bov\u00e9 kolejnicov\u00e9 svorky, elektrick\u00fd kladkostroj, koncov\u00e9 voz\u00edky je\u0159\u00e1bu standardu FEM, lehk\u00e9 je\u0159\u00e1bov\u00e9 d\u00edly, d\u00edly je\u0159\u00e1bov\u00fdch pracovi\u0161\u0165, elektrick\u00e9 d\u00edly je\u0159\u00e1bu, lanov\u00fd voz\u00edk s I-nosn\u00edkem, d\u00e1lkov\u00fd ovlada\u010d je\u0159\u00e1bu, elektrick\u00e1 ovl\u00e1dac\u00ed sk\u0159\u00ed\u0148 je\u0159\u00e1bu,Koncov\u00fd sp\u00edna\u010d je\u0159\u00e1bu,Zvukov\u00fd a sv\u011bteln\u00fd alarm je\u0159\u00e1bu,T\u011b\u017ek\u00fd leteck\u00fd konektor,Omezova\u010d p\u0159et\u00ed\u017een\u00ed je\u0159\u00e1bu,Dodavatel d\u00edl\u016f je\u0159\u00e1bu v \u010c\u00edn\u011b,Je\u0159\u00e1bov\u00e9 h\u00e1ky,H\u00e1k port\u00e1lov\u00e9ho je\u0159\u00e1bu,P\u0159\u00edslu\u0161enstv\u00ed je\u0159\u00e1bu,Kovan\u00fd h\u00e1k,Zpracov\u00e1n\u00ed h\u00e1ku,V\u00fdrobce h\u00e1k\u016f,\u010c\u00ednsk\u00fd standardn\u00ed je\u0159\u00e1bov\u00fd h\u00e1k,Elektrick\u00fd kladkostroj,Je\u0159\u00e1bov\u00e1 kladka,Kladka h\u00e1ku,V\u00e1lcovan\u00e1 kladka,Dodavatel je\u0159\u00e1bov\u00e9 kladky\uff0cEvropsk\u00e1 kladka h\u00e1ku,Kladka h\u00e1ku port\u00e1lov\u00e9ho je\u0159\u00e1bu,Je\u0159\u00e1bov\u00fd buben typu WZL,Sada nav\u00edjec\u00edch bubn\u016f evropsk\u00e9ho stylu,Je\u0159\u00e1bov\u00e1 kladka,je\u0159\u00e1bov\u00e9 d\u00edly,zpracov\u00e1n\u00ed bubnu,v\u00fdrobce je\u0159\u00e1bov\u00fdch bubn\u016f,lit\u00fd ocelov\u00fd buben,buben elektrick\u00e9ho kladkostroje,sestava je\u0159\u00e1bov\u00e9ho bubnu,bloky kol DRS,evropsk\u00e9 je\u0159\u00e1bov\u00e9 kolo,kovan\u00e1 kola,sada aktivn\u00edch kol,sada hnac\u00edch kol,skupina hnac\u00edch kol,v\u00fdrobce je\u0159\u00e1bov\u00fdch kol,kola je\u0159\u00e1b\u016f Demag,kola mostov\u00fdch je\u0159\u00e1b\u016f Konecranes,kola mostov\u00fdch je\u0159\u00e1b\u016f,h\u0159\u00eddelov\u00e9 spojky,spojky pro p\u0159enos v\u00fdkonu,diskov\u00e9 spojky,fluidn\u00ed spojky,v\u00fdrobce spojek\uff0cCardan spojka,je\u0159\u00e1bov\u00e1 redukce,Zpomalova\u010de je\u0159\u00e1b\u016f,Reduk\u010dn\u00ed p\u0159evodovka,Redukce pro je\u0159\u00e1b,Reduk\u010dn\u00ed p\u0159evodovka pro je\u0159\u00e1b,Redukce s tvrd\u00fdm povrchem zub\u016fRedukce je\u0159\u00e1b\u016f a kladkostroj\u016f,Redukce Flender,V\u00fdrobce redukc\u00ed,Redukce ZQ,Redukce QJ,Redukce QJY,P\u0159evodov\u00e9 motory,Redukce Konecranes,Redukce \u0159ady F t\u0159i v jednom,Redukce \u0159ady K t\u0159i v jednom,pojezdov\u00e9 stroje,pojezdov\u00fd motor s p\u0159evodovkou,motor s p\u0159evodovkou pro pojezd je\u0159\u00e1bu,pojezdov\u00e9 stroje motory s frekven\u010dn\u00edm m\u011bni\u010dem,p\u0159evodov\u00e9 motory podle normy FEM,je\u0159\u00e1bov\u00e9 motory,Invertorov\u00e9 motory,Motory pro kladkostroje,Motory pro je\u0159\u00e1by,Speci\u00e1ln\u00ed motory pro je\u0159\u00e1by,Motory \u0159ady YZR YZP YZ,Motory pro je\u0159\u00e1by a kladkostroje,Motory s frekven\u010dn\u00edmi m\u011bni\u010di,Elektrohydraulick\u00e9 bubnov\u00e9 brzdy,Elektrohydraulick\u00e9 kotou\u010dov\u00e9 brzdy,Brzdy,Brzdy pro mostov\u00e9 je\u0159\u00e1by,Kotou\u010dov\u00e9 brzdy,Elektromagnetick\u00e9 kotou\u010dov\u00e9 brzdy,Hydraulick\u00e9 kotou\u010dov\u00e9 brzdy pro je\u0159\u00e1by,V\u00fdrobce brzd,Bezpe\u010dnostn\u00ed brzdy pro je\u0159\u00e1by,Jednoduch\u00fd lanov\u00fd drap\u00e1k,\u010cty\u0159lanov\u00fd drap\u00e1k,Elektrohydraulick\u00fd v\u00edcelamelov\u00fd drap\u00e1k,Drap\u00e1k s oran\u017eovou k\u016frou,Elektrick\u00fd motorov\u00fd drap\u00e1k,Elektrohydraulick\u00fdklapkov\u00fd drap\u00e1k,V\u00fdrobci drap\u00e1k\u016f,V\u00fdrobci rozmetadel kontejner\u016f,Rozmetadlo kontejner\u016f 20 stop,Poloautomatick\u00e9 rozmetadlo kontejner\u016f,R\u00e1m pro zved\u00e1n\u00ed kontejner\u016f 40 stop,Rozmetadlo kontejner\u016f TEC,Zvedac\u00ed svorka na sochory,Svorky na sochory,Svorky na sochory v\u00fdrobce je\u0159\u00e1b\u016f,Svorky na sochory dodavatel \u010c\u00edna,C\u00edvkov\u00fd h\u00e1k C-Type Hook,C\u00edvkov\u00fd h\u00e1k,Mostov\u00fd je\u0159\u00e1b ocelov\u00fd c\u00edvkov\u00fd h\u00e1k C-Type Hook,Je\u0159\u00e1b C-h\u00e1k,Rozmetadlo typu C,H\u00e1k typu C,Je\u0159\u00e1bov\u00e9 magnety,Za\u0159\u00edzen\u00ed pro upevn\u011bn\u00ed kolejnic,Je\u0159\u00e1b Rail fixing device,je\u0159\u00e1b Rail Clamp,CD\/MD Wire Rope Electric Hoist,Wire Rope Electric Hoist China Manufacturer,Single Girder Wire Rope Electric Hoist,Double Girder Wire Rope Electric Hoist,Chain Hoist,Electric chain hoist manufacturer,Electric chain hoist China distributor,European wire rope electric hoist\uff0cEuropean double beam wire rope electric hoist,European Style Single Beam Crane End Carriage,FEN\/DIN European Style Single Beam Crane End Carriage,V\u00fdrobci koncov\u00fdch nosn\u00edk\u016f je\u0159\u00e1b\u016f,Koncov\u00fd nosn\u00edk je\u0159\u00e1b\u016f evropsk\u00e9ho stylu,Koncov\u00fd nosn\u00edk je\u0159\u00e1b\u016f evropsk\u00e9ho stylu,Koncov\u00fd nosn\u00edk je\u0159\u00e1b\u016f evropsk\u00e9ho stylu,Koncov\u00fd nosn\u00edk je\u0159\u00e1b\u016f evropsk\u00e9ho stylu,Koncov\u00fd nosn\u00edk je\u0159\u00e1b\u016f FEN\/DIN,Z\u00e1v\u011bsn\u00fd voz\u00edk na lano,Bezdr\u00e1tov\u00e9 d\u00e1lkov\u00e9 ovl\u00e1d\u00e1n\u00ed,D\u00e1lkov\u00fd ovlada\u010d,Ovl\u00e1dac\u00ed rukoje\u0165 je\u0159\u00e1bu,Ovl\u00e1d\u00e1n\u00ed je\u0159\u00e1bu,Elektrick\u00e1 ovl\u00e1dac\u00ed sk\u0159\u00ed\u0148,Ovl\u00e1dac\u00ed sk\u0159\u00ed\u0148 je\u0159\u00e1bu,Koncov\u00fd sp\u00edna\u010d,Zvukov\u00fd a sv\u011bteln\u00fd alarm,Leteck\u00e1 z\u00e1str\u010dka,Rychlospojka,Leteck\u00e1 z\u00e1str\u010dka je\u0159\u00e1bu,Omezova\u010d p\u0159et\u00ed\u017een\u00ed","publisher":{"@id":"https:\/\/www.hnhlcrane.com\/#organization"},"potentialAction":[{"@type":"SearchAction","target":{"@type":"EntryPoint","urlTemplate":"https:\/\/www.hnhlcrane.com\/?s={search_term_string}"},"query-input":{"@type":"PropertyValueSpecification","valueRequired":true,"valueName":"search_term_string"}}],"inLanguage":"cs"},{"@type":"Organization","@id":"https:\/\/www.hnhlcrane.com\/#organization","name":"Dodavatel je\u0159\u00e1bov\u00fdch d\u00edl\u016f-HL Crame","url":"https:\/\/www.hnhlcrane.com\/","logo":{"@type":"ImageObject","inLanguage":"cs","@id":"https:\/\/www.hnhlcrane.com\/#\/schema\/logo\/image\/","url":"https:\/\/www.hnhlcrane.com\/wp-content\/uploads\/2024\/09\/logo6-1-e1733899395598.png","contentUrl":"https:\/\/www.hnhlcrane.com\/wp-content\/uploads\/2024\/09\/logo6-1-e1733899395598.png","width":1000,"height":282,"caption":"Crane Parts Supplier-HL Crame"},"image":{"@id":"https:\/\/www.hnhlcrane.com\/#\/schema\/logo\/image\/"}}]}},"_links":{"self":[{"href":"https:\/\/www.hnhlcrane.com\/cs\/wp-json\/wp\/v2\/product\/5524","targetHints":{"allow":["GET"]}}],"collection":[{"href":"https:\/\/www.hnhlcrane.com\/cs\/wp-json\/wp\/v2\/product"}],"about":[{"href":"https:\/\/www.hnhlcrane.com\/cs\/wp-json\/wp\/v2\/types\/product"}],"version-history":[{"count":1,"href":"https:\/\/www.hnhlcrane.com\/cs\/wp-json\/wp\/v2\/product\/5524\/revisions"}],"predecessor-version":[{"id":6970,"href":"https:\/\/www.hnhlcrane.com\/cs\/wp-json\/wp\/v2\/product\/5524\/revisions\/6970"}],"wp:featuredmedia":[{"embeddable":true,"href":"https:\/\/www.hnhlcrane.com\/cs\/wp-json\/wp\/v2\/media\/5525"}],"wp:attachment":[{"href":"https:\/\/www.hnhlcrane.com\/cs\/wp-json\/wp\/v2\/media?parent=5524"}],"wp:term":[{"taxonomy":"product_brand","embeddable":true,"href":"https:\/\/www.hnhlcrane.com\/cs\/wp-json\/wp\/v2\/product_brand?post=5524"},{"taxonomy":"product_cat","embeddable":true,"href":"https:\/\/www.hnhlcrane.com\/cs\/wp-json\/wp\/v2\/product_cat?post=5524"},{"taxonomy":"product_tag","embeddable":true,"href":"https:\/\/www.hnhlcrane.com\/cs\/wp-json\/wp\/v2\/product_tag?post=5524"}],"curies":[{"name":"wp","href":"https:\/\/api.w.org\/{rel}","templated":true}]}}